{"id":18548,"date":"2021-04-21T16:46:33","date_gmt":"2021-04-21T14:46:33","guid":{"rendered":"https:\/\/www.idol.cz\/?post_type=product&#038;p=18548"},"modified":"2023-10-15T15:13:44","modified_gmt":"2023-10-15T13:13:44","slug":"laminatovy-filtr-vienna-ii","status":"publish","type":"product","link":"https:\/\/www.idol.cz\/es\/produkt\/e-shop\/nahradni-dily-na-virivky-a-swim-spa-bazeny-idol-spas\/filtrace\/piskova_filtrace\/laminatovy-filtr-vienna-ii\/","title":{"rendered":"Lamin\u00e1tov\u00fd filtr Vienna II"},"content":{"rendered":"\t\t<div data-elementor-type=\"product-post\" data-elementor-id=\"18548\" class=\"elementor elementor-18548\" data-elementor-post-type=\"product\">\n\t\t\t\t\t\t<section class=\"ob-is-breaking-bad elementor-section elementor-top-section elementor-element elementor-element-51d23585 elementor-section-boxed elementor-section-height-default elementor-section-height-default\" data-id=\"51d23585\" data-element_type=\"section\" data-settings=\"{&quot;_ob_bbad_use_it&quot;:&quot;yes&quot;,&quot;_ob_bbad_sssic_use&quot;:&quot;no&quot;}\">\n\t\t\t\t\t\t<div class=\"elementor-container elementor-column-gap-default\">\n\t\t\t\t\t<div class=\"elementor-column elementor-col-100 elementor-top-column elementor-element elementor-element-53c333fb\" data-id=\"53c333fb\" data-element_type=\"column\" data-settings=\"{&quot;_ob_bbad_is_stalker&quot;:&quot;no&quot;,&quot;_ob_teleporter_use&quot;:false}\">\n\t\t\t<div class=\"elementor-widget-wrap elementor-element-populated\">\n\t\t\t\t\t\t<div class=\"elementor-element elementor-element-4b47dfb6 ob-harakiri-inherit elementor-widget elementor-widget-text-editor\" data-id=\"4b47dfb6\" data-element_type=\"widget\" data-settings=\"{&quot;_ob_use_harakiri&quot;:&quot;yes&quot;,&quot;_ob_harakiri_writing_mode&quot;:&quot;inherit&quot;,&quot;_ob_widget_stalker_use&quot;:&quot;no&quot;}\" data-widget_type=\"text-editor.default\">\n\t\t\t\t\t\t\t\t\t<h3 style=\"letter-spacing: normal; text-align: left;\">Technick\u00e9 \u00fadaje&nbsp;<\/h3>\n<ul>\n<li>Rozm\u011bry&nbsp; &nbsp; &nbsp; &nbsp; &nbsp; &nbsp; &nbsp; &nbsp; &nbsp; &nbsp; &nbsp; &nbsp; &nbsp; &nbsp; &nbsp;D400 mm<\/li>\n<li>Mno\u017estv\u00ed n\u00e1pln\u011b&nbsp; &nbsp; &nbsp; &nbsp; &nbsp; &nbsp; &nbsp; &nbsp;40 kg<\/li><li style=\"padding-left: 16px; text-indent: -1em;\">Pr\u016fhledn\u00e9 v\u00edko&nbsp; &nbsp; &nbsp; &nbsp; &nbsp; &nbsp; &nbsp; &nbsp; &nbsp;D210 mm<\/li>\n<li style=\"padding-left: 16px; text-indent: -1em;\">Vyrobeno podle pr\u016fmyslov\u00fdch norem<\/li><li style=\"padding-left: 16px; text-indent: -1em;\">Odoln\u00e9 proti UV z\u00e1\u0159en\u00ed<\/li>\n<\/ul>\t\t\t\t\t\t\t\t<\/div>\n\t\t\t\t\t<\/div>\n\t\t<\/div>\n\t\t\t\t\t<\/div>\n\t\t<\/section>\n\t\t\t\t<\/div>\n\t\t","protected":false},"excerpt":{"rendered":"<p>P\u00edskov\u00e1 filtrace pro v\u00ed\u0159ivky, swim spa a baz\u00e9ny. S bo\u010dn\u00edm \u0161esticestn\u00fdm ventilem.<\/p>\n<p>Nejlep\u0161\u00ed volba pro men\u0161\u00ed v\u00ed\u0159ivky a baz\u00e9ny. D\u00edky bo\u010dn\u00edmu ventilu nevyhrazuje n\u00e1pl\u0148 a lehce se n\u00e1pl\u0148 m\u011bn\u00ed.<\/p>\n<p>Doporu\u010dujeme pou\u017e\u00edvat zeolit m\u00edsto klasick\u00e9ho p\u00edsku \u010di skla.<\/p>\n","protected":false},"featured_media":18550,"template":"","meta":[],"product_cat":[272,274],"product_tag":[],"class_list":{"0":"post-18548","1":"product","2":"type-product","3":"status-publish","4":"has-post-thumbnail","6":"product_cat-filtrace","7":"product_cat-piskova_filtrace","9":"first","10":"instock","11":"taxable","12":"shipping-taxable","13":"purchasable","14":"product-type-simple"},"yoast_head":"<!-- This site is optimized with the Yoast SEO Premium plugin v24.9 (Yoast SEO v24.9) - https:\/\/yoast.com\/wordpress\/plugins\/seo\/ -->\n<title>Lamin\u00e1tov\u00fd filtr Vienna II | p\u00edskov\u00e1 filtrace pro baz\u00e9ny, swim spa a v\u00ed\u0159ivky<\/title>\n<meta name=\"description\" content=\"P\u00edskov\u00e1 filtrace pro v\u00ed\u0159ivky swim spa a baz\u00e9ny. S bo\u010dn\u00edm ventilem.\" \/>\n<meta name=\"robots\" content=\"index, follow, max-snippet:-1, max-image-preview:large, max-video-preview:-1\" \/>\n<link rel=\"canonical\" href=\"https:\/\/www.idol.cz\/es\/produkt\/e-shop\/nahradni-dily-na-virivky-a-swim-spa-bazeny-idol-spas\/filtrace\/piskova_filtrace\/laminatovy-filtr-vienna-ii\/\" \/>\n<meta property=\"og:locale\" content=\"es_ES\" \/>\n<meta property=\"og:type\" content=\"article\" \/>\n<meta property=\"og:title\" content=\"Lamin\u00e1tov\u00fd filtr Vienna II\" \/>\n<meta property=\"og:description\" content=\"P\u00edskov\u00e1 filtrace pro v\u00ed\u0159ivky swim spa a baz\u00e9ny. S bo\u010dn\u00edm ventilem.\" \/>\n<meta property=\"og:url\" content=\"https:\/\/www.idol.cz\/es\/produkt\/e-shop\/nahradni-dily-na-virivky-a-swim-spa-bazeny-idol-spas\/filtrace\/piskova_filtrace\/laminatovy-filtr-vienna-ii\/\" \/>\n<meta property=\"og:site_name\" content=\"ba\u00f1eras de hidromasaje al aire libre, spa para nadar, piscinas\" \/>\n<meta property=\"article:publisher\" content=\"https:\/\/www.facebook.com\/IdolSpas\/\" \/>\n<meta property=\"article:modified_time\" content=\"2023-10-15T13:13:44+00:00\" \/>\n<meta property=\"og:image\" content=\"https:\/\/www.idol.cz\/wp-content\/uploads\/2021\/04\/Laminatovy-filtr-Vienna-II-400.jpg\" \/>\n\t<meta property=\"og:image:width\" content=\"700\" \/>\n\t<meta property=\"og:image:height\" content=\"500\" \/>\n\t<meta property=\"og:image:type\" content=\"image\/jpeg\" \/>\n<meta name=\"twitter:card\" content=\"summary_large_image\" \/>\n<script type=\"application\/ld+json\" class=\"yoast-schema-graph\">{\"@context\":\"https:\/\/schema.org\",\"@graph\":[{\"@type\":\"WebPage\",\"@id\":\"https:\/\/www.idol.cz\/es\/produkt\/e-shop\/nahradni-dily-na-virivky-a-swim-spa-bazeny-idol-spas\/filtrace\/piskova_filtrace\/laminatovy-filtr-vienna-ii\/\",\"url\":\"https:\/\/www.idol.cz\/es\/produkt\/e-shop\/nahradni-dily-na-virivky-a-swim-spa-bazeny-idol-spas\/filtrace\/piskova_filtrace\/laminatovy-filtr-vienna-ii\/\",\"name\":\"Lamin\u00e1tov\u00fd filtr Vienna II | p\u00edskov\u00e1 filtrace pro baz\u00e9ny, swim spa a v\u00ed\u0159ivky\",\"isPartOf\":{\"@id\":\"https:\/\/www.idol.cz\/es\/#website\"},\"primaryImageOfPage\":{\"@id\":\"https:\/\/www.idol.cz\/es\/produkt\/e-shop\/nahradni-dily-na-virivky-a-swim-spa-bazeny-idol-spas\/filtrace\/piskova_filtrace\/laminatovy-filtr-vienna-ii\/#primaryimage\"},\"image\":{\"@id\":\"https:\/\/www.idol.cz\/es\/produkt\/e-shop\/nahradni-dily-na-virivky-a-swim-spa-bazeny-idol-spas\/filtrace\/piskova_filtrace\/laminatovy-filtr-vienna-ii\/#primaryimage\"},\"thumbnailUrl\":\"https:\/\/www.idol.cz\/wp-content\/uploads\/2021\/04\/Laminatovy-filtr-Vienna-II-400-e1703949434263.jpg\",\"datePublished\":\"2021-04-21T14:46:33+00:00\",\"dateModified\":\"2023-10-15T13:13:44+00:00\",\"description\":\"P\u00edskov\u00e1 filtrace pro v\u00ed\u0159ivky swim spa a baz\u00e9ny. S bo\u010dn\u00edm ventilem.\",\"breadcrumb\":{\"@id\":\"https:\/\/www.idol.cz\/es\/produkt\/e-shop\/nahradni-dily-na-virivky-a-swim-spa-bazeny-idol-spas\/filtrace\/piskova_filtrace\/laminatovy-filtr-vienna-ii\/#breadcrumb\"},\"inLanguage\":\"es\",\"potentialAction\":[{\"@type\":\"ReadAction\",\"target\":[\"https:\/\/www.idol.cz\/es\/produkt\/e-shop\/nahradni-dily-na-virivky-a-swim-spa-bazeny-idol-spas\/filtrace\/piskova_filtrace\/laminatovy-filtr-vienna-ii\/\"]}]},{\"@type\":\"ImageObject\",\"inLanguage\":\"es\",\"@id\":\"https:\/\/www.idol.cz\/es\/produkt\/e-shop\/nahradni-dily-na-virivky-a-swim-spa-bazeny-idol-spas\/filtrace\/piskova_filtrace\/laminatovy-filtr-vienna-ii\/#primaryimage\",\"url\":\"https:\/\/www.idol.cz\/wp-content\/uploads\/2021\/04\/Laminatovy-filtr-Vienna-II-400-e1703949434263.jpg\",\"contentUrl\":\"https:\/\/www.idol.cz\/wp-content\/uploads\/2021\/04\/Laminatovy-filtr-Vienna-II-400-e1703949434263.jpg\",\"width\":500,\"height\":500,\"caption\":\"Lamin\u00e1tov\u00fd filtr Vienna II s \u0161esti-cestn\u00fdm ventilem (ru\u010dn\u00ed)\"},{\"@type\":\"BreadcrumbList\",\"@id\":\"https:\/\/www.idol.cz\/es\/produkt\/e-shop\/nahradni-dily-na-virivky-a-swim-spa-bazeny-idol-spas\/filtrace\/piskova_filtrace\/laminatovy-filtr-vienna-ii\/#breadcrumb\",\"itemListElement\":[{\"@type\":\"ListItem\",\"position\":1,\"name\":\"Dom\u016f\",\"item\":\"https:\/\/www.idol.cz\/es\/\"},{\"@type\":\"ListItem\",\"position\":2,\"name\":\"E-shop\",\"item\":\"https:\/\/www.idol.cz\/es\/tienda\/\"},{\"@type\":\"ListItem\",\"position\":3,\"name\":\"E-shop\",\"item\":\"https:\/\/www.idol.cz\/kategorie-produktu\/e-shop\/\"},{\"@type\":\"ListItem\",\"position\":4,\"name\":\"N\u00e1hradn\u00ed d\u00edly na v\u00ed\u0159ivky a swim spa baz\u00e9ny Idol spas\",\"item\":\"https:\/\/www.idol.cz\/kategorie-produktu\/e-shop\/nahradni-dily-na-virivky-a-swim-spa-bazeny-idol-spas\/\"},{\"@type\":\"ListItem\",\"position\":5,\"name\":\"Filtrace\",\"item\":\"https:\/\/www.idol.cz\/kategorie-produktu\/e-shop\/nahradni-dily-na-virivky-a-swim-spa-bazeny-idol-spas\/filtrace\/\"},{\"@type\":\"ListItem\",\"position\":6,\"name\":\"P\u00edskov\u00e1 filtrace\",\"item\":\"https:\/\/www.idol.cz\/kategorie-produktu\/e-shop\/nahradni-dily-na-virivky-a-swim-spa-bazeny-idol-spas\/filtrace\/piskova_filtrace\/\"},{\"@type\":\"ListItem\",\"position\":7,\"name\":\"Lamin\u00e1tov\u00fd filtr Vienna II\"}]},{\"@type\":\"WebSite\",\"@id\":\"https:\/\/www.idol.cz\/es\/#website\",\"url\":\"https:\/\/www.idol.cz\/es\/\",\"name\":\"v\u00ed\u0159ivky venkovn\u00ed, swim spa, baz\u00e9ny\",\"description\":\"Luxusn\u00ed \u010desk\u00e9 v\u00ed\u0159ivky a swim spa\",\"publisher\":{\"@id\":\"https:\/\/www.idol.cz\/es\/#organization\"},\"potentialAction\":[{\"@type\":\"SearchAction\",\"target\":{\"@type\":\"EntryPoint\",\"urlTemplate\":\"https:\/\/www.idol.cz\/es\/?s={search_term_string}\"},\"query-input\":{\"@type\":\"PropertyValueSpecification\",\"valueRequired\":true,\"valueName\":\"search_term_string\"}}],\"inLanguage\":\"es\"},{\"@type\":\"Organization\",\"@id\":\"https:\/\/www.idol.cz\/es\/#organization\",\"name\":\"IDOL SPAS, s.r.o.\",\"url\":\"https:\/\/www.idol.cz\/es\/\",\"logo\":{\"@type\":\"ImageObject\",\"inLanguage\":\"es\",\"@id\":\"https:\/\/www.idol.cz\/es\/#\/schema\/logo\/image\/\",\"url\":\"https:\/\/www.idol.cz\/wp-content\/uploads\/2020\/02\/idol-spas-logo.png\",\"contentUrl\":\"https:\/\/www.idol.cz\/wp-content\/uploads\/2020\/02\/idol-spas-logo.png\",\"width\":512,\"height\":206,\"caption\":\"IDOL SPAS, s.r.o.\"},\"image\":{\"@id\":\"https:\/\/www.idol.cz\/es\/#\/schema\/logo\/image\/\"},\"sameAs\":[\"https:\/\/www.facebook.com\/IdolSpas\/\"]}]}<\/script>\n<!-- \/ Yoast SEO Premium plugin. -->","yoast_head_json":{"title":"Lamin\u00e1tov\u00fd filtr Vienna II | p\u00edskov\u00e1 filtrace pro baz\u00e9ny, swim spa a v\u00ed\u0159ivky","description":"P\u00edskov\u00e1 filtrace pro v\u00ed\u0159ivky swim spa a baz\u00e9ny. S bo\u010dn\u00edm ventilem.","robots":{"index":"index","follow":"follow","max-snippet":"max-snippet:-1","max-image-preview":"max-image-preview:large","max-video-preview":"max-video-preview:-1"},"canonical":"https:\/\/www.idol.cz\/es\/produkt\/e-shop\/nahradni-dily-na-virivky-a-swim-spa-bazeny-idol-spas\/filtrace\/piskova_filtrace\/laminatovy-filtr-vienna-ii\/","og_locale":"es_ES","og_type":"article","og_title":"Lamin\u00e1tov\u00fd filtr Vienna II","og_description":"P\u00edskov\u00e1 filtrace pro v\u00ed\u0159ivky swim spa a baz\u00e9ny. S bo\u010dn\u00edm ventilem.","og_url":"https:\/\/www.idol.cz\/es\/produkt\/e-shop\/nahradni-dily-na-virivky-a-swim-spa-bazeny-idol-spas\/filtrace\/piskova_filtrace\/laminatovy-filtr-vienna-ii\/","og_site_name":"ba\u00f1eras de hidromasaje al aire libre, spa para nadar, piscinas","article_publisher":"https:\/\/www.facebook.com\/IdolSpas\/","article_modified_time":"2023-10-15T13:13:44+00:00","og_image":[{"width":700,"height":500,"url":"https:\/\/www.idol.cz\/wp-content\/uploads\/2021\/04\/Laminatovy-filtr-Vienna-II-400.jpg","type":"image\/jpeg"}],"twitter_card":"summary_large_image","schema":{"@context":"https:\/\/schema.org","@graph":[{"@type":"WebPage","@id":"https:\/\/www.idol.cz\/es\/produkt\/e-shop\/nahradni-dily-na-virivky-a-swim-spa-bazeny-idol-spas\/filtrace\/piskova_filtrace\/laminatovy-filtr-vienna-ii\/","url":"https:\/\/www.idol.cz\/es\/produkt\/e-shop\/nahradni-dily-na-virivky-a-swim-spa-bazeny-idol-spas\/filtrace\/piskova_filtrace\/laminatovy-filtr-vienna-ii\/","name":"Lamin\u00e1tov\u00fd filtr Vienna II | p\u00edskov\u00e1 filtrace pro baz\u00e9ny, swim spa a v\u00ed\u0159ivky","isPartOf":{"@id":"https:\/\/www.idol.cz\/es\/#website"},"primaryImageOfPage":{"@id":"https:\/\/www.idol.cz\/es\/produkt\/e-shop\/nahradni-dily-na-virivky-a-swim-spa-bazeny-idol-spas\/filtrace\/piskova_filtrace\/laminatovy-filtr-vienna-ii\/#primaryimage"},"image":{"@id":"https:\/\/www.idol.cz\/es\/produkt\/e-shop\/nahradni-dily-na-virivky-a-swim-spa-bazeny-idol-spas\/filtrace\/piskova_filtrace\/laminatovy-filtr-vienna-ii\/#primaryimage"},"thumbnailUrl":"https:\/\/www.idol.cz\/wp-content\/uploads\/2021\/04\/Laminatovy-filtr-Vienna-II-400-e1703949434263.jpg","datePublished":"2021-04-21T14:46:33+00:00","dateModified":"2023-10-15T13:13:44+00:00","description":"P\u00edskov\u00e1 filtrace pro v\u00ed\u0159ivky swim spa a baz\u00e9ny. S bo\u010dn\u00edm ventilem.","breadcrumb":{"@id":"https:\/\/www.idol.cz\/es\/produkt\/e-shop\/nahradni-dily-na-virivky-a-swim-spa-bazeny-idol-spas\/filtrace\/piskova_filtrace\/laminatovy-filtr-vienna-ii\/#breadcrumb"},"inLanguage":"es","potentialAction":[{"@type":"ReadAction","target":["https:\/\/www.idol.cz\/es\/produkt\/e-shop\/nahradni-dily-na-virivky-a-swim-spa-bazeny-idol-spas\/filtrace\/piskova_filtrace\/laminatovy-filtr-vienna-ii\/"]}]},{"@type":"ImageObject","inLanguage":"es","@id":"https:\/\/www.idol.cz\/es\/produkt\/e-shop\/nahradni-dily-na-virivky-a-swim-spa-bazeny-idol-spas\/filtrace\/piskova_filtrace\/laminatovy-filtr-vienna-ii\/#primaryimage","url":"https:\/\/www.idol.cz\/wp-content\/uploads\/2021\/04\/Laminatovy-filtr-Vienna-II-400-e1703949434263.jpg","contentUrl":"https:\/\/www.idol.cz\/wp-content\/uploads\/2021\/04\/Laminatovy-filtr-Vienna-II-400-e1703949434263.jpg","width":500,"height":500,"caption":"Lamin\u00e1tov\u00fd filtr Vienna II s \u0161esti-cestn\u00fdm ventilem (ru\u010dn\u00ed)"},{"@type":"BreadcrumbList","@id":"https:\/\/www.idol.cz\/es\/produkt\/e-shop\/nahradni-dily-na-virivky-a-swim-spa-bazeny-idol-spas\/filtrace\/piskova_filtrace\/laminatovy-filtr-vienna-ii\/#breadcrumb","itemListElement":[{"@type":"ListItem","position":1,"name":"Dom\u016f","item":"https:\/\/www.idol.cz\/es\/"},{"@type":"ListItem","position":2,"name":"E-shop","item":"https:\/\/www.idol.cz\/es\/tienda\/"},{"@type":"ListItem","position":3,"name":"E-shop","item":"https:\/\/www.idol.cz\/kategorie-produktu\/e-shop\/"},{"@type":"ListItem","position":4,"name":"N\u00e1hradn\u00ed d\u00edly na v\u00ed\u0159ivky a swim spa baz\u00e9ny Idol spas","item":"https:\/\/www.idol.cz\/kategorie-produktu\/e-shop\/nahradni-dily-na-virivky-a-swim-spa-bazeny-idol-spas\/"},{"@type":"ListItem","position":5,"name":"Filtrace","item":"https:\/\/www.idol.cz\/kategorie-produktu\/e-shop\/nahradni-dily-na-virivky-a-swim-spa-bazeny-idol-spas\/filtrace\/"},{"@type":"ListItem","position":6,"name":"P\u00edskov\u00e1 filtrace","item":"https:\/\/www.idol.cz\/kategorie-produktu\/e-shop\/nahradni-dily-na-virivky-a-swim-spa-bazeny-idol-spas\/filtrace\/piskova_filtrace\/"},{"@type":"ListItem","position":7,"name":"Lamin\u00e1tov\u00fd filtr Vienna II"}]},{"@type":"WebSite","@id":"https:\/\/www.idol.cz\/es\/#website","url":"https:\/\/www.idol.cz\/es\/","name":"v\u00ed\u0159ivky venkovn\u00ed, swim spa, baz\u00e9ny","description":"Luxusn\u00ed \u010desk\u00e9 v\u00ed\u0159ivky a swim spa","publisher":{"@id":"https:\/\/www.idol.cz\/es\/#organization"},"potentialAction":[{"@type":"SearchAction","target":{"@type":"EntryPoint","urlTemplate":"https:\/\/www.idol.cz\/es\/?s={search_term_string}"},"query-input":{"@type":"PropertyValueSpecification","valueRequired":true,"valueName":"search_term_string"}}],"inLanguage":"es"},{"@type":"Organization","@id":"https:\/\/www.idol.cz\/es\/#organization","name":"IDOL SPAS, s.r.o.","url":"https:\/\/www.idol.cz\/es\/","logo":{"@type":"ImageObject","inLanguage":"es","@id":"https:\/\/www.idol.cz\/es\/#\/schema\/logo\/image\/","url":"https:\/\/www.idol.cz\/wp-content\/uploads\/2020\/02\/idol-spas-logo.png","contentUrl":"https:\/\/www.idol.cz\/wp-content\/uploads\/2020\/02\/idol-spas-logo.png","width":512,"height":206,"caption":"IDOL SPAS, s.r.o."},"image":{"@id":"https:\/\/www.idol.cz\/es\/#\/schema\/logo\/image\/"},"sameAs":["https:\/\/www.facebook.com\/IdolSpas\/"]}]}},"_links":{"self":[{"href":"https:\/\/www.idol.cz\/es\/wp-json\/wp\/v2\/product\/18548"}],"collection":[{"href":"https:\/\/www.idol.cz\/es\/wp-json\/wp\/v2\/product"}],"about":[{"href":"https:\/\/www.idol.cz\/es\/wp-json\/wp\/v2\/types\/product"}],"wp:featuredmedia":[{"embeddable":true,"href":"https:\/\/www.idol.cz\/es\/wp-json\/wp\/v2\/media\/18550"}],"wp:attachment":[{"href":"https:\/\/www.idol.cz\/es\/wp-json\/wp\/v2\/media?parent=18548"}],"wp:term":[{"taxonomy":"product_cat","embeddable":true,"href":"https:\/\/www.idol.cz\/es\/wp-json\/wp\/v2\/product_cat?post=18548"},{"taxonomy":"product_tag","embeddable":true,"href":"https:\/\/www.idol.cz\/es\/wp-json\/wp\/v2\/product_tag?post=18548"}],"curies":[{"name":"wp","href":"https:\/\/api.w.org\/{rel}","templated":true}]}}