{"id":20197,"date":"2022-06-04T14:49:07","date_gmt":"2022-09-10T12:32:31","guid":{"rendered":"https:\/\/www.idol.cz\/produkt\/sin categor\u00eda\/bomba-de-calor-para-hidromasajes-piscinas-de-spa-norma-5kw\/"},"modified":"2022-09-10T14:32:31","modified_gmt":"2022-09-10T12:32:31","slug":"teplelne-cerpadlo-pro-virivky-swim-spa-bazeny-norm-5kw-2","status":"publish","type":"product","link":"https:\/\/www.idol.cz\/es\/produkt\/bombas-de-calor\/teplelne-cerpadlo-pro-virivky-swim-spa-bazeny-norm-5kw-2\/","title":{"rendered":"Bomba de calor para hidromasajes, piscinas de spa. Norma 5kw"},"content":{"rendered":"<p>Bomba de calor; Color: Blanco; Material: Acero chapado; Salida de calor: 5kW; Refrigeraci\u00f3n: S\u00ed; Volumen de piscina recomendado: &lt; 25 m3; Conexi\u00f3n: 50 mm; Descongelaci\u00f3n: S\u00ed; Refrigerante usado: R32; Voltaje: 230V; Eficiencia: 5,2 C.O.P.<\/p>\n<p><strong>Nuevo dise\u00f1o para la bomba de calor NORM: en lugar de un \u00abchasis\u00bb de pl\u00e1stico, se utiliz\u00f3 acero chapado y se utiliz\u00f3 el refrigerante R32.<\/strong><\/p>\n<p>La bomba <strong>de calor para<\/strong> piscinas NORM ofrece un alto ahorro de energ\u00eda en comparaci\u00f3n con los m\u00e9todos tradicionales de calefacci\u00f3n de piscinas. La diferencia es un alto <strong>ahorro de energ\u00eda<\/strong> al extraer calor del aire.<\/p>\n<p>El principio de extracci\u00f3n de calor de una bomba de calor de aire es la transferencia de energ\u00eda t\u00e9rmica del aire al refrigerante superenfriado dentro de la bomba de calor. Exprimir el refrigerante con un compresor produce calor, que utilizamos para calentar el agua de la piscina.<\/p>\n<table border=\"1\" width=\"1083\" cellspacing=\"0\" cellpadding=\"0\">\n<colgroup>\n<col>\n<col><\/colgroup>\n<tbody>\n<tr>\n<td colspan=\"2\"><strong>Salida de calor: Aire 27 \u00b0C \/ Agua 26 \u00b0C \/ Humedad 80 %<\/strong><\/td>\n<\/tr>\n<tr>\n<td height=\"21\">Potencia calor\u00edfica (kW<\/td>\n<td>5<\/td>\n<\/tr>\n<tr>\n<td height=\"21\">C.O.P.<\/td>\n<td>5,2<\/td>\n<\/tr>\n<tr>\n<td height=\"21\">Consumo de energ\u00eda (kW)<\/td>\n<td>0,96<\/td>\n<\/tr>\n<tr>\n<td colspan=\"2\"><strong>Salida de calor: Aire 24 \u00b0C \/ Agua 26 \u00b0C \/ Humedad 62 %<\/strong><\/td>\n<\/tr>\n<tr>\n<td height=\"21\">Potencia calor\u00edfica (kW<\/td>\n<td>4,4<\/td>\n<\/tr>\n<tr>\n<td height=\"21\">C.O.P.<\/td>\n<td>4,8<\/td>\n<\/tr>\n<tr>\n<td height=\"21\">Consumo de energ\u00eda (kW)<\/td>\n<td>0,91<\/td>\n<\/tr>\n<tr>\n<td colspan=\"2\"><strong>Salida de calor: Aire 15 \u00b0C \/ Agua 26 \u00b0C \/ Humedad 70 %<\/strong><\/td>\n<\/tr>\n<tr>\n<td height=\"21\">Potencia calor\u00edfica (kW<\/td>\n<td>3,4<\/td>\n<\/tr>\n<tr>\n<td height=\"21\">C.O.P.<\/td>\n<td>3,8<\/td>\n<\/tr>\n<tr>\n<td height=\"21\">Consumo de energ\u00eda (kW)<\/td>\n<td>0,9<\/td>\n<\/tr>\n<\/tbody>\n<\/table>\n<p>&nbsp;<\/p>\n<h2>Par\u00e1metros t\u00e9cnicos<\/h2>\n<table id=\"techparams\" class=\"webproduct_ltext_table\">\n<tbody>\n<tr>\n<th>Tipo de producto:<\/th>\n<td>Bomba de calor para hidromasajes y piscinas de hidromasaje<\/td>\n<\/tr>\n<tr>\n<th>Color:<\/th>\n<td>Blanco<\/td>\n<\/tr>\n<tr>\n<th>Material:<\/th>\n<td>Acero chapado<\/td>\n<\/tr>\n<tr>\n<th>Salida de calor:<\/th>\n<td>5 kW<\/td>\n<\/tr>\n<tr>\n<th>Enfriamiento:<\/th>\n<td>S\u00ed<\/td>\n<\/tr>\n<tr>\n<th>Volumen de piscina recomendado:<\/th>\n<td>&lt;  25 m3<\/td>\n<\/tr>\n<tr>\n<th>Conexi\u00f3n:<\/th>\n<td>50 mil\u00edmetros<\/td>\n<\/tr>\n<tr>\n<th>Descongelaci\u00f3n:<\/th>\n<td>S\u00ed<\/td>\n<\/tr>\n<tr>\n<th>Refrigerante utilizado:<\/th>\n<td>R32<\/td>\n<\/tr>\n<tr>\n<th>Tensi\u00f3n:<\/th>\n<td>230 V<\/td>\n<\/tr>\n<tr>\n<th>Efectividad:<\/th>\n<td>5.2 C.O.P.<\/td>\n<\/tr>\n<tr>\n<th>Material del cuerpo:<\/th>\n<td>Acero chapado<\/td>\n<\/tr>\n<tr>\n<th>Per\u00edodo de garant\u00eda:<\/th>\n<td>2 a\u00f1os<\/td>\n<\/tr>\n<tr>\n<th>Para agua salada superior a 5 g\/l (&gt;0,5%):<\/th>\n<td>S\u00ed<\/td>\n<\/tr>\n<tr>\n<th>El. v\u00e1lvula de expansi\u00f3n:<\/th>\n<td>S\u00ed<\/td>\n<\/tr>\n<tr>\n<th>Compresor:<\/th>\n<td>Rotativo incorporado<\/td>\n<\/tr>\n<tr>\n<th>Peso neto\/de transporte kg:<\/th>\n<td>52 kg<\/td>\n<\/tr>\n<tr>\n<th>Vataje:<\/th>\n<td>0,96 kW<\/td>\n<\/tr>\n<tr>\n<th>Ruido:<\/th>\n<td>&lt;51 dB<\/td>\n<\/tr>\n<tr>\n<th>Temperatura de funcionamiento:<\/th>\n<td>-7 a +43 \u00b0C<\/td>\n<\/tr>\n<tr>\n<th>Monitoreo de flujo:<\/th>\n<td>S\u00ed<\/td>\n<\/tr>\n<tr>\n<th>Titulares:<\/th>\n<td>No<\/td>\n<\/tr>\n<tr>\n<th>Material en espiral:<\/th>\n<td>Titanio<\/td>\n<\/tr>\n<tr>\n<th>Para el agua de mar:<\/th>\n<td>S\u00ed<\/td>\n<\/tr>\n<tr>\n<th>M\u00e1ximo. Temperatura de trabajo:<\/th>\n<td>43 \u00b0C<\/td>\n<\/tr>\n<tr>\n<th>Circuito de presi\u00f3n soldado con plata:<\/th>\n<td>S\u00ed<\/td>\n<\/tr>\n<tr>\n<th>F\u00e1cil instalaci\u00f3n:<\/th>\n<td>S\u00ed<\/td>\n<\/tr>\n<tr>\n<th>Rendimiento:<\/th>\n<td>6 kW<\/td>\n<\/tr>\n<tr>\n<th>Fluir:<\/th>\n<td>2,2 m3\/h<\/td>\n<\/tr>\n<tr>\n<th>Intercambiador de calor:<\/th>\n<td>Titanio<\/td>\n<\/tr>\n<tr>\n<th>Caudal de agua recomendado:<\/th>\n<td>4-12 m3\/h<\/td>\n<\/tr>\n<tr>\n<th>Panel de control digital:<\/th>\n<td>S\u00ed<\/td>\n<\/tr>\n<\/tbody>\n<\/table>\n","protected":false},"excerpt":{"rendered":"<p>Bomba de calor; Color: Blanco; Material: Acero chapado; Salida de calor: 5kW; Refrigeraci\u00f3n: S\u00ed; Volumen de piscina recomendado: &lt; 25 m3; Conexi\u00f3n: 50 mm; Descongelaci\u00f3n: S\u00ed; Refrigerante usado: R32; Voltaje: 230V; Eficiencia: 5,2 C.O.P. Nuevo dise\u00f1o para la bomba de calor NORM: en lugar de un \u00abchasis\u00bb de pl\u00e1stico, se utiliz\u00f3 acero chapado y se [&hellip;]<\/p>\n","protected":false},"featured_media":19448,"template":"","meta":[],"product_cat":[324],"product_tag":[],"class_list":{"0":"post-20197","1":"product","2":"type-product","3":"status-publish","4":"has-post-thumbnail","6":"product_cat-bombas-de-calor","8":"first","9":"instock","10":"taxable","11":"shipping-taxable","12":"purchasable","13":"product-type-simple"},"yoast_head":"<!-- This site is optimized with the Yoast SEO Premium plugin v24.9 (Yoast SEO v24.9) - https:\/\/yoast.com\/wordpress\/plugins\/seo\/ -->\n<title>Bomba de calor para hidromasajes, piscinas de spa. Norma 5kw | ba\u00f1eras de hidromasaje al aire libre, spa para nadar, piscinas<\/title>\n<meta name=\"description\" content=\"Bomba de calor para hidromasajes y piscinas de hidromasaje. Ahorro energ\u00e9tico.\" \/>\n<meta name=\"robots\" content=\"index, follow, max-snippet:-1, max-image-preview:large, max-video-preview:-1\" \/>\n<link rel=\"canonical\" href=\"https:\/\/www.idol.cz\/es\/produkt\/bombas-de-calor\/teplelne-cerpadlo-pro-virivky-swim-spa-bazeny-norm-5kw-2\/\" \/>\n<meta property=\"og:locale\" content=\"es_ES\" \/>\n<meta property=\"og:type\" content=\"article\" \/>\n<meta property=\"og:title\" content=\"Bomba de calor para hidromasajes, piscinas de spa. Norma 5kw\" \/>\n<meta property=\"og:description\" content=\"Bomba de calor para hidromasajes y piscinas de hidromasaje. Ahorro energ\u00e9tico.\" \/>\n<meta property=\"og:url\" content=\"https:\/\/www.idol.cz\/es\/produkt\/bombas-de-calor\/teplelne-cerpadlo-pro-virivky-swim-spa-bazeny-norm-5kw-2\/\" \/>\n<meta property=\"og:site_name\" content=\"ba\u00f1eras de hidromasaje al aire libre, spa para nadar, piscinas\" \/>\n<meta property=\"article:publisher\" content=\"https:\/\/www.facebook.com\/IdolSpas\/\" \/>\n<meta property=\"og:image\" content=\"https:\/\/www.idol.cz\/wp-content\/uploads\/2022\/06\/normfront-virivky-swim-spa.jpeg\" \/>\n\t<meta property=\"og:image:width\" content=\"1280\" \/>\n\t<meta property=\"og:image:height\" content=\"919\" \/>\n\t<meta property=\"og:image:type\" content=\"image\/jpeg\" \/>\n<meta name=\"twitter:card\" content=\"summary_large_image\" \/>\n<meta name=\"twitter:label1\" content=\"Tiempo de lectura\" \/>\n\t<meta name=\"twitter:data1\" content=\"2 minutos\" \/>\n<script type=\"application\/ld+json\" class=\"yoast-schema-graph\">{\"@context\":\"https:\/\/schema.org\",\"@graph\":[{\"@type\":\"WebPage\",\"@id\":\"https:\/\/www.idol.cz\/es\/produkt\/bombas-de-calor\/teplelne-cerpadlo-pro-virivky-swim-spa-bazeny-norm-5kw-2\/\",\"url\":\"https:\/\/www.idol.cz\/es\/produkt\/bombas-de-calor\/teplelne-cerpadlo-pro-virivky-swim-spa-bazeny-norm-5kw-2\/\",\"name\":\"Bomba de calor para hidromasajes, piscinas de spa. Norma 5kw | ba\u00f1eras de hidromasaje al aire libre, spa para nadar, piscinas\",\"isPartOf\":{\"@id\":\"https:\/\/www.idol.cz\/es\/#website\"},\"primaryImageOfPage\":{\"@id\":\"https:\/\/www.idol.cz\/es\/produkt\/bombas-de-calor\/teplelne-cerpadlo-pro-virivky-swim-spa-bazeny-norm-5kw-2\/#primaryimage\"},\"image\":{\"@id\":\"https:\/\/www.idol.cz\/es\/produkt\/bombas-de-calor\/teplelne-cerpadlo-pro-virivky-swim-spa-bazeny-norm-5kw-2\/#primaryimage\"},\"thumbnailUrl\":\"https:\/\/www.idol.cz\/wp-content\/uploads\/2022\/06\/normfront-virivky-swim-spa-e1703950012867.jpeg\",\"datePublished\":\"2022-09-10T12:32:31+00:00\",\"description\":\"Bomba de calor para hidromasajes y piscinas de hidromasaje. Ahorro energ\u00e9tico.\",\"breadcrumb\":{\"@id\":\"https:\/\/www.idol.cz\/es\/produkt\/bombas-de-calor\/teplelne-cerpadlo-pro-virivky-swim-spa-bazeny-norm-5kw-2\/#breadcrumb\"},\"inLanguage\":\"es\",\"potentialAction\":[{\"@type\":\"ReadAction\",\"target\":[\"https:\/\/www.idol.cz\/es\/produkt\/bombas-de-calor\/teplelne-cerpadlo-pro-virivky-swim-spa-bazeny-norm-5kw-2\/\"]}]},{\"@type\":\"ImageObject\",\"inLanguage\":\"es\",\"@id\":\"https:\/\/www.idol.cz\/es\/produkt\/bombas-de-calor\/teplelne-cerpadlo-pro-virivky-swim-spa-bazeny-norm-5kw-2\/#primaryimage\",\"url\":\"https:\/\/www.idol.cz\/wp-content\/uploads\/2022\/06\/normfront-virivky-swim-spa-e1703950012867.jpeg\",\"contentUrl\":\"https:\/\/www.idol.cz\/wp-content\/uploads\/2022\/06\/normfront-virivky-swim-spa-e1703950012867.jpeg\",\"width\":1280,\"height\":919,\"caption\":\"bomba de calor de hidromasaje, piscinas de spa de ping\u00fcinos\"},{\"@type\":\"BreadcrumbList\",\"@id\":\"https:\/\/www.idol.cz\/es\/produkt\/bombas-de-calor\/teplelne-cerpadlo-pro-virivky-swim-spa-bazeny-norm-5kw-2\/#breadcrumb\",\"itemListElement\":[{\"@type\":\"ListItem\",\"position\":1,\"name\":\"Dom\u016f\",\"item\":\"https:\/\/www.idol.cz\/es\/\"},{\"@type\":\"ListItem\",\"position\":2,\"name\":\"E-shop\",\"item\":\"https:\/\/www.idol.cz\/es\/tienda\/\"},{\"@type\":\"ListItem\",\"position\":3,\"name\":\"E-shop\",\"item\":\"https:\/\/www.idol.cz\/kategorie-produktu\/e-shop\/\"},{\"@type\":\"ListItem\",\"position\":4,\"name\":\"P\u0159\u00edslu\u0161enstv\u00ed k v\u00ed\u0159ivk\u00e1m a baz\u00e9n\u016fm.\",\"item\":\"https:\/\/www.idol.cz\/kategorie-produktu\/e-shop\/prislusenstvi-k-virivkam-a-bazenum\/\"},{\"@type\":\"ListItem\",\"position\":5,\"name\":\"Bombas de calor\",\"item\":\"https:\/\/www.idol.cz\/es\/kategorie-produktu\/bombas-de-calor\/\"},{\"@type\":\"ListItem\",\"position\":6,\"name\":\"Bomba de calor para hidromasajes, piscinas de spa. Norma 5kw\"}]},{\"@type\":\"WebSite\",\"@id\":\"https:\/\/www.idol.cz\/es\/#website\",\"url\":\"https:\/\/www.idol.cz\/es\/\",\"name\":\"v\u00ed\u0159ivky venkovn\u00ed, swim spa, baz\u00e9ny\",\"description\":\"Luxusn\u00ed \u010desk\u00e9 v\u00ed\u0159ivky a swim spa\",\"publisher\":{\"@id\":\"https:\/\/www.idol.cz\/es\/#organization\"},\"potentialAction\":[{\"@type\":\"SearchAction\",\"target\":{\"@type\":\"EntryPoint\",\"urlTemplate\":\"https:\/\/www.idol.cz\/es\/?s={search_term_string}\"},\"query-input\":{\"@type\":\"PropertyValueSpecification\",\"valueRequired\":true,\"valueName\":\"search_term_string\"}}],\"inLanguage\":\"es\"},{\"@type\":\"Organization\",\"@id\":\"https:\/\/www.idol.cz\/es\/#organization\",\"name\":\"IDOL SPAS, s.r.o.\",\"url\":\"https:\/\/www.idol.cz\/es\/\",\"logo\":{\"@type\":\"ImageObject\",\"inLanguage\":\"es\",\"@id\":\"https:\/\/www.idol.cz\/es\/#\/schema\/logo\/image\/\",\"url\":\"https:\/\/www.idol.cz\/wp-content\/uploads\/2020\/02\/idol-spas-logo.png\",\"contentUrl\":\"https:\/\/www.idol.cz\/wp-content\/uploads\/2020\/02\/idol-spas-logo.png\",\"width\":512,\"height\":206,\"caption\":\"IDOL SPAS, s.r.o.\"},\"image\":{\"@id\":\"https:\/\/www.idol.cz\/es\/#\/schema\/logo\/image\/\"},\"sameAs\":[\"https:\/\/www.facebook.com\/IdolSpas\/\"]}]}<\/script>\n<!-- \/ Yoast SEO Premium plugin. -->","yoast_head_json":{"title":"Bomba de calor para hidromasajes, piscinas de spa. Norma 5kw | ba\u00f1eras de hidromasaje al aire libre, spa para nadar, piscinas","description":"Bomba de calor para hidromasajes y piscinas de hidromasaje. Ahorro energ\u00e9tico.","robots":{"index":"index","follow":"follow","max-snippet":"max-snippet:-1","max-image-preview":"max-image-preview:large","max-video-preview":"max-video-preview:-1"},"canonical":"https:\/\/www.idol.cz\/es\/produkt\/bombas-de-calor\/teplelne-cerpadlo-pro-virivky-swim-spa-bazeny-norm-5kw-2\/","og_locale":"es_ES","og_type":"article","og_title":"Bomba de calor para hidromasajes, piscinas de spa. Norma 5kw","og_description":"Bomba de calor para hidromasajes y piscinas de hidromasaje. Ahorro energ\u00e9tico.","og_url":"https:\/\/www.idol.cz\/es\/produkt\/bombas-de-calor\/teplelne-cerpadlo-pro-virivky-swim-spa-bazeny-norm-5kw-2\/","og_site_name":"ba\u00f1eras de hidromasaje al aire libre, spa para nadar, piscinas","article_publisher":"https:\/\/www.facebook.com\/IdolSpas\/","og_image":[{"width":1280,"height":919,"url":"https:\/\/www.idol.cz\/wp-content\/uploads\/2022\/06\/normfront-virivky-swim-spa.jpeg","type":"image\/jpeg"}],"twitter_card":"summary_large_image","twitter_misc":{"Tiempo de lectura":"2 minutos"},"schema":{"@context":"https:\/\/schema.org","@graph":[{"@type":"WebPage","@id":"https:\/\/www.idol.cz\/es\/produkt\/bombas-de-calor\/teplelne-cerpadlo-pro-virivky-swim-spa-bazeny-norm-5kw-2\/","url":"https:\/\/www.idol.cz\/es\/produkt\/bombas-de-calor\/teplelne-cerpadlo-pro-virivky-swim-spa-bazeny-norm-5kw-2\/","name":"Bomba de calor para hidromasajes, piscinas de spa. Norma 5kw | ba\u00f1eras de hidromasaje al aire libre, spa para nadar, piscinas","isPartOf":{"@id":"https:\/\/www.idol.cz\/es\/#website"},"primaryImageOfPage":{"@id":"https:\/\/www.idol.cz\/es\/produkt\/bombas-de-calor\/teplelne-cerpadlo-pro-virivky-swim-spa-bazeny-norm-5kw-2\/#primaryimage"},"image":{"@id":"https:\/\/www.idol.cz\/es\/produkt\/bombas-de-calor\/teplelne-cerpadlo-pro-virivky-swim-spa-bazeny-norm-5kw-2\/#primaryimage"},"thumbnailUrl":"https:\/\/www.idol.cz\/wp-content\/uploads\/2022\/06\/normfront-virivky-swim-spa-e1703950012867.jpeg","datePublished":"2022-09-10T12:32:31+00:00","description":"Bomba de calor para hidromasajes y piscinas de hidromasaje. Ahorro energ\u00e9tico.","breadcrumb":{"@id":"https:\/\/www.idol.cz\/es\/produkt\/bombas-de-calor\/teplelne-cerpadlo-pro-virivky-swim-spa-bazeny-norm-5kw-2\/#breadcrumb"},"inLanguage":"es","potentialAction":[{"@type":"ReadAction","target":["https:\/\/www.idol.cz\/es\/produkt\/bombas-de-calor\/teplelne-cerpadlo-pro-virivky-swim-spa-bazeny-norm-5kw-2\/"]}]},{"@type":"ImageObject","inLanguage":"es","@id":"https:\/\/www.idol.cz\/es\/produkt\/bombas-de-calor\/teplelne-cerpadlo-pro-virivky-swim-spa-bazeny-norm-5kw-2\/#primaryimage","url":"https:\/\/www.idol.cz\/wp-content\/uploads\/2022\/06\/normfront-virivky-swim-spa-e1703950012867.jpeg","contentUrl":"https:\/\/www.idol.cz\/wp-content\/uploads\/2022\/06\/normfront-virivky-swim-spa-e1703950012867.jpeg","width":1280,"height":919,"caption":"bomba de calor de hidromasaje, piscinas de spa de ping\u00fcinos"},{"@type":"BreadcrumbList","@id":"https:\/\/www.idol.cz\/es\/produkt\/bombas-de-calor\/teplelne-cerpadlo-pro-virivky-swim-spa-bazeny-norm-5kw-2\/#breadcrumb","itemListElement":[{"@type":"ListItem","position":1,"name":"Dom\u016f","item":"https:\/\/www.idol.cz\/es\/"},{"@type":"ListItem","position":2,"name":"E-shop","item":"https:\/\/www.idol.cz\/es\/tienda\/"},{"@type":"ListItem","position":3,"name":"E-shop","item":"https:\/\/www.idol.cz\/kategorie-produktu\/e-shop\/"},{"@type":"ListItem","position":4,"name":"P\u0159\u00edslu\u0161enstv\u00ed k v\u00ed\u0159ivk\u00e1m a baz\u00e9n\u016fm.","item":"https:\/\/www.idol.cz\/kategorie-produktu\/e-shop\/prislusenstvi-k-virivkam-a-bazenum\/"},{"@type":"ListItem","position":5,"name":"Bombas de calor","item":"https:\/\/www.idol.cz\/es\/kategorie-produktu\/bombas-de-calor\/"},{"@type":"ListItem","position":6,"name":"Bomba de calor para hidromasajes, piscinas de spa. Norma 5kw"}]},{"@type":"WebSite","@id":"https:\/\/www.idol.cz\/es\/#website","url":"https:\/\/www.idol.cz\/es\/","name":"v\u00ed\u0159ivky venkovn\u00ed, swim spa, baz\u00e9ny","description":"Luxusn\u00ed \u010desk\u00e9 v\u00ed\u0159ivky a swim spa","publisher":{"@id":"https:\/\/www.idol.cz\/es\/#organization"},"potentialAction":[{"@type":"SearchAction","target":{"@type":"EntryPoint","urlTemplate":"https:\/\/www.idol.cz\/es\/?s={search_term_string}"},"query-input":{"@type":"PropertyValueSpecification","valueRequired":true,"valueName":"search_term_string"}}],"inLanguage":"es"},{"@type":"Organization","@id":"https:\/\/www.idol.cz\/es\/#organization","name":"IDOL SPAS, s.r.o.","url":"https:\/\/www.idol.cz\/es\/","logo":{"@type":"ImageObject","inLanguage":"es","@id":"https:\/\/www.idol.cz\/es\/#\/schema\/logo\/image\/","url":"https:\/\/www.idol.cz\/wp-content\/uploads\/2020\/02\/idol-spas-logo.png","contentUrl":"https:\/\/www.idol.cz\/wp-content\/uploads\/2020\/02\/idol-spas-logo.png","width":512,"height":206,"caption":"IDOL SPAS, s.r.o."},"image":{"@id":"https:\/\/www.idol.cz\/es\/#\/schema\/logo\/image\/"},"sameAs":["https:\/\/www.facebook.com\/IdolSpas\/"]}]}},"_links":{"self":[{"href":"https:\/\/www.idol.cz\/es\/wp-json\/wp\/v2\/product\/20197"}],"collection":[{"href":"https:\/\/www.idol.cz\/es\/wp-json\/wp\/v2\/product"}],"about":[{"href":"https:\/\/www.idol.cz\/es\/wp-json\/wp\/v2\/types\/product"}],"wp:featuredmedia":[{"embeddable":true,"href":"https:\/\/www.idol.cz\/es\/wp-json\/wp\/v2\/media\/19448"}],"wp:attachment":[{"href":"https:\/\/www.idol.cz\/es\/wp-json\/wp\/v2\/media?parent=20197"}],"wp:term":[{"taxonomy":"product_cat","embeddable":true,"href":"https:\/\/www.idol.cz\/es\/wp-json\/wp\/v2\/product_cat?post=20197"},{"taxonomy":"product_tag","embeddable":true,"href":"https:\/\/www.idol.cz\/es\/wp-json\/wp\/v2\/product_tag?post=20197"}],"curies":[{"name":"wp","href":"https:\/\/api.w.org\/{rel}","templated":true}]}}