{"id":20203,"date":"2022-06-04T14:09:23","date_gmt":"2022-09-10T12:32:32","guid":{"rendered":"https:\/\/www.idol.cz\/produkt\/sin categor\u00eda\/bomba-de-calor-para-hidromasajes-piscinas-de-spa-norma-mini-cubo-3-5-kw\/"},"modified":"2022-09-10T14:32:32","modified_gmt":"2022-09-10T12:32:32","slug":"teplelne-cerpadlo-pro-virivky-swim-spa-bazeny-norm-mini-cube-35-kw-2","status":"publish","type":"product","link":"https:\/\/www.idol.cz\/es\/produkt\/jacuzzi-es\/otras-opciones-de-banera-de-hidromasaje\/teplelne-cerpadlo-pro-virivky-swim-spa-bazeny-norm-mini-cube-35-kw-2\/","title":{"rendered":"Bomba de calor para hidromasajes, piscinas de spa. Norma mini cubo 3.5 kw"},"content":{"rendered":"<p><strong>Bomba de calor para hidromasajes, piscinas de spa NORM MINI CUBE<\/strong><\/p>\n<p>Con sus dimensiones compactas y su rendimiento, el Norm MINI CUBE es adecuado para su uso en peque\u00f1as piscinas privadas o jacuzzis, jacuzzis y piscinas de spa.<br \/>\nSe puede controlar de forma remota por tel\u00e9fono inteligente (Bluetooth) utilizando la aplicaci\u00f3n \u00abAQUA TEMP\u00bb<\/p>\n<ul>\n<li>C.O.P. hasta 4,9<\/li>\n<li>La bomba de calor se puede controlar a trav\u00e9s de Bluetooth<\/li>\n<li>Temperatura de funcionamiento: +10 a +43 \u00b0C<\/li>\n<li>Inosculaci\u00f3n:\n<ul>\n<li>Mandril de manguera 32\/38 mm<\/li>\n<li>Accesorios 32-50 mm<\/li>\n<\/ul>\n<\/li>\n<li>Para peque\u00f1as ba\u00f1eras de hidromasaje, piscinas de spa y jacuzzis<\/li>\n<\/ul>\n<p>&nbsp;<\/p>\n<h2>Par\u00e1metros t\u00e9cnicos<\/h2>\n<table id=\"techparams\" class=\"webproduct_ltext_table\">\n<tbody>\n<tr>\n<th>Tipo de producto:<\/th>\n<td>Bomba de calor para hidromasajes y piscinas de hidromasaje.<\/td>\n<\/tr>\n<tr>\n<th>Color:<\/th>\n<td>Gris oscuro<\/td>\n<\/tr>\n<tr>\n<th>Salida de calor:<\/th>\n<td>3,5 kW<\/td>\n<\/tr>\n<tr>\n<th>Enfriamiento:<\/th>\n<td>No<\/td>\n<\/tr>\n<tr>\n<th>Volumen de piscina recomendado:<\/th>\n<td>M\u00e1ximo. 15 m3<\/td>\n<\/tr>\n<tr>\n<th>Conexi\u00f3n:<\/th>\n<td>32\/38 mm<\/td>\n<\/tr>\n<tr>\n<th>Refrigerante utilizado:<\/th>\n<td>R32<\/td>\n<\/tr>\n<tr>\n<th>Tensi\u00f3n:<\/th>\n<td>230 V<\/td>\n<\/tr>\n<tr>\n<th>Efectividad:<\/th>\n<td>4.9 C.O.P.<\/td>\n<\/tr>\n<tr>\n<th>Peso neto\/de transporte kg:<\/th>\n<td>23 kg<\/td>\n<\/tr>\n<tr>\n<th>Dimensiones netas de la unidad (w\/l\/h):<\/th>\n<td>400 x 400 x 420 mm<\/td>\n<\/tr>\n<tr>\n<th>Vataje:<\/th>\n<td>0,72 kW<\/td>\n<\/tr>\n<tr>\n<th>Ruido:<\/th>\n<td>46 dB<\/td>\n<\/tr>\n<tr>\n<th>Temperatura de funcionamiento:<\/th>\n<td>+10 a +43 \u00b0C<\/td>\n<\/tr>\n<tr>\n<th>Rendimiento:<\/th>\n<td>3,5 kW<\/td>\n<\/tr>\n<tr>\n<th>Caudal de agua recomendado:<\/th>\n<td>1,5 m3\/h<\/td>\n<\/tr>\n<tr>\n<th>Panel de control digital:<\/th>\n<td>S\u00ed<\/td>\n<\/tr>\n<\/tbody>\n<\/table>\n<p>&nbsp;<\/p>\n<h2>Log\u00edstica<\/h2>\n<table id=\"logistika\" class=\"webproduct_ltext_table\">\n<tbody>\n<tr>\n<th>Peso:<\/th>\n<td>31 kg<\/td>\n<\/tr>\n<tr>\n<th>En skup. embalaje:<\/th>\n<td>1<\/td>\n<\/tr>\n<tr>\n<th>En el palet:<\/th>\n<td>0<\/td>\n<\/tr>\n<\/tbody>\n<\/table>\n","protected":false},"excerpt":{"rendered":"<p>Bomba de calor para hidromasajes, piscinas de spa NORM MINI CUBE Con sus dimensiones compactas y su rendimiento, el Norm MINI CUBE es adecuado para su uso en peque\u00f1as piscinas privadas o jacuzzis, jacuzzis y piscinas de spa. Se puede controlar de forma remota por tel\u00e9fono inteligente (Bluetooth) utilizando la aplicaci\u00f3n \u00abAQUA TEMP\u00bb C.O.P. hasta [&hellip;]<\/p>\n","protected":false},"featured_media":19407,"template":"","meta":[],"product_cat":[324,322],"product_tag":[],"class_list":{"0":"post-20203","1":"product","2":"type-product","3":"status-publish","4":"has-post-thumbnail","6":"product_cat-bombas-de-calor","7":"product_cat-otras-opciones-de-banera-de-hidromasaje","9":"first","10":"instock","11":"taxable","12":"shipping-taxable","13":"purchasable","14":"product-type-simple"},"yoast_head":"<!-- This site is optimized with the Yoast SEO Premium plugin v24.9 (Yoast SEO v24.9) - https:\/\/yoast.com\/wordpress\/plugins\/seo\/ -->\n<title>Bomba de calor para hidromasajes, piscinas de spa. Norma mini cubo 3.5 kw | ba\u00f1eras de hidromasaje al aire libre, spa para nadar, piscinas<\/title>\n<meta name=\"robots\" content=\"index, follow, max-snippet:-1, max-image-preview:large, max-video-preview:-1\" \/>\n<link rel=\"canonical\" href=\"https:\/\/www.idol.cz\/es\/produkt\/jacuzzi-es\/otras-opciones-de-banera-de-hidromasaje\/teplelne-cerpadlo-pro-virivky-swim-spa-bazeny-norm-mini-cube-35-kw-2\/\" \/>\n<meta property=\"og:locale\" content=\"es_ES\" \/>\n<meta property=\"og:type\" content=\"article\" \/>\n<meta property=\"og:title\" content=\"Bomba de calor para hidromasajes, piscinas de spa. Norma mini cubo 3.5 kw\" \/>\n<meta property=\"og:description\" content=\"Bomba de calor para hidromasajes, piscinas de spa NORM MINI CUBE Con sus dimensiones compactas y su rendimiento, el Norm MINI CUBE es adecuado para su uso en peque\u00f1as piscinas privadas o jacuzzis, jacuzzis y piscinas de spa. Se puede controlar de forma remota por tel\u00e9fono inteligente (Bluetooth) utilizando la aplicaci\u00f3n \u00abAQUA TEMP\u00bb C.O.P. hasta [&hellip;]\" \/>\n<meta property=\"og:url\" content=\"https:\/\/www.idol.cz\/es\/produkt\/jacuzzi-es\/otras-opciones-de-banera-de-hidromasaje\/teplelne-cerpadlo-pro-virivky-swim-spa-bazeny-norm-mini-cube-35-kw-2\/\" \/>\n<meta property=\"og:site_name\" content=\"ba\u00f1eras de hidromasaje al aire libre, spa para nadar, piscinas\" \/>\n<meta property=\"article:publisher\" content=\"https:\/\/www.facebook.com\/IdolSpas\/\" \/>\n<meta property=\"og:image\" content=\"https:\/\/www.idol.cz\/wp-content\/uploads\/2022\/06\/tepelne-cerpadlo-virivky-bazeny-swim-spa.jpeg\" \/>\n\t<meta property=\"og:image:width\" content=\"805\" \/>\n\t<meta property=\"og:image:height\" content=\"691\" \/>\n\t<meta property=\"og:image:type\" content=\"image\/jpeg\" \/>\n<meta name=\"twitter:card\" content=\"summary_large_image\" \/>\n<meta name=\"twitter:label1\" content=\"Tiempo de lectura\" \/>\n\t<meta name=\"twitter:data1\" content=\"1 minuto\" \/>\n<script type=\"application\/ld+json\" class=\"yoast-schema-graph\">{\"@context\":\"https:\/\/schema.org\",\"@graph\":[{\"@type\":\"WebPage\",\"@id\":\"https:\/\/www.idol.cz\/es\/produkt\/jacuzzi-es\/otras-opciones-de-banera-de-hidromasaje\/teplelne-cerpadlo-pro-virivky-swim-spa-bazeny-norm-mini-cube-35-kw-2\/\",\"url\":\"https:\/\/www.idol.cz\/es\/produkt\/jacuzzi-es\/otras-opciones-de-banera-de-hidromasaje\/teplelne-cerpadlo-pro-virivky-swim-spa-bazeny-norm-mini-cube-35-kw-2\/\",\"name\":\"Bomba de calor para hidromasajes, piscinas de spa. Norma mini cubo 3.5 kw | ba\u00f1eras de hidromasaje al aire libre, spa para nadar, piscinas\",\"isPartOf\":{\"@id\":\"\/#website\"},\"primaryImageOfPage\":{\"@id\":\"https:\/\/www.idol.cz\/es\/produkt\/jacuzzi-es\/otras-opciones-de-banera-de-hidromasaje\/teplelne-cerpadlo-pro-virivky-swim-spa-bazeny-norm-mini-cube-35-kw-2\/#primaryimage\"},\"image\":{\"@id\":\"https:\/\/www.idol.cz\/es\/produkt\/jacuzzi-es\/otras-opciones-de-banera-de-hidromasaje\/teplelne-cerpadlo-pro-virivky-swim-spa-bazeny-norm-mini-cube-35-kw-2\/#primaryimage\"},\"thumbnailUrl\":\"https:\/\/www.idol.cz\/wp-content\/uploads\/2022\/06\/tepelne-cerpadlo-virivky-bazeny-swim-spa.jpeg\",\"datePublished\":\"2022-09-10T12:32:32+00:00\",\"breadcrumb\":{\"@id\":\"https:\/\/www.idol.cz\/es\/produkt\/jacuzzi-es\/otras-opciones-de-banera-de-hidromasaje\/teplelne-cerpadlo-pro-virivky-swim-spa-bazeny-norm-mini-cube-35-kw-2\/#breadcrumb\"},\"inLanguage\":\"es\",\"potentialAction\":[{\"@type\":\"ReadAction\",\"target\":[\"https:\/\/www.idol.cz\/es\/produkt\/jacuzzi-es\/otras-opciones-de-banera-de-hidromasaje\/teplelne-cerpadlo-pro-virivky-swim-spa-bazeny-norm-mini-cube-35-kw-2\/\"]}]},{\"@type\":\"ImageObject\",\"inLanguage\":\"es\",\"@id\":\"https:\/\/www.idol.cz\/es\/produkt\/jacuzzi-es\/otras-opciones-de-banera-de-hidromasaje\/teplelne-cerpadlo-pro-virivky-swim-spa-bazeny-norm-mini-cube-35-kw-2\/#primaryimage\",\"url\":\"https:\/\/www.idol.cz\/wp-content\/uploads\/2022\/06\/tepelne-cerpadlo-virivky-bazeny-swim-spa.jpeg\",\"contentUrl\":\"https:\/\/www.idol.cz\/wp-content\/uploads\/2022\/06\/tepelne-cerpadlo-virivky-bazeny-swim-spa.jpeg\",\"width\":805,\"height\":691,\"caption\":\"bomba de calor de hidromasaje, piscinas de spa\"},{\"@type\":\"BreadcrumbList\",\"@id\":\"https:\/\/www.idol.cz\/es\/produkt\/jacuzzi-es\/otras-opciones-de-banera-de-hidromasaje\/teplelne-cerpadlo-pro-virivky-swim-spa-bazeny-norm-mini-cube-35-kw-2\/#breadcrumb\",\"itemListElement\":[{\"@type\":\"ListItem\",\"position\":1,\"name\":\"Dom\u016f\",\"item\":\"https:\/\/www.idol.cz\/es\/\"},{\"@type\":\"ListItem\",\"position\":2,\"name\":\"Bombas de calor\",\"item\":\"https:\/\/www.idol.cz\/es\/kategorie-produktu\/bombas-de-calor\/\"},{\"@type\":\"ListItem\",\"position\":3,\"name\":\"Bomba de calor para hidromasajes, piscinas de spa. Norma mini cubo 3.5 kw\"}]},{\"@type\":\"WebSite\",\"@id\":\"\/#website\",\"url\":\"\/\",\"name\":\"v\u00ed\u0159ivky venkovn\u00ed, swim spa, baz\u00e9ny\",\"description\":\"Luxusn\u00ed \u010desk\u00e9 v\u00ed\u0159ivky a swim spa\",\"publisher\":{\"@id\":\"\/#organization\"},\"potentialAction\":[{\"@type\":\"SearchAction\",\"target\":{\"@type\":\"EntryPoint\",\"urlTemplate\":\"\/?s={search_term_string}\"},\"query-input\":{\"@type\":\"PropertyValueSpecification\",\"valueRequired\":true,\"valueName\":\"search_term_string\"}}],\"inLanguage\":\"es\"},{\"@type\":\"Organization\",\"@id\":\"\/#organization\",\"name\":\"IDOL SPAS, s.r.o.\",\"url\":\"\/\",\"logo\":{\"@type\":\"ImageObject\",\"inLanguage\":\"es\",\"@id\":\"\/#\/schema\/logo\/image\/\",\"url\":\"https:\/\/www.idol.cz\/wp-content\/uploads\/2020\/02\/idol-spas-logo.png\",\"contentUrl\":\"https:\/\/www.idol.cz\/wp-content\/uploads\/2020\/02\/idol-spas-logo.png\",\"width\":512,\"height\":206,\"caption\":\"IDOL SPAS, s.r.o.\"},\"image\":{\"@id\":\"\/#\/schema\/logo\/image\/\"},\"sameAs\":[\"https:\/\/www.facebook.com\/IdolSpas\/\"]}]}<\/script>\n<!-- \/ Yoast SEO Premium plugin. -->","yoast_head_json":{"title":"Bomba de calor para hidromasajes, piscinas de spa. Norma mini cubo 3.5 kw | ba\u00f1eras de hidromasaje al aire libre, spa para nadar, piscinas","robots":{"index":"index","follow":"follow","max-snippet":"max-snippet:-1","max-image-preview":"max-image-preview:large","max-video-preview":"max-video-preview:-1"},"canonical":"https:\/\/www.idol.cz\/es\/produkt\/jacuzzi-es\/otras-opciones-de-banera-de-hidromasaje\/teplelne-cerpadlo-pro-virivky-swim-spa-bazeny-norm-mini-cube-35-kw-2\/","og_locale":"es_ES","og_type":"article","og_title":"Bomba de calor para hidromasajes, piscinas de spa. Norma mini cubo 3.5 kw","og_description":"Bomba de calor para hidromasajes, piscinas de spa NORM MINI CUBE Con sus dimensiones compactas y su rendimiento, el Norm MINI CUBE es adecuado para su uso en peque\u00f1as piscinas privadas o jacuzzis, jacuzzis y piscinas de spa. Se puede controlar de forma remota por tel\u00e9fono inteligente (Bluetooth) utilizando la aplicaci\u00f3n \u00abAQUA TEMP\u00bb C.O.P. hasta [&hellip;]","og_url":"https:\/\/www.idol.cz\/es\/produkt\/jacuzzi-es\/otras-opciones-de-banera-de-hidromasaje\/teplelne-cerpadlo-pro-virivky-swim-spa-bazeny-norm-mini-cube-35-kw-2\/","og_site_name":"ba\u00f1eras de hidromasaje al aire libre, spa para nadar, piscinas","article_publisher":"https:\/\/www.facebook.com\/IdolSpas\/","og_image":[{"width":805,"height":691,"url":"https:\/\/www.idol.cz\/wp-content\/uploads\/2022\/06\/tepelne-cerpadlo-virivky-bazeny-swim-spa.jpeg","type":"image\/jpeg"}],"twitter_card":"summary_large_image","twitter_misc":{"Tiempo de lectura":"1 minuto"},"schema":{"@context":"https:\/\/schema.org","@graph":[{"@type":"WebPage","@id":"https:\/\/www.idol.cz\/es\/produkt\/jacuzzi-es\/otras-opciones-de-banera-de-hidromasaje\/teplelne-cerpadlo-pro-virivky-swim-spa-bazeny-norm-mini-cube-35-kw-2\/","url":"https:\/\/www.idol.cz\/es\/produkt\/jacuzzi-es\/otras-opciones-de-banera-de-hidromasaje\/teplelne-cerpadlo-pro-virivky-swim-spa-bazeny-norm-mini-cube-35-kw-2\/","name":"Bomba de calor para hidromasajes, piscinas de spa. Norma mini cubo 3.5 kw | ba\u00f1eras de hidromasaje al aire libre, spa para nadar, piscinas","isPartOf":{"@id":"\/#website"},"primaryImageOfPage":{"@id":"https:\/\/www.idol.cz\/es\/produkt\/jacuzzi-es\/otras-opciones-de-banera-de-hidromasaje\/teplelne-cerpadlo-pro-virivky-swim-spa-bazeny-norm-mini-cube-35-kw-2\/#primaryimage"},"image":{"@id":"https:\/\/www.idol.cz\/es\/produkt\/jacuzzi-es\/otras-opciones-de-banera-de-hidromasaje\/teplelne-cerpadlo-pro-virivky-swim-spa-bazeny-norm-mini-cube-35-kw-2\/#primaryimage"},"thumbnailUrl":"https:\/\/www.idol.cz\/wp-content\/uploads\/2022\/06\/tepelne-cerpadlo-virivky-bazeny-swim-spa.jpeg","datePublished":"2022-09-10T12:32:32+00:00","breadcrumb":{"@id":"https:\/\/www.idol.cz\/es\/produkt\/jacuzzi-es\/otras-opciones-de-banera-de-hidromasaje\/teplelne-cerpadlo-pro-virivky-swim-spa-bazeny-norm-mini-cube-35-kw-2\/#breadcrumb"},"inLanguage":"es","potentialAction":[{"@type":"ReadAction","target":["https:\/\/www.idol.cz\/es\/produkt\/jacuzzi-es\/otras-opciones-de-banera-de-hidromasaje\/teplelne-cerpadlo-pro-virivky-swim-spa-bazeny-norm-mini-cube-35-kw-2\/"]}]},{"@type":"ImageObject","inLanguage":"es","@id":"https:\/\/www.idol.cz\/es\/produkt\/jacuzzi-es\/otras-opciones-de-banera-de-hidromasaje\/teplelne-cerpadlo-pro-virivky-swim-spa-bazeny-norm-mini-cube-35-kw-2\/#primaryimage","url":"https:\/\/www.idol.cz\/wp-content\/uploads\/2022\/06\/tepelne-cerpadlo-virivky-bazeny-swim-spa.jpeg","contentUrl":"https:\/\/www.idol.cz\/wp-content\/uploads\/2022\/06\/tepelne-cerpadlo-virivky-bazeny-swim-spa.jpeg","width":805,"height":691,"caption":"bomba de calor de hidromasaje, piscinas de spa"},{"@type":"BreadcrumbList","@id":"https:\/\/www.idol.cz\/es\/produkt\/jacuzzi-es\/otras-opciones-de-banera-de-hidromasaje\/teplelne-cerpadlo-pro-virivky-swim-spa-bazeny-norm-mini-cube-35-kw-2\/#breadcrumb","itemListElement":[{"@type":"ListItem","position":1,"name":"Dom\u016f","item":"https:\/\/www.idol.cz\/es\/"},{"@type":"ListItem","position":2,"name":"Bombas de calor","item":"https:\/\/www.idol.cz\/es\/kategorie-produktu\/bombas-de-calor\/"},{"@type":"ListItem","position":3,"name":"Bomba de calor para hidromasajes, piscinas de spa. Norma mini cubo 3.5 kw"}]},{"@type":"WebSite","@id":"\/#website","url":"\/","name":"v\u00ed\u0159ivky venkovn\u00ed, swim spa, baz\u00e9ny","description":"Luxusn\u00ed \u010desk\u00e9 v\u00ed\u0159ivky a swim spa","publisher":{"@id":"\/#organization"},"potentialAction":[{"@type":"SearchAction","target":{"@type":"EntryPoint","urlTemplate":"\/?s={search_term_string}"},"query-input":{"@type":"PropertyValueSpecification","valueRequired":true,"valueName":"search_term_string"}}],"inLanguage":"es"},{"@type":"Organization","@id":"\/#organization","name":"IDOL SPAS, s.r.o.","url":"\/","logo":{"@type":"ImageObject","inLanguage":"es","@id":"\/#\/schema\/logo\/image\/","url":"https:\/\/www.idol.cz\/wp-content\/uploads\/2020\/02\/idol-spas-logo.png","contentUrl":"https:\/\/www.idol.cz\/wp-content\/uploads\/2020\/02\/idol-spas-logo.png","width":512,"height":206,"caption":"IDOL SPAS, s.r.o."},"image":{"@id":"\/#\/schema\/logo\/image\/"},"sameAs":["https:\/\/www.facebook.com\/IdolSpas\/"]}]}},"_links":{"self":[{"href":"https:\/\/www.idol.cz\/es\/wp-json\/wp\/v2\/product\/20203"}],"collection":[{"href":"https:\/\/www.idol.cz\/es\/wp-json\/wp\/v2\/product"}],"about":[{"href":"https:\/\/www.idol.cz\/es\/wp-json\/wp\/v2\/types\/product"}],"wp:featuredmedia":[{"embeddable":true,"href":"https:\/\/www.idol.cz\/es\/wp-json\/wp\/v2\/media\/19407"}],"wp:attachment":[{"href":"https:\/\/www.idol.cz\/es\/wp-json\/wp\/v2\/media?parent=20203"}],"wp:term":[{"taxonomy":"product_cat","embeddable":true,"href":"https:\/\/www.idol.cz\/es\/wp-json\/wp\/v2\/product_cat?post=20203"},{"taxonomy":"product_tag","embeddable":true,"href":"https:\/\/www.idol.cz\/es\/wp-json\/wp\/v2\/product_tag?post=20203"}],"curies":[{"name":"wp","href":"https:\/\/api.w.org\/{rel}","templated":true}]}}