{"id":31135,"date":"2025-03-16T15:51:20","date_gmt":"2025-03-16T14:51:20","guid":{"rendered":"https:\/\/www.idol.cz\/?post_type=product&#038;p=31135"},"modified":"2026-03-03T18:22:31","modified_gmt":"2026-03-03T17:22:31","slug":"dolce-vita","status":"publish","type":"product","link":"https:\/\/www.idol.cz\/es\/produkt\/virivky\/virivky-alexa-spas\/dolce-vita\/","title":{"rendered":"Dolce Vita"},"content":{"rendered":"<h2>Standardn\u00ed v\u00fdbava v\u00ed\u0159ivky Dolce Vita<\/h2>\n<ul>\n<li>2x hydro-mas\u00e1\u017en\u00ed \u010derpadlo 5HPS (1x dvou-rychlostn\u00ed + 1x jedno-rychlostn\u00ed)<\/li>\n<li>\u0158\u00edd\u00edc\u00ed jednotka Gecko + ovl\u00e1dac\u00ed panel Gecko in.k1000 \u2013 dotykov\u00fd<\/li>\n<li>59 hydro-mas\u00e1\u017en\u00edch trysek CMP<\/li>\n<li>Standardn\u00ed izolace akryl\u00e1tu<\/li>\n<li>Barva sko\u0159epiny b\u00edl\u00e1 perle\u0165\/st\u0159\u00edbrn\u00e1 (ostatn\u00ed barvy na dotaz)<\/li>\n<li>Kvalitn\u00ed plechov\u00e9 opl\u00e1\u0161t\u011bn\u00ed dle vlastn\u00edho v\u00fdb\u011bru<\/li>\n<li>1x hlavn\u00ed LED sv\u011btlo + barevn\u00fd RGB modul<\/li>\n<li>Ozon\u00e1tor<\/li>\n<li>Kartu\u0161ov\u00e1 filtrace v\u00ed\u0159ivky<\/li>\n<li>3kW titanov\u00fd oh\u0159ev Gecko<\/li>\n<\/ul>\n<h2>Nadstandardn\u00ed vybaven\u00ed v\u00ed\u0159ivky<\/h2>\n<ul>\n<li>Termokryt \u010desk\u00e9 v\u00fdroby<\/li>\n<li>Dvojit\u00e1\/trojit\u00e1 venkovn\u00ed izolace<\/li>\n<li>P\u0159\u00eddavn\u00e9 LED osv\u011btlen\u00ed<\/li>\n<li>Nerezov\u00e9 trysky CMP<\/li>\n<li>UV lampa 7W, UV lampa 16W, UV lampa + ozon\u00e1tor Aquanova<\/li>\n<li>Automatika pH, automatika pH + chlor, automatika pH + OXY<\/li>\n<li>Kvalitn\u00ed p\u00edskov\u00e1 filtrace<\/li>\n<li>Separ\u00e1tn\u00ed cirkula\u010dn\u00ed \u010derpadlo<\/li>\n<li>Zdviha\u010de termokrytu<\/li>\n<li>Wi-Fi ovl\u00e1d\u00e1n\u00ed mobiln\u00edm telefonem<\/li>\n<li>Blower bez p\u0159edeh\u0159evu\/s p\u0159edeh\u0159evem<\/li>\n<li>MicroSilk kysl\u00edkov\u00fd l\u00e9\u010debn\u00fd syst\u00e9m<\/li>\n<li>Hudba Aquatic AV<\/li>\n<li>Font\u00e1na<\/li>\n<li>Speci\u00e1ln\u00ed opl\u00e1\u0161t\u011bn\u00ed na zak\u00e1zku<\/li>\n<li>Sch\u016fdky<\/li>\n<\/ul>\n","protected":false},"excerpt":{"rendered":"<p>Standardn\u00ed v\u00fdbava v\u00ed\u0159ivky Dolce Vita 2x hydro-mas\u00e1\u017en\u00ed \u010derpadlo 5HPS (1x dvou-rychlostn\u00ed + 1x jedno-rychlostn\u00ed) \u0158\u00edd\u00edc\u00ed jednotka Gecko + ovl\u00e1dac\u00ed panel Gecko in.k1000 \u2013 dotykov\u00fd 59 hydro-mas\u00e1\u017en\u00edch trysek CMP Standardn\u00ed izolace akryl\u00e1tu Barva sko\u0159epiny b\u00edl\u00e1 perle\u0165\/st\u0159\u00edbrn\u00e1 (ostatn\u00ed barvy na dotaz) Kvalitn\u00ed plechov\u00e9 opl\u00e1\u0161t\u011bn\u00ed dle vlastn\u00edho v\u00fdb\u011bru 1x hlavn\u00ed LED sv\u011btlo + barevn\u00fd RGB modul Ozon\u00e1tor Kartu\u0161ov\u00e1 [&hellip;]<\/p>\n","protected":false},"featured_media":31144,"template":"","meta":[],"product_cat":[17,408],"product_tag":[394],"class_list":{"0":"post-31135","1":"product","2":"type-product","3":"status-publish","4":"has-post-thumbnail","6":"product_cat-virivky","7":"product_cat-virivky-alexa-spas","8":"product_tag-alexaspas","10":"first","11":"instock","12":"taxable","13":"shipping-taxable","14":"purchasable","15":"product-type-simple"},"yoast_head":"<!-- This site is optimized with the Yoast SEO Premium plugin v24.9 (Yoast SEO v24.9) - https:\/\/yoast.com\/wordpress\/plugins\/seo\/ -->\n<title>Dolce Vita | ba\u00f1eras de hidromasaje al aire libre, spa para nadar, piscinas venkovn\u00ed v\u00ed\u0159ivka<\/title>\n<meta name=\"description\" content=\"V\u00ed\u0159ivky Idol Dolce Vita. Nejen na zahradu ale i do interi\u00e9ru V\u00ed\u0159ivka pro p\u011bt osob. Luxusn\u00ed \u010desk\u00e9 v\u00ed\u0159ivky IDOL SPAS a Alexa.\" \/>\n<meta name=\"robots\" content=\"index, follow, max-snippet:-1, max-image-preview:large, max-video-preview:-1\" \/>\n<link rel=\"canonical\" href=\"https:\/\/www.idol.cz\/es\/produkt\/virivky\/virivky-alexa-spas\/dolce-vita\/\" \/>\n<meta property=\"og:locale\" content=\"es_ES\" \/>\n<meta property=\"og:type\" content=\"article\" \/>\n<meta property=\"og:title\" content=\"Dolce Vita | ba\u00f1eras de hidromasaje al aire libre, spa para nadar, piscinas Idol Spas\" \/>\n<meta property=\"og:description\" content=\"V\u00ed\u0159ivky Idol Dolce Vita. Nejen na zahradu ale i do interi\u00e9ru V\u00ed\u0159ivka pro p\u011bt osob. Luxusn\u00ed \u010desk\u00e9 v\u00ed\u0159ivky IDOL SPAS a Alexa.\" \/>\n<meta property=\"og:url\" content=\"https:\/\/www.idol.cz\/es\/produkt\/virivky\/virivky-alexa-spas\/dolce-vita\/\" \/>\n<meta property=\"og:site_name\" content=\"ba\u00f1eras de hidromasaje al aire libre, spa para nadar, piscinas\" \/>\n<meta property=\"article:publisher\" content=\"https:\/\/www.facebook.com\/IdolSpas\/\" \/>\n<meta property=\"article:modified_time\" content=\"2026-03-03T17:22:31+00:00\" \/>\n<meta property=\"og:image\" content=\"https:\/\/www.idol.cz\/wp-content\/uploads\/2023\/06\/idol-spas-dolce-vita-fb.jpg\" \/>\n\t<meta property=\"og:image:width\" content=\"1200\" \/>\n\t<meta property=\"og:image:height\" content=\"630\" \/>\n\t<meta property=\"og:image:type\" content=\"image\/jpeg\" \/>\n<meta name=\"twitter:card\" content=\"summary_large_image\" \/>\n<meta name=\"twitter:title\" content=\"Dolce Vita\" \/>\n<meta name=\"twitter:label1\" content=\"Tiempo de lectura\" \/>\n\t<meta name=\"twitter:data1\" content=\"1 minuto\" \/>\n<script type=\"application\/ld+json\" class=\"yoast-schema-graph\">{\"@context\":\"https:\/\/schema.org\",\"@graph\":[{\"@type\":\"WebPage\",\"@id\":\"https:\/\/www.idol.cz\/es\/produkt\/virivky\/virivky-alexa-spas\/dolce-vita\/\",\"url\":\"https:\/\/www.idol.cz\/es\/produkt\/virivky\/virivky-alexa-spas\/dolce-vita\/\",\"name\":\"Dolce Vita | ba\u00f1eras de hidromasaje al aire libre, spa para nadar, piscinas venkovn\u00ed v\u00ed\u0159ivka\",\"isPartOf\":{\"@id\":\"https:\/\/www.idol.cz\/es\/#website\"},\"primaryImageOfPage\":{\"@id\":\"https:\/\/www.idol.cz\/es\/produkt\/virivky\/virivky-alexa-spas\/dolce-vita\/#primaryimage\"},\"image\":{\"@id\":\"https:\/\/www.idol.cz\/es\/produkt\/virivky\/virivky-alexa-spas\/dolce-vita\/#primaryimage\"},\"thumbnailUrl\":\"https:\/\/www.idol.cz\/wp-content\/uploads\/2023\/05\/idol-spas-dolce-vita-00.jpg\",\"datePublished\":\"2025-03-16T14:51:20+00:00\",\"dateModified\":\"2026-03-03T17:22:31+00:00\",\"description\":\"V\u00ed\u0159ivky Idol Dolce Vita. Nejen na zahradu ale i do interi\u00e9ru V\u00ed\u0159ivka pro p\u011bt osob. Luxusn\u00ed \u010desk\u00e9 v\u00ed\u0159ivky IDOL SPAS a Alexa.\",\"breadcrumb\":{\"@id\":\"https:\/\/www.idol.cz\/es\/produkt\/virivky\/virivky-alexa-spas\/dolce-vita\/#breadcrumb\"},\"inLanguage\":\"es\",\"potentialAction\":[{\"@type\":\"ReadAction\",\"target\":[\"https:\/\/www.idol.cz\/es\/produkt\/virivky\/virivky-alexa-spas\/dolce-vita\/\"]}]},{\"@type\":\"ImageObject\",\"inLanguage\":\"es\",\"@id\":\"https:\/\/www.idol.cz\/es\/produkt\/virivky\/virivky-alexa-spas\/dolce-vita\/#primaryimage\",\"url\":\"https:\/\/www.idol.cz\/wp-content\/uploads\/2023\/05\/idol-spas-dolce-vita-00.jpg\",\"contentUrl\":\"https:\/\/www.idol.cz\/wp-content\/uploads\/2023\/05\/idol-spas-dolce-vita-00.jpg\",\"width\":1080,\"height\":1080},{\"@type\":\"BreadcrumbList\",\"@id\":\"https:\/\/www.idol.cz\/es\/produkt\/virivky\/virivky-alexa-spas\/dolce-vita\/#breadcrumb\",\"itemListElement\":[{\"@type\":\"ListItem\",\"position\":1,\"name\":\"Dom\u016f\",\"item\":\"https:\/\/www.idol.cz\/es\/\"},{\"@type\":\"ListItem\",\"position\":2,\"name\":\"E-shop\",\"item\":\"https:\/\/www.idol.cz\/es\/tienda\/\"},{\"@type\":\"ListItem\",\"position\":3,\"name\":\"Jacuzzi\",\"item\":\"https:\/\/www.idol.cz\/es\/kategorie-produktu\/jacuzzi-es\/\"},{\"@type\":\"ListItem\",\"position\":4,\"name\":\"Dolce Vita\"}]},{\"@type\":\"WebSite\",\"@id\":\"https:\/\/www.idol.cz\/es\/#website\",\"url\":\"https:\/\/www.idol.cz\/es\/\",\"name\":\"v\u00ed\u0159ivky venkovn\u00ed, swim spa, baz\u00e9ny\",\"description\":\"Luxusn\u00ed \u010desk\u00e9 v\u00ed\u0159ivky a swim spa\",\"publisher\":{\"@id\":\"https:\/\/www.idol.cz\/es\/#organization\"},\"potentialAction\":[{\"@type\":\"SearchAction\",\"target\":{\"@type\":\"EntryPoint\",\"urlTemplate\":\"https:\/\/www.idol.cz\/es\/?s={search_term_string}\"},\"query-input\":{\"@type\":\"PropertyValueSpecification\",\"valueRequired\":true,\"valueName\":\"search_term_string\"}}],\"inLanguage\":\"es\"},{\"@type\":\"Organization\",\"@id\":\"https:\/\/www.idol.cz\/es\/#organization\",\"name\":\"IDOL SPAS, s.r.o.\",\"url\":\"https:\/\/www.idol.cz\/es\/\",\"logo\":{\"@type\":\"ImageObject\",\"inLanguage\":\"es\",\"@id\":\"https:\/\/www.idol.cz\/es\/#\/schema\/logo\/image\/\",\"url\":\"https:\/\/www.idol.cz\/wp-content\/uploads\/2020\/02\/idol-spas-logo.png\",\"contentUrl\":\"https:\/\/www.idol.cz\/wp-content\/uploads\/2020\/02\/idol-spas-logo.png\",\"width\":512,\"height\":206,\"caption\":\"IDOL SPAS, s.r.o.\"},\"image\":{\"@id\":\"https:\/\/www.idol.cz\/es\/#\/schema\/logo\/image\/\"},\"sameAs\":[\"https:\/\/www.facebook.com\/IdolSpas\/\"]}]}<\/script>\n<!-- \/ Yoast SEO Premium plugin. -->","yoast_head_json":{"title":"Dolce Vita | ba\u00f1eras de hidromasaje al aire libre, spa para nadar, piscinas venkovn\u00ed v\u00ed\u0159ivka","description":"V\u00ed\u0159ivky Idol Dolce Vita. Nejen na zahradu ale i do interi\u00e9ru V\u00ed\u0159ivka pro p\u011bt osob. Luxusn\u00ed \u010desk\u00e9 v\u00ed\u0159ivky IDOL SPAS a Alexa.","robots":{"index":"index","follow":"follow","max-snippet":"max-snippet:-1","max-image-preview":"max-image-preview:large","max-video-preview":"max-video-preview:-1"},"canonical":"https:\/\/www.idol.cz\/es\/produkt\/virivky\/virivky-alexa-spas\/dolce-vita\/","og_locale":"es_ES","og_type":"article","og_title":"Dolce Vita | ba\u00f1eras de hidromasaje al aire libre, spa para nadar, piscinas Idol Spas","og_description":"V\u00ed\u0159ivky Idol Dolce Vita. Nejen na zahradu ale i do interi\u00e9ru V\u00ed\u0159ivka pro p\u011bt osob. Luxusn\u00ed \u010desk\u00e9 v\u00ed\u0159ivky IDOL SPAS a Alexa.","og_url":"https:\/\/www.idol.cz\/es\/produkt\/virivky\/virivky-alexa-spas\/dolce-vita\/","og_site_name":"ba\u00f1eras de hidromasaje al aire libre, spa para nadar, piscinas","article_publisher":"https:\/\/www.facebook.com\/IdolSpas\/","article_modified_time":"2026-03-03T17:22:31+00:00","og_image":[{"width":1200,"height":630,"url":"https:\/\/www.idol.cz\/wp-content\/uploads\/2023\/06\/idol-spas-dolce-vita-fb.jpg","type":"image\/jpeg"}],"twitter_card":"summary_large_image","twitter_title":"Dolce Vita","twitter_misc":{"Tiempo de lectura":"1 minuto"},"schema":{"@context":"https:\/\/schema.org","@graph":[{"@type":"WebPage","@id":"https:\/\/www.idol.cz\/es\/produkt\/virivky\/virivky-alexa-spas\/dolce-vita\/","url":"https:\/\/www.idol.cz\/es\/produkt\/virivky\/virivky-alexa-spas\/dolce-vita\/","name":"Dolce Vita | ba\u00f1eras de hidromasaje al aire libre, spa para nadar, piscinas venkovn\u00ed v\u00ed\u0159ivka","isPartOf":{"@id":"https:\/\/www.idol.cz\/es\/#website"},"primaryImageOfPage":{"@id":"https:\/\/www.idol.cz\/es\/produkt\/virivky\/virivky-alexa-spas\/dolce-vita\/#primaryimage"},"image":{"@id":"https:\/\/www.idol.cz\/es\/produkt\/virivky\/virivky-alexa-spas\/dolce-vita\/#primaryimage"},"thumbnailUrl":"https:\/\/www.idol.cz\/wp-content\/uploads\/2023\/05\/idol-spas-dolce-vita-00.jpg","datePublished":"2025-03-16T14:51:20+00:00","dateModified":"2026-03-03T17:22:31+00:00","description":"V\u00ed\u0159ivky Idol Dolce Vita. Nejen na zahradu ale i do interi\u00e9ru V\u00ed\u0159ivka pro p\u011bt osob. Luxusn\u00ed \u010desk\u00e9 v\u00ed\u0159ivky IDOL SPAS a Alexa.","breadcrumb":{"@id":"https:\/\/www.idol.cz\/es\/produkt\/virivky\/virivky-alexa-spas\/dolce-vita\/#breadcrumb"},"inLanguage":"es","potentialAction":[{"@type":"ReadAction","target":["https:\/\/www.idol.cz\/es\/produkt\/virivky\/virivky-alexa-spas\/dolce-vita\/"]}]},{"@type":"ImageObject","inLanguage":"es","@id":"https:\/\/www.idol.cz\/es\/produkt\/virivky\/virivky-alexa-spas\/dolce-vita\/#primaryimage","url":"https:\/\/www.idol.cz\/wp-content\/uploads\/2023\/05\/idol-spas-dolce-vita-00.jpg","contentUrl":"https:\/\/www.idol.cz\/wp-content\/uploads\/2023\/05\/idol-spas-dolce-vita-00.jpg","width":1080,"height":1080},{"@type":"BreadcrumbList","@id":"https:\/\/www.idol.cz\/es\/produkt\/virivky\/virivky-alexa-spas\/dolce-vita\/#breadcrumb","itemListElement":[{"@type":"ListItem","position":1,"name":"Dom\u016f","item":"https:\/\/www.idol.cz\/es\/"},{"@type":"ListItem","position":2,"name":"E-shop","item":"https:\/\/www.idol.cz\/es\/tienda\/"},{"@type":"ListItem","position":3,"name":"Jacuzzi","item":"https:\/\/www.idol.cz\/es\/kategorie-produktu\/jacuzzi-es\/"},{"@type":"ListItem","position":4,"name":"Dolce Vita"}]},{"@type":"WebSite","@id":"https:\/\/www.idol.cz\/es\/#website","url":"https:\/\/www.idol.cz\/es\/","name":"v\u00ed\u0159ivky venkovn\u00ed, swim spa, baz\u00e9ny","description":"Luxusn\u00ed \u010desk\u00e9 v\u00ed\u0159ivky a swim spa","publisher":{"@id":"https:\/\/www.idol.cz\/es\/#organization"},"potentialAction":[{"@type":"SearchAction","target":{"@type":"EntryPoint","urlTemplate":"https:\/\/www.idol.cz\/es\/?s={search_term_string}"},"query-input":{"@type":"PropertyValueSpecification","valueRequired":true,"valueName":"search_term_string"}}],"inLanguage":"es"},{"@type":"Organization","@id":"https:\/\/www.idol.cz\/es\/#organization","name":"IDOL SPAS, s.r.o.","url":"https:\/\/www.idol.cz\/es\/","logo":{"@type":"ImageObject","inLanguage":"es","@id":"https:\/\/www.idol.cz\/es\/#\/schema\/logo\/image\/","url":"https:\/\/www.idol.cz\/wp-content\/uploads\/2020\/02\/idol-spas-logo.png","contentUrl":"https:\/\/www.idol.cz\/wp-content\/uploads\/2020\/02\/idol-spas-logo.png","width":512,"height":206,"caption":"IDOL SPAS, s.r.o."},"image":{"@id":"https:\/\/www.idol.cz\/es\/#\/schema\/logo\/image\/"},"sameAs":["https:\/\/www.facebook.com\/IdolSpas\/"]}]}},"_links":{"self":[{"href":"https:\/\/www.idol.cz\/es\/wp-json\/wp\/v2\/product\/31135"}],"collection":[{"href":"https:\/\/www.idol.cz\/es\/wp-json\/wp\/v2\/product"}],"about":[{"href":"https:\/\/www.idol.cz\/es\/wp-json\/wp\/v2\/types\/product"}],"wp:featuredmedia":[{"embeddable":true,"href":"https:\/\/www.idol.cz\/es\/wp-json\/wp\/v2\/media\/31144"}],"wp:attachment":[{"href":"https:\/\/www.idol.cz\/es\/wp-json\/wp\/v2\/media?parent=31135"}],"wp:term":[{"taxonomy":"product_cat","embeddable":true,"href":"https:\/\/www.idol.cz\/es\/wp-json\/wp\/v2\/product_cat?post=31135"},{"taxonomy":"product_tag","embeddable":true,"href":"https:\/\/www.idol.cz\/es\/wp-json\/wp\/v2\/product_tag?post=31135"}],"curies":[{"name":"wp","href":"https:\/\/api.w.org\/{rel}","templated":true}]}}