{"id":15665,"date":"2020-07-12T08:23:53","date_gmt":"2020-07-12T06:23:53","guid":{"rendered":"https:\/\/www.idol.cz\/vie-privee\/"},"modified":"2020-07-12T08:23:53","modified_gmt":"2020-07-12T06:23:53","slug":"vie-privee","status":"publish","type":"page","link":"https:\/\/www.idol.cz\/fr\/vie-privee\/","title":{"rendered":"Vie priv\u00e9e"},"content":{"rendered":"\t\t<div data-elementor-type=\"wp-page\" data-elementor-id=\"15665\" class=\"elementor elementor-15665 elementor-3\" data-elementor-post-type=\"page\">\n\t\t\t\t\t\t<section class=\"ob-is-breaking-bad elementor-section elementor-top-section elementor-element elementor-element-df00dfd elementor-section-boxed elementor-section-height-default elementor-section-height-default\" data-id=\"df00dfd\" data-element_type=\"section\" data-settings=\"{&quot;_ob_bbad_use_it&quot;:&quot;yes&quot;,&quot;_ob_bbad_sssic_use&quot;:&quot;no&quot;}\">\n\t\t\t\t\t\t<div class=\"elementor-container elementor-column-gap-default\">\n\t\t\t\t\t<div class=\"elementor-column elementor-col-100 elementor-top-column elementor-element elementor-element-3b0dbf35\" data-id=\"3b0dbf35\" data-element_type=\"column\" data-settings=\"{&quot;_ob_bbad_is_stalker&quot;:&quot;no&quot;,&quot;_ob_teleporter_use&quot;:false}\">\n\t\t\t<div class=\"elementor-widget-wrap elementor-element-populated\">\n\t\t\t\t\t\t<div class=\"elementor-element elementor-element-2954a196 ob-harakiri-inherit elementor-widget elementor-widget-text-editor\" data-id=\"2954a196\" data-element_type=\"widget\" data-settings=\"{&quot;_ob_use_harakiri&quot;:&quot;yes&quot;,&quot;_ob_harakiri_writing_mode&quot;:&quot;inherit&quot;,&quot;_ob_widget_stalker_use&quot;:&quot;no&quot;}\" data-widget_type=\"text-editor.default\">\n\t\t\t\t\t\t\t\t\t<p><\/p>\n<p>Dans le cadre de l\u2019adoption du nouveau r\u00e8glement sur la protection des donn\u00e9es (s\u2019s, le \u00abr\u00e8glement sur la protection des donn\u00e9es\u00bb). GDPR, R\u00e8glement g\u00e9n\u00e9ral sur la protection des donn\u00e9es &#8211; R\u00e8glement (UE) 2016\/679 du Parlement europ\u00e9en et du Conseil des 27 Nous tenons \u00e0 vous informer que le traitement de vos donn\u00e9es personnelles par notre soci\u00e9t\u00e9 est maintenant en cours et continuera d\u2019\u00eatre effectu\u00e9 conform\u00e9ment au pr\u00e9sent r\u00e8glement.<\/p>\n<p><\/p>\n<p><\/p>\n<p><strong>Nous vous ass venons de vous en tant que client inscrit au programme de fid\u00e9lisation<\/strong>. Nous avons obtenu vos donn\u00e9es personnelles conserv\u00e9es dans les dossiers des clients \u2013 membres du programme de fid\u00e9lisation sur la base de votre consentement et lorsque vous avez obtenu ce consentement, vous nous avez permis de vous contacter avec des informations sur les \u00e9v\u00e9nements, promotions, produits et services pr\u00e9vus. Nous traitons et stockons vos donn\u00e9es personnelles uniquement dans le but de s\u2019inscrire au programme de fid\u00e9lisation et aux activit\u00e9s connexes ci-dessus; nous ne fournissons pas et ne les fournissons pas \u00e0 des tiers.<\/p>\n<p><\/p>\n<p><\/p>\n<p>Le traitement de vos donn\u00e9es personnelles a \u00e9t\u00e9 effectu\u00e9 dans le plein respect de la loi no 101\/2000 Coll., sur la protection des donn\u00e9es \u00e0 caract\u00e8re personnel et sur la modification de certaines lois dans le r\u00e9gime de laquelle nous avons \u00e9t\u00e9 accord\u00e9s. A partir de 25. Le traitement de vos donn\u00e9es se fera dans le plein respect du R\u00e8glement g\u00e9n\u00e9ral sur la protection des donn\u00e9es. Vos donn\u00e9es personnelles, que nous avons collect\u00e9es et que nous continuerons \u00e0 traiter pendant votre adh\u00e9sion au Club pendant votre p\u00e9riode, tout en maintenant une s\u00e9curit\u00e9 organisationnelle et technique appropri\u00e9e, sont le nom, le nom de famille, l\u2019adresse de r\u00e9sidence, l\u2019adresse e-mail et le num\u00e9ro de t\u00e9l\u00e9phone, et si vous souhaitez envoyer l\u2019attention \u00e0 votre anniversaire, la date de naissance (dans certains cas, cependant, vous ne nous avez pas fourni toutes ces informations).<\/p>\n<p><\/p>\n<p><\/p>\n<p>Si, malgr\u00e9 nos assurances que vos donn\u00e9es personnelles continueront d\u2019\u00eatre trait\u00e9es conform\u00e9ment aux exigences de protection ad\u00e9quate, vous ne souhaitez pas continuer \u00e0 \u00eatre conserv\u00e9s en tant que membres du programme de fid\u00e9lit\u00e9 et demander que vos donn\u00e9es personnelles soient supprim\u00e9es, veuillez nous informer en r\u00e9pondant \u00e0 ce rapport ou m\u00eame en visitant notre succursale en personne. Vous avez le droit de retirer votre consentement \u00e0 tout moment et par la suite, auquel cas nous supprimerons vos donn\u00e9es personnelles. Vous pouvez \u00e9galement vous opposer au traitement en vous opposant au traitement. Vous avez \u00e9galement le droit d\u2019obtenir de nous la confirmation si oui ou non les donn\u00e9es personnelles vous concernant sont trait\u00e9es par nous et, dans l\u2019affirmative, vous avez le droit d\u2019acc\u00e9der \u00e0 ces donn\u00e9es personnelles. Vous avez \u00e9galement le droit de recevoir les donn\u00e9es personnelles que vous nous avez fournies dans un format structur\u00e9, couramment utilis\u00e9 et lisible \u00e0 la machine et transf\u00e9rerez ces donn\u00e9es \u00e0 des tiers avec votre demande. Vous avez le droit de rectifier vos donn\u00e9es personnelles ou de restreindre leur traitement. Nous nous conformerons \u00e0 votre demande dans un d\u00e9lai d\u2019un mois \u00e0 la fin de sa r\u00e9ception. Si vous pensez que le traitement de vos donn\u00e9es personnelles viole le r\u00e8glement g\u00e9n\u00e9ral, vous pouvez d\u00e9poser une plainte aupr\u00e8s de l\u2019autorit\u00e9 de contr\u00f4le, qui est l\u2019Office de la protection des donn\u00e9es \u00e0 caract\u00e8re personnel.<\/p>\n<p><\/p>\n<p><\/p>\n<p>Dans le cas o\u00f9 vous retirez votre consentement au traitement de vos donn\u00e9es personnelles, nous supprimerons toutes les donn\u00e9es personnelles qui nous sont fournies dans le cadre de l\u2019adh\u00e9sion au programme de fid\u00e9lisation et nous ne traiterons plus ces donn\u00e9es personnelles vous concernant \u00e0 des fins li\u00e9es \u00e0 l\u2019adh\u00e9sion au programme de fid\u00e9lisation (fournir des avantages \u00e0 la client\u00e8le, offrir nos produits et services, envoyer des informations sur les \u00e9v\u00e9nements pr\u00e9vus). Si non seulement vous souhaitez recevoir des communications commerciales, mais que vous souhaitez toujours \u00eatre inscrit au club dans le but d\u2019obtenir des rabais, vous pouvez vous d\u00e9sabonner des messages d\u2019affaires \u00e0 votre adresse e-mail \u00e0 l\u2019adresse e-mail.<\/p>\n<p>Vos piscines ext\u00e9rieures et int\u00e9rieures de bain \u00e0 remous et spas idol de spa de spa de natation.<\/p>\n<p><\/p>\n\t\t\t\t\t\t\t\t<\/div>\n\t\t\t\t\t<\/div>\n\t\t<\/div>\n\t\t\t\t\t<\/div>\n\t\t<\/section>\n\t\t\t\t<\/div>\n\t\t","protected":false},"excerpt":{"rendered":"<p>Dans le cadre de l\u2019adoption du nouveau r\u00e8glement sur la protection des donn\u00e9es (s\u2019s, le \u00abr\u00e8glement sur la protection des donn\u00e9es\u00bb). GDPR, R\u00e8glement g\u00e9n\u00e9ral sur la protection des donn\u00e9es &#8211; R\u00e8glement (UE) 2016\/679 du Parlement europ\u00e9en et du Conseil des 27 Nous tenons \u00e0 vous informer que le traitement de vos donn\u00e9es personnelles par notre [&hellip;]<\/p>\n","protected":false},"author":1,"featured_media":0,"parent":0,"menu_order":0,"comment_status":"closed","ping_status":"closed","template":"","meta":{"footnotes":""},"class_list":["post-15665","page","type-page","status-publish","hentry"],"yoast_head":"<!-- This site is optimized with the Yoast SEO Premium plugin v24.9 (Yoast SEO v24.9) - https:\/\/yoast.com\/wordpress\/plugins\/seo\/ -->\n<title>Vie priv\u00e9e | bains \u00e0 remous ext\u00e9rieurs, spa aquatique, piscines<\/title>\n<meta name=\"robots\" content=\"index, follow, max-snippet:-1, max-image-preview:large, max-video-preview:-1\" \/>\n<link rel=\"canonical\" href=\"https:\/\/www.idol.cz\/fr\/vie-privee\/\" \/>\n<meta property=\"og:locale\" content=\"fr_FR\" \/>\n<meta property=\"og:type\" content=\"article\" \/>\n<meta property=\"og:title\" content=\"Vie priv\u00e9e\" \/>\n<meta property=\"og:description\" content=\"Dans le cadre de l\u2019adoption du nouveau r\u00e8glement sur la protection des donn\u00e9es (s\u2019s, le \u00abr\u00e8glement sur la protection des donn\u00e9es\u00bb). GDPR, R\u00e8glement g\u00e9n\u00e9ral sur la protection des donn\u00e9es &#8211; R\u00e8glement (UE) 2016\/679 du Parlement europ\u00e9en et du Conseil des 27 Nous tenons \u00e0 vous informer que le traitement de vos donn\u00e9es personnelles par notre [&hellip;]\" \/>\n<meta property=\"og:url\" content=\"https:\/\/www.idol.cz\/fr\/vie-privee\/\" \/>\n<meta property=\"og:site_name\" content=\"bains \u00e0 remous ext\u00e9rieurs, spa aquatique, piscines\" \/>\n<meta property=\"article:publisher\" content=\"https:\/\/www.facebook.com\/IdolSpas\/\" \/>\n<meta property=\"og:image\" content=\"https:\/\/www.idol.cz\/wp-content\/uploads\/2020\/02\/idol-spas-luxusni-virivky-virivky1-fb.jpg\" \/>\n<meta name=\"twitter:card\" content=\"summary_large_image\" \/>\n<meta name=\"twitter:label1\" content=\"Dur\u00e9e de lecture estim\u00e9e\" \/>\n\t<meta name=\"twitter:data1\" content=\"4 minutes\" \/>\n<script type=\"application\/ld+json\" class=\"yoast-schema-graph\">{\"@context\":\"https:\/\/schema.org\",\"@graph\":[{\"@type\":\"WebPage\",\"@id\":\"https:\/\/www.idol.cz\/fr\/vie-privee\/\",\"url\":\"https:\/\/www.idol.cz\/fr\/vie-privee\/\",\"name\":\"Vie priv\u00e9e | bains \u00e0 remous ext\u00e9rieurs, spa aquatique, piscines\",\"isPartOf\":{\"@id\":\"https:\/\/www.idol.cz\/fr\/#website\"},\"datePublished\":\"2020-07-12T06:23:53+00:00\",\"breadcrumb\":{\"@id\":\"https:\/\/www.idol.cz\/fr\/vie-privee\/#breadcrumb\"},\"inLanguage\":\"fr-FR\",\"potentialAction\":[{\"@type\":\"ReadAction\",\"target\":[\"https:\/\/www.idol.cz\/fr\/vie-privee\/\"]}]},{\"@type\":\"BreadcrumbList\",\"@id\":\"https:\/\/www.idol.cz\/fr\/vie-privee\/#breadcrumb\",\"itemListElement\":[{\"@type\":\"ListItem\",\"position\":1,\"name\":\"Dom\u016f\",\"item\":\"https:\/\/www.idol.cz\/fr\/\"},{\"@type\":\"ListItem\",\"position\":2,\"name\":\"Vie priv\u00e9e\"}]},{\"@type\":\"WebSite\",\"@id\":\"https:\/\/www.idol.cz\/fr\/#website\",\"url\":\"https:\/\/www.idol.cz\/fr\/\",\"name\":\"v\u00ed\u0159ivky venkovn\u00ed, swim spa, baz\u00e9ny\",\"description\":\"Luxusn\u00ed \u010desk\u00e9 v\u00ed\u0159ivky a swim spa\",\"publisher\":{\"@id\":\"https:\/\/www.idol.cz\/fr\/#organization\"},\"potentialAction\":[{\"@type\":\"SearchAction\",\"target\":{\"@type\":\"EntryPoint\",\"urlTemplate\":\"https:\/\/www.idol.cz\/fr\/?s={search_term_string}\"},\"query-input\":{\"@type\":\"PropertyValueSpecification\",\"valueRequired\":true,\"valueName\":\"search_term_string\"}}],\"inLanguage\":\"fr-FR\"},{\"@type\":\"Organization\",\"@id\":\"https:\/\/www.idol.cz\/fr\/#organization\",\"name\":\"IDOL SPAS, s.r.o.\",\"url\":\"https:\/\/www.idol.cz\/fr\/\",\"logo\":{\"@type\":\"ImageObject\",\"inLanguage\":\"fr-FR\",\"@id\":\"https:\/\/www.idol.cz\/fr\/#\/schema\/logo\/image\/\",\"url\":\"https:\/\/www.idol.cz\/wp-content\/uploads\/2020\/02\/idol-spas-logo.png\",\"contentUrl\":\"https:\/\/www.idol.cz\/wp-content\/uploads\/2020\/02\/idol-spas-logo.png\",\"width\":512,\"height\":206,\"caption\":\"IDOL SPAS, s.r.o.\"},\"image\":{\"@id\":\"https:\/\/www.idol.cz\/fr\/#\/schema\/logo\/image\/\"},\"sameAs\":[\"https:\/\/www.facebook.com\/IdolSpas\/\"]}]}<\/script>\n<!-- \/ Yoast SEO Premium plugin. -->","yoast_head_json":{"title":"Vie priv\u00e9e | bains \u00e0 remous ext\u00e9rieurs, spa aquatique, piscines","robots":{"index":"index","follow":"follow","max-snippet":"max-snippet:-1","max-image-preview":"max-image-preview:large","max-video-preview":"max-video-preview:-1"},"canonical":"https:\/\/www.idol.cz\/fr\/vie-privee\/","og_locale":"fr_FR","og_type":"article","og_title":"Vie priv\u00e9e","og_description":"Dans le cadre de l\u2019adoption du nouveau r\u00e8glement sur la protection des donn\u00e9es (s\u2019s, le \u00abr\u00e8glement sur la protection des donn\u00e9es\u00bb). GDPR, R\u00e8glement g\u00e9n\u00e9ral sur la protection des donn\u00e9es &#8211; R\u00e8glement (UE) 2016\/679 du Parlement europ\u00e9en et du Conseil des 27 Nous tenons \u00e0 vous informer que le traitement de vos donn\u00e9es personnelles par notre [&hellip;]","og_url":"https:\/\/www.idol.cz\/fr\/vie-privee\/","og_site_name":"bains \u00e0 remous ext\u00e9rieurs, spa aquatique, piscines","article_publisher":"https:\/\/www.facebook.com\/IdolSpas\/","og_image":[{"url":"https:\/\/www.idol.cz\/wp-content\/uploads\/2020\/02\/idol-spas-luxusni-virivky-virivky1-fb.jpg","type":"","width":"","height":""}],"twitter_card":"summary_large_image","twitter_misc":{"Dur\u00e9e de lecture estim\u00e9e":"4 minutes"},"schema":{"@context":"https:\/\/schema.org","@graph":[{"@type":"WebPage","@id":"https:\/\/www.idol.cz\/fr\/vie-privee\/","url":"https:\/\/www.idol.cz\/fr\/vie-privee\/","name":"Vie priv\u00e9e | bains \u00e0 remous ext\u00e9rieurs, spa aquatique, piscines","isPartOf":{"@id":"https:\/\/www.idol.cz\/fr\/#website"},"datePublished":"2020-07-12T06:23:53+00:00","breadcrumb":{"@id":"https:\/\/www.idol.cz\/fr\/vie-privee\/#breadcrumb"},"inLanguage":"fr-FR","potentialAction":[{"@type":"ReadAction","target":["https:\/\/www.idol.cz\/fr\/vie-privee\/"]}]},{"@type":"BreadcrumbList","@id":"https:\/\/www.idol.cz\/fr\/vie-privee\/#breadcrumb","itemListElement":[{"@type":"ListItem","position":1,"name":"Dom\u016f","item":"https:\/\/www.idol.cz\/fr\/"},{"@type":"ListItem","position":2,"name":"Vie priv\u00e9e"}]},{"@type":"WebSite","@id":"https:\/\/www.idol.cz\/fr\/#website","url":"https:\/\/www.idol.cz\/fr\/","name":"v\u00ed\u0159ivky venkovn\u00ed, swim spa, baz\u00e9ny","description":"Luxusn\u00ed \u010desk\u00e9 v\u00ed\u0159ivky a swim spa","publisher":{"@id":"https:\/\/www.idol.cz\/fr\/#organization"},"potentialAction":[{"@type":"SearchAction","target":{"@type":"EntryPoint","urlTemplate":"https:\/\/www.idol.cz\/fr\/?s={search_term_string}"},"query-input":{"@type":"PropertyValueSpecification","valueRequired":true,"valueName":"search_term_string"}}],"inLanguage":"fr-FR"},{"@type":"Organization","@id":"https:\/\/www.idol.cz\/fr\/#organization","name":"IDOL SPAS, s.r.o.","url":"https:\/\/www.idol.cz\/fr\/","logo":{"@type":"ImageObject","inLanguage":"fr-FR","@id":"https:\/\/www.idol.cz\/fr\/#\/schema\/logo\/image\/","url":"https:\/\/www.idol.cz\/wp-content\/uploads\/2020\/02\/idol-spas-logo.png","contentUrl":"https:\/\/www.idol.cz\/wp-content\/uploads\/2020\/02\/idol-spas-logo.png","width":512,"height":206,"caption":"IDOL SPAS, s.r.o."},"image":{"@id":"https:\/\/www.idol.cz\/fr\/#\/schema\/logo\/image\/"},"sameAs":["https:\/\/www.facebook.com\/IdolSpas\/"]}]}},"_links":{"self":[{"href":"https:\/\/www.idol.cz\/fr\/wp-json\/wp\/v2\/pages\/15665"}],"collection":[{"href":"https:\/\/www.idol.cz\/fr\/wp-json\/wp\/v2\/pages"}],"about":[{"href":"https:\/\/www.idol.cz\/fr\/wp-json\/wp\/v2\/types\/page"}],"author":[{"embeddable":true,"href":"https:\/\/www.idol.cz\/fr\/wp-json\/wp\/v2\/users\/1"}],"replies":[{"embeddable":true,"href":"https:\/\/www.idol.cz\/fr\/wp-json\/wp\/v2\/comments?post=15665"}],"version-history":[{"count":0,"href":"https:\/\/www.idol.cz\/fr\/wp-json\/wp\/v2\/pages\/15665\/revisions"}],"wp:attachment":[{"href":"https:\/\/www.idol.cz\/fr\/wp-json\/wp\/v2\/media?parent=15665"}],"curies":[{"name":"wp","href":"https:\/\/api.w.org\/{rel}","templated":true}]}}