{"id":15669,"date":"2020-07-12T08:23:58","date_gmt":"2020-07-12T06:23:58","guid":{"rendered":"https:\/\/www.idol.cz\/page-de-test\/"},"modified":"2020-07-12T08:23:58","modified_gmt":"2020-07-12T06:23:58","slug":"page-de-test","status":"publish","type":"page","link":"https:\/\/www.idol.cz\/fr\/page-de-test\/","title":{"rendered":"Page de test"},"content":{"rendered":"\t\t<div data-elementor-type=\"wp-page\" data-elementor-id=\"15669\" class=\"elementor elementor-15669 elementor-2\" data-elementor-post-type=\"page\">\n\t\t\t\t\t\t<section class=\"ob-is-breaking-bad elementor-section elementor-top-section elementor-element elementor-element-6ce5543 elementor-section-stretched elementor-section-full_width elementor-section-height-default elementor-section-height-default\" data-id=\"6ce5543\" data-element_type=\"section\" data-settings=\"{&quot;stretch_section&quot;:&quot;section-stretched&quot;,&quot;_ob_bbad_use_it&quot;:&quot;yes&quot;,&quot;_ob_bbad_sssic_use&quot;:&quot;no&quot;}\">\n\t\t\t\t\t\t<div class=\"elementor-container elementor-column-gap-default\">\n\t\t\t\t\t<div class=\"elementor-column elementor-col-50 elementor-top-column elementor-element elementor-element-664ab60\" data-id=\"664ab60\" data-element_type=\"column\" data-settings=\"{&quot;_ob_bbad_is_stalker&quot;:&quot;no&quot;,&quot;_ob_teleporter_use&quot;:false}\">\n\t\t\t<div class=\"elementor-widget-wrap elementor-element-populated\">\n\t\t\t\t\t\t<div class=\"elementor-element elementor-element-88daf87 elementor-skin-slideshow elementor-widget__width-initial elementor-widget-tablet__width-initial elementor-arrows-yes elementor-widget elementor-widget-media-carousel\" data-id=\"88daf87\" data-element_type=\"widget\" data-settings=\"{&quot;skin&quot;:&quot;slideshow&quot;,&quot;slideshow_slides_per_view&quot;:&quot;10&quot;,&quot;space_between&quot;:{&quot;unit&quot;:&quot;px&quot;,&quot;size&quot;:50,&quot;sizes&quot;:[]},&quot;speed&quot;:1000,&quot;effect&quot;:&quot;slide&quot;,&quot;show_arrows&quot;:&quot;yes&quot;,&quot;loop&quot;:&quot;yes&quot;,&quot;space_between_tablet&quot;:{&quot;unit&quot;:&quot;px&quot;,&quot;size&quot;:10,&quot;sizes&quot;:[]},&quot;space_between_mobile&quot;:{&quot;unit&quot;:&quot;px&quot;,&quot;size&quot;:10,&quot;sizes&quot;:[]},&quot;_ob_widget_stalker_use&quot;:&quot;no&quot;}\" data-widget_type=\"media-carousel.default\">\n\t\t\t\t\t\t\t\t\t\t<div class=\"elementor-main-swiper swiper\" role=\"region\" aria-roledescription=\"carousel\" aria-label=\"Diapositives\">\n\t\t\t\t<div class=\"swiper-wrapper\">\n\t\t\t\t\t\t\t\t\t\t\t<div class=\"swiper-slide\" role=\"group\" aria-roledescription=\"slide\">\n\t\t\t\t\t\t\t\t\t<div class=\"elementor-carousel-image\" role=\"img\" aria-label=\"Barva akryl\u00e1tu v\u00ed\u0159ivky Lucite Tuscan Sun\" style=\"background-image: url(&#039;https:\/\/www.idol.cz\/wp-content\/uploads\/2020\/01\/lucite-acrylic-tuscan-sun-idol-spas-EU-Czech-manufacture.jpg&#039;)\">\n\n\t\t\t\n\t\t\t\t\t<\/div>\n\t\t\t\t\t\t\t\t<\/div>\n\t\t\t\t\t\t\t\t\t\t\t<div class=\"swiper-slide\" role=\"group\" aria-roledescription=\"slide\">\n\t\t\t\t\t\t\t\t\t<div class=\"elementor-carousel-image\" role=\"img\" aria-label=\"Barva akryl\u00e1tu v\u00ed\u0159ivky Lucite Summer Saphire\" style=\"background-image: url(&#039;https:\/\/www.idol.cz\/wp-content\/uploads\/2020\/01\/lucite-acrylic-summer-saphire-idol-spas-EU-Czech-manufacture.jpg&#039;)\">\n\n\t\t\t\n\t\t\t\t\t<\/div>\n\t\t\t\t\t\t\t\t<\/div>\n\t\t\t\t\t\t\t\t\t\t\t<div class=\"swiper-slide\" role=\"group\" aria-roledescription=\"slide\">\n\t\t\t\t\t\t\t\t\t<div class=\"elementor-carousel-image\" role=\"img\" aria-label=\"Barva akryl\u00e1tu v\u00ed\u0159ivky Lucite Sterling Silver\" style=\"background-image: url(&#039;https:\/\/www.idol.cz\/wp-content\/uploads\/2020\/01\/lucite-acrylic-sterling-silver-idol-spas-EU-Czech-manufacture.jpg&#039;)\">\n\n\t\t\t\n\t\t\t\t\t<\/div>\n\t\t\t\t\t\t\t\t<\/div>\n\t\t\t\t\t\t\t\t\t\t\t<div class=\"swiper-slide\" role=\"group\" aria-roledescription=\"slide\">\n\t\t\t\t\t\t\t\t\t<div class=\"elementor-carousel-image\" role=\"img\" aria-label=\"Barva akryl\u00e1tu v\u00ed\u0159ivky Lucite winter solstice\" style=\"background-image: url(&#039;https:\/\/www.idol.cz\/wp-content\/uploads\/2020\/01\/lucite-acrylic-winter-solstice-idol-spas-EU-Czech-manufacture-1.jpg&#039;)\">\n\n\t\t\t\n\t\t\t\t\t<\/div>\n\t\t\t\t\t\t\t\t<\/div>\n\t\t\t\t\t\t\t\t\t\t\t<div class=\"swiper-slide\" role=\"group\" aria-roledescription=\"slide\">\n\t\t\t\t\t\t\t\t\t<div class=\"elementor-carousel-image\" role=\"img\" aria-label=\"Barva akryl\u00e1tu v\u00ed\u0159ivky Lucite Alba\" style=\"background-image: url(&#039;https:\/\/www.idol.cz\/wp-content\/uploads\/2020\/01\/lucite-acrylic-alba-idol-spas-EU-Czech-manufacture.jpg&#039;)\">\n\n\t\t\t\n\t\t\t\t\t<\/div>\n\t\t\t\t\t\t\t\t<\/div>\n\t\t\t\t\t\t\t\t\t\t\t<div class=\"swiper-slide\" role=\"group\" aria-roledescription=\"slide\">\n\t\t\t\t\t\t\t\t\t<div class=\"elementor-carousel-image\" role=\"img\" aria-label=\"v\u00ed\u0159ivky opl\u00e1\u0161t\u011bn\u00ed tmav\u011b \u0161ediv\u00e9\" style=\"background-image: url(&#039;https:\/\/www.idol.cz\/wp-content\/uploads\/2020\/01\/virivky-idol-spas-oplasteni-04.jpg&#039;)\">\n\n\t\t\t\n\t\t\t\t\t<\/div>\n\t\t\t\t\t\t\t\t<\/div>\n\t\t\t\t\t\t\t\t\t\t\t<div class=\"swiper-slide\" role=\"group\" aria-roledescription=\"slide\">\n\t\t\t\t\t\t\t\t\t<div class=\"elementor-carousel-image\" role=\"img\" aria-label=\"opl\u00e1\u0161t\u011bn\u00ed v\u00ed\u0159ivky tmav\u00fd dub\" style=\"background-image: url(&#039;https:\/\/www.idol.cz\/wp-content\/uploads\/2020\/01\/virivky-idol-spas-oplasteni-02.jpg&#039;)\">\n\n\t\t\t\n\t\t\t\t\t<\/div>\n\t\t\t\t\t\t\t\t<\/div>\n\t\t\t\t\t\t\t\t\t<\/div>\n\t\t\t\t\t\t\t\t\t\t\t\t\t\t\t<div class=\"elementor-swiper-button elementor-swiper-button-prev\" role=\"button\" tabindex=\"0\" aria-label=\"Pr\u00e9c\u00e9dent\">\n\t\t\t\t\t\t\t<svg aria-hidden=\"true\" class=\"e-font-icon-svg e-eicon-chevron-left\" viewBox=\"0 0 1000 1000\" xmlns=\"http:\/\/www.w3.org\/2000\/svg\"><path d=\"M646 125C629 125 613 133 604 142L308 442C296 454 292 471 292 487 292 504 296 521 308 533L604 854C617 867 629 875 646 875 663 875 679 871 692 858 704 846 713 829 713 812 713 796 708 779 692 767L438 487 692 225C700 217 708 204 708 187 708 171 704 154 692 142 675 129 663 125 646 125Z\"><\/path><\/svg>\t\t\t\t\t\t<\/div>\n\t\t\t\t\t\t<div class=\"elementor-swiper-button elementor-swiper-button-next\" role=\"button\" tabindex=\"0\" aria-label=\"Suivant\">\n\t\t\t\t\t\t\t<svg aria-hidden=\"true\" class=\"e-font-icon-svg e-eicon-chevron-right\" viewBox=\"0 0 1000 1000\" xmlns=\"http:\/\/www.w3.org\/2000\/svg\"><path d=\"M696 533C708 521 713 504 713 487 713 471 708 454 696 446L400 146C388 133 375 125 354 125 338 125 325 129 313 142 300 154 292 171 292 187 292 204 296 221 308 233L563 492 304 771C292 783 288 800 288 817 288 833 296 850 308 863 321 871 338 875 354 875 371 875 388 867 400 854L696 533Z\"><\/path><\/svg>\t\t\t\t\t\t<\/div>\n\t\t\t\t\t\t\t\t\t\t\t\t\t\t\t\t\t<\/div>\n\t\t\t\t\t\t\t\t\t<div class=\"elementor-main-swiper swiper elementor-thumbnails-swiper swiper\" role=\"region region\" aria-roledescription=\"carousel carousel\" aria-label=\"Diapositives Diapositives\">\n\t\t\t\t<div class=\"swiper-wrapper\">\n\t\t\t\t\t\t\t\t\t\t\t<div class=\"swiper-slide\" role=\"group\" aria-roledescription=\"slide\">\n\t\t\t\t\t\t\t\t\t<div class=\"elementor-carousel-image\" role=\"img\" aria-label=\"Barva akryl\u00e1tu v\u00ed\u0159ivky Lucite Tuscan Sun\" style=\"background-image: url(&#039;https:\/\/www.idol.cz\/wp-content\/uploads\/2020\/01\/lucite-acrylic-tuscan-sun-idol-spas-EU-Czech-manufacture.jpg&#039;)\">\n\n\t\t\t\n\t\t\t\t\t<\/div>\n\t\t\t\t\t\t\t\t<\/div>\n\t\t\t\t\t\t\t\t\t\t\t<div class=\"swiper-slide\" role=\"group\" aria-roledescription=\"slide\">\n\t\t\t\t\t\t\t\t\t<div class=\"elementor-carousel-image\" role=\"img\" aria-label=\"Barva akryl\u00e1tu v\u00ed\u0159ivky Lucite Summer Saphire\" style=\"background-image: url(&#039;https:\/\/www.idol.cz\/wp-content\/uploads\/2020\/01\/lucite-acrylic-summer-saphire-idol-spas-EU-Czech-manufacture.jpg&#039;)\">\n\n\t\t\t\n\t\t\t\t\t<\/div>\n\t\t\t\t\t\t\t\t<\/div>\n\t\t\t\t\t\t\t\t\t\t\t<div class=\"swiper-slide\" role=\"group\" aria-roledescription=\"slide\">\n\t\t\t\t\t\t\t\t\t<div class=\"elementor-carousel-image\" role=\"img\" aria-label=\"Barva akryl\u00e1tu v\u00ed\u0159ivky Lucite Sterling Silver\" style=\"background-image: url(&#039;https:\/\/www.idol.cz\/wp-content\/uploads\/2020\/01\/lucite-acrylic-sterling-silver-idol-spas-EU-Czech-manufacture.jpg&#039;)\">\n\n\t\t\t\n\t\t\t\t\t<\/div>\n\t\t\t\t\t\t\t\t<\/div>\n\t\t\t\t\t\t\t\t\t\t\t<div class=\"swiper-slide\" role=\"group\" aria-roledescription=\"slide\">\n\t\t\t\t\t\t\t\t\t<div class=\"elementor-carousel-image\" role=\"img\" aria-label=\"Barva akryl\u00e1tu v\u00ed\u0159ivky Lucite winter solstice\" style=\"background-image: url(&#039;https:\/\/www.idol.cz\/wp-content\/uploads\/2020\/01\/lucite-acrylic-winter-solstice-idol-spas-EU-Czech-manufacture-1.jpg&#039;)\">\n\n\t\t\t\n\t\t\t\t\t<\/div>\n\t\t\t\t\t\t\t\t<\/div>\n\t\t\t\t\t\t\t\t\t\t\t<div class=\"swiper-slide\" role=\"group\" aria-roledescription=\"slide\">\n\t\t\t\t\t\t\t\t\t<div class=\"elementor-carousel-image\" role=\"img\" aria-label=\"Barva akryl\u00e1tu v\u00ed\u0159ivky Lucite Alba\" style=\"background-image: url(&#039;https:\/\/www.idol.cz\/wp-content\/uploads\/2020\/01\/lucite-acrylic-alba-idol-spas-EU-Czech-manufacture.jpg&#039;)\">\n\n\t\t\t\n\t\t\t\t\t<\/div>\n\t\t\t\t\t\t\t\t<\/div>\n\t\t\t\t\t\t\t\t\t\t\t<div class=\"swiper-slide\" role=\"group\" aria-roledescription=\"slide\">\n\t\t\t\t\t\t\t\t\t<div class=\"elementor-carousel-image\" role=\"img\" aria-label=\"v\u00ed\u0159ivky opl\u00e1\u0161t\u011bn\u00ed tmav\u011b \u0161ediv\u00e9\" style=\"background-image: url(&#039;https:\/\/www.idol.cz\/wp-content\/uploads\/2020\/01\/virivky-idol-spas-oplasteni-04.jpg&#039;)\">\n\n\t\t\t\n\t\t\t\t\t<\/div>\n\t\t\t\t\t\t\t\t<\/div>\n\t\t\t\t\t\t\t\t\t\t\t<div class=\"swiper-slide\" role=\"group\" aria-roledescription=\"slide\">\n\t\t\t\t\t\t\t\t\t<div class=\"elementor-carousel-image\" role=\"img\" aria-label=\"opl\u00e1\u0161t\u011bn\u00ed v\u00ed\u0159ivky tmav\u00fd dub\" style=\"background-image: url(&#039;https:\/\/www.idol.cz\/wp-content\/uploads\/2020\/01\/virivky-idol-spas-oplasteni-02.jpg&#039;)\">\n\n\t\t\t\n\t\t\t\t\t<\/div>\n\t\t\t\t\t\t\t\t<\/div>\n\t\t\t\t\t\t\t\t\t<\/div>\n\t\t\t\t\t\t\t\t\t\t\t\t\t\t\t\t\t\t\t\t\t<\/div>\n\t\t\t\t\t\t\t\t<\/div>\n\t\t\t\t\t<\/div>\n\t\t<\/div>\n\t\t\t\t<div class=\"elementor-column elementor-col-50 elementor-top-column elementor-element elementor-element-0ad618d\" data-id=\"0ad618d\" data-element_type=\"column\" data-settings=\"{&quot;background_background&quot;:&quot;classic&quot;,&quot;_ob_bbad_is_stalker&quot;:&quot;no&quot;,&quot;_ob_teleporter_use&quot;:false}\">\n\t\t\t<div class=\"elementor-widget-wrap elementor-element-populated\">\n\t\t\t\t\t\t<div class=\"elementor-element elementor-element-9fe1e7a elementor-widget elementor-widget-spacer\" data-id=\"9fe1e7a\" data-element_type=\"widget\" data-settings=\"{&quot;_ob_widget_stalker_use&quot;:&quot;no&quot;}\" data-widget_type=\"spacer.default\">\n\t\t\t\t\t\t\t<div class=\"elementor-spacer\">\n\t\t\t<div class=\"elementor-spacer-inner\"><\/div>\n\t\t<\/div>\n\t\t\t\t\t\t<\/div>\n\t\t\t\t\t<\/div>\n\t\t<\/div>\n\t\t\t\t\t<\/div>\n\t\t<\/section>\n\t\t\t\t<\/div>\n\t\t","protected":false},"excerpt":{"rendered":"<p>Previous Next<\/p>\n","protected":false},"author":1,"featured_media":0,"parent":0,"menu_order":0,"comment_status":"closed","ping_status":"open","template":"","meta":{"footnotes":""},"class_list":["post-15669","page","type-page","status-publish","hentry"],"yoast_head":"<!-- This site is optimized with the Yoast SEO Premium plugin v24.9 (Yoast SEO v24.9) - https:\/\/yoast.com\/wordpress\/plugins\/seo\/ -->\n<title>Page de test | bains \u00e0 remous ext\u00e9rieurs, spa aquatique, piscines<\/title>\n<meta name=\"robots\" content=\"index, follow, max-snippet:-1, max-image-preview:large, max-video-preview:-1\" \/>\n<link rel=\"canonical\" href=\"https:\/\/www.idol.cz\/fr\/page-de-test\/\" \/>\n<meta property=\"og:locale\" content=\"fr_FR\" \/>\n<meta property=\"og:type\" content=\"article\" \/>\n<meta property=\"og:title\" content=\"Page de test\" \/>\n<meta property=\"og:description\" content=\"Previous Next\" \/>\n<meta property=\"og:url\" content=\"https:\/\/www.idol.cz\/fr\/page-de-test\/\" \/>\n<meta property=\"og:site_name\" content=\"bains \u00e0 remous ext\u00e9rieurs, spa aquatique, piscines\" \/>\n<meta property=\"article:publisher\" content=\"https:\/\/www.facebook.com\/IdolSpas\/\" \/>\n<meta name=\"twitter:card\" content=\"summary_large_image\" \/>\n<script type=\"application\/ld+json\" class=\"yoast-schema-graph\">{\"@context\":\"https:\/\/schema.org\",\"@graph\":[{\"@type\":\"WebPage\",\"@id\":\"https:\/\/www.idol.cz\/fr\/page-de-test\/\",\"url\":\"https:\/\/www.idol.cz\/fr\/page-de-test\/\",\"name\":\"Page de test | bains \u00e0 remous ext\u00e9rieurs, spa aquatique, piscines\",\"isPartOf\":{\"@id\":\"https:\/\/www.idol.cz\/fr\/#website\"},\"datePublished\":\"2020-07-12T06:23:58+00:00\",\"breadcrumb\":{\"@id\":\"https:\/\/www.idol.cz\/fr\/page-de-test\/#breadcrumb\"},\"inLanguage\":\"fr-FR\",\"potentialAction\":[{\"@type\":\"ReadAction\",\"target\":[\"https:\/\/www.idol.cz\/fr\/page-de-test\/\"]}]},{\"@type\":\"BreadcrumbList\",\"@id\":\"https:\/\/www.idol.cz\/fr\/page-de-test\/#breadcrumb\",\"itemListElement\":[{\"@type\":\"ListItem\",\"position\":1,\"name\":\"Dom\u016f\",\"item\":\"https:\/\/www.idol.cz\/fr\/\"},{\"@type\":\"ListItem\",\"position\":2,\"name\":\"Page de test\"}]},{\"@type\":\"WebSite\",\"@id\":\"https:\/\/www.idol.cz\/fr\/#website\",\"url\":\"https:\/\/www.idol.cz\/fr\/\",\"name\":\"v\u00ed\u0159ivky venkovn\u00ed, swim spa, baz\u00e9ny\",\"description\":\"Luxusn\u00ed \u010desk\u00e9 v\u00ed\u0159ivky a swim spa\",\"publisher\":{\"@id\":\"https:\/\/www.idol.cz\/fr\/#organization\"},\"potentialAction\":[{\"@type\":\"SearchAction\",\"target\":{\"@type\":\"EntryPoint\",\"urlTemplate\":\"https:\/\/www.idol.cz\/fr\/?s={search_term_string}\"},\"query-input\":{\"@type\":\"PropertyValueSpecification\",\"valueRequired\":true,\"valueName\":\"search_term_string\"}}],\"inLanguage\":\"fr-FR\"},{\"@type\":\"Organization\",\"@id\":\"https:\/\/www.idol.cz\/fr\/#organization\",\"name\":\"IDOL SPAS, s.r.o.\",\"url\":\"https:\/\/www.idol.cz\/fr\/\",\"logo\":{\"@type\":\"ImageObject\",\"inLanguage\":\"fr-FR\",\"@id\":\"https:\/\/www.idol.cz\/fr\/#\/schema\/logo\/image\/\",\"url\":\"https:\/\/www.idol.cz\/wp-content\/uploads\/2020\/02\/idol-spas-logo.png\",\"contentUrl\":\"https:\/\/www.idol.cz\/wp-content\/uploads\/2020\/02\/idol-spas-logo.png\",\"width\":512,\"height\":206,\"caption\":\"IDOL SPAS, s.r.o.\"},\"image\":{\"@id\":\"https:\/\/www.idol.cz\/fr\/#\/schema\/logo\/image\/\"},\"sameAs\":[\"https:\/\/www.facebook.com\/IdolSpas\/\"]}]}<\/script>\n<!-- \/ Yoast SEO Premium plugin. -->","yoast_head_json":{"title":"Page de test | bains \u00e0 remous ext\u00e9rieurs, spa aquatique, piscines","robots":{"index":"index","follow":"follow","max-snippet":"max-snippet:-1","max-image-preview":"max-image-preview:large","max-video-preview":"max-video-preview:-1"},"canonical":"https:\/\/www.idol.cz\/fr\/page-de-test\/","og_locale":"fr_FR","og_type":"article","og_title":"Page de test","og_description":"Previous Next","og_url":"https:\/\/www.idol.cz\/fr\/page-de-test\/","og_site_name":"bains \u00e0 remous ext\u00e9rieurs, spa aquatique, piscines","article_publisher":"https:\/\/www.facebook.com\/IdolSpas\/","twitter_card":"summary_large_image","schema":{"@context":"https:\/\/schema.org","@graph":[{"@type":"WebPage","@id":"https:\/\/www.idol.cz\/fr\/page-de-test\/","url":"https:\/\/www.idol.cz\/fr\/page-de-test\/","name":"Page de test | bains \u00e0 remous ext\u00e9rieurs, spa aquatique, piscines","isPartOf":{"@id":"https:\/\/www.idol.cz\/fr\/#website"},"datePublished":"2020-07-12T06:23:58+00:00","breadcrumb":{"@id":"https:\/\/www.idol.cz\/fr\/page-de-test\/#breadcrumb"},"inLanguage":"fr-FR","potentialAction":[{"@type":"ReadAction","target":["https:\/\/www.idol.cz\/fr\/page-de-test\/"]}]},{"@type":"BreadcrumbList","@id":"https:\/\/www.idol.cz\/fr\/page-de-test\/#breadcrumb","itemListElement":[{"@type":"ListItem","position":1,"name":"Dom\u016f","item":"https:\/\/www.idol.cz\/fr\/"},{"@type":"ListItem","position":2,"name":"Page de test"}]},{"@type":"WebSite","@id":"https:\/\/www.idol.cz\/fr\/#website","url":"https:\/\/www.idol.cz\/fr\/","name":"v\u00ed\u0159ivky venkovn\u00ed, swim spa, baz\u00e9ny","description":"Luxusn\u00ed \u010desk\u00e9 v\u00ed\u0159ivky a swim spa","publisher":{"@id":"https:\/\/www.idol.cz\/fr\/#organization"},"potentialAction":[{"@type":"SearchAction","target":{"@type":"EntryPoint","urlTemplate":"https:\/\/www.idol.cz\/fr\/?s={search_term_string}"},"query-input":{"@type":"PropertyValueSpecification","valueRequired":true,"valueName":"search_term_string"}}],"inLanguage":"fr-FR"},{"@type":"Organization","@id":"https:\/\/www.idol.cz\/fr\/#organization","name":"IDOL SPAS, s.r.o.","url":"https:\/\/www.idol.cz\/fr\/","logo":{"@type":"ImageObject","inLanguage":"fr-FR","@id":"https:\/\/www.idol.cz\/fr\/#\/schema\/logo\/image\/","url":"https:\/\/www.idol.cz\/wp-content\/uploads\/2020\/02\/idol-spas-logo.png","contentUrl":"https:\/\/www.idol.cz\/wp-content\/uploads\/2020\/02\/idol-spas-logo.png","width":512,"height":206,"caption":"IDOL SPAS, s.r.o."},"image":{"@id":"https:\/\/www.idol.cz\/fr\/#\/schema\/logo\/image\/"},"sameAs":["https:\/\/www.facebook.com\/IdolSpas\/"]}]}},"_links":{"self":[{"href":"https:\/\/www.idol.cz\/fr\/wp-json\/wp\/v2\/pages\/15669"}],"collection":[{"href":"https:\/\/www.idol.cz\/fr\/wp-json\/wp\/v2\/pages"}],"about":[{"href":"https:\/\/www.idol.cz\/fr\/wp-json\/wp\/v2\/types\/page"}],"author":[{"embeddable":true,"href":"https:\/\/www.idol.cz\/fr\/wp-json\/wp\/v2\/users\/1"}],"replies":[{"embeddable":true,"href":"https:\/\/www.idol.cz\/fr\/wp-json\/wp\/v2\/comments?post=15669"}],"version-history":[{"count":0,"href":"https:\/\/www.idol.cz\/fr\/wp-json\/wp\/v2\/pages\/15669\/revisions"}],"wp:attachment":[{"href":"https:\/\/www.idol.cz\/fr\/wp-json\/wp\/v2\/media?parent=15669"}],"curies":[{"name":"wp","href":"https:\/\/api.w.org\/{rel}","templated":true}]}}