{"id":13978,"date":"2025-03-07T14:01:35","date_gmt":"2020-06-06T20:08:32","guid":{"rendered":"https:\/\/idol.cz\/produkt\/nezarazene\/elis-2\/"},"modified":"2020-07-12T06:48:34","modified_gmt":"2020-07-12T04:48:34","slug":"elis","status":"publish","type":"product","link":"https:\/\/www.idol.cz\/fr\/produkt\/jacuzzi\/elis\/","title":{"rendered":"Elis"},"content":{"rendered":"<h3>Luxueux De luxe Elis<\/h3>\n<ul>\n<li>Bain \u00e0 remous pour jusqu\u2019\u00e0<strong> 5 personnes<\/strong><\/li>\n<li>L\u2019\u00e9quipement de la plus haute qualit\u00e9 des plus grands fabricants du monde<\/li>\n<li>Placement de buse r\u00e9fl\u00e9chie pour le massage encore plus parfait de toutes les parties du corps et beaucoup d\u2019espace confortable<\/li>\n<li>Buses rotatives et droites r\u00e9glables de CMP<\/li>\n<li>Panneau de contr\u00f4le des couleurs Gecko in.k500 premium avec fonctionnement intuitif<\/li>\n<li>Couleurs d\u2019acrylique, thermocover et rev\u00eatement de votre choix<\/li>\n<\/ul>\n","protected":false},"excerpt":{"rendered":"<h2>Votre \u00e2me s\u0153ur avec un grand c\u0153ur et des id\u00e9es avis\u00e9es<\/h2>\n","protected":false},"featured_media":11308,"template":"","meta":[],"product_cat":[223],"product_tag":[225],"class_list":{"0":"post-13978","1":"product","2":"type-product","3":"status-publish","4":"has-post-thumbnail","6":"product_cat-jacuzzi","7":"product_tag-jacuzzi-fr","9":"first","10":"instock","11":"taxable","12":"shipping-taxable","13":"purchasable","14":"product-type-simple"},"yoast_head":"<!-- This site is optimized with the Yoast SEO Premium plugin v24.9 (Yoast SEO v24.9) - https:\/\/yoast.com\/wordpress\/plugins\/seo\/ -->\n<title>Elis - luxe bain \u00e0 remous | bains \u00e0 remous ext\u00e9rieurs, spa aquatique, piscines<\/title>\n<meta name=\"description\" content=\"Bain \u00e0 remous tch\u00e8que pour une grande famille et des moments avec vos amis. Le d\u00e9ploiement r\u00e9fl\u00e9chi des buses permet un confort suffisant et cible l\u2019exp\u00e9rience parfaite et le massage du corps.\" \/>\n<meta name=\"robots\" content=\"index, follow, max-snippet:-1, max-image-preview:large, max-video-preview:-1\" \/>\n<link rel=\"canonical\" href=\"https:\/\/www.idol.cz\/fr\/produkt\/jacuzzi\/elis\/\" \/>\n<meta property=\"og:locale\" content=\"fr_FR\" \/>\n<meta property=\"og:type\" content=\"article\" \/>\n<meta property=\"og:title\" content=\"Elis\" \/>\n<meta property=\"og:description\" content=\"Bain \u00e0 remous tch\u00e8que pour une grande famille et des moments avec vos amis. Le d\u00e9ploiement r\u00e9fl\u00e9chi des buses permet un confort suffisant et cible l\u2019exp\u00e9rience parfaite et le massage du corps.\" \/>\n<meta property=\"og:url\" content=\"https:\/\/www.idol.cz\/fr\/produkt\/jacuzzi\/elis\/\" \/>\n<meta property=\"og:site_name\" content=\"bains \u00e0 remous ext\u00e9rieurs, spa aquatique, piscines\" \/>\n<meta property=\"article:publisher\" content=\"https:\/\/www.facebook.com\/IdolSpas\/\" \/>\n<meta property=\"article:modified_time\" content=\"2020-07-12T04:48:34+00:00\" \/>\n<meta property=\"og:image\" content=\"https:\/\/www.idol.cz\/wp-content\/uploads\/2018\/10\/idol-spas-luxusni-virivky-elis-fb.jpg\" \/>\n<meta name=\"twitter:card\" content=\"summary_large_image\" \/>\n<script type=\"application\/ld+json\" class=\"yoast-schema-graph\">{\"@context\":\"https:\/\/schema.org\",\"@graph\":[{\"@type\":\"WebPage\",\"@id\":\"https:\/\/www.idol.cz\/fr\/produkt\/jacuzzi\/elis\/\",\"url\":\"https:\/\/www.idol.cz\/fr\/produkt\/jacuzzi\/elis\/\",\"name\":\"Elis - luxe bain \u00e0 remous | bains \u00e0 remous ext\u00e9rieurs, spa aquatique, piscines\",\"isPartOf\":{\"@id\":\"https:\/\/www.idol.cz\/fr\/#website\"},\"primaryImageOfPage\":{\"@id\":\"https:\/\/www.idol.cz\/fr\/produkt\/jacuzzi\/elis\/#primaryimage\"},\"image\":{\"@id\":\"https:\/\/www.idol.cz\/fr\/produkt\/jacuzzi\/elis\/#primaryimage\"},\"thumbnailUrl\":\"https:\/\/www.idol.cz\/wp-content\/uploads\/2018\/10\/idol-spas-elis-2020.jpg\",\"datePublished\":\"2020-06-06T20:08:32+00:00\",\"dateModified\":\"2020-07-12T04:48:34+00:00\",\"description\":\"Bain \u00e0 remous tch\u00e8que pour une grande famille et des moments avec vos amis. Le d\u00e9ploiement r\u00e9fl\u00e9chi des buses permet un confort suffisant et cible l\u2019exp\u00e9rience parfaite et le massage du corps.\",\"breadcrumb\":{\"@id\":\"https:\/\/www.idol.cz\/fr\/produkt\/jacuzzi\/elis\/#breadcrumb\"},\"inLanguage\":\"fr-FR\",\"potentialAction\":[{\"@type\":\"ReadAction\",\"target\":[\"https:\/\/www.idol.cz\/fr\/produkt\/jacuzzi\/elis\/\"]}]},{\"@type\":\"ImageObject\",\"inLanguage\":\"fr-FR\",\"@id\":\"https:\/\/www.idol.cz\/fr\/produkt\/jacuzzi\/elis\/#primaryimage\",\"url\":\"https:\/\/www.idol.cz\/wp-content\/uploads\/2018\/10\/idol-spas-elis-2020.jpg\",\"contentUrl\":\"https:\/\/www.idol.cz\/wp-content\/uploads\/2018\/10\/idol-spas-elis-2020.jpg\",\"width\":1080,\"height\":1080,\"caption\":\"Idol Spas Hot Tub Elis\"},{\"@type\":\"BreadcrumbList\",\"@id\":\"https:\/\/www.idol.cz\/fr\/produkt\/jacuzzi\/elis\/#breadcrumb\",\"itemListElement\":[{\"@type\":\"ListItem\",\"position\":1,\"name\":\"Dom\u016f\",\"item\":\"https:\/\/www.idol.cz\/fr\/\"},{\"@type\":\"ListItem\",\"position\":2,\"name\":\"E-shop\",\"item\":\"https:\/\/www.idol.cz\/fr\/boutique\/\"},{\"@type\":\"ListItem\",\"position\":3,\"name\":\"Jacuzzi\",\"item\":\"https:\/\/www.idol.cz\/fr\/kategorie-produktu\/jacuzzi\/\"},{\"@type\":\"ListItem\",\"position\":4,\"name\":\"Elis\"}]},{\"@type\":\"WebSite\",\"@id\":\"https:\/\/www.idol.cz\/fr\/#website\",\"url\":\"https:\/\/www.idol.cz\/fr\/\",\"name\":\"v\u00ed\u0159ivky venkovn\u00ed, swim spa, baz\u00e9ny\",\"description\":\"Luxusn\u00ed \u010desk\u00e9 v\u00ed\u0159ivky a swim spa\",\"publisher\":{\"@id\":\"https:\/\/www.idol.cz\/fr\/#organization\"},\"potentialAction\":[{\"@type\":\"SearchAction\",\"target\":{\"@type\":\"EntryPoint\",\"urlTemplate\":\"https:\/\/www.idol.cz\/fr\/?s={search_term_string}\"},\"query-input\":{\"@type\":\"PropertyValueSpecification\",\"valueRequired\":true,\"valueName\":\"search_term_string\"}}],\"inLanguage\":\"fr-FR\"},{\"@type\":\"Organization\",\"@id\":\"https:\/\/www.idol.cz\/fr\/#organization\",\"name\":\"IDOL SPAS, s.r.o.\",\"url\":\"https:\/\/www.idol.cz\/fr\/\",\"logo\":{\"@type\":\"ImageObject\",\"inLanguage\":\"fr-FR\",\"@id\":\"https:\/\/www.idol.cz\/fr\/#\/schema\/logo\/image\/\",\"url\":\"https:\/\/www.idol.cz\/wp-content\/uploads\/2020\/02\/idol-spas-logo.png\",\"contentUrl\":\"https:\/\/www.idol.cz\/wp-content\/uploads\/2020\/02\/idol-spas-logo.png\",\"width\":512,\"height\":206,\"caption\":\"IDOL SPAS, s.r.o.\"},\"image\":{\"@id\":\"https:\/\/www.idol.cz\/fr\/#\/schema\/logo\/image\/\"},\"sameAs\":[\"https:\/\/www.facebook.com\/IdolSpas\/\"]}]}<\/script>\n<!-- \/ Yoast SEO Premium plugin. -->","yoast_head_json":{"title":"Elis - luxe bain \u00e0 remous | bains \u00e0 remous ext\u00e9rieurs, spa aquatique, piscines","description":"Bain \u00e0 remous tch\u00e8que pour une grande famille et des moments avec vos amis. Le d\u00e9ploiement r\u00e9fl\u00e9chi des buses permet un confort suffisant et cible l\u2019exp\u00e9rience parfaite et le massage du corps.","robots":{"index":"index","follow":"follow","max-snippet":"max-snippet:-1","max-image-preview":"max-image-preview:large","max-video-preview":"max-video-preview:-1"},"canonical":"https:\/\/www.idol.cz\/fr\/produkt\/jacuzzi\/elis\/","og_locale":"fr_FR","og_type":"article","og_title":"Elis","og_description":"Bain \u00e0 remous tch\u00e8que pour une grande famille et des moments avec vos amis. Le d\u00e9ploiement r\u00e9fl\u00e9chi des buses permet un confort suffisant et cible l\u2019exp\u00e9rience parfaite et le massage du corps.","og_url":"https:\/\/www.idol.cz\/fr\/produkt\/jacuzzi\/elis\/","og_site_name":"bains \u00e0 remous ext\u00e9rieurs, spa aquatique, piscines","article_publisher":"https:\/\/www.facebook.com\/IdolSpas\/","article_modified_time":"2020-07-12T04:48:34+00:00","og_image":[{"url":"https:\/\/www.idol.cz\/wp-content\/uploads\/2018\/10\/idol-spas-luxusni-virivky-elis-fb.jpg","type":"","width":"","height":""}],"twitter_card":"summary_large_image","schema":{"@context":"https:\/\/schema.org","@graph":[{"@type":"WebPage","@id":"https:\/\/www.idol.cz\/fr\/produkt\/jacuzzi\/elis\/","url":"https:\/\/www.idol.cz\/fr\/produkt\/jacuzzi\/elis\/","name":"Elis - luxe bain \u00e0 remous | bains \u00e0 remous ext\u00e9rieurs, spa aquatique, piscines","isPartOf":{"@id":"https:\/\/www.idol.cz\/fr\/#website"},"primaryImageOfPage":{"@id":"https:\/\/www.idol.cz\/fr\/produkt\/jacuzzi\/elis\/#primaryimage"},"image":{"@id":"https:\/\/www.idol.cz\/fr\/produkt\/jacuzzi\/elis\/#primaryimage"},"thumbnailUrl":"https:\/\/www.idol.cz\/wp-content\/uploads\/2018\/10\/idol-spas-elis-2020.jpg","datePublished":"2020-06-06T20:08:32+00:00","dateModified":"2020-07-12T04:48:34+00:00","description":"Bain \u00e0 remous tch\u00e8que pour une grande famille et des moments avec vos amis. Le d\u00e9ploiement r\u00e9fl\u00e9chi des buses permet un confort suffisant et cible l\u2019exp\u00e9rience parfaite et le massage du corps.","breadcrumb":{"@id":"https:\/\/www.idol.cz\/fr\/produkt\/jacuzzi\/elis\/#breadcrumb"},"inLanguage":"fr-FR","potentialAction":[{"@type":"ReadAction","target":["https:\/\/www.idol.cz\/fr\/produkt\/jacuzzi\/elis\/"]}]},{"@type":"ImageObject","inLanguage":"fr-FR","@id":"https:\/\/www.idol.cz\/fr\/produkt\/jacuzzi\/elis\/#primaryimage","url":"https:\/\/www.idol.cz\/wp-content\/uploads\/2018\/10\/idol-spas-elis-2020.jpg","contentUrl":"https:\/\/www.idol.cz\/wp-content\/uploads\/2018\/10\/idol-spas-elis-2020.jpg","width":1080,"height":1080,"caption":"Idol Spas Hot Tub Elis"},{"@type":"BreadcrumbList","@id":"https:\/\/www.idol.cz\/fr\/produkt\/jacuzzi\/elis\/#breadcrumb","itemListElement":[{"@type":"ListItem","position":1,"name":"Dom\u016f","item":"https:\/\/www.idol.cz\/fr\/"},{"@type":"ListItem","position":2,"name":"E-shop","item":"https:\/\/www.idol.cz\/fr\/boutique\/"},{"@type":"ListItem","position":3,"name":"Jacuzzi","item":"https:\/\/www.idol.cz\/fr\/kategorie-produktu\/jacuzzi\/"},{"@type":"ListItem","position":4,"name":"Elis"}]},{"@type":"WebSite","@id":"https:\/\/www.idol.cz\/fr\/#website","url":"https:\/\/www.idol.cz\/fr\/","name":"v\u00ed\u0159ivky venkovn\u00ed, swim spa, baz\u00e9ny","description":"Luxusn\u00ed \u010desk\u00e9 v\u00ed\u0159ivky a swim spa","publisher":{"@id":"https:\/\/www.idol.cz\/fr\/#organization"},"potentialAction":[{"@type":"SearchAction","target":{"@type":"EntryPoint","urlTemplate":"https:\/\/www.idol.cz\/fr\/?s={search_term_string}"},"query-input":{"@type":"PropertyValueSpecification","valueRequired":true,"valueName":"search_term_string"}}],"inLanguage":"fr-FR"},{"@type":"Organization","@id":"https:\/\/www.idol.cz\/fr\/#organization","name":"IDOL SPAS, s.r.o.","url":"https:\/\/www.idol.cz\/fr\/","logo":{"@type":"ImageObject","inLanguage":"fr-FR","@id":"https:\/\/www.idol.cz\/fr\/#\/schema\/logo\/image\/","url":"https:\/\/www.idol.cz\/wp-content\/uploads\/2020\/02\/idol-spas-logo.png","contentUrl":"https:\/\/www.idol.cz\/wp-content\/uploads\/2020\/02\/idol-spas-logo.png","width":512,"height":206,"caption":"IDOL SPAS, s.r.o."},"image":{"@id":"https:\/\/www.idol.cz\/fr\/#\/schema\/logo\/image\/"},"sameAs":["https:\/\/www.facebook.com\/IdolSpas\/"]}]}},"_links":{"self":[{"href":"https:\/\/www.idol.cz\/fr\/wp-json\/wp\/v2\/product\/13978"}],"collection":[{"href":"https:\/\/www.idol.cz\/fr\/wp-json\/wp\/v2\/product"}],"about":[{"href":"https:\/\/www.idol.cz\/fr\/wp-json\/wp\/v2\/types\/product"}],"wp:featuredmedia":[{"embeddable":true,"href":"https:\/\/www.idol.cz\/fr\/wp-json\/wp\/v2\/media\/11308"}],"wp:attachment":[{"href":"https:\/\/www.idol.cz\/fr\/wp-json\/wp\/v2\/media?parent=13978"}],"wp:term":[{"taxonomy":"product_cat","embeddable":true,"href":"https:\/\/www.idol.cz\/fr\/wp-json\/wp\/v2\/product_cat?post=13978"},{"taxonomy":"product_tag","embeddable":true,"href":"https:\/\/www.idol.cz\/fr\/wp-json\/wp\/v2\/product_tag?post=13978"}],"curies":[{"name":"wp","href":"https:\/\/api.w.org\/{rel}","templated":true}]}}