{"id":13990,"date":"2025-03-07T15:41:02","date_gmt":"2020-06-06T20:09:01","guid":{"rendered":"https:\/\/idol.cz\/produkt\/nezarazene\/christi-2\/"},"modified":"2020-07-12T06:46:10","modified_gmt":"2020-07-12T04:46:10","slug":"christi","status":"publish","type":"product","link":"https:\/\/www.idol.cz\/fr\/produkt\/jacuzzi\/christi\/","title":{"rendered":"Christi"},"content":{"rendered":"<h3>Luxueux de luxe Christi<\/h3>\n<ul>\n<li>Bain \u00e0 remous pour <strong>4 personnes<\/strong><\/li>\n<li>L\u2019\u00e9quipement de la plus haute qualit\u00e9 des plus grands fabricants du monde<\/li>\n<li>Buses rotatives et droites r\u00e9glables de CMP<\/li>\n<li>Panneau de contr\u00f4le des couleurs Gecko in.k500 premium avec fonctionnement intuitif<\/li>\n<li>Couleurs d\u2019acrylique, thermocover et rev\u00eatement de votre choix<\/li>\n<li><strong>Nouveau bain \u00e0 remous \u00e0 livrer en aussi vite que 15-30 jours<\/strong><\/li>\n<\/ul>\n","protected":false},"excerpt":{"rendered":"<h2>Emplacement parfait des si\u00e8ges et du mensonge<\/h2>\n","protected":false},"featured_media":11324,"template":"","meta":[],"product_cat":[223],"product_tag":[225],"class_list":{"0":"post-13990","1":"product","2":"type-product","3":"status-publish","4":"has-post-thumbnail","6":"product_cat-jacuzzi","7":"product_tag-jacuzzi-fr","9":"first","10":"instock","11":"taxable","12":"shipping-taxable","13":"purchasable","14":"product-type-simple"},"yoast_head":"<!-- This site is optimized with the Yoast SEO Premium plugin v24.9 (Yoast SEO v24.9) - https:\/\/yoast.com\/wordpress\/plugins\/seo\/ -->\n<title>Christi - luxe bain \u00e0 remous | bains \u00e0 remous ext\u00e9rieurs, spa aquatique, piscines<\/title>\n<meta name=\"description\" content=\"En standard, il offre tout le confort \u00e0 jusqu\u2019\u00e0 4 personnes relaxantes. Ce bain \u00e0 remous convient \u00e0 la fois au jardin et \u00e0 l\u2019int\u00e9rieur.\" \/>\n<meta name=\"robots\" content=\"index, follow, max-snippet:-1, max-image-preview:large, max-video-preview:-1\" \/>\n<link rel=\"canonical\" href=\"https:\/\/www.idol.cz\/fr\/produkt\/jacuzzi\/christi\/\" \/>\n<meta property=\"og:locale\" content=\"fr_FR\" \/>\n<meta property=\"og:type\" content=\"article\" \/>\n<meta property=\"og:title\" content=\"Christi\" \/>\n<meta property=\"og:description\" content=\"En standard, il offre tout le confort \u00e0 jusqu\u2019\u00e0 4 personnes relaxantes. Ce bain \u00e0 remous convient \u00e0 la fois au jardin et \u00e0 l\u2019int\u00e9rieur.\" \/>\n<meta property=\"og:url\" content=\"https:\/\/www.idol.cz\/fr\/produkt\/jacuzzi\/christi\/\" \/>\n<meta property=\"og:site_name\" content=\"bains \u00e0 remous ext\u00e9rieurs, spa aquatique, piscines\" \/>\n<meta property=\"article:publisher\" content=\"https:\/\/www.facebook.com\/IdolSpas\/\" \/>\n<meta property=\"article:modified_time\" content=\"2020-07-12T04:46:10+00:00\" \/>\n<meta property=\"og:image\" content=\"https:\/\/www.idol.cz\/wp-content\/uploads\/2018\/10\/idol-spas-luxusni-virivky-christi-fb.jpg\" \/>\n<meta name=\"twitter:card\" content=\"summary_large_image\" \/>\n<script type=\"application\/ld+json\" class=\"yoast-schema-graph\">{\"@context\":\"https:\/\/schema.org\",\"@graph\":[{\"@type\":\"WebPage\",\"@id\":\"https:\/\/www.idol.cz\/fr\/produkt\/jacuzzi\/christi\/\",\"url\":\"https:\/\/www.idol.cz\/fr\/produkt\/jacuzzi\/christi\/\",\"name\":\"Christi - luxe bain \u00e0 remous | bains \u00e0 remous ext\u00e9rieurs, spa aquatique, piscines\",\"isPartOf\":{\"@id\":\"https:\/\/www.idol.cz\/fr\/#website\"},\"primaryImageOfPage\":{\"@id\":\"https:\/\/www.idol.cz\/fr\/produkt\/jacuzzi\/christi\/#primaryimage\"},\"image\":{\"@id\":\"https:\/\/www.idol.cz\/fr\/produkt\/jacuzzi\/christi\/#primaryimage\"},\"thumbnailUrl\":\"https:\/\/www.idol.cz\/wp-content\/uploads\/2018\/10\/idol-spas-christi-2020.jpg\",\"datePublished\":\"2020-06-06T20:09:01+00:00\",\"dateModified\":\"2020-07-12T04:46:10+00:00\",\"description\":\"En standard, il offre tout le confort \u00e0 jusqu\u2019\u00e0 4 personnes relaxantes. Ce bain \u00e0 remous convient \u00e0 la fois au jardin et \u00e0 l\u2019int\u00e9rieur.\",\"breadcrumb\":{\"@id\":\"https:\/\/www.idol.cz\/fr\/produkt\/jacuzzi\/christi\/#breadcrumb\"},\"inLanguage\":\"fr-FR\",\"potentialAction\":[{\"@type\":\"ReadAction\",\"target\":[\"https:\/\/www.idol.cz\/fr\/produkt\/jacuzzi\/christi\/\"]}]},{\"@type\":\"ImageObject\",\"inLanguage\":\"fr-FR\",\"@id\":\"https:\/\/www.idol.cz\/fr\/produkt\/jacuzzi\/christi\/#primaryimage\",\"url\":\"https:\/\/www.idol.cz\/wp-content\/uploads\/2018\/10\/idol-spas-christi-2020.jpg\",\"contentUrl\":\"https:\/\/www.idol.cz\/wp-content\/uploads\/2018\/10\/idol-spas-christi-2020.jpg\",\"width\":1080,\"height\":1080,\"caption\":\"Idol Spas Hot Tub Christi\"},{\"@type\":\"BreadcrumbList\",\"@id\":\"https:\/\/www.idol.cz\/fr\/produkt\/jacuzzi\/christi\/#breadcrumb\",\"itemListElement\":[{\"@type\":\"ListItem\",\"position\":1,\"name\":\"Dom\u016f\",\"item\":\"https:\/\/www.idol.cz\/fr\/\"},{\"@type\":\"ListItem\",\"position\":2,\"name\":\"E-shop\",\"item\":\"https:\/\/www.idol.cz\/fr\/boutique\/\"},{\"@type\":\"ListItem\",\"position\":3,\"name\":\"Jacuzzi\",\"item\":\"https:\/\/www.idol.cz\/fr\/kategorie-produktu\/jacuzzi\/\"},{\"@type\":\"ListItem\",\"position\":4,\"name\":\"Christi\"}]},{\"@type\":\"WebSite\",\"@id\":\"https:\/\/www.idol.cz\/fr\/#website\",\"url\":\"https:\/\/www.idol.cz\/fr\/\",\"name\":\"v\u00ed\u0159ivky venkovn\u00ed, swim spa, baz\u00e9ny\",\"description\":\"Luxusn\u00ed \u010desk\u00e9 v\u00ed\u0159ivky a swim spa\",\"publisher\":{\"@id\":\"https:\/\/www.idol.cz\/fr\/#organization\"},\"potentialAction\":[{\"@type\":\"SearchAction\",\"target\":{\"@type\":\"EntryPoint\",\"urlTemplate\":\"https:\/\/www.idol.cz\/fr\/?s={search_term_string}\"},\"query-input\":{\"@type\":\"PropertyValueSpecification\",\"valueRequired\":true,\"valueName\":\"search_term_string\"}}],\"inLanguage\":\"fr-FR\"},{\"@type\":\"Organization\",\"@id\":\"https:\/\/www.idol.cz\/fr\/#organization\",\"name\":\"IDOL SPAS, s.r.o.\",\"url\":\"https:\/\/www.idol.cz\/fr\/\",\"logo\":{\"@type\":\"ImageObject\",\"inLanguage\":\"fr-FR\",\"@id\":\"https:\/\/www.idol.cz\/fr\/#\/schema\/logo\/image\/\",\"url\":\"https:\/\/www.idol.cz\/wp-content\/uploads\/2020\/02\/idol-spas-logo.png\",\"contentUrl\":\"https:\/\/www.idol.cz\/wp-content\/uploads\/2020\/02\/idol-spas-logo.png\",\"width\":512,\"height\":206,\"caption\":\"IDOL SPAS, s.r.o.\"},\"image\":{\"@id\":\"https:\/\/www.idol.cz\/fr\/#\/schema\/logo\/image\/\"},\"sameAs\":[\"https:\/\/www.facebook.com\/IdolSpas\/\"]}]}<\/script>\n<!-- \/ Yoast SEO Premium plugin. -->","yoast_head_json":{"title":"Christi - luxe bain \u00e0 remous | bains \u00e0 remous ext\u00e9rieurs, spa aquatique, piscines","description":"En standard, il offre tout le confort \u00e0 jusqu\u2019\u00e0 4 personnes relaxantes. Ce bain \u00e0 remous convient \u00e0 la fois au jardin et \u00e0 l\u2019int\u00e9rieur.","robots":{"index":"index","follow":"follow","max-snippet":"max-snippet:-1","max-image-preview":"max-image-preview:large","max-video-preview":"max-video-preview:-1"},"canonical":"https:\/\/www.idol.cz\/fr\/produkt\/jacuzzi\/christi\/","og_locale":"fr_FR","og_type":"article","og_title":"Christi","og_description":"En standard, il offre tout le confort \u00e0 jusqu\u2019\u00e0 4 personnes relaxantes. Ce bain \u00e0 remous convient \u00e0 la fois au jardin et \u00e0 l\u2019int\u00e9rieur.","og_url":"https:\/\/www.idol.cz\/fr\/produkt\/jacuzzi\/christi\/","og_site_name":"bains \u00e0 remous ext\u00e9rieurs, spa aquatique, piscines","article_publisher":"https:\/\/www.facebook.com\/IdolSpas\/","article_modified_time":"2020-07-12T04:46:10+00:00","og_image":[{"url":"https:\/\/www.idol.cz\/wp-content\/uploads\/2018\/10\/idol-spas-luxusni-virivky-christi-fb.jpg","type":"","width":"","height":""}],"twitter_card":"summary_large_image","schema":{"@context":"https:\/\/schema.org","@graph":[{"@type":"WebPage","@id":"https:\/\/www.idol.cz\/fr\/produkt\/jacuzzi\/christi\/","url":"https:\/\/www.idol.cz\/fr\/produkt\/jacuzzi\/christi\/","name":"Christi - luxe bain \u00e0 remous | bains \u00e0 remous ext\u00e9rieurs, spa aquatique, piscines","isPartOf":{"@id":"https:\/\/www.idol.cz\/fr\/#website"},"primaryImageOfPage":{"@id":"https:\/\/www.idol.cz\/fr\/produkt\/jacuzzi\/christi\/#primaryimage"},"image":{"@id":"https:\/\/www.idol.cz\/fr\/produkt\/jacuzzi\/christi\/#primaryimage"},"thumbnailUrl":"https:\/\/www.idol.cz\/wp-content\/uploads\/2018\/10\/idol-spas-christi-2020.jpg","datePublished":"2020-06-06T20:09:01+00:00","dateModified":"2020-07-12T04:46:10+00:00","description":"En standard, il offre tout le confort \u00e0 jusqu\u2019\u00e0 4 personnes relaxantes. Ce bain \u00e0 remous convient \u00e0 la fois au jardin et \u00e0 l\u2019int\u00e9rieur.","breadcrumb":{"@id":"https:\/\/www.idol.cz\/fr\/produkt\/jacuzzi\/christi\/#breadcrumb"},"inLanguage":"fr-FR","potentialAction":[{"@type":"ReadAction","target":["https:\/\/www.idol.cz\/fr\/produkt\/jacuzzi\/christi\/"]}]},{"@type":"ImageObject","inLanguage":"fr-FR","@id":"https:\/\/www.idol.cz\/fr\/produkt\/jacuzzi\/christi\/#primaryimage","url":"https:\/\/www.idol.cz\/wp-content\/uploads\/2018\/10\/idol-spas-christi-2020.jpg","contentUrl":"https:\/\/www.idol.cz\/wp-content\/uploads\/2018\/10\/idol-spas-christi-2020.jpg","width":1080,"height":1080,"caption":"Idol Spas Hot Tub Christi"},{"@type":"BreadcrumbList","@id":"https:\/\/www.idol.cz\/fr\/produkt\/jacuzzi\/christi\/#breadcrumb","itemListElement":[{"@type":"ListItem","position":1,"name":"Dom\u016f","item":"https:\/\/www.idol.cz\/fr\/"},{"@type":"ListItem","position":2,"name":"E-shop","item":"https:\/\/www.idol.cz\/fr\/boutique\/"},{"@type":"ListItem","position":3,"name":"Jacuzzi","item":"https:\/\/www.idol.cz\/fr\/kategorie-produktu\/jacuzzi\/"},{"@type":"ListItem","position":4,"name":"Christi"}]},{"@type":"WebSite","@id":"https:\/\/www.idol.cz\/fr\/#website","url":"https:\/\/www.idol.cz\/fr\/","name":"v\u00ed\u0159ivky venkovn\u00ed, swim spa, baz\u00e9ny","description":"Luxusn\u00ed \u010desk\u00e9 v\u00ed\u0159ivky a swim spa","publisher":{"@id":"https:\/\/www.idol.cz\/fr\/#organization"},"potentialAction":[{"@type":"SearchAction","target":{"@type":"EntryPoint","urlTemplate":"https:\/\/www.idol.cz\/fr\/?s={search_term_string}"},"query-input":{"@type":"PropertyValueSpecification","valueRequired":true,"valueName":"search_term_string"}}],"inLanguage":"fr-FR"},{"@type":"Organization","@id":"https:\/\/www.idol.cz\/fr\/#organization","name":"IDOL SPAS, s.r.o.","url":"https:\/\/www.idol.cz\/fr\/","logo":{"@type":"ImageObject","inLanguage":"fr-FR","@id":"https:\/\/www.idol.cz\/fr\/#\/schema\/logo\/image\/","url":"https:\/\/www.idol.cz\/wp-content\/uploads\/2020\/02\/idol-spas-logo.png","contentUrl":"https:\/\/www.idol.cz\/wp-content\/uploads\/2020\/02\/idol-spas-logo.png","width":512,"height":206,"caption":"IDOL SPAS, s.r.o."},"image":{"@id":"https:\/\/www.idol.cz\/fr\/#\/schema\/logo\/image\/"},"sameAs":["https:\/\/www.facebook.com\/IdolSpas\/"]}]}},"_links":{"self":[{"href":"https:\/\/www.idol.cz\/fr\/wp-json\/wp\/v2\/product\/13990"}],"collection":[{"href":"https:\/\/www.idol.cz\/fr\/wp-json\/wp\/v2\/product"}],"about":[{"href":"https:\/\/www.idol.cz\/fr\/wp-json\/wp\/v2\/types\/product"}],"wp:featuredmedia":[{"embeddable":true,"href":"https:\/\/www.idol.cz\/fr\/wp-json\/wp\/v2\/media\/11324"}],"wp:attachment":[{"href":"https:\/\/www.idol.cz\/fr\/wp-json\/wp\/v2\/media?parent=13990"}],"wp:term":[{"taxonomy":"product_cat","embeddable":true,"href":"https:\/\/www.idol.cz\/fr\/wp-json\/wp\/v2\/product_cat?post=13990"},{"taxonomy":"product_tag","embeddable":true,"href":"https:\/\/www.idol.cz\/fr\/wp-json\/wp\/v2\/product_tag?post=13990"}],"curies":[{"name":"wp","href":"https:\/\/api.w.org\/{rel}","templated":true}]}}