{"id":14039,"date":"2019-02-24T13:57:58","date_gmt":"2019-02-24T12:57:58","guid":{"rendered":"https:\/\/idol.cz\/produkt\/nezarazene\/party-swim-spa-2\/"},"modified":"2020-07-12T07:00:29","modified_gmt":"2020-07-12T05:00:29","slug":"fete-natation-spa","status":"publish","type":"product","link":"https:\/\/www.idol.cz\/fr\/produkt\/piscines\/fete-natation-spa\/","title":{"rendered":"Party Swim Spa"},"content":{"rendered":"<h3>Party Swim Spa<\/h3>\n<p>La piscine IDOL <strong>n\u2019est pas seulement une piscine, qui doit \u00eatre entr\u00e9e dans le sol,<\/strong>mais peut \u00e9galement \u00eatre plac\u00e9e comme <strong>une installation autonome<\/strong> sur une surface horizontale sans avoir besoin d\u2019am\u00e9nagement paysager.<\/p>\n<p>Il suffit de remplir avec de l\u2019eau et se connecter \u00e0 la conduite principale. C\u2019est si facile de g\u00e9rer nos piscines. L\u2019eau cristalline est fournie par des paires d\u2019\u00e9cumeurs avec <strong>des co\u00fbts d\u2019entretien minimes.<\/strong><\/p>\n<ul>\n<li>Espace g\u00e9n\u00e9reux pour jusqu\u2019\u00e0 dix personnes<\/li>\n<li>Suffisamment d\u2019espace pour la baignade<\/li>\n<li>Escaliers de conception de luxe<\/li>\n<li>Gaine de luxe variable<\/li>\n<li>Contre-courant, ou Turbine Spa River Swim<\/li>\n<\/ul>\n","protected":false},"excerpt":{"rendered":"<h2>Faites la f\u00eate dans le plus grand bain \u00e0 remous sur le march\u00e9!<br \/>\nProfitez des moments avec des amis tout en nageant.<\/h2>\n","protected":false},"featured_media":11276,"template":"","meta":[],"product_cat":[226],"product_tag":[227],"class_list":{"0":"post-14039","1":"product","2":"type-product","3":"status-publish","4":"has-post-thumbnail","6":"product_cat-piscines","7":"product_tag-systeme-pooled","9":"first","10":"instock","11":"taxable","12":"shipping-taxable","13":"purchasable","14":"product-type-simple"},"yoast_head":"<!-- This site is optimized with the Yoast SEO Premium plugin v24.9 (Yoast SEO v24.9) - https:\/\/yoast.com\/wordpress\/plugins\/seo\/ -->\n<title>Party Swim Spa | Pools au-dessus du sol avec comptoir de natation en cours spa avec jacuzzi<\/title>\n<meta name=\"description\" content=\"Piscine ext\u00e9rieure spa XL de natation avec contre-courant au jardin. Piscine avec courant anti-courant au-dessus du sol et int\u00e9rieur. Piscine acrylique de luxe de la production tch\u00e8que.\" \/>\n<meta name=\"robots\" content=\"index, follow, max-snippet:-1, max-image-preview:large, max-video-preview:-1\" \/>\n<link rel=\"canonical\" href=\"https:\/\/www.idol.cz\/fr\/produkt\/piscines\/fete-natation-spa\/\" \/>\n<meta property=\"og:locale\" content=\"fr_FR\" \/>\n<meta property=\"og:type\" content=\"article\" \/>\n<meta property=\"og:title\" content=\"Party Swim Spa\" \/>\n<meta property=\"og:description\" content=\"Piscine ext\u00e9rieure spa XL de natation avec contre-courant au jardin. Piscine avec courant anti-courant au-dessus du sol et int\u00e9rieur. Piscine acrylique de luxe de la production tch\u00e8que.\" \/>\n<meta property=\"og:url\" content=\"https:\/\/www.idol.cz\/fr\/produkt\/piscines\/fete-natation-spa\/\" \/>\n<meta property=\"og:site_name\" content=\"bains \u00e0 remous ext\u00e9rieurs, spa aquatique, piscines\" \/>\n<meta property=\"article:publisher\" content=\"https:\/\/www.facebook.com\/IdolSpas\/\" \/>\n<meta property=\"article:modified_time\" content=\"2020-07-12T05:00:29+00:00\" \/>\n<meta property=\"og:image\" content=\"https:\/\/www.idol.cz\/wp-content\/uploads\/2019\/02\/IdolSpas-bazeny-Party-Swim-Spa-fb.jpg\" \/>\n<meta name=\"twitter:card\" content=\"summary_large_image\" \/>\n<meta name=\"twitter:label1\" content=\"Dur\u00e9e de lecture estim\u00e9e\" \/>\n\t<meta name=\"twitter:data1\" content=\"1 minute\" \/>\n<script type=\"application\/ld+json\" class=\"yoast-schema-graph\">{\"@context\":\"https:\/\/schema.org\",\"@graph\":[{\"@type\":\"WebPage\",\"@id\":\"https:\/\/www.idol.cz\/fr\/produkt\/piscines\/fete-natation-spa\/\",\"url\":\"https:\/\/www.idol.cz\/fr\/produkt\/piscines\/fete-natation-spa\/\",\"name\":\"Party Swim Spa | Pools au-dessus du sol avec comptoir de natation en cours spa avec jacuzzi\",\"isPartOf\":{\"@id\":\"https:\/\/www.idol.cz\/fr\/#website\"},\"primaryImageOfPage\":{\"@id\":\"https:\/\/www.idol.cz\/fr\/produkt\/piscines\/fete-natation-spa\/#primaryimage\"},\"image\":{\"@id\":\"https:\/\/www.idol.cz\/fr\/produkt\/piscines\/fete-natation-spa\/#primaryimage\"},\"thumbnailUrl\":\"https:\/\/www.idol.cz\/wp-content\/uploads\/2019\/02\/idol-spas-Party-Swim-Spa-2020.jpg\",\"datePublished\":\"2019-02-24T12:57:58+00:00\",\"dateModified\":\"2020-07-12T05:00:29+00:00\",\"description\":\"Piscine ext\u00e9rieure spa XL de natation avec contre-courant au jardin. Piscine avec courant anti-courant au-dessus du sol et int\u00e9rieur. Piscine acrylique de luxe de la production tch\u00e8que.\",\"breadcrumb\":{\"@id\":\"https:\/\/www.idol.cz\/fr\/produkt\/piscines\/fete-natation-spa\/#breadcrumb\"},\"inLanguage\":\"fr-FR\",\"potentialAction\":[{\"@type\":\"ReadAction\",\"target\":[\"https:\/\/www.idol.cz\/fr\/produkt\/piscines\/fete-natation-spa\/\"]}]},{\"@type\":\"ImageObject\",\"inLanguage\":\"fr-FR\",\"@id\":\"https:\/\/www.idol.cz\/fr\/produkt\/piscines\/fete-natation-spa\/#primaryimage\",\"url\":\"https:\/\/www.idol.cz\/wp-content\/uploads\/2019\/02\/idol-spas-Party-Swim-Spa-2020.jpg\",\"contentUrl\":\"https:\/\/www.idol.cz\/wp-content\/uploads\/2019\/02\/idol-spas-Party-Swim-Spa-2020.jpg\",\"width\":1080,\"height\":810,\"caption\":\"Idol Spas Pools Party Swim Spa\"},{\"@type\":\"BreadcrumbList\",\"@id\":\"https:\/\/www.idol.cz\/fr\/produkt\/piscines\/fete-natation-spa\/#breadcrumb\",\"itemListElement\":[{\"@type\":\"ListItem\",\"position\":1,\"name\":\"Dom\u016f\",\"item\":\"https:\/\/www.idol.cz\/fr\/\"},{\"@type\":\"ListItem\",\"position\":2,\"name\":\"E-shop\",\"item\":\"https:\/\/www.idol.cz\/fr\/boutique\/\"},{\"@type\":\"ListItem\",\"position\":3,\"name\":\"Piscines\",\"item\":\"https:\/\/www.idol.cz\/fr\/kategorie-produktu\/piscines\/\"},{\"@type\":\"ListItem\",\"position\":4,\"name\":\"Party Swim Spa\"}]},{\"@type\":\"WebSite\",\"@id\":\"https:\/\/www.idol.cz\/fr\/#website\",\"url\":\"https:\/\/www.idol.cz\/fr\/\",\"name\":\"v\u00ed\u0159ivky venkovn\u00ed, swim spa, baz\u00e9ny\",\"description\":\"Luxusn\u00ed \u010desk\u00e9 v\u00ed\u0159ivky a swim spa\",\"publisher\":{\"@id\":\"https:\/\/www.idol.cz\/fr\/#organization\"},\"potentialAction\":[{\"@type\":\"SearchAction\",\"target\":{\"@type\":\"EntryPoint\",\"urlTemplate\":\"https:\/\/www.idol.cz\/fr\/?s={search_term_string}\"},\"query-input\":{\"@type\":\"PropertyValueSpecification\",\"valueRequired\":true,\"valueName\":\"search_term_string\"}}],\"inLanguage\":\"fr-FR\"},{\"@type\":\"Organization\",\"@id\":\"https:\/\/www.idol.cz\/fr\/#organization\",\"name\":\"IDOL SPAS, s.r.o.\",\"url\":\"https:\/\/www.idol.cz\/fr\/\",\"logo\":{\"@type\":\"ImageObject\",\"inLanguage\":\"fr-FR\",\"@id\":\"https:\/\/www.idol.cz\/fr\/#\/schema\/logo\/image\/\",\"url\":\"https:\/\/www.idol.cz\/wp-content\/uploads\/2020\/02\/idol-spas-logo.png\",\"contentUrl\":\"https:\/\/www.idol.cz\/wp-content\/uploads\/2020\/02\/idol-spas-logo.png\",\"width\":512,\"height\":206,\"caption\":\"IDOL SPAS, s.r.o.\"},\"image\":{\"@id\":\"https:\/\/www.idol.cz\/fr\/#\/schema\/logo\/image\/\"},\"sameAs\":[\"https:\/\/www.facebook.com\/IdolSpas\/\"]}]}<\/script>\n<!-- \/ Yoast SEO Premium plugin. -->","yoast_head_json":{"title":"Party Swim Spa | Pools au-dessus du sol avec comptoir de natation en cours spa avec jacuzzi","description":"Piscine ext\u00e9rieure spa XL de natation avec contre-courant au jardin. Piscine avec courant anti-courant au-dessus du sol et int\u00e9rieur. Piscine acrylique de luxe de la production tch\u00e8que.","robots":{"index":"index","follow":"follow","max-snippet":"max-snippet:-1","max-image-preview":"max-image-preview:large","max-video-preview":"max-video-preview:-1"},"canonical":"https:\/\/www.idol.cz\/fr\/produkt\/piscines\/fete-natation-spa\/","og_locale":"fr_FR","og_type":"article","og_title":"Party Swim Spa","og_description":"Piscine ext\u00e9rieure spa XL de natation avec contre-courant au jardin. Piscine avec courant anti-courant au-dessus du sol et int\u00e9rieur. Piscine acrylique de luxe de la production tch\u00e8que.","og_url":"https:\/\/www.idol.cz\/fr\/produkt\/piscines\/fete-natation-spa\/","og_site_name":"bains \u00e0 remous ext\u00e9rieurs, spa aquatique, piscines","article_publisher":"https:\/\/www.facebook.com\/IdolSpas\/","article_modified_time":"2020-07-12T05:00:29+00:00","og_image":[{"url":"https:\/\/www.idol.cz\/wp-content\/uploads\/2019\/02\/IdolSpas-bazeny-Party-Swim-Spa-fb.jpg","type":"","width":"","height":""}],"twitter_card":"summary_large_image","twitter_misc":{"Dur\u00e9e de lecture estim\u00e9e":"1 minute"},"schema":{"@context":"https:\/\/schema.org","@graph":[{"@type":"WebPage","@id":"https:\/\/www.idol.cz\/fr\/produkt\/piscines\/fete-natation-spa\/","url":"https:\/\/www.idol.cz\/fr\/produkt\/piscines\/fete-natation-spa\/","name":"Party Swim Spa | Pools au-dessus du sol avec comptoir de natation en cours spa avec jacuzzi","isPartOf":{"@id":"https:\/\/www.idol.cz\/fr\/#website"},"primaryImageOfPage":{"@id":"https:\/\/www.idol.cz\/fr\/produkt\/piscines\/fete-natation-spa\/#primaryimage"},"image":{"@id":"https:\/\/www.idol.cz\/fr\/produkt\/piscines\/fete-natation-spa\/#primaryimage"},"thumbnailUrl":"https:\/\/www.idol.cz\/wp-content\/uploads\/2019\/02\/idol-spas-Party-Swim-Spa-2020.jpg","datePublished":"2019-02-24T12:57:58+00:00","dateModified":"2020-07-12T05:00:29+00:00","description":"Piscine ext\u00e9rieure spa XL de natation avec contre-courant au jardin. Piscine avec courant anti-courant au-dessus du sol et int\u00e9rieur. Piscine acrylique de luxe de la production tch\u00e8que.","breadcrumb":{"@id":"https:\/\/www.idol.cz\/fr\/produkt\/piscines\/fete-natation-spa\/#breadcrumb"},"inLanguage":"fr-FR","potentialAction":[{"@type":"ReadAction","target":["https:\/\/www.idol.cz\/fr\/produkt\/piscines\/fete-natation-spa\/"]}]},{"@type":"ImageObject","inLanguage":"fr-FR","@id":"https:\/\/www.idol.cz\/fr\/produkt\/piscines\/fete-natation-spa\/#primaryimage","url":"https:\/\/www.idol.cz\/wp-content\/uploads\/2019\/02\/idol-spas-Party-Swim-Spa-2020.jpg","contentUrl":"https:\/\/www.idol.cz\/wp-content\/uploads\/2019\/02\/idol-spas-Party-Swim-Spa-2020.jpg","width":1080,"height":810,"caption":"Idol Spas Pools Party Swim Spa"},{"@type":"BreadcrumbList","@id":"https:\/\/www.idol.cz\/fr\/produkt\/piscines\/fete-natation-spa\/#breadcrumb","itemListElement":[{"@type":"ListItem","position":1,"name":"Dom\u016f","item":"https:\/\/www.idol.cz\/fr\/"},{"@type":"ListItem","position":2,"name":"E-shop","item":"https:\/\/www.idol.cz\/fr\/boutique\/"},{"@type":"ListItem","position":3,"name":"Piscines","item":"https:\/\/www.idol.cz\/fr\/kategorie-produktu\/piscines\/"},{"@type":"ListItem","position":4,"name":"Party Swim Spa"}]},{"@type":"WebSite","@id":"https:\/\/www.idol.cz\/fr\/#website","url":"https:\/\/www.idol.cz\/fr\/","name":"v\u00ed\u0159ivky venkovn\u00ed, swim spa, baz\u00e9ny","description":"Luxusn\u00ed \u010desk\u00e9 v\u00ed\u0159ivky a swim spa","publisher":{"@id":"https:\/\/www.idol.cz\/fr\/#organization"},"potentialAction":[{"@type":"SearchAction","target":{"@type":"EntryPoint","urlTemplate":"https:\/\/www.idol.cz\/fr\/?s={search_term_string}"},"query-input":{"@type":"PropertyValueSpecification","valueRequired":true,"valueName":"search_term_string"}}],"inLanguage":"fr-FR"},{"@type":"Organization","@id":"https:\/\/www.idol.cz\/fr\/#organization","name":"IDOL SPAS, s.r.o.","url":"https:\/\/www.idol.cz\/fr\/","logo":{"@type":"ImageObject","inLanguage":"fr-FR","@id":"https:\/\/www.idol.cz\/fr\/#\/schema\/logo\/image\/","url":"https:\/\/www.idol.cz\/wp-content\/uploads\/2020\/02\/idol-spas-logo.png","contentUrl":"https:\/\/www.idol.cz\/wp-content\/uploads\/2020\/02\/idol-spas-logo.png","width":512,"height":206,"caption":"IDOL SPAS, s.r.o."},"image":{"@id":"https:\/\/www.idol.cz\/fr\/#\/schema\/logo\/image\/"},"sameAs":["https:\/\/www.facebook.com\/IdolSpas\/"]}]}},"_links":{"self":[{"href":"https:\/\/www.idol.cz\/fr\/wp-json\/wp\/v2\/product\/14039"}],"collection":[{"href":"https:\/\/www.idol.cz\/fr\/wp-json\/wp\/v2\/product"}],"about":[{"href":"https:\/\/www.idol.cz\/fr\/wp-json\/wp\/v2\/types\/product"}],"wp:featuredmedia":[{"embeddable":true,"href":"https:\/\/www.idol.cz\/fr\/wp-json\/wp\/v2\/media\/11276"}],"wp:attachment":[{"href":"https:\/\/www.idol.cz\/fr\/wp-json\/wp\/v2\/media?parent=14039"}],"wp:term":[{"taxonomy":"product_cat","embeddable":true,"href":"https:\/\/www.idol.cz\/fr\/wp-json\/wp\/v2\/product_cat?post=14039"},{"taxonomy":"product_tag","embeddable":true,"href":"https:\/\/www.idol.cz\/fr\/wp-json\/wp\/v2\/product_tag?post=14039"}],"curies":[{"name":"wp","href":"https:\/\/api.w.org\/{rel}","templated":true}]}}