{"id":14069,"date":"2025-03-09T19:19:01","date_gmt":"2020-06-06T20:09:56","guid":{"rendered":"https:\/\/idol.cz\/produkt\/nezarazene\/sofi-lite-2\/"},"modified":"2020-07-12T06:41:33","modified_gmt":"2020-07-12T04:41:33","slug":"sofi-lite","status":"publish","type":"product","link":"https:\/\/www.idol.cz\/fr\/produkt\/jacuzzi\/sofi-lite\/","title":{"rendered":"Sofi Lite"},"content":{"rendered":"<h3>Luxueux de luxe Sofi Lite<\/h3>\n<ul>\n<li>Bain \u00e0 remous ext\u00e9rieur acrylique pour deux<\/li>\n<li>L\u2019\u00e9quipement de la plus haute qualit\u00e9 du bain \u00e0 remous des plus grands fabricants du monde<\/li>\n<li>Buses rotatives et droites r\u00e9glables de CMP<\/li>\n<li>Panneau de contr\u00f4le des couleurs Gecko in.k500 premium avec fonctionnement intuitif<\/li>\n<li>Couleurs d\u2019acrylique, thermocover et rev\u00eatement de votre choix<\/li>\n<li><strong>Nouveau bain \u00e0 remous Sofi pour deux \u00e0 livrer en aussi vite que 1-30 jours<\/strong><\/li>\n<\/ul>\n","protected":false},"excerpt":{"rendered":"<p>Bain \u00e0 remous adapt\u00e9 pour balcon, terrasse ou salle de bains<\/p>\n","protected":false},"featured_media":19832,"template":"","meta":[],"product_cat":[223],"product_tag":[224],"class_list":{"0":"post-14069","1":"product","2":"type-product","3":"status-publish","4":"has-post-thumbnail","6":"product_cat-jacuzzi","7":"product_tag-bains-a-remous-lite","9":"first","10":"instock","11":"sale","12":"taxable","13":"shipping-taxable","14":"purchasable","15":"product-type-simple"},"yoast_head":"<!-- This site is optimized with the Yoast SEO Premium plugin v24.9 (Yoast SEO v24.9) - https:\/\/yoast.com\/wordpress\/plugins\/seo\/ -->\n<title>Sofi Lite - bain \u00e0 remous en plein air non seulement pour le jardin \u00e0 bas prix en action pour deux<\/title>\n<meta name=\"description\" content=\"Bain \u00e0 remous ext\u00e9rieur Sofi pour deux non seulement pour le jardin et sur la terrasse. Sur le balcon, la terrasse ou la salle de bains. Balboa, Gecko. Jardin de bains \u00e0 remous acryliques et dans le sol\" \/>\n<meta name=\"robots\" content=\"index, follow, max-snippet:-1, max-image-preview:large, max-video-preview:-1\" \/>\n<link rel=\"canonical\" href=\"https:\/\/www.idol.cz\/fr\/produkt\/jacuzzi\/sofi-lite\/\" \/>\n<meta property=\"og:locale\" content=\"fr_FR\" \/>\n<meta property=\"og:type\" content=\"article\" \/>\n<meta property=\"og:title\" content=\"Sofi Lite\" \/>\n<meta property=\"og:description\" content=\"Bain \u00e0 remous ext\u00e9rieur Sofi pour deux non seulement pour le jardin et sur la terrasse. Sur le balcon, la terrasse ou la salle de bains. Balboa, Gecko. Jardin de bains \u00e0 remous acryliques et dans le sol\" \/>\n<meta property=\"og:url\" content=\"https:\/\/www.idol.cz\/fr\/produkt\/jacuzzi\/sofi-lite\/\" \/>\n<meta property=\"og:site_name\" content=\"bains \u00e0 remous ext\u00e9rieurs, spa aquatique, piscines\" \/>\n<meta property=\"article:publisher\" content=\"https:\/\/www.facebook.com\/IdolSpas\/\" \/>\n<meta property=\"article:modified_time\" content=\"2020-07-12T04:41:33+00:00\" \/>\n<meta property=\"og:image\" content=\"https:\/\/www.idol.cz\/wp-content\/uploads\/2018\/10\/idol-spas-luxusni-virivky-sofi-fb.jpg\" \/>\n<meta name=\"twitter:card\" content=\"summary_large_image\" \/>\n<script type=\"application\/ld+json\" class=\"yoast-schema-graph\">{\"@context\":\"https:\/\/schema.org\",\"@graph\":[{\"@type\":\"WebPage\",\"@id\":\"https:\/\/www.idol.cz\/fr\/produkt\/jacuzzi\/sofi-lite\/\",\"url\":\"https:\/\/www.idol.cz\/fr\/produkt\/jacuzzi\/sofi-lite\/\",\"name\":\"Sofi Lite - bain \u00e0 remous en plein air non seulement pour le jardin \u00e0 bas prix en action pour deux\",\"isPartOf\":{\"@id\":\"https:\/\/www.idol.cz\/fr\/#website\"},\"primaryImageOfPage\":{\"@id\":\"https:\/\/www.idol.cz\/fr\/produkt\/jacuzzi\/sofi-lite\/#primaryimage\"},\"image\":{\"@id\":\"https:\/\/www.idol.cz\/fr\/produkt\/jacuzzi\/sofi-lite\/#primaryimage\"},\"thumbnailUrl\":\"https:\/\/www.idol.cz\/wp-content\/uploads\/2019\/08\/sofi-lite-1080-2022-w.jpg\",\"datePublished\":\"2020-06-06T20:09:56+00:00\",\"dateModified\":\"2020-07-12T04:41:33+00:00\",\"description\":\"Bain \u00e0 remous ext\u00e9rieur Sofi pour deux non seulement pour le jardin et sur la terrasse. Sur le balcon, la terrasse ou la salle de bains. Balboa, Gecko. Jardin de bains \u00e0 remous acryliques et dans le sol\",\"breadcrumb\":{\"@id\":\"https:\/\/www.idol.cz\/fr\/produkt\/jacuzzi\/sofi-lite\/#breadcrumb\"},\"inLanguage\":\"fr-FR\",\"potentialAction\":[{\"@type\":\"ReadAction\",\"target\":[\"https:\/\/www.idol.cz\/fr\/produkt\/jacuzzi\/sofi-lite\/\"]}]},{\"@type\":\"ImageObject\",\"inLanguage\":\"fr-FR\",\"@id\":\"https:\/\/www.idol.cz\/fr\/produkt\/jacuzzi\/sofi-lite\/#primaryimage\",\"url\":\"https:\/\/www.idol.cz\/wp-content\/uploads\/2019\/08\/sofi-lite-1080-2022-w.jpg\",\"contentUrl\":\"https:\/\/www.idol.cz\/wp-content\/uploads\/2019\/08\/sofi-lite-1080-2022-w.jpg\",\"width\":1080,\"height\":1080},{\"@type\":\"BreadcrumbList\",\"@id\":\"https:\/\/www.idol.cz\/fr\/produkt\/jacuzzi\/sofi-lite\/#breadcrumb\",\"itemListElement\":[{\"@type\":\"ListItem\",\"position\":1,\"name\":\"Dom\u016f\",\"item\":\"https:\/\/www.idol.cz\/fr\/\"},{\"@type\":\"ListItem\",\"position\":2,\"name\":\"E-shop\",\"item\":\"https:\/\/www.idol.cz\/fr\/boutique\/\"},{\"@type\":\"ListItem\",\"position\":3,\"name\":\"Jacuzzi\",\"item\":\"https:\/\/www.idol.cz\/fr\/kategorie-produktu\/jacuzzi\/\"},{\"@type\":\"ListItem\",\"position\":4,\"name\":\"Sofi Lite\"}]},{\"@type\":\"WebSite\",\"@id\":\"https:\/\/www.idol.cz\/fr\/#website\",\"url\":\"https:\/\/www.idol.cz\/fr\/\",\"name\":\"v\u00ed\u0159ivky venkovn\u00ed, swim spa, baz\u00e9ny\",\"description\":\"Luxusn\u00ed \u010desk\u00e9 v\u00ed\u0159ivky a swim spa\",\"publisher\":{\"@id\":\"https:\/\/www.idol.cz\/fr\/#organization\"},\"potentialAction\":[{\"@type\":\"SearchAction\",\"target\":{\"@type\":\"EntryPoint\",\"urlTemplate\":\"https:\/\/www.idol.cz\/fr\/?s={search_term_string}\"},\"query-input\":{\"@type\":\"PropertyValueSpecification\",\"valueRequired\":true,\"valueName\":\"search_term_string\"}}],\"inLanguage\":\"fr-FR\"},{\"@type\":\"Organization\",\"@id\":\"https:\/\/www.idol.cz\/fr\/#organization\",\"name\":\"IDOL SPAS, s.r.o.\",\"url\":\"https:\/\/www.idol.cz\/fr\/\",\"logo\":{\"@type\":\"ImageObject\",\"inLanguage\":\"fr-FR\",\"@id\":\"https:\/\/www.idol.cz\/fr\/#\/schema\/logo\/image\/\",\"url\":\"https:\/\/www.idol.cz\/wp-content\/uploads\/2020\/02\/idol-spas-logo.png\",\"contentUrl\":\"https:\/\/www.idol.cz\/wp-content\/uploads\/2020\/02\/idol-spas-logo.png\",\"width\":512,\"height\":206,\"caption\":\"IDOL SPAS, s.r.o.\"},\"image\":{\"@id\":\"https:\/\/www.idol.cz\/fr\/#\/schema\/logo\/image\/\"},\"sameAs\":[\"https:\/\/www.facebook.com\/IdolSpas\/\"]}]}<\/script>\n<!-- \/ Yoast SEO Premium plugin. -->","yoast_head_json":{"title":"Sofi Lite - bain \u00e0 remous en plein air non seulement pour le jardin \u00e0 bas prix en action pour deux","description":"Bain \u00e0 remous ext\u00e9rieur Sofi pour deux non seulement pour le jardin et sur la terrasse. Sur le balcon, la terrasse ou la salle de bains. Balboa, Gecko. Jardin de bains \u00e0 remous acryliques et dans le sol","robots":{"index":"index","follow":"follow","max-snippet":"max-snippet:-1","max-image-preview":"max-image-preview:large","max-video-preview":"max-video-preview:-1"},"canonical":"https:\/\/www.idol.cz\/fr\/produkt\/jacuzzi\/sofi-lite\/","og_locale":"fr_FR","og_type":"article","og_title":"Sofi Lite","og_description":"Bain \u00e0 remous ext\u00e9rieur Sofi pour deux non seulement pour le jardin et sur la terrasse. Sur le balcon, la terrasse ou la salle de bains. Balboa, Gecko. Jardin de bains \u00e0 remous acryliques et dans le sol","og_url":"https:\/\/www.idol.cz\/fr\/produkt\/jacuzzi\/sofi-lite\/","og_site_name":"bains \u00e0 remous ext\u00e9rieurs, spa aquatique, piscines","article_publisher":"https:\/\/www.facebook.com\/IdolSpas\/","article_modified_time":"2020-07-12T04:41:33+00:00","og_image":[{"url":"https:\/\/www.idol.cz\/wp-content\/uploads\/2018\/10\/idol-spas-luxusni-virivky-sofi-fb.jpg","type":"","width":"","height":""}],"twitter_card":"summary_large_image","schema":{"@context":"https:\/\/schema.org","@graph":[{"@type":"WebPage","@id":"https:\/\/www.idol.cz\/fr\/produkt\/jacuzzi\/sofi-lite\/","url":"https:\/\/www.idol.cz\/fr\/produkt\/jacuzzi\/sofi-lite\/","name":"Sofi Lite - bain \u00e0 remous en plein air non seulement pour le jardin \u00e0 bas prix en action pour deux","isPartOf":{"@id":"https:\/\/www.idol.cz\/fr\/#website"},"primaryImageOfPage":{"@id":"https:\/\/www.idol.cz\/fr\/produkt\/jacuzzi\/sofi-lite\/#primaryimage"},"image":{"@id":"https:\/\/www.idol.cz\/fr\/produkt\/jacuzzi\/sofi-lite\/#primaryimage"},"thumbnailUrl":"https:\/\/www.idol.cz\/wp-content\/uploads\/2019\/08\/sofi-lite-1080-2022-w.jpg","datePublished":"2020-06-06T20:09:56+00:00","dateModified":"2020-07-12T04:41:33+00:00","description":"Bain \u00e0 remous ext\u00e9rieur Sofi pour deux non seulement pour le jardin et sur la terrasse. Sur le balcon, la terrasse ou la salle de bains. Balboa, Gecko. Jardin de bains \u00e0 remous acryliques et dans le sol","breadcrumb":{"@id":"https:\/\/www.idol.cz\/fr\/produkt\/jacuzzi\/sofi-lite\/#breadcrumb"},"inLanguage":"fr-FR","potentialAction":[{"@type":"ReadAction","target":["https:\/\/www.idol.cz\/fr\/produkt\/jacuzzi\/sofi-lite\/"]}]},{"@type":"ImageObject","inLanguage":"fr-FR","@id":"https:\/\/www.idol.cz\/fr\/produkt\/jacuzzi\/sofi-lite\/#primaryimage","url":"https:\/\/www.idol.cz\/wp-content\/uploads\/2019\/08\/sofi-lite-1080-2022-w.jpg","contentUrl":"https:\/\/www.idol.cz\/wp-content\/uploads\/2019\/08\/sofi-lite-1080-2022-w.jpg","width":1080,"height":1080},{"@type":"BreadcrumbList","@id":"https:\/\/www.idol.cz\/fr\/produkt\/jacuzzi\/sofi-lite\/#breadcrumb","itemListElement":[{"@type":"ListItem","position":1,"name":"Dom\u016f","item":"https:\/\/www.idol.cz\/fr\/"},{"@type":"ListItem","position":2,"name":"E-shop","item":"https:\/\/www.idol.cz\/fr\/boutique\/"},{"@type":"ListItem","position":3,"name":"Jacuzzi","item":"https:\/\/www.idol.cz\/fr\/kategorie-produktu\/jacuzzi\/"},{"@type":"ListItem","position":4,"name":"Sofi Lite"}]},{"@type":"WebSite","@id":"https:\/\/www.idol.cz\/fr\/#website","url":"https:\/\/www.idol.cz\/fr\/","name":"v\u00ed\u0159ivky venkovn\u00ed, swim spa, baz\u00e9ny","description":"Luxusn\u00ed \u010desk\u00e9 v\u00ed\u0159ivky a swim spa","publisher":{"@id":"https:\/\/www.idol.cz\/fr\/#organization"},"potentialAction":[{"@type":"SearchAction","target":{"@type":"EntryPoint","urlTemplate":"https:\/\/www.idol.cz\/fr\/?s={search_term_string}"},"query-input":{"@type":"PropertyValueSpecification","valueRequired":true,"valueName":"search_term_string"}}],"inLanguage":"fr-FR"},{"@type":"Organization","@id":"https:\/\/www.idol.cz\/fr\/#organization","name":"IDOL SPAS, s.r.o.","url":"https:\/\/www.idol.cz\/fr\/","logo":{"@type":"ImageObject","inLanguage":"fr-FR","@id":"https:\/\/www.idol.cz\/fr\/#\/schema\/logo\/image\/","url":"https:\/\/www.idol.cz\/wp-content\/uploads\/2020\/02\/idol-spas-logo.png","contentUrl":"https:\/\/www.idol.cz\/wp-content\/uploads\/2020\/02\/idol-spas-logo.png","width":512,"height":206,"caption":"IDOL SPAS, s.r.o."},"image":{"@id":"https:\/\/www.idol.cz\/fr\/#\/schema\/logo\/image\/"},"sameAs":["https:\/\/www.facebook.com\/IdolSpas\/"]}]}},"_links":{"self":[{"href":"https:\/\/www.idol.cz\/fr\/wp-json\/wp\/v2\/product\/14069"}],"collection":[{"href":"https:\/\/www.idol.cz\/fr\/wp-json\/wp\/v2\/product"}],"about":[{"href":"https:\/\/www.idol.cz\/fr\/wp-json\/wp\/v2\/types\/product"}],"wp:featuredmedia":[{"embeddable":true,"href":"https:\/\/www.idol.cz\/fr\/wp-json\/wp\/v2\/media\/19832"}],"wp:attachment":[{"href":"https:\/\/www.idol.cz\/fr\/wp-json\/wp\/v2\/media?parent=14069"}],"wp:term":[{"taxonomy":"product_cat","embeddable":true,"href":"https:\/\/www.idol.cz\/fr\/wp-json\/wp\/v2\/product_cat?post=14069"},{"taxonomy":"product_tag","embeddable":true,"href":"https:\/\/www.idol.cz\/fr\/wp-json\/wp\/v2\/product_tag?post=14069"}],"curies":[{"name":"wp","href":"https:\/\/api.w.org\/{rel}","templated":true}]}}