{"id":14334,"date":"2020-02-12T22:02:47","date_gmt":"2020-06-06T20:11:50","guid":{"rendered":"https:\/\/idol.cz\/produkt\/nezarazene\/le-systeme-de-son-du-bain-a-remous-et-piscine-spa-de-natation-aquatic-av-avec-un-sous-marin-enorme\/"},"modified":"2020-06-06T22:11:51","modified_gmt":"2020-06-06T20:11:51","slug":"systeme-de-son-virivky","status":"publish","type":"product","link":"https:\/\/www.idol.cz\/fr\/produkt\/jacuzzi\/autres-options-de-bain-a-remous\/systeme-de-son-virivky\/","title":{"rendered":"Le syst\u00e8me de son du bain \u00e0 remous et piscine spa de natation Aquatic AV avec un sous-marin \u00e9norme."},"content":{"rendered":"<p>Syst\u00e8me de son de bain \u00e0 remous AQUATIC AV avec sous-marin \u00e9norme.<\/p>\n","protected":false},"excerpt":{"rendered":"<p>Syst\u00e8me de son de bain \u00e0 remous AQUATIC AV avec sous-marin \u00e9norme.<\/p>\n","protected":false},"featured_media":13676,"template":"","meta":[],"product_cat":[306,15],"product_tag":[],"class_list":{"0":"post-14334","1":"product","2":"type-product","3":"status-publish","4":"has-post-thumbnail","6":"product_cat-autres-options-de-bain-a-remous","7":"product_cat-nezarazene","9":"first","10":"instock","11":"taxable","12":"shipping-taxable","13":"purchasable","14":"product-type-simple"},"yoast_head":"<!-- This site is optimized with the Yoast SEO Premium plugin v24.9 (Yoast SEO v24.9) - https:\/\/yoast.com\/wordpress\/plugins\/seo\/ -->\n<title>Le syst\u00e8me de son du bain \u00e0 remous et piscine spa de natation Aquatic AV avec un sous-marin \u00e9norme. | bains \u00e0 remous ext\u00e9rieurs, spa aquatique, piscines<\/title>\n<meta name=\"robots\" content=\"index, follow, max-snippet:-1, max-image-preview:large, max-video-preview:-1\" \/>\n<link rel=\"canonical\" href=\"https:\/\/www.idol.cz\/fr\/produkt\/jacuzzi\/autres-options-de-bain-a-remous\/systeme-de-son-virivky\/\" \/>\n<meta property=\"og:locale\" content=\"fr_FR\" \/>\n<meta property=\"og:type\" content=\"article\" \/>\n<meta property=\"og:title\" content=\"Le syst\u00e8me de son du bain \u00e0 remous et piscine spa de natation Aquatic AV avec un sous-marin \u00e9norme.\" \/>\n<meta property=\"og:description\" content=\"Syst\u00e8me de son de bain \u00e0 remous AQUATIC AV avec sous-marin \u00e9norme.\" \/>\n<meta property=\"og:url\" content=\"https:\/\/www.idol.cz\/fr\/produkt\/jacuzzi\/autres-options-de-bain-a-remous\/systeme-de-son-virivky\/\" \/>\n<meta property=\"og:site_name\" content=\"bains \u00e0 remous ext\u00e9rieurs, spa aquatique, piscines\" \/>\n<meta property=\"article:publisher\" content=\"https:\/\/www.facebook.com\/IdolSpas\/\" \/>\n<meta property=\"article:modified_time\" content=\"2020-06-06T20:11:51+00:00\" \/>\n<meta property=\"og:image\" content=\"https:\/\/www.idol.cz\/wp-content\/uploads\/2020\/02\/Sn\u00edmek-obrazovky-2020-05-18-v-22.48.47.png\" \/>\n\t<meta property=\"og:image:width\" content=\"1190\" \/>\n\t<meta property=\"og:image:height\" content=\"558\" \/>\n\t<meta property=\"og:image:type\" content=\"image\/png\" \/>\n<meta name=\"twitter:card\" content=\"summary_large_image\" \/>\n<script type=\"application\/ld+json\" class=\"yoast-schema-graph\">{\"@context\":\"https:\/\/schema.org\",\"@graph\":[{\"@type\":\"WebPage\",\"@id\":\"https:\/\/www.idol.cz\/fr\/produkt\/jacuzzi\/autres-options-de-bain-a-remous\/systeme-de-son-virivky\/\",\"url\":\"https:\/\/www.idol.cz\/fr\/produkt\/jacuzzi\/autres-options-de-bain-a-remous\/systeme-de-son-virivky\/\",\"name\":\"Le syst\u00e8me de son du bain \u00e0 remous et piscine spa de natation Aquatic AV avec un sous-marin \u00e9norme. | bains \u00e0 remous ext\u00e9rieurs, spa aquatique, piscines\",\"isPartOf\":{\"@id\":\"\/#website\"},\"primaryImageOfPage\":{\"@id\":\"https:\/\/www.idol.cz\/fr\/produkt\/jacuzzi\/autres-options-de-bain-a-remous\/systeme-de-son-virivky\/#primaryimage\"},\"image\":{\"@id\":\"https:\/\/www.idol.cz\/fr\/produkt\/jacuzzi\/autres-options-de-bain-a-remous\/systeme-de-son-virivky\/#primaryimage\"},\"thumbnailUrl\":\"https:\/\/www.idol.cz\/wp-content\/uploads\/2020\/02\/Sn\u00edmek-obrazovky-2020-05-18-v-22.48.47.png\",\"datePublished\":\"2020-06-06T20:11:50+00:00\",\"dateModified\":\"2020-06-06T20:11:51+00:00\",\"breadcrumb\":{\"@id\":\"https:\/\/www.idol.cz\/fr\/produkt\/jacuzzi\/autres-options-de-bain-a-remous\/systeme-de-son-virivky\/#breadcrumb\"},\"inLanguage\":\"fr-FR\",\"potentialAction\":[{\"@type\":\"ReadAction\",\"target\":[\"https:\/\/www.idol.cz\/fr\/produkt\/jacuzzi\/autres-options-de-bain-a-remous\/systeme-de-son-virivky\/\"]}]},{\"@type\":\"ImageObject\",\"inLanguage\":\"fr-FR\",\"@id\":\"https:\/\/www.idol.cz\/fr\/produkt\/jacuzzi\/autres-options-de-bain-a-remous\/systeme-de-son-virivky\/#primaryimage\",\"url\":\"https:\/\/www.idol.cz\/wp-content\/uploads\/2020\/02\/Sn\u00edmek-obrazovky-2020-05-18-v-22.48.47.png\",\"contentUrl\":\"https:\/\/www.idol.cz\/wp-content\/uploads\/2020\/02\/Sn\u00edmek-obrazovky-2020-05-18-v-22.48.47.png\",\"width\":1190,\"height\":558,\"caption\":\"Syst\u00e8me de son de luxe pour les bains \u00e0 remous et les piscines de spa de natation\"},{\"@type\":\"BreadcrumbList\",\"@id\":\"https:\/\/www.idol.cz\/fr\/produkt\/jacuzzi\/autres-options-de-bain-a-remous\/systeme-de-son-virivky\/#breadcrumb\",\"itemListElement\":[{\"@type\":\"ListItem\",\"position\":1,\"name\":\"Dom\u016f\",\"item\":\"https:\/\/www.idol.cz\/fr\/\"},{\"@type\":\"ListItem\",\"position\":2,\"name\":\"Jacuzzi\",\"item\":\"https:\/\/www.idol.cz\/fr\/kategorie-produktu\/jacuzzi\/\"},{\"@type\":\"ListItem\",\"position\":3,\"name\":\"Autres options de bain \u00e0 remous\",\"item\":\"https:\/\/www.idol.cz\/fr\/kategorie-produktu\/jacuzzi\/autres-options-de-bain-a-remous\/\"},{\"@type\":\"ListItem\",\"position\":4,\"name\":\"Le syst\u00e8me de son du bain \u00e0 remous et piscine spa de natation Aquatic AV avec un sous-marin \u00e9norme.\"}]},{\"@type\":\"WebSite\",\"@id\":\"\/#website\",\"url\":\"\/\",\"name\":\"v\u00ed\u0159ivky venkovn\u00ed, swim spa, baz\u00e9ny\",\"description\":\"Luxusn\u00ed \u010desk\u00e9 v\u00ed\u0159ivky a swim spa\",\"publisher\":{\"@id\":\"\/#organization\"},\"potentialAction\":[{\"@type\":\"SearchAction\",\"target\":{\"@type\":\"EntryPoint\",\"urlTemplate\":\"\/?s={search_term_string}\"},\"query-input\":{\"@type\":\"PropertyValueSpecification\",\"valueRequired\":true,\"valueName\":\"search_term_string\"}}],\"inLanguage\":\"fr-FR\"},{\"@type\":\"Organization\",\"@id\":\"\/#organization\",\"name\":\"IDOL SPAS, s.r.o.\",\"url\":\"\/\",\"logo\":{\"@type\":\"ImageObject\",\"inLanguage\":\"fr-FR\",\"@id\":\"\/#\/schema\/logo\/image\/\",\"url\":\"https:\/\/www.idol.cz\/wp-content\/uploads\/2020\/02\/idol-spas-logo.png\",\"contentUrl\":\"https:\/\/www.idol.cz\/wp-content\/uploads\/2020\/02\/idol-spas-logo.png\",\"width\":512,\"height\":206,\"caption\":\"IDOL SPAS, s.r.o.\"},\"image\":{\"@id\":\"\/#\/schema\/logo\/image\/\"},\"sameAs\":[\"https:\/\/www.facebook.com\/IdolSpas\/\"]}]}<\/script>\n<!-- \/ Yoast SEO Premium plugin. -->","yoast_head_json":{"title":"Le syst\u00e8me de son du bain \u00e0 remous et piscine spa de natation Aquatic AV avec un sous-marin \u00e9norme. | bains \u00e0 remous ext\u00e9rieurs, spa aquatique, piscines","robots":{"index":"index","follow":"follow","max-snippet":"max-snippet:-1","max-image-preview":"max-image-preview:large","max-video-preview":"max-video-preview:-1"},"canonical":"https:\/\/www.idol.cz\/fr\/produkt\/jacuzzi\/autres-options-de-bain-a-remous\/systeme-de-son-virivky\/","og_locale":"fr_FR","og_type":"article","og_title":"Le syst\u00e8me de son du bain \u00e0 remous et piscine spa de natation Aquatic AV avec un sous-marin \u00e9norme.","og_description":"Syst\u00e8me de son de bain \u00e0 remous AQUATIC AV avec sous-marin \u00e9norme.","og_url":"https:\/\/www.idol.cz\/fr\/produkt\/jacuzzi\/autres-options-de-bain-a-remous\/systeme-de-son-virivky\/","og_site_name":"bains \u00e0 remous ext\u00e9rieurs, spa aquatique, piscines","article_publisher":"https:\/\/www.facebook.com\/IdolSpas\/","article_modified_time":"2020-06-06T20:11:51+00:00","og_image":[{"width":1190,"height":558,"url":"https:\/\/www.idol.cz\/wp-content\/uploads\/2020\/02\/Sn\u00edmek-obrazovky-2020-05-18-v-22.48.47.png","type":"image\/png"}],"twitter_card":"summary_large_image","schema":{"@context":"https:\/\/schema.org","@graph":[{"@type":"WebPage","@id":"https:\/\/www.idol.cz\/fr\/produkt\/jacuzzi\/autres-options-de-bain-a-remous\/systeme-de-son-virivky\/","url":"https:\/\/www.idol.cz\/fr\/produkt\/jacuzzi\/autres-options-de-bain-a-remous\/systeme-de-son-virivky\/","name":"Le syst\u00e8me de son du bain \u00e0 remous et piscine spa de natation Aquatic AV avec un sous-marin \u00e9norme. | bains \u00e0 remous ext\u00e9rieurs, spa aquatique, piscines","isPartOf":{"@id":"\/#website"},"primaryImageOfPage":{"@id":"https:\/\/www.idol.cz\/fr\/produkt\/jacuzzi\/autres-options-de-bain-a-remous\/systeme-de-son-virivky\/#primaryimage"},"image":{"@id":"https:\/\/www.idol.cz\/fr\/produkt\/jacuzzi\/autres-options-de-bain-a-remous\/systeme-de-son-virivky\/#primaryimage"},"thumbnailUrl":"https:\/\/www.idol.cz\/wp-content\/uploads\/2020\/02\/Sn\u00edmek-obrazovky-2020-05-18-v-22.48.47.png","datePublished":"2020-06-06T20:11:50+00:00","dateModified":"2020-06-06T20:11:51+00:00","breadcrumb":{"@id":"https:\/\/www.idol.cz\/fr\/produkt\/jacuzzi\/autres-options-de-bain-a-remous\/systeme-de-son-virivky\/#breadcrumb"},"inLanguage":"fr-FR","potentialAction":[{"@type":"ReadAction","target":["https:\/\/www.idol.cz\/fr\/produkt\/jacuzzi\/autres-options-de-bain-a-remous\/systeme-de-son-virivky\/"]}]},{"@type":"ImageObject","inLanguage":"fr-FR","@id":"https:\/\/www.idol.cz\/fr\/produkt\/jacuzzi\/autres-options-de-bain-a-remous\/systeme-de-son-virivky\/#primaryimage","url":"https:\/\/www.idol.cz\/wp-content\/uploads\/2020\/02\/Sn\u00edmek-obrazovky-2020-05-18-v-22.48.47.png","contentUrl":"https:\/\/www.idol.cz\/wp-content\/uploads\/2020\/02\/Sn\u00edmek-obrazovky-2020-05-18-v-22.48.47.png","width":1190,"height":558,"caption":"Syst\u00e8me de son de luxe pour les bains \u00e0 remous et les piscines de spa de natation"},{"@type":"BreadcrumbList","@id":"https:\/\/www.idol.cz\/fr\/produkt\/jacuzzi\/autres-options-de-bain-a-remous\/systeme-de-son-virivky\/#breadcrumb","itemListElement":[{"@type":"ListItem","position":1,"name":"Dom\u016f","item":"https:\/\/www.idol.cz\/fr\/"},{"@type":"ListItem","position":2,"name":"Jacuzzi","item":"https:\/\/www.idol.cz\/fr\/kategorie-produktu\/jacuzzi\/"},{"@type":"ListItem","position":3,"name":"Autres options de bain \u00e0 remous","item":"https:\/\/www.idol.cz\/fr\/kategorie-produktu\/jacuzzi\/autres-options-de-bain-a-remous\/"},{"@type":"ListItem","position":4,"name":"Le syst\u00e8me de son du bain \u00e0 remous et piscine spa de natation Aquatic AV avec un sous-marin \u00e9norme."}]},{"@type":"WebSite","@id":"\/#website","url":"\/","name":"v\u00ed\u0159ivky venkovn\u00ed, swim spa, baz\u00e9ny","description":"Luxusn\u00ed \u010desk\u00e9 v\u00ed\u0159ivky a swim spa","publisher":{"@id":"\/#organization"},"potentialAction":[{"@type":"SearchAction","target":{"@type":"EntryPoint","urlTemplate":"\/?s={search_term_string}"},"query-input":{"@type":"PropertyValueSpecification","valueRequired":true,"valueName":"search_term_string"}}],"inLanguage":"fr-FR"},{"@type":"Organization","@id":"\/#organization","name":"IDOL SPAS, s.r.o.","url":"\/","logo":{"@type":"ImageObject","inLanguage":"fr-FR","@id":"\/#\/schema\/logo\/image\/","url":"https:\/\/www.idol.cz\/wp-content\/uploads\/2020\/02\/idol-spas-logo.png","contentUrl":"https:\/\/www.idol.cz\/wp-content\/uploads\/2020\/02\/idol-spas-logo.png","width":512,"height":206,"caption":"IDOL SPAS, s.r.o."},"image":{"@id":"\/#\/schema\/logo\/image\/"},"sameAs":["https:\/\/www.facebook.com\/IdolSpas\/"]}]}},"_links":{"self":[{"href":"https:\/\/www.idol.cz\/fr\/wp-json\/wp\/v2\/product\/14334"}],"collection":[{"href":"https:\/\/www.idol.cz\/fr\/wp-json\/wp\/v2\/product"}],"about":[{"href":"https:\/\/www.idol.cz\/fr\/wp-json\/wp\/v2\/types\/product"}],"wp:featuredmedia":[{"embeddable":true,"href":"https:\/\/www.idol.cz\/fr\/wp-json\/wp\/v2\/media\/13676"}],"wp:attachment":[{"href":"https:\/\/www.idol.cz\/fr\/wp-json\/wp\/v2\/media?parent=14334"}],"wp:term":[{"taxonomy":"product_cat","embeddable":true,"href":"https:\/\/www.idol.cz\/fr\/wp-json\/wp\/v2\/product_cat?post=14334"},{"taxonomy":"product_tag","embeddable":true,"href":"https:\/\/www.idol.cz\/fr\/wp-json\/wp\/v2\/product_tag?post=14334"}],"curies":[{"name":"wp","href":"https:\/\/api.w.org\/{rel}","templated":true}]}}