{"id":14356,"date":"2020-02-12T22:27:54","date_gmt":"2020-06-06T20:11:56","guid":{"rendered":"https:\/\/idol.cz\/produkt\/nezarazene\/boite-pour-filtration-de-sable\/"},"modified":"2020-06-06T22:11:56","modified_gmt":"2020-06-06T20:11:56","slug":"boite-pour-pisk-filtration","status":"publish","type":"product","link":"https:\/\/www.idol.cz\/fr\/produkt\/jacuzzi\/autres-options-de-bain-a-remous\/composants-pour-lexploitation-commerciale\/boite-pour-pisk-filtration\/","title":{"rendered":"Bo\u00eete pour filtration de sable"},"content":{"rendered":"<p>bo\u00eete isol\u00e9e pour la filtration du sable.<\/p>\n","protected":false},"excerpt":{"rendered":"<p>bo\u00eete isol\u00e9e pour la filtration du sable.<\/p>\n","protected":false},"featured_media":0,"template":"","meta":[],"product_cat":[230],"product_tag":[],"class_list":{"0":"post-14356","1":"product","2":"type-product","3":"status-publish","5":"product_cat-composants-pour-lexploitation-commerciale","7":"first","8":"instock","9":"taxable","10":"shipping-taxable","11":"purchasable","12":"product-type-simple"},"yoast_head":"<!-- This site is optimized with the Yoast SEO Premium plugin v24.9 (Yoast SEO v24.9) - https:\/\/yoast.com\/wordpress\/plugins\/seo\/ -->\n<title>Bo\u00eete pour filtration de sable | bains \u00e0 remous ext\u00e9rieurs, spa aquatique, piscines<\/title>\n<meta name=\"robots\" content=\"index, follow, max-snippet:-1, max-image-preview:large, max-video-preview:-1\" \/>\n<link rel=\"canonical\" href=\"https:\/\/www.idol.cz\/fr\/produkt\/jacuzzi\/autres-options-de-bain-a-remous\/composants-pour-lexploitation-commerciale\/boite-pour-pisk-filtration\/\" \/>\n<meta property=\"og:locale\" content=\"fr_FR\" \/>\n<meta property=\"og:type\" content=\"article\" \/>\n<meta property=\"og:title\" content=\"Bo\u00eete pour filtration de sable\" \/>\n<meta property=\"og:description\" content=\"bo\u00eete isol\u00e9e pour la filtration du sable.\" \/>\n<meta property=\"og:url\" content=\"https:\/\/www.idol.cz\/fr\/produkt\/jacuzzi\/autres-options-de-bain-a-remous\/composants-pour-lexploitation-commerciale\/boite-pour-pisk-filtration\/\" \/>\n<meta property=\"og:site_name\" content=\"bains \u00e0 remous ext\u00e9rieurs, spa aquatique, piscines\" \/>\n<meta property=\"article:publisher\" content=\"https:\/\/www.facebook.com\/IdolSpas\/\" \/>\n<meta name=\"twitter:card\" content=\"summary_large_image\" \/>\n<script type=\"application\/ld+json\" class=\"yoast-schema-graph\">{\"@context\":\"https:\/\/schema.org\",\"@graph\":[{\"@type\":\"WebPage\",\"@id\":\"https:\/\/www.idol.cz\/fr\/produkt\/jacuzzi\/autres-options-de-bain-a-remous\/composants-pour-lexploitation-commerciale\/boite-pour-pisk-filtration\/\",\"url\":\"https:\/\/www.idol.cz\/fr\/produkt\/jacuzzi\/autres-options-de-bain-a-remous\/composants-pour-lexploitation-commerciale\/boite-pour-pisk-filtration\/\",\"name\":\"Bo\u00eete pour filtration de sable | bains \u00e0 remous ext\u00e9rieurs, spa aquatique, piscines\",\"isPartOf\":{\"@id\":\"\/#website\"},\"datePublished\":\"2020-06-06T20:11:56+00:00\",\"breadcrumb\":{\"@id\":\"https:\/\/www.idol.cz\/fr\/produkt\/jacuzzi\/autres-options-de-bain-a-remous\/composants-pour-lexploitation-commerciale\/boite-pour-pisk-filtration\/#breadcrumb\"},\"inLanguage\":\"fr-FR\",\"potentialAction\":[{\"@type\":\"ReadAction\",\"target\":[\"https:\/\/www.idol.cz\/fr\/produkt\/jacuzzi\/autres-options-de-bain-a-remous\/composants-pour-lexploitation-commerciale\/boite-pour-pisk-filtration\/\"]}]},{\"@type\":\"BreadcrumbList\",\"@id\":\"https:\/\/www.idol.cz\/fr\/produkt\/jacuzzi\/autres-options-de-bain-a-remous\/composants-pour-lexploitation-commerciale\/boite-pour-pisk-filtration\/#breadcrumb\",\"itemListElement\":[{\"@type\":\"ListItem\",\"position\":1,\"name\":\"Dom\u016f\",\"item\":\"https:\/\/www.idol.cz\/fr\/\"},{\"@type\":\"ListItem\",\"position\":2,\"name\":\"Jacuzzi\",\"item\":\"https:\/\/www.idol.cz\/fr\/kategorie-produktu\/jacuzzi\/\"},{\"@type\":\"ListItem\",\"position\":3,\"name\":\"Autres options de bain \u00e0 remous\",\"item\":\"https:\/\/www.idol.cz\/fr\/kategorie-produktu\/jacuzzi\/autres-options-de-bain-a-remous\/\"},{\"@type\":\"ListItem\",\"position\":4,\"name\":\"Composants pour l\u2019exploitation commerciale\",\"item\":\"https:\/\/www.idol.cz\/fr\/kategorie-produktu\/jacuzzi\/autres-options-de-bain-a-remous\/composants-pour-lexploitation-commerciale\/\"},{\"@type\":\"ListItem\",\"position\":5,\"name\":\"Bo\u00eete pour filtration de sable\"}]},{\"@type\":\"WebSite\",\"@id\":\"\/#website\",\"url\":\"\/\",\"name\":\"v\u00ed\u0159ivky venkovn\u00ed, swim spa, baz\u00e9ny\",\"description\":\"Luxusn\u00ed \u010desk\u00e9 v\u00ed\u0159ivky a swim spa\",\"publisher\":{\"@id\":\"\/#organization\"},\"potentialAction\":[{\"@type\":\"SearchAction\",\"target\":{\"@type\":\"EntryPoint\",\"urlTemplate\":\"\/?s={search_term_string}\"},\"query-input\":{\"@type\":\"PropertyValueSpecification\",\"valueRequired\":true,\"valueName\":\"search_term_string\"}}],\"inLanguage\":\"fr-FR\"},{\"@type\":\"Organization\",\"@id\":\"\/#organization\",\"name\":\"IDOL SPAS, s.r.o.\",\"url\":\"\/\",\"logo\":{\"@type\":\"ImageObject\",\"inLanguage\":\"fr-FR\",\"@id\":\"\/#\/schema\/logo\/image\/\",\"url\":\"https:\/\/www.idol.cz\/wp-content\/uploads\/2020\/02\/idol-spas-logo.png\",\"contentUrl\":\"https:\/\/www.idol.cz\/wp-content\/uploads\/2020\/02\/idol-spas-logo.png\",\"width\":512,\"height\":206,\"caption\":\"IDOL SPAS, s.r.o.\"},\"image\":{\"@id\":\"\/#\/schema\/logo\/image\/\"},\"sameAs\":[\"https:\/\/www.facebook.com\/IdolSpas\/\"]}]}<\/script>\n<!-- \/ Yoast SEO Premium plugin. -->","yoast_head_json":{"title":"Bo\u00eete pour filtration de sable | bains \u00e0 remous ext\u00e9rieurs, spa aquatique, piscines","robots":{"index":"index","follow":"follow","max-snippet":"max-snippet:-1","max-image-preview":"max-image-preview:large","max-video-preview":"max-video-preview:-1"},"canonical":"https:\/\/www.idol.cz\/fr\/produkt\/jacuzzi\/autres-options-de-bain-a-remous\/composants-pour-lexploitation-commerciale\/boite-pour-pisk-filtration\/","og_locale":"fr_FR","og_type":"article","og_title":"Bo\u00eete pour filtration de sable","og_description":"bo\u00eete isol\u00e9e pour la filtration du sable.","og_url":"https:\/\/www.idol.cz\/fr\/produkt\/jacuzzi\/autres-options-de-bain-a-remous\/composants-pour-lexploitation-commerciale\/boite-pour-pisk-filtration\/","og_site_name":"bains \u00e0 remous ext\u00e9rieurs, spa aquatique, piscines","article_publisher":"https:\/\/www.facebook.com\/IdolSpas\/","twitter_card":"summary_large_image","schema":{"@context":"https:\/\/schema.org","@graph":[{"@type":"WebPage","@id":"https:\/\/www.idol.cz\/fr\/produkt\/jacuzzi\/autres-options-de-bain-a-remous\/composants-pour-lexploitation-commerciale\/boite-pour-pisk-filtration\/","url":"https:\/\/www.idol.cz\/fr\/produkt\/jacuzzi\/autres-options-de-bain-a-remous\/composants-pour-lexploitation-commerciale\/boite-pour-pisk-filtration\/","name":"Bo\u00eete pour filtration de sable | bains \u00e0 remous ext\u00e9rieurs, spa aquatique, piscines","isPartOf":{"@id":"\/#website"},"datePublished":"2020-06-06T20:11:56+00:00","breadcrumb":{"@id":"https:\/\/www.idol.cz\/fr\/produkt\/jacuzzi\/autres-options-de-bain-a-remous\/composants-pour-lexploitation-commerciale\/boite-pour-pisk-filtration\/#breadcrumb"},"inLanguage":"fr-FR","potentialAction":[{"@type":"ReadAction","target":["https:\/\/www.idol.cz\/fr\/produkt\/jacuzzi\/autres-options-de-bain-a-remous\/composants-pour-lexploitation-commerciale\/boite-pour-pisk-filtration\/"]}]},{"@type":"BreadcrumbList","@id":"https:\/\/www.idol.cz\/fr\/produkt\/jacuzzi\/autres-options-de-bain-a-remous\/composants-pour-lexploitation-commerciale\/boite-pour-pisk-filtration\/#breadcrumb","itemListElement":[{"@type":"ListItem","position":1,"name":"Dom\u016f","item":"https:\/\/www.idol.cz\/fr\/"},{"@type":"ListItem","position":2,"name":"Jacuzzi","item":"https:\/\/www.idol.cz\/fr\/kategorie-produktu\/jacuzzi\/"},{"@type":"ListItem","position":3,"name":"Autres options de bain \u00e0 remous","item":"https:\/\/www.idol.cz\/fr\/kategorie-produktu\/jacuzzi\/autres-options-de-bain-a-remous\/"},{"@type":"ListItem","position":4,"name":"Composants pour l\u2019exploitation commerciale","item":"https:\/\/www.idol.cz\/fr\/kategorie-produktu\/jacuzzi\/autres-options-de-bain-a-remous\/composants-pour-lexploitation-commerciale\/"},{"@type":"ListItem","position":5,"name":"Bo\u00eete pour filtration de sable"}]},{"@type":"WebSite","@id":"\/#website","url":"\/","name":"v\u00ed\u0159ivky venkovn\u00ed, swim spa, baz\u00e9ny","description":"Luxusn\u00ed \u010desk\u00e9 v\u00ed\u0159ivky a swim spa","publisher":{"@id":"\/#organization"},"potentialAction":[{"@type":"SearchAction","target":{"@type":"EntryPoint","urlTemplate":"\/?s={search_term_string}"},"query-input":{"@type":"PropertyValueSpecification","valueRequired":true,"valueName":"search_term_string"}}],"inLanguage":"fr-FR"},{"@type":"Organization","@id":"\/#organization","name":"IDOL SPAS, s.r.o.","url":"\/","logo":{"@type":"ImageObject","inLanguage":"fr-FR","@id":"\/#\/schema\/logo\/image\/","url":"https:\/\/www.idol.cz\/wp-content\/uploads\/2020\/02\/idol-spas-logo.png","contentUrl":"https:\/\/www.idol.cz\/wp-content\/uploads\/2020\/02\/idol-spas-logo.png","width":512,"height":206,"caption":"IDOL SPAS, s.r.o."},"image":{"@id":"\/#\/schema\/logo\/image\/"},"sameAs":["https:\/\/www.facebook.com\/IdolSpas\/"]}]}},"_links":{"self":[{"href":"https:\/\/www.idol.cz\/fr\/wp-json\/wp\/v2\/product\/14356"}],"collection":[{"href":"https:\/\/www.idol.cz\/fr\/wp-json\/wp\/v2\/product"}],"about":[{"href":"https:\/\/www.idol.cz\/fr\/wp-json\/wp\/v2\/types\/product"}],"wp:attachment":[{"href":"https:\/\/www.idol.cz\/fr\/wp-json\/wp\/v2\/media?parent=14356"}],"wp:term":[{"taxonomy":"product_cat","embeddable":true,"href":"https:\/\/www.idol.cz\/fr\/wp-json\/wp\/v2\/product_cat?post=14356"},{"taxonomy":"product_tag","embeddable":true,"href":"https:\/\/www.idol.cz\/fr\/wp-json\/wp\/v2\/product_tag?post=14356"}],"curies":[{"name":"wp","href":"https:\/\/api.w.org\/{rel}","templated":true}]}}