{"id":14380,"date":"2020-02-12T22:31:24","date_gmt":"2020-06-06T20:12:02","guid":{"rendered":"https:\/\/idol.cz\/produkt\/nezarazene\/systeme-v-pour-les-bains-a-remous-le-spa-de-natation-et-les-piscines-de-sel-pour-la-desinfection-de-sul\/"},"modified":"2020-06-06T22:12:06","modified_gmt":"2020-06-06T20:12:06","slug":"systeme-vpro-virivky-swim-spa-and-bazeny-na-solny-way-disinfection-na-sul","status":"publish","type":"product","link":"https:\/\/www.idol.cz\/fr\/produkt\/nezarazene-fr\/systeme-vpro-virivky-swim-spa-and-bazeny-na-solny-way-disinfection-na-sul\/","title":{"rendered":"Syst\u00e8me V pour les bains \u00e0 remous, le spa de natation et les piscines de sel pour la d\u00e9sinfection de sul"},"content":{"rendered":"<p>Bain \u00e0 remous pour syst\u00e8me de d\u00e9sinfection du sel.<\/p>\n<h2><strong>ASIN Aqua SALT REDOX pour les sables et les piscines des spas de natation<\/strong><\/h2>\n<p>\u00c9lectrolyseur de pointe pour la d\u00e9sinfection du bain \u00e0 remous et de l\u2019eau de la piscine de spa de natation. Conception exclusive dans laquelle la gestion et le dosage ont \u00e9t\u00e9 combin\u00e9s dans une unit\u00e9 en acier inoxydable parfaitement trait\u00e9e avec la mesure int\u00e9gr\u00e9e de salinit\u00e9 (contenu actuel de sel dans l\u2019eau de piscine) et le dosage d\u2019algicide pour la qualit\u00e9 compl\u00e8te de l\u2019eau.<\/p>\n<p>Convient pour les <strong>piscines<\/strong> <strong>de spa<\/strong> de natation et les bains <strong>\u00e0 remous<\/strong> 1m<sup>3<\/sup> &#8211; 70 m<sup>3<\/sup><br \/>\n(pour les piscines plus grandes ou extr\u00eamement charg\u00e9es, ASIN Salt peut \u00eatre connect\u00e9).<\/p>\n<ul>\n<li>Les \u00e9lectrodes en titane avec rev\u00eatement ruthenio-iridius sont utilis\u00e9es pour l\u2019\u00e9lectrolyse, ce qui assure une haute performance et une longue dur\u00e9e de vie. Le mat\u00e9riau d\u2019\u00e9lectrode assure \u00e9galement que les m\u00e9taux durs ne sont pas lib\u00e9r\u00e9s dans l\u2019eau.<\/li>\n<li>L\u2019\u00e9lectronique de l\u2019unit\u00e9 de contr\u00f4le fournit le self-nettoyage des \u00e9lectrodes.<\/li>\n<li>La concentration de sel requise est de 4 \u00e0 8 kg par 1 m<sup>3.<\/sup> Cette concentration est 10 fois plus faible que dans l\u2019eau de mer.<\/li>\n<li>Il ne br\u00fble pas dans les yeux et a un effet prophylactique sur la peau.<\/li>\n<li>Inclut la sonde REDOX<\/li>\n<\/ul>\n<ul>\n<li>\u00c9cran tactile<\/li>\n<li>Fonctionnement facile <\/li>\n<li>Contr\u00f4le multilingue <\/li>\n<li>Conception compacte<\/li>\n<li>Pompes p\u00e9risticales<\/li>\n<li>Tr\u00e8s facile \u00e0 installer<\/li>\n<li>Caract\u00e9ristiques de s\u00e9curit\u00e9 avanc\u00e9es<\/li>\n<li>D\u00e9tecte l\u2019\u00e9coulement de l\u2019eau mesur\u00e9e<\/li>\n<li>Sortie Internet et affichage externe<\/li>\n<li>Avec la possibilit\u00e9 de connecter et de contr\u00f4ler le thermom\u00e8tre, filtration, surveillance de niveau dans le r\u00e9servoir de d\u00e9bordement, ou \u00e9cumeur.<\/li>\n<\/ul>\n","protected":false},"excerpt":{"rendered":"<p>Bain \u00e0 remous pour syst\u00e8me de d\u00e9sinfection du sel. ASIN Aqua SALT REDOX pour les sables et les piscines des spas de natation \u00c9lectrolyseur de pointe pour la d\u00e9sinfection du bain \u00e0 remous et de l\u2019eau de la piscine de spa de natation. Conception exclusive dans laquelle la gestion et le dosage ont \u00e9t\u00e9 combin\u00e9s [&hellip;]<\/p>\n","protected":false},"featured_media":0,"template":"","meta":[],"product_cat":[194],"product_tag":[],"class_list":{"0":"post-14380","1":"product","2":"type-product","3":"status-publish","5":"product_cat-nezarazene-fr","7":"first","8":"instock","9":"taxable","10":"shipping-taxable","11":"purchasable","12":"product-type-simple"},"yoast_head":"<!-- This site is optimized with the Yoast SEO Premium plugin v24.9 (Yoast SEO v24.9) - https:\/\/yoast.com\/wordpress\/plugins\/seo\/ -->\n<title>Syst\u00e8me V pour les bains \u00e0 remous, le spa de natation et les piscines de sel pour la d\u00e9sinfection de sul | Asin aqua sel pour les sables de spa de natation et les piscines<\/title>\n<meta name=\"description\" content=\"Asin aqua sel pour le spa de natation et les piscines. syst\u00e8me de sel pour le traitement du sel.\" \/>\n<meta name=\"robots\" content=\"index, follow, max-snippet:-1, max-image-preview:large, max-video-preview:-1\" \/>\n<link rel=\"canonical\" href=\"https:\/\/www.idol.cz\/fr\/produkt\/nezarazene-fr\/systeme-vpro-virivky-swim-spa-and-bazeny-na-solny-way-disinfection-na-sul\/\" \/>\n<meta property=\"og:locale\" content=\"fr_FR\" \/>\n<meta property=\"og:type\" content=\"article\" \/>\n<meta property=\"og:title\" content=\"Syst\u00e8me V pour les bains \u00e0 remous, le spa de natation et les piscines de sel pour la d\u00e9sinfection de sul\" \/>\n<meta property=\"og:description\" content=\"Asin aqua sel pour le spa de natation et les piscines. syst\u00e8me de sel pour le traitement du sel.\" \/>\n<meta property=\"og:url\" content=\"https:\/\/www.idol.cz\/fr\/produkt\/nezarazene-fr\/systeme-vpro-virivky-swim-spa-and-bazeny-na-solny-way-disinfection-na-sul\/\" \/>\n<meta property=\"og:site_name\" content=\"bains \u00e0 remous ext\u00e9rieurs, spa aquatique, piscines\" \/>\n<meta property=\"article:publisher\" content=\"https:\/\/www.facebook.com\/IdolSpas\/\" \/>\n<meta property=\"article:modified_time\" content=\"2020-06-06T20:12:06+00:00\" \/>\n<meta name=\"twitter:card\" content=\"summary_large_image\" \/>\n<meta name=\"twitter:label1\" content=\"Dur\u00e9e de lecture estim\u00e9e\" \/>\n\t<meta name=\"twitter:data1\" content=\"1 minute\" \/>\n<script type=\"application\/ld+json\" class=\"yoast-schema-graph\">{\"@context\":\"https:\/\/schema.org\",\"@graph\":[{\"@type\":\"WebPage\",\"@id\":\"https:\/\/www.idol.cz\/fr\/produkt\/nezarazene-fr\/systeme-vpro-virivky-swim-spa-and-bazeny-na-solny-way-disinfection-na-sul\/\",\"url\":\"https:\/\/www.idol.cz\/fr\/produkt\/nezarazene-fr\/systeme-vpro-virivky-swim-spa-and-bazeny-na-solny-way-disinfection-na-sul\/\",\"name\":\"Syst\u00e8me V pour les bains \u00e0 remous, le spa de natation et les piscines de sel pour la d\u00e9sinfection de sul | Asin aqua sel pour les sables de spa de natation et les piscines\",\"isPartOf\":{\"@id\":\"https:\/\/www.idol.cz\/fr\/#website\"},\"datePublished\":\"2020-06-06T20:12:02+00:00\",\"dateModified\":\"2020-06-06T20:12:06+00:00\",\"description\":\"Asin aqua sel pour le spa de natation et les piscines. syst\u00e8me de sel pour le traitement du sel.\",\"breadcrumb\":{\"@id\":\"https:\/\/www.idol.cz\/fr\/produkt\/nezarazene-fr\/systeme-vpro-virivky-swim-spa-and-bazeny-na-solny-way-disinfection-na-sul\/#breadcrumb\"},\"inLanguage\":\"fr-FR\",\"potentialAction\":[{\"@type\":\"ReadAction\",\"target\":[\"https:\/\/www.idol.cz\/fr\/produkt\/nezarazene-fr\/systeme-vpro-virivky-swim-spa-and-bazeny-na-solny-way-disinfection-na-sul\/\"]}]},{\"@type\":\"BreadcrumbList\",\"@id\":\"https:\/\/www.idol.cz\/fr\/produkt\/nezarazene-fr\/systeme-vpro-virivky-swim-spa-and-bazeny-na-solny-way-disinfection-na-sul\/#breadcrumb\",\"itemListElement\":[{\"@type\":\"ListItem\",\"position\":1,\"name\":\"Dom\u016f\",\"item\":\"https:\/\/www.idol.cz\/fr\/\"},{\"@type\":\"ListItem\",\"position\":2,\"name\":\"E-shop\",\"item\":\"https:\/\/www.idol.cz\/fr\/boutique\/\"},{\"@type\":\"ListItem\",\"position\":3,\"name\":\"Neza\u0159azen\u00e9\",\"item\":\"https:\/\/www.idol.cz\/fr\/kategorie-produktu\/nezarazene-fr\/\"},{\"@type\":\"ListItem\",\"position\":4,\"name\":\"Syst\u00e8me V pour les bains \u00e0 remous, le spa de natation et les piscines de sel pour la d\u00e9sinfection de sul\"}]},{\"@type\":\"WebSite\",\"@id\":\"https:\/\/www.idol.cz\/fr\/#website\",\"url\":\"https:\/\/www.idol.cz\/fr\/\",\"name\":\"v\u00ed\u0159ivky venkovn\u00ed, swim spa, baz\u00e9ny\",\"description\":\"Luxusn\u00ed \u010desk\u00e9 v\u00ed\u0159ivky a swim spa\",\"publisher\":{\"@id\":\"https:\/\/www.idol.cz\/fr\/#organization\"},\"potentialAction\":[{\"@type\":\"SearchAction\",\"target\":{\"@type\":\"EntryPoint\",\"urlTemplate\":\"https:\/\/www.idol.cz\/fr\/?s={search_term_string}\"},\"query-input\":{\"@type\":\"PropertyValueSpecification\",\"valueRequired\":true,\"valueName\":\"search_term_string\"}}],\"inLanguage\":\"fr-FR\"},{\"@type\":\"Organization\",\"@id\":\"https:\/\/www.idol.cz\/fr\/#organization\",\"name\":\"IDOL SPAS, s.r.o.\",\"url\":\"https:\/\/www.idol.cz\/fr\/\",\"logo\":{\"@type\":\"ImageObject\",\"inLanguage\":\"fr-FR\",\"@id\":\"https:\/\/www.idol.cz\/fr\/#\/schema\/logo\/image\/\",\"url\":\"https:\/\/www.idol.cz\/wp-content\/uploads\/2020\/02\/idol-spas-logo.png\",\"contentUrl\":\"https:\/\/www.idol.cz\/wp-content\/uploads\/2020\/02\/idol-spas-logo.png\",\"width\":512,\"height\":206,\"caption\":\"IDOL SPAS, s.r.o.\"},\"image\":{\"@id\":\"https:\/\/www.idol.cz\/fr\/#\/schema\/logo\/image\/\"},\"sameAs\":[\"https:\/\/www.facebook.com\/IdolSpas\/\"]}]}<\/script>\n<!-- \/ Yoast SEO Premium plugin. -->","yoast_head_json":{"title":"Syst\u00e8me V pour les bains \u00e0 remous, le spa de natation et les piscines de sel pour la d\u00e9sinfection de sul | Asin aqua sel pour les sables de spa de natation et les piscines","description":"Asin aqua sel pour le spa de natation et les piscines. syst\u00e8me de sel pour le traitement du sel.","robots":{"index":"index","follow":"follow","max-snippet":"max-snippet:-1","max-image-preview":"max-image-preview:large","max-video-preview":"max-video-preview:-1"},"canonical":"https:\/\/www.idol.cz\/fr\/produkt\/nezarazene-fr\/systeme-vpro-virivky-swim-spa-and-bazeny-na-solny-way-disinfection-na-sul\/","og_locale":"fr_FR","og_type":"article","og_title":"Syst\u00e8me V pour les bains \u00e0 remous, le spa de natation et les piscines de sel pour la d\u00e9sinfection de sul","og_description":"Asin aqua sel pour le spa de natation et les piscines. syst\u00e8me de sel pour le traitement du sel.","og_url":"https:\/\/www.idol.cz\/fr\/produkt\/nezarazene-fr\/systeme-vpro-virivky-swim-spa-and-bazeny-na-solny-way-disinfection-na-sul\/","og_site_name":"bains \u00e0 remous ext\u00e9rieurs, spa aquatique, piscines","article_publisher":"https:\/\/www.facebook.com\/IdolSpas\/","article_modified_time":"2020-06-06T20:12:06+00:00","twitter_card":"summary_large_image","twitter_misc":{"Dur\u00e9e de lecture estim\u00e9e":"1 minute"},"schema":{"@context":"https:\/\/schema.org","@graph":[{"@type":"WebPage","@id":"https:\/\/www.idol.cz\/fr\/produkt\/nezarazene-fr\/systeme-vpro-virivky-swim-spa-and-bazeny-na-solny-way-disinfection-na-sul\/","url":"https:\/\/www.idol.cz\/fr\/produkt\/nezarazene-fr\/systeme-vpro-virivky-swim-spa-and-bazeny-na-solny-way-disinfection-na-sul\/","name":"Syst\u00e8me V pour les bains \u00e0 remous, le spa de natation et les piscines de sel pour la d\u00e9sinfection de sul | Asin aqua sel pour les sables de spa de natation et les piscines","isPartOf":{"@id":"https:\/\/www.idol.cz\/fr\/#website"},"datePublished":"2020-06-06T20:12:02+00:00","dateModified":"2020-06-06T20:12:06+00:00","description":"Asin aqua sel pour le spa de natation et les piscines. syst\u00e8me de sel pour le traitement du sel.","breadcrumb":{"@id":"https:\/\/www.idol.cz\/fr\/produkt\/nezarazene-fr\/systeme-vpro-virivky-swim-spa-and-bazeny-na-solny-way-disinfection-na-sul\/#breadcrumb"},"inLanguage":"fr-FR","potentialAction":[{"@type":"ReadAction","target":["https:\/\/www.idol.cz\/fr\/produkt\/nezarazene-fr\/systeme-vpro-virivky-swim-spa-and-bazeny-na-solny-way-disinfection-na-sul\/"]}]},{"@type":"BreadcrumbList","@id":"https:\/\/www.idol.cz\/fr\/produkt\/nezarazene-fr\/systeme-vpro-virivky-swim-spa-and-bazeny-na-solny-way-disinfection-na-sul\/#breadcrumb","itemListElement":[{"@type":"ListItem","position":1,"name":"Dom\u016f","item":"https:\/\/www.idol.cz\/fr\/"},{"@type":"ListItem","position":2,"name":"E-shop","item":"https:\/\/www.idol.cz\/fr\/boutique\/"},{"@type":"ListItem","position":3,"name":"Neza\u0159azen\u00e9","item":"https:\/\/www.idol.cz\/fr\/kategorie-produktu\/nezarazene-fr\/"},{"@type":"ListItem","position":4,"name":"Syst\u00e8me V pour les bains \u00e0 remous, le spa de natation et les piscines de sel pour la d\u00e9sinfection de sul"}]},{"@type":"WebSite","@id":"https:\/\/www.idol.cz\/fr\/#website","url":"https:\/\/www.idol.cz\/fr\/","name":"v\u00ed\u0159ivky venkovn\u00ed, swim spa, baz\u00e9ny","description":"Luxusn\u00ed \u010desk\u00e9 v\u00ed\u0159ivky a swim spa","publisher":{"@id":"https:\/\/www.idol.cz\/fr\/#organization"},"potentialAction":[{"@type":"SearchAction","target":{"@type":"EntryPoint","urlTemplate":"https:\/\/www.idol.cz\/fr\/?s={search_term_string}"},"query-input":{"@type":"PropertyValueSpecification","valueRequired":true,"valueName":"search_term_string"}}],"inLanguage":"fr-FR"},{"@type":"Organization","@id":"https:\/\/www.idol.cz\/fr\/#organization","name":"IDOL SPAS, s.r.o.","url":"https:\/\/www.idol.cz\/fr\/","logo":{"@type":"ImageObject","inLanguage":"fr-FR","@id":"https:\/\/www.idol.cz\/fr\/#\/schema\/logo\/image\/","url":"https:\/\/www.idol.cz\/wp-content\/uploads\/2020\/02\/idol-spas-logo.png","contentUrl":"https:\/\/www.idol.cz\/wp-content\/uploads\/2020\/02\/idol-spas-logo.png","width":512,"height":206,"caption":"IDOL SPAS, s.r.o."},"image":{"@id":"https:\/\/www.idol.cz\/fr\/#\/schema\/logo\/image\/"},"sameAs":["https:\/\/www.facebook.com\/IdolSpas\/"]}]}},"_links":{"self":[{"href":"https:\/\/www.idol.cz\/fr\/wp-json\/wp\/v2\/product\/14380"}],"collection":[{"href":"https:\/\/www.idol.cz\/fr\/wp-json\/wp\/v2\/product"}],"about":[{"href":"https:\/\/www.idol.cz\/fr\/wp-json\/wp\/v2\/types\/product"}],"wp:attachment":[{"href":"https:\/\/www.idol.cz\/fr\/wp-json\/wp\/v2\/media?parent=14380"}],"wp:term":[{"taxonomy":"product_cat","embeddable":true,"href":"https:\/\/www.idol.cz\/fr\/wp-json\/wp\/v2\/product_cat?post=14380"},{"taxonomy":"product_tag","embeddable":true,"href":"https:\/\/www.idol.cz\/fr\/wp-json\/wp\/v2\/product_tag?post=14380"}],"curies":[{"name":"wp","href":"https:\/\/api.w.org\/{rel}","templated":true}]}}