{"id":17055,"date":"2021-01-22T09:32:13","date_gmt":"2021-01-22T08:32:13","guid":{"rendered":"https:\/\/www.idol.cz\/?post_type=product&#038;p=17055"},"modified":"2023-02-21T18:20:02","modified_gmt":"2023-02-21T17:20:02","slug":"ph-minus-20l","status":"publish","type":"product","link":"https:\/\/www.idol.cz\/fr\/produkt\/e-shop\/chemie-pro-virivky-a-swim-spa-bazeny\/ph-minus-20l\/","title":{"rendered":"pH Minus 20l"},"content":{"rendered":"\t\t<div data-elementor-type=\"product-post\" data-elementor-id=\"17055\" class=\"elementor elementor-17055\" data-elementor-post-type=\"product\">\n\t\t\t\t\t\t<section class=\"ob-is-breaking-bad elementor-section elementor-top-section elementor-element elementor-element-67295668 elementor-section-boxed elementor-section-height-default elementor-section-height-default\" data-id=\"67295668\" data-element_type=\"section\" data-settings=\"{&quot;_ob_bbad_use_it&quot;:&quot;yes&quot;,&quot;_ob_bbad_sssic_use&quot;:&quot;no&quot;}\">\n\t\t\t\t\t\t<div class=\"elementor-container elementor-column-gap-default\">\n\t\t\t\t\t<div class=\"elementor-column elementor-col-100 elementor-top-column elementor-element elementor-element-1e3d91b7\" data-id=\"1e3d91b7\" data-element_type=\"column\" data-settings=\"{&quot;_ob_bbad_is_stalker&quot;:&quot;no&quot;,&quot;_ob_teleporter_use&quot;:false}\">\n\t\t\t<div class=\"elementor-widget-wrap elementor-element-populated\">\n\t\t\t\t\t\t<div class=\"elementor-element elementor-element-4047b2d9 ob-harakiri-inherit elementor-widget elementor-widget-text-editor\" data-id=\"4047b2d9\" data-element_type=\"widget\" data-settings=\"{&quot;_ob_use_harakiri&quot;:&quot;yes&quot;,&quot;_ob_harakiri_writing_mode&quot;:&quot;inherit&quot;,&quot;_ob_widget_stalker_use&quot;:&quot;no&quot;}\" data-widget_type=\"text-editor.default\">\n\t\t\t\t\t\t\t\t\t<h5 style=\"margin-top: 10px; margin-bottom: 0px; padding: 0px 0px 8px; border: 0px; font-variant-numeric: inherit; font-variant-east-asian: inherit; font-stretch: inherit; line-height: 1.1; font-family: Arimo, sans-serif; font-size: 14px; vertical-align: baseline; color: #767676; letter-spacing: normal; text-align: left;\"><a style=\"margin: 0px; padding: 0px; border: 0px; font-variant-numeric: normal; font-variant-east-asian: normal; font-stretch: normal; font-size: 20px; line-height: 32px; font-family: 'Exo 2', sans-serif; vertical-align: baseline; color: #2f2c2f;\" title=\"pH Minus 5l\" href=\"https:\/\/b2b.asekopool.com\/cs\/bazenova-chemie\/72-ph-minus-5l.html\"><span style=\"margin: 0px; padding: 0px; border: 0px; font-style: inherit; font-variant: inherit; font-weight: inherit; font-stretch: inherit; line-height: inherit; font-family: inherit; vertical-align: baseline;\">pH Minus 20l<\/span><\/a><\/h5>\n<p><span style=\"color: #767676; font-family: Arimo, sans-serif; font-size: 16px;\">Kapalina na sni\u017eov\u00e1n\u00ed pH na b\u00e1zi anorganick\u00e9 kyseliny. Vhodn\u00e1 pro \u00fadr\u017ebu pH ve v\u0161ech typech baz\u00e9nu, swim spa a v\u00ed\u0159ivky.&nbsp;<\/span><\/p>\t\t\t\t\t\t\t\t<\/div>\n\t\t\t\t\t<\/div>\n\t\t<\/div>\n\t\t\t\t\t<\/div>\n\t\t<\/section>\n\t\t\t\t<\/div>\n\t\t","protected":false},"excerpt":{"rendered":"<p>pH Minus 20l Kapalina na sni\u017eov\u00e1n\u00ed pH na b\u00e1zi anorganick\u00e9 kyseliny. Vhodn\u00e1 pro \u00fadr\u017ebu pH ve v\u0161ech typech baz\u00e9nu, swim spa a v\u00ed\u0159ivky.<\/p>\n","protected":false},"featured_media":17056,"template":"","meta":[],"product_cat":[277,266],"product_tag":[],"class_list":{"0":"post-17055","1":"product","2":"type-product","3":"status-publish","4":"has-post-thumbnail","6":"product_cat-aseko_chemie","7":"product_cat-chemie-pro-virivky-a-swim-spa-bazeny","9":"first","10":"instock","11":"taxable","12":"shipping-taxable","13":"purchasable","14":"product-type-simple"},"yoast_head":"<!-- This site is optimized with the Yoast SEO Premium plugin v24.9 (Yoast SEO v24.9) - https:\/\/yoast.com\/wordpress\/plugins\/seo\/ -->\n<title>pH Minus 20l bains \u00e0 remous ext\u00e9rieurs, spa aquatique, piscines<\/title>\n<meta name=\"description\" content=\"Kapalina na sni\u017eov\u00e1n\u00ed pH na b\u00e1zi anorganick\u00e9 kyseliny. Vhodn\u00e1 pro \u00fadr\u017ebu pH ve v\u0161ech typech baz\u00e9nu, swim spa a v\u00ed\u0159ivky.\" \/>\n<meta name=\"robots\" content=\"index, follow, max-snippet:-1, max-image-preview:large, max-video-preview:-1\" \/>\n<link rel=\"canonical\" href=\"https:\/\/www.idol.cz\/fr\/produkt\/e-shop\/chemie-pro-virivky-a-swim-spa-bazeny\/ph-minus-20l\/\" \/>\n<meta property=\"og:locale\" content=\"fr_FR\" \/>\n<meta property=\"og:type\" content=\"article\" \/>\n<meta property=\"og:title\" content=\"pH Minus 20l\" \/>\n<meta property=\"og:description\" content=\"Kapalina na sni\u017eov\u00e1n\u00ed pH na b\u00e1zi anorganick\u00e9 kyseliny. Vhodn\u00e1 pro \u00fadr\u017ebu pH ve v\u0161ech typech baz\u00e9nu, swim spa a v\u00ed\u0159ivky.\" \/>\n<meta property=\"og:url\" content=\"https:\/\/www.idol.cz\/fr\/produkt\/e-shop\/chemie-pro-virivky-a-swim-spa-bazeny\/ph-minus-20l\/\" \/>\n<meta property=\"og:site_name\" content=\"bains \u00e0 remous ext\u00e9rieurs, spa aquatique, piscines\" \/>\n<meta property=\"article:publisher\" content=\"https:\/\/www.facebook.com\/IdolSpas\/\" \/>\n<meta property=\"article:modified_time\" content=\"2023-02-21T17:20:02+00:00\" \/>\n<meta property=\"og:image\" content=\"https:\/\/www.idol.cz\/wp-content\/uploads\/2021\/01\/ph-minus-20l-ASEKO.jpg\" \/>\n\t<meta property=\"og:image:width\" content=\"265\" \/>\n\t<meta property=\"og:image:height\" content=\"265\" \/>\n\t<meta property=\"og:image:type\" content=\"image\/jpeg\" \/>\n<meta name=\"twitter:card\" content=\"summary_large_image\" \/>\n<script type=\"application\/ld+json\" class=\"yoast-schema-graph\">{\"@context\":\"https:\/\/schema.org\",\"@graph\":[{\"@type\":\"WebPage\",\"@id\":\"https:\/\/www.idol.cz\/fr\/produkt\/e-shop\/chemie-pro-virivky-a-swim-spa-bazeny\/ph-minus-20l\/\",\"url\":\"https:\/\/www.idol.cz\/fr\/produkt\/e-shop\/chemie-pro-virivky-a-swim-spa-bazeny\/ph-minus-20l\/\",\"name\":\"pH Minus 20l bains \u00e0 remous ext\u00e9rieurs, spa aquatique, piscines\",\"isPartOf\":{\"@id\":\"https:\/\/www.idol.cz\/fr\/#website\"},\"primaryImageOfPage\":{\"@id\":\"https:\/\/www.idol.cz\/fr\/produkt\/e-shop\/chemie-pro-virivky-a-swim-spa-bazeny\/ph-minus-20l\/#primaryimage\"},\"image\":{\"@id\":\"https:\/\/www.idol.cz\/fr\/produkt\/e-shop\/chemie-pro-virivky-a-swim-spa-bazeny\/ph-minus-20l\/#primaryimage\"},\"thumbnailUrl\":\"https:\/\/www.idol.cz\/wp-content\/uploads\/2021\/01\/ph-minus-20l-ASEKO.jpg\",\"datePublished\":\"2021-01-22T08:32:13+00:00\",\"dateModified\":\"2023-02-21T17:20:02+00:00\",\"description\":\"Kapalina na sni\u017eov\u00e1n\u00ed pH na b\u00e1zi anorganick\u00e9 kyseliny. Vhodn\u00e1 pro \u00fadr\u017ebu pH ve v\u0161ech typech baz\u00e9nu, swim spa a v\u00ed\u0159ivky.\",\"breadcrumb\":{\"@id\":\"https:\/\/www.idol.cz\/fr\/produkt\/e-shop\/chemie-pro-virivky-a-swim-spa-bazeny\/ph-minus-20l\/#breadcrumb\"},\"inLanguage\":\"fr-FR\",\"potentialAction\":[{\"@type\":\"ReadAction\",\"target\":[\"https:\/\/www.idol.cz\/fr\/produkt\/e-shop\/chemie-pro-virivky-a-swim-spa-bazeny\/ph-minus-20l\/\"]}]},{\"@type\":\"ImageObject\",\"inLanguage\":\"fr-FR\",\"@id\":\"https:\/\/www.idol.cz\/fr\/produkt\/e-shop\/chemie-pro-virivky-a-swim-spa-bazeny\/ph-minus-20l\/#primaryimage\",\"url\":\"https:\/\/www.idol.cz\/wp-content\/uploads\/2021\/01\/ph-minus-20l-ASEKO.jpg\",\"contentUrl\":\"https:\/\/www.idol.cz\/wp-content\/uploads\/2021\/01\/ph-minus-20l-ASEKO.jpg\",\"width\":265,\"height\":265,\"caption\":\"Kapalina na sni\u017eov\u00e1n\u00ed pH na b\u00e1zi anorganick\u00e9 kyseliny. Vhodn\u00e1 pro \u00fadr\u017ebu pH ve v\u0161ech typech baz\u00e9nu, swim spa a v\u00ed\u0159ivky.\"},{\"@type\":\"BreadcrumbList\",\"@id\":\"https:\/\/www.idol.cz\/fr\/produkt\/e-shop\/chemie-pro-virivky-a-swim-spa-bazeny\/ph-minus-20l\/#breadcrumb\",\"itemListElement\":[{\"@type\":\"ListItem\",\"position\":1,\"name\":\"Dom\u016f\",\"item\":\"https:\/\/www.idol.cz\/fr\/\"},{\"@type\":\"ListItem\",\"position\":2,\"name\":\"E-shop\",\"item\":\"https:\/\/www.idol.cz\/fr\/boutique\/\"},{\"@type\":\"ListItem\",\"position\":3,\"name\":\"E-shop\",\"item\":\"https:\/\/www.idol.cz\/kategorie-produktu\/e-shop\/\"},{\"@type\":\"ListItem\",\"position\":4,\"name\":\"Chimie pour les bains \u00e0 remous et les piscines spa\",\"item\":\"https:\/\/www.idol.cz\/fr\/kategorie-produktu\/chimie-pour-les-bains-a-remous-et-les-piscines-spa\/\"},{\"@type\":\"ListItem\",\"position\":5,\"name\":\"pH Minus 20l\"}]},{\"@type\":\"WebSite\",\"@id\":\"https:\/\/www.idol.cz\/fr\/#website\",\"url\":\"https:\/\/www.idol.cz\/fr\/\",\"name\":\"v\u00ed\u0159ivky venkovn\u00ed, swim spa, baz\u00e9ny\",\"description\":\"Luxusn\u00ed \u010desk\u00e9 v\u00ed\u0159ivky a swim spa\",\"publisher\":{\"@id\":\"https:\/\/www.idol.cz\/fr\/#organization\"},\"potentialAction\":[{\"@type\":\"SearchAction\",\"target\":{\"@type\":\"EntryPoint\",\"urlTemplate\":\"https:\/\/www.idol.cz\/fr\/?s={search_term_string}\"},\"query-input\":{\"@type\":\"PropertyValueSpecification\",\"valueRequired\":true,\"valueName\":\"search_term_string\"}}],\"inLanguage\":\"fr-FR\"},{\"@type\":\"Organization\",\"@id\":\"https:\/\/www.idol.cz\/fr\/#organization\",\"name\":\"IDOL SPAS, s.r.o.\",\"url\":\"https:\/\/www.idol.cz\/fr\/\",\"logo\":{\"@type\":\"ImageObject\",\"inLanguage\":\"fr-FR\",\"@id\":\"https:\/\/www.idol.cz\/fr\/#\/schema\/logo\/image\/\",\"url\":\"https:\/\/www.idol.cz\/wp-content\/uploads\/2020\/02\/idol-spas-logo.png\",\"contentUrl\":\"https:\/\/www.idol.cz\/wp-content\/uploads\/2020\/02\/idol-spas-logo.png\",\"width\":512,\"height\":206,\"caption\":\"IDOL SPAS, s.r.o.\"},\"image\":{\"@id\":\"https:\/\/www.idol.cz\/fr\/#\/schema\/logo\/image\/\"},\"sameAs\":[\"https:\/\/www.facebook.com\/IdolSpas\/\"]}]}<\/script>\n<!-- \/ Yoast SEO Premium plugin. -->","yoast_head_json":{"title":"pH Minus 20l bains \u00e0 remous ext\u00e9rieurs, spa aquatique, piscines","description":"Kapalina na sni\u017eov\u00e1n\u00ed pH na b\u00e1zi anorganick\u00e9 kyseliny. Vhodn\u00e1 pro \u00fadr\u017ebu pH ve v\u0161ech typech baz\u00e9nu, swim spa a v\u00ed\u0159ivky.","robots":{"index":"index","follow":"follow","max-snippet":"max-snippet:-1","max-image-preview":"max-image-preview:large","max-video-preview":"max-video-preview:-1"},"canonical":"https:\/\/www.idol.cz\/fr\/produkt\/e-shop\/chemie-pro-virivky-a-swim-spa-bazeny\/ph-minus-20l\/","og_locale":"fr_FR","og_type":"article","og_title":"pH Minus 20l","og_description":"Kapalina na sni\u017eov\u00e1n\u00ed pH na b\u00e1zi anorganick\u00e9 kyseliny. Vhodn\u00e1 pro \u00fadr\u017ebu pH ve v\u0161ech typech baz\u00e9nu, swim spa a v\u00ed\u0159ivky.","og_url":"https:\/\/www.idol.cz\/fr\/produkt\/e-shop\/chemie-pro-virivky-a-swim-spa-bazeny\/ph-minus-20l\/","og_site_name":"bains \u00e0 remous ext\u00e9rieurs, spa aquatique, piscines","article_publisher":"https:\/\/www.facebook.com\/IdolSpas\/","article_modified_time":"2023-02-21T17:20:02+00:00","og_image":[{"width":265,"height":265,"url":"https:\/\/www.idol.cz\/wp-content\/uploads\/2021\/01\/ph-minus-20l-ASEKO.jpg","type":"image\/jpeg"}],"twitter_card":"summary_large_image","schema":{"@context":"https:\/\/schema.org","@graph":[{"@type":"WebPage","@id":"https:\/\/www.idol.cz\/fr\/produkt\/e-shop\/chemie-pro-virivky-a-swim-spa-bazeny\/ph-minus-20l\/","url":"https:\/\/www.idol.cz\/fr\/produkt\/e-shop\/chemie-pro-virivky-a-swim-spa-bazeny\/ph-minus-20l\/","name":"pH Minus 20l bains \u00e0 remous ext\u00e9rieurs, spa aquatique, piscines","isPartOf":{"@id":"https:\/\/www.idol.cz\/fr\/#website"},"primaryImageOfPage":{"@id":"https:\/\/www.idol.cz\/fr\/produkt\/e-shop\/chemie-pro-virivky-a-swim-spa-bazeny\/ph-minus-20l\/#primaryimage"},"image":{"@id":"https:\/\/www.idol.cz\/fr\/produkt\/e-shop\/chemie-pro-virivky-a-swim-spa-bazeny\/ph-minus-20l\/#primaryimage"},"thumbnailUrl":"https:\/\/www.idol.cz\/wp-content\/uploads\/2021\/01\/ph-minus-20l-ASEKO.jpg","datePublished":"2021-01-22T08:32:13+00:00","dateModified":"2023-02-21T17:20:02+00:00","description":"Kapalina na sni\u017eov\u00e1n\u00ed pH na b\u00e1zi anorganick\u00e9 kyseliny. Vhodn\u00e1 pro \u00fadr\u017ebu pH ve v\u0161ech typech baz\u00e9nu, swim spa a v\u00ed\u0159ivky.","breadcrumb":{"@id":"https:\/\/www.idol.cz\/fr\/produkt\/e-shop\/chemie-pro-virivky-a-swim-spa-bazeny\/ph-minus-20l\/#breadcrumb"},"inLanguage":"fr-FR","potentialAction":[{"@type":"ReadAction","target":["https:\/\/www.idol.cz\/fr\/produkt\/e-shop\/chemie-pro-virivky-a-swim-spa-bazeny\/ph-minus-20l\/"]}]},{"@type":"ImageObject","inLanguage":"fr-FR","@id":"https:\/\/www.idol.cz\/fr\/produkt\/e-shop\/chemie-pro-virivky-a-swim-spa-bazeny\/ph-minus-20l\/#primaryimage","url":"https:\/\/www.idol.cz\/wp-content\/uploads\/2021\/01\/ph-minus-20l-ASEKO.jpg","contentUrl":"https:\/\/www.idol.cz\/wp-content\/uploads\/2021\/01\/ph-minus-20l-ASEKO.jpg","width":265,"height":265,"caption":"Kapalina na sni\u017eov\u00e1n\u00ed pH na b\u00e1zi anorganick\u00e9 kyseliny. Vhodn\u00e1 pro \u00fadr\u017ebu pH ve v\u0161ech typech baz\u00e9nu, swim spa a v\u00ed\u0159ivky."},{"@type":"BreadcrumbList","@id":"https:\/\/www.idol.cz\/fr\/produkt\/e-shop\/chemie-pro-virivky-a-swim-spa-bazeny\/ph-minus-20l\/#breadcrumb","itemListElement":[{"@type":"ListItem","position":1,"name":"Dom\u016f","item":"https:\/\/www.idol.cz\/fr\/"},{"@type":"ListItem","position":2,"name":"E-shop","item":"https:\/\/www.idol.cz\/fr\/boutique\/"},{"@type":"ListItem","position":3,"name":"E-shop","item":"https:\/\/www.idol.cz\/kategorie-produktu\/e-shop\/"},{"@type":"ListItem","position":4,"name":"Chimie pour les bains \u00e0 remous et les piscines spa","item":"https:\/\/www.idol.cz\/fr\/kategorie-produktu\/chimie-pour-les-bains-a-remous-et-les-piscines-spa\/"},{"@type":"ListItem","position":5,"name":"pH Minus 20l"}]},{"@type":"WebSite","@id":"https:\/\/www.idol.cz\/fr\/#website","url":"https:\/\/www.idol.cz\/fr\/","name":"v\u00ed\u0159ivky venkovn\u00ed, swim spa, baz\u00e9ny","description":"Luxusn\u00ed \u010desk\u00e9 v\u00ed\u0159ivky a swim spa","publisher":{"@id":"https:\/\/www.idol.cz\/fr\/#organization"},"potentialAction":[{"@type":"SearchAction","target":{"@type":"EntryPoint","urlTemplate":"https:\/\/www.idol.cz\/fr\/?s={search_term_string}"},"query-input":{"@type":"PropertyValueSpecification","valueRequired":true,"valueName":"search_term_string"}}],"inLanguage":"fr-FR"},{"@type":"Organization","@id":"https:\/\/www.idol.cz\/fr\/#organization","name":"IDOL SPAS, s.r.o.","url":"https:\/\/www.idol.cz\/fr\/","logo":{"@type":"ImageObject","inLanguage":"fr-FR","@id":"https:\/\/www.idol.cz\/fr\/#\/schema\/logo\/image\/","url":"https:\/\/www.idol.cz\/wp-content\/uploads\/2020\/02\/idol-spas-logo.png","contentUrl":"https:\/\/www.idol.cz\/wp-content\/uploads\/2020\/02\/idol-spas-logo.png","width":512,"height":206,"caption":"IDOL SPAS, s.r.o."},"image":{"@id":"https:\/\/www.idol.cz\/fr\/#\/schema\/logo\/image\/"},"sameAs":["https:\/\/www.facebook.com\/IdolSpas\/"]}]}},"_links":{"self":[{"href":"https:\/\/www.idol.cz\/fr\/wp-json\/wp\/v2\/product\/17055"}],"collection":[{"href":"https:\/\/www.idol.cz\/fr\/wp-json\/wp\/v2\/product"}],"about":[{"href":"https:\/\/www.idol.cz\/fr\/wp-json\/wp\/v2\/types\/product"}],"wp:featuredmedia":[{"embeddable":true,"href":"https:\/\/www.idol.cz\/fr\/wp-json\/wp\/v2\/media\/17056"}],"wp:attachment":[{"href":"https:\/\/www.idol.cz\/fr\/wp-json\/wp\/v2\/media?parent=17055"}],"wp:term":[{"taxonomy":"product_cat","embeddable":true,"href":"https:\/\/www.idol.cz\/fr\/wp-json\/wp\/v2\/product_cat?post=17055"},{"taxonomy":"product_tag","embeddable":true,"href":"https:\/\/www.idol.cz\/fr\/wp-json\/wp\/v2\/product_tag?post=17055"}],"curies":[{"name":"wp","href":"https:\/\/api.w.org\/{rel}","templated":true}]}}