{"id":17364,"date":"2021-01-27T20:13:19","date_gmt":"2021-01-27T19:13:20","guid":{"rendered":"https:\/\/www.idol.cz\/?post_type=product&#038;p=17364"},"modified":"2021-01-27T20:25:44","modified_gmt":"2021-01-27T19:25:44","slug":"couverture-thermique-bain-a-remous-couleur-chene-clair-kopirovat-4","status":"publish","type":"product","link":"https:\/\/www.idol.cz\/fr\/produkt\/jacuzzi\/autres-options-de-bain-a-remous\/thermocover-de-bain-a-remous\/couverture-thermique-bain-a-remous-couleur-chene-clair-kopirovat-4\/","title":{"rendered":"Couverture thermique bain \u00e0 remous couleur gris fonc\u00e9"},"content":{"rendered":"\t\t<div data-elementor-type=\"product-post\" data-elementor-id=\"17364\" class=\"elementor elementor-17364 elementor-17360\" data-elementor-post-type=\"product\">\n\t\t\t\t\t\t<section class=\"ob-is-breaking-bad elementor-section elementor-top-section elementor-element elementor-element-64cabfda elementor-section-boxed elementor-section-height-default elementor-section-height-default\" data-id=\"64cabfda\" data-element_type=\"section\" data-settings=\"{&quot;_ob_bbad_use_it&quot;:&quot;yes&quot;,&quot;_ob_bbad_sssic_use&quot;:&quot;no&quot;}\">\n\t\t\t\t\t\t<div class=\"elementor-container elementor-column-gap-default\">\n\t\t\t\t\t<div class=\"elementor-column elementor-col-100 elementor-top-column elementor-element elementor-element-72710326\" data-id=\"72710326\" data-element_type=\"column\" data-settings=\"{&quot;_ob_bbad_is_stalker&quot;:&quot;no&quot;,&quot;_ob_teleporter_use&quot;:false}\">\n\t\t\t<div class=\"elementor-widget-wrap elementor-element-populated\">\n\t\t\t\t\t\t<div class=\"elementor-element elementor-element-98e857d ob-harakiri-inherit elementor-widget elementor-widget-text-editor\" data-id=\"98e857d\" data-element_type=\"widget\" data-settings=\"{&quot;_ob_use_harakiri&quot;:&quot;yes&quot;,&quot;_ob_harakiri_writing_mode&quot;:&quot;inherit&quot;,&quot;_ob_widget_stalker_use&quot;:&quot;no&quot;}\" data-widget_type=\"text-editor.default\">\n\t\t\t\t\t\t\t\t\t<p style=\"color: #4a4f59; background-color: #f1f3f7;\"><strong><span style=\"font-size: 14pt;\">Couverture thermique pour bains \u00e0 remous.<\/span><\/strong><\/p>\n<p style=\"color: #4a4f59; background-color: #f1f3f7;\"><span style=\"font-size: 14pt;\">Nos couvertures thermo de haute qualit\u00e9 sont une partie importante de votre spa et sont con\u00e7ues pour garder au chaud et r\u00e9duire vos co\u00fbts d\u2019\u00e9nergie.<\/span><br><span style=\"font-size: 14pt;\">Disponible en cinq couleurs de votre choix. Seuls quelques-uns sont disponibles sur le mod\u00e8le lite.<\/span><\/p>\n<p style=\"color: #4a4f59; background-color: #f1f3f7;\"><strong><span style=\"font-size: 14pt;\">Couleur 4.<\/span><\/strong><\/p>\t\t\t\t\t\t\t\t<\/div>\n\t\t\t\t\t<\/div>\n\t\t<\/div>\n\t\t\t\t\t<\/div>\n\t\t<\/section>\n\t\t\t\t<\/div>\n\t\t","protected":false},"excerpt":{"rendered":"<p>Couverture thermique pour bains \u00e0 remous. Nos couvertures thermo de haute qualit\u00e9 sont une partie importante de votre spa et sont con\u00e7ues pour garder au chaud et r\u00e9duire vos co\u00fbts d\u2019\u00e9nergie. Disponible en cinq couleurs de votre choix. Seuls quelques-uns sont disponibles sur le mod\u00e8le lite. Couleur 4.<\/p>\n","protected":false},"featured_media":11460,"template":"","meta":[],"product_cat":[231],"product_tag":[],"class_list":{"0":"post-17364","1":"product","2":"type-product","3":"status-publish","4":"has-post-thumbnail","6":"product_cat-thermocover-de-bain-a-remous","8":"first","9":"instock","10":"taxable","11":"shipping-taxable","12":"purchasable","13":"product-type-simple"},"yoast_head":"<!-- This site is optimized with the Yoast SEO Premium plugin v24.9 (Yoast SEO v24.9) - https:\/\/yoast.com\/wordpress\/plugins\/seo\/ -->\n<title>Couverture thermique bain \u00e0 remous couleur gris fonc\u00e9 | bains \u00e0 remous ext\u00e9rieurs, spa aquatique, piscines<\/title>\n<meta name=\"robots\" content=\"index, follow, max-snippet:-1, max-image-preview:large, max-video-preview:-1\" \/>\n<link rel=\"canonical\" href=\"https:\/\/www.idol.cz\/fr\/produkt\/jacuzzi\/autres-options-de-bain-a-remous\/thermocover-de-bain-a-remous\/couverture-thermique-bain-a-remous-couleur-chene-clair-kopirovat-4\/\" \/>\n<meta property=\"og:locale\" content=\"fr_FR\" \/>\n<meta property=\"og:type\" content=\"article\" \/>\n<meta property=\"og:title\" content=\"Couverture thermique bain \u00e0 remous couleur gris fonc\u00e9\" \/>\n<meta property=\"og:description\" content=\"Couverture thermique pour bains \u00e0 remous. Nos couvertures thermo de haute qualit\u00e9 sont une partie importante de votre spa et sont con\u00e7ues pour garder au chaud et r\u00e9duire vos co\u00fbts d\u2019\u00e9nergie. Disponible en cinq couleurs de votre choix. Seuls quelques-uns sont disponibles sur le mod\u00e8le lite. Couleur 4.\" \/>\n<meta property=\"og:url\" content=\"https:\/\/www.idol.cz\/fr\/produkt\/jacuzzi\/autres-options-de-bain-a-remous\/thermocover-de-bain-a-remous\/couverture-thermique-bain-a-remous-couleur-chene-clair-kopirovat-4\/\" \/>\n<meta property=\"og:site_name\" content=\"bains \u00e0 remous ext\u00e9rieurs, spa aquatique, piscines\" \/>\n<meta property=\"article:publisher\" content=\"https:\/\/www.facebook.com\/IdolSpas\/\" \/>\n<meta property=\"article:modified_time\" content=\"2021-01-27T19:25:44+00:00\" \/>\n<meta property=\"og:image\" content=\"https:\/\/www.idol.cz\/wp-content\/uploads\/2020\/01\/idol-spas-barva-termokrytu-virivky-04.jpg\" \/>\n\t<meta property=\"og:image:width\" content=\"960\" \/>\n\t<meta property=\"og:image:height\" content=\"960\" \/>\n\t<meta property=\"og:image:type\" content=\"image\/jpeg\" \/>\n<meta name=\"twitter:card\" content=\"summary_large_image\" \/>\n<script type=\"application\/ld+json\" class=\"yoast-schema-graph\">{\"@context\":\"https:\/\/schema.org\",\"@graph\":[{\"@type\":\"WebPage\",\"@id\":\"https:\/\/www.idol.cz\/fr\/produkt\/jacuzzi\/autres-options-de-bain-a-remous\/thermocover-de-bain-a-remous\/couverture-thermique-bain-a-remous-couleur-chene-clair-kopirovat-4\/\",\"url\":\"https:\/\/www.idol.cz\/fr\/produkt\/jacuzzi\/autres-options-de-bain-a-remous\/thermocover-de-bain-a-remous\/couverture-thermique-bain-a-remous-couleur-chene-clair-kopirovat-4\/\",\"name\":\"Couverture thermique bain \u00e0 remous couleur gris fonc\u00e9 | bains \u00e0 remous ext\u00e9rieurs, spa aquatique, piscines\",\"isPartOf\":{\"@id\":\"https:\/\/www.idol.cz\/fr\/#website\"},\"primaryImageOfPage\":{\"@id\":\"https:\/\/www.idol.cz\/fr\/produkt\/jacuzzi\/autres-options-de-bain-a-remous\/thermocover-de-bain-a-remous\/couverture-thermique-bain-a-remous-couleur-chene-clair-kopirovat-4\/#primaryimage\"},\"image\":{\"@id\":\"https:\/\/www.idol.cz\/fr\/produkt\/jacuzzi\/autres-options-de-bain-a-remous\/thermocover-de-bain-a-remous\/couverture-thermique-bain-a-remous-couleur-chene-clair-kopirovat-4\/#primaryimage\"},\"thumbnailUrl\":\"https:\/\/www.idol.cz\/wp-content\/uploads\/2020\/01\/idol-spas-barva-termokrytu-virivky-04.jpg\",\"datePublished\":\"2021-01-27T19:13:20+00:00\",\"dateModified\":\"2021-01-27T19:25:44+00:00\",\"breadcrumb\":{\"@id\":\"https:\/\/www.idol.cz\/fr\/produkt\/jacuzzi\/autres-options-de-bain-a-remous\/thermocover-de-bain-a-remous\/couverture-thermique-bain-a-remous-couleur-chene-clair-kopirovat-4\/#breadcrumb\"},\"inLanguage\":\"fr-FR\",\"potentialAction\":[{\"@type\":\"ReadAction\",\"target\":[\"https:\/\/www.idol.cz\/fr\/produkt\/jacuzzi\/autres-options-de-bain-a-remous\/thermocover-de-bain-a-remous\/couverture-thermique-bain-a-remous-couleur-chene-clair-kopirovat-4\/\"]}]},{\"@type\":\"ImageObject\",\"inLanguage\":\"fr-FR\",\"@id\":\"https:\/\/www.idol.cz\/fr\/produkt\/jacuzzi\/autres-options-de-bain-a-remous\/thermocover-de-bain-a-remous\/couverture-thermique-bain-a-remous-couleur-chene-clair-kopirovat-4\/#primaryimage\",\"url\":\"https:\/\/www.idol.cz\/wp-content\/uploads\/2020\/01\/idol-spas-barva-termokrytu-virivky-04.jpg\",\"contentUrl\":\"https:\/\/www.idol.cz\/wp-content\/uploads\/2020\/01\/idol-spas-barva-termokrytu-virivky-04.jpg\",\"width\":960,\"height\":960,\"caption\":\"thermocover des bains \u00e0 remous\"},{\"@type\":\"BreadcrumbList\",\"@id\":\"https:\/\/www.idol.cz\/fr\/produkt\/jacuzzi\/autres-options-de-bain-a-remous\/thermocover-de-bain-a-remous\/couverture-thermique-bain-a-remous-couleur-chene-clair-kopirovat-4\/#breadcrumb\",\"itemListElement\":[{\"@type\":\"ListItem\",\"position\":1,\"name\":\"Dom\u016f\",\"item\":\"https:\/\/www.idol.cz\/fr\/\"},{\"@type\":\"ListItem\",\"position\":2,\"name\":\"E-shop\",\"item\":\"https:\/\/www.idol.cz\/fr\/boutique\/\"},{\"@type\":\"ListItem\",\"position\":3,\"name\":\"Jacuzzi\",\"item\":\"https:\/\/www.idol.cz\/fr\/kategorie-produktu\/jacuzzi\/\"},{\"@type\":\"ListItem\",\"position\":4,\"name\":\"Autres options de bain \u00e0 remous\",\"item\":\"https:\/\/www.idol.cz\/fr\/kategorie-produktu\/jacuzzi\/autres-options-de-bain-a-remous\/\"},{\"@type\":\"ListItem\",\"position\":5,\"name\":\"Thermocover de bain \u00e0 remous\",\"item\":\"https:\/\/www.idol.cz\/fr\/kategorie-produktu\/jacuzzi\/autres-options-de-bain-a-remous\/thermocover-de-bain-a-remous\/\"},{\"@type\":\"ListItem\",\"position\":6,\"name\":\"Couverture thermique bain \u00e0 remous couleur gris fonc\u00e9\"}]},{\"@type\":\"WebSite\",\"@id\":\"https:\/\/www.idol.cz\/fr\/#website\",\"url\":\"https:\/\/www.idol.cz\/fr\/\",\"name\":\"v\u00ed\u0159ivky venkovn\u00ed, swim spa, baz\u00e9ny\",\"description\":\"Luxusn\u00ed \u010desk\u00e9 v\u00ed\u0159ivky a swim spa\",\"publisher\":{\"@id\":\"https:\/\/www.idol.cz\/fr\/#organization\"},\"potentialAction\":[{\"@type\":\"SearchAction\",\"target\":{\"@type\":\"EntryPoint\",\"urlTemplate\":\"https:\/\/www.idol.cz\/fr\/?s={search_term_string}\"},\"query-input\":{\"@type\":\"PropertyValueSpecification\",\"valueRequired\":true,\"valueName\":\"search_term_string\"}}],\"inLanguage\":\"fr-FR\"},{\"@type\":\"Organization\",\"@id\":\"https:\/\/www.idol.cz\/fr\/#organization\",\"name\":\"IDOL SPAS, s.r.o.\",\"url\":\"https:\/\/www.idol.cz\/fr\/\",\"logo\":{\"@type\":\"ImageObject\",\"inLanguage\":\"fr-FR\",\"@id\":\"https:\/\/www.idol.cz\/fr\/#\/schema\/logo\/image\/\",\"url\":\"https:\/\/www.idol.cz\/wp-content\/uploads\/2020\/02\/idol-spas-logo.png\",\"contentUrl\":\"https:\/\/www.idol.cz\/wp-content\/uploads\/2020\/02\/idol-spas-logo.png\",\"width\":512,\"height\":206,\"caption\":\"IDOL SPAS, s.r.o.\"},\"image\":{\"@id\":\"https:\/\/www.idol.cz\/fr\/#\/schema\/logo\/image\/\"},\"sameAs\":[\"https:\/\/www.facebook.com\/IdolSpas\/\"]}]}<\/script>\n<!-- \/ Yoast SEO Premium plugin. -->","yoast_head_json":{"title":"Couverture thermique bain \u00e0 remous couleur gris fonc\u00e9 | bains \u00e0 remous ext\u00e9rieurs, spa aquatique, piscines","robots":{"index":"index","follow":"follow","max-snippet":"max-snippet:-1","max-image-preview":"max-image-preview:large","max-video-preview":"max-video-preview:-1"},"canonical":"https:\/\/www.idol.cz\/fr\/produkt\/jacuzzi\/autres-options-de-bain-a-remous\/thermocover-de-bain-a-remous\/couverture-thermique-bain-a-remous-couleur-chene-clair-kopirovat-4\/","og_locale":"fr_FR","og_type":"article","og_title":"Couverture thermique bain \u00e0 remous couleur gris fonc\u00e9","og_description":"Couverture thermique pour bains \u00e0 remous. Nos couvertures thermo de haute qualit\u00e9 sont une partie importante de votre spa et sont con\u00e7ues pour garder au chaud et r\u00e9duire vos co\u00fbts d\u2019\u00e9nergie. Disponible en cinq couleurs de votre choix. Seuls quelques-uns sont disponibles sur le mod\u00e8le lite. Couleur 4.","og_url":"https:\/\/www.idol.cz\/fr\/produkt\/jacuzzi\/autres-options-de-bain-a-remous\/thermocover-de-bain-a-remous\/couverture-thermique-bain-a-remous-couleur-chene-clair-kopirovat-4\/","og_site_name":"bains \u00e0 remous ext\u00e9rieurs, spa aquatique, piscines","article_publisher":"https:\/\/www.facebook.com\/IdolSpas\/","article_modified_time":"2021-01-27T19:25:44+00:00","og_image":[{"width":960,"height":960,"url":"https:\/\/www.idol.cz\/wp-content\/uploads\/2020\/01\/idol-spas-barva-termokrytu-virivky-04.jpg","type":"image\/jpeg"}],"twitter_card":"summary_large_image","schema":{"@context":"https:\/\/schema.org","@graph":[{"@type":"WebPage","@id":"https:\/\/www.idol.cz\/fr\/produkt\/jacuzzi\/autres-options-de-bain-a-remous\/thermocover-de-bain-a-remous\/couverture-thermique-bain-a-remous-couleur-chene-clair-kopirovat-4\/","url":"https:\/\/www.idol.cz\/fr\/produkt\/jacuzzi\/autres-options-de-bain-a-remous\/thermocover-de-bain-a-remous\/couverture-thermique-bain-a-remous-couleur-chene-clair-kopirovat-4\/","name":"Couverture thermique bain \u00e0 remous couleur gris fonc\u00e9 | bains \u00e0 remous ext\u00e9rieurs, spa aquatique, piscines","isPartOf":{"@id":"https:\/\/www.idol.cz\/fr\/#website"},"primaryImageOfPage":{"@id":"https:\/\/www.idol.cz\/fr\/produkt\/jacuzzi\/autres-options-de-bain-a-remous\/thermocover-de-bain-a-remous\/couverture-thermique-bain-a-remous-couleur-chene-clair-kopirovat-4\/#primaryimage"},"image":{"@id":"https:\/\/www.idol.cz\/fr\/produkt\/jacuzzi\/autres-options-de-bain-a-remous\/thermocover-de-bain-a-remous\/couverture-thermique-bain-a-remous-couleur-chene-clair-kopirovat-4\/#primaryimage"},"thumbnailUrl":"https:\/\/www.idol.cz\/wp-content\/uploads\/2020\/01\/idol-spas-barva-termokrytu-virivky-04.jpg","datePublished":"2021-01-27T19:13:20+00:00","dateModified":"2021-01-27T19:25:44+00:00","breadcrumb":{"@id":"https:\/\/www.idol.cz\/fr\/produkt\/jacuzzi\/autres-options-de-bain-a-remous\/thermocover-de-bain-a-remous\/couverture-thermique-bain-a-remous-couleur-chene-clair-kopirovat-4\/#breadcrumb"},"inLanguage":"fr-FR","potentialAction":[{"@type":"ReadAction","target":["https:\/\/www.idol.cz\/fr\/produkt\/jacuzzi\/autres-options-de-bain-a-remous\/thermocover-de-bain-a-remous\/couverture-thermique-bain-a-remous-couleur-chene-clair-kopirovat-4\/"]}]},{"@type":"ImageObject","inLanguage":"fr-FR","@id":"https:\/\/www.idol.cz\/fr\/produkt\/jacuzzi\/autres-options-de-bain-a-remous\/thermocover-de-bain-a-remous\/couverture-thermique-bain-a-remous-couleur-chene-clair-kopirovat-4\/#primaryimage","url":"https:\/\/www.idol.cz\/wp-content\/uploads\/2020\/01\/idol-spas-barva-termokrytu-virivky-04.jpg","contentUrl":"https:\/\/www.idol.cz\/wp-content\/uploads\/2020\/01\/idol-spas-barva-termokrytu-virivky-04.jpg","width":960,"height":960,"caption":"thermocover des bains \u00e0 remous"},{"@type":"BreadcrumbList","@id":"https:\/\/www.idol.cz\/fr\/produkt\/jacuzzi\/autres-options-de-bain-a-remous\/thermocover-de-bain-a-remous\/couverture-thermique-bain-a-remous-couleur-chene-clair-kopirovat-4\/#breadcrumb","itemListElement":[{"@type":"ListItem","position":1,"name":"Dom\u016f","item":"https:\/\/www.idol.cz\/fr\/"},{"@type":"ListItem","position":2,"name":"E-shop","item":"https:\/\/www.idol.cz\/fr\/boutique\/"},{"@type":"ListItem","position":3,"name":"Jacuzzi","item":"https:\/\/www.idol.cz\/fr\/kategorie-produktu\/jacuzzi\/"},{"@type":"ListItem","position":4,"name":"Autres options de bain \u00e0 remous","item":"https:\/\/www.idol.cz\/fr\/kategorie-produktu\/jacuzzi\/autres-options-de-bain-a-remous\/"},{"@type":"ListItem","position":5,"name":"Thermocover de bain \u00e0 remous","item":"https:\/\/www.idol.cz\/fr\/kategorie-produktu\/jacuzzi\/autres-options-de-bain-a-remous\/thermocover-de-bain-a-remous\/"},{"@type":"ListItem","position":6,"name":"Couverture thermique bain \u00e0 remous couleur gris fonc\u00e9"}]},{"@type":"WebSite","@id":"https:\/\/www.idol.cz\/fr\/#website","url":"https:\/\/www.idol.cz\/fr\/","name":"v\u00ed\u0159ivky venkovn\u00ed, swim spa, baz\u00e9ny","description":"Luxusn\u00ed \u010desk\u00e9 v\u00ed\u0159ivky a swim spa","publisher":{"@id":"https:\/\/www.idol.cz\/fr\/#organization"},"potentialAction":[{"@type":"SearchAction","target":{"@type":"EntryPoint","urlTemplate":"https:\/\/www.idol.cz\/fr\/?s={search_term_string}"},"query-input":{"@type":"PropertyValueSpecification","valueRequired":true,"valueName":"search_term_string"}}],"inLanguage":"fr-FR"},{"@type":"Organization","@id":"https:\/\/www.idol.cz\/fr\/#organization","name":"IDOL SPAS, s.r.o.","url":"https:\/\/www.idol.cz\/fr\/","logo":{"@type":"ImageObject","inLanguage":"fr-FR","@id":"https:\/\/www.idol.cz\/fr\/#\/schema\/logo\/image\/","url":"https:\/\/www.idol.cz\/wp-content\/uploads\/2020\/02\/idol-spas-logo.png","contentUrl":"https:\/\/www.idol.cz\/wp-content\/uploads\/2020\/02\/idol-spas-logo.png","width":512,"height":206,"caption":"IDOL SPAS, s.r.o."},"image":{"@id":"https:\/\/www.idol.cz\/fr\/#\/schema\/logo\/image\/"},"sameAs":["https:\/\/www.facebook.com\/IdolSpas\/"]}]}},"_links":{"self":[{"href":"https:\/\/www.idol.cz\/fr\/wp-json\/wp\/v2\/product\/17364"}],"collection":[{"href":"https:\/\/www.idol.cz\/fr\/wp-json\/wp\/v2\/product"}],"about":[{"href":"https:\/\/www.idol.cz\/fr\/wp-json\/wp\/v2\/types\/product"}],"wp:featuredmedia":[{"embeddable":true,"href":"https:\/\/www.idol.cz\/fr\/wp-json\/wp\/v2\/media\/11460"}],"wp:attachment":[{"href":"https:\/\/www.idol.cz\/fr\/wp-json\/wp\/v2\/media?parent=17364"}],"wp:term":[{"taxonomy":"product_cat","embeddable":true,"href":"https:\/\/www.idol.cz\/fr\/wp-json\/wp\/v2\/product_cat?post=17364"},{"taxonomy":"product_tag","embeddable":true,"href":"https:\/\/www.idol.cz\/fr\/wp-json\/wp\/v2\/product_tag?post=17364"}],"curies":[{"name":"wp","href":"https:\/\/api.w.org\/{rel}","templated":true}]}}