{"id":18438,"date":"2021-04-21T11:15:07","date_gmt":"2021-04-21T09:15:07","guid":{"rendered":"https:\/\/www.idol.cz\/?post_type=product&#038;p=18438"},"modified":"2023-10-19T06:48:53","modified_gmt":"2023-10-19T04:48:53","slug":"spa-whirlpool-pure","status":"publish","type":"product","link":"https:\/\/www.idol.cz\/fr\/produkt\/e-shop\/chemie-pro-virivky-a-swim-spa-bazeny\/spa-whirlpool-pure\/","title":{"rendered":"SPA &#8211; WHIRLPOOL PURE"},"content":{"rendered":"\t\t<div data-elementor-type=\"product-post\" data-elementor-id=\"18438\" class=\"elementor elementor-18438\" data-elementor-post-type=\"product\">\n\t\t\t\t\t\t<section class=\"ob-is-breaking-bad elementor-section elementor-top-section elementor-element elementor-element-67295668 elementor-section-boxed elementor-section-height-default elementor-section-height-default\" data-id=\"67295668\" data-element_type=\"section\" data-settings=\"{&quot;_ob_bbad_use_it&quot;:&quot;yes&quot;,&quot;_ob_bbad_sssic_use&quot;:&quot;no&quot;}\">\n\t\t\t\t\t\t<div class=\"elementor-container elementor-column-gap-default\">\n\t\t\t\t\t<div class=\"elementor-column elementor-col-100 elementor-top-column elementor-element elementor-element-1e3d91b7\" data-id=\"1e3d91b7\" data-element_type=\"column\" data-settings=\"{&quot;_ob_bbad_is_stalker&quot;:&quot;no&quot;,&quot;_ob_teleporter_use&quot;:false}\">\n\t\t\t<div class=\"elementor-widget-wrap elementor-element-populated\">\n\t\t\t\t\t\t<div class=\"elementor-element elementor-element-4047b2d9 ob-harakiri-inherit elementor-widget elementor-widget-text-editor\" data-id=\"4047b2d9\" data-element_type=\"widget\" data-settings=\"{&quot;_ob_use_harakiri&quot;:&quot;yes&quot;,&quot;_ob_harakiri_writing_mode&quot;:&quot;inherit&quot;,&quot;_ob_widget_stalker_use&quot;:&quot;no&quot;}\" data-widget_type=\"text-editor.default\">\n\t\t\t\t\t\t\t\t\t<p><strong>Tento p\u0159\u00edpravek je ur\u010den k \u010di\u0161t\u011bn\u00ed odpadn\u00edho potrub\u00ed a slou\u017e\u00ed p\u0159edev\u0161\u00edm k odstran\u011bn\u00ed \u0161lem\u016f, tuk\u016f a organick\u00fdch n\u00e1rost\u016f. P\u0159\u00edpravek se aplikuje do odpadn\u00edho potrub\u00ed a po 15 minut\u00e1ch a\u017e 2 hodin\u00e1ch se odpadn\u00ed potrub\u00ed propl\u00e1chne proudem tekouc\u00ed vody. P\u0159i pou\u017eit\u00ed tohoto p\u0159\u00edpravku nepou\u017e\u00edvejte nap\u0159\u00edklad zvon &#8211; hroz\u00ed riziko, \u017ee p\u0159\u00edpravek vyte\u010de zp\u011bt a m\u016f\u017ee tedy doj\u00edt k polept\u00e1n\u00ed. P\u0159\u00edpravku odol\u00e1vaj\u00ed plastov\u00e9 a keramick\u00e9 materi\u00e1ly. Jedn\u00e1 se o vysoce alkalick\u00fd \u010disti\u010d.<\/strong><\/p><p><strong>Objem: 1l<\/strong><\/p>\t\t\t\t\t\t\t\t<\/div>\n\t\t\t\t\t<\/div>\n\t\t<\/div>\n\t\t\t\t\t<\/div>\n\t\t<\/section>\n\t\t\t\t<\/div>\n\t\t","protected":false},"excerpt":{"rendered":"<p>Tento p\u0159\u00edpravek je ur\u010den k \u010di\u0161t\u011bn\u00ed odpadn\u00edho potrub\u00ed a slou\u017e\u00ed p\u0159edev\u0161\u00edm k odstran\u011bn\u00ed \u0161lem\u016f, tuk\u016f a organick\u00fdch n\u00e1rost\u016f. P\u0159\u00edpravek se aplikuje do odpadn\u00edho potrub\u00ed a po 15 minut\u00e1ch a\u017e 2 hodin\u00e1ch se odpadn\u00ed potrub\u00ed propl\u00e1chne proudem tekouc\u00ed vody. P\u0159i pou\u017eit\u00ed tohoto p\u0159\u00edpravku nepou\u017e\u00edvejte nap\u0159\u00edklad zvon &#8211; hroz\u00ed riziko, \u017ee p\u0159\u00edpravek vyte\u010de zp\u011bt a m\u016f\u017ee tedy [&hellip;]<\/p>\n","protected":false},"featured_media":34405,"template":"","meta":[],"product_cat":[266,275],"product_tag":[],"class_list":{"0":"post-18438","1":"product","2":"type-product","3":"status-publish","4":"has-post-thumbnail","6":"product_cat-chemie-pro-virivky-a-swim-spa-bazeny","7":"product_cat-spa-chemie","9":"first","10":"instock","11":"taxable","12":"shipping-taxable","13":"purchasable","14":"product-type-simple"},"yoast_head":"<!-- This site is optimized with the Yoast SEO Premium plugin v24.9 (Yoast SEO v24.9) - https:\/\/yoast.com\/wordpress\/plugins\/seo\/ -->\n<title>N\u00e1zev bains \u00e0 remous ext\u00e9rieurs, spa aquatique, piscines N\u00e1zev | bains \u00e0 remous ext\u00e9rieurs, spa aquatique, piscines<\/title>\n<meta name=\"robots\" content=\"index, follow, max-snippet:-1, max-image-preview:large, max-video-preview:-1\" \/>\n<link rel=\"canonical\" href=\"https:\/\/www.idol.cz\/fr\/produkt\/e-shop\/chemie-pro-virivky-a-swim-spa-bazeny\/spa-whirlpool-pure\/\" \/>\n<meta property=\"og:locale\" content=\"fr_FR\" \/>\n<meta property=\"og:type\" content=\"article\" \/>\n<meta property=\"og:title\" content=\"SPA - WHIRLPOOL PURE\" \/>\n<meta property=\"og:description\" content=\"Tento p\u0159\u00edpravek je ur\u010den k \u010di\u0161t\u011bn\u00ed odpadn\u00edho potrub\u00ed a slou\u017e\u00ed p\u0159edev\u0161\u00edm k odstran\u011bn\u00ed \u0161lem\u016f, tuk\u016f a organick\u00fdch n\u00e1rost\u016f. P\u0159\u00edpravek se aplikuje do odpadn\u00edho potrub\u00ed a po 15 minut\u00e1ch a\u017e 2 hodin\u00e1ch se odpadn\u00ed potrub\u00ed propl\u00e1chne proudem tekouc\u00ed vody. P\u0159i pou\u017eit\u00ed tohoto p\u0159\u00edpravku nepou\u017e\u00edvejte nap\u0159\u00edklad zvon &#8211; hroz\u00ed riziko, \u017ee p\u0159\u00edpravek vyte\u010de zp\u011bt a m\u016f\u017ee tedy [&hellip;]\" \/>\n<meta property=\"og:url\" content=\"https:\/\/www.idol.cz\/fr\/produkt\/e-shop\/chemie-pro-virivky-a-swim-spa-bazeny\/spa-whirlpool-pure\/\" \/>\n<meta property=\"og:site_name\" content=\"bains \u00e0 remous ext\u00e9rieurs, spa aquatique, piscines\" \/>\n<meta property=\"article:publisher\" content=\"https:\/\/www.facebook.com\/IdolSpas\/\" \/>\n<meta property=\"article:modified_time\" content=\"2023-10-19T04:48:53+00:00\" \/>\n<meta property=\"og:image\" content=\"https:\/\/www.idol.cz\/wp-content\/uploads\/2021\/04\/SPA_Whirlpool-1.jpg\" \/>\n\t<meta property=\"og:image:width\" content=\"1024\" \/>\n\t<meta property=\"og:image:height\" content=\"1024\" \/>\n\t<meta property=\"og:image:type\" content=\"image\/jpeg\" \/>\n<meta name=\"twitter:card\" content=\"summary_large_image\" \/>\n<meta name=\"twitter:label1\" content=\"Dur\u00e9e de lecture estim\u00e9e\" \/>\n\t<meta name=\"twitter:data1\" content=\"1 minute\" \/>\n<script type=\"application\/ld+json\" class=\"yoast-schema-graph\">{\"@context\":\"https:\/\/schema.org\",\"@graph\":[{\"@type\":\"WebPage\",\"@id\":\"https:\/\/www.idol.cz\/fr\/produkt\/e-shop\/chemie-pro-virivky-a-swim-spa-bazeny\/spa-whirlpool-pure\/\",\"url\":\"https:\/\/www.idol.cz\/fr\/produkt\/e-shop\/chemie-pro-virivky-a-swim-spa-bazeny\/spa-whirlpool-pure\/\",\"name\":\"N\u00e1zev bains \u00e0 remous ext\u00e9rieurs, spa aquatique, piscines N\u00e1zev | bains \u00e0 remous ext\u00e9rieurs, spa aquatique, piscines\",\"isPartOf\":{\"@id\":\"https:\/\/www.idol.cz\/fr\/#website\"},\"primaryImageOfPage\":{\"@id\":\"https:\/\/www.idol.cz\/fr\/produkt\/e-shop\/chemie-pro-virivky-a-swim-spa-bazeny\/spa-whirlpool-pure\/#primaryimage\"},\"image\":{\"@id\":\"https:\/\/www.idol.cz\/fr\/produkt\/e-shop\/chemie-pro-virivky-a-swim-spa-bazeny\/spa-whirlpool-pure\/#primaryimage\"},\"thumbnailUrl\":\"https:\/\/www.idol.cz\/wp-content\/uploads\/2021\/04\/SPA_Whirlpool-1.jpg\",\"datePublished\":\"2021-04-21T09:15:07+00:00\",\"dateModified\":\"2023-10-19T04:48:53+00:00\",\"breadcrumb\":{\"@id\":\"https:\/\/www.idol.cz\/fr\/produkt\/e-shop\/chemie-pro-virivky-a-swim-spa-bazeny\/spa-whirlpool-pure\/#breadcrumb\"},\"inLanguage\":\"fr-FR\",\"potentialAction\":[{\"@type\":\"ReadAction\",\"target\":[\"https:\/\/www.idol.cz\/fr\/produkt\/e-shop\/chemie-pro-virivky-a-swim-spa-bazeny\/spa-whirlpool-pure\/\"]}]},{\"@type\":\"ImageObject\",\"inLanguage\":\"fr-FR\",\"@id\":\"https:\/\/www.idol.cz\/fr\/produkt\/e-shop\/chemie-pro-virivky-a-swim-spa-bazeny\/spa-whirlpool-pure\/#primaryimage\",\"url\":\"https:\/\/www.idol.cz\/wp-content\/uploads\/2021\/04\/SPA_Whirlpool-1.jpg\",\"contentUrl\":\"https:\/\/www.idol.cz\/wp-content\/uploads\/2021\/04\/SPA_Whirlpool-1.jpg\",\"width\":1024,\"height\":1024},{\"@type\":\"BreadcrumbList\",\"@id\":\"https:\/\/www.idol.cz\/fr\/produkt\/e-shop\/chemie-pro-virivky-a-swim-spa-bazeny\/spa-whirlpool-pure\/#breadcrumb\",\"itemListElement\":[{\"@type\":\"ListItem\",\"position\":1,\"name\":\"Dom\u016f\",\"item\":\"https:\/\/www.idol.cz\/fr\/\"},{\"@type\":\"ListItem\",\"position\":2,\"name\":\"E-shop\",\"item\":\"https:\/\/www.idol.cz\/fr\/boutique\/\"},{\"@type\":\"ListItem\",\"position\":3,\"name\":\"E-shop\",\"item\":\"https:\/\/www.idol.cz\/kategorie-produktu\/e-shop\/\"},{\"@type\":\"ListItem\",\"position\":4,\"name\":\"Chimie pour les bains \u00e0 remous et les piscines spa\",\"item\":\"https:\/\/www.idol.cz\/fr\/kategorie-produktu\/chimie-pour-les-bains-a-remous-et-les-piscines-spa\/\"},{\"@type\":\"ListItem\",\"position\":5,\"name\":\"SPA &#8211; WHIRLPOOL PURE\"}]},{\"@type\":\"WebSite\",\"@id\":\"https:\/\/www.idol.cz\/fr\/#website\",\"url\":\"https:\/\/www.idol.cz\/fr\/\",\"name\":\"v\u00ed\u0159ivky venkovn\u00ed, swim spa, baz\u00e9ny\",\"description\":\"Luxusn\u00ed \u010desk\u00e9 v\u00ed\u0159ivky a swim spa\",\"publisher\":{\"@id\":\"https:\/\/www.idol.cz\/fr\/#organization\"},\"potentialAction\":[{\"@type\":\"SearchAction\",\"target\":{\"@type\":\"EntryPoint\",\"urlTemplate\":\"https:\/\/www.idol.cz\/fr\/?s={search_term_string}\"},\"query-input\":{\"@type\":\"PropertyValueSpecification\",\"valueRequired\":true,\"valueName\":\"search_term_string\"}}],\"inLanguage\":\"fr-FR\"},{\"@type\":\"Organization\",\"@id\":\"https:\/\/www.idol.cz\/fr\/#organization\",\"name\":\"IDOL SPAS, s.r.o.\",\"url\":\"https:\/\/www.idol.cz\/fr\/\",\"logo\":{\"@type\":\"ImageObject\",\"inLanguage\":\"fr-FR\",\"@id\":\"https:\/\/www.idol.cz\/fr\/#\/schema\/logo\/image\/\",\"url\":\"https:\/\/www.idol.cz\/wp-content\/uploads\/2020\/02\/idol-spas-logo.png\",\"contentUrl\":\"https:\/\/www.idol.cz\/wp-content\/uploads\/2020\/02\/idol-spas-logo.png\",\"width\":512,\"height\":206,\"caption\":\"IDOL SPAS, s.r.o.\"},\"image\":{\"@id\":\"https:\/\/www.idol.cz\/fr\/#\/schema\/logo\/image\/\"},\"sameAs\":[\"https:\/\/www.facebook.com\/IdolSpas\/\"]}]}<\/script>\n<!-- \/ Yoast SEO Premium plugin. -->","yoast_head_json":{"title":"N\u00e1zev bains \u00e0 remous ext\u00e9rieurs, spa aquatique, piscines N\u00e1zev | bains \u00e0 remous ext\u00e9rieurs, spa aquatique, piscines","robots":{"index":"index","follow":"follow","max-snippet":"max-snippet:-1","max-image-preview":"max-image-preview:large","max-video-preview":"max-video-preview:-1"},"canonical":"https:\/\/www.idol.cz\/fr\/produkt\/e-shop\/chemie-pro-virivky-a-swim-spa-bazeny\/spa-whirlpool-pure\/","og_locale":"fr_FR","og_type":"article","og_title":"SPA - WHIRLPOOL PURE","og_description":"Tento p\u0159\u00edpravek je ur\u010den k \u010di\u0161t\u011bn\u00ed odpadn\u00edho potrub\u00ed a slou\u017e\u00ed p\u0159edev\u0161\u00edm k odstran\u011bn\u00ed \u0161lem\u016f, tuk\u016f a organick\u00fdch n\u00e1rost\u016f. P\u0159\u00edpravek se aplikuje do odpadn\u00edho potrub\u00ed a po 15 minut\u00e1ch a\u017e 2 hodin\u00e1ch se odpadn\u00ed potrub\u00ed propl\u00e1chne proudem tekouc\u00ed vody. P\u0159i pou\u017eit\u00ed tohoto p\u0159\u00edpravku nepou\u017e\u00edvejte nap\u0159\u00edklad zvon &#8211; hroz\u00ed riziko, \u017ee p\u0159\u00edpravek vyte\u010de zp\u011bt a m\u016f\u017ee tedy [&hellip;]","og_url":"https:\/\/www.idol.cz\/fr\/produkt\/e-shop\/chemie-pro-virivky-a-swim-spa-bazeny\/spa-whirlpool-pure\/","og_site_name":"bains \u00e0 remous ext\u00e9rieurs, spa aquatique, piscines","article_publisher":"https:\/\/www.facebook.com\/IdolSpas\/","article_modified_time":"2023-10-19T04:48:53+00:00","og_image":[{"width":1024,"height":1024,"url":"https:\/\/www.idol.cz\/wp-content\/uploads\/2021\/04\/SPA_Whirlpool-1.jpg","type":"image\/jpeg"}],"twitter_card":"summary_large_image","twitter_misc":{"Dur\u00e9e de lecture estim\u00e9e":"1 minute"},"schema":{"@context":"https:\/\/schema.org","@graph":[{"@type":"WebPage","@id":"https:\/\/www.idol.cz\/fr\/produkt\/e-shop\/chemie-pro-virivky-a-swim-spa-bazeny\/spa-whirlpool-pure\/","url":"https:\/\/www.idol.cz\/fr\/produkt\/e-shop\/chemie-pro-virivky-a-swim-spa-bazeny\/spa-whirlpool-pure\/","name":"N\u00e1zev bains \u00e0 remous ext\u00e9rieurs, spa aquatique, piscines N\u00e1zev | bains \u00e0 remous ext\u00e9rieurs, spa aquatique, piscines","isPartOf":{"@id":"https:\/\/www.idol.cz\/fr\/#website"},"primaryImageOfPage":{"@id":"https:\/\/www.idol.cz\/fr\/produkt\/e-shop\/chemie-pro-virivky-a-swim-spa-bazeny\/spa-whirlpool-pure\/#primaryimage"},"image":{"@id":"https:\/\/www.idol.cz\/fr\/produkt\/e-shop\/chemie-pro-virivky-a-swim-spa-bazeny\/spa-whirlpool-pure\/#primaryimage"},"thumbnailUrl":"https:\/\/www.idol.cz\/wp-content\/uploads\/2021\/04\/SPA_Whirlpool-1.jpg","datePublished":"2021-04-21T09:15:07+00:00","dateModified":"2023-10-19T04:48:53+00:00","breadcrumb":{"@id":"https:\/\/www.idol.cz\/fr\/produkt\/e-shop\/chemie-pro-virivky-a-swim-spa-bazeny\/spa-whirlpool-pure\/#breadcrumb"},"inLanguage":"fr-FR","potentialAction":[{"@type":"ReadAction","target":["https:\/\/www.idol.cz\/fr\/produkt\/e-shop\/chemie-pro-virivky-a-swim-spa-bazeny\/spa-whirlpool-pure\/"]}]},{"@type":"ImageObject","inLanguage":"fr-FR","@id":"https:\/\/www.idol.cz\/fr\/produkt\/e-shop\/chemie-pro-virivky-a-swim-spa-bazeny\/spa-whirlpool-pure\/#primaryimage","url":"https:\/\/www.idol.cz\/wp-content\/uploads\/2021\/04\/SPA_Whirlpool-1.jpg","contentUrl":"https:\/\/www.idol.cz\/wp-content\/uploads\/2021\/04\/SPA_Whirlpool-1.jpg","width":1024,"height":1024},{"@type":"BreadcrumbList","@id":"https:\/\/www.idol.cz\/fr\/produkt\/e-shop\/chemie-pro-virivky-a-swim-spa-bazeny\/spa-whirlpool-pure\/#breadcrumb","itemListElement":[{"@type":"ListItem","position":1,"name":"Dom\u016f","item":"https:\/\/www.idol.cz\/fr\/"},{"@type":"ListItem","position":2,"name":"E-shop","item":"https:\/\/www.idol.cz\/fr\/boutique\/"},{"@type":"ListItem","position":3,"name":"E-shop","item":"https:\/\/www.idol.cz\/kategorie-produktu\/e-shop\/"},{"@type":"ListItem","position":4,"name":"Chimie pour les bains \u00e0 remous et les piscines spa","item":"https:\/\/www.idol.cz\/fr\/kategorie-produktu\/chimie-pour-les-bains-a-remous-et-les-piscines-spa\/"},{"@type":"ListItem","position":5,"name":"SPA &#8211; WHIRLPOOL PURE"}]},{"@type":"WebSite","@id":"https:\/\/www.idol.cz\/fr\/#website","url":"https:\/\/www.idol.cz\/fr\/","name":"v\u00ed\u0159ivky venkovn\u00ed, swim spa, baz\u00e9ny","description":"Luxusn\u00ed \u010desk\u00e9 v\u00ed\u0159ivky a swim spa","publisher":{"@id":"https:\/\/www.idol.cz\/fr\/#organization"},"potentialAction":[{"@type":"SearchAction","target":{"@type":"EntryPoint","urlTemplate":"https:\/\/www.idol.cz\/fr\/?s={search_term_string}"},"query-input":{"@type":"PropertyValueSpecification","valueRequired":true,"valueName":"search_term_string"}}],"inLanguage":"fr-FR"},{"@type":"Organization","@id":"https:\/\/www.idol.cz\/fr\/#organization","name":"IDOL SPAS, s.r.o.","url":"https:\/\/www.idol.cz\/fr\/","logo":{"@type":"ImageObject","inLanguage":"fr-FR","@id":"https:\/\/www.idol.cz\/fr\/#\/schema\/logo\/image\/","url":"https:\/\/www.idol.cz\/wp-content\/uploads\/2020\/02\/idol-spas-logo.png","contentUrl":"https:\/\/www.idol.cz\/wp-content\/uploads\/2020\/02\/idol-spas-logo.png","width":512,"height":206,"caption":"IDOL SPAS, s.r.o."},"image":{"@id":"https:\/\/www.idol.cz\/fr\/#\/schema\/logo\/image\/"},"sameAs":["https:\/\/www.facebook.com\/IdolSpas\/"]}]}},"_links":{"self":[{"href":"https:\/\/www.idol.cz\/fr\/wp-json\/wp\/v2\/product\/18438"}],"collection":[{"href":"https:\/\/www.idol.cz\/fr\/wp-json\/wp\/v2\/product"}],"about":[{"href":"https:\/\/www.idol.cz\/fr\/wp-json\/wp\/v2\/types\/product"}],"wp:featuredmedia":[{"embeddable":true,"href":"https:\/\/www.idol.cz\/fr\/wp-json\/wp\/v2\/media\/34405"}],"wp:attachment":[{"href":"https:\/\/www.idol.cz\/fr\/wp-json\/wp\/v2\/media?parent=18438"}],"wp:term":[{"taxonomy":"product_cat","embeddable":true,"href":"https:\/\/www.idol.cz\/fr\/wp-json\/wp\/v2\/product_cat?post=18438"},{"taxonomy":"product_tag","embeddable":true,"href":"https:\/\/www.idol.cz\/fr\/wp-json\/wp\/v2\/product_tag?post=18438"}],"curies":[{"name":"wp","href":"https:\/\/api.w.org\/{rel}","templated":true}]}}