{"id":19637,"date":"2022-06-08T11:43:45","date_gmt":"2022-06-27T10:17:58","guid":{"rendered":"https:\/\/www.idol.cz\/produkt\/non class\u00e9\/photometre-electronique-pour-la-mesure-de-lanalyse-de-leau-pour-les-bains-a-remous-et-les-piscines-spa\/"},"modified":"2022-06-27T12:17:58","modified_gmt":"2022-06-27T10:17:58","slug":"electroniquement-photometre-pour-mereni-analyse-eau-pour-virivky-a-swim-spa-bazeny","status":"publish","type":"product","link":"https:\/\/www.idol.cz\/fr\/produkt\/jacuzzi\/autres-options-de-bain-a-remous\/desinfection-de-leau\/electroniquement-photometre-pour-mereni-analyse-eau-pour-virivky-a-swim-spa-bazeny\/","title":{"rendered":"Photom\u00e8tre \u00e9lectronique pour la mesure de l\u2019analyse de l\u2019eau. Pour les bains \u00e0 remous et les piscines spa."},"content":{"rendered":"<h1 class=\"fn product-title\"><strong>PoolLab Photometer Premium Edition pour les bains \u00e0 remous et les piscines spa.<\/strong><\/h1>\n<ul>\n<li>Testeur de piscine \u00e9lectronique pour l\u2019analyse professionnelle de l\u2019eau<\/li>\n<li>Connectivit\u00e9 sans fil Bluetooth 4.0 avec logiciels et applications gratuits<\/li>\n<li><strong>Calcul automatique du dosage chimique!<\/strong><\/li>\n<li>\u00c9dition Premium incluant les r\u00e9actifs<\/li>\n<li>Triple longueur d\u2019onde de mesure pour une analyse professionnelle<\/li>\n<li>Con\u00e7u pour les eaux des piscines publiques et priv\u00e9es, des bains \u00e0 remous<\/li>\n<li>Peut \u00eatre utilis\u00e9 dans la mesure de l\u2019eau potable et de puits<\/li>\n<li>Mesure et contr\u00f4le des eaux de process<\/li>\n<\/ul>\n<h3><strong>Photom\u00e8tre PoolLab pour piscines spa, bains \u00e0 remous et eau potable<\/strong><\/h3>\n<p>Le nouveau PoolLab<sup>\u00ae<\/sup> 1.0 est un photom\u00e8tre \u00e0 triple longueur d\u2019onde pour l\u2019analyse professionnelle de l\u2019eau priv\u00e9e pour les <strong>piscines spa<\/strong> et les <strong>bains \u00e0 remous<\/strong>. La cuvette int\u00e9gr\u00e9e mais rempla\u00e7able permet un \u00e9chantillonnage rapide de l\u2019eau simplement en l\u2019immergeant dans le PoolLab<sup>\u00ae<\/sup> IP68 \u00e9tanche.<\/p>\n<p>PoolLab<sup>\u00ae<\/sup> avec ses 6 boutons est con\u00e7u pour un acc\u00e8s imm\u00e9diat aux param\u00e8tres install\u00e9s, qui sont: pH, chlore (libre \/ combin\u00e9 \/ total), alcalinit\u00e9 (capacit\u00e9 acide), acide cyanurique (stabilisant). Oxyg\u00e8ne actif (MPS), brome, dioxyde de chlore, ozone, peroxyde d\u2019hydrog\u00e8ne, duret\u00e9 totale, duret\u00e9 calcique, ur\u00e9e et PHMB.<\/p>\n<p>Parce que PoolLab<sup>\u00ae<\/sup> utilise la technologie sans fil Bluetooth 4.2, il peut \u00eatre facilement connect\u00e9 \u00e0 un logiciel gratuit et \u00e0 une application pour g\u00e9rer les r\u00e9sultats des tests. Une fois les r\u00e9sultats des tests synchronis\u00e9s, le logiciel et les applications vous permettent de recommander le dosage en fonction des produits chimiques de traitement de l\u2019eau sp\u00e9cifi\u00e9s individuellement. L\u2019utilisateur peut imprimer des rapports sur les r\u00e9sultats des tests, effectuer le calcul d\u2019indices tels que LSI, et bien plus encore.<\/p>\n<p>Un serveur cloud gratuit garantit que les donn\u00e9es de l\u2019application et du logiciel sont constamment synchronis\u00e9es si l\u2019utilisateur d\u00e9cide d\u2019utiliser cette fonctionnalit\u00e9.<\/p>\n","protected":false},"excerpt":{"rendered":"<p>PoolLab Photometer Premium Edition pour les bains \u00e0 remous et les piscines spa. Testeur de piscine \u00e9lectronique pour l\u2019analyse professionnelle de l\u2019eau Connectivit\u00e9 sans fil Bluetooth 4.0 avec logiciels et applications gratuits Calcul automatique du dosage chimique! \u00c9dition Premium incluant les r\u00e9actifs Triple longueur d\u2019onde de mesure pour une analyse professionnelle Con\u00e7u pour les eaux [&hellip;]<\/p>\n","protected":false},"featured_media":19505,"template":"","meta":[],"product_cat":[306,308,229],"product_tag":[],"class_list":{"0":"post-19637","1":"product","2":"type-product","3":"status-publish","4":"has-post-thumbnail","6":"product_cat-autres-options-de-bain-a-remous","7":"product_cat-chimie-pour-les-bains-a-remous-et-les-piscines-spa","8":"product_cat-desinfection-de-leau","10":"first","11":"instock","12":"taxable","13":"shipping-taxable","14":"purchasable","15":"product-type-simple"},"yoast_head":"<!-- This site is optimized with the Yoast SEO Premium plugin v24.9 (Yoast SEO v24.9) - https:\/\/yoast.com\/wordpress\/plugins\/seo\/ -->\n<title>Bains \u00e0 remous et piscines spa. Testeur de qualit\u00e9 de l\u2019eau. pH chlore.<\/title>\n<meta name=\"description\" content=\"Bain \u00e0 remous et piscines spa photom\u00e8tre. Contr\u00f4le de la qualit\u00e9 de l\u2019eau PH, chlore, duret\u00e9. Eau propre pour les bains \u00e0 remous et les piscines spa.\" \/>\n<meta name=\"robots\" content=\"index, follow, max-snippet:-1, max-image-preview:large, max-video-preview:-1\" \/>\n<link rel=\"canonical\" href=\"https:\/\/www.idol.cz\/fr\/produkt\/jacuzzi\/autres-options-de-bain-a-remous\/desinfection-de-leau\/electroniquement-photometre-pour-mereni-analyse-eau-pour-virivky-a-swim-spa-bazeny\/\" \/>\n<meta property=\"og:locale\" content=\"fr_FR\" \/>\n<meta property=\"og:type\" content=\"article\" \/>\n<meta property=\"og:title\" content=\"Photom\u00e8tre \u00e9lectronique pour la mesure de l\u2019analyse de l\u2019eau. Pour les bains \u00e0 remous et les piscines spa.\" \/>\n<meta property=\"og:description\" content=\"Bain \u00e0 remous et piscines spa photom\u00e8tre. Contr\u00f4le de la qualit\u00e9 de l\u2019eau PH, chlore, duret\u00e9. Eau propre pour les bains \u00e0 remous et les piscines spa.\" \/>\n<meta property=\"og:url\" content=\"https:\/\/www.idol.cz\/fr\/produkt\/jacuzzi\/autres-options-de-bain-a-remous\/desinfection-de-leau\/electroniquement-photometre-pour-mereni-analyse-eau-pour-virivky-a-swim-spa-bazeny\/\" \/>\n<meta property=\"og:site_name\" content=\"bains \u00e0 remous ext\u00e9rieurs, spa aquatique, piscines\" \/>\n<meta property=\"article:publisher\" content=\"https:\/\/www.facebook.com\/IdolSpas\/\" \/>\n<meta property=\"og:image\" content=\"https:\/\/www.idol.cz\/wp-content\/uploads\/2022\/06\/Snimek-obrazovky-2022-06-08-v-11.36.47.png\" \/>\n\t<meta property=\"og:image:width\" content=\"726\" \/>\n\t<meta property=\"og:image:height\" content=\"647\" \/>\n\t<meta property=\"og:image:type\" content=\"image\/png\" \/>\n<meta name=\"twitter:card\" content=\"summary_large_image\" \/>\n<meta name=\"twitter:label1\" content=\"Dur\u00e9e de lecture estim\u00e9e\" \/>\n\t<meta name=\"twitter:data1\" content=\"2 minutes\" \/>\n<script type=\"application\/ld+json\" class=\"yoast-schema-graph\">{\"@context\":\"https:\/\/schema.org\",\"@graph\":[{\"@type\":\"WebPage\",\"@id\":\"https:\/\/www.idol.cz\/fr\/produkt\/jacuzzi\/autres-options-de-bain-a-remous\/desinfection-de-leau\/electroniquement-photometre-pour-mereni-analyse-eau-pour-virivky-a-swim-spa-bazeny\/\",\"url\":\"https:\/\/www.idol.cz\/fr\/produkt\/jacuzzi\/autres-options-de-bain-a-remous\/desinfection-de-leau\/electroniquement-photometre-pour-mereni-analyse-eau-pour-virivky-a-swim-spa-bazeny\/\",\"name\":\"Bains \u00e0 remous et piscines spa. Testeur de qualit\u00e9 de l\u2019eau. pH chlore.\",\"isPartOf\":{\"@id\":\"https:\/\/www.idol.cz\/fr\/#website\"},\"primaryImageOfPage\":{\"@id\":\"https:\/\/www.idol.cz\/fr\/produkt\/jacuzzi\/autres-options-de-bain-a-remous\/desinfection-de-leau\/electroniquement-photometre-pour-mereni-analyse-eau-pour-virivky-a-swim-spa-bazeny\/#primaryimage\"},\"image\":{\"@id\":\"https:\/\/www.idol.cz\/fr\/produkt\/jacuzzi\/autres-options-de-bain-a-remous\/desinfection-de-leau\/electroniquement-photometre-pour-mereni-analyse-eau-pour-virivky-a-swim-spa-bazeny\/#primaryimage\"},\"thumbnailUrl\":\"https:\/\/www.idol.cz\/wp-content\/uploads\/2022\/06\/Snimek-obrazovky-2022-06-08-v-11.36.47.png\",\"datePublished\":\"2022-06-27T10:17:58+00:00\",\"description\":\"Bain \u00e0 remous et piscines spa photom\u00e8tre. Contr\u00f4le de la qualit\u00e9 de l\u2019eau PH, chlore, duret\u00e9. Eau propre pour les bains \u00e0 remous et les piscines spa.\",\"breadcrumb\":{\"@id\":\"https:\/\/www.idol.cz\/fr\/produkt\/jacuzzi\/autres-options-de-bain-a-remous\/desinfection-de-leau\/electroniquement-photometre-pour-mereni-analyse-eau-pour-virivky-a-swim-spa-bazeny\/#breadcrumb\"},\"inLanguage\":\"fr-FR\",\"potentialAction\":[{\"@type\":\"ReadAction\",\"target\":[\"https:\/\/www.idol.cz\/fr\/produkt\/jacuzzi\/autres-options-de-bain-a-remous\/desinfection-de-leau\/electroniquement-photometre-pour-mereni-analyse-eau-pour-virivky-a-swim-spa-bazeny\/\"]}]},{\"@type\":\"ImageObject\",\"inLanguage\":\"fr-FR\",\"@id\":\"https:\/\/www.idol.cz\/fr\/produkt\/jacuzzi\/autres-options-de-bain-a-remous\/desinfection-de-leau\/electroniquement-photometre-pour-mereni-analyse-eau-pour-virivky-a-swim-spa-bazeny\/#primaryimage\",\"url\":\"https:\/\/www.idol.cz\/wp-content\/uploads\/2022\/06\/Snimek-obrazovky-2022-06-08-v-11.36.47.png\",\"contentUrl\":\"https:\/\/www.idol.cz\/wp-content\/uploads\/2022\/06\/Snimek-obrazovky-2022-06-08-v-11.36.47.png\",\"width\":726,\"height\":647,\"caption\":\"Testeur d\u2019eau pour bains \u00e0 remous et piscines spa.\"},{\"@type\":\"BreadcrumbList\",\"@id\":\"https:\/\/www.idol.cz\/fr\/produkt\/jacuzzi\/autres-options-de-bain-a-remous\/desinfection-de-leau\/electroniquement-photometre-pour-mereni-analyse-eau-pour-virivky-a-swim-spa-bazeny\/#breadcrumb\",\"itemListElement\":[{\"@type\":\"ListItem\",\"position\":1,\"name\":\"Dom\u016f\",\"item\":\"https:\/\/www.idol.cz\/fr\/\"},{\"@type\":\"ListItem\",\"position\":2,\"name\":\"E-shop\",\"item\":\"https:\/\/www.idol.cz\/fr\/boutique\/\"},{\"@type\":\"ListItem\",\"position\":3,\"name\":\"Autres accessoires de piscine de spa de natation\",\"item\":\"https:\/\/www.idol.cz\/fr\/kategorie-produktu\/piscines\/autres-accessoires-de-piscine-de-spa-de-natation\/\"},{\"@type\":\"ListItem\",\"position\":4,\"name\":\"Photom\u00e8tre \u00e9lectronique pour la mesure de l\u2019analyse de l\u2019eau. Pour les bains \u00e0 remous et les piscines spa.\"}]},{\"@type\":\"WebSite\",\"@id\":\"https:\/\/www.idol.cz\/fr\/#website\",\"url\":\"https:\/\/www.idol.cz\/fr\/\",\"name\":\"v\u00ed\u0159ivky venkovn\u00ed, swim spa, baz\u00e9ny\",\"description\":\"Luxusn\u00ed \u010desk\u00e9 v\u00ed\u0159ivky a swim spa\",\"publisher\":{\"@id\":\"https:\/\/www.idol.cz\/fr\/#organization\"},\"potentialAction\":[{\"@type\":\"SearchAction\",\"target\":{\"@type\":\"EntryPoint\",\"urlTemplate\":\"https:\/\/www.idol.cz\/fr\/?s={search_term_string}\"},\"query-input\":{\"@type\":\"PropertyValueSpecification\",\"valueRequired\":true,\"valueName\":\"search_term_string\"}}],\"inLanguage\":\"fr-FR\"},{\"@type\":\"Organization\",\"@id\":\"https:\/\/www.idol.cz\/fr\/#organization\",\"name\":\"IDOL SPAS, s.r.o.\",\"url\":\"https:\/\/www.idol.cz\/fr\/\",\"logo\":{\"@type\":\"ImageObject\",\"inLanguage\":\"fr-FR\",\"@id\":\"https:\/\/www.idol.cz\/fr\/#\/schema\/logo\/image\/\",\"url\":\"https:\/\/www.idol.cz\/wp-content\/uploads\/2020\/02\/idol-spas-logo.png\",\"contentUrl\":\"https:\/\/www.idol.cz\/wp-content\/uploads\/2020\/02\/idol-spas-logo.png\",\"width\":512,\"height\":206,\"caption\":\"IDOL SPAS, s.r.o.\"},\"image\":{\"@id\":\"https:\/\/www.idol.cz\/fr\/#\/schema\/logo\/image\/\"},\"sameAs\":[\"https:\/\/www.facebook.com\/IdolSpas\/\"]}]}<\/script>\n<!-- \/ Yoast SEO Premium plugin. -->","yoast_head_json":{"title":"Bains \u00e0 remous et piscines spa. Testeur de qualit\u00e9 de l\u2019eau. pH chlore.","description":"Bain \u00e0 remous et piscines spa photom\u00e8tre. Contr\u00f4le de la qualit\u00e9 de l\u2019eau PH, chlore, duret\u00e9. Eau propre pour les bains \u00e0 remous et les piscines spa.","robots":{"index":"index","follow":"follow","max-snippet":"max-snippet:-1","max-image-preview":"max-image-preview:large","max-video-preview":"max-video-preview:-1"},"canonical":"https:\/\/www.idol.cz\/fr\/produkt\/jacuzzi\/autres-options-de-bain-a-remous\/desinfection-de-leau\/electroniquement-photometre-pour-mereni-analyse-eau-pour-virivky-a-swim-spa-bazeny\/","og_locale":"fr_FR","og_type":"article","og_title":"Photom\u00e8tre \u00e9lectronique pour la mesure de l\u2019analyse de l\u2019eau. Pour les bains \u00e0 remous et les piscines spa.","og_description":"Bain \u00e0 remous et piscines spa photom\u00e8tre. Contr\u00f4le de la qualit\u00e9 de l\u2019eau PH, chlore, duret\u00e9. Eau propre pour les bains \u00e0 remous et les piscines spa.","og_url":"https:\/\/www.idol.cz\/fr\/produkt\/jacuzzi\/autres-options-de-bain-a-remous\/desinfection-de-leau\/electroniquement-photometre-pour-mereni-analyse-eau-pour-virivky-a-swim-spa-bazeny\/","og_site_name":"bains \u00e0 remous ext\u00e9rieurs, spa aquatique, piscines","article_publisher":"https:\/\/www.facebook.com\/IdolSpas\/","og_image":[{"width":726,"height":647,"url":"https:\/\/www.idol.cz\/wp-content\/uploads\/2022\/06\/Snimek-obrazovky-2022-06-08-v-11.36.47.png","type":"image\/png"}],"twitter_card":"summary_large_image","twitter_misc":{"Dur\u00e9e de lecture estim\u00e9e":"2 minutes"},"schema":{"@context":"https:\/\/schema.org","@graph":[{"@type":"WebPage","@id":"https:\/\/www.idol.cz\/fr\/produkt\/jacuzzi\/autres-options-de-bain-a-remous\/desinfection-de-leau\/electroniquement-photometre-pour-mereni-analyse-eau-pour-virivky-a-swim-spa-bazeny\/","url":"https:\/\/www.idol.cz\/fr\/produkt\/jacuzzi\/autres-options-de-bain-a-remous\/desinfection-de-leau\/electroniquement-photometre-pour-mereni-analyse-eau-pour-virivky-a-swim-spa-bazeny\/","name":"Bains \u00e0 remous et piscines spa. Testeur de qualit\u00e9 de l\u2019eau. pH chlore.","isPartOf":{"@id":"https:\/\/www.idol.cz\/fr\/#website"},"primaryImageOfPage":{"@id":"https:\/\/www.idol.cz\/fr\/produkt\/jacuzzi\/autres-options-de-bain-a-remous\/desinfection-de-leau\/electroniquement-photometre-pour-mereni-analyse-eau-pour-virivky-a-swim-spa-bazeny\/#primaryimage"},"image":{"@id":"https:\/\/www.idol.cz\/fr\/produkt\/jacuzzi\/autres-options-de-bain-a-remous\/desinfection-de-leau\/electroniquement-photometre-pour-mereni-analyse-eau-pour-virivky-a-swim-spa-bazeny\/#primaryimage"},"thumbnailUrl":"https:\/\/www.idol.cz\/wp-content\/uploads\/2022\/06\/Snimek-obrazovky-2022-06-08-v-11.36.47.png","datePublished":"2022-06-27T10:17:58+00:00","description":"Bain \u00e0 remous et piscines spa photom\u00e8tre. Contr\u00f4le de la qualit\u00e9 de l\u2019eau PH, chlore, duret\u00e9. Eau propre pour les bains \u00e0 remous et les piscines spa.","breadcrumb":{"@id":"https:\/\/www.idol.cz\/fr\/produkt\/jacuzzi\/autres-options-de-bain-a-remous\/desinfection-de-leau\/electroniquement-photometre-pour-mereni-analyse-eau-pour-virivky-a-swim-spa-bazeny\/#breadcrumb"},"inLanguage":"fr-FR","potentialAction":[{"@type":"ReadAction","target":["https:\/\/www.idol.cz\/fr\/produkt\/jacuzzi\/autres-options-de-bain-a-remous\/desinfection-de-leau\/electroniquement-photometre-pour-mereni-analyse-eau-pour-virivky-a-swim-spa-bazeny\/"]}]},{"@type":"ImageObject","inLanguage":"fr-FR","@id":"https:\/\/www.idol.cz\/fr\/produkt\/jacuzzi\/autres-options-de-bain-a-remous\/desinfection-de-leau\/electroniquement-photometre-pour-mereni-analyse-eau-pour-virivky-a-swim-spa-bazeny\/#primaryimage","url":"https:\/\/www.idol.cz\/wp-content\/uploads\/2022\/06\/Snimek-obrazovky-2022-06-08-v-11.36.47.png","contentUrl":"https:\/\/www.idol.cz\/wp-content\/uploads\/2022\/06\/Snimek-obrazovky-2022-06-08-v-11.36.47.png","width":726,"height":647,"caption":"Testeur d\u2019eau pour bains \u00e0 remous et piscines spa."},{"@type":"BreadcrumbList","@id":"https:\/\/www.idol.cz\/fr\/produkt\/jacuzzi\/autres-options-de-bain-a-remous\/desinfection-de-leau\/electroniquement-photometre-pour-mereni-analyse-eau-pour-virivky-a-swim-spa-bazeny\/#breadcrumb","itemListElement":[{"@type":"ListItem","position":1,"name":"Dom\u016f","item":"https:\/\/www.idol.cz\/fr\/"},{"@type":"ListItem","position":2,"name":"E-shop","item":"https:\/\/www.idol.cz\/fr\/boutique\/"},{"@type":"ListItem","position":3,"name":"Autres accessoires de piscine de spa de natation","item":"https:\/\/www.idol.cz\/fr\/kategorie-produktu\/piscines\/autres-accessoires-de-piscine-de-spa-de-natation\/"},{"@type":"ListItem","position":4,"name":"Photom\u00e8tre \u00e9lectronique pour la mesure de l\u2019analyse de l\u2019eau. Pour les bains \u00e0 remous et les piscines spa."}]},{"@type":"WebSite","@id":"https:\/\/www.idol.cz\/fr\/#website","url":"https:\/\/www.idol.cz\/fr\/","name":"v\u00ed\u0159ivky venkovn\u00ed, swim spa, baz\u00e9ny","description":"Luxusn\u00ed \u010desk\u00e9 v\u00ed\u0159ivky a swim spa","publisher":{"@id":"https:\/\/www.idol.cz\/fr\/#organization"},"potentialAction":[{"@type":"SearchAction","target":{"@type":"EntryPoint","urlTemplate":"https:\/\/www.idol.cz\/fr\/?s={search_term_string}"},"query-input":{"@type":"PropertyValueSpecification","valueRequired":true,"valueName":"search_term_string"}}],"inLanguage":"fr-FR"},{"@type":"Organization","@id":"https:\/\/www.idol.cz\/fr\/#organization","name":"IDOL SPAS, s.r.o.","url":"https:\/\/www.idol.cz\/fr\/","logo":{"@type":"ImageObject","inLanguage":"fr-FR","@id":"https:\/\/www.idol.cz\/fr\/#\/schema\/logo\/image\/","url":"https:\/\/www.idol.cz\/wp-content\/uploads\/2020\/02\/idol-spas-logo.png","contentUrl":"https:\/\/www.idol.cz\/wp-content\/uploads\/2020\/02\/idol-spas-logo.png","width":512,"height":206,"caption":"IDOL SPAS, s.r.o."},"image":{"@id":"https:\/\/www.idol.cz\/fr\/#\/schema\/logo\/image\/"},"sameAs":["https:\/\/www.facebook.com\/IdolSpas\/"]}]}},"_links":{"self":[{"href":"https:\/\/www.idol.cz\/fr\/wp-json\/wp\/v2\/product\/19637"}],"collection":[{"href":"https:\/\/www.idol.cz\/fr\/wp-json\/wp\/v2\/product"}],"about":[{"href":"https:\/\/www.idol.cz\/fr\/wp-json\/wp\/v2\/types\/product"}],"wp:featuredmedia":[{"embeddable":true,"href":"https:\/\/www.idol.cz\/fr\/wp-json\/wp\/v2\/media\/19505"}],"wp:attachment":[{"href":"https:\/\/www.idol.cz\/fr\/wp-json\/wp\/v2\/media?parent=19637"}],"wp:term":[{"taxonomy":"product_cat","embeddable":true,"href":"https:\/\/www.idol.cz\/fr\/wp-json\/wp\/v2\/product_cat?post=19637"},{"taxonomy":"product_tag","embeddable":true,"href":"https:\/\/www.idol.cz\/fr\/wp-json\/wp\/v2\/product_tag?post=19637"}],"curies":[{"name":"wp","href":"https:\/\/api.w.org\/{rel}","templated":true}]}}