{"id":20209,"date":"2022-06-04T14:09:23","date_gmt":"2022-09-10T12:32:33","guid":{"rendered":"https:\/\/www.idol.cz\/produkt\/non class\u00e9\/pompe-a-chaleur-pour-bains-a-remous-piscines-spa-norme-mini-cube-35-kw\/"},"modified":"2022-09-10T14:32:33","modified_gmt":"2022-09-10T12:32:33","slug":"teplelne-cerpadlo-pro-virivky-swim-spa-bazeny-norm-mini-cube-35-kw-2","status":"publish","type":"product","link":"https:\/\/www.idol.cz\/fr\/produkt\/jacuzzi\/autres-options-de-bain-a-remous\/teplelne-cerpadlo-pro-virivky-swim-spa-bazeny-norm-mini-cube-35-kw-2\/","title":{"rendered":"Pompe \u00e0 chaleur pour bains \u00e0 remous, piscines spa. Norme mini cube 3,5 kw"},"content":{"rendered":"<p><strong>Pompe \u00e0 chaleur pour bains \u00e0 remous, piscines spa NORM MINI CUBE<\/strong><\/p>\n<p>Avec ses dimensions compactes et ses performances, le Norm MINI CUBE convient \u00e0 une utilisation dans de petites piscines priv\u00e9es ou des bains \u00e0 remous et des piscines spa.<br \/>\nIl peut \u00eatre contr\u00f4l\u00e9 \u00e0 distance par smartphone (Bluetooth) \u00e0 l\u2019aide de l\u2019application \u00ab&nbsp;AQUA TEMP&nbsp;\u00bb<\/p>\n<ul>\n<li>C.O.P. jusqu\u2019\u00e0 4,9<\/li>\n<li>La pompe \u00e0 chaleur peut \u00eatre contr\u00f4l\u00e9e via Bluetooth<\/li>\n<li>Temp\u00e9rature de fonctionnement : +10 \u00e0 +43 \u00b0C<\/li>\n<li>Inosculation :\n<ul>\n<li>Mandrin tuyau 32\/38 mm<\/li>\n<li>Raccords 32-50 mm<\/li>\n<\/ul>\n<\/li>\n<li>Pour les petits bains \u00e0 remous, les piscines spa et les bains \u00e0 remous<\/li>\n<\/ul>\n<p>&nbsp;<\/p>\n<h2>Param\u00e8tres techniques<\/h2>\n<table id=\"techparams\" class=\"webproduct_ltext_table\">\n<tbody>\n<tr>\n<th>Type de produit:<\/th>\n<td>Pompe \u00e0 chaleur pour bains \u00e0 remous et piscines spa.<\/td>\n<\/tr>\n<tr>\n<th>Couleur:<\/th>\n<td>Gris fonc\u00e9<\/td>\n<\/tr>\n<tr>\n<th>Puissance calorifique :<\/th>\n<td>3,5 kW<\/td>\n<\/tr>\n<tr>\n<th>Refroidissement:<\/th>\n<td>Non<\/td>\n<\/tr>\n<tr>\n<th>Volume de piscine recommand\u00e9 :<\/th>\n<td>Max. 15 m3<\/td>\n<\/tr>\n<tr>\n<th>Connexion:<\/th>\n<td>32\/38 mm<\/td>\n<\/tr>\n<tr>\n<th>R\u00e9frig\u00e9rant utilis\u00e9 :<\/th>\n<td>R32<\/td>\n<\/tr>\n<tr>\n<th>Tension:<\/th>\n<td>230 V<\/td>\n<\/tr>\n<tr>\n<th>Efficacit\u00e9:<\/th>\n<td>4.9 C.O.P.<\/td>\n<\/tr>\n<tr>\n<th>Poids net\/transport kg:<\/th>\n<td>23 kg<\/td>\n<\/tr>\n<tr>\n<th>Dimensions nettes de l\u2019unit\u00e9 (w\/l\/h):<\/th>\n<td>400 x 400 x 420 mm<\/td>\n<\/tr>\n<tr>\n<th>Puissance:<\/th>\n<td>0,72 kW<\/td>\n<\/tr>\n<tr>\n<th>Bruit:<\/th>\n<td>46 dB<\/td>\n<\/tr>\n<tr>\n<th>Temp\u00e9rature de fonctionnement:<\/th>\n<td>+10 \u00e0 +43 \u00b0C<\/td>\n<\/tr>\n<tr>\n<th>Performance:<\/th>\n<td>3,5 kW<\/td>\n<\/tr>\n<tr>\n<th>D\u00e9bit d\u2019eau recommand\u00e9 :<\/th>\n<td>1,5 m3\/h<\/td>\n<\/tr>\n<tr>\n<th>Panneau de commande num\u00e9rique:<\/th>\n<td>Oui<\/td>\n<\/tr>\n<\/tbody>\n<\/table>\n<p>&nbsp;<\/p>\n<h2>Logistique<\/h2>\n<table id=\"logistika\" class=\"webproduct_ltext_table\">\n<tbody>\n<tr>\n<th>Poids:<\/th>\n<td>31 kg<\/td>\n<\/tr>\n<tr>\n<th>En skup. emballage:<\/th>\n<td>1<\/td>\n<\/tr>\n<tr>\n<th>Sur la palette :<\/th>\n<td>0<\/td>\n<\/tr>\n<\/tbody>\n<\/table>\n","protected":false},"excerpt":{"rendered":"<p>Pompe \u00e0 chaleur pour bains \u00e0 remous, piscines spa NORM MINI CUBE Avec ses dimensions compactes et ses performances, le Norm MINI CUBE convient \u00e0 une utilisation dans de petites piscines priv\u00e9es ou des bains \u00e0 remous et des piscines spa. Il peut \u00eatre contr\u00f4l\u00e9 \u00e0 distance par smartphone (Bluetooth) \u00e0 l\u2019aide de l\u2019application \u00ab&nbsp;AQUA [&hellip;]<\/p>\n","protected":false},"featured_media":19403,"template":"","meta":[],"product_cat":[306,317],"product_tag":[],"class_list":{"0":"post-20209","1":"product","2":"type-product","3":"status-publish","4":"has-post-thumbnail","6":"product_cat-autres-options-de-bain-a-remous","7":"product_cat-pompes-a-chaleur","9":"first","10":"instock","11":"taxable","12":"shipping-taxable","13":"purchasable","14":"product-type-simple"},"yoast_head":"<!-- This site is optimized with the Yoast SEO Premium plugin v24.9 (Yoast SEO v24.9) - https:\/\/yoast.com\/wordpress\/plugins\/seo\/ -->\n<title>Pompe \u00e0 chaleur pour bains \u00e0 remous, piscines spa. Norme mini cube 3,5 kw | bains \u00e0 remous ext\u00e9rieurs, spa aquatique, piscines<\/title>\n<meta name=\"robots\" content=\"index, follow, max-snippet:-1, max-image-preview:large, max-video-preview:-1\" \/>\n<link rel=\"canonical\" href=\"https:\/\/www.idol.cz\/fr\/produkt\/jacuzzi\/autres-options-de-bain-a-remous\/teplelne-cerpadlo-pro-virivky-swim-spa-bazeny-norm-mini-cube-35-kw-2\/\" \/>\n<meta property=\"og:locale\" content=\"fr_FR\" \/>\n<meta property=\"og:type\" content=\"article\" \/>\n<meta property=\"og:title\" content=\"Pompe \u00e0 chaleur pour bains \u00e0 remous, piscines spa. Norme mini cube 3,5 kw\" \/>\n<meta property=\"og:description\" content=\"Pompe \u00e0 chaleur pour bains \u00e0 remous, piscines spa NORM MINI CUBE Avec ses dimensions compactes et ses performances, le Norm MINI CUBE convient \u00e0 une utilisation dans de petites piscines priv\u00e9es ou des bains \u00e0 remous et des piscines spa. Il peut \u00eatre contr\u00f4l\u00e9 \u00e0 distance par smartphone (Bluetooth) \u00e0 l\u2019aide de l\u2019application \u00ab&nbsp;AQUA [&hellip;]\" \/>\n<meta property=\"og:url\" content=\"https:\/\/www.idol.cz\/fr\/produkt\/jacuzzi\/autres-options-de-bain-a-remous\/teplelne-cerpadlo-pro-virivky-swim-spa-bazeny-norm-mini-cube-35-kw-2\/\" \/>\n<meta property=\"og:site_name\" content=\"bains \u00e0 remous ext\u00e9rieurs, spa aquatique, piscines\" \/>\n<meta property=\"article:publisher\" content=\"https:\/\/www.facebook.com\/IdolSpas\/\" \/>\n<meta property=\"og:image\" content=\"https:\/\/www.idol.cz\/wp-content\/uploads\/2022\/06\/tepelne-cerpadlo-virivky-bazeny-swim-spa.jpeg\" \/>\n\t<meta property=\"og:image:width\" content=\"805\" \/>\n\t<meta property=\"og:image:height\" content=\"691\" \/>\n\t<meta property=\"og:image:type\" content=\"image\/jpeg\" \/>\n<meta name=\"twitter:card\" content=\"summary_large_image\" \/>\n<meta name=\"twitter:label1\" content=\"Dur\u00e9e de lecture estim\u00e9e\" \/>\n\t<meta name=\"twitter:data1\" content=\"1 minute\" \/>\n<script type=\"application\/ld+json\" class=\"yoast-schema-graph\">{\"@context\":\"https:\/\/schema.org\",\"@graph\":[{\"@type\":\"WebPage\",\"@id\":\"https:\/\/www.idol.cz\/fr\/produkt\/jacuzzi\/autres-options-de-bain-a-remous\/teplelne-cerpadlo-pro-virivky-swim-spa-bazeny-norm-mini-cube-35-kw-2\/\",\"url\":\"https:\/\/www.idol.cz\/fr\/produkt\/jacuzzi\/autres-options-de-bain-a-remous\/teplelne-cerpadlo-pro-virivky-swim-spa-bazeny-norm-mini-cube-35-kw-2\/\",\"name\":\"Pompe \u00e0 chaleur pour bains \u00e0 remous, piscines spa. Norme mini cube 3,5 kw | bains \u00e0 remous ext\u00e9rieurs, spa aquatique, piscines\",\"isPartOf\":{\"@id\":\"https:\/\/www.idol.cz\/fr\/#website\"},\"primaryImageOfPage\":{\"@id\":\"https:\/\/www.idol.cz\/fr\/produkt\/jacuzzi\/autres-options-de-bain-a-remous\/teplelne-cerpadlo-pro-virivky-swim-spa-bazeny-norm-mini-cube-35-kw-2\/#primaryimage\"},\"image\":{\"@id\":\"https:\/\/www.idol.cz\/fr\/produkt\/jacuzzi\/autres-options-de-bain-a-remous\/teplelne-cerpadlo-pro-virivky-swim-spa-bazeny-norm-mini-cube-35-kw-2\/#primaryimage\"},\"thumbnailUrl\":\"https:\/\/www.idol.cz\/wp-content\/uploads\/2022\/06\/tepelne-cerpadlo-virivky-bazeny-swim-spa.jpeg\",\"datePublished\":\"2022-09-10T12:32:33+00:00\",\"breadcrumb\":{\"@id\":\"https:\/\/www.idol.cz\/fr\/produkt\/jacuzzi\/autres-options-de-bain-a-remous\/teplelne-cerpadlo-pro-virivky-swim-spa-bazeny-norm-mini-cube-35-kw-2\/#breadcrumb\"},\"inLanguage\":\"fr-FR\",\"potentialAction\":[{\"@type\":\"ReadAction\",\"target\":[\"https:\/\/www.idol.cz\/fr\/produkt\/jacuzzi\/autres-options-de-bain-a-remous\/teplelne-cerpadlo-pro-virivky-swim-spa-bazeny-norm-mini-cube-35-kw-2\/\"]}]},{\"@type\":\"ImageObject\",\"inLanguage\":\"fr-FR\",\"@id\":\"https:\/\/www.idol.cz\/fr\/produkt\/jacuzzi\/autres-options-de-bain-a-remous\/teplelne-cerpadlo-pro-virivky-swim-spa-bazeny-norm-mini-cube-35-kw-2\/#primaryimage\",\"url\":\"https:\/\/www.idol.cz\/wp-content\/uploads\/2022\/06\/tepelne-cerpadlo-virivky-bazeny-swim-spa.jpeg\",\"contentUrl\":\"https:\/\/www.idol.cz\/wp-content\/uploads\/2022\/06\/tepelne-cerpadlo-virivky-bazeny-swim-spa.jpeg\",\"width\":805,\"height\":691,\"caption\":\"pompe \u00e0 chaleur \u00e0 remous, piscines spa\"},{\"@type\":\"BreadcrumbList\",\"@id\":\"https:\/\/www.idol.cz\/fr\/produkt\/jacuzzi\/autres-options-de-bain-a-remous\/teplelne-cerpadlo-pro-virivky-swim-spa-bazeny-norm-mini-cube-35-kw-2\/#breadcrumb\",\"itemListElement\":[{\"@type\":\"ListItem\",\"position\":1,\"name\":\"Dom\u016f\",\"item\":\"https:\/\/www.idol.cz\/fr\/\"},{\"@type\":\"ListItem\",\"position\":2,\"name\":\"E-shop\",\"item\":\"https:\/\/www.idol.cz\/fr\/boutique\/\"},{\"@type\":\"ListItem\",\"position\":3,\"name\":\"E-shop\",\"item\":\"https:\/\/www.idol.cz\/kategorie-produktu\/e-shop\/\"},{\"@type\":\"ListItem\",\"position\":4,\"name\":\"P\u0159\u00edslu\u0161enstv\u00ed k v\u00ed\u0159ivk\u00e1m a baz\u00e9n\u016fm.\",\"item\":\"https:\/\/www.idol.cz\/kategorie-produktu\/e-shop\/prislusenstvi-k-virivkam-a-bazenum\/\"},{\"@type\":\"ListItem\",\"position\":5,\"name\":\"Pompes \u00e0 chaleur\",\"item\":\"https:\/\/www.idol.cz\/fr\/kategorie-produktu\/pompes-a-chaleur\/\"},{\"@type\":\"ListItem\",\"position\":6,\"name\":\"Pompe \u00e0 chaleur pour bains \u00e0 remous, piscines spa. Norme mini cube 3,5 kw\"}]},{\"@type\":\"WebSite\",\"@id\":\"https:\/\/www.idol.cz\/fr\/#website\",\"url\":\"https:\/\/www.idol.cz\/fr\/\",\"name\":\"v\u00ed\u0159ivky venkovn\u00ed, swim spa, baz\u00e9ny\",\"description\":\"Luxusn\u00ed \u010desk\u00e9 v\u00ed\u0159ivky a swim spa\",\"publisher\":{\"@id\":\"https:\/\/www.idol.cz\/fr\/#organization\"},\"potentialAction\":[{\"@type\":\"SearchAction\",\"target\":{\"@type\":\"EntryPoint\",\"urlTemplate\":\"https:\/\/www.idol.cz\/fr\/?s={search_term_string}\"},\"query-input\":{\"@type\":\"PropertyValueSpecification\",\"valueRequired\":true,\"valueName\":\"search_term_string\"}}],\"inLanguage\":\"fr-FR\"},{\"@type\":\"Organization\",\"@id\":\"https:\/\/www.idol.cz\/fr\/#organization\",\"name\":\"IDOL SPAS, s.r.o.\",\"url\":\"https:\/\/www.idol.cz\/fr\/\",\"logo\":{\"@type\":\"ImageObject\",\"inLanguage\":\"fr-FR\",\"@id\":\"https:\/\/www.idol.cz\/fr\/#\/schema\/logo\/image\/\",\"url\":\"https:\/\/www.idol.cz\/wp-content\/uploads\/2020\/02\/idol-spas-logo.png\",\"contentUrl\":\"https:\/\/www.idol.cz\/wp-content\/uploads\/2020\/02\/idol-spas-logo.png\",\"width\":512,\"height\":206,\"caption\":\"IDOL SPAS, s.r.o.\"},\"image\":{\"@id\":\"https:\/\/www.idol.cz\/fr\/#\/schema\/logo\/image\/\"},\"sameAs\":[\"https:\/\/www.facebook.com\/IdolSpas\/\"]}]}<\/script>\n<!-- \/ Yoast SEO Premium plugin. -->","yoast_head_json":{"title":"Pompe \u00e0 chaleur pour bains \u00e0 remous, piscines spa. Norme mini cube 3,5 kw | bains \u00e0 remous ext\u00e9rieurs, spa aquatique, piscines","robots":{"index":"index","follow":"follow","max-snippet":"max-snippet:-1","max-image-preview":"max-image-preview:large","max-video-preview":"max-video-preview:-1"},"canonical":"https:\/\/www.idol.cz\/fr\/produkt\/jacuzzi\/autres-options-de-bain-a-remous\/teplelne-cerpadlo-pro-virivky-swim-spa-bazeny-norm-mini-cube-35-kw-2\/","og_locale":"fr_FR","og_type":"article","og_title":"Pompe \u00e0 chaleur pour bains \u00e0 remous, piscines spa. Norme mini cube 3,5 kw","og_description":"Pompe \u00e0 chaleur pour bains \u00e0 remous, piscines spa NORM MINI CUBE Avec ses dimensions compactes et ses performances, le Norm MINI CUBE convient \u00e0 une utilisation dans de petites piscines priv\u00e9es ou des bains \u00e0 remous et des piscines spa. Il peut \u00eatre contr\u00f4l\u00e9 \u00e0 distance par smartphone (Bluetooth) \u00e0 l\u2019aide de l\u2019application \u00ab&nbsp;AQUA [&hellip;]","og_url":"https:\/\/www.idol.cz\/fr\/produkt\/jacuzzi\/autres-options-de-bain-a-remous\/teplelne-cerpadlo-pro-virivky-swim-spa-bazeny-norm-mini-cube-35-kw-2\/","og_site_name":"bains \u00e0 remous ext\u00e9rieurs, spa aquatique, piscines","article_publisher":"https:\/\/www.facebook.com\/IdolSpas\/","og_image":[{"width":805,"height":691,"url":"https:\/\/www.idol.cz\/wp-content\/uploads\/2022\/06\/tepelne-cerpadlo-virivky-bazeny-swim-spa.jpeg","type":"image\/jpeg"}],"twitter_card":"summary_large_image","twitter_misc":{"Dur\u00e9e de lecture estim\u00e9e":"1 minute"},"schema":{"@context":"https:\/\/schema.org","@graph":[{"@type":"WebPage","@id":"https:\/\/www.idol.cz\/fr\/produkt\/jacuzzi\/autres-options-de-bain-a-remous\/teplelne-cerpadlo-pro-virivky-swim-spa-bazeny-norm-mini-cube-35-kw-2\/","url":"https:\/\/www.idol.cz\/fr\/produkt\/jacuzzi\/autres-options-de-bain-a-remous\/teplelne-cerpadlo-pro-virivky-swim-spa-bazeny-norm-mini-cube-35-kw-2\/","name":"Pompe \u00e0 chaleur pour bains \u00e0 remous, piscines spa. Norme mini cube 3,5 kw | bains \u00e0 remous ext\u00e9rieurs, spa aquatique, piscines","isPartOf":{"@id":"https:\/\/www.idol.cz\/fr\/#website"},"primaryImageOfPage":{"@id":"https:\/\/www.idol.cz\/fr\/produkt\/jacuzzi\/autres-options-de-bain-a-remous\/teplelne-cerpadlo-pro-virivky-swim-spa-bazeny-norm-mini-cube-35-kw-2\/#primaryimage"},"image":{"@id":"https:\/\/www.idol.cz\/fr\/produkt\/jacuzzi\/autres-options-de-bain-a-remous\/teplelne-cerpadlo-pro-virivky-swim-spa-bazeny-norm-mini-cube-35-kw-2\/#primaryimage"},"thumbnailUrl":"https:\/\/www.idol.cz\/wp-content\/uploads\/2022\/06\/tepelne-cerpadlo-virivky-bazeny-swim-spa.jpeg","datePublished":"2022-09-10T12:32:33+00:00","breadcrumb":{"@id":"https:\/\/www.idol.cz\/fr\/produkt\/jacuzzi\/autres-options-de-bain-a-remous\/teplelne-cerpadlo-pro-virivky-swim-spa-bazeny-norm-mini-cube-35-kw-2\/#breadcrumb"},"inLanguage":"fr-FR","potentialAction":[{"@type":"ReadAction","target":["https:\/\/www.idol.cz\/fr\/produkt\/jacuzzi\/autres-options-de-bain-a-remous\/teplelne-cerpadlo-pro-virivky-swim-spa-bazeny-norm-mini-cube-35-kw-2\/"]}]},{"@type":"ImageObject","inLanguage":"fr-FR","@id":"https:\/\/www.idol.cz\/fr\/produkt\/jacuzzi\/autres-options-de-bain-a-remous\/teplelne-cerpadlo-pro-virivky-swim-spa-bazeny-norm-mini-cube-35-kw-2\/#primaryimage","url":"https:\/\/www.idol.cz\/wp-content\/uploads\/2022\/06\/tepelne-cerpadlo-virivky-bazeny-swim-spa.jpeg","contentUrl":"https:\/\/www.idol.cz\/wp-content\/uploads\/2022\/06\/tepelne-cerpadlo-virivky-bazeny-swim-spa.jpeg","width":805,"height":691,"caption":"pompe \u00e0 chaleur \u00e0 remous, piscines spa"},{"@type":"BreadcrumbList","@id":"https:\/\/www.idol.cz\/fr\/produkt\/jacuzzi\/autres-options-de-bain-a-remous\/teplelne-cerpadlo-pro-virivky-swim-spa-bazeny-norm-mini-cube-35-kw-2\/#breadcrumb","itemListElement":[{"@type":"ListItem","position":1,"name":"Dom\u016f","item":"https:\/\/www.idol.cz\/fr\/"},{"@type":"ListItem","position":2,"name":"E-shop","item":"https:\/\/www.idol.cz\/fr\/boutique\/"},{"@type":"ListItem","position":3,"name":"E-shop","item":"https:\/\/www.idol.cz\/kategorie-produktu\/e-shop\/"},{"@type":"ListItem","position":4,"name":"P\u0159\u00edslu\u0161enstv\u00ed k v\u00ed\u0159ivk\u00e1m a baz\u00e9n\u016fm.","item":"https:\/\/www.idol.cz\/kategorie-produktu\/e-shop\/prislusenstvi-k-virivkam-a-bazenum\/"},{"@type":"ListItem","position":5,"name":"Pompes \u00e0 chaleur","item":"https:\/\/www.idol.cz\/fr\/kategorie-produktu\/pompes-a-chaleur\/"},{"@type":"ListItem","position":6,"name":"Pompe \u00e0 chaleur pour bains \u00e0 remous, piscines spa. Norme mini cube 3,5 kw"}]},{"@type":"WebSite","@id":"https:\/\/www.idol.cz\/fr\/#website","url":"https:\/\/www.idol.cz\/fr\/","name":"v\u00ed\u0159ivky venkovn\u00ed, swim spa, baz\u00e9ny","description":"Luxusn\u00ed \u010desk\u00e9 v\u00ed\u0159ivky a swim spa","publisher":{"@id":"https:\/\/www.idol.cz\/fr\/#organization"},"potentialAction":[{"@type":"SearchAction","target":{"@type":"EntryPoint","urlTemplate":"https:\/\/www.idol.cz\/fr\/?s={search_term_string}"},"query-input":{"@type":"PropertyValueSpecification","valueRequired":true,"valueName":"search_term_string"}}],"inLanguage":"fr-FR"},{"@type":"Organization","@id":"https:\/\/www.idol.cz\/fr\/#organization","name":"IDOL SPAS, s.r.o.","url":"https:\/\/www.idol.cz\/fr\/","logo":{"@type":"ImageObject","inLanguage":"fr-FR","@id":"https:\/\/www.idol.cz\/fr\/#\/schema\/logo\/image\/","url":"https:\/\/www.idol.cz\/wp-content\/uploads\/2020\/02\/idol-spas-logo.png","contentUrl":"https:\/\/www.idol.cz\/wp-content\/uploads\/2020\/02\/idol-spas-logo.png","width":512,"height":206,"caption":"IDOL SPAS, s.r.o."},"image":{"@id":"https:\/\/www.idol.cz\/fr\/#\/schema\/logo\/image\/"},"sameAs":["https:\/\/www.facebook.com\/IdolSpas\/"]}]}},"_links":{"self":[{"href":"https:\/\/www.idol.cz\/fr\/wp-json\/wp\/v2\/product\/20209"}],"collection":[{"href":"https:\/\/www.idol.cz\/fr\/wp-json\/wp\/v2\/product"}],"about":[{"href":"https:\/\/www.idol.cz\/fr\/wp-json\/wp\/v2\/types\/product"}],"wp:featuredmedia":[{"embeddable":true,"href":"https:\/\/www.idol.cz\/fr\/wp-json\/wp\/v2\/media\/19403"}],"wp:attachment":[{"href":"https:\/\/www.idol.cz\/fr\/wp-json\/wp\/v2\/media?parent=20209"}],"wp:term":[{"taxonomy":"product_cat","embeddable":true,"href":"https:\/\/www.idol.cz\/fr\/wp-json\/wp\/v2\/product_cat?post=20209"},{"taxonomy":"product_tag","embeddable":true,"href":"https:\/\/www.idol.cz\/fr\/wp-json\/wp\/v2\/product_tag?post=20209"}],"curies":[{"name":"wp","href":"https:\/\/api.w.org\/{rel}","templated":true}]}}