{"id":19008,"date":"2021-10-16T11:16:04","date_gmt":"2021-10-16T09:16:04","guid":{"rendered":"https:\/\/www.idol.cz\/konfigurator-wanny-z-hydromasazem\/"},"modified":"2023-12-30T15:43:06","modified_gmt":"2023-12-30T14:43:06","slug":"konfigurator-wanny-z-hydromasazem","status":"publish","type":"page","link":"https:\/\/www.idol.cz\/pl\/konfigurator-wanny-z-hydromasazem\/","title":{"rendered":"Konfigurator wanny z hydromasa\u017cem"},"content":{"rendered":"\t\t<div data-elementor-type=\"wp-page\" data-elementor-id=\"19008\" class=\"elementor elementor-19008 elementor-8014\" data-elementor-post-type=\"page\">\n\t\t\t\t\t\t<section class=\"ob-is-breaking-bad elementor-section elementor-top-section elementor-element elementor-element-7966005 elementor-section-height-min-height elementor-section-stretched elementor-section-boxed elementor-section-height-default elementor-section-items-middle\" data-id=\"7966005\" data-element_type=\"section\" data-settings=\"{&quot;background_background&quot;:&quot;classic&quot;,&quot;background_motion_fx_motion_fx_scrolling&quot;:&quot;yes&quot;,&quot;background_motion_fx_translateY_effect&quot;:&quot;yes&quot;,&quot;stretch_section&quot;:&quot;section-stretched&quot;,&quot;_ob_bbad_use_it&quot;:&quot;yes&quot;,&quot;_ob_bbad_sssic_use&quot;:&quot;no&quot;,&quot;background_motion_fx_translateY_speed&quot;:{&quot;unit&quot;:&quot;px&quot;,&quot;size&quot;:4,&quot;sizes&quot;:[]},&quot;background_motion_fx_translateY_affectedRange&quot;:{&quot;unit&quot;:&quot;%&quot;,&quot;size&quot;:&quot;&quot;,&quot;sizes&quot;:{&quot;start&quot;:0,&quot;end&quot;:100}},&quot;background_motion_fx_devices&quot;:[&quot;desktop&quot;,&quot;tablet&quot;,&quot;mobile&quot;]}\">\n\t\t\t\t\t\t<div class=\"elementor-container elementor-column-gap-wider\">\n\t\t\t\t\t<div class=\"elementor-column elementor-col-100 elementor-top-column elementor-element elementor-element-b5c6afe\" data-id=\"b5c6afe\" data-element_type=\"column\" data-settings=\"{&quot;_ob_bbad_is_stalker&quot;:&quot;no&quot;,&quot;_ob_teleporter_use&quot;:false}\">\n\t\t\t<div class=\"elementor-widget-wrap elementor-element-populated\">\n\t\t\t\t\t\t<div class=\"elementor-element elementor-element-5adcfb2 ob-harakiri-inherit elementor-widget elementor-widget-heading\" data-id=\"5adcfb2\" data-element_type=\"widget\" data-settings=\"{&quot;_ob_use_harakiri&quot;:&quot;yes&quot;,&quot;_ob_harakiri_writing_mode&quot;:&quot;inherit&quot;,&quot;_ob_harakiri_text_clip&quot;:&quot;none&quot;,&quot;_ob_widget_stalker_use&quot;:&quot;no&quot;}\" data-widget_type=\"heading.default\">\n\t\t\t\t\t<h1 class=\"elementor-heading-title elementor-size-default\">Konfigurator<\/h1>\t\t\t\t<\/div>\n\t\t\t\t<div class=\"elementor-element elementor-element-71b1a7a ob-harakiri-inherit elementor-widget elementor-widget-heading\" data-id=\"71b1a7a\" data-element_type=\"widget\" data-settings=\"{&quot;_ob_use_harakiri&quot;:&quot;yes&quot;,&quot;_ob_harakiri_writing_mode&quot;:&quot;inherit&quot;,&quot;_ob_harakiri_text_clip&quot;:&quot;none&quot;,&quot;_ob_widget_stalker_use&quot;:&quot;no&quot;}\" data-widget_type=\"heading.default\">\n\t\t\t\t\t<h2 class=\"elementor-heading-title elementor-size-default\">Jacuzzi<\/h2>\t\t\t\t<\/div>\n\t\t\t\t\t<\/div>\n\t\t<\/div>\n\t\t\t\t\t<\/div>\n\t\t<\/section>\n\t\t\t\t<section class=\"ob-is-breaking-bad elementor-section elementor-top-section elementor-element elementor-element-1267b43 elementor-section-stretched elementor-section-full_width elementor-section-height-default elementor-section-height-default\" data-id=\"1267b43\" data-element_type=\"section\" data-settings=\"{&quot;stretch_section&quot;:&quot;section-stretched&quot;,&quot;background_background&quot;:&quot;classic&quot;,&quot;_ob_bbad_use_it&quot;:&quot;yes&quot;,&quot;_ob_bbad_sssic_use&quot;:&quot;no&quot;}\">\n\t\t\t\t\t\t<div class=\"elementor-container elementor-column-gap-default\">\n\t\t\t\t\t<div class=\"elementor-column elementor-col-100 elementor-top-column elementor-element elementor-element-24153b3\" data-id=\"24153b3\" data-element_type=\"column\" data-settings=\"{&quot;_ob_bbad_is_stalker&quot;:&quot;no&quot;,&quot;_ob_teleporter_use&quot;:false}\">\n\t\t\t<div class=\"elementor-widget-wrap elementor-element-populated\">\n\t\t\t\t\t\t<section class=\"ob-is-breaking-bad ob-bb-inner elementor-section elementor-inner-section elementor-element elementor-element-1182e84 elementor-section-boxed elementor-section-height-default elementor-section-height-default\" data-id=\"1182e84\" data-element_type=\"section\" data-settings=\"{&quot;_ob_bbad_use_it&quot;:&quot;yes&quot;,&quot;_ob_bbad_sssic_use&quot;:&quot;no&quot;}\">\n\t\t\t\t\t\t<div class=\"elementor-container elementor-column-gap-wider\">\n\t\t\t\t\t<div class=\"elementor-column elementor-col-50 elementor-inner-column elementor-element elementor-element-cd2b61d\" data-id=\"cd2b61d\" data-element_type=\"column\" data-settings=\"{&quot;_ob_bbad_is_stalker&quot;:&quot;no&quot;,&quot;_ob_teleporter_use&quot;:false}\">\n\t\t\t<div class=\"elementor-widget-wrap elementor-element-populated\">\n\t\t\t\t\t\t<div class=\"elementor-element elementor-element-8b17bda elementor-hidden-tablet elementor-hidden-phone elementor-widget elementor-widget-wp-widget-woocommerce_widget_cart\" data-id=\"8b17bda\" data-element_type=\"widget\" data-settings=\"{&quot;_ob_widget_stalker_use&quot;:&quot;no&quot;}\" data-widget_type=\"wp-widget-woocommerce_widget_cart.default\">\n\t\t\t\t<div class=\"elementor-widget-container\">\n\t\t\t\t\t<div class=\"woocommerce widget_shopping_cart\"><h5>Porz\u0105dek<\/h5><div class=\"hide_cart_widget_if_empty\"><div class=\"widget_shopping_cart_content\"><\/div><\/div><\/div>\t\t\t\t<\/div>\n\t\t\t\t<\/div>\n\t\t\t\t\t<\/div>\n\t\t<\/div>\n\t\t\t\t<div class=\"elementor-column elementor-col-50 elementor-inner-column elementor-element elementor-element-313f480\" data-id=\"313f480\" data-element_type=\"column\" data-settings=\"{&quot;_ob_bbad_is_stalker&quot;:&quot;no&quot;,&quot;_ob_teleporter_use&quot;:false}\">\n\t\t\t<div class=\"elementor-widget-wrap elementor-element-populated\">\n\t\t\t\t\t\t<div class=\"elementor-element elementor-element-baf8183 elementor-hidden-desktop elementor-widget elementor-widget-wp-widget-woocommerce_widget_cart\" data-id=\"baf8183\" data-element_type=\"widget\" data-settings=\"{&quot;_ob_widget_stalker_use&quot;:&quot;no&quot;}\" data-widget_type=\"wp-widget-woocommerce_widget_cart.default\">\n\t\t\t\t<div class=\"elementor-widget-container\">\n\t\t\t\t\t<div class=\"woocommerce widget_shopping_cart\"><h5>Porz\u0105dek<\/h5><div class=\"hide_cart_widget_if_empty\"><div class=\"widget_shopping_cart_content\"><\/div><\/div><\/div>\t\t\t\t<\/div>\n\t\t\t\t<\/div>\n\t\t\t\t\t<\/div>\n\t\t<\/div>\n\t\t\t\t\t<\/div>\n\t\t<\/section>\n\t\t\t\t\t<\/div>\n\t\t<\/div>\n\t\t\t\t\t<\/div>\n\t\t<\/section>\n\t\t\t\t<\/div>\n\t\t","protected":false},"excerpt":{"rendered":"<p>Konfigurator Jacuzzi Jacuzzi Kolor akrylu Kolor poszy\u0107 Os\u0142ona termiczna wanny z hydromasa\u017cem Izolacja wanny z hydromasa\u017cem Systemy powietrza i uzdatniania Komponenty do eksploatacji komercyjnej Dezynfekcja wody Inne opcje dla kominopodobnych Vyberte si z nab\u00eddky v\u00ed\u0159ivek pro kterou si zvol\u00edte svoji sestavu Luxusn\u00ed v\u00ed\u0159ivky kompletn\u011b \u010desk\u00e9 v\u00fdroby. V\u00fdroba i kompletn\u011b na zak\u00e1zku.\u00a0 Na\u0161e v\u00ed\u0159ivky maj\u00ed maxim\u00e1ln\u00ed [&hellip;]<\/p>\n","protected":false},"author":1,"featured_media":0,"parent":0,"menu_order":0,"comment_status":"closed","ping_status":"closed","template":"elementor_header_footer","meta":{"footnotes":""},"class_list":["post-19008","page","type-page","status-publish","hentry"],"yoast_head":"<!-- This site is optimized with the Yoast SEO Premium plugin v24.9 (Yoast SEO v24.9) - https:\/\/yoast.com\/wordpress\/plugins\/seo\/ -->\n<title>Konfigurator wanny z hydromasa\u017cem | baseny spa odkryte<\/title>\n<meta name=\"description\" content=\"Konfigurator zewn\u0119trzna wanna z hydromasa\u017cem i baseny Idol spa. K\u0105piel spa. Zaprojektuj swoj\u0105 wann\u0119 z hydromasa\u017cem i uzyskaj tani\u0105 cen\u0119 sprzeda\u017cy.\" \/>\n<meta name=\"robots\" content=\"index, follow, max-snippet:-1, max-image-preview:large, max-video-preview:-1\" \/>\n<link rel=\"canonical\" href=\"https:\/\/www.idol.cz\/pl\/konfigurator-wanny-z-hydromasazem\/\" \/>\n<meta property=\"og:locale\" content=\"pl_PL\" \/>\n<meta property=\"og:type\" content=\"article\" \/>\n<meta property=\"og:title\" content=\"Konfigurator wanny z hydromasa\u017cem\" \/>\n<meta property=\"og:description\" content=\"Konfigurator zewn\u0119trzna wanna z hydromasa\u017cem i baseny Idol spa. K\u0105piel spa. Zaprojektuj swoj\u0105 wann\u0119 z hydromasa\u017cem i uzyskaj tani\u0105 cen\u0119 sprzeda\u017cy.\" \/>\n<meta property=\"og:url\" content=\"https:\/\/www.idol.cz\/pl\/konfigurator-wanny-z-hydromasazem\/\" \/>\n<meta property=\"og:site_name\" content=\"Wanny zewn\u0119trzne, K\u0105pielisko, Baseny\" \/>\n<meta property=\"article:publisher\" content=\"https:\/\/www.facebook.com\/IdolSpas\/\" \/>\n<meta property=\"article:modified_time\" content=\"2023-12-30T14:43:06+00:00\" \/>\n<meta property=\"og:image\" content=\"https:\/\/www.idol.cz\/wp-content\/uploads\/2020\/02\/idol-spas-luxusni-virivky-virivky-fb.jpg\" \/>\n<meta name=\"twitter:card\" content=\"summary_large_image\" \/>\n<meta name=\"twitter:label1\" content=\"Szacowany czas czytania\" \/>\n\t<meta name=\"twitter:data1\" content=\"8 minut\" \/>\n<script type=\"application\/ld+json\" class=\"yoast-schema-graph\">{\"@context\":\"https:\/\/schema.org\",\"@graph\":[{\"@type\":\"WebPage\",\"@id\":\"https:\/\/www.idol.cz\/pl\/konfigurator-wanny-z-hydromasazem\/\",\"url\":\"https:\/\/www.idol.cz\/pl\/konfigurator-wanny-z-hydromasazem\/\",\"name\":\"Konfigurator wanny z hydromasa\u017cem | baseny spa odkryte\",\"isPartOf\":{\"@id\":\"\/#website\"},\"primaryImageOfPage\":{\"@id\":\"https:\/\/www.idol.cz\/pl\/konfigurator-wanny-z-hydromasazem\/#primaryimage\"},\"image\":{\"@id\":\"https:\/\/www.idol.cz\/pl\/konfigurator-wanny-z-hydromasazem\/#primaryimage\"},\"thumbnailUrl\":\"https:\/\/www.idol.cz\/wp-content\/uploads\/2018\/10\/idol-spas-zora-2020-768x768.jpg\",\"datePublished\":\"2021-10-16T09:16:04+00:00\",\"dateModified\":\"2023-12-30T14:43:06+00:00\",\"description\":\"Konfigurator zewn\u0119trzna wanna z hydromasa\u017cem i baseny Idol spa. K\u0105piel spa. Zaprojektuj swoj\u0105 wann\u0119 z hydromasa\u017cem i uzyskaj tani\u0105 cen\u0119 sprzeda\u017cy.\",\"breadcrumb\":{\"@id\":\"https:\/\/www.idol.cz\/pl\/konfigurator-wanny-z-hydromasazem\/#breadcrumb\"},\"inLanguage\":\"pl-PL\",\"potentialAction\":[{\"@type\":\"ReadAction\",\"target\":[\"https:\/\/www.idol.cz\/pl\/konfigurator-wanny-z-hydromasazem\/\"]}]},{\"@type\":\"ImageObject\",\"inLanguage\":\"pl-PL\",\"@id\":\"https:\/\/www.idol.cz\/pl\/konfigurator-wanny-z-hydromasazem\/#primaryimage\",\"url\":\"https:\/\/www.idol.cz\/wp-content\/uploads\/2018\/10\/idol-spas-zora-2020-768x768.jpg\",\"contentUrl\":\"https:\/\/www.idol.cz\/wp-content\/uploads\/2018\/10\/idol-spas-zora-2020-768x768.jpg\"},{\"@type\":\"BreadcrumbList\",\"@id\":\"https:\/\/www.idol.cz\/pl\/konfigurator-wanny-z-hydromasazem\/#breadcrumb\",\"itemListElement\":[{\"@type\":\"ListItem\",\"position\":1,\"name\":\"Dom\u016f\",\"item\":\"https:\/\/www.idol.cz\/pl\/\"},{\"@type\":\"ListItem\",\"position\":2,\"name\":\"Konfigurator wanny z hydromasa\u017cem\"}]},{\"@type\":\"WebSite\",\"@id\":\"\/#website\",\"url\":\"\/\",\"name\":\"v\u00ed\u0159ivky venkovn\u00ed, swim spa, baz\u00e9ny\",\"description\":\"Luxusn\u00ed \u010desk\u00e9 v\u00ed\u0159ivky a swim spa\",\"publisher\":{\"@id\":\"\/#organization\"},\"potentialAction\":[{\"@type\":\"SearchAction\",\"target\":{\"@type\":\"EntryPoint\",\"urlTemplate\":\"\/?s={search_term_string}\"},\"query-input\":{\"@type\":\"PropertyValueSpecification\",\"valueRequired\":true,\"valueName\":\"search_term_string\"}}],\"inLanguage\":\"pl-PL\"},{\"@type\":\"Organization\",\"@id\":\"\/#organization\",\"name\":\"IDOL SPAS, s.r.o.\",\"url\":\"\/\",\"logo\":{\"@type\":\"ImageObject\",\"inLanguage\":\"pl-PL\",\"@id\":\"\/#\/schema\/logo\/image\/\",\"url\":\"https:\/\/www.idol.cz\/wp-content\/uploads\/2020\/02\/idol-spas-logo.png\",\"contentUrl\":\"https:\/\/www.idol.cz\/wp-content\/uploads\/2020\/02\/idol-spas-logo.png\",\"width\":512,\"height\":206,\"caption\":\"IDOL SPAS, s.r.o.\"},\"image\":{\"@id\":\"\/#\/schema\/logo\/image\/\"},\"sameAs\":[\"https:\/\/www.facebook.com\/IdolSpas\/\"]}]}<\/script>\n<!-- \/ Yoast SEO Premium plugin. -->","yoast_head_json":{"title":"Konfigurator wanny z hydromasa\u017cem | baseny spa odkryte","description":"Konfigurator zewn\u0119trzna wanna z hydromasa\u017cem i baseny Idol spa. K\u0105piel spa. Zaprojektuj swoj\u0105 wann\u0119 z hydromasa\u017cem i uzyskaj tani\u0105 cen\u0119 sprzeda\u017cy.","robots":{"index":"index","follow":"follow","max-snippet":"max-snippet:-1","max-image-preview":"max-image-preview:large","max-video-preview":"max-video-preview:-1"},"canonical":"https:\/\/www.idol.cz\/pl\/konfigurator-wanny-z-hydromasazem\/","og_locale":"pl_PL","og_type":"article","og_title":"Konfigurator wanny z hydromasa\u017cem","og_description":"Konfigurator zewn\u0119trzna wanna z hydromasa\u017cem i baseny Idol spa. K\u0105piel spa. Zaprojektuj swoj\u0105 wann\u0119 z hydromasa\u017cem i uzyskaj tani\u0105 cen\u0119 sprzeda\u017cy.","og_url":"https:\/\/www.idol.cz\/pl\/konfigurator-wanny-z-hydromasazem\/","og_site_name":"Wanny zewn\u0119trzne, K\u0105pielisko, Baseny","article_publisher":"https:\/\/www.facebook.com\/IdolSpas\/","article_modified_time":"2023-12-30T14:43:06+00:00","og_image":[{"url":"https:\/\/www.idol.cz\/wp-content\/uploads\/2020\/02\/idol-spas-luxusni-virivky-virivky-fb.jpg","type":"","width":"","height":""}],"twitter_card":"summary_large_image","twitter_misc":{"Szacowany czas czytania":"8 minut"},"schema":{"@context":"https:\/\/schema.org","@graph":[{"@type":"WebPage","@id":"https:\/\/www.idol.cz\/pl\/konfigurator-wanny-z-hydromasazem\/","url":"https:\/\/www.idol.cz\/pl\/konfigurator-wanny-z-hydromasazem\/","name":"Konfigurator wanny z hydromasa\u017cem | baseny spa odkryte","isPartOf":{"@id":"\/#website"},"primaryImageOfPage":{"@id":"https:\/\/www.idol.cz\/pl\/konfigurator-wanny-z-hydromasazem\/#primaryimage"},"image":{"@id":"https:\/\/www.idol.cz\/pl\/konfigurator-wanny-z-hydromasazem\/#primaryimage"},"thumbnailUrl":"https:\/\/www.idol.cz\/wp-content\/uploads\/2018\/10\/idol-spas-zora-2020-768x768.jpg","datePublished":"2021-10-16T09:16:04+00:00","dateModified":"2023-12-30T14:43:06+00:00","description":"Konfigurator zewn\u0119trzna wanna z hydromasa\u017cem i baseny Idol spa. K\u0105piel spa. Zaprojektuj swoj\u0105 wann\u0119 z hydromasa\u017cem i uzyskaj tani\u0105 cen\u0119 sprzeda\u017cy.","breadcrumb":{"@id":"https:\/\/www.idol.cz\/pl\/konfigurator-wanny-z-hydromasazem\/#breadcrumb"},"inLanguage":"pl-PL","potentialAction":[{"@type":"ReadAction","target":["https:\/\/www.idol.cz\/pl\/konfigurator-wanny-z-hydromasazem\/"]}]},{"@type":"ImageObject","inLanguage":"pl-PL","@id":"https:\/\/www.idol.cz\/pl\/konfigurator-wanny-z-hydromasazem\/#primaryimage","url":"https:\/\/www.idol.cz\/wp-content\/uploads\/2018\/10\/idol-spas-zora-2020-768x768.jpg","contentUrl":"https:\/\/www.idol.cz\/wp-content\/uploads\/2018\/10\/idol-spas-zora-2020-768x768.jpg"},{"@type":"BreadcrumbList","@id":"https:\/\/www.idol.cz\/pl\/konfigurator-wanny-z-hydromasazem\/#breadcrumb","itemListElement":[{"@type":"ListItem","position":1,"name":"Dom\u016f","item":"https:\/\/www.idol.cz\/pl\/"},{"@type":"ListItem","position":2,"name":"Konfigurator wanny z hydromasa\u017cem"}]},{"@type":"WebSite","@id":"\/#website","url":"\/","name":"v\u00ed\u0159ivky venkovn\u00ed, swim spa, baz\u00e9ny","description":"Luxusn\u00ed \u010desk\u00e9 v\u00ed\u0159ivky a swim spa","publisher":{"@id":"\/#organization"},"potentialAction":[{"@type":"SearchAction","target":{"@type":"EntryPoint","urlTemplate":"\/?s={search_term_string}"},"query-input":{"@type":"PropertyValueSpecification","valueRequired":true,"valueName":"search_term_string"}}],"inLanguage":"pl-PL"},{"@type":"Organization","@id":"\/#organization","name":"IDOL SPAS, s.r.o.","url":"\/","logo":{"@type":"ImageObject","inLanguage":"pl-PL","@id":"\/#\/schema\/logo\/image\/","url":"https:\/\/www.idol.cz\/wp-content\/uploads\/2020\/02\/idol-spas-logo.png","contentUrl":"https:\/\/www.idol.cz\/wp-content\/uploads\/2020\/02\/idol-spas-logo.png","width":512,"height":206,"caption":"IDOL SPAS, s.r.o."},"image":{"@id":"\/#\/schema\/logo\/image\/"},"sameAs":["https:\/\/www.facebook.com\/IdolSpas\/"]}]}},"_links":{"self":[{"href":"https:\/\/www.idol.cz\/pl\/wp-json\/wp\/v2\/pages\/19008"}],"collection":[{"href":"https:\/\/www.idol.cz\/pl\/wp-json\/wp\/v2\/pages"}],"about":[{"href":"https:\/\/www.idol.cz\/pl\/wp-json\/wp\/v2\/types\/page"}],"author":[{"embeddable":true,"href":"https:\/\/www.idol.cz\/pl\/wp-json\/wp\/v2\/users\/1"}],"replies":[{"embeddable":true,"href":"https:\/\/www.idol.cz\/pl\/wp-json\/wp\/v2\/comments?post=19008"}],"version-history":[{"count":0,"href":"https:\/\/www.idol.cz\/pl\/wp-json\/wp\/v2\/pages\/19008\/revisions"}],"wp:attachment":[{"href":"https:\/\/www.idol.cz\/pl\/wp-json\/wp\/v2\/media?parent=19008"}],"curies":[{"name":"wp","href":"https:\/\/api.w.org\/{rel}","templated":true}]}}