{"id":19101,"date":"2025-03-07T16:00:53","date_gmt":"2021-10-16T09:27:06","guid":{"rendered":"https:\/\/www.idol.cz\/produkt\/uncategorized\/nela\/"},"modified":"2021-10-16T11:27:06","modified_gmt":"2021-10-16T09:27:06","slug":"nela-2","status":"publish","type":"product","link":"https:\/\/www.idol.cz\/pl\/produkt\/jacuzzi-pl\/nela-2\/","title":{"rendered":"Nela"},"content":{"rendered":"<h3>Luksusowa wanna z hydromasa\u017cem Nela<\/h3>\n<ul>\n<li>Wanna z hydromasa\u017cem dla maksymalnie <strong>3 os\u00f3b<\/strong><\/li>\n<li>Najwy\u017cszej jako\u015bci sprz\u0119t wiod\u0105cych \u015bwiatowych producent\u00f3w<\/li>\n<li>Regulowane dysze obrotowe i proste firmy CMP<\/li>\n<li>Kolorowy panel sterowania Premium Gecko in.k500 z intuicyjnym sterowaniem<\/li>\n<li>Kolory akrylu, pokrycia termicznego i poszycia do wyboru<\/li>\n<li><strong>Nowa wanna z hydromasa\u017cem Nela dost\u0119pna w ci\u0105gu 15-30 dni<\/strong><\/li>\n<\/ul>\n","protected":false},"excerpt":{"rendered":"<h2>Nasza ma\u0142a, ale por\u0119czna ksi\u0119\u017cniczka<\/h2>\n","protected":false},"featured_media":19102,"template":"","meta":[],"product_cat":[290],"product_tag":[292],"class_list":{"0":"post-19101","1":"product","2":"type-product","3":"status-publish","4":"has-post-thumbnail","6":"product_cat-jacuzzi-pl","7":"product_tag-jacuzzi-pl","9":"first","10":"instock","11":"taxable","12":"shipping-taxable","13":"purchasable","14":"product-type-simple"},"yoast_head":"<!-- This site is optimized with the Yoast SEO Premium plugin v24.9 (Yoast SEO v24.9) - https:\/\/yoast.com\/wordpress\/plugins\/seo\/ -->\n<title>Nela \u2013 luksusowa wanna z hydromasa\u017cem na \u015bwie\u017cym powietrzu nie tylko do ogrodu dla dw\u00f3ch | Wanny zewn\u0119trzne, K\u0105pielisko, Baseny<\/title>\n<meta name=\"description\" content=\"Wanna z hydromasa\u017cem Nela dla dwojga na zewn\u0105trz nie tylko w ogrodzie. Bez problemu umie\u015bcisz go w mniejszych wn\u0119trzach, na balkonie, tarasie czy w \u0142azience.\" \/>\n<meta name=\"robots\" content=\"index, follow, max-snippet:-1, max-image-preview:large, max-video-preview:-1\" \/>\n<link rel=\"canonical\" href=\"https:\/\/www.idol.cz\/pl\/produkt\/jacuzzi-pl\/nela-2\/\" \/>\n<meta property=\"og:locale\" content=\"pl_PL\" \/>\n<meta property=\"og:type\" content=\"article\" \/>\n<meta property=\"og:title\" content=\"Nela\" \/>\n<meta property=\"og:description\" content=\"Wanna z hydromasa\u017cem Nela dla dwojga na zewn\u0105trz nie tylko w ogrodzie. Bez problemu umie\u015bcisz go w mniejszych wn\u0119trzach, na balkonie, tarasie czy w \u0142azience.\" \/>\n<meta property=\"og:url\" content=\"https:\/\/www.idol.cz\/pl\/produkt\/jacuzzi-pl\/nela-2\/\" \/>\n<meta property=\"og:site_name\" content=\"Wanny zewn\u0119trzne, K\u0105pielisko, Baseny\" \/>\n<meta property=\"article:publisher\" content=\"https:\/\/www.facebook.com\/IdolSpas\/\" \/>\n<meta property=\"og:image\" content=\"https:\/\/www.idol.cz\/wp-content\/uploads\/2018\/10\/idol-spas-luxusni-virivky-nela-2-fb.jpg\" \/>\n<meta name=\"twitter:card\" content=\"summary_large_image\" \/>\n<script type=\"application\/ld+json\" class=\"yoast-schema-graph\">{\"@context\":\"https:\/\/schema.org\",\"@graph\":[{\"@type\":\"WebPage\",\"@id\":\"https:\/\/www.idol.cz\/pl\/produkt\/jacuzzi-pl\/nela-2\/\",\"url\":\"https:\/\/www.idol.cz\/pl\/produkt\/jacuzzi-pl\/nela-2\/\",\"name\":\"Nela \u2013 luksusowa wanna z hydromasa\u017cem na \u015bwie\u017cym powietrzu nie tylko do ogrodu dla dw\u00f3ch | Wanny zewn\u0119trzne, K\u0105pielisko, Baseny\",\"isPartOf\":{\"@id\":\"\/#website\"},\"primaryImageOfPage\":{\"@id\":\"https:\/\/www.idol.cz\/pl\/produkt\/jacuzzi-pl\/nela-2\/#primaryimage\"},\"image\":{\"@id\":\"https:\/\/www.idol.cz\/pl\/produkt\/jacuzzi-pl\/nela-2\/#primaryimage\"},\"thumbnailUrl\":\"https:\/\/www.idol.cz\/wp-content\/uploads\/2018\/10\/idol-spas-nela-2020.jpg\",\"datePublished\":\"2021-10-16T09:27:06+00:00\",\"description\":\"Wanna z hydromasa\u017cem Nela dla dwojga na zewn\u0105trz nie tylko w ogrodzie. Bez problemu umie\u015bcisz go w mniejszych wn\u0119trzach, na balkonie, tarasie czy w \u0142azience.\",\"breadcrumb\":{\"@id\":\"https:\/\/www.idol.cz\/pl\/produkt\/jacuzzi-pl\/nela-2\/#breadcrumb\"},\"inLanguage\":\"pl-PL\",\"potentialAction\":[{\"@type\":\"ReadAction\",\"target\":[\"https:\/\/www.idol.cz\/pl\/produkt\/jacuzzi-pl\/nela-2\/\"]}]},{\"@type\":\"ImageObject\",\"inLanguage\":\"pl-PL\",\"@id\":\"https:\/\/www.idol.cz\/pl\/produkt\/jacuzzi-pl\/nela-2\/#primaryimage\",\"url\":\"https:\/\/www.idol.cz\/wp-content\/uploads\/2018\/10\/idol-spas-nela-2020.jpg\",\"contentUrl\":\"https:\/\/www.idol.cz\/wp-content\/uploads\/2018\/10\/idol-spas-nela-2020.jpg\",\"width\":1080,\"height\":1080,\"caption\":\"Idol Spa Wanna z hydromasa\u017cem Nela\"},{\"@type\":\"BreadcrumbList\",\"@id\":\"https:\/\/www.idol.cz\/pl\/produkt\/jacuzzi-pl\/nela-2\/#breadcrumb\",\"itemListElement\":[{\"@type\":\"ListItem\",\"position\":1,\"name\":\"Dom\u016f\",\"item\":\"https:\/\/www.idol.cz\/pl\/\"},{\"@type\":\"ListItem\",\"position\":2,\"name\":\"Jacuzzi\",\"item\":\"https:\/\/www.idol.cz\/pl\/kategorie-produktu\/jacuzzi-pl\/\"},{\"@type\":\"ListItem\",\"position\":3,\"name\":\"Nela\"}]},{\"@type\":\"WebSite\",\"@id\":\"\/#website\",\"url\":\"\/\",\"name\":\"v\u00ed\u0159ivky venkovn\u00ed, swim spa, baz\u00e9ny\",\"description\":\"Luxusn\u00ed \u010desk\u00e9 v\u00ed\u0159ivky a swim spa\",\"publisher\":{\"@id\":\"\/#organization\"},\"potentialAction\":[{\"@type\":\"SearchAction\",\"target\":{\"@type\":\"EntryPoint\",\"urlTemplate\":\"\/?s={search_term_string}\"},\"query-input\":{\"@type\":\"PropertyValueSpecification\",\"valueRequired\":true,\"valueName\":\"search_term_string\"}}],\"inLanguage\":\"pl-PL\"},{\"@type\":\"Organization\",\"@id\":\"\/#organization\",\"name\":\"IDOL SPAS, s.r.o.\",\"url\":\"\/\",\"logo\":{\"@type\":\"ImageObject\",\"inLanguage\":\"pl-PL\",\"@id\":\"\/#\/schema\/logo\/image\/\",\"url\":\"https:\/\/www.idol.cz\/wp-content\/uploads\/2020\/02\/idol-spas-logo.png\",\"contentUrl\":\"https:\/\/www.idol.cz\/wp-content\/uploads\/2020\/02\/idol-spas-logo.png\",\"width\":512,\"height\":206,\"caption\":\"IDOL SPAS, s.r.o.\"},\"image\":{\"@id\":\"\/#\/schema\/logo\/image\/\"},\"sameAs\":[\"https:\/\/www.facebook.com\/IdolSpas\/\"]}]}<\/script>\n<!-- \/ Yoast SEO Premium plugin. -->","yoast_head_json":{"title":"Nela \u2013 luksusowa wanna z hydromasa\u017cem na \u015bwie\u017cym powietrzu nie tylko do ogrodu dla dw\u00f3ch | Wanny zewn\u0119trzne, K\u0105pielisko, Baseny","description":"Wanna z hydromasa\u017cem Nela dla dwojga na zewn\u0105trz nie tylko w ogrodzie. Bez problemu umie\u015bcisz go w mniejszych wn\u0119trzach, na balkonie, tarasie czy w \u0142azience.","robots":{"index":"index","follow":"follow","max-snippet":"max-snippet:-1","max-image-preview":"max-image-preview:large","max-video-preview":"max-video-preview:-1"},"canonical":"https:\/\/www.idol.cz\/pl\/produkt\/jacuzzi-pl\/nela-2\/","og_locale":"pl_PL","og_type":"article","og_title":"Nela","og_description":"Wanna z hydromasa\u017cem Nela dla dwojga na zewn\u0105trz nie tylko w ogrodzie. Bez problemu umie\u015bcisz go w mniejszych wn\u0119trzach, na balkonie, tarasie czy w \u0142azience.","og_url":"https:\/\/www.idol.cz\/pl\/produkt\/jacuzzi-pl\/nela-2\/","og_site_name":"Wanny zewn\u0119trzne, K\u0105pielisko, Baseny","article_publisher":"https:\/\/www.facebook.com\/IdolSpas\/","og_image":[{"url":"https:\/\/www.idol.cz\/wp-content\/uploads\/2018\/10\/idol-spas-luxusni-virivky-nela-2-fb.jpg","type":"","width":"","height":""}],"twitter_card":"summary_large_image","schema":{"@context":"https:\/\/schema.org","@graph":[{"@type":"WebPage","@id":"https:\/\/www.idol.cz\/pl\/produkt\/jacuzzi-pl\/nela-2\/","url":"https:\/\/www.idol.cz\/pl\/produkt\/jacuzzi-pl\/nela-2\/","name":"Nela \u2013 luksusowa wanna z hydromasa\u017cem na \u015bwie\u017cym powietrzu nie tylko do ogrodu dla dw\u00f3ch | Wanny zewn\u0119trzne, K\u0105pielisko, Baseny","isPartOf":{"@id":"\/#website"},"primaryImageOfPage":{"@id":"https:\/\/www.idol.cz\/pl\/produkt\/jacuzzi-pl\/nela-2\/#primaryimage"},"image":{"@id":"https:\/\/www.idol.cz\/pl\/produkt\/jacuzzi-pl\/nela-2\/#primaryimage"},"thumbnailUrl":"https:\/\/www.idol.cz\/wp-content\/uploads\/2018\/10\/idol-spas-nela-2020.jpg","datePublished":"2021-10-16T09:27:06+00:00","description":"Wanna z hydromasa\u017cem Nela dla dwojga na zewn\u0105trz nie tylko w ogrodzie. Bez problemu umie\u015bcisz go w mniejszych wn\u0119trzach, na balkonie, tarasie czy w \u0142azience.","breadcrumb":{"@id":"https:\/\/www.idol.cz\/pl\/produkt\/jacuzzi-pl\/nela-2\/#breadcrumb"},"inLanguage":"pl-PL","potentialAction":[{"@type":"ReadAction","target":["https:\/\/www.idol.cz\/pl\/produkt\/jacuzzi-pl\/nela-2\/"]}]},{"@type":"ImageObject","inLanguage":"pl-PL","@id":"https:\/\/www.idol.cz\/pl\/produkt\/jacuzzi-pl\/nela-2\/#primaryimage","url":"https:\/\/www.idol.cz\/wp-content\/uploads\/2018\/10\/idol-spas-nela-2020.jpg","contentUrl":"https:\/\/www.idol.cz\/wp-content\/uploads\/2018\/10\/idol-spas-nela-2020.jpg","width":1080,"height":1080,"caption":"Idol Spa Wanna z hydromasa\u017cem Nela"},{"@type":"BreadcrumbList","@id":"https:\/\/www.idol.cz\/pl\/produkt\/jacuzzi-pl\/nela-2\/#breadcrumb","itemListElement":[{"@type":"ListItem","position":1,"name":"Dom\u016f","item":"https:\/\/www.idol.cz\/pl\/"},{"@type":"ListItem","position":2,"name":"Jacuzzi","item":"https:\/\/www.idol.cz\/pl\/kategorie-produktu\/jacuzzi-pl\/"},{"@type":"ListItem","position":3,"name":"Nela"}]},{"@type":"WebSite","@id":"\/#website","url":"\/","name":"v\u00ed\u0159ivky venkovn\u00ed, swim spa, baz\u00e9ny","description":"Luxusn\u00ed \u010desk\u00e9 v\u00ed\u0159ivky a swim spa","publisher":{"@id":"\/#organization"},"potentialAction":[{"@type":"SearchAction","target":{"@type":"EntryPoint","urlTemplate":"\/?s={search_term_string}"},"query-input":{"@type":"PropertyValueSpecification","valueRequired":true,"valueName":"search_term_string"}}],"inLanguage":"pl-PL"},{"@type":"Organization","@id":"\/#organization","name":"IDOL SPAS, s.r.o.","url":"\/","logo":{"@type":"ImageObject","inLanguage":"pl-PL","@id":"\/#\/schema\/logo\/image\/","url":"https:\/\/www.idol.cz\/wp-content\/uploads\/2020\/02\/idol-spas-logo.png","contentUrl":"https:\/\/www.idol.cz\/wp-content\/uploads\/2020\/02\/idol-spas-logo.png","width":512,"height":206,"caption":"IDOL SPAS, s.r.o."},"image":{"@id":"\/#\/schema\/logo\/image\/"},"sameAs":["https:\/\/www.facebook.com\/IdolSpas\/"]}]}},"_links":{"self":[{"href":"https:\/\/www.idol.cz\/pl\/wp-json\/wp\/v2\/product\/19101"}],"collection":[{"href":"https:\/\/www.idol.cz\/pl\/wp-json\/wp\/v2\/product"}],"about":[{"href":"https:\/\/www.idol.cz\/pl\/wp-json\/wp\/v2\/types\/product"}],"wp:featuredmedia":[{"embeddable":true,"href":"https:\/\/www.idol.cz\/pl\/wp-json\/wp\/v2\/media\/19102"}],"wp:attachment":[{"href":"https:\/\/www.idol.cz\/pl\/wp-json\/wp\/v2\/media?parent=19101"}],"wp:term":[{"taxonomy":"product_cat","embeddable":true,"href":"https:\/\/www.idol.cz\/pl\/wp-json\/wp\/v2\/product_cat?post=19101"},{"taxonomy":"product_tag","embeddable":true,"href":"https:\/\/www.idol.cz\/pl\/wp-json\/wp\/v2\/product_tag?post=19101"}],"curies":[{"name":"wp","href":"https:\/\/api.w.org\/{rel}","templated":true}]}}