{"id":19121,"date":"2025-03-07T16:06:24","date_gmt":"2021-10-16T09:27:26","guid":{"rendered":"https:\/\/www.idol.cz\/produkt\/uncategorized\/sofia\/"},"modified":"2021-10-16T11:27:26","modified_gmt":"2021-10-16T09:27:26","slug":"sofia","status":"publish","type":"product","link":"https:\/\/www.idol.cz\/pl\/produkt\/jacuzzi-pl\/sofia\/","title":{"rendered":"Sofia"},"content":{"rendered":"<h3>Luksusowa wanna z hydromasa\u017cem Sofi<\/h3>\n<ul>\n<li>Akrylowa wanna z hydromasa\u017cem dla <strong>2 os\u00f3b<\/strong><\/li>\n<li>Najwy\u017cszej jako\u015bci urz\u0105dzenia do wanien z hydromasa\u017cem od wiod\u0105cych \u015bwiatowych producent\u00f3w<\/li>\n<li>Regulowane dysze obrotowe i proste firmy CMP<\/li>\n<li>Kolorowy panel sterowania Premium Gecko in.k500 z intuicyjnym sterowaniem<\/li>\n<li>Kolory akrylu, pokrycia termicznego i poszycia do wyboru<\/li>\n<li><strong>Nowa wanna z hydromasa\u017cem Sofi dla dw\u00f3ch \u00f3semek dost\u0119pna w ci\u0105gu 15-30 dni<\/strong><\/li>\n<\/ul>\n","protected":false},"excerpt":{"rendered":"<h2>Wanna z hydromasa\u017cem nadaje si\u0119 na balkon, taras lub \u0142azienk\u0119<\/h2>\n","protected":false},"featured_media":19122,"template":"","meta":[],"product_cat":[290],"product_tag":[292],"class_list":{"0":"post-19121","1":"product","2":"type-product","3":"status-publish","4":"has-post-thumbnail","6":"product_cat-jacuzzi-pl","7":"product_tag-jacuzzi-pl","9":"first","10":"instock","11":"taxable","12":"shipping-taxable","13":"purchasable","14":"product-type-simple"},"yoast_head":"<!-- This site is optimized with the Yoast SEO Premium plugin v24.9 (Yoast SEO v24.9) - https:\/\/yoast.com\/wordpress\/plugins\/seo\/ -->\n<title>Sofia \u2013 luksusowa wanna z hydromasa\u017cem na \u015bwie\u017cym powietrzu nie tylko do ogrodu tanio w akcji<\/title>\n<meta name=\"description\" content=\"Zewn\u0119trzna wanna z hydromasa\u017cem Sofi dla dwojga nie tylko do ogrodu i na taras. Wanny z hydromasa\u017cem dla dwojga. Na balkon, taras lub \u0142azienk\u0119. Balboa, Gekon. Akrylowe wanny z hydromasa\u017cem\" \/>\n<meta name=\"robots\" content=\"index, follow, max-snippet:-1, max-image-preview:large, max-video-preview:-1\" \/>\n<link rel=\"canonical\" href=\"https:\/\/www.idol.cz\/pl\/produkt\/jacuzzi-pl\/sofia\/\" \/>\n<meta property=\"og:locale\" content=\"pl_PL\" \/>\n<meta property=\"og:type\" content=\"article\" \/>\n<meta property=\"og:title\" content=\"Sofia\" \/>\n<meta property=\"og:description\" content=\"Zewn\u0119trzna wanna z hydromasa\u017cem Sofi dla dwojga nie tylko do ogrodu i na taras. Wanny z hydromasa\u017cem dla dwojga. Na balkon, taras lub \u0142azienk\u0119. Balboa, Gekon. Akrylowe wanny z hydromasa\u017cem\" \/>\n<meta property=\"og:url\" content=\"https:\/\/www.idol.cz\/pl\/produkt\/jacuzzi-pl\/sofia\/\" \/>\n<meta property=\"og:site_name\" content=\"Wanny zewn\u0119trzne, K\u0105pielisko, Baseny\" \/>\n<meta property=\"article:publisher\" content=\"https:\/\/www.facebook.com\/IdolSpas\/\" \/>\n<meta property=\"og:image\" content=\"https:\/\/www.idol.cz\/wp-content\/uploads\/2018\/10\/idol-spas-luxusni-virivky-sofi-fb.jpg\" \/>\n<meta name=\"twitter:card\" content=\"summary_large_image\" \/>\n<script type=\"application\/ld+json\" class=\"yoast-schema-graph\">{\"@context\":\"https:\/\/schema.org\",\"@graph\":[{\"@type\":\"WebPage\",\"@id\":\"https:\/\/www.idol.cz\/pl\/produkt\/jacuzzi-pl\/sofia\/\",\"url\":\"https:\/\/www.idol.cz\/pl\/produkt\/jacuzzi-pl\/sofia\/\",\"name\":\"Sofia \u2013 luksusowa wanna z hydromasa\u017cem na \u015bwie\u017cym powietrzu nie tylko do ogrodu tanio w akcji\",\"isPartOf\":{\"@id\":\"https:\/\/www.idol.cz\/pl\/#website\"},\"primaryImageOfPage\":{\"@id\":\"https:\/\/www.idol.cz\/pl\/produkt\/jacuzzi-pl\/sofia\/#primaryimage\"},\"image\":{\"@id\":\"https:\/\/www.idol.cz\/pl\/produkt\/jacuzzi-pl\/sofia\/#primaryimage\"},\"thumbnailUrl\":\"https:\/\/www.idol.cz\/wp-content\/uploads\/2018\/10\/idol-spas-sofi-2020.jpg\",\"datePublished\":\"2021-10-16T09:27:26+00:00\",\"description\":\"Zewn\u0119trzna wanna z hydromasa\u017cem Sofi dla dwojga nie tylko do ogrodu i na taras. Wanny z hydromasa\u017cem dla dwojga. Na balkon, taras lub \u0142azienk\u0119. Balboa, Gekon. Akrylowe wanny z hydromasa\u017cem\",\"breadcrumb\":{\"@id\":\"https:\/\/www.idol.cz\/pl\/produkt\/jacuzzi-pl\/sofia\/#breadcrumb\"},\"inLanguage\":\"pl-PL\",\"potentialAction\":[{\"@type\":\"ReadAction\",\"target\":[\"https:\/\/www.idol.cz\/pl\/produkt\/jacuzzi-pl\/sofia\/\"]}]},{\"@type\":\"ImageObject\",\"inLanguage\":\"pl-PL\",\"@id\":\"https:\/\/www.idol.cz\/pl\/produkt\/jacuzzi-pl\/sofia\/#primaryimage\",\"url\":\"https:\/\/www.idol.cz\/wp-content\/uploads\/2018\/10\/idol-spas-sofi-2020.jpg\",\"contentUrl\":\"https:\/\/www.idol.cz\/wp-content\/uploads\/2018\/10\/idol-spas-sofi-2020.jpg\",\"width\":1080,\"height\":1080,\"caption\":\"Idol Spas Wanny z hydromasa\u017cem Sofi\"},{\"@type\":\"BreadcrumbList\",\"@id\":\"https:\/\/www.idol.cz\/pl\/produkt\/jacuzzi-pl\/sofia\/#breadcrumb\",\"itemListElement\":[{\"@type\":\"ListItem\",\"position\":1,\"name\":\"Dom\u016f\",\"item\":\"https:\/\/www.idol.cz\/pl\/\"},{\"@type\":\"ListItem\",\"position\":2,\"name\":\"Sklep internetowy\",\"item\":\"https:\/\/www.idol.cz\/pl\/sklep-internetowy\/\"},{\"@type\":\"ListItem\",\"position\":3,\"name\":\"Jacuzzi\",\"item\":\"https:\/\/www.idol.cz\/pl\/kategorie-produktu\/jacuzzi-pl\/\"},{\"@type\":\"ListItem\",\"position\":4,\"name\":\"Sofia\"}]},{\"@type\":\"WebSite\",\"@id\":\"https:\/\/www.idol.cz\/pl\/#website\",\"url\":\"https:\/\/www.idol.cz\/pl\/\",\"name\":\"v\u00ed\u0159ivky venkovn\u00ed, swim spa, baz\u00e9ny\",\"description\":\"Luxusn\u00ed \u010desk\u00e9 v\u00ed\u0159ivky a swim spa\",\"publisher\":{\"@id\":\"https:\/\/www.idol.cz\/pl\/#organization\"},\"potentialAction\":[{\"@type\":\"SearchAction\",\"target\":{\"@type\":\"EntryPoint\",\"urlTemplate\":\"https:\/\/www.idol.cz\/pl\/?s={search_term_string}\"},\"query-input\":{\"@type\":\"PropertyValueSpecification\",\"valueRequired\":true,\"valueName\":\"search_term_string\"}}],\"inLanguage\":\"pl-PL\"},{\"@type\":\"Organization\",\"@id\":\"https:\/\/www.idol.cz\/pl\/#organization\",\"name\":\"IDOL SPAS, s.r.o.\",\"url\":\"https:\/\/www.idol.cz\/pl\/\",\"logo\":{\"@type\":\"ImageObject\",\"inLanguage\":\"pl-PL\",\"@id\":\"https:\/\/www.idol.cz\/pl\/#\/schema\/logo\/image\/\",\"url\":\"https:\/\/www.idol.cz\/wp-content\/uploads\/2020\/02\/idol-spas-logo.png\",\"contentUrl\":\"https:\/\/www.idol.cz\/wp-content\/uploads\/2020\/02\/idol-spas-logo.png\",\"width\":512,\"height\":206,\"caption\":\"IDOL SPAS, s.r.o.\"},\"image\":{\"@id\":\"https:\/\/www.idol.cz\/pl\/#\/schema\/logo\/image\/\"},\"sameAs\":[\"https:\/\/www.facebook.com\/IdolSpas\/\"]}]}<\/script>\n<!-- \/ Yoast SEO Premium plugin. -->","yoast_head_json":{"title":"Sofia \u2013 luksusowa wanna z hydromasa\u017cem na \u015bwie\u017cym powietrzu nie tylko do ogrodu tanio w akcji","description":"Zewn\u0119trzna wanna z hydromasa\u017cem Sofi dla dwojga nie tylko do ogrodu i na taras. Wanny z hydromasa\u017cem dla dwojga. Na balkon, taras lub \u0142azienk\u0119. Balboa, Gekon. Akrylowe wanny z hydromasa\u017cem","robots":{"index":"index","follow":"follow","max-snippet":"max-snippet:-1","max-image-preview":"max-image-preview:large","max-video-preview":"max-video-preview:-1"},"canonical":"https:\/\/www.idol.cz\/pl\/produkt\/jacuzzi-pl\/sofia\/","og_locale":"pl_PL","og_type":"article","og_title":"Sofia","og_description":"Zewn\u0119trzna wanna z hydromasa\u017cem Sofi dla dwojga nie tylko do ogrodu i na taras. Wanny z hydromasa\u017cem dla dwojga. Na balkon, taras lub \u0142azienk\u0119. Balboa, Gekon. Akrylowe wanny z hydromasa\u017cem","og_url":"https:\/\/www.idol.cz\/pl\/produkt\/jacuzzi-pl\/sofia\/","og_site_name":"Wanny zewn\u0119trzne, K\u0105pielisko, Baseny","article_publisher":"https:\/\/www.facebook.com\/IdolSpas\/","og_image":[{"url":"https:\/\/www.idol.cz\/wp-content\/uploads\/2018\/10\/idol-spas-luxusni-virivky-sofi-fb.jpg","type":"","width":"","height":""}],"twitter_card":"summary_large_image","schema":{"@context":"https:\/\/schema.org","@graph":[{"@type":"WebPage","@id":"https:\/\/www.idol.cz\/pl\/produkt\/jacuzzi-pl\/sofia\/","url":"https:\/\/www.idol.cz\/pl\/produkt\/jacuzzi-pl\/sofia\/","name":"Sofia \u2013 luksusowa wanna z hydromasa\u017cem na \u015bwie\u017cym powietrzu nie tylko do ogrodu tanio w akcji","isPartOf":{"@id":"https:\/\/www.idol.cz\/pl\/#website"},"primaryImageOfPage":{"@id":"https:\/\/www.idol.cz\/pl\/produkt\/jacuzzi-pl\/sofia\/#primaryimage"},"image":{"@id":"https:\/\/www.idol.cz\/pl\/produkt\/jacuzzi-pl\/sofia\/#primaryimage"},"thumbnailUrl":"https:\/\/www.idol.cz\/wp-content\/uploads\/2018\/10\/idol-spas-sofi-2020.jpg","datePublished":"2021-10-16T09:27:26+00:00","description":"Zewn\u0119trzna wanna z hydromasa\u017cem Sofi dla dwojga nie tylko do ogrodu i na taras. Wanny z hydromasa\u017cem dla dwojga. Na balkon, taras lub \u0142azienk\u0119. Balboa, Gekon. Akrylowe wanny z hydromasa\u017cem","breadcrumb":{"@id":"https:\/\/www.idol.cz\/pl\/produkt\/jacuzzi-pl\/sofia\/#breadcrumb"},"inLanguage":"pl-PL","potentialAction":[{"@type":"ReadAction","target":["https:\/\/www.idol.cz\/pl\/produkt\/jacuzzi-pl\/sofia\/"]}]},{"@type":"ImageObject","inLanguage":"pl-PL","@id":"https:\/\/www.idol.cz\/pl\/produkt\/jacuzzi-pl\/sofia\/#primaryimage","url":"https:\/\/www.idol.cz\/wp-content\/uploads\/2018\/10\/idol-spas-sofi-2020.jpg","contentUrl":"https:\/\/www.idol.cz\/wp-content\/uploads\/2018\/10\/idol-spas-sofi-2020.jpg","width":1080,"height":1080,"caption":"Idol Spas Wanny z hydromasa\u017cem Sofi"},{"@type":"BreadcrumbList","@id":"https:\/\/www.idol.cz\/pl\/produkt\/jacuzzi-pl\/sofia\/#breadcrumb","itemListElement":[{"@type":"ListItem","position":1,"name":"Dom\u016f","item":"https:\/\/www.idol.cz\/pl\/"},{"@type":"ListItem","position":2,"name":"Sklep internetowy","item":"https:\/\/www.idol.cz\/pl\/sklep-internetowy\/"},{"@type":"ListItem","position":3,"name":"Jacuzzi","item":"https:\/\/www.idol.cz\/pl\/kategorie-produktu\/jacuzzi-pl\/"},{"@type":"ListItem","position":4,"name":"Sofia"}]},{"@type":"WebSite","@id":"https:\/\/www.idol.cz\/pl\/#website","url":"https:\/\/www.idol.cz\/pl\/","name":"v\u00ed\u0159ivky venkovn\u00ed, swim spa, baz\u00e9ny","description":"Luxusn\u00ed \u010desk\u00e9 v\u00ed\u0159ivky a swim spa","publisher":{"@id":"https:\/\/www.idol.cz\/pl\/#organization"},"potentialAction":[{"@type":"SearchAction","target":{"@type":"EntryPoint","urlTemplate":"https:\/\/www.idol.cz\/pl\/?s={search_term_string}"},"query-input":{"@type":"PropertyValueSpecification","valueRequired":true,"valueName":"search_term_string"}}],"inLanguage":"pl-PL"},{"@type":"Organization","@id":"https:\/\/www.idol.cz\/pl\/#organization","name":"IDOL SPAS, s.r.o.","url":"https:\/\/www.idol.cz\/pl\/","logo":{"@type":"ImageObject","inLanguage":"pl-PL","@id":"https:\/\/www.idol.cz\/pl\/#\/schema\/logo\/image\/","url":"https:\/\/www.idol.cz\/wp-content\/uploads\/2020\/02\/idol-spas-logo.png","contentUrl":"https:\/\/www.idol.cz\/wp-content\/uploads\/2020\/02\/idol-spas-logo.png","width":512,"height":206,"caption":"IDOL SPAS, s.r.o."},"image":{"@id":"https:\/\/www.idol.cz\/pl\/#\/schema\/logo\/image\/"},"sameAs":["https:\/\/www.facebook.com\/IdolSpas\/"]}]}},"_links":{"self":[{"href":"https:\/\/www.idol.cz\/pl\/wp-json\/wp\/v2\/product\/19121"}],"collection":[{"href":"https:\/\/www.idol.cz\/pl\/wp-json\/wp\/v2\/product"}],"about":[{"href":"https:\/\/www.idol.cz\/pl\/wp-json\/wp\/v2\/types\/product"}],"wp:featuredmedia":[{"embeddable":true,"href":"https:\/\/www.idol.cz\/pl\/wp-json\/wp\/v2\/media\/19122"}],"wp:attachment":[{"href":"https:\/\/www.idol.cz\/pl\/wp-json\/wp\/v2\/media?parent=19121"}],"wp:term":[{"taxonomy":"product_cat","embeddable":true,"href":"https:\/\/www.idol.cz\/pl\/wp-json\/wp\/v2\/product_cat?post=19121"},{"taxonomy":"product_tag","embeddable":true,"href":"https:\/\/www.idol.cz\/pl\/wp-json\/wp\/v2\/product_tag?post=19121"}],"curies":[{"name":"wp","href":"https:\/\/api.w.org\/{rel}","templated":true}]}}