{"id":19502,"date":"2022-06-08T11:43:45","date_gmt":"2022-06-08T09:43:45","guid":{"rendered":"https:\/\/www.idol.cz\/?post_type=product&#038;p=19502"},"modified":"2022-06-27T14:21:30","modified_gmt":"2022-06-27T12:21:30","slug":"elektronicky-photometr-pro-mereni-analyzu-vody-pro-virivky-a-swim-spa-bazeny","status":"publish","type":"product","link":"https:\/\/www.idol.cz\/pl\/produkt\/e-shop\/chemie-pro-virivky-a-swim-spa-bazeny\/elektronicky-photometr-pro-mereni-analyzu-vody-pro-virivky-a-swim-spa-bazeny\/","title":{"rendered":"Elektronick\u00fd photometr pro m\u011b\u0159en\u00ed anal\u00fdzu vody. Pro v\u00ed\u0159ivky a swim spa baz\u00e9ny."},"content":{"rendered":"<p class=\"fn product-title\"><strong>PoolLab Photometr Premiov\u00e1 Edice pro v\u00ed\u0159ivky a swim spa baz\u00e9ny.<\/strong><\/p>\n<ul>\n<li>Elektronick\u00fd baz\u00e9nov\u00fd testr pro profesion\u00e1ln\u00ed anal\u00fdzu vody<\/li>\n<li>Bezdr\u00e1tov\u00e9 p\u0159ipojen\u00ed Bluetooth 4.0 s bezplatn\u00fdm softwarem a aplikac\u00ed<\/li>\n<li><strong>Automatick\u00fd v\u00fdpo\u010det d\u00e1vkov\u00e1n\u00ed chemie!<\/strong><\/li>\n<li>Pr\u00e9miov\u00e1 edice v\u010detn\u011b\u00a0reagenci\u00ed<\/li>\n<li>Trojit\u00e1 vlnov\u00e1 d\u00e9lka m\u011b\u0159en\u00ed pro profesion\u00e1ln\u00ed anal\u00fdzu<\/li>\n<li>Ur\u010deno pro vody ve\u0159ejn\u00fdch a soukrom\u00fdch baz\u00e9n\u016f, v\u00ed\u0159ivek<\/li>\n<li>Mo\u017eno vyu\u017e\u00edt p\u0159i m\u011b\u0159en\u00ed pitn\u00e9, studni\u010dn\u00ed vody<\/li>\n<li>M\u011b\u0159en\u00ed a kontrola procesn\u00edch vod<\/li>\n<\/ul>\n<p><strong>Fotometr PoolLab pro swim spa baz\u00e9ny, v\u00ed\u0159ivky a pitnou vodu<\/strong><\/p>\n<p>Nov\u00fd PoolLab<sup>\u00ae<\/sup> 1.0 je fotometr s trojitou vlnovou d\u00e9lkou pro profesion\u00e1ln\u00ed anal\u00fdzu vody soukrom\u00fdch pro <strong>swim spa<\/strong> baz\u00e9ny a <strong>v\u00ed\u0159ivky<\/strong>.\u00a0Vestav\u011bn\u00e1, ale vym\u011bniteln\u00e1 kyveta umo\u017e\u0148uje rychl\u00e9 vzorkov\u00e1n\u00ed vody pouh\u00fdm pono\u0159en\u00edm do vodot\u011bsn\u00e9 PoolLab<sup>\u00ae<\/sup> IP68.<\/p>\n<p>PoolLab<sup>\u00ae<\/sup> se sv\u00fdmi 6 tla\u010d\u00edtky je navr\u017een pro okam\u017eit\u00fd p\u0159\u00edstup k nainstalovan\u00fdm parametr\u016fm, kter\u00fdmi jsou: pH, chlor (voln\u00fd \/ kombinovan\u00fd \/ celkov\u00fd), alkalita (kapacita kyseliny), kyselina kyanurov\u00e1 (stabiliz\u00e1tor). Aktivn\u00ed kysl\u00edk (MPS), brom, oxid chlori\u010dit\u00fd, ozon, peroxid vod\u00edku, celkov\u00e1 tvrdost, tvrdost v\u00e1pn\u00edku, mo\u010dovina a PHMB.<\/p>\n<p>Proto\u017ee PoolLab<sup>\u00ae<\/sup> pou\u017e\u00edv\u00e1 bezdr\u00e1tovou technologii Bluetooth 4.2, lze ji snadno p\u0159ipojit k bezplatn\u00e9mu softwaru a aplikaci pro spr\u00e1vu v\u00fdsledk\u016f test\u016f. Jakmile jsou v\u00fdsledky testu synchronizov\u00e1ny, software a aplikace umo\u017e\u0148uj\u00ed d\u00e1vkov\u00e1n\u00ed doporu\u010dit na z\u00e1klad\u011b individu\u00e1ln\u011b zadan\u00fdch chemik\u00e1li\u00ed pro \u00fapravu vody. U\u017eivatel m\u016f\u017ee tisknout zpr\u00e1vy o v\u00fdsledc\u00edch test\u016f, prov\u00e1d\u011bt v\u00fdpo\u010det index\u016f, jako je LSI, a mnoho dal\u0161\u00edho.<\/p>\n<p>Bezplatn\u00fd cloudov\u00fd server se star\u00e1 o to, aby data v aplikaci a softwaru byla neust\u00e1le synchronizov\u00e1na, pokud se u\u017eivatel rozhodne tuto funkci pou\u017e\u00edt.<\/p>\n","protected":false},"excerpt":{"rendered":"<p>PoolLab Photometr Premiov\u00e1 Edice pro v\u00ed\u0159ivky a swim spa baz\u00e9ny. Elektronick\u00fd baz\u00e9nov\u00fd testr pro profesion\u00e1ln\u00ed anal\u00fdzu vody Bezdr\u00e1tov\u00e9 p\u0159ipojen\u00ed Bluetooth 4.0 s bezplatn\u00fdm softwarem a aplikac\u00ed Automatick\u00fd v\u00fdpo\u010det d\u00e1vkov\u00e1n\u00ed chemie! Pr\u00e9miov\u00e1 edice v\u010detn\u011b\u00a0reagenci\u00ed Trojit\u00e1 vlnov\u00e1 d\u00e9lka m\u011b\u0159en\u00ed pro profesion\u00e1ln\u00ed anal\u00fdzu Ur\u010deno pro vody ve\u0159ejn\u00fdch a soukrom\u00fdch baz\u00e9n\u016f, v\u00ed\u0159ivek Mo\u017eno vyu\u017e\u00edt p\u0159i m\u011b\u0159en\u00ed pitn\u00e9, studni\u010dn\u00ed vody [&hellip;]<\/p>\n","protected":false},"featured_media":19503,"template":"","meta":[],"product_cat":[54,266,66],"product_tag":[],"class_list":{"0":"post-19502","1":"product","2":"type-product","3":"status-publish","4":"has-post-thumbnail","6":"product_cat-dezinfekce-vody","7":"product_cat-chemie-pro-virivky-a-swim-spa-bazeny","8":"product_cat-ostatni-moznosti-virivky","10":"first","11":"instock","12":"taxable","13":"shipping-taxable","14":"purchasable","15":"product-type-simple"},"yoast_head":"<!-- This site is optimized with the Yoast SEO Premium plugin v24.9 (Yoast SEO v24.9) - https:\/\/yoast.com\/wordpress\/plugins\/seo\/ -->\n<title>V\u00ed\u0159ivky a swim spa baz\u00e9ny. Testr kvality vody. pH chlor.<\/title>\n<meta name=\"description\" content=\"V\u00ed\u0159ivky a swim spa baz\u00e9ny fotometr. Kontrola kvality vody PH, chlor, tvrdost. \u010cist\u00e1 voda pro v\u00ed\u0159ivky a swim spa baz\u00e9ny.\" \/>\n<meta name=\"robots\" content=\"index, follow, max-snippet:-1, max-image-preview:large, max-video-preview:-1\" \/>\n<link rel=\"canonical\" href=\"https:\/\/www.idol.cz\/pl\/produkt\/e-shop\/chemie-pro-virivky-a-swim-spa-bazeny\/elektronicky-photometr-pro-mereni-analyzu-vody-pro-virivky-a-swim-spa-bazeny\/\" \/>\n<meta property=\"og:locale\" content=\"pl_PL\" \/>\n<meta property=\"og:type\" content=\"article\" \/>\n<meta property=\"og:title\" content=\"Elektronick\u00fd photometr pro m\u011b\u0159en\u00ed anal\u00fdzu vody. Pro v\u00ed\u0159ivky a swim spa baz\u00e9ny.\" \/>\n<meta property=\"og:description\" content=\"V\u00ed\u0159ivky a swim spa baz\u00e9ny fotometr. Kontrola kvality vody PH, chlor, tvrdost. \u010cist\u00e1 voda pro v\u00ed\u0159ivky a swim spa baz\u00e9ny.\" \/>\n<meta property=\"og:url\" content=\"https:\/\/www.idol.cz\/pl\/produkt\/e-shop\/chemie-pro-virivky-a-swim-spa-bazeny\/elektronicky-photometr-pro-mereni-analyzu-vody-pro-virivky-a-swim-spa-bazeny\/\" \/>\n<meta property=\"og:site_name\" content=\"Wanny zewn\u0119trzne, K\u0105pielisko, Baseny\" \/>\n<meta property=\"article:publisher\" content=\"https:\/\/www.facebook.com\/IdolSpas\/\" \/>\n<meta property=\"article:modified_time\" content=\"2022-06-27T12:21:30+00:00\" \/>\n<meta property=\"og:image\" content=\"https:\/\/www.idol.cz\/wp-content\/uploads\/2022\/06\/Snimek-obrazovky-2022-06-08-v-11.36.47.png\" \/>\n\t<meta property=\"og:image:width\" content=\"726\" \/>\n\t<meta property=\"og:image:height\" content=\"647\" \/>\n\t<meta property=\"og:image:type\" content=\"image\/png\" \/>\n<meta name=\"twitter:card\" content=\"summary_large_image\" \/>\n<meta name=\"twitter:label1\" content=\"Szacowany czas czytania\" \/>\n\t<meta name=\"twitter:data1\" content=\"2 minuty\" \/>\n<script type=\"application\/ld+json\" class=\"yoast-schema-graph\">{\"@context\":\"https:\/\/schema.org\",\"@graph\":[{\"@type\":\"WebPage\",\"@id\":\"https:\/\/www.idol.cz\/pl\/produkt\/e-shop\/chemie-pro-virivky-a-swim-spa-bazeny\/elektronicky-photometr-pro-mereni-analyzu-vody-pro-virivky-a-swim-spa-bazeny\/\",\"url\":\"https:\/\/www.idol.cz\/pl\/produkt\/e-shop\/chemie-pro-virivky-a-swim-spa-bazeny\/elektronicky-photometr-pro-mereni-analyzu-vody-pro-virivky-a-swim-spa-bazeny\/\",\"name\":\"V\u00ed\u0159ivky a swim spa baz\u00e9ny. Testr kvality vody. pH chlor.\",\"isPartOf\":{\"@id\":\"https:\/\/www.idol.cz\/pl\/#website\"},\"primaryImageOfPage\":{\"@id\":\"https:\/\/www.idol.cz\/pl\/produkt\/e-shop\/chemie-pro-virivky-a-swim-spa-bazeny\/elektronicky-photometr-pro-mereni-analyzu-vody-pro-virivky-a-swim-spa-bazeny\/#primaryimage\"},\"image\":{\"@id\":\"https:\/\/www.idol.cz\/pl\/produkt\/e-shop\/chemie-pro-virivky-a-swim-spa-bazeny\/elektronicky-photometr-pro-mereni-analyzu-vody-pro-virivky-a-swim-spa-bazeny\/#primaryimage\"},\"thumbnailUrl\":\"https:\/\/www.idol.cz\/wp-content\/uploads\/2022\/06\/Snimek-obrazovky-2022-06-08-v-11.36.47.png\",\"datePublished\":\"2022-06-08T09:43:45+00:00\",\"dateModified\":\"2022-06-27T12:21:30+00:00\",\"description\":\"V\u00ed\u0159ivky a swim spa baz\u00e9ny fotometr. Kontrola kvality vody PH, chlor, tvrdost. \u010cist\u00e1 voda pro v\u00ed\u0159ivky a swim spa baz\u00e9ny.\",\"breadcrumb\":{\"@id\":\"https:\/\/www.idol.cz\/pl\/produkt\/e-shop\/chemie-pro-virivky-a-swim-spa-bazeny\/elektronicky-photometr-pro-mereni-analyzu-vody-pro-virivky-a-swim-spa-bazeny\/#breadcrumb\"},\"inLanguage\":\"pl-PL\",\"potentialAction\":[{\"@type\":\"ReadAction\",\"target\":[\"https:\/\/www.idol.cz\/pl\/produkt\/e-shop\/chemie-pro-virivky-a-swim-spa-bazeny\/elektronicky-photometr-pro-mereni-analyzu-vody-pro-virivky-a-swim-spa-bazeny\/\"]}]},{\"@type\":\"ImageObject\",\"inLanguage\":\"pl-PL\",\"@id\":\"https:\/\/www.idol.cz\/pl\/produkt\/e-shop\/chemie-pro-virivky-a-swim-spa-bazeny\/elektronicky-photometr-pro-mereni-analyzu-vody-pro-virivky-a-swim-spa-bazeny\/#primaryimage\",\"url\":\"https:\/\/www.idol.cz\/wp-content\/uploads\/2022\/06\/Snimek-obrazovky-2022-06-08-v-11.36.47.png\",\"contentUrl\":\"https:\/\/www.idol.cz\/wp-content\/uploads\/2022\/06\/Snimek-obrazovky-2022-06-08-v-11.36.47.png\",\"width\":726,\"height\":647,\"caption\":\"Tester wody do wanien z hydromasa\u017cem i basen\u00f3w spa.\"},{\"@type\":\"BreadcrumbList\",\"@id\":\"https:\/\/www.idol.cz\/pl\/produkt\/e-shop\/chemie-pro-virivky-a-swim-spa-bazeny\/elektronicky-photometr-pro-mereni-analyzu-vody-pro-virivky-a-swim-spa-bazeny\/#breadcrumb\",\"itemListElement\":[{\"@type\":\"ListItem\",\"position\":1,\"name\":\"Dom\u016f\",\"item\":\"https:\/\/www.idol.cz\/pl\/\"},{\"@type\":\"ListItem\",\"position\":2,\"name\":\"Sklep internetowy\",\"item\":\"https:\/\/www.idol.cz\/pl\/sklep-internetowy\/\"},{\"@type\":\"ListItem\",\"position\":3,\"name\":\"E-shop\",\"item\":\"https:\/\/www.idol.cz\/kategorie-produktu\/e-shop\/\"},{\"@type\":\"ListItem\",\"position\":4,\"name\":\"Chemie pro v\u00ed\u0159ivky a swim spa baz\u00e9ny\",\"item\":\"https:\/\/www.idol.cz\/kategorie-produktu\/e-shop\/chemie-pro-virivky-a-swim-spa-bazeny\/\"},{\"@type\":\"ListItem\",\"position\":5,\"name\":\"Elektronick\u00fd photometr pro m\u011b\u0159en\u00ed anal\u00fdzu vody. Pro v\u00ed\u0159ivky a swim spa baz\u00e9ny.\"}]},{\"@type\":\"WebSite\",\"@id\":\"https:\/\/www.idol.cz\/pl\/#website\",\"url\":\"https:\/\/www.idol.cz\/pl\/\",\"name\":\"v\u00ed\u0159ivky venkovn\u00ed, swim spa, baz\u00e9ny\",\"description\":\"Luxusn\u00ed \u010desk\u00e9 v\u00ed\u0159ivky a swim spa\",\"publisher\":{\"@id\":\"https:\/\/www.idol.cz\/pl\/#organization\"},\"potentialAction\":[{\"@type\":\"SearchAction\",\"target\":{\"@type\":\"EntryPoint\",\"urlTemplate\":\"https:\/\/www.idol.cz\/pl\/?s={search_term_string}\"},\"query-input\":{\"@type\":\"PropertyValueSpecification\",\"valueRequired\":true,\"valueName\":\"search_term_string\"}}],\"inLanguage\":\"pl-PL\"},{\"@type\":\"Organization\",\"@id\":\"https:\/\/www.idol.cz\/pl\/#organization\",\"name\":\"IDOL SPAS, s.r.o.\",\"url\":\"https:\/\/www.idol.cz\/pl\/\",\"logo\":{\"@type\":\"ImageObject\",\"inLanguage\":\"pl-PL\",\"@id\":\"https:\/\/www.idol.cz\/pl\/#\/schema\/logo\/image\/\",\"url\":\"https:\/\/www.idol.cz\/wp-content\/uploads\/2020\/02\/idol-spas-logo.png\",\"contentUrl\":\"https:\/\/www.idol.cz\/wp-content\/uploads\/2020\/02\/idol-spas-logo.png\",\"width\":512,\"height\":206,\"caption\":\"IDOL SPAS, s.r.o.\"},\"image\":{\"@id\":\"https:\/\/www.idol.cz\/pl\/#\/schema\/logo\/image\/\"},\"sameAs\":[\"https:\/\/www.facebook.com\/IdolSpas\/\"]}]}<\/script>\n<!-- \/ Yoast SEO Premium plugin. -->","yoast_head_json":{"title":"V\u00ed\u0159ivky a swim spa baz\u00e9ny. Testr kvality vody. pH chlor.","description":"V\u00ed\u0159ivky a swim spa baz\u00e9ny fotometr. Kontrola kvality vody PH, chlor, tvrdost. \u010cist\u00e1 voda pro v\u00ed\u0159ivky a swim spa baz\u00e9ny.","robots":{"index":"index","follow":"follow","max-snippet":"max-snippet:-1","max-image-preview":"max-image-preview:large","max-video-preview":"max-video-preview:-1"},"canonical":"https:\/\/www.idol.cz\/pl\/produkt\/e-shop\/chemie-pro-virivky-a-swim-spa-bazeny\/elektronicky-photometr-pro-mereni-analyzu-vody-pro-virivky-a-swim-spa-bazeny\/","og_locale":"pl_PL","og_type":"article","og_title":"Elektronick\u00fd photometr pro m\u011b\u0159en\u00ed anal\u00fdzu vody. Pro v\u00ed\u0159ivky a swim spa baz\u00e9ny.","og_description":"V\u00ed\u0159ivky a swim spa baz\u00e9ny fotometr. Kontrola kvality vody PH, chlor, tvrdost. \u010cist\u00e1 voda pro v\u00ed\u0159ivky a swim spa baz\u00e9ny.","og_url":"https:\/\/www.idol.cz\/pl\/produkt\/e-shop\/chemie-pro-virivky-a-swim-spa-bazeny\/elektronicky-photometr-pro-mereni-analyzu-vody-pro-virivky-a-swim-spa-bazeny\/","og_site_name":"Wanny zewn\u0119trzne, K\u0105pielisko, Baseny","article_publisher":"https:\/\/www.facebook.com\/IdolSpas\/","article_modified_time":"2022-06-27T12:21:30+00:00","og_image":[{"width":726,"height":647,"url":"https:\/\/www.idol.cz\/wp-content\/uploads\/2022\/06\/Snimek-obrazovky-2022-06-08-v-11.36.47.png","type":"image\/png"}],"twitter_card":"summary_large_image","twitter_misc":{"Szacowany czas czytania":"2 minuty"},"schema":{"@context":"https:\/\/schema.org","@graph":[{"@type":"WebPage","@id":"https:\/\/www.idol.cz\/pl\/produkt\/e-shop\/chemie-pro-virivky-a-swim-spa-bazeny\/elektronicky-photometr-pro-mereni-analyzu-vody-pro-virivky-a-swim-spa-bazeny\/","url":"https:\/\/www.idol.cz\/pl\/produkt\/e-shop\/chemie-pro-virivky-a-swim-spa-bazeny\/elektronicky-photometr-pro-mereni-analyzu-vody-pro-virivky-a-swim-spa-bazeny\/","name":"V\u00ed\u0159ivky a swim spa baz\u00e9ny. Testr kvality vody. pH chlor.","isPartOf":{"@id":"https:\/\/www.idol.cz\/pl\/#website"},"primaryImageOfPage":{"@id":"https:\/\/www.idol.cz\/pl\/produkt\/e-shop\/chemie-pro-virivky-a-swim-spa-bazeny\/elektronicky-photometr-pro-mereni-analyzu-vody-pro-virivky-a-swim-spa-bazeny\/#primaryimage"},"image":{"@id":"https:\/\/www.idol.cz\/pl\/produkt\/e-shop\/chemie-pro-virivky-a-swim-spa-bazeny\/elektronicky-photometr-pro-mereni-analyzu-vody-pro-virivky-a-swim-spa-bazeny\/#primaryimage"},"thumbnailUrl":"https:\/\/www.idol.cz\/wp-content\/uploads\/2022\/06\/Snimek-obrazovky-2022-06-08-v-11.36.47.png","datePublished":"2022-06-08T09:43:45+00:00","dateModified":"2022-06-27T12:21:30+00:00","description":"V\u00ed\u0159ivky a swim spa baz\u00e9ny fotometr. Kontrola kvality vody PH, chlor, tvrdost. \u010cist\u00e1 voda pro v\u00ed\u0159ivky a swim spa baz\u00e9ny.","breadcrumb":{"@id":"https:\/\/www.idol.cz\/pl\/produkt\/e-shop\/chemie-pro-virivky-a-swim-spa-bazeny\/elektronicky-photometr-pro-mereni-analyzu-vody-pro-virivky-a-swim-spa-bazeny\/#breadcrumb"},"inLanguage":"pl-PL","potentialAction":[{"@type":"ReadAction","target":["https:\/\/www.idol.cz\/pl\/produkt\/e-shop\/chemie-pro-virivky-a-swim-spa-bazeny\/elektronicky-photometr-pro-mereni-analyzu-vody-pro-virivky-a-swim-spa-bazeny\/"]}]},{"@type":"ImageObject","inLanguage":"pl-PL","@id":"https:\/\/www.idol.cz\/pl\/produkt\/e-shop\/chemie-pro-virivky-a-swim-spa-bazeny\/elektronicky-photometr-pro-mereni-analyzu-vody-pro-virivky-a-swim-spa-bazeny\/#primaryimage","url":"https:\/\/www.idol.cz\/wp-content\/uploads\/2022\/06\/Snimek-obrazovky-2022-06-08-v-11.36.47.png","contentUrl":"https:\/\/www.idol.cz\/wp-content\/uploads\/2022\/06\/Snimek-obrazovky-2022-06-08-v-11.36.47.png","width":726,"height":647,"caption":"Tester wody do wanien z hydromasa\u017cem i basen\u00f3w spa."},{"@type":"BreadcrumbList","@id":"https:\/\/www.idol.cz\/pl\/produkt\/e-shop\/chemie-pro-virivky-a-swim-spa-bazeny\/elektronicky-photometr-pro-mereni-analyzu-vody-pro-virivky-a-swim-spa-bazeny\/#breadcrumb","itemListElement":[{"@type":"ListItem","position":1,"name":"Dom\u016f","item":"https:\/\/www.idol.cz\/pl\/"},{"@type":"ListItem","position":2,"name":"Sklep internetowy","item":"https:\/\/www.idol.cz\/pl\/sklep-internetowy\/"},{"@type":"ListItem","position":3,"name":"E-shop","item":"https:\/\/www.idol.cz\/kategorie-produktu\/e-shop\/"},{"@type":"ListItem","position":4,"name":"Chemie pro v\u00ed\u0159ivky a swim spa baz\u00e9ny","item":"https:\/\/www.idol.cz\/kategorie-produktu\/e-shop\/chemie-pro-virivky-a-swim-spa-bazeny\/"},{"@type":"ListItem","position":5,"name":"Elektronick\u00fd photometr pro m\u011b\u0159en\u00ed anal\u00fdzu vody. Pro v\u00ed\u0159ivky a swim spa baz\u00e9ny."}]},{"@type":"WebSite","@id":"https:\/\/www.idol.cz\/pl\/#website","url":"https:\/\/www.idol.cz\/pl\/","name":"v\u00ed\u0159ivky venkovn\u00ed, swim spa, baz\u00e9ny","description":"Luxusn\u00ed \u010desk\u00e9 v\u00ed\u0159ivky a swim spa","publisher":{"@id":"https:\/\/www.idol.cz\/pl\/#organization"},"potentialAction":[{"@type":"SearchAction","target":{"@type":"EntryPoint","urlTemplate":"https:\/\/www.idol.cz\/pl\/?s={search_term_string}"},"query-input":{"@type":"PropertyValueSpecification","valueRequired":true,"valueName":"search_term_string"}}],"inLanguage":"pl-PL"},{"@type":"Organization","@id":"https:\/\/www.idol.cz\/pl\/#organization","name":"IDOL SPAS, s.r.o.","url":"https:\/\/www.idol.cz\/pl\/","logo":{"@type":"ImageObject","inLanguage":"pl-PL","@id":"https:\/\/www.idol.cz\/pl\/#\/schema\/logo\/image\/","url":"https:\/\/www.idol.cz\/wp-content\/uploads\/2020\/02\/idol-spas-logo.png","contentUrl":"https:\/\/www.idol.cz\/wp-content\/uploads\/2020\/02\/idol-spas-logo.png","width":512,"height":206,"caption":"IDOL SPAS, s.r.o."},"image":{"@id":"https:\/\/www.idol.cz\/pl\/#\/schema\/logo\/image\/"},"sameAs":["https:\/\/www.facebook.com\/IdolSpas\/"]}]}},"_links":{"self":[{"href":"https:\/\/www.idol.cz\/pl\/wp-json\/wp\/v2\/product\/19502"}],"collection":[{"href":"https:\/\/www.idol.cz\/pl\/wp-json\/wp\/v2\/product"}],"about":[{"href":"https:\/\/www.idol.cz\/pl\/wp-json\/wp\/v2\/types\/product"}],"wp:featuredmedia":[{"embeddable":true,"href":"https:\/\/www.idol.cz\/pl\/wp-json\/wp\/v2\/media\/19503"}],"wp:attachment":[{"href":"https:\/\/www.idol.cz\/pl\/wp-json\/wp\/v2\/media?parent=19502"}],"wp:term":[{"taxonomy":"product_cat","embeddable":true,"href":"https:\/\/www.idol.cz\/pl\/wp-json\/wp\/v2\/product_cat?post=19502"},{"taxonomy":"product_tag","embeddable":true,"href":"https:\/\/www.idol.cz\/pl\/wp-json\/wp\/v2\/product_tag?post=19502"}],"curies":[{"name":"wp","href":"https:\/\/api.w.org\/{rel}","templated":true}]}}