{"id":20160,"date":"2022-06-04T15:06:50","date_gmt":"2022-09-10T12:16:17","guid":{"rendered":"https:\/\/www.idol.cz\/produkt\/bez-kategorii\/pompa-ciepla-do-jacuzzi-baseny-spa-szybki-falownik-x-88-kw\/"},"modified":"2022-09-10T14:16:17","modified_gmt":"2022-09-10T12:16:17","slug":"teplelne-cerpadlo-pro-virivky-swim-spa-bazeny-rapid-inverter-x-88-2","status":"publish","type":"product","link":"https:\/\/www.idol.cz\/pl\/produkt\/pompy-ciepla\/teplelne-cerpadlo-pro-virivky-swim-spa-bazeny-rapid-inverter-x-88-2\/","title":{"rendered":"Pompa ciep\u0142a do jacuzzi, baseny spa. Szybki falownik x 8,8 kW"},"content":{"rendered":"<p class=\"discounts\">Inwerterowa pompa ciep\u0142a do jacuzzi i basen\u00f3w spa.<\/p>\n<p class=\"discounts\">Kolor: czarny &#8211; aluminium ; Wy\u015bwietlacz cyfrowy: Tak; Moc cieplna: 8,8kW; Ch\u0142odzenie: Tak; Moc ch\u0142odzenia: 4,5kW; Zalecana obj\u0119to\u015b\u0107 basenu: 20-40 m3; Przy\u0142\u0105cze: 50 mm; Rozmra\u017canie: Tak; Moc znamionowa: 0,18-1,53 kW; Zastosowany czynnik ch\u0142odniczy: R32 ; Napi\u0119cie: 230V; Wydajno\u015b\u0107: do 15,6 C.O.P.<\/p>\n<p>Rapid Inver-X wyposa\u017cony jest w spr\u0119\u017cark\u0119 inwerterow\u0105 oraz silnik wentylatora, dzi\u0119ki czemu pob\u00f3r mocy i pr\u0119dko\u015b\u0107 wentylatora jest stale regulowana przez elektronik\u0119 zgodnie z aktualnymi potrzebami. Ogromn\u0105 zalet\u0105 tego systemu jest szybsze nagrzewanie i utrzymywanie sta\u0142ej temperatury wody, eliminuj\u0105c &#8222;zimne rozruchy&#8221;, kt\u00f3re wp\u0142ywaj\u0105 na \u017cywotno\u015b\u0107 zar\u00f3wno element\u00f3w pompy ciep\u0142a, jak i obci\u0105\u017cenia energi\u0105 elektryczn\u0105. C.O.P. do 16,5 w idealnych warunkach nie jest sztuczk\u0105 biznesow\u0105, ale jest udokumentowany certyfikatem T\u00dcV Rheinland<\/p>\n<p>\u0141\u0105cz\u0105c technologi\u0119 &#8222;Full-Inverter&#8221; z nowymi ulepszonymi komponentami, uzyskano lepsz\u0105 wymian\u0119 ciep\u0142a i lepsz\u0105 cyrkulacj\u0119 powietrza. Nowa obudowa, innowacyjny parownik i rozebrana spr\u0119\u017carka zapewniaj\u0105 mo\u017cliwo\u015b\u0107 natychmiastowego zwi\u0119kszenia mocy grzewczej o 20% bez zwi\u0119kszania ha\u0142asu i zu\u017cycia energii.<\/p>\n<p><strong>Trzy inteligentne tryby:<\/strong><\/p>\n<ul>\n<li>Boost: 120% wydajno\u015bci \u2013 dzi\u0119ki technologii TurboSilence<\/li>\n<li>Elegancki<\/li>\n<li>Cisza<\/li>\n<\/ul>\n<p>Gdy Rapid Inver-X dzia\u0142a ze \u015bredni\u0105 lub nisk\u0105 pr\u0119dko\u015bci\u0105, aby utrzyma\u0107 temperatur\u0119 jacuzzi, basenu k\u0105pielowego, ha\u0142as spr\u0119\u017carki jest wyj\u0105tkowo niski i, w zale\u017cno\u015bci od wielko\u015bci basenu spa, ma wydajno\u015b\u0107 COP do 15,5 (przy temperaturze powietrza 26 \u00b0 C, wodzie 26 \u00b0 C i wilgotno\u015bci powietrza 80%)<\/p>\n<p><strong>Wbudowany modu\u0142 Wi-Fi<\/strong><\/p>\n<p><strong>Moc ch\u0142odzenia:<\/strong> 4,5 kW<\/p>\n<table border=\"1\" width=\"350\" cellspacing=\"0\" cellpadding=\"0\">\n<colgroup>\n<col>\n<col><\/colgroup>\n<tbody>\n<tr>\n<td height=\"20\">Moc: powietrze 26\u00b0C, woda 26\u00b0C, wilgotno\u015b\u0107 80%<\/td>\n<td><\/td>\n<\/tr>\n<tr>\n<td height=\"20\"><strong>Moc cieplna <\/strong>(tryb inteligentny)<\/td>\n<td>8,8 kW<\/td>\n<\/tr>\n<tr>\n<td height=\"20\"><strong>Moc cieplna<\/strong> (tryb Booster)<\/td>\n<td>10,5 kW<\/td>\n<\/tr>\n<tr>\n<td height=\"20\"><strong>Warkocz<\/strong><\/td>\n<td>15,6-7,3<\/td>\n<\/tr>\n<tr>\n<td height=\"21\"><strong>COP<\/strong> (50% mocy)<\/td>\n<td>11,8<\/td>\n<\/tr>\n<\/tbody>\n<\/table>\n<hr>\n<table border=\"1\" width=\"350\" cellspacing=\"0\" cellpadding=\"0\">\n<colgroup>\n<col>\n<col><\/colgroup>\n<tbody>\n<tr>\n<td height=\"21\">Moc: powietrze 15\u00b0C, woda 26\u00b0C, wilgotno\u015b\u0107 70%<\/td>\n<td><\/td>\n<\/tr>\n<tr>\n<td height=\"20\"><strong>Moc cieplna <\/strong>(tryb inteligentny)<\/td>\n<td>6,3 kW<\/td>\n<\/tr>\n<tr>\n<td height=\"20\"><strong>Moc cieplna<\/strong> (tryb Booster)<\/td>\n<td>7,5 kW<\/td>\n<\/tr>\n<tr>\n<td height=\"20\"><strong>Warkocz<\/strong><\/td>\n<td>7,1 ~ 4,9<\/td>\n<\/tr>\n<tr>\n<td height=\"20\"><strong>COP<\/strong> (50% mocy)<\/td>\n<td>6,7<\/td>\n<\/tr>\n<\/tbody>\n<\/table>\n<p>&nbsp;<\/p>\n<h2>Parametry techniczne<\/h2>\n<table id=\"techparams\" class=\"webproduct_ltext_table\">\n<tbody>\n<tr>\n<th>Typ produktu:<\/th>\n<td>Inwerterowa pompa ciep\u0142a do jacuzzi i basen\u00f3w spa<\/td>\n<\/tr>\n<tr>\n<th>Kolor:<\/th>\n<td>Czarny &#8211; Aluminium<\/td>\n<\/tr>\n<tr>\n<th>Wy\u015bwietlacz cyfrowy:<\/th>\n<td>Tak<\/td>\n<\/tr>\n<tr>\n<th>Moc cieplna:<\/th>\n<td>8,8 kW<\/td>\n<\/tr>\n<tr>\n<th>Ch\u0142odzenie:<\/th>\n<td>Tak<\/td>\n<\/tr>\n<tr>\n<th>Wydajno\u015b\u0107 ch\u0142odzenia:<\/th>\n<td>4,5 kW<\/td>\n<\/tr>\n<tr>\n<th>Zalecana obj\u0119to\u015b\u0107 basenu:<\/th>\n<td>20-40 m3<\/td>\n<\/tr>\n<tr>\n<th>Po\u0142\u0105czenie:<\/th>\n<td>50 mm<\/td>\n<\/tr>\n<tr>\n<th>Rozmra\u017cania:<\/th>\n<td>Tak<\/td>\n<\/tr>\n<tr>\n<th>Moc znamionowa:<\/th>\n<td>0,18-1,53 kW<\/td>\n<\/tr>\n<tr>\n<th>Zastosowany czynnik ch\u0142odniczy:<\/th>\n<td>R32<\/td>\n<\/tr>\n<tr>\n<th>Napi\u0119cie:<\/th>\n<td>230 V<\/td>\n<\/tr>\n<tr>\n<th>Skuteczno\u015b\u0107:<\/th>\n<td>do 15,6 C.O.P.<\/td>\n<\/tr>\n<tr>\n<th>Materia\u0142 korpusu:<\/th>\n<td>Glin<\/td>\n<\/tr>\n<tr>\n<th>Dla s\u0142onej wody do 5 g\/l (&lt;0,5%):<\/th>\n<td>Tak<\/td>\n<\/tr>\n<tr>\n<th>Waga netto\/transportowa kg:<\/th>\n<td>59 kg<\/td>\n<\/tr>\n<tr>\n<th>Wymiary netto urz\u0105dzenia (szer.\/d\u0142.\/wys.):<\/th>\n<td>799x432x650mm<\/td>\n<\/tr>\n<tr>\n<th>Temperatura:<\/th>\n<td>&#8211; 15 do 43 \u00b0C<\/td>\n<\/tr>\n<tr>\n<th>Monitorowanie przep\u0142ywu:<\/th>\n<td>Tak<\/td>\n<\/tr>\n<tr>\n<th>Materia\u0142 spiralny:<\/th>\n<td>Tytan<\/td>\n<\/tr>\n<tr>\n<th>Oszcz\u0119dno\u015b\u0107 energii:<\/th>\n<td>Tak<\/td>\n<\/tr>\n<tr>\n<th>Pr\u0105d znamionowy:<\/th>\n<td>0,78-6,65 A<\/td>\n<\/tr>\n<tr>\n<th>Wymiennik ciep\u0142a:<\/th>\n<td>Plastyczny<\/td>\n<\/tr>\n<tr>\n<th>Zalecany przep\u0142yw wody:<\/th>\n<td>2-4 m3\/h<\/td>\n<\/tr>\n<\/tbody>\n<\/table>\n<p>&nbsp;<\/p>\n","protected":false},"excerpt":{"rendered":"<p>Inwerterowa pompa ciep\u0142a do jacuzzi i basen\u00f3w spa. Kolor: czarny &#8211; aluminium ; Wy\u015bwietlacz cyfrowy: Tak; Moc cieplna: 8,8kW; Ch\u0142odzenie: Tak; Moc ch\u0142odzenia: 4,5kW; Zalecana obj\u0119to\u015b\u0107 basenu: 20-40 m3; Przy\u0142\u0105cze: 50 mm; Rozmra\u017canie: Tak; Moc znamionowa: 0,18-1,53 kW; Zastosowany czynnik ch\u0142odniczy: R32 ; Napi\u0119cie: 230V; Wydajno\u015b\u0107: do 15,6 C.O.P. Rapid Inver-X wyposa\u017cony jest w spr\u0119\u017cark\u0119 [&hellip;]<\/p>\n","protected":false},"featured_media":19482,"template":"","meta":[],"product_cat":[320],"product_tag":[],"class_list":{"0":"post-20160","1":"product","2":"type-product","3":"status-publish","4":"has-post-thumbnail","6":"product_cat-pompy-ciepla","8":"first","9":"instock","10":"taxable","11":"shipping-taxable","12":"purchasable","13":"product-type-simple"},"yoast_head":"<!-- This site is optimized with the Yoast SEO Premium plugin v24.9 (Yoast SEO v24.9) - https:\/\/yoast.com\/wordpress\/plugins\/seo\/ -->\n<title>Pompa ciep\u0142a do jacuzzi, baseny spa. Szybki falownik x 8,8 kW | Wanny zewn\u0119trzne, K\u0105pielisko, Baseny<\/title>\n<meta name=\"description\" content=\"Pompa ciep\u0142a do jacuzzi i basen\u00f3w spa. Oszcz\u0119dno\u015b\u0107 energii.\" \/>\n<meta name=\"robots\" content=\"index, follow, max-snippet:-1, max-image-preview:large, max-video-preview:-1\" \/>\n<link rel=\"canonical\" href=\"https:\/\/www.idol.cz\/pl\/produkt\/pompy-ciepla\/teplelne-cerpadlo-pro-virivky-swim-spa-bazeny-rapid-inverter-x-88-2\/\" \/>\n<meta property=\"og:locale\" content=\"pl_PL\" \/>\n<meta property=\"og:type\" content=\"article\" \/>\n<meta property=\"og:title\" content=\"Pompa ciep\u0142a do jacuzzi, baseny spa. Szybki falownik x 8,8 kW\" \/>\n<meta property=\"og:description\" content=\"Pompa ciep\u0142a do jacuzzi i basen\u00f3w spa. Oszcz\u0119dno\u015b\u0107 energii.\" \/>\n<meta property=\"og:url\" content=\"https:\/\/www.idol.cz\/pl\/produkt\/pompy-ciepla\/teplelne-cerpadlo-pro-virivky-swim-spa-bazeny-rapid-inverter-x-88-2\/\" \/>\n<meta property=\"og:site_name\" content=\"Wanny zewn\u0119trzne, K\u0105pielisko, Baseny\" \/>\n<meta property=\"article:publisher\" content=\"https:\/\/www.facebook.com\/IdolSpas\/\" \/>\n<meta property=\"og:image\" content=\"https:\/\/www.idol.cz\/wp-content\/uploads\/2022\/06\/InverX-new-88.jpeg\" \/>\n\t<meta property=\"og:image:width\" content=\"1236\" \/>\n\t<meta property=\"og:image:height\" content=\"1024\" \/>\n\t<meta property=\"og:image:type\" content=\"image\/jpeg\" \/>\n<meta name=\"twitter:card\" content=\"summary_large_image\" \/>\n<meta name=\"twitter:label1\" content=\"Szacowany czas czytania\" \/>\n\t<meta name=\"twitter:data1\" content=\"2 minuty\" \/>\n<script type=\"application\/ld+json\" class=\"yoast-schema-graph\">{\"@context\":\"https:\/\/schema.org\",\"@graph\":[{\"@type\":\"WebPage\",\"@id\":\"https:\/\/www.idol.cz\/pl\/produkt\/pompy-ciepla\/teplelne-cerpadlo-pro-virivky-swim-spa-bazeny-rapid-inverter-x-88-2\/\",\"url\":\"https:\/\/www.idol.cz\/pl\/produkt\/pompy-ciepla\/teplelne-cerpadlo-pro-virivky-swim-spa-bazeny-rapid-inverter-x-88-2\/\",\"name\":\"Pompa ciep\u0142a do jacuzzi, baseny spa. Szybki falownik x 8,8 kW | Wanny zewn\u0119trzne, K\u0105pielisko, Baseny\",\"isPartOf\":{\"@id\":\"https:\/\/www.idol.cz\/pl\/#website\"},\"primaryImageOfPage\":{\"@id\":\"https:\/\/www.idol.cz\/pl\/produkt\/pompy-ciepla\/teplelne-cerpadlo-pro-virivky-swim-spa-bazeny-rapid-inverter-x-88-2\/#primaryimage\"},\"image\":{\"@id\":\"https:\/\/www.idol.cz\/pl\/produkt\/pompy-ciepla\/teplelne-cerpadlo-pro-virivky-swim-spa-bazeny-rapid-inverter-x-88-2\/#primaryimage\"},\"thumbnailUrl\":\"https:\/\/www.idol.cz\/wp-content\/uploads\/2022\/06\/InverX-new-88.jpeg\",\"datePublished\":\"2022-09-10T12:16:17+00:00\",\"description\":\"Pompa ciep\u0142a do jacuzzi i basen\u00f3w spa. Oszcz\u0119dno\u015b\u0107 energii.\",\"breadcrumb\":{\"@id\":\"https:\/\/www.idol.cz\/pl\/produkt\/pompy-ciepla\/teplelne-cerpadlo-pro-virivky-swim-spa-bazeny-rapid-inverter-x-88-2\/#breadcrumb\"},\"inLanguage\":\"pl-PL\",\"potentialAction\":[{\"@type\":\"ReadAction\",\"target\":[\"https:\/\/www.idol.cz\/pl\/produkt\/pompy-ciepla\/teplelne-cerpadlo-pro-virivky-swim-spa-bazeny-rapid-inverter-x-88-2\/\"]}]},{\"@type\":\"ImageObject\",\"inLanguage\":\"pl-PL\",\"@id\":\"https:\/\/www.idol.cz\/pl\/produkt\/pompy-ciepla\/teplelne-cerpadlo-pro-virivky-swim-spa-bazeny-rapid-inverter-x-88-2\/#primaryimage\",\"url\":\"https:\/\/www.idol.cz\/wp-content\/uploads\/2022\/06\/InverX-new-88.jpeg\",\"contentUrl\":\"https:\/\/www.idol.cz\/wp-content\/uploads\/2022\/06\/InverX-new-88.jpeg\",\"width\":1236,\"height\":1024,\"caption\":\"pompa ciep\u0142a z hydromasa\u017cem, baseny spa z p\u0142ywakami pingwin\u00f3w\"},{\"@type\":\"BreadcrumbList\",\"@id\":\"https:\/\/www.idol.cz\/pl\/produkt\/pompy-ciepla\/teplelne-cerpadlo-pro-virivky-swim-spa-bazeny-rapid-inverter-x-88-2\/#breadcrumb\",\"itemListElement\":[{\"@type\":\"ListItem\",\"position\":1,\"name\":\"Dom\u016f\",\"item\":\"https:\/\/www.idol.cz\/pl\/\"},{\"@type\":\"ListItem\",\"position\":2,\"name\":\"Sklep internetowy\",\"item\":\"https:\/\/www.idol.cz\/pl\/sklep-internetowy\/\"},{\"@type\":\"ListItem\",\"position\":3,\"name\":\"E-shop\",\"item\":\"https:\/\/www.idol.cz\/kategorie-produktu\/e-shop\/\"},{\"@type\":\"ListItem\",\"position\":4,\"name\":\"P\u0159\u00edslu\u0161enstv\u00ed k v\u00ed\u0159ivk\u00e1m a baz\u00e9n\u016fm.\",\"item\":\"https:\/\/www.idol.cz\/kategorie-produktu\/e-shop\/prislusenstvi-k-virivkam-a-bazenum\/\"},{\"@type\":\"ListItem\",\"position\":5,\"name\":\"Pompy ciep\u0142a\",\"item\":\"https:\/\/www.idol.cz\/pl\/kategorie-produktu\/pompy-ciepla\/\"},{\"@type\":\"ListItem\",\"position\":6,\"name\":\"Pompa ciep\u0142a do jacuzzi, baseny spa. Szybki falownik x 8,8 kW\"}]},{\"@type\":\"WebSite\",\"@id\":\"https:\/\/www.idol.cz\/pl\/#website\",\"url\":\"https:\/\/www.idol.cz\/pl\/\",\"name\":\"v\u00ed\u0159ivky venkovn\u00ed, swim spa, baz\u00e9ny\",\"description\":\"Luxusn\u00ed \u010desk\u00e9 v\u00ed\u0159ivky a swim spa\",\"publisher\":{\"@id\":\"https:\/\/www.idol.cz\/pl\/#organization\"},\"potentialAction\":[{\"@type\":\"SearchAction\",\"target\":{\"@type\":\"EntryPoint\",\"urlTemplate\":\"https:\/\/www.idol.cz\/pl\/?s={search_term_string}\"},\"query-input\":{\"@type\":\"PropertyValueSpecification\",\"valueRequired\":true,\"valueName\":\"search_term_string\"}}],\"inLanguage\":\"pl-PL\"},{\"@type\":\"Organization\",\"@id\":\"https:\/\/www.idol.cz\/pl\/#organization\",\"name\":\"IDOL SPAS, s.r.o.\",\"url\":\"https:\/\/www.idol.cz\/pl\/\",\"logo\":{\"@type\":\"ImageObject\",\"inLanguage\":\"pl-PL\",\"@id\":\"https:\/\/www.idol.cz\/pl\/#\/schema\/logo\/image\/\",\"url\":\"https:\/\/www.idol.cz\/wp-content\/uploads\/2020\/02\/idol-spas-logo.png\",\"contentUrl\":\"https:\/\/www.idol.cz\/wp-content\/uploads\/2020\/02\/idol-spas-logo.png\",\"width\":512,\"height\":206,\"caption\":\"IDOL SPAS, s.r.o.\"},\"image\":{\"@id\":\"https:\/\/www.idol.cz\/pl\/#\/schema\/logo\/image\/\"},\"sameAs\":[\"https:\/\/www.facebook.com\/IdolSpas\/\"]}]}<\/script>\n<!-- \/ Yoast SEO Premium plugin. -->","yoast_head_json":{"title":"Pompa ciep\u0142a do jacuzzi, baseny spa. Szybki falownik x 8,8 kW | Wanny zewn\u0119trzne, K\u0105pielisko, Baseny","description":"Pompa ciep\u0142a do jacuzzi i basen\u00f3w spa. Oszcz\u0119dno\u015b\u0107 energii.","robots":{"index":"index","follow":"follow","max-snippet":"max-snippet:-1","max-image-preview":"max-image-preview:large","max-video-preview":"max-video-preview:-1"},"canonical":"https:\/\/www.idol.cz\/pl\/produkt\/pompy-ciepla\/teplelne-cerpadlo-pro-virivky-swim-spa-bazeny-rapid-inverter-x-88-2\/","og_locale":"pl_PL","og_type":"article","og_title":"Pompa ciep\u0142a do jacuzzi, baseny spa. Szybki falownik x 8,8 kW","og_description":"Pompa ciep\u0142a do jacuzzi i basen\u00f3w spa. Oszcz\u0119dno\u015b\u0107 energii.","og_url":"https:\/\/www.idol.cz\/pl\/produkt\/pompy-ciepla\/teplelne-cerpadlo-pro-virivky-swim-spa-bazeny-rapid-inverter-x-88-2\/","og_site_name":"Wanny zewn\u0119trzne, K\u0105pielisko, Baseny","article_publisher":"https:\/\/www.facebook.com\/IdolSpas\/","og_image":[{"width":1236,"height":1024,"url":"https:\/\/www.idol.cz\/wp-content\/uploads\/2022\/06\/InverX-new-88.jpeg","type":"image\/jpeg"}],"twitter_card":"summary_large_image","twitter_misc":{"Szacowany czas czytania":"2 minuty"},"schema":{"@context":"https:\/\/schema.org","@graph":[{"@type":"WebPage","@id":"https:\/\/www.idol.cz\/pl\/produkt\/pompy-ciepla\/teplelne-cerpadlo-pro-virivky-swim-spa-bazeny-rapid-inverter-x-88-2\/","url":"https:\/\/www.idol.cz\/pl\/produkt\/pompy-ciepla\/teplelne-cerpadlo-pro-virivky-swim-spa-bazeny-rapid-inverter-x-88-2\/","name":"Pompa ciep\u0142a do jacuzzi, baseny spa. Szybki falownik x 8,8 kW | Wanny zewn\u0119trzne, K\u0105pielisko, Baseny","isPartOf":{"@id":"https:\/\/www.idol.cz\/pl\/#website"},"primaryImageOfPage":{"@id":"https:\/\/www.idol.cz\/pl\/produkt\/pompy-ciepla\/teplelne-cerpadlo-pro-virivky-swim-spa-bazeny-rapid-inverter-x-88-2\/#primaryimage"},"image":{"@id":"https:\/\/www.idol.cz\/pl\/produkt\/pompy-ciepla\/teplelne-cerpadlo-pro-virivky-swim-spa-bazeny-rapid-inverter-x-88-2\/#primaryimage"},"thumbnailUrl":"https:\/\/www.idol.cz\/wp-content\/uploads\/2022\/06\/InverX-new-88.jpeg","datePublished":"2022-09-10T12:16:17+00:00","description":"Pompa ciep\u0142a do jacuzzi i basen\u00f3w spa. Oszcz\u0119dno\u015b\u0107 energii.","breadcrumb":{"@id":"https:\/\/www.idol.cz\/pl\/produkt\/pompy-ciepla\/teplelne-cerpadlo-pro-virivky-swim-spa-bazeny-rapid-inverter-x-88-2\/#breadcrumb"},"inLanguage":"pl-PL","potentialAction":[{"@type":"ReadAction","target":["https:\/\/www.idol.cz\/pl\/produkt\/pompy-ciepla\/teplelne-cerpadlo-pro-virivky-swim-spa-bazeny-rapid-inverter-x-88-2\/"]}]},{"@type":"ImageObject","inLanguage":"pl-PL","@id":"https:\/\/www.idol.cz\/pl\/produkt\/pompy-ciepla\/teplelne-cerpadlo-pro-virivky-swim-spa-bazeny-rapid-inverter-x-88-2\/#primaryimage","url":"https:\/\/www.idol.cz\/wp-content\/uploads\/2022\/06\/InverX-new-88.jpeg","contentUrl":"https:\/\/www.idol.cz\/wp-content\/uploads\/2022\/06\/InverX-new-88.jpeg","width":1236,"height":1024,"caption":"pompa ciep\u0142a z hydromasa\u017cem, baseny spa z p\u0142ywakami pingwin\u00f3w"},{"@type":"BreadcrumbList","@id":"https:\/\/www.idol.cz\/pl\/produkt\/pompy-ciepla\/teplelne-cerpadlo-pro-virivky-swim-spa-bazeny-rapid-inverter-x-88-2\/#breadcrumb","itemListElement":[{"@type":"ListItem","position":1,"name":"Dom\u016f","item":"https:\/\/www.idol.cz\/pl\/"},{"@type":"ListItem","position":2,"name":"Sklep internetowy","item":"https:\/\/www.idol.cz\/pl\/sklep-internetowy\/"},{"@type":"ListItem","position":3,"name":"E-shop","item":"https:\/\/www.idol.cz\/kategorie-produktu\/e-shop\/"},{"@type":"ListItem","position":4,"name":"P\u0159\u00edslu\u0161enstv\u00ed k v\u00ed\u0159ivk\u00e1m a baz\u00e9n\u016fm.","item":"https:\/\/www.idol.cz\/kategorie-produktu\/e-shop\/prislusenstvi-k-virivkam-a-bazenum\/"},{"@type":"ListItem","position":5,"name":"Pompy ciep\u0142a","item":"https:\/\/www.idol.cz\/pl\/kategorie-produktu\/pompy-ciepla\/"},{"@type":"ListItem","position":6,"name":"Pompa ciep\u0142a do jacuzzi, baseny spa. Szybki falownik x 8,8 kW"}]},{"@type":"WebSite","@id":"https:\/\/www.idol.cz\/pl\/#website","url":"https:\/\/www.idol.cz\/pl\/","name":"v\u00ed\u0159ivky venkovn\u00ed, swim spa, baz\u00e9ny","description":"Luxusn\u00ed \u010desk\u00e9 v\u00ed\u0159ivky a swim spa","publisher":{"@id":"https:\/\/www.idol.cz\/pl\/#organization"},"potentialAction":[{"@type":"SearchAction","target":{"@type":"EntryPoint","urlTemplate":"https:\/\/www.idol.cz\/pl\/?s={search_term_string}"},"query-input":{"@type":"PropertyValueSpecification","valueRequired":true,"valueName":"search_term_string"}}],"inLanguage":"pl-PL"},{"@type":"Organization","@id":"https:\/\/www.idol.cz\/pl\/#organization","name":"IDOL SPAS, s.r.o.","url":"https:\/\/www.idol.cz\/pl\/","logo":{"@type":"ImageObject","inLanguage":"pl-PL","@id":"https:\/\/www.idol.cz\/pl\/#\/schema\/logo\/image\/","url":"https:\/\/www.idol.cz\/wp-content\/uploads\/2020\/02\/idol-spas-logo.png","contentUrl":"https:\/\/www.idol.cz\/wp-content\/uploads\/2020\/02\/idol-spas-logo.png","width":512,"height":206,"caption":"IDOL SPAS, s.r.o."},"image":{"@id":"https:\/\/www.idol.cz\/pl\/#\/schema\/logo\/image\/"},"sameAs":["https:\/\/www.facebook.com\/IdolSpas\/"]}]}},"_links":{"self":[{"href":"https:\/\/www.idol.cz\/pl\/wp-json\/wp\/v2\/product\/20160"}],"collection":[{"href":"https:\/\/www.idol.cz\/pl\/wp-json\/wp\/v2\/product"}],"about":[{"href":"https:\/\/www.idol.cz\/pl\/wp-json\/wp\/v2\/types\/product"}],"wp:featuredmedia":[{"embeddable":true,"href":"https:\/\/www.idol.cz\/pl\/wp-json\/wp\/v2\/media\/19482"}],"wp:attachment":[{"href":"https:\/\/www.idol.cz\/pl\/wp-json\/wp\/v2\/media?parent=20160"}],"wp:term":[{"taxonomy":"product_cat","embeddable":true,"href":"https:\/\/www.idol.cz\/pl\/wp-json\/wp\/v2\/product_cat?post=20160"},{"taxonomy":"product_tag","embeddable":true,"href":"https:\/\/www.idol.cz\/pl\/wp-json\/wp\/v2\/product_tag?post=20160"}],"curies":[{"name":"wp","href":"https:\/\/api.w.org\/{rel}","templated":true}]}}