{"id":20191,"date":"2025-03-08T15:23:27","date_gmt":"2022-09-10T12:32:29","guid":{"rendered":"https:\/\/www.idol.cz\/produkt\/bez-kategorii\/rodzina-anna\/"},"modified":"2022-09-10T14:32:29","modified_gmt":"2022-09-10T12:32:29","slug":"anna-rodzina","status":"publish","type":"product","link":"https:\/\/www.idol.cz\/pl\/produkt\/jacuzzi-pl\/anna-rodzina\/","title":{"rendered":"Rodzina Anna"},"content":{"rendered":"<h3>Luksusowa wanna z hydromasa\u017cem Anna Family<\/h3>\n<ul>\n<li>Jacuzzi dla maksymalnie <strong>5 os\u00f3b<\/strong><\/li>\n<li>Najwy\u017cszej jako\u015bci sprz\u0119t wiod\u0105cych \u015bwiatowych producent\u00f3w<\/li>\n<li>Regulowane dysze obrotowe i proste firmy CMP<\/li>\n<li>Kolorowy panel sterowania Premium Gecko in.k500 z intuicyjnym sterowaniem<\/li>\n<li>Kolory akrylu, pokrycia termicznego i poszycia do wyboru<\/li>\n<li><strong>Nowa wanna z hydromasa\u017cem dost\u0119pna w ci\u0105gu zaledwie 5-30 dni<\/strong><\/li>\n<\/ul>\n","protected":false},"excerpt":{"rendered":"<h2>A nagroda za jedyn\u0105 czesk\u0105 wann\u0119 z hydromasa\u017cem dla 5 os\u00f3b, kt\u00f3ra r\u00f3wnie\u017c przechodzi przez 80 cm przez drzwi, trafia do&#8230;<\/h2>\n","protected":false},"featured_media":20192,"template":"","meta":[],"product_cat":[290],"product_tag":[],"class_list":{"0":"post-20191","1":"product","2":"type-product","3":"status-publish","4":"has-post-thumbnail","6":"product_cat-jacuzzi-pl","8":"first","9":"instock","10":"sale","11":"taxable","12":"shipping-taxable","13":"purchasable","14":"product-type-simple"},"yoast_head":"<!-- This site is optimized with the Yoast SEO Premium plugin v24.9 (Yoast SEO v24.9) - https:\/\/yoast.com\/wordpress\/plugins\/seo\/ -->\n<title>Outdoor whirlpool tanio w akcji dla Rodzina Anna ogrodowego<\/title>\n<meta name=\"description\" content=\"Jacuzzi do 5 os\u00f3b. Tani czeski jacuzzi na \u015bwie\u017cym powietrzu nie tylko do ogrodu, ale tak\u017ce do wn\u0119trza. Tanie w akcji. Bazar sprzeda\u017cy.\" \/>\n<meta name=\"robots\" content=\"index, follow, max-snippet:-1, max-image-preview:large, max-video-preview:-1\" \/>\n<link rel=\"canonical\" href=\"https:\/\/www.idol.cz\/pl\/produkt\/jacuzzi-pl\/anna-rodzina\/\" \/>\n<meta property=\"og:locale\" content=\"pl_PL\" \/>\n<meta property=\"og:type\" content=\"article\" \/>\n<meta property=\"og:title\" content=\"Rodzina Anna\" \/>\n<meta property=\"og:description\" content=\"Jacuzzi do 5 os\u00f3b. Tani czeski jacuzzi na \u015bwie\u017cym powietrzu nie tylko do ogrodu, ale tak\u017ce do wn\u0119trza. Tanie w akcji. Bazar sprzeda\u017cy.\" \/>\n<meta property=\"og:url\" content=\"https:\/\/www.idol.cz\/pl\/produkt\/jacuzzi-pl\/anna-rodzina\/\" \/>\n<meta property=\"og:site_name\" content=\"Wanny zewn\u0119trzne, K\u0105pielisko, Baseny\" \/>\n<meta property=\"article:publisher\" content=\"https:\/\/www.facebook.com\/IdolSpas\/\" \/>\n<meta property=\"og:image\" content=\"https:\/\/www.idol.cz\/wp-content\/uploads\/2018\/10\/idol-spas-luxusni-virivky-anna-fb.jpg\" \/>\n<meta name=\"twitter:card\" content=\"summary_large_image\" \/>\n<script type=\"application\/ld+json\" class=\"yoast-schema-graph\">{\"@context\":\"https:\/\/schema.org\",\"@graph\":[{\"@type\":\"WebPage\",\"@id\":\"https:\/\/www.idol.cz\/pl\/produkt\/jacuzzi-pl\/anna-rodzina\/\",\"url\":\"https:\/\/www.idol.cz\/pl\/produkt\/jacuzzi-pl\/anna-rodzina\/\",\"name\":\"Outdoor whirlpool tanio w akcji dla Rodzina Anna ogrodowego\",\"isPartOf\":{\"@id\":\"https:\/\/www.idol.cz\/pl\/#website\"},\"primaryImageOfPage\":{\"@id\":\"https:\/\/www.idol.cz\/pl\/produkt\/jacuzzi-pl\/anna-rodzina\/#primaryimage\"},\"image\":{\"@id\":\"https:\/\/www.idol.cz\/pl\/produkt\/jacuzzi-pl\/anna-rodzina\/#primaryimage\"},\"thumbnailUrl\":\"https:\/\/www.idol.cz\/wp-content\/uploads\/2019\/08\/idol-spas-anna-lite-2020.jpg\",\"datePublished\":\"2022-09-10T12:32:29+00:00\",\"description\":\"Jacuzzi do 5 os\u00f3b. Tani czeski jacuzzi na \u015bwie\u017cym powietrzu nie tylko do ogrodu, ale tak\u017ce do wn\u0119trza. Tanie w akcji. Bazar sprzeda\u017cy.\",\"breadcrumb\":{\"@id\":\"https:\/\/www.idol.cz\/pl\/produkt\/jacuzzi-pl\/anna-rodzina\/#breadcrumb\"},\"inLanguage\":\"pl-PL\",\"potentialAction\":[{\"@type\":\"ReadAction\",\"target\":[\"https:\/\/www.idol.cz\/pl\/produkt\/jacuzzi-pl\/anna-rodzina\/\"]}]},{\"@type\":\"ImageObject\",\"inLanguage\":\"pl-PL\",\"@id\":\"https:\/\/www.idol.cz\/pl\/produkt\/jacuzzi-pl\/anna-rodzina\/#primaryimage\",\"url\":\"https:\/\/www.idol.cz\/wp-content\/uploads\/2019\/08\/idol-spas-anna-lite-2020.jpg\",\"contentUrl\":\"https:\/\/www.idol.cz\/wp-content\/uploads\/2019\/08\/idol-spas-anna-lite-2020.jpg\",\"width\":1080,\"height\":1080,\"caption\":\"Idol Spas Wanna z hydromasa\u017cem Anna Lite\"},{\"@type\":\"BreadcrumbList\",\"@id\":\"https:\/\/www.idol.cz\/pl\/produkt\/jacuzzi-pl\/anna-rodzina\/#breadcrumb\",\"itemListElement\":[{\"@type\":\"ListItem\",\"position\":1,\"name\":\"Dom\u016f\",\"item\":\"https:\/\/www.idol.cz\/pl\/\"},{\"@type\":\"ListItem\",\"position\":2,\"name\":\"Sklep internetowy\",\"item\":\"https:\/\/www.idol.cz\/pl\/sklep-internetowy\/\"},{\"@type\":\"ListItem\",\"position\":3,\"name\":\"Jacuzzi\",\"item\":\"https:\/\/www.idol.cz\/pl\/kategorie-produktu\/jacuzzi-pl\/\"},{\"@type\":\"ListItem\",\"position\":4,\"name\":\"Rodzina Anna\"}]},{\"@type\":\"WebSite\",\"@id\":\"https:\/\/www.idol.cz\/pl\/#website\",\"url\":\"https:\/\/www.idol.cz\/pl\/\",\"name\":\"v\u00ed\u0159ivky venkovn\u00ed, swim spa, baz\u00e9ny\",\"description\":\"Luxusn\u00ed \u010desk\u00e9 v\u00ed\u0159ivky a swim spa\",\"publisher\":{\"@id\":\"https:\/\/www.idol.cz\/pl\/#organization\"},\"potentialAction\":[{\"@type\":\"SearchAction\",\"target\":{\"@type\":\"EntryPoint\",\"urlTemplate\":\"https:\/\/www.idol.cz\/pl\/?s={search_term_string}\"},\"query-input\":{\"@type\":\"PropertyValueSpecification\",\"valueRequired\":true,\"valueName\":\"search_term_string\"}}],\"inLanguage\":\"pl-PL\"},{\"@type\":\"Organization\",\"@id\":\"https:\/\/www.idol.cz\/pl\/#organization\",\"name\":\"IDOL SPAS, s.r.o.\",\"url\":\"https:\/\/www.idol.cz\/pl\/\",\"logo\":{\"@type\":\"ImageObject\",\"inLanguage\":\"pl-PL\",\"@id\":\"https:\/\/www.idol.cz\/pl\/#\/schema\/logo\/image\/\",\"url\":\"https:\/\/www.idol.cz\/wp-content\/uploads\/2020\/02\/idol-spas-logo.png\",\"contentUrl\":\"https:\/\/www.idol.cz\/wp-content\/uploads\/2020\/02\/idol-spas-logo.png\",\"width\":512,\"height\":206,\"caption\":\"IDOL SPAS, s.r.o.\"},\"image\":{\"@id\":\"https:\/\/www.idol.cz\/pl\/#\/schema\/logo\/image\/\"},\"sameAs\":[\"https:\/\/www.facebook.com\/IdolSpas\/\"]}]}<\/script>\n<!-- \/ Yoast SEO Premium plugin. -->","yoast_head_json":{"title":"Outdoor whirlpool tanio w akcji dla Rodzina Anna ogrodowego","description":"Jacuzzi do 5 os\u00f3b. Tani czeski jacuzzi na \u015bwie\u017cym powietrzu nie tylko do ogrodu, ale tak\u017ce do wn\u0119trza. Tanie w akcji. Bazar sprzeda\u017cy.","robots":{"index":"index","follow":"follow","max-snippet":"max-snippet:-1","max-image-preview":"max-image-preview:large","max-video-preview":"max-video-preview:-1"},"canonical":"https:\/\/www.idol.cz\/pl\/produkt\/jacuzzi-pl\/anna-rodzina\/","og_locale":"pl_PL","og_type":"article","og_title":"Rodzina Anna","og_description":"Jacuzzi do 5 os\u00f3b. Tani czeski jacuzzi na \u015bwie\u017cym powietrzu nie tylko do ogrodu, ale tak\u017ce do wn\u0119trza. Tanie w akcji. Bazar sprzeda\u017cy.","og_url":"https:\/\/www.idol.cz\/pl\/produkt\/jacuzzi-pl\/anna-rodzina\/","og_site_name":"Wanny zewn\u0119trzne, K\u0105pielisko, Baseny","article_publisher":"https:\/\/www.facebook.com\/IdolSpas\/","og_image":[{"url":"https:\/\/www.idol.cz\/wp-content\/uploads\/2018\/10\/idol-spas-luxusni-virivky-anna-fb.jpg","type":"","width":"","height":""}],"twitter_card":"summary_large_image","schema":{"@context":"https:\/\/schema.org","@graph":[{"@type":"WebPage","@id":"https:\/\/www.idol.cz\/pl\/produkt\/jacuzzi-pl\/anna-rodzina\/","url":"https:\/\/www.idol.cz\/pl\/produkt\/jacuzzi-pl\/anna-rodzina\/","name":"Outdoor whirlpool tanio w akcji dla Rodzina Anna ogrodowego","isPartOf":{"@id":"https:\/\/www.idol.cz\/pl\/#website"},"primaryImageOfPage":{"@id":"https:\/\/www.idol.cz\/pl\/produkt\/jacuzzi-pl\/anna-rodzina\/#primaryimage"},"image":{"@id":"https:\/\/www.idol.cz\/pl\/produkt\/jacuzzi-pl\/anna-rodzina\/#primaryimage"},"thumbnailUrl":"https:\/\/www.idol.cz\/wp-content\/uploads\/2019\/08\/idol-spas-anna-lite-2020.jpg","datePublished":"2022-09-10T12:32:29+00:00","description":"Jacuzzi do 5 os\u00f3b. Tani czeski jacuzzi na \u015bwie\u017cym powietrzu nie tylko do ogrodu, ale tak\u017ce do wn\u0119trza. Tanie w akcji. Bazar sprzeda\u017cy.","breadcrumb":{"@id":"https:\/\/www.idol.cz\/pl\/produkt\/jacuzzi-pl\/anna-rodzina\/#breadcrumb"},"inLanguage":"pl-PL","potentialAction":[{"@type":"ReadAction","target":["https:\/\/www.idol.cz\/pl\/produkt\/jacuzzi-pl\/anna-rodzina\/"]}]},{"@type":"ImageObject","inLanguage":"pl-PL","@id":"https:\/\/www.idol.cz\/pl\/produkt\/jacuzzi-pl\/anna-rodzina\/#primaryimage","url":"https:\/\/www.idol.cz\/wp-content\/uploads\/2019\/08\/idol-spas-anna-lite-2020.jpg","contentUrl":"https:\/\/www.idol.cz\/wp-content\/uploads\/2019\/08\/idol-spas-anna-lite-2020.jpg","width":1080,"height":1080,"caption":"Idol Spas Wanna z hydromasa\u017cem Anna Lite"},{"@type":"BreadcrumbList","@id":"https:\/\/www.idol.cz\/pl\/produkt\/jacuzzi-pl\/anna-rodzina\/#breadcrumb","itemListElement":[{"@type":"ListItem","position":1,"name":"Dom\u016f","item":"https:\/\/www.idol.cz\/pl\/"},{"@type":"ListItem","position":2,"name":"Sklep internetowy","item":"https:\/\/www.idol.cz\/pl\/sklep-internetowy\/"},{"@type":"ListItem","position":3,"name":"Jacuzzi","item":"https:\/\/www.idol.cz\/pl\/kategorie-produktu\/jacuzzi-pl\/"},{"@type":"ListItem","position":4,"name":"Rodzina Anna"}]},{"@type":"WebSite","@id":"https:\/\/www.idol.cz\/pl\/#website","url":"https:\/\/www.idol.cz\/pl\/","name":"v\u00ed\u0159ivky venkovn\u00ed, swim spa, baz\u00e9ny","description":"Luxusn\u00ed \u010desk\u00e9 v\u00ed\u0159ivky a swim spa","publisher":{"@id":"https:\/\/www.idol.cz\/pl\/#organization"},"potentialAction":[{"@type":"SearchAction","target":{"@type":"EntryPoint","urlTemplate":"https:\/\/www.idol.cz\/pl\/?s={search_term_string}"},"query-input":{"@type":"PropertyValueSpecification","valueRequired":true,"valueName":"search_term_string"}}],"inLanguage":"pl-PL"},{"@type":"Organization","@id":"https:\/\/www.idol.cz\/pl\/#organization","name":"IDOL SPAS, s.r.o.","url":"https:\/\/www.idol.cz\/pl\/","logo":{"@type":"ImageObject","inLanguage":"pl-PL","@id":"https:\/\/www.idol.cz\/pl\/#\/schema\/logo\/image\/","url":"https:\/\/www.idol.cz\/wp-content\/uploads\/2020\/02\/idol-spas-logo.png","contentUrl":"https:\/\/www.idol.cz\/wp-content\/uploads\/2020\/02\/idol-spas-logo.png","width":512,"height":206,"caption":"IDOL SPAS, s.r.o."},"image":{"@id":"https:\/\/www.idol.cz\/pl\/#\/schema\/logo\/image\/"},"sameAs":["https:\/\/www.facebook.com\/IdolSpas\/"]}]}},"_links":{"self":[{"href":"https:\/\/www.idol.cz\/pl\/wp-json\/wp\/v2\/product\/20191"}],"collection":[{"href":"https:\/\/www.idol.cz\/pl\/wp-json\/wp\/v2\/product"}],"about":[{"href":"https:\/\/www.idol.cz\/pl\/wp-json\/wp\/v2\/types\/product"}],"wp:featuredmedia":[{"embeddable":true,"href":"https:\/\/www.idol.cz\/pl\/wp-json\/wp\/v2\/media\/20192"}],"wp:attachment":[{"href":"https:\/\/www.idol.cz\/pl\/wp-json\/wp\/v2\/media?parent=20191"}],"wp:term":[{"taxonomy":"product_cat","embeddable":true,"href":"https:\/\/www.idol.cz\/pl\/wp-json\/wp\/v2\/product_cat?post=20191"},{"taxonomy":"product_tag","embeddable":true,"href":"https:\/\/www.idol.cz\/pl\/wp-json\/wp\/v2\/product_tag?post=20191"}],"curies":[{"name":"wp","href":"https:\/\/api.w.org\/{rel}","templated":true}]}}