{"id":20195,"date":"2022-06-04T14:09:23","date_gmt":"2022-09-10T12:32:30","guid":{"rendered":"https:\/\/www.idol.cz\/produkt\/bez-kategorii\/pompa-ciepla-do-jacuzzi-baseny-spa-norma-mini-kostki-35-kw\/"},"modified":"2022-09-10T14:32:30","modified_gmt":"2022-09-10T12:32:30","slug":"teplelne-cerpadlo-pro-virivky-swim-spa-bazeny-norm-mini-cube-35-kw-2","status":"publish","type":"product","link":"https:\/\/www.idol.cz\/pl\/produkt\/jacuzzi-pl\/inne-opcje-jacuzzi\/teplelne-cerpadlo-pro-virivky-swim-spa-bazeny-norm-mini-cube-35-kw-2\/","title":{"rendered":"Pompa ciep\u0142a do jacuzzi, baseny spa. Norma mini kostki 3,5 kW"},"content":{"rendered":"<p><strong>Pompa ciep\u0142a do jacuzzi, baseny k\u0105pielowe NORM MINI CUBE<\/strong><\/p>\n<p>Dzi\u0119ki kompaktowym wymiarom i osi\u0105gom Norm MINI CUBE nadaje si\u0119 do stosowania w ma\u0142ych prywatnych basenach lub jacuzzi i basenach spa.<br \/>\nMo\u017ce by\u0107 zdalnie sterowany przez smartfon (Bluetooth) za pomoc\u0105 aplikacji &#8222;AQUA TEMP&#8221;<\/p>\n<ul>\n<li>C.O.P. do 4,9<\/li>\n<li>Pompa ciep\u0142a mo\u017ce by\u0107 sterowana przez Bluetooth<\/li>\n<li>Temperatura pracy: +10 do +43 \u00b0C<\/li>\n<li>Inoskulacja:\n<ul>\n<li>Trzpie\u0144 w\u0119\u017ca 32\/38 mm<\/li>\n<li>Z\u0142\u0105czki 32-50 mm<\/li>\n<\/ul>\n<\/li>\n<li>Do ma\u0142ych jacuzzi, basen\u00f3w spa i jacuzzi<\/li>\n<\/ul>\n<p>&nbsp;<\/p>\n<h2>Parametry techniczne<\/h2>\n<table id=\"techparams\" class=\"webproduct_ltext_table\">\n<tbody>\n<tr>\n<th>Typ produktu:<\/th>\n<td>Pompa ciep\u0142a do jacuzzi i basen\u00f3w spa.<\/td>\n<\/tr>\n<tr>\n<th>Kolor:<\/th>\n<td>Ciemnoszary<\/td>\n<\/tr>\n<tr>\n<th>Moc cieplna:<\/th>\n<td>3,5 kW<\/td>\n<\/tr>\n<tr>\n<th>Ch\u0142odzenie:<\/th>\n<td>Nie<\/td>\n<\/tr>\n<tr>\n<th>Zalecana obj\u0119to\u015b\u0107 basenu:<\/th>\n<td>Max. 15 m3<\/td>\n<\/tr>\n<tr>\n<th>Po\u0142\u0105czenie:<\/th>\n<td>32\/38 mm<\/td>\n<\/tr>\n<tr>\n<th>Zastosowany czynnik ch\u0142odniczy:<\/th>\n<td>R32<\/td>\n<\/tr>\n<tr>\n<th>Napi\u0119cie:<\/th>\n<td>230 V<\/td>\n<\/tr>\n<tr>\n<th>Skuteczno\u015b\u0107:<\/th>\n<td>4.9 C.O.P.<\/td>\n<\/tr>\n<tr>\n<th>Waga netto\/transportowa kg:<\/th>\n<td>23 kg<\/td>\n<\/tr>\n<tr>\n<th>Wymiary netto urz\u0105dzenia (szer.\/d\u0142.\/wys.):<\/th>\n<td>400 x 400 x 420 mm<\/td>\n<\/tr>\n<tr>\n<th>Moc:<\/th>\n<td>0,72 kW<\/td>\n<\/tr>\n<tr>\n<th>Ha\u0142as:<\/th>\n<td>46 dB<\/td>\n<\/tr>\n<tr>\n<th>Temperatura:<\/th>\n<td>Od +10 do +43 \u00b0C<\/td>\n<\/tr>\n<tr>\n<th>Wydajno\u015b\u0107:<\/th>\n<td>3,5 kW<\/td>\n<\/tr>\n<tr>\n<th>Zalecany przep\u0142yw wody:<\/th>\n<td>1,5 m3\/h<\/td>\n<\/tr>\n<tr>\n<th>Cyfrowy panel sterowania:<\/th>\n<td>Tak<\/td>\n<\/tr>\n<\/tbody>\n<\/table>\n<p>&nbsp;<\/p>\n<h2>Logistyka<\/h2>\n<table id=\"logistika\" class=\"webproduct_ltext_table\">\n<tbody>\n<tr>\n<th>Ci\u0119\u017car:<\/th>\n<td>31 kg<\/td>\n<\/tr>\n<tr>\n<th>W skup. opakowanie:<\/th>\n<td>1<\/td>\n<\/tr>\n<tr>\n<th>Na palecie:<\/th>\n<td>0<\/td>\n<\/tr>\n<\/tbody>\n<\/table>\n","protected":false},"excerpt":{"rendered":"<p>Pompa ciep\u0142a do jacuzzi, baseny k\u0105pielowe NORM MINI CUBE Dzi\u0119ki kompaktowym wymiarom i osi\u0105gom Norm MINI CUBE nadaje si\u0119 do stosowania w ma\u0142ych prywatnych basenach lub jacuzzi i basenach spa. Mo\u017ce by\u0107 zdalnie sterowany przez smartfon (Bluetooth) za pomoc\u0105 aplikacji &#8222;AQUA TEMP&#8221; C.O.P. do 4,9 Pompa ciep\u0142a mo\u017ce by\u0107 sterowana przez Bluetooth Temperatura pracy: +10 [&hellip;]<\/p>\n","protected":false},"featured_media":19405,"template":"","meta":[],"product_cat":[318,320],"product_tag":[],"class_list":{"0":"post-20195","1":"product","2":"type-product","3":"status-publish","4":"has-post-thumbnail","6":"product_cat-inne-opcje-jacuzzi","7":"product_cat-pompy-ciepla","9":"first","10":"instock","11":"taxable","12":"shipping-taxable","13":"purchasable","14":"product-type-simple"},"yoast_head":"<!-- This site is optimized with the Yoast SEO Premium plugin v24.9 (Yoast SEO v24.9) - https:\/\/yoast.com\/wordpress\/plugins\/seo\/ -->\n<title>Pompa ciep\u0142a do jacuzzi, baseny spa. Norma mini kostki 3,5 kW | Wanny zewn\u0119trzne, K\u0105pielisko, Baseny<\/title>\n<meta name=\"robots\" content=\"index, follow, max-snippet:-1, max-image-preview:large, max-video-preview:-1\" \/>\n<link rel=\"canonical\" href=\"https:\/\/www.idol.cz\/pl\/produkt\/jacuzzi-pl\/inne-opcje-jacuzzi\/teplelne-cerpadlo-pro-virivky-swim-spa-bazeny-norm-mini-cube-35-kw-2\/\" \/>\n<meta property=\"og:locale\" content=\"pl_PL\" \/>\n<meta property=\"og:type\" content=\"article\" \/>\n<meta property=\"og:title\" content=\"Pompa ciep\u0142a do jacuzzi, baseny spa. Norma mini kostki 3,5 kW\" \/>\n<meta property=\"og:description\" content=\"Pompa ciep\u0142a do jacuzzi, baseny k\u0105pielowe NORM MINI CUBE Dzi\u0119ki kompaktowym wymiarom i osi\u0105gom Norm MINI CUBE nadaje si\u0119 do stosowania w ma\u0142ych prywatnych basenach lub jacuzzi i basenach spa. Mo\u017ce by\u0107 zdalnie sterowany przez smartfon (Bluetooth) za pomoc\u0105 aplikacji &#8222;AQUA TEMP&#8221; C.O.P. do 4,9 Pompa ciep\u0142a mo\u017ce by\u0107 sterowana przez Bluetooth Temperatura pracy: +10 [&hellip;]\" \/>\n<meta property=\"og:url\" content=\"https:\/\/www.idol.cz\/pl\/produkt\/jacuzzi-pl\/inne-opcje-jacuzzi\/teplelne-cerpadlo-pro-virivky-swim-spa-bazeny-norm-mini-cube-35-kw-2\/\" \/>\n<meta property=\"og:site_name\" content=\"Wanny zewn\u0119trzne, K\u0105pielisko, Baseny\" \/>\n<meta property=\"article:publisher\" content=\"https:\/\/www.facebook.com\/IdolSpas\/\" \/>\n<meta property=\"og:image\" content=\"https:\/\/www.idol.cz\/wp-content\/uploads\/2022\/06\/tepelne-cerpadlo-virivky-bazeny-swim-spa.jpeg\" \/>\n\t<meta property=\"og:image:width\" content=\"805\" \/>\n\t<meta property=\"og:image:height\" content=\"691\" \/>\n\t<meta property=\"og:image:type\" content=\"image\/jpeg\" \/>\n<meta name=\"twitter:card\" content=\"summary_large_image\" \/>\n<meta name=\"twitter:label1\" content=\"Szacowany czas czytania\" \/>\n\t<meta name=\"twitter:data1\" content=\"1 minuta\" \/>\n<script type=\"application\/ld+json\" class=\"yoast-schema-graph\">{\"@context\":\"https:\/\/schema.org\",\"@graph\":[{\"@type\":\"WebPage\",\"@id\":\"https:\/\/www.idol.cz\/pl\/produkt\/jacuzzi-pl\/inne-opcje-jacuzzi\/teplelne-cerpadlo-pro-virivky-swim-spa-bazeny-norm-mini-cube-35-kw-2\/\",\"url\":\"https:\/\/www.idol.cz\/pl\/produkt\/jacuzzi-pl\/inne-opcje-jacuzzi\/teplelne-cerpadlo-pro-virivky-swim-spa-bazeny-norm-mini-cube-35-kw-2\/\",\"name\":\"Pompa ciep\u0142a do jacuzzi, baseny spa. Norma mini kostki 3,5 kW | Wanny zewn\u0119trzne, K\u0105pielisko, Baseny\",\"isPartOf\":{\"@id\":\"\/#website\"},\"primaryImageOfPage\":{\"@id\":\"https:\/\/www.idol.cz\/pl\/produkt\/jacuzzi-pl\/inne-opcje-jacuzzi\/teplelne-cerpadlo-pro-virivky-swim-spa-bazeny-norm-mini-cube-35-kw-2\/#primaryimage\"},\"image\":{\"@id\":\"https:\/\/www.idol.cz\/pl\/produkt\/jacuzzi-pl\/inne-opcje-jacuzzi\/teplelne-cerpadlo-pro-virivky-swim-spa-bazeny-norm-mini-cube-35-kw-2\/#primaryimage\"},\"thumbnailUrl\":\"https:\/\/www.idol.cz\/wp-content\/uploads\/2022\/06\/tepelne-cerpadlo-virivky-bazeny-swim-spa.jpeg\",\"datePublished\":\"2022-09-10T12:32:30+00:00\",\"breadcrumb\":{\"@id\":\"https:\/\/www.idol.cz\/pl\/produkt\/jacuzzi-pl\/inne-opcje-jacuzzi\/teplelne-cerpadlo-pro-virivky-swim-spa-bazeny-norm-mini-cube-35-kw-2\/#breadcrumb\"},\"inLanguage\":\"pl-PL\",\"potentialAction\":[{\"@type\":\"ReadAction\",\"target\":[\"https:\/\/www.idol.cz\/pl\/produkt\/jacuzzi-pl\/inne-opcje-jacuzzi\/teplelne-cerpadlo-pro-virivky-swim-spa-bazeny-norm-mini-cube-35-kw-2\/\"]}]},{\"@type\":\"ImageObject\",\"inLanguage\":\"pl-PL\",\"@id\":\"https:\/\/www.idol.cz\/pl\/produkt\/jacuzzi-pl\/inne-opcje-jacuzzi\/teplelne-cerpadlo-pro-virivky-swim-spa-bazeny-norm-mini-cube-35-kw-2\/#primaryimage\",\"url\":\"https:\/\/www.idol.cz\/wp-content\/uploads\/2022\/06\/tepelne-cerpadlo-virivky-bazeny-swim-spa.jpeg\",\"contentUrl\":\"https:\/\/www.idol.cz\/wp-content\/uploads\/2022\/06\/tepelne-cerpadlo-virivky-bazeny-swim-spa.jpeg\",\"width\":805,\"height\":691,\"caption\":\"pompa ciep\u0142a z hydromasa\u017cem, baseny spa\"},{\"@type\":\"BreadcrumbList\",\"@id\":\"https:\/\/www.idol.cz\/pl\/produkt\/jacuzzi-pl\/inne-opcje-jacuzzi\/teplelne-cerpadlo-pro-virivky-swim-spa-bazeny-norm-mini-cube-35-kw-2\/#breadcrumb\",\"itemListElement\":[{\"@type\":\"ListItem\",\"position\":1,\"name\":\"Dom\u016f\",\"item\":\"https:\/\/www.idol.cz\/pl\/\"},{\"@type\":\"ListItem\",\"position\":2,\"name\":\"Pompy ciep\u0142a\",\"item\":\"https:\/\/www.idol.cz\/pl\/kategorie-produktu\/pompy-ciepla\/\"},{\"@type\":\"ListItem\",\"position\":3,\"name\":\"Pompa ciep\u0142a do jacuzzi, baseny spa. Norma mini kostki 3,5 kW\"}]},{\"@type\":\"WebSite\",\"@id\":\"\/#website\",\"url\":\"\/\",\"name\":\"v\u00ed\u0159ivky venkovn\u00ed, swim spa, baz\u00e9ny\",\"description\":\"Luxusn\u00ed \u010desk\u00e9 v\u00ed\u0159ivky a swim spa\",\"publisher\":{\"@id\":\"\/#organization\"},\"potentialAction\":[{\"@type\":\"SearchAction\",\"target\":{\"@type\":\"EntryPoint\",\"urlTemplate\":\"\/?s={search_term_string}\"},\"query-input\":{\"@type\":\"PropertyValueSpecification\",\"valueRequired\":true,\"valueName\":\"search_term_string\"}}],\"inLanguage\":\"pl-PL\"},{\"@type\":\"Organization\",\"@id\":\"\/#organization\",\"name\":\"IDOL SPAS, s.r.o.\",\"url\":\"\/\",\"logo\":{\"@type\":\"ImageObject\",\"inLanguage\":\"pl-PL\",\"@id\":\"\/#\/schema\/logo\/image\/\",\"url\":\"https:\/\/www.idol.cz\/wp-content\/uploads\/2020\/02\/idol-spas-logo.png\",\"contentUrl\":\"https:\/\/www.idol.cz\/wp-content\/uploads\/2020\/02\/idol-spas-logo.png\",\"width\":512,\"height\":206,\"caption\":\"IDOL SPAS, s.r.o.\"},\"image\":{\"@id\":\"\/#\/schema\/logo\/image\/\"},\"sameAs\":[\"https:\/\/www.facebook.com\/IdolSpas\/\"]}]}<\/script>\n<!-- \/ Yoast SEO Premium plugin. -->","yoast_head_json":{"title":"Pompa ciep\u0142a do jacuzzi, baseny spa. Norma mini kostki 3,5 kW | Wanny zewn\u0119trzne, K\u0105pielisko, Baseny","robots":{"index":"index","follow":"follow","max-snippet":"max-snippet:-1","max-image-preview":"max-image-preview:large","max-video-preview":"max-video-preview:-1"},"canonical":"https:\/\/www.idol.cz\/pl\/produkt\/jacuzzi-pl\/inne-opcje-jacuzzi\/teplelne-cerpadlo-pro-virivky-swim-spa-bazeny-norm-mini-cube-35-kw-2\/","og_locale":"pl_PL","og_type":"article","og_title":"Pompa ciep\u0142a do jacuzzi, baseny spa. Norma mini kostki 3,5 kW","og_description":"Pompa ciep\u0142a do jacuzzi, baseny k\u0105pielowe NORM MINI CUBE Dzi\u0119ki kompaktowym wymiarom i osi\u0105gom Norm MINI CUBE nadaje si\u0119 do stosowania w ma\u0142ych prywatnych basenach lub jacuzzi i basenach spa. Mo\u017ce by\u0107 zdalnie sterowany przez smartfon (Bluetooth) za pomoc\u0105 aplikacji &#8222;AQUA TEMP&#8221; C.O.P. do 4,9 Pompa ciep\u0142a mo\u017ce by\u0107 sterowana przez Bluetooth Temperatura pracy: +10 [&hellip;]","og_url":"https:\/\/www.idol.cz\/pl\/produkt\/jacuzzi-pl\/inne-opcje-jacuzzi\/teplelne-cerpadlo-pro-virivky-swim-spa-bazeny-norm-mini-cube-35-kw-2\/","og_site_name":"Wanny zewn\u0119trzne, K\u0105pielisko, Baseny","article_publisher":"https:\/\/www.facebook.com\/IdolSpas\/","og_image":[{"width":805,"height":691,"url":"https:\/\/www.idol.cz\/wp-content\/uploads\/2022\/06\/tepelne-cerpadlo-virivky-bazeny-swim-spa.jpeg","type":"image\/jpeg"}],"twitter_card":"summary_large_image","twitter_misc":{"Szacowany czas czytania":"1 minuta"},"schema":{"@context":"https:\/\/schema.org","@graph":[{"@type":"WebPage","@id":"https:\/\/www.idol.cz\/pl\/produkt\/jacuzzi-pl\/inne-opcje-jacuzzi\/teplelne-cerpadlo-pro-virivky-swim-spa-bazeny-norm-mini-cube-35-kw-2\/","url":"https:\/\/www.idol.cz\/pl\/produkt\/jacuzzi-pl\/inne-opcje-jacuzzi\/teplelne-cerpadlo-pro-virivky-swim-spa-bazeny-norm-mini-cube-35-kw-2\/","name":"Pompa ciep\u0142a do jacuzzi, baseny spa. Norma mini kostki 3,5 kW | Wanny zewn\u0119trzne, K\u0105pielisko, Baseny","isPartOf":{"@id":"\/#website"},"primaryImageOfPage":{"@id":"https:\/\/www.idol.cz\/pl\/produkt\/jacuzzi-pl\/inne-opcje-jacuzzi\/teplelne-cerpadlo-pro-virivky-swim-spa-bazeny-norm-mini-cube-35-kw-2\/#primaryimage"},"image":{"@id":"https:\/\/www.idol.cz\/pl\/produkt\/jacuzzi-pl\/inne-opcje-jacuzzi\/teplelne-cerpadlo-pro-virivky-swim-spa-bazeny-norm-mini-cube-35-kw-2\/#primaryimage"},"thumbnailUrl":"https:\/\/www.idol.cz\/wp-content\/uploads\/2022\/06\/tepelne-cerpadlo-virivky-bazeny-swim-spa.jpeg","datePublished":"2022-09-10T12:32:30+00:00","breadcrumb":{"@id":"https:\/\/www.idol.cz\/pl\/produkt\/jacuzzi-pl\/inne-opcje-jacuzzi\/teplelne-cerpadlo-pro-virivky-swim-spa-bazeny-norm-mini-cube-35-kw-2\/#breadcrumb"},"inLanguage":"pl-PL","potentialAction":[{"@type":"ReadAction","target":["https:\/\/www.idol.cz\/pl\/produkt\/jacuzzi-pl\/inne-opcje-jacuzzi\/teplelne-cerpadlo-pro-virivky-swim-spa-bazeny-norm-mini-cube-35-kw-2\/"]}]},{"@type":"ImageObject","inLanguage":"pl-PL","@id":"https:\/\/www.idol.cz\/pl\/produkt\/jacuzzi-pl\/inne-opcje-jacuzzi\/teplelne-cerpadlo-pro-virivky-swim-spa-bazeny-norm-mini-cube-35-kw-2\/#primaryimage","url":"https:\/\/www.idol.cz\/wp-content\/uploads\/2022\/06\/tepelne-cerpadlo-virivky-bazeny-swim-spa.jpeg","contentUrl":"https:\/\/www.idol.cz\/wp-content\/uploads\/2022\/06\/tepelne-cerpadlo-virivky-bazeny-swim-spa.jpeg","width":805,"height":691,"caption":"pompa ciep\u0142a z hydromasa\u017cem, baseny spa"},{"@type":"BreadcrumbList","@id":"https:\/\/www.idol.cz\/pl\/produkt\/jacuzzi-pl\/inne-opcje-jacuzzi\/teplelne-cerpadlo-pro-virivky-swim-spa-bazeny-norm-mini-cube-35-kw-2\/#breadcrumb","itemListElement":[{"@type":"ListItem","position":1,"name":"Dom\u016f","item":"https:\/\/www.idol.cz\/pl\/"},{"@type":"ListItem","position":2,"name":"Pompy ciep\u0142a","item":"https:\/\/www.idol.cz\/pl\/kategorie-produktu\/pompy-ciepla\/"},{"@type":"ListItem","position":3,"name":"Pompa ciep\u0142a do jacuzzi, baseny spa. Norma mini kostki 3,5 kW"}]},{"@type":"WebSite","@id":"\/#website","url":"\/","name":"v\u00ed\u0159ivky venkovn\u00ed, swim spa, baz\u00e9ny","description":"Luxusn\u00ed \u010desk\u00e9 v\u00ed\u0159ivky a swim spa","publisher":{"@id":"\/#organization"},"potentialAction":[{"@type":"SearchAction","target":{"@type":"EntryPoint","urlTemplate":"\/?s={search_term_string}"},"query-input":{"@type":"PropertyValueSpecification","valueRequired":true,"valueName":"search_term_string"}}],"inLanguage":"pl-PL"},{"@type":"Organization","@id":"\/#organization","name":"IDOL SPAS, s.r.o.","url":"\/","logo":{"@type":"ImageObject","inLanguage":"pl-PL","@id":"\/#\/schema\/logo\/image\/","url":"https:\/\/www.idol.cz\/wp-content\/uploads\/2020\/02\/idol-spas-logo.png","contentUrl":"https:\/\/www.idol.cz\/wp-content\/uploads\/2020\/02\/idol-spas-logo.png","width":512,"height":206,"caption":"IDOL SPAS, s.r.o."},"image":{"@id":"\/#\/schema\/logo\/image\/"},"sameAs":["https:\/\/www.facebook.com\/IdolSpas\/"]}]}},"_links":{"self":[{"href":"https:\/\/www.idol.cz\/pl\/wp-json\/wp\/v2\/product\/20195"}],"collection":[{"href":"https:\/\/www.idol.cz\/pl\/wp-json\/wp\/v2\/product"}],"about":[{"href":"https:\/\/www.idol.cz\/pl\/wp-json\/wp\/v2\/types\/product"}],"wp:featuredmedia":[{"embeddable":true,"href":"https:\/\/www.idol.cz\/pl\/wp-json\/wp\/v2\/media\/19405"}],"wp:attachment":[{"href":"https:\/\/www.idol.cz\/pl\/wp-json\/wp\/v2\/media?parent=20195"}],"wp:term":[{"taxonomy":"product_cat","embeddable":true,"href":"https:\/\/www.idol.cz\/pl\/wp-json\/wp\/v2\/product_cat?post=20195"},{"taxonomy":"product_tag","embeddable":true,"href":"https:\/\/www.idol.cz\/pl\/wp-json\/wp\/v2\/product_tag?post=20195"}],"curies":[{"name":"wp","href":"https:\/\/api.w.org\/{rel}","templated":true}]}}