{"id":20214,"date":"2022-06-04T14:49:07","date_gmt":"2022-09-10T12:32:39","guid":{"rendered":"https:\/\/www.idol.cz\/produkt\/bez-kategorii\/pompa-ciepla-do-jacuzzi-baseny-spa-norma-5kw\/"},"modified":"2022-09-10T14:32:39","modified_gmt":"2022-09-10T12:32:39","slug":"teplelne-cerpadlo-pro-virivky-swim-spa-bazeny-norm-5kw-2","status":"publish","type":"product","link":"https:\/\/www.idol.cz\/pl\/produkt\/pompy-ciepla\/teplelne-cerpadlo-pro-virivky-swim-spa-bazeny-norm-5kw-2\/","title":{"rendered":"Pompa ciep\u0142a do jacuzzi, baseny spa. Norma 5kw"},"content":{"rendered":"<p>Pompa ciep\u0142a; Kolor: Bia\u0142y ; Materia\u0142: Stal platerowana; Moc cieplna: 5kW; Ch\u0142odzenie: Tak; Zalecana obj\u0119to\u015b\u0107 basenu: &lt; 25 m3; Przy\u0142\u0105cze: 50 mm; Rozmra\u017canie: Tak; Zastosowany czynnik ch\u0142odniczy: R32 ; Napi\u0119cie: 230V; Wydajno\u015b\u0107: 5,2 C.O.P.<\/p>\n<p><strong>Nowa konstrukcja pompy ciep\u0142a NORM &#8211; zamiast plastikowego &#8222;podwozia&#8221; zastosowano stal platerowan\u0105 i zastosowano czynnik ch\u0142odniczy R32.<\/strong><\/p>\n<p>Basenowa pompa ciep\u0142a <strong>NORM<\/strong> oferuje wysokie oszcz\u0119dno\u015bci energii w por\u00f3wnaniu z tradycyjnymi metodami ogrzewania basenu. R\u00f3\u017cnica polega na wysokiej <strong>oszcz\u0119dno\u015bci energii<\/strong> poprzez odprowadzanie ciep\u0142a z powietrza.<\/p>\n<p>Zasada ekstrakcji ciep\u0142a powietrznej pompy ciep\u0142a polega na przekazywaniu energii cieplnej z powietrza do przech\u0142odzonego czynnika ch\u0142odniczego wewn\u0105trz pompy ciep\u0142a. \u015aciskanie czynnika ch\u0142odniczego za pomoc\u0105 spr\u0119\u017carki wytwarza ciep\u0142o, kt\u00f3re wykorzystujemy do podgrzewania wody w basenie.<\/p>\n<table border=\"1\" width=\"1083\" cellspacing=\"0\" cellpadding=\"0\">\n<colgroup>\n<col>\n<col><\/colgroup>\n<tbody>\n<tr>\n<td colspan=\"2\"><strong>Moc cieplna: Powietrze 27 \u00b0C \/ Woda 26 \u00b0C \/ Wilgotno\u015b\u0107 80 %<\/strong><\/td>\n<\/tr>\n<tr>\n<td height=\"21\">Moc cieplna (kW<\/td>\n<td>5<\/td>\n<\/tr>\n<tr>\n<td height=\"21\">C.O.P.<\/td>\n<td>5,2<\/td>\n<\/tr>\n<tr>\n<td height=\"21\">Pob\u00f3r mocy (kW)<\/td>\n<td>0,96<\/td>\n<\/tr>\n<tr>\n<td colspan=\"2\"><strong>Moc cieplna: Powietrze 24 \u00b0C \/ Woda 26 \u00b0C \/ Wilgotno\u015b\u0107 62 %<\/strong><\/td>\n<\/tr>\n<tr>\n<td height=\"21\">Moc cieplna (kW<\/td>\n<td>4,4<\/td>\n<\/tr>\n<tr>\n<td height=\"21\">C.O.P.<\/td>\n<td>4,8<\/td>\n<\/tr>\n<tr>\n<td height=\"21\">Pob\u00f3r mocy (kW)<\/td>\n<td>0,91<\/td>\n<\/tr>\n<tr>\n<td colspan=\"2\"><strong>Moc cieplna: Powietrze 15 \u00b0C \/ Woda 26 \u00b0C \/ Wilgotno\u015b\u0107 70 %<\/strong><\/td>\n<\/tr>\n<tr>\n<td height=\"21\">Moc cieplna (kW<\/td>\n<td>3,4<\/td>\n<\/tr>\n<tr>\n<td height=\"21\">C.O.P.<\/td>\n<td>3,8<\/td>\n<\/tr>\n<tr>\n<td height=\"21\">Pob\u00f3r mocy (kW)<\/td>\n<td>0,9<\/td>\n<\/tr>\n<\/tbody>\n<\/table>\n<p>&nbsp;<\/p>\n<h2>Parametry techniczne<\/h2>\n<table id=\"techparams\" class=\"webproduct_ltext_table\">\n<tbody>\n<tr>\n<th>Typ produktu:<\/th>\n<td>Pompa ciep\u0142a do jacuzzi i basen\u00f3w spa<\/td>\n<\/tr>\n<tr>\n<th>Kolor:<\/th>\n<td>Bia\u0142y<\/td>\n<\/tr>\n<tr>\n<th>Materia\u0142:<\/th>\n<td>Stal platerowana<\/td>\n<\/tr>\n<tr>\n<th>Moc cieplna:<\/th>\n<td>5 KW<\/td>\n<\/tr>\n<tr>\n<th>Ch\u0142odzenie:<\/th>\n<td>Tak<\/td>\n<\/tr>\n<tr>\n<th>Zalecana obj\u0119to\u015b\u0107 basenu:<\/th>\n<td>&lt;  25 m3<\/td>\n<\/tr>\n<tr>\n<th>Po\u0142\u0105czenie:<\/th>\n<td>50 mm<\/td>\n<\/tr>\n<tr>\n<th>Rozmra\u017cania:<\/th>\n<td>Tak<\/td>\n<\/tr>\n<tr>\n<th>Zastosowany czynnik ch\u0142odniczy:<\/th>\n<td>R32<\/td>\n<\/tr>\n<tr>\n<th>Napi\u0119cie:<\/th>\n<td>230 V<\/td>\n<\/tr>\n<tr>\n<th>Skuteczno\u015b\u0107:<\/th>\n<td>5.2 C.O.P.<\/td>\n<\/tr>\n<tr>\n<th>Materia\u0142 korpusu:<\/th>\n<td>Stal platerowana<\/td>\n<\/tr>\n<tr>\n<th>Okres gwarancji:<\/th>\n<td>2 lata<\/td>\n<\/tr>\n<tr>\n<th>Dla s\u0142onej wody powy\u017cej 5 g\/l (&gt;0,5%):<\/th>\n<td>Tak<\/td>\n<\/tr>\n<tr>\n<th>El. zaw\u00f3r rozpr\u0119\u017cny:<\/th>\n<td>Tak<\/td>\n<\/tr>\n<tr>\n<th>Spr\u0119\u017carka:<\/th>\n<td>Wbudowany obrotowy<\/td>\n<\/tr>\n<tr>\n<th>Waga netto\/transportowa kg:<\/th>\n<td>52 kg<\/td>\n<\/tr>\n<tr>\n<th>Moc:<\/th>\n<td>0,96 kW<\/td>\n<\/tr>\n<tr>\n<th>Ha\u0142as:<\/th>\n<td>&lt;51 dB<\/td>\n<\/tr>\n<tr>\n<th>Temperatura:<\/th>\n<td>Od -7 do +43 \u00b0C<\/td>\n<\/tr>\n<tr>\n<th>Monitorowanie przep\u0142ywu:<\/th>\n<td>Tak<\/td>\n<\/tr>\n<tr>\n<th>Posiadaczy:<\/th>\n<td>Nie<\/td>\n<\/tr>\n<tr>\n<th>Materia\u0142 spiralny:<\/th>\n<td>Tytan<\/td>\n<\/tr>\n<tr>\n<th>Dla wody morskiej:<\/th>\n<td>Tak<\/td>\n<\/tr>\n<tr>\n<th>Max. Temperatura pracy:<\/th>\n<td>43 \u00b0C<\/td>\n<\/tr>\n<tr>\n<th>Obw\u00f3d ci\u015bnieniowy spawany srebrem:<\/th>\n<td>Tak<\/td>\n<\/tr>\n<tr>\n<th>\u0141atwa instalacja:<\/th>\n<td>Tak<\/td>\n<\/tr>\n<tr>\n<th>Wydajno\u015b\u0107:<\/th>\n<td>6 kW<\/td>\n<\/tr>\n<tr>\n<th>P\u0142yn\u0105\u0107:<\/th>\n<td>2,2 m3\/h<\/td>\n<\/tr>\n<tr>\n<th>Wymiennik ciep\u0142a:<\/th>\n<td>Tytan<\/td>\n<\/tr>\n<tr>\n<th>Zalecany przep\u0142yw wody:<\/th>\n<td>4-12 m3\/h<\/td>\n<\/tr>\n<tr>\n<th>Cyfrowy panel sterowania:<\/th>\n<td>Tak<\/td>\n<\/tr>\n<\/tbody>\n<\/table>\n","protected":false},"excerpt":{"rendered":"<p>Pompa ciep\u0142a; Kolor: Bia\u0142y ; Materia\u0142: Stal platerowana; Moc cieplna: 5kW; Ch\u0142odzenie: Tak; Zalecana obj\u0119to\u015b\u0107 basenu: &lt; 25 m3; Przy\u0142\u0105cze: 50 mm; Rozmra\u017canie: Tak; Zastosowany czynnik ch\u0142odniczy: R32 ; Napi\u0119cie: 230V; Wydajno\u015b\u0107: 5,2 C.O.P. Nowa konstrukcja pompy ciep\u0142a NORM &#8211; zamiast plastikowego &#8222;podwozia&#8221; zastosowano stal platerowan\u0105 i zastosowano czynnik ch\u0142odniczy R32. Basenowa pompa ciep\u0142a NORM [&hellip;]<\/p>\n","protected":false},"featured_media":19446,"template":"","meta":[],"product_cat":[320],"product_tag":[],"class_list":{"0":"post-20214","1":"product","2":"type-product","3":"status-publish","4":"has-post-thumbnail","6":"product_cat-pompy-ciepla","8":"first","9":"instock","10":"taxable","11":"shipping-taxable","12":"purchasable","13":"product-type-simple"},"yoast_head":"<!-- This site is optimized with the Yoast SEO Premium plugin v24.9 (Yoast SEO v24.9) - https:\/\/yoast.com\/wordpress\/plugins\/seo\/ -->\n<title>Pompa ciep\u0142a do jacuzzi, baseny spa. Norma 5kw | Wanny zewn\u0119trzne, K\u0105pielisko, Baseny<\/title>\n<meta name=\"description\" content=\"Pompa ciep\u0142a do jacuzzi i basen\u00f3w spa. Oszcz\u0119dno\u015b\u0107 energii.\" \/>\n<meta name=\"robots\" content=\"index, follow, max-snippet:-1, max-image-preview:large, max-video-preview:-1\" \/>\n<link rel=\"canonical\" href=\"https:\/\/www.idol.cz\/pl\/produkt\/pompy-ciepla\/teplelne-cerpadlo-pro-virivky-swim-spa-bazeny-norm-5kw-2\/\" \/>\n<meta property=\"og:locale\" content=\"pl_PL\" \/>\n<meta property=\"og:type\" content=\"article\" \/>\n<meta property=\"og:title\" content=\"Pompa ciep\u0142a do jacuzzi, baseny spa. Norma 5kw\" \/>\n<meta property=\"og:description\" content=\"Pompa ciep\u0142a do jacuzzi i basen\u00f3w spa. Oszcz\u0119dno\u015b\u0107 energii.\" \/>\n<meta property=\"og:url\" content=\"https:\/\/www.idol.cz\/pl\/produkt\/pompy-ciepla\/teplelne-cerpadlo-pro-virivky-swim-spa-bazeny-norm-5kw-2\/\" \/>\n<meta property=\"og:site_name\" content=\"Wanny zewn\u0119trzne, K\u0105pielisko, Baseny\" \/>\n<meta property=\"article:publisher\" content=\"https:\/\/www.facebook.com\/IdolSpas\/\" \/>\n<meta property=\"og:image\" content=\"https:\/\/www.idol.cz\/wp-content\/uploads\/2022\/06\/normfront-virivky-swim-spa.jpeg\" \/>\n\t<meta property=\"og:image:width\" content=\"1280\" \/>\n\t<meta property=\"og:image:height\" content=\"919\" \/>\n\t<meta property=\"og:image:type\" content=\"image\/jpeg\" \/>\n<meta name=\"twitter:card\" content=\"summary_large_image\" \/>\n<meta name=\"twitter:label1\" content=\"Szacowany czas czytania\" \/>\n\t<meta name=\"twitter:data1\" content=\"2 minuty\" \/>\n<script type=\"application\/ld+json\" class=\"yoast-schema-graph\">{\"@context\":\"https:\/\/schema.org\",\"@graph\":[{\"@type\":\"WebPage\",\"@id\":\"https:\/\/www.idol.cz\/pl\/produkt\/pompy-ciepla\/teplelne-cerpadlo-pro-virivky-swim-spa-bazeny-norm-5kw-2\/\",\"url\":\"https:\/\/www.idol.cz\/pl\/produkt\/pompy-ciepla\/teplelne-cerpadlo-pro-virivky-swim-spa-bazeny-norm-5kw-2\/\",\"name\":\"Pompa ciep\u0142a do jacuzzi, baseny spa. Norma 5kw | Wanny zewn\u0119trzne, K\u0105pielisko, Baseny\",\"isPartOf\":{\"@id\":\"https:\/\/www.idol.cz\/pl\/#website\"},\"primaryImageOfPage\":{\"@id\":\"https:\/\/www.idol.cz\/pl\/produkt\/pompy-ciepla\/teplelne-cerpadlo-pro-virivky-swim-spa-bazeny-norm-5kw-2\/#primaryimage\"},\"image\":{\"@id\":\"https:\/\/www.idol.cz\/pl\/produkt\/pompy-ciepla\/teplelne-cerpadlo-pro-virivky-swim-spa-bazeny-norm-5kw-2\/#primaryimage\"},\"thumbnailUrl\":\"https:\/\/www.idol.cz\/wp-content\/uploads\/2022\/06\/normfront-virivky-swim-spa-e1703950012867.jpeg\",\"datePublished\":\"2022-09-10T12:32:39+00:00\",\"description\":\"Pompa ciep\u0142a do jacuzzi i basen\u00f3w spa. Oszcz\u0119dno\u015b\u0107 energii.\",\"breadcrumb\":{\"@id\":\"https:\/\/www.idol.cz\/pl\/produkt\/pompy-ciepla\/teplelne-cerpadlo-pro-virivky-swim-spa-bazeny-norm-5kw-2\/#breadcrumb\"},\"inLanguage\":\"pl-PL\",\"potentialAction\":[{\"@type\":\"ReadAction\",\"target\":[\"https:\/\/www.idol.cz\/pl\/produkt\/pompy-ciepla\/teplelne-cerpadlo-pro-virivky-swim-spa-bazeny-norm-5kw-2\/\"]}]},{\"@type\":\"ImageObject\",\"inLanguage\":\"pl-PL\",\"@id\":\"https:\/\/www.idol.cz\/pl\/produkt\/pompy-ciepla\/teplelne-cerpadlo-pro-virivky-swim-spa-bazeny-norm-5kw-2\/#primaryimage\",\"url\":\"https:\/\/www.idol.cz\/wp-content\/uploads\/2022\/06\/normfront-virivky-swim-spa-e1703950012867.jpeg\",\"contentUrl\":\"https:\/\/www.idol.cz\/wp-content\/uploads\/2022\/06\/normfront-virivky-swim-spa-e1703950012867.jpeg\",\"width\":1280,\"height\":919,\"caption\":\"pompa ciep\u0142a z hydromasa\u017cem, baseny spa z p\u0142ywakami pingwin\u00f3w\"},{\"@type\":\"BreadcrumbList\",\"@id\":\"https:\/\/www.idol.cz\/pl\/produkt\/pompy-ciepla\/teplelne-cerpadlo-pro-virivky-swim-spa-bazeny-norm-5kw-2\/#breadcrumb\",\"itemListElement\":[{\"@type\":\"ListItem\",\"position\":1,\"name\":\"Dom\u016f\",\"item\":\"https:\/\/www.idol.cz\/pl\/\"},{\"@type\":\"ListItem\",\"position\":2,\"name\":\"Sklep internetowy\",\"item\":\"https:\/\/www.idol.cz\/pl\/sklep-internetowy\/\"},{\"@type\":\"ListItem\",\"position\":3,\"name\":\"E-shop\",\"item\":\"https:\/\/www.idol.cz\/kategorie-produktu\/e-shop\/\"},{\"@type\":\"ListItem\",\"position\":4,\"name\":\"P\u0159\u00edslu\u0161enstv\u00ed k v\u00ed\u0159ivk\u00e1m a baz\u00e9n\u016fm.\",\"item\":\"https:\/\/www.idol.cz\/kategorie-produktu\/e-shop\/prislusenstvi-k-virivkam-a-bazenum\/\"},{\"@type\":\"ListItem\",\"position\":5,\"name\":\"Pompy ciep\u0142a\",\"item\":\"https:\/\/www.idol.cz\/pl\/kategorie-produktu\/pompy-ciepla\/\"},{\"@type\":\"ListItem\",\"position\":6,\"name\":\"Pompa ciep\u0142a do jacuzzi, baseny spa. Norma 5kw\"}]},{\"@type\":\"WebSite\",\"@id\":\"https:\/\/www.idol.cz\/pl\/#website\",\"url\":\"https:\/\/www.idol.cz\/pl\/\",\"name\":\"v\u00ed\u0159ivky venkovn\u00ed, swim spa, baz\u00e9ny\",\"description\":\"Luxusn\u00ed \u010desk\u00e9 v\u00ed\u0159ivky a swim spa\",\"publisher\":{\"@id\":\"https:\/\/www.idol.cz\/pl\/#organization\"},\"potentialAction\":[{\"@type\":\"SearchAction\",\"target\":{\"@type\":\"EntryPoint\",\"urlTemplate\":\"https:\/\/www.idol.cz\/pl\/?s={search_term_string}\"},\"query-input\":{\"@type\":\"PropertyValueSpecification\",\"valueRequired\":true,\"valueName\":\"search_term_string\"}}],\"inLanguage\":\"pl-PL\"},{\"@type\":\"Organization\",\"@id\":\"https:\/\/www.idol.cz\/pl\/#organization\",\"name\":\"IDOL SPAS, s.r.o.\",\"url\":\"https:\/\/www.idol.cz\/pl\/\",\"logo\":{\"@type\":\"ImageObject\",\"inLanguage\":\"pl-PL\",\"@id\":\"https:\/\/www.idol.cz\/pl\/#\/schema\/logo\/image\/\",\"url\":\"https:\/\/www.idol.cz\/wp-content\/uploads\/2020\/02\/idol-spas-logo.png\",\"contentUrl\":\"https:\/\/www.idol.cz\/wp-content\/uploads\/2020\/02\/idol-spas-logo.png\",\"width\":512,\"height\":206,\"caption\":\"IDOL SPAS, s.r.o.\"},\"image\":{\"@id\":\"https:\/\/www.idol.cz\/pl\/#\/schema\/logo\/image\/\"},\"sameAs\":[\"https:\/\/www.facebook.com\/IdolSpas\/\"]}]}<\/script>\n<!-- \/ Yoast SEO Premium plugin. -->","yoast_head_json":{"title":"Pompa ciep\u0142a do jacuzzi, baseny spa. Norma 5kw | Wanny zewn\u0119trzne, K\u0105pielisko, Baseny","description":"Pompa ciep\u0142a do jacuzzi i basen\u00f3w spa. Oszcz\u0119dno\u015b\u0107 energii.","robots":{"index":"index","follow":"follow","max-snippet":"max-snippet:-1","max-image-preview":"max-image-preview:large","max-video-preview":"max-video-preview:-1"},"canonical":"https:\/\/www.idol.cz\/pl\/produkt\/pompy-ciepla\/teplelne-cerpadlo-pro-virivky-swim-spa-bazeny-norm-5kw-2\/","og_locale":"pl_PL","og_type":"article","og_title":"Pompa ciep\u0142a do jacuzzi, baseny spa. Norma 5kw","og_description":"Pompa ciep\u0142a do jacuzzi i basen\u00f3w spa. Oszcz\u0119dno\u015b\u0107 energii.","og_url":"https:\/\/www.idol.cz\/pl\/produkt\/pompy-ciepla\/teplelne-cerpadlo-pro-virivky-swim-spa-bazeny-norm-5kw-2\/","og_site_name":"Wanny zewn\u0119trzne, K\u0105pielisko, Baseny","article_publisher":"https:\/\/www.facebook.com\/IdolSpas\/","og_image":[{"width":1280,"height":919,"url":"https:\/\/www.idol.cz\/wp-content\/uploads\/2022\/06\/normfront-virivky-swim-spa.jpeg","type":"image\/jpeg"}],"twitter_card":"summary_large_image","twitter_misc":{"Szacowany czas czytania":"2 minuty"},"schema":{"@context":"https:\/\/schema.org","@graph":[{"@type":"WebPage","@id":"https:\/\/www.idol.cz\/pl\/produkt\/pompy-ciepla\/teplelne-cerpadlo-pro-virivky-swim-spa-bazeny-norm-5kw-2\/","url":"https:\/\/www.idol.cz\/pl\/produkt\/pompy-ciepla\/teplelne-cerpadlo-pro-virivky-swim-spa-bazeny-norm-5kw-2\/","name":"Pompa ciep\u0142a do jacuzzi, baseny spa. Norma 5kw | Wanny zewn\u0119trzne, K\u0105pielisko, Baseny","isPartOf":{"@id":"https:\/\/www.idol.cz\/pl\/#website"},"primaryImageOfPage":{"@id":"https:\/\/www.idol.cz\/pl\/produkt\/pompy-ciepla\/teplelne-cerpadlo-pro-virivky-swim-spa-bazeny-norm-5kw-2\/#primaryimage"},"image":{"@id":"https:\/\/www.idol.cz\/pl\/produkt\/pompy-ciepla\/teplelne-cerpadlo-pro-virivky-swim-spa-bazeny-norm-5kw-2\/#primaryimage"},"thumbnailUrl":"https:\/\/www.idol.cz\/wp-content\/uploads\/2022\/06\/normfront-virivky-swim-spa-e1703950012867.jpeg","datePublished":"2022-09-10T12:32:39+00:00","description":"Pompa ciep\u0142a do jacuzzi i basen\u00f3w spa. Oszcz\u0119dno\u015b\u0107 energii.","breadcrumb":{"@id":"https:\/\/www.idol.cz\/pl\/produkt\/pompy-ciepla\/teplelne-cerpadlo-pro-virivky-swim-spa-bazeny-norm-5kw-2\/#breadcrumb"},"inLanguage":"pl-PL","potentialAction":[{"@type":"ReadAction","target":["https:\/\/www.idol.cz\/pl\/produkt\/pompy-ciepla\/teplelne-cerpadlo-pro-virivky-swim-spa-bazeny-norm-5kw-2\/"]}]},{"@type":"ImageObject","inLanguage":"pl-PL","@id":"https:\/\/www.idol.cz\/pl\/produkt\/pompy-ciepla\/teplelne-cerpadlo-pro-virivky-swim-spa-bazeny-norm-5kw-2\/#primaryimage","url":"https:\/\/www.idol.cz\/wp-content\/uploads\/2022\/06\/normfront-virivky-swim-spa-e1703950012867.jpeg","contentUrl":"https:\/\/www.idol.cz\/wp-content\/uploads\/2022\/06\/normfront-virivky-swim-spa-e1703950012867.jpeg","width":1280,"height":919,"caption":"pompa ciep\u0142a z hydromasa\u017cem, baseny spa z p\u0142ywakami pingwin\u00f3w"},{"@type":"BreadcrumbList","@id":"https:\/\/www.idol.cz\/pl\/produkt\/pompy-ciepla\/teplelne-cerpadlo-pro-virivky-swim-spa-bazeny-norm-5kw-2\/#breadcrumb","itemListElement":[{"@type":"ListItem","position":1,"name":"Dom\u016f","item":"https:\/\/www.idol.cz\/pl\/"},{"@type":"ListItem","position":2,"name":"Sklep internetowy","item":"https:\/\/www.idol.cz\/pl\/sklep-internetowy\/"},{"@type":"ListItem","position":3,"name":"E-shop","item":"https:\/\/www.idol.cz\/kategorie-produktu\/e-shop\/"},{"@type":"ListItem","position":4,"name":"P\u0159\u00edslu\u0161enstv\u00ed k v\u00ed\u0159ivk\u00e1m a baz\u00e9n\u016fm.","item":"https:\/\/www.idol.cz\/kategorie-produktu\/e-shop\/prislusenstvi-k-virivkam-a-bazenum\/"},{"@type":"ListItem","position":5,"name":"Pompy ciep\u0142a","item":"https:\/\/www.idol.cz\/pl\/kategorie-produktu\/pompy-ciepla\/"},{"@type":"ListItem","position":6,"name":"Pompa ciep\u0142a do jacuzzi, baseny spa. Norma 5kw"}]},{"@type":"WebSite","@id":"https:\/\/www.idol.cz\/pl\/#website","url":"https:\/\/www.idol.cz\/pl\/","name":"v\u00ed\u0159ivky venkovn\u00ed, swim spa, baz\u00e9ny","description":"Luxusn\u00ed \u010desk\u00e9 v\u00ed\u0159ivky a swim spa","publisher":{"@id":"https:\/\/www.idol.cz\/pl\/#organization"},"potentialAction":[{"@type":"SearchAction","target":{"@type":"EntryPoint","urlTemplate":"https:\/\/www.idol.cz\/pl\/?s={search_term_string}"},"query-input":{"@type":"PropertyValueSpecification","valueRequired":true,"valueName":"search_term_string"}}],"inLanguage":"pl-PL"},{"@type":"Organization","@id":"https:\/\/www.idol.cz\/pl\/#organization","name":"IDOL SPAS, s.r.o.","url":"https:\/\/www.idol.cz\/pl\/","logo":{"@type":"ImageObject","inLanguage":"pl-PL","@id":"https:\/\/www.idol.cz\/pl\/#\/schema\/logo\/image\/","url":"https:\/\/www.idol.cz\/wp-content\/uploads\/2020\/02\/idol-spas-logo.png","contentUrl":"https:\/\/www.idol.cz\/wp-content\/uploads\/2020\/02\/idol-spas-logo.png","width":512,"height":206,"caption":"IDOL SPAS, s.r.o."},"image":{"@id":"https:\/\/www.idol.cz\/pl\/#\/schema\/logo\/image\/"},"sameAs":["https:\/\/www.facebook.com\/IdolSpas\/"]}]}},"_links":{"self":[{"href":"https:\/\/www.idol.cz\/pl\/wp-json\/wp\/v2\/product\/20214"}],"collection":[{"href":"https:\/\/www.idol.cz\/pl\/wp-json\/wp\/v2\/product"}],"about":[{"href":"https:\/\/www.idol.cz\/pl\/wp-json\/wp\/v2\/types\/product"}],"wp:featuredmedia":[{"embeddable":true,"href":"https:\/\/www.idol.cz\/pl\/wp-json\/wp\/v2\/media\/19446"}],"wp:attachment":[{"href":"https:\/\/www.idol.cz\/pl\/wp-json\/wp\/v2\/media?parent=20214"}],"wp:term":[{"taxonomy":"product_cat","embeddable":true,"href":"https:\/\/www.idol.cz\/pl\/wp-json\/wp\/v2\/product_cat?post=20214"},{"taxonomy":"product_tag","embeddable":true,"href":"https:\/\/www.idol.cz\/pl\/wp-json\/wp\/v2\/product_tag?post=20214"}],"curies":[{"name":"wp","href":"https:\/\/api.w.org\/{rel}","templated":true}]}}