{"id":21034,"date":"2025-03-08T15:23:17","date_gmt":"2022-10-03T10:07:52","guid":{"rendered":"https:\/\/www.idol.cz\/produkt\/bez-kategorii\/rodzina-nela\/"},"modified":"2022-10-03T12:07:52","modified_gmt":"2022-10-03T10:07:52","slug":"rodzina-nela","status":"publish","type":"product","link":"https:\/\/www.idol.cz\/pl\/produkt\/jacuzzi-pl\/rodzina-nela\/","title":{"rendered":"Rodzina Nela"},"content":{"rendered":"<h3>Luksusowa wanna z hydromasa\u017cem Nela Family<\/h3>\n<ul>\n<li>Wanna z hydromasa\u017cem dla maksymalnie <strong>3 os\u00f3b<\/strong><\/li>\n<li>Najwy\u017cszej jako\u015bci sprz\u0119t wiod\u0105cych \u015bwiatowych producent\u00f3w<\/li>\n<li>Regulowane dysze obrotowe i proste firmy CMP<\/li>\n<li>Najwy\u017cszej klasy system sterowania Gecko i centrala Gecko in.k500 z intuicyjn\u0105 obs\u0142ug\u0105<\/li>\n<li>Kolory os\u0142ony termicznej i ok\u0142adziny do wyboru<\/li>\n<li><strong>Czas dostawy nowej wanny z hydromasa\u017cem tylko 5-30 dni roboczych!<\/strong><\/li>\n<\/ul>\n","protected":false},"excerpt":{"rendered":"<h2>Najnowszy design i wspania\u0142e linie<\/h2>\n","protected":false},"featured_media":20978,"template":"","meta":[],"product_cat":[290],"product_tag":[],"class_list":{"0":"post-21034","1":"product","2":"type-product","3":"status-publish","4":"has-post-thumbnail","6":"product_cat-jacuzzi-pl","8":"first","9":"instock","10":"sale","11":"taxable","12":"shipping-taxable","13":"purchasable","14":"product-type-simple"},"yoast_head":"<!-- This site is optimized with the Yoast SEO Premium plugin v24.9 (Yoast SEO v24.9) - https:\/\/yoast.com\/wordpress\/plugins\/seo\/ -->\n<title>Rodzina Nela \u2013 luxury outdoor whirlpool | Wanny zewn\u0119trzne, K\u0105pielisko, Baseny<\/title>\n<meta name=\"description\" content=\"Wersja outdoor whirlpool Nela dla maksymalnie 3 os\u00f3b, nadaje si\u0119 do okablowania na 230 V. Luksusowy czeski zewn\u0119trzny ogr\u00f3d whirlpool tanio w akcji sprzeda\u017c Praga.\" \/>\n<meta name=\"robots\" content=\"index, follow, max-snippet:-1, max-image-preview:large, max-video-preview:-1\" \/>\n<link rel=\"canonical\" href=\"https:\/\/www.idol.cz\/pl\/produkt\/jacuzzi-pl\/rodzina-nela\/\" \/>\n<meta property=\"og:locale\" content=\"pl_PL\" \/>\n<meta property=\"og:type\" content=\"article\" \/>\n<meta property=\"og:title\" content=\"Rodzina Nela\" \/>\n<meta property=\"og:description\" content=\"Wersja outdoor whirlpool Nela dla maksymalnie 3 os\u00f3b, nadaje si\u0119 do okablowania na 230 V. Luksusowy czeski zewn\u0119trzny ogr\u00f3d whirlpool tanio w akcji sprzeda\u017c Praga.\" \/>\n<meta property=\"og:url\" content=\"https:\/\/www.idol.cz\/pl\/produkt\/jacuzzi-pl\/rodzina-nela\/\" \/>\n<meta property=\"og:site_name\" content=\"Wanny zewn\u0119trzne, K\u0105pielisko, Baseny\" \/>\n<meta property=\"article:publisher\" content=\"https:\/\/www.facebook.com\/IdolSpas\/\" \/>\n<meta property=\"og:image\" content=\"https:\/\/www.idol.cz\/wp-content\/uploads\/2018\/11\/idol-spas-luxusni-virivky-nela-lite-fb.jpg\" \/>\n<meta name=\"twitter:card\" content=\"summary_large_image\" \/>\n<script type=\"application\/ld+json\" class=\"yoast-schema-graph\">{\"@context\":\"https:\/\/schema.org\",\"@graph\":[{\"@type\":\"WebPage\",\"@id\":\"https:\/\/www.idol.cz\/pl\/produkt\/jacuzzi-pl\/rodzina-nela\/\",\"url\":\"https:\/\/www.idol.cz\/pl\/produkt\/jacuzzi-pl\/rodzina-nela\/\",\"name\":\"Rodzina Nela \u2013 luxury outdoor whirlpool | Wanny zewn\u0119trzne, K\u0105pielisko, Baseny\",\"isPartOf\":{\"@id\":\"https:\/\/www.idol.cz\/pl\/#website\"},\"primaryImageOfPage\":{\"@id\":\"https:\/\/www.idol.cz\/pl\/produkt\/jacuzzi-pl\/rodzina-nela\/#primaryimage\"},\"image\":{\"@id\":\"https:\/\/www.idol.cz\/pl\/produkt\/jacuzzi-pl\/rodzina-nela\/#primaryimage\"},\"thumbnailUrl\":\"https:\/\/www.idol.cz\/wp-content\/uploads\/2020\/04\/idol-spas-nela-family-01.jpg\",\"datePublished\":\"2022-10-03T10:07:52+00:00\",\"description\":\"Wersja outdoor whirlpool Nela dla maksymalnie 3 os\u00f3b, nadaje si\u0119 do okablowania na 230 V. Luksusowy czeski zewn\u0119trzny ogr\u00f3d whirlpool tanio w akcji sprzeda\u017c Praga.\",\"breadcrumb\":{\"@id\":\"https:\/\/www.idol.cz\/pl\/produkt\/jacuzzi-pl\/rodzina-nela\/#breadcrumb\"},\"inLanguage\":\"pl-PL\",\"potentialAction\":[{\"@type\":\"ReadAction\",\"target\":[\"https:\/\/www.idol.cz\/pl\/produkt\/jacuzzi-pl\/rodzina-nela\/\"]}]},{\"@type\":\"ImageObject\",\"inLanguage\":\"pl-PL\",\"@id\":\"https:\/\/www.idol.cz\/pl\/produkt\/jacuzzi-pl\/rodzina-nela\/#primaryimage\",\"url\":\"https:\/\/www.idol.cz\/wp-content\/uploads\/2020\/04\/idol-spas-nela-family-01.jpg\",\"contentUrl\":\"https:\/\/www.idol.cz\/wp-content\/uploads\/2020\/04\/idol-spas-nela-family-01.jpg\",\"width\":1080,\"height\":1080},{\"@type\":\"BreadcrumbList\",\"@id\":\"https:\/\/www.idol.cz\/pl\/produkt\/jacuzzi-pl\/rodzina-nela\/#breadcrumb\",\"itemListElement\":[{\"@type\":\"ListItem\",\"position\":1,\"name\":\"Dom\u016f\",\"item\":\"https:\/\/www.idol.cz\/pl\/\"},{\"@type\":\"ListItem\",\"position\":2,\"name\":\"Sklep internetowy\",\"item\":\"https:\/\/www.idol.cz\/pl\/sklep-internetowy\/\"},{\"@type\":\"ListItem\",\"position\":3,\"name\":\"Jacuzzi\",\"item\":\"https:\/\/www.idol.cz\/pl\/kategorie-produktu\/jacuzzi-pl\/\"},{\"@type\":\"ListItem\",\"position\":4,\"name\":\"Rodzina Nela\"}]},{\"@type\":\"WebSite\",\"@id\":\"https:\/\/www.idol.cz\/pl\/#website\",\"url\":\"https:\/\/www.idol.cz\/pl\/\",\"name\":\"v\u00ed\u0159ivky venkovn\u00ed, swim spa, baz\u00e9ny\",\"description\":\"Luxusn\u00ed \u010desk\u00e9 v\u00ed\u0159ivky a swim spa\",\"publisher\":{\"@id\":\"https:\/\/www.idol.cz\/pl\/#organization\"},\"potentialAction\":[{\"@type\":\"SearchAction\",\"target\":{\"@type\":\"EntryPoint\",\"urlTemplate\":\"https:\/\/www.idol.cz\/pl\/?s={search_term_string}\"},\"query-input\":{\"@type\":\"PropertyValueSpecification\",\"valueRequired\":true,\"valueName\":\"search_term_string\"}}],\"inLanguage\":\"pl-PL\"},{\"@type\":\"Organization\",\"@id\":\"https:\/\/www.idol.cz\/pl\/#organization\",\"name\":\"IDOL SPAS, s.r.o.\",\"url\":\"https:\/\/www.idol.cz\/pl\/\",\"logo\":{\"@type\":\"ImageObject\",\"inLanguage\":\"pl-PL\",\"@id\":\"https:\/\/www.idol.cz\/pl\/#\/schema\/logo\/image\/\",\"url\":\"https:\/\/www.idol.cz\/wp-content\/uploads\/2020\/02\/idol-spas-logo.png\",\"contentUrl\":\"https:\/\/www.idol.cz\/wp-content\/uploads\/2020\/02\/idol-spas-logo.png\",\"width\":512,\"height\":206,\"caption\":\"IDOL SPAS, s.r.o.\"},\"image\":{\"@id\":\"https:\/\/www.idol.cz\/pl\/#\/schema\/logo\/image\/\"},\"sameAs\":[\"https:\/\/www.facebook.com\/IdolSpas\/\"]}]}<\/script>\n<!-- \/ Yoast SEO Premium plugin. -->","yoast_head_json":{"title":"Rodzina Nela \u2013 luxury outdoor whirlpool | Wanny zewn\u0119trzne, K\u0105pielisko, Baseny","description":"Wersja outdoor whirlpool Nela dla maksymalnie 3 os\u00f3b, nadaje si\u0119 do okablowania na 230 V. Luksusowy czeski zewn\u0119trzny ogr\u00f3d whirlpool tanio w akcji sprzeda\u017c Praga.","robots":{"index":"index","follow":"follow","max-snippet":"max-snippet:-1","max-image-preview":"max-image-preview:large","max-video-preview":"max-video-preview:-1"},"canonical":"https:\/\/www.idol.cz\/pl\/produkt\/jacuzzi-pl\/rodzina-nela\/","og_locale":"pl_PL","og_type":"article","og_title":"Rodzina Nela","og_description":"Wersja outdoor whirlpool Nela dla maksymalnie 3 os\u00f3b, nadaje si\u0119 do okablowania na 230 V. Luksusowy czeski zewn\u0119trzny ogr\u00f3d whirlpool tanio w akcji sprzeda\u017c Praga.","og_url":"https:\/\/www.idol.cz\/pl\/produkt\/jacuzzi-pl\/rodzina-nela\/","og_site_name":"Wanny zewn\u0119trzne, K\u0105pielisko, Baseny","article_publisher":"https:\/\/www.facebook.com\/IdolSpas\/","og_image":[{"url":"https:\/\/www.idol.cz\/wp-content\/uploads\/2018\/11\/idol-spas-luxusni-virivky-nela-lite-fb.jpg","type":"","width":"","height":""}],"twitter_card":"summary_large_image","schema":{"@context":"https:\/\/schema.org","@graph":[{"@type":"WebPage","@id":"https:\/\/www.idol.cz\/pl\/produkt\/jacuzzi-pl\/rodzina-nela\/","url":"https:\/\/www.idol.cz\/pl\/produkt\/jacuzzi-pl\/rodzina-nela\/","name":"Rodzina Nela \u2013 luxury outdoor whirlpool | Wanny zewn\u0119trzne, K\u0105pielisko, Baseny","isPartOf":{"@id":"https:\/\/www.idol.cz\/pl\/#website"},"primaryImageOfPage":{"@id":"https:\/\/www.idol.cz\/pl\/produkt\/jacuzzi-pl\/rodzina-nela\/#primaryimage"},"image":{"@id":"https:\/\/www.idol.cz\/pl\/produkt\/jacuzzi-pl\/rodzina-nela\/#primaryimage"},"thumbnailUrl":"https:\/\/www.idol.cz\/wp-content\/uploads\/2020\/04\/idol-spas-nela-family-01.jpg","datePublished":"2022-10-03T10:07:52+00:00","description":"Wersja outdoor whirlpool Nela dla maksymalnie 3 os\u00f3b, nadaje si\u0119 do okablowania na 230 V. Luksusowy czeski zewn\u0119trzny ogr\u00f3d whirlpool tanio w akcji sprzeda\u017c Praga.","breadcrumb":{"@id":"https:\/\/www.idol.cz\/pl\/produkt\/jacuzzi-pl\/rodzina-nela\/#breadcrumb"},"inLanguage":"pl-PL","potentialAction":[{"@type":"ReadAction","target":["https:\/\/www.idol.cz\/pl\/produkt\/jacuzzi-pl\/rodzina-nela\/"]}]},{"@type":"ImageObject","inLanguage":"pl-PL","@id":"https:\/\/www.idol.cz\/pl\/produkt\/jacuzzi-pl\/rodzina-nela\/#primaryimage","url":"https:\/\/www.idol.cz\/wp-content\/uploads\/2020\/04\/idol-spas-nela-family-01.jpg","contentUrl":"https:\/\/www.idol.cz\/wp-content\/uploads\/2020\/04\/idol-spas-nela-family-01.jpg","width":1080,"height":1080},{"@type":"BreadcrumbList","@id":"https:\/\/www.idol.cz\/pl\/produkt\/jacuzzi-pl\/rodzina-nela\/#breadcrumb","itemListElement":[{"@type":"ListItem","position":1,"name":"Dom\u016f","item":"https:\/\/www.idol.cz\/pl\/"},{"@type":"ListItem","position":2,"name":"Sklep internetowy","item":"https:\/\/www.idol.cz\/pl\/sklep-internetowy\/"},{"@type":"ListItem","position":3,"name":"Jacuzzi","item":"https:\/\/www.idol.cz\/pl\/kategorie-produktu\/jacuzzi-pl\/"},{"@type":"ListItem","position":4,"name":"Rodzina Nela"}]},{"@type":"WebSite","@id":"https:\/\/www.idol.cz\/pl\/#website","url":"https:\/\/www.idol.cz\/pl\/","name":"v\u00ed\u0159ivky venkovn\u00ed, swim spa, baz\u00e9ny","description":"Luxusn\u00ed \u010desk\u00e9 v\u00ed\u0159ivky a swim spa","publisher":{"@id":"https:\/\/www.idol.cz\/pl\/#organization"},"potentialAction":[{"@type":"SearchAction","target":{"@type":"EntryPoint","urlTemplate":"https:\/\/www.idol.cz\/pl\/?s={search_term_string}"},"query-input":{"@type":"PropertyValueSpecification","valueRequired":true,"valueName":"search_term_string"}}],"inLanguage":"pl-PL"},{"@type":"Organization","@id":"https:\/\/www.idol.cz\/pl\/#organization","name":"IDOL SPAS, s.r.o.","url":"https:\/\/www.idol.cz\/pl\/","logo":{"@type":"ImageObject","inLanguage":"pl-PL","@id":"https:\/\/www.idol.cz\/pl\/#\/schema\/logo\/image\/","url":"https:\/\/www.idol.cz\/wp-content\/uploads\/2020\/02\/idol-spas-logo.png","contentUrl":"https:\/\/www.idol.cz\/wp-content\/uploads\/2020\/02\/idol-spas-logo.png","width":512,"height":206,"caption":"IDOL SPAS, s.r.o."},"image":{"@id":"https:\/\/www.idol.cz\/pl\/#\/schema\/logo\/image\/"},"sameAs":["https:\/\/www.facebook.com\/IdolSpas\/"]}]}},"_links":{"self":[{"href":"https:\/\/www.idol.cz\/pl\/wp-json\/wp\/v2\/product\/21034"}],"collection":[{"href":"https:\/\/www.idol.cz\/pl\/wp-json\/wp\/v2\/product"}],"about":[{"href":"https:\/\/www.idol.cz\/pl\/wp-json\/wp\/v2\/types\/product"}],"wp:featuredmedia":[{"embeddable":true,"href":"https:\/\/www.idol.cz\/pl\/wp-json\/wp\/v2\/media\/20978"}],"wp:attachment":[{"href":"https:\/\/www.idol.cz\/pl\/wp-json\/wp\/v2\/media?parent=21034"}],"wp:term":[{"taxonomy":"product_cat","embeddable":true,"href":"https:\/\/www.idol.cz\/pl\/wp-json\/wp\/v2\/product_cat?post=21034"},{"taxonomy":"product_tag","embeddable":true,"href":"https:\/\/www.idol.cz\/pl\/wp-json\/wp\/v2\/product_tag?post=21034"}],"curies":[{"name":"wp","href":"https:\/\/api.w.org\/{rel}","templated":true}]}}