{"id":2502,"date":"2025-03-09T05:56:32","date_gmt":"2025-03-09T04:56:32","guid":{"rendered":"http:\/\/idol.cz\/?post_type=product&#038;p=2502"},"modified":"2025-04-21T09:13:41","modified_gmt":"2025-04-21T07:13:41","slug":"nela-lite","status":"publish","type":"product","link":"https:\/\/www.idol.cz\/pl\/produkt\/virivky\/virivky-lite\/nela-lite\/","title":{"rendered":"Nela Lite"},"content":{"rendered":"<h3>Luxusn\u00ed v\u00ed\u0159ivka Nela Lite<\/h3>\n<ul>\n<li>V\u00ed\u0159ivka a\u017e pro <strong>3 osoby<\/strong><\/li>\n<li>Mo\u017enost vlastn\u00edho v\u00fdb\u011bru barev akryl\u00e1tu a PVC opl\u00e1\u0161t\u011bn\u00ed<\/li>\n<li>Prvot\u0159\u00eddn\u00ed \u0159\u00edd\u00edc\u00ed syst\u00e9m a ovl\u00e1dac\u00ed panel Gecko ji\u017e v z\u00e1kladn\u00ed v\u00fdbav\u011b!<\/li>\n<li><strong>Doba dod\u00e1n\u00ed nov\u00e9 v\u00ed\u0159ivky pouze 4\u201315 pracovn\u00edch dn\u00ed!<\/strong><\/li>\n<\/ul>\n","protected":false},"excerpt":{"rendered":"<h2>Nejnov\u011bj\u0161\u00ed design a n\u00e1dhern\u00e9 linie<\/h2>\n","protected":false},"featured_media":6944,"template":"","meta":[],"product_cat":[17,405],"product_tag":[81],"class_list":{"0":"post-2502","1":"product","2":"type-product","3":"status-publish","4":"has-post-thumbnail","6":"product_cat-virivky","7":"product_cat-virivky-lite","8":"product_tag-virivky-lite","10":"first","11":"instock","12":"sale","13":"taxable","14":"shipping-taxable","15":"purchasable","16":"product-type-simple"},"yoast_head":"<!-- This site is optimized with the Yoast SEO Premium plugin v24.9 (Yoast SEO v24.9) - https:\/\/yoast.com\/wordpress\/plugins\/seo\/ -->\n<title>V\u00ed\u0159ivka Nela Lite \u2013 luxusn\u00ed venkovn\u00ed v\u00ed\u0159ivky<\/title>\n<meta name=\"description\" content=\"V\u00ed\u0159ivka Nela Lite pro dv\u011b a\u017e t\u0159i osoby, vhodn\u00e1 pro zapojen\u00ed na 230 V. Luxusn\u00ed \u010desk\u00e1 venkovn\u00ed v\u00ed\u0159ivka zahradn\u00ed levn\u011b v akci v\u00fdprodej Praha.\" \/>\n<meta name=\"robots\" content=\"index, follow, max-snippet:-1, max-image-preview:large, max-video-preview:-1\" \/>\n<link rel=\"canonical\" href=\"https:\/\/www.idol.cz\/pl\/produkt\/virivky\/virivky-lite\/nela-lite\/\" \/>\n<meta property=\"og:locale\" content=\"pl_PL\" \/>\n<meta property=\"og:type\" content=\"article\" \/>\n<meta property=\"og:title\" content=\"Nela Lite\" \/>\n<meta property=\"og:description\" content=\"V\u00ed\u0159ivka Nela Lite pro dv\u011b a\u017e t\u0159i osoby, vhodn\u00e1 pro zapojen\u00ed na 230 V. Luxusn\u00ed \u010desk\u00e1 venkovn\u00ed v\u00ed\u0159ivka zahradn\u00ed levn\u011b v akci v\u00fdprodej Praha.\" \/>\n<meta property=\"og:url\" content=\"https:\/\/www.idol.cz\/pl\/produkt\/virivky\/virivky-lite\/nela-lite\/\" \/>\n<meta property=\"og:site_name\" content=\"Wanny zewn\u0119trzne, K\u0105pielisko, Baseny\" \/>\n<meta property=\"article:publisher\" content=\"https:\/\/www.facebook.com\/IdolSpas\/\" \/>\n<meta property=\"article:modified_time\" content=\"2025-04-21T07:13:41+00:00\" \/>\n<meta name=\"twitter:card\" content=\"summary_large_image\" \/>\n<meta name=\"twitter:image\" content=\"https:\/\/www.idol.cz\/wp-content\/uploads\/2018\/11\/idol-spas-nela-lite-2020.jpg\" \/>\n<meta name=\"twitter:label1\" content=\"Szacowany czas czytania\" \/>\n\t<meta name=\"twitter:data1\" content=\"1 minuta\" \/>\n<script type=\"application\/ld+json\" class=\"yoast-schema-graph\">{\"@context\":\"https:\/\/schema.org\",\"@graph\":[{\"@type\":\"WebPage\",\"@id\":\"https:\/\/www.idol.cz\/pl\/produkt\/virivky\/virivky-lite\/nela-lite\/\",\"url\":\"https:\/\/www.idol.cz\/pl\/produkt\/virivky\/virivky-lite\/nela-lite\/\",\"name\":\"V\u00ed\u0159ivka Nela Lite \u2013 luxusn\u00ed venkovn\u00ed v\u00ed\u0159ivky\",\"isPartOf\":{\"@id\":\"https:\/\/www.idol.cz\/pl\/#website\"},\"primaryImageOfPage\":{\"@id\":\"https:\/\/www.idol.cz\/pl\/produkt\/virivky\/virivky-lite\/nela-lite\/#primaryimage\"},\"image\":{\"@id\":\"https:\/\/www.idol.cz\/pl\/produkt\/virivky\/virivky-lite\/nela-lite\/#primaryimage\"},\"thumbnailUrl\":\"https:\/\/www.idol.cz\/wp-content\/uploads\/2018\/11\/idol-spas-nela-lite-2020.jpg\",\"datePublished\":\"2025-03-09T04:56:32+00:00\",\"dateModified\":\"2025-04-21T07:13:41+00:00\",\"description\":\"V\u00ed\u0159ivka Nela Lite pro dv\u011b a\u017e t\u0159i osoby, vhodn\u00e1 pro zapojen\u00ed na 230 V. Luxusn\u00ed \u010desk\u00e1 venkovn\u00ed v\u00ed\u0159ivka zahradn\u00ed levn\u011b v akci v\u00fdprodej Praha.\",\"breadcrumb\":{\"@id\":\"https:\/\/www.idol.cz\/pl\/produkt\/virivky\/virivky-lite\/nela-lite\/#breadcrumb\"},\"inLanguage\":\"pl-PL\",\"potentialAction\":[{\"@type\":\"ReadAction\",\"target\":[\"https:\/\/www.idol.cz\/pl\/produkt\/virivky\/virivky-lite\/nela-lite\/\"]}]},{\"@type\":\"ImageObject\",\"inLanguage\":\"pl-PL\",\"@id\":\"https:\/\/www.idol.cz\/pl\/produkt\/virivky\/virivky-lite\/nela-lite\/#primaryimage\",\"url\":\"https:\/\/www.idol.cz\/wp-content\/uploads\/2018\/11\/idol-spas-nela-lite-2020.jpg\",\"contentUrl\":\"https:\/\/www.idol.cz\/wp-content\/uploads\/2018\/11\/idol-spas-nela-lite-2020.jpg\",\"width\":1080,\"height\":1080,\"caption\":\"Idol Spas v\u00ed\u0159ivky Nela Lite\"},{\"@type\":\"BreadcrumbList\",\"@id\":\"https:\/\/www.idol.cz\/pl\/produkt\/virivky\/virivky-lite\/nela-lite\/#breadcrumb\",\"itemListElement\":[{\"@type\":\"ListItem\",\"position\":1,\"name\":\"Dom\u016f\",\"item\":\"https:\/\/www.idol.cz\/pl\/\"},{\"@type\":\"ListItem\",\"position\":2,\"name\":\"Sklep internetowy\",\"item\":\"https:\/\/www.idol.cz\/pl\/sklep-internetowy\/\"},{\"@type\":\"ListItem\",\"position\":3,\"name\":\"Jacuzzi\",\"item\":\"https:\/\/www.idol.cz\/pl\/kategorie-produktu\/jacuzzi-pl\/\"},{\"@type\":\"ListItem\",\"position\":4,\"name\":\"V\u00ed\u0159ivky Lite\",\"item\":\"https:\/\/www.idol.cz\/kategorie-produktu\/virivky\/virivky-lite\/\"},{\"@type\":\"ListItem\",\"position\":5,\"name\":\"Nela Lite\"}]},{\"@type\":\"WebSite\",\"@id\":\"https:\/\/www.idol.cz\/pl\/#website\",\"url\":\"https:\/\/www.idol.cz\/pl\/\",\"name\":\"v\u00ed\u0159ivky venkovn\u00ed, swim spa, baz\u00e9ny\",\"description\":\"Luxusn\u00ed \u010desk\u00e9 v\u00ed\u0159ivky a swim spa\",\"publisher\":{\"@id\":\"https:\/\/www.idol.cz\/pl\/#organization\"},\"potentialAction\":[{\"@type\":\"SearchAction\",\"target\":{\"@type\":\"EntryPoint\",\"urlTemplate\":\"https:\/\/www.idol.cz\/pl\/?s={search_term_string}\"},\"query-input\":{\"@type\":\"PropertyValueSpecification\",\"valueRequired\":true,\"valueName\":\"search_term_string\"}}],\"inLanguage\":\"pl-PL\"},{\"@type\":\"Organization\",\"@id\":\"https:\/\/www.idol.cz\/pl\/#organization\",\"name\":\"IDOL SPAS, s.r.o.\",\"url\":\"https:\/\/www.idol.cz\/pl\/\",\"logo\":{\"@type\":\"ImageObject\",\"inLanguage\":\"pl-PL\",\"@id\":\"https:\/\/www.idol.cz\/pl\/#\/schema\/logo\/image\/\",\"url\":\"https:\/\/www.idol.cz\/wp-content\/uploads\/2020\/02\/idol-spas-logo.png\",\"contentUrl\":\"https:\/\/www.idol.cz\/wp-content\/uploads\/2020\/02\/idol-spas-logo.png\",\"width\":512,\"height\":206,\"caption\":\"IDOL SPAS, s.r.o.\"},\"image\":{\"@id\":\"https:\/\/www.idol.cz\/pl\/#\/schema\/logo\/image\/\"},\"sameAs\":[\"https:\/\/www.facebook.com\/IdolSpas\/\"]}]}<\/script>\n<!-- \/ Yoast SEO Premium plugin. -->","yoast_head_json":{"title":"V\u00ed\u0159ivka Nela Lite \u2013 luxusn\u00ed venkovn\u00ed v\u00ed\u0159ivky","description":"V\u00ed\u0159ivka Nela Lite pro dv\u011b a\u017e t\u0159i osoby, vhodn\u00e1 pro zapojen\u00ed na 230 V. Luxusn\u00ed \u010desk\u00e1 venkovn\u00ed v\u00ed\u0159ivka zahradn\u00ed levn\u011b v akci v\u00fdprodej Praha.","robots":{"index":"index","follow":"follow","max-snippet":"max-snippet:-1","max-image-preview":"max-image-preview:large","max-video-preview":"max-video-preview:-1"},"canonical":"https:\/\/www.idol.cz\/pl\/produkt\/virivky\/virivky-lite\/nela-lite\/","og_locale":"pl_PL","og_type":"article","og_title":"Nela Lite","og_description":"V\u00ed\u0159ivka Nela Lite pro dv\u011b a\u017e t\u0159i osoby, vhodn\u00e1 pro zapojen\u00ed na 230 V. Luxusn\u00ed \u010desk\u00e1 venkovn\u00ed v\u00ed\u0159ivka zahradn\u00ed levn\u011b v akci v\u00fdprodej Praha.","og_url":"https:\/\/www.idol.cz\/pl\/produkt\/virivky\/virivky-lite\/nela-lite\/","og_site_name":"Wanny zewn\u0119trzne, K\u0105pielisko, Baseny","article_publisher":"https:\/\/www.facebook.com\/IdolSpas\/","article_modified_time":"2025-04-21T07:13:41+00:00","twitter_card":"summary_large_image","twitter_image":"https:\/\/www.idol.cz\/wp-content\/uploads\/2018\/11\/idol-spas-nela-lite-2020.jpg","twitter_misc":{"Szacowany czas czytania":"1 minuta"},"schema":{"@context":"https:\/\/schema.org","@graph":[{"@type":"WebPage","@id":"https:\/\/www.idol.cz\/pl\/produkt\/virivky\/virivky-lite\/nela-lite\/","url":"https:\/\/www.idol.cz\/pl\/produkt\/virivky\/virivky-lite\/nela-lite\/","name":"V\u00ed\u0159ivka Nela Lite \u2013 luxusn\u00ed venkovn\u00ed v\u00ed\u0159ivky","isPartOf":{"@id":"https:\/\/www.idol.cz\/pl\/#website"},"primaryImageOfPage":{"@id":"https:\/\/www.idol.cz\/pl\/produkt\/virivky\/virivky-lite\/nela-lite\/#primaryimage"},"image":{"@id":"https:\/\/www.idol.cz\/pl\/produkt\/virivky\/virivky-lite\/nela-lite\/#primaryimage"},"thumbnailUrl":"https:\/\/www.idol.cz\/wp-content\/uploads\/2018\/11\/idol-spas-nela-lite-2020.jpg","datePublished":"2025-03-09T04:56:32+00:00","dateModified":"2025-04-21T07:13:41+00:00","description":"V\u00ed\u0159ivka Nela Lite pro dv\u011b a\u017e t\u0159i osoby, vhodn\u00e1 pro zapojen\u00ed na 230 V. Luxusn\u00ed \u010desk\u00e1 venkovn\u00ed v\u00ed\u0159ivka zahradn\u00ed levn\u011b v akci v\u00fdprodej Praha.","breadcrumb":{"@id":"https:\/\/www.idol.cz\/pl\/produkt\/virivky\/virivky-lite\/nela-lite\/#breadcrumb"},"inLanguage":"pl-PL","potentialAction":[{"@type":"ReadAction","target":["https:\/\/www.idol.cz\/pl\/produkt\/virivky\/virivky-lite\/nela-lite\/"]}]},{"@type":"ImageObject","inLanguage":"pl-PL","@id":"https:\/\/www.idol.cz\/pl\/produkt\/virivky\/virivky-lite\/nela-lite\/#primaryimage","url":"https:\/\/www.idol.cz\/wp-content\/uploads\/2018\/11\/idol-spas-nela-lite-2020.jpg","contentUrl":"https:\/\/www.idol.cz\/wp-content\/uploads\/2018\/11\/idol-spas-nela-lite-2020.jpg","width":1080,"height":1080,"caption":"Idol Spas v\u00ed\u0159ivky Nela Lite"},{"@type":"BreadcrumbList","@id":"https:\/\/www.idol.cz\/pl\/produkt\/virivky\/virivky-lite\/nela-lite\/#breadcrumb","itemListElement":[{"@type":"ListItem","position":1,"name":"Dom\u016f","item":"https:\/\/www.idol.cz\/pl\/"},{"@type":"ListItem","position":2,"name":"Sklep internetowy","item":"https:\/\/www.idol.cz\/pl\/sklep-internetowy\/"},{"@type":"ListItem","position":3,"name":"Jacuzzi","item":"https:\/\/www.idol.cz\/pl\/kategorie-produktu\/jacuzzi-pl\/"},{"@type":"ListItem","position":4,"name":"V\u00ed\u0159ivky Lite","item":"https:\/\/www.idol.cz\/kategorie-produktu\/virivky\/virivky-lite\/"},{"@type":"ListItem","position":5,"name":"Nela Lite"}]},{"@type":"WebSite","@id":"https:\/\/www.idol.cz\/pl\/#website","url":"https:\/\/www.idol.cz\/pl\/","name":"v\u00ed\u0159ivky venkovn\u00ed, swim spa, baz\u00e9ny","description":"Luxusn\u00ed \u010desk\u00e9 v\u00ed\u0159ivky a swim spa","publisher":{"@id":"https:\/\/www.idol.cz\/pl\/#organization"},"potentialAction":[{"@type":"SearchAction","target":{"@type":"EntryPoint","urlTemplate":"https:\/\/www.idol.cz\/pl\/?s={search_term_string}"},"query-input":{"@type":"PropertyValueSpecification","valueRequired":true,"valueName":"search_term_string"}}],"inLanguage":"pl-PL"},{"@type":"Organization","@id":"https:\/\/www.idol.cz\/pl\/#organization","name":"IDOL SPAS, s.r.o.","url":"https:\/\/www.idol.cz\/pl\/","logo":{"@type":"ImageObject","inLanguage":"pl-PL","@id":"https:\/\/www.idol.cz\/pl\/#\/schema\/logo\/image\/","url":"https:\/\/www.idol.cz\/wp-content\/uploads\/2020\/02\/idol-spas-logo.png","contentUrl":"https:\/\/www.idol.cz\/wp-content\/uploads\/2020\/02\/idol-spas-logo.png","width":512,"height":206,"caption":"IDOL SPAS, s.r.o."},"image":{"@id":"https:\/\/www.idol.cz\/pl\/#\/schema\/logo\/image\/"},"sameAs":["https:\/\/www.facebook.com\/IdolSpas\/"]}]}},"_links":{"self":[{"href":"https:\/\/www.idol.cz\/pl\/wp-json\/wp\/v2\/product\/2502"}],"collection":[{"href":"https:\/\/www.idol.cz\/pl\/wp-json\/wp\/v2\/product"}],"about":[{"href":"https:\/\/www.idol.cz\/pl\/wp-json\/wp\/v2\/types\/product"}],"wp:featuredmedia":[{"embeddable":true,"href":"https:\/\/www.idol.cz\/pl\/wp-json\/wp\/v2\/media\/6944"}],"wp:attachment":[{"href":"https:\/\/www.idol.cz\/pl\/wp-json\/wp\/v2\/media?parent=2502"}],"wp:term":[{"taxonomy":"product_cat","embeddable":true,"href":"https:\/\/www.idol.cz\/pl\/wp-json\/wp\/v2\/product_cat?post=2502"},{"taxonomy":"product_tag","embeddable":true,"href":"https:\/\/www.idol.cz\/pl\/wp-json\/wp\/v2\/product_tag?post=2502"}],"curies":[{"name":"wp","href":"https:\/\/api.w.org\/{rel}","templated":true}]}}