{"id":4098,"date":"2019-02-24T13:35:11","date_gmt":"2019-02-24T12:35:11","guid":{"rendered":"https:\/\/idol.cz\/?post_type=product&#038;p=4098"},"modified":"2024-09-11T13:17:32","modified_gmt":"2024-09-11T11:17:32","slug":"swim-spa-pool","status":"publish","type":"product","link":"https:\/\/www.idol.cz\/pl\/produkt\/bazeny-swim-spa\/swim-spa-pool\/","title":{"rendered":"Swim Spa Pool"},"content":{"rendered":"<h3>Swim Spa Pool baz\u00e9n s protiproudem<\/h3>\n<ul>\n<li>Vyrobeno v \u010cesk\u00e9 republice<\/li>\n<li>Nej\u0161ir\u0161\u00ed akryl\u00e1tov\u00fd plaveck\u00fd swim spa baz\u00e9n na trhu<\/li>\n<li>Celoro\u010dn\u00ed Swim Spa baz\u00e9n s venkovn\u00ed izolac\u00ed<\/li>\n<li>Baz\u00e9n nejen nadzemn\u00ed, ale i k zapu\u0161t\u011bn\u00ed do zem\u011b s mo\u017enost\u00ed zast\u0159e\u0161en\u00ed termokrytem nebo poj\u00edzdnou terasou<\/li>\n<li>Siln\u00fd protiproud nebo River Swim Spa syst\u00e9m + 2 mas\u00e1\u017en\u00ed sed\u00e1tka<\/li>\n<li>Mo\u017enost napojen\u00ed na tepeln\u00e9 \u010derpadlo<\/li>\n<li>Variabiln\u00ed luxusn\u00ed opl\u00e1\u0161t\u011bn\u00ed<\/li>\n<\/ul>\n","protected":false},"excerpt":{"rendered":"<h2>Rodinn\u00fd plaveck\u00fd baz\u00e9n s relaxa\u010dn\u00edmi sed\u00e1tky.<\/h2>\n<h2>Tr\u00e9nink a odpo\u010dinek v jednom baz\u00e9nu.<\/h2>\n","protected":false},"featured_media":6855,"template":"","meta":[],"product_cat":[18],"product_tag":[85],"class_list":{"0":"post-4098","1":"product","2":"type-product","3":"status-publish","4":"has-post-thumbnail","6":"product_cat-bazeny-swim-spa","7":"product_tag-system-bazeny","9":"first","10":"instock","11":"taxable","12":"shipping-taxable","13":"purchasable","14":"product-type-simple"},"yoast_head":"<!-- This site is optimized with the Yoast SEO Premium plugin v24.9 (Yoast SEO v24.9) - https:\/\/yoast.com\/wordpress\/plugins\/seo\/ -->\n<title>Swim Spa Pool | Baz\u00e9n s protiproudem nadzemn\u00ed swim spa a v\u00ed\u0159ivka<\/title>\n<meta name=\"description\" content=\"Swim spa XL venkovn\u00ed baz\u00e9n a v\u00ed\u0159ivka s protiproudem na zahradu. Baz\u00e9n s protiproudem nadzemn\u00ed i do interi\u00e9ru. Luxusn\u00ed akryl\u00e1tov\u00fd baz\u00e9n \u010desk\u00e9 v\u00fdroby.\" \/>\n<meta name=\"robots\" content=\"index, follow, max-snippet:-1, max-image-preview:large, max-video-preview:-1\" \/>\n<link rel=\"canonical\" href=\"https:\/\/www.idol.cz\/pl\/produkt\/bazeny-swim-spa\/swim-spa-pool\/\" \/>\n<meta property=\"og:locale\" content=\"pl_PL\" \/>\n<meta property=\"og:type\" content=\"article\" \/>\n<meta property=\"og:title\" content=\"Swim Spa Pool\" \/>\n<meta property=\"og:description\" content=\"Swim spa XL venkovn\u00ed baz\u00e9n a v\u00ed\u0159ivka s protiproudem na zahradu. Baz\u00e9n s protiproudem nadzemn\u00ed i do interi\u00e9ru. Luxusn\u00ed akryl\u00e1tov\u00fd baz\u00e9n \u010desk\u00e9 v\u00fdroby.\" \/>\n<meta property=\"og:url\" content=\"https:\/\/www.idol.cz\/pl\/produkt\/bazeny-swim-spa\/swim-spa-pool\/\" \/>\n<meta property=\"og:site_name\" content=\"Wanny zewn\u0119trzne, K\u0105pielisko, Baseny\" \/>\n<meta property=\"article:publisher\" content=\"https:\/\/www.facebook.com\/IdolSpas\/\" \/>\n<meta property=\"article:modified_time\" content=\"2024-09-11T11:17:32+00:00\" \/>\n<meta name=\"twitter:card\" content=\"summary_large_image\" \/>\n<meta name=\"twitter:image\" content=\"https:\/\/www.idol.cz\/wp-content\/uploads\/2019\/02\/idol-spas-swim-spa-pool-2020.jpg\" \/>\n<meta name=\"twitter:label1\" content=\"Szacowany czas czytania\" \/>\n\t<meta name=\"twitter:data1\" content=\"1 minuta\" \/>\n<script type=\"application\/ld+json\" class=\"yoast-schema-graph\">{\"@context\":\"https:\/\/schema.org\",\"@graph\":[{\"@type\":\"WebPage\",\"@id\":\"https:\/\/www.idol.cz\/pl\/produkt\/bazeny-swim-spa\/swim-spa-pool\/\",\"url\":\"https:\/\/www.idol.cz\/pl\/produkt\/bazeny-swim-spa\/swim-spa-pool\/\",\"name\":\"Swim Spa Pool | Baz\u00e9n s protiproudem nadzemn\u00ed swim spa a v\u00ed\u0159ivka\",\"isPartOf\":{\"@id\":\"https:\/\/www.idol.cz\/pl\/#website\"},\"primaryImageOfPage\":{\"@id\":\"https:\/\/www.idol.cz\/pl\/produkt\/bazeny-swim-spa\/swim-spa-pool\/#primaryimage\"},\"image\":{\"@id\":\"https:\/\/www.idol.cz\/pl\/produkt\/bazeny-swim-spa\/swim-spa-pool\/#primaryimage\"},\"thumbnailUrl\":\"https:\/\/www.idol.cz\/wp-content\/uploads\/2019\/02\/idol-spas-swim-spa-pool-2020.jpg\",\"datePublished\":\"2019-02-24T12:35:11+00:00\",\"dateModified\":\"2024-09-11T11:17:32+00:00\",\"description\":\"Swim spa XL venkovn\u00ed baz\u00e9n a v\u00ed\u0159ivka s protiproudem na zahradu. Baz\u00e9n s protiproudem nadzemn\u00ed i do interi\u00e9ru. Luxusn\u00ed akryl\u00e1tov\u00fd baz\u00e9n \u010desk\u00e9 v\u00fdroby.\",\"breadcrumb\":{\"@id\":\"https:\/\/www.idol.cz\/pl\/produkt\/bazeny-swim-spa\/swim-spa-pool\/#breadcrumb\"},\"inLanguage\":\"pl-PL\",\"potentialAction\":[{\"@type\":\"ReadAction\",\"target\":[\"https:\/\/www.idol.cz\/pl\/produkt\/bazeny-swim-spa\/swim-spa-pool\/\"]}]},{\"@type\":\"ImageObject\",\"inLanguage\":\"pl-PL\",\"@id\":\"https:\/\/www.idol.cz\/pl\/produkt\/bazeny-swim-spa\/swim-spa-pool\/#primaryimage\",\"url\":\"https:\/\/www.idol.cz\/wp-content\/uploads\/2019\/02\/idol-spas-swim-spa-pool-2020.jpg\",\"contentUrl\":\"https:\/\/www.idol.cz\/wp-content\/uploads\/2019\/02\/idol-spas-swim-spa-pool-2020.jpg\",\"width\":1080,\"height\":810,\"caption\":\"Idol Spas baz\u00e9ny Swim Spa Pool\"},{\"@type\":\"BreadcrumbList\",\"@id\":\"https:\/\/www.idol.cz\/pl\/produkt\/bazeny-swim-spa\/swim-spa-pool\/#breadcrumb\",\"itemListElement\":[{\"@type\":\"ListItem\",\"position\":1,\"name\":\"Dom\u016f\",\"item\":\"https:\/\/www.idol.cz\/pl\/\"},{\"@type\":\"ListItem\",\"position\":2,\"name\":\"Sklep internetowy\",\"item\":\"https:\/\/www.idol.cz\/pl\/sklep-internetowy\/\"},{\"@type\":\"ListItem\",\"position\":3,\"name\":\"Baseny\",\"item\":\"https:\/\/www.idol.cz\/pl\/kategorie-produktu\/baseny\/\"},{\"@type\":\"ListItem\",\"position\":4,\"name\":\"Swim Spa Pool\"}]},{\"@type\":\"WebSite\",\"@id\":\"https:\/\/www.idol.cz\/pl\/#website\",\"url\":\"https:\/\/www.idol.cz\/pl\/\",\"name\":\"v\u00ed\u0159ivky venkovn\u00ed, swim spa, baz\u00e9ny\",\"description\":\"Luxusn\u00ed \u010desk\u00e9 v\u00ed\u0159ivky a swim spa\",\"publisher\":{\"@id\":\"https:\/\/www.idol.cz\/pl\/#organization\"},\"potentialAction\":[{\"@type\":\"SearchAction\",\"target\":{\"@type\":\"EntryPoint\",\"urlTemplate\":\"https:\/\/www.idol.cz\/pl\/?s={search_term_string}\"},\"query-input\":{\"@type\":\"PropertyValueSpecification\",\"valueRequired\":true,\"valueName\":\"search_term_string\"}}],\"inLanguage\":\"pl-PL\"},{\"@type\":\"Organization\",\"@id\":\"https:\/\/www.idol.cz\/pl\/#organization\",\"name\":\"IDOL SPAS, s.r.o.\",\"url\":\"https:\/\/www.idol.cz\/pl\/\",\"logo\":{\"@type\":\"ImageObject\",\"inLanguage\":\"pl-PL\",\"@id\":\"https:\/\/www.idol.cz\/pl\/#\/schema\/logo\/image\/\",\"url\":\"https:\/\/www.idol.cz\/wp-content\/uploads\/2020\/02\/idol-spas-logo.png\",\"contentUrl\":\"https:\/\/www.idol.cz\/wp-content\/uploads\/2020\/02\/idol-spas-logo.png\",\"width\":512,\"height\":206,\"caption\":\"IDOL SPAS, s.r.o.\"},\"image\":{\"@id\":\"https:\/\/www.idol.cz\/pl\/#\/schema\/logo\/image\/\"},\"sameAs\":[\"https:\/\/www.facebook.com\/IdolSpas\/\"]}]}<\/script>\n<!-- \/ Yoast SEO Premium plugin. -->","yoast_head_json":{"title":"Swim Spa Pool | Baz\u00e9n s protiproudem nadzemn\u00ed swim spa a v\u00ed\u0159ivka","description":"Swim spa XL venkovn\u00ed baz\u00e9n a v\u00ed\u0159ivka s protiproudem na zahradu. Baz\u00e9n s protiproudem nadzemn\u00ed i do interi\u00e9ru. Luxusn\u00ed akryl\u00e1tov\u00fd baz\u00e9n \u010desk\u00e9 v\u00fdroby.","robots":{"index":"index","follow":"follow","max-snippet":"max-snippet:-1","max-image-preview":"max-image-preview:large","max-video-preview":"max-video-preview:-1"},"canonical":"https:\/\/www.idol.cz\/pl\/produkt\/bazeny-swim-spa\/swim-spa-pool\/","og_locale":"pl_PL","og_type":"article","og_title":"Swim Spa Pool","og_description":"Swim spa XL venkovn\u00ed baz\u00e9n a v\u00ed\u0159ivka s protiproudem na zahradu. Baz\u00e9n s protiproudem nadzemn\u00ed i do interi\u00e9ru. Luxusn\u00ed akryl\u00e1tov\u00fd baz\u00e9n \u010desk\u00e9 v\u00fdroby.","og_url":"https:\/\/www.idol.cz\/pl\/produkt\/bazeny-swim-spa\/swim-spa-pool\/","og_site_name":"Wanny zewn\u0119trzne, K\u0105pielisko, Baseny","article_publisher":"https:\/\/www.facebook.com\/IdolSpas\/","article_modified_time":"2024-09-11T11:17:32+00:00","twitter_card":"summary_large_image","twitter_image":"https:\/\/www.idol.cz\/wp-content\/uploads\/2019\/02\/idol-spas-swim-spa-pool-2020.jpg","twitter_misc":{"Szacowany czas czytania":"1 minuta"},"schema":{"@context":"https:\/\/schema.org","@graph":[{"@type":"WebPage","@id":"https:\/\/www.idol.cz\/pl\/produkt\/bazeny-swim-spa\/swim-spa-pool\/","url":"https:\/\/www.idol.cz\/pl\/produkt\/bazeny-swim-spa\/swim-spa-pool\/","name":"Swim Spa Pool | Baz\u00e9n s protiproudem nadzemn\u00ed swim spa a v\u00ed\u0159ivka","isPartOf":{"@id":"https:\/\/www.idol.cz\/pl\/#website"},"primaryImageOfPage":{"@id":"https:\/\/www.idol.cz\/pl\/produkt\/bazeny-swim-spa\/swim-spa-pool\/#primaryimage"},"image":{"@id":"https:\/\/www.idol.cz\/pl\/produkt\/bazeny-swim-spa\/swim-spa-pool\/#primaryimage"},"thumbnailUrl":"https:\/\/www.idol.cz\/wp-content\/uploads\/2019\/02\/idol-spas-swim-spa-pool-2020.jpg","datePublished":"2019-02-24T12:35:11+00:00","dateModified":"2024-09-11T11:17:32+00:00","description":"Swim spa XL venkovn\u00ed baz\u00e9n a v\u00ed\u0159ivka s protiproudem na zahradu. Baz\u00e9n s protiproudem nadzemn\u00ed i do interi\u00e9ru. Luxusn\u00ed akryl\u00e1tov\u00fd baz\u00e9n \u010desk\u00e9 v\u00fdroby.","breadcrumb":{"@id":"https:\/\/www.idol.cz\/pl\/produkt\/bazeny-swim-spa\/swim-spa-pool\/#breadcrumb"},"inLanguage":"pl-PL","potentialAction":[{"@type":"ReadAction","target":["https:\/\/www.idol.cz\/pl\/produkt\/bazeny-swim-spa\/swim-spa-pool\/"]}]},{"@type":"ImageObject","inLanguage":"pl-PL","@id":"https:\/\/www.idol.cz\/pl\/produkt\/bazeny-swim-spa\/swim-spa-pool\/#primaryimage","url":"https:\/\/www.idol.cz\/wp-content\/uploads\/2019\/02\/idol-spas-swim-spa-pool-2020.jpg","contentUrl":"https:\/\/www.idol.cz\/wp-content\/uploads\/2019\/02\/idol-spas-swim-spa-pool-2020.jpg","width":1080,"height":810,"caption":"Idol Spas baz\u00e9ny Swim Spa Pool"},{"@type":"BreadcrumbList","@id":"https:\/\/www.idol.cz\/pl\/produkt\/bazeny-swim-spa\/swim-spa-pool\/#breadcrumb","itemListElement":[{"@type":"ListItem","position":1,"name":"Dom\u016f","item":"https:\/\/www.idol.cz\/pl\/"},{"@type":"ListItem","position":2,"name":"Sklep internetowy","item":"https:\/\/www.idol.cz\/pl\/sklep-internetowy\/"},{"@type":"ListItem","position":3,"name":"Baseny","item":"https:\/\/www.idol.cz\/pl\/kategorie-produktu\/baseny\/"},{"@type":"ListItem","position":4,"name":"Swim Spa Pool"}]},{"@type":"WebSite","@id":"https:\/\/www.idol.cz\/pl\/#website","url":"https:\/\/www.idol.cz\/pl\/","name":"v\u00ed\u0159ivky venkovn\u00ed, swim spa, baz\u00e9ny","description":"Luxusn\u00ed \u010desk\u00e9 v\u00ed\u0159ivky a swim spa","publisher":{"@id":"https:\/\/www.idol.cz\/pl\/#organization"},"potentialAction":[{"@type":"SearchAction","target":{"@type":"EntryPoint","urlTemplate":"https:\/\/www.idol.cz\/pl\/?s={search_term_string}"},"query-input":{"@type":"PropertyValueSpecification","valueRequired":true,"valueName":"search_term_string"}}],"inLanguage":"pl-PL"},{"@type":"Organization","@id":"https:\/\/www.idol.cz\/pl\/#organization","name":"IDOL SPAS, s.r.o.","url":"https:\/\/www.idol.cz\/pl\/","logo":{"@type":"ImageObject","inLanguage":"pl-PL","@id":"https:\/\/www.idol.cz\/pl\/#\/schema\/logo\/image\/","url":"https:\/\/www.idol.cz\/wp-content\/uploads\/2020\/02\/idol-spas-logo.png","contentUrl":"https:\/\/www.idol.cz\/wp-content\/uploads\/2020\/02\/idol-spas-logo.png","width":512,"height":206,"caption":"IDOL SPAS, s.r.o."},"image":{"@id":"https:\/\/www.idol.cz\/pl\/#\/schema\/logo\/image\/"},"sameAs":["https:\/\/www.facebook.com\/IdolSpas\/"]}]}},"_links":{"self":[{"href":"https:\/\/www.idol.cz\/pl\/wp-json\/wp\/v2\/product\/4098"}],"collection":[{"href":"https:\/\/www.idol.cz\/pl\/wp-json\/wp\/v2\/product"}],"about":[{"href":"https:\/\/www.idol.cz\/pl\/wp-json\/wp\/v2\/types\/product"}],"wp:featuredmedia":[{"embeddable":true,"href":"https:\/\/www.idol.cz\/pl\/wp-json\/wp\/v2\/media\/6855"}],"wp:attachment":[{"href":"https:\/\/www.idol.cz\/pl\/wp-json\/wp\/v2\/media?parent=4098"}],"wp:term":[{"taxonomy":"product_cat","embeddable":true,"href":"https:\/\/www.idol.cz\/pl\/wp-json\/wp\/v2\/product_cat?post=4098"},{"taxonomy":"product_tag","embeddable":true,"href":"https:\/\/www.idol.cz\/pl\/wp-json\/wp\/v2\/product_tag?post=4098"}],"curies":[{"name":"wp","href":"https:\/\/api.w.org\/{rel}","templated":true}]}}