{"id":791,"date":"2025-03-07T15:41:02","date_gmt":"2025-03-07T14:41:02","guid":{"rendered":"http:\/\/idol.cz\/?post_type=product&#038;p=791"},"modified":"2025-04-21T09:22:46","modified_gmt":"2025-04-21T07:22:46","slug":"christi","status":"publish","type":"product","link":"https:\/\/www.idol.cz\/pl\/produkt\/virivky\/virivky-idol\/christi\/","title":{"rendered":"Christi"},"content":{"rendered":"<h3>Luxusn\u00ed v\u00ed\u0159ivka Christi<\/h3>\n<ul>\n<li>V\u00ed\u0159ivka pro <strong>4 osoby<\/strong><\/li>\n<li>Nejkvalitn\u011bj\u0161\u00ed v\u00fdbava od p\u0159edn\u00edch sv\u011btov\u00fdch v\u00fdrobc\u016f<\/li>\n<li>Nastaviteln\u00e9 rota\u010dn\u00ed i p\u0159\u00edm\u00e9 trysky od firmy CMP<\/li>\n<li>Prvot\u0159\u00eddn\u00ed barevn\u00fd ovl\u00e1dac\u00ed panel Gecko in.k500 s intuitivn\u00edm ovl\u00e1d\u00e1n\u00edm<\/li>\n<li>Barvy akryl\u00e1tu, termokrytu i opl\u00e1\u0161t\u011bn\u00ed dle va\u0161eho v\u00fdb\u011bru<\/li>\n<li><strong>Nov\u00e1 v\u00ed\u0159ivka k dod\u00e1n\u00ed ji\u017e za 15\u201330 dn\u00ed<\/strong><\/li>\n<\/ul>\n","protected":false},"excerpt":{"rendered":"<h2>Perfektn\u00ed rozm\u00edst\u011bn\u00ed m\u00edst k sezen\u00ed i le\u017een\u00ed<\/h2>\n","protected":false},"featured_media":6866,"template":"","meta":[],"product_cat":[17,407],"product_tag":[48],"class_list":{"0":"post-791","1":"product","2":"type-product","3":"status-publish","4":"has-post-thumbnail","6":"product_cat-virivky","7":"product_cat-virivky-idol","8":"product_tag-virivky","10":"first","11":"instock","12":"taxable","13":"shipping-taxable","14":"purchasable","15":"product-type-simple"},"yoast_head":"<!-- This site is optimized with the Yoast SEO Premium plugin v24.9 (Yoast SEO v24.9) - https:\/\/yoast.com\/wordpress\/plugins\/seo\/ -->\n<title>V\u00ed\u0159ivka Christi \u2013 luxusn\u00ed v\u00ed\u0159ivky<\/title>\n<meta name=\"description\" content=\"U\u017e v z\u00e1kladn\u00ed v\u00fdbav\u011b poskytuje ve\u0161ker\u00fd komfort a\u017e 4 relaxuj\u00edc\u00edm osob\u00e1m. Tato v\u00ed\u0159ivka je vhodn\u00e1 jak na zahradu tak do interi\u00e9ru.\" \/>\n<meta name=\"robots\" content=\"index, follow, max-snippet:-1, max-image-preview:large, max-video-preview:-1\" \/>\n<link rel=\"canonical\" href=\"https:\/\/www.idol.cz\/pl\/produkt\/virivky\/virivky-idol\/christi\/\" \/>\n<meta property=\"og:locale\" content=\"pl_PL\" \/>\n<meta property=\"og:type\" content=\"article\" \/>\n<meta property=\"og:title\" content=\"Christi\" \/>\n<meta property=\"og:description\" content=\"U\u017e v z\u00e1kladn\u00ed v\u00fdbav\u011b poskytuje ve\u0161ker\u00fd komfort a\u017e 4 relaxuj\u00edc\u00edm osob\u00e1m. Tato v\u00ed\u0159ivka je vhodn\u00e1 jak na zahradu tak do interi\u00e9ru.\" \/>\n<meta property=\"og:url\" content=\"https:\/\/www.idol.cz\/pl\/produkt\/virivky\/virivky-idol\/christi\/\" \/>\n<meta property=\"og:site_name\" content=\"Wanny zewn\u0119trzne, K\u0105pielisko, Baseny\" \/>\n<meta property=\"article:publisher\" content=\"https:\/\/www.facebook.com\/IdolSpas\/\" \/>\n<meta property=\"article:modified_time\" content=\"2025-04-21T07:22:46+00:00\" \/>\n<meta name=\"twitter:card\" content=\"summary_large_image\" \/>\n<meta name=\"twitter:image\" content=\"https:\/\/www.idol.cz\/wp-content\/uploads\/2018\/10\/idol-spas-christi-2020.jpg\" \/>\n<meta name=\"twitter:label1\" content=\"Szacowany czas czytania\" \/>\n\t<meta name=\"twitter:data1\" content=\"1 minuta\" \/>\n<script type=\"application\/ld+json\" class=\"yoast-schema-graph\">{\"@context\":\"https:\/\/schema.org\",\"@graph\":[{\"@type\":\"WebPage\",\"@id\":\"https:\/\/www.idol.cz\/pl\/produkt\/virivky\/virivky-idol\/christi\/\",\"url\":\"https:\/\/www.idol.cz\/pl\/produkt\/virivky\/virivky-idol\/christi\/\",\"name\":\"V\u00ed\u0159ivka Christi \u2013 luxusn\u00ed v\u00ed\u0159ivky\",\"isPartOf\":{\"@id\":\"https:\/\/www.idol.cz\/pl\/#website\"},\"primaryImageOfPage\":{\"@id\":\"https:\/\/www.idol.cz\/pl\/produkt\/virivky\/virivky-idol\/christi\/#primaryimage\"},\"image\":{\"@id\":\"https:\/\/www.idol.cz\/pl\/produkt\/virivky\/virivky-idol\/christi\/#primaryimage\"},\"thumbnailUrl\":\"https:\/\/www.idol.cz\/wp-content\/uploads\/2018\/10\/idol-spas-christi-2020.jpg\",\"datePublished\":\"2025-03-07T14:41:02+00:00\",\"dateModified\":\"2025-04-21T07:22:46+00:00\",\"description\":\"U\u017e v z\u00e1kladn\u00ed v\u00fdbav\u011b poskytuje ve\u0161ker\u00fd komfort a\u017e 4 relaxuj\u00edc\u00edm osob\u00e1m. Tato v\u00ed\u0159ivka je vhodn\u00e1 jak na zahradu tak do interi\u00e9ru.\",\"breadcrumb\":{\"@id\":\"https:\/\/www.idol.cz\/pl\/produkt\/virivky\/virivky-idol\/christi\/#breadcrumb\"},\"inLanguage\":\"pl-PL\",\"potentialAction\":[{\"@type\":\"ReadAction\",\"target\":[\"https:\/\/www.idol.cz\/pl\/produkt\/virivky\/virivky-idol\/christi\/\"]}]},{\"@type\":\"ImageObject\",\"inLanguage\":\"pl-PL\",\"@id\":\"https:\/\/www.idol.cz\/pl\/produkt\/virivky\/virivky-idol\/christi\/#primaryimage\",\"url\":\"https:\/\/www.idol.cz\/wp-content\/uploads\/2018\/10\/idol-spas-christi-2020.jpg\",\"contentUrl\":\"https:\/\/www.idol.cz\/wp-content\/uploads\/2018\/10\/idol-spas-christi-2020.jpg\",\"width\":1080,\"height\":1080,\"caption\":\"Idol Spas v\u00ed\u0159ivky Christi\"},{\"@type\":\"BreadcrumbList\",\"@id\":\"https:\/\/www.idol.cz\/pl\/produkt\/virivky\/virivky-idol\/christi\/#breadcrumb\",\"itemListElement\":[{\"@type\":\"ListItem\",\"position\":1,\"name\":\"Dom\u016f\",\"item\":\"https:\/\/www.idol.cz\/pl\/\"},{\"@type\":\"ListItem\",\"position\":2,\"name\":\"Sklep internetowy\",\"item\":\"https:\/\/www.idol.cz\/pl\/sklep-internetowy\/\"},{\"@type\":\"ListItem\",\"position\":3,\"name\":\"Jacuzzi\",\"item\":\"https:\/\/www.idol.cz\/pl\/kategorie-produktu\/jacuzzi-pl\/\"},{\"@type\":\"ListItem\",\"position\":4,\"name\":\"V\u00ed\u0159ivky Idol\",\"item\":\"https:\/\/www.idol.cz\/kategorie-produktu\/virivky\/virivky-idol\/\"},{\"@type\":\"ListItem\",\"position\":5,\"name\":\"Christi\"}]},{\"@type\":\"WebSite\",\"@id\":\"https:\/\/www.idol.cz\/pl\/#website\",\"url\":\"https:\/\/www.idol.cz\/pl\/\",\"name\":\"v\u00ed\u0159ivky venkovn\u00ed, swim spa, baz\u00e9ny\",\"description\":\"Luxusn\u00ed \u010desk\u00e9 v\u00ed\u0159ivky a swim spa\",\"publisher\":{\"@id\":\"https:\/\/www.idol.cz\/pl\/#organization\"},\"potentialAction\":[{\"@type\":\"SearchAction\",\"target\":{\"@type\":\"EntryPoint\",\"urlTemplate\":\"https:\/\/www.idol.cz\/pl\/?s={search_term_string}\"},\"query-input\":{\"@type\":\"PropertyValueSpecification\",\"valueRequired\":true,\"valueName\":\"search_term_string\"}}],\"inLanguage\":\"pl-PL\"},{\"@type\":\"Organization\",\"@id\":\"https:\/\/www.idol.cz\/pl\/#organization\",\"name\":\"IDOL SPAS, s.r.o.\",\"url\":\"https:\/\/www.idol.cz\/pl\/\",\"logo\":{\"@type\":\"ImageObject\",\"inLanguage\":\"pl-PL\",\"@id\":\"https:\/\/www.idol.cz\/pl\/#\/schema\/logo\/image\/\",\"url\":\"https:\/\/www.idol.cz\/wp-content\/uploads\/2020\/02\/idol-spas-logo.png\",\"contentUrl\":\"https:\/\/www.idol.cz\/wp-content\/uploads\/2020\/02\/idol-spas-logo.png\",\"width\":512,\"height\":206,\"caption\":\"IDOL SPAS, s.r.o.\"},\"image\":{\"@id\":\"https:\/\/www.idol.cz\/pl\/#\/schema\/logo\/image\/\"},\"sameAs\":[\"https:\/\/www.facebook.com\/IdolSpas\/\"]}]}<\/script>\n<!-- \/ Yoast SEO Premium plugin. -->","yoast_head_json":{"title":"V\u00ed\u0159ivka Christi \u2013 luxusn\u00ed v\u00ed\u0159ivky","description":"U\u017e v z\u00e1kladn\u00ed v\u00fdbav\u011b poskytuje ve\u0161ker\u00fd komfort a\u017e 4 relaxuj\u00edc\u00edm osob\u00e1m. Tato v\u00ed\u0159ivka je vhodn\u00e1 jak na zahradu tak do interi\u00e9ru.","robots":{"index":"index","follow":"follow","max-snippet":"max-snippet:-1","max-image-preview":"max-image-preview:large","max-video-preview":"max-video-preview:-1"},"canonical":"https:\/\/www.idol.cz\/pl\/produkt\/virivky\/virivky-idol\/christi\/","og_locale":"pl_PL","og_type":"article","og_title":"Christi","og_description":"U\u017e v z\u00e1kladn\u00ed v\u00fdbav\u011b poskytuje ve\u0161ker\u00fd komfort a\u017e 4 relaxuj\u00edc\u00edm osob\u00e1m. Tato v\u00ed\u0159ivka je vhodn\u00e1 jak na zahradu tak do interi\u00e9ru.","og_url":"https:\/\/www.idol.cz\/pl\/produkt\/virivky\/virivky-idol\/christi\/","og_site_name":"Wanny zewn\u0119trzne, K\u0105pielisko, Baseny","article_publisher":"https:\/\/www.facebook.com\/IdolSpas\/","article_modified_time":"2025-04-21T07:22:46+00:00","twitter_card":"summary_large_image","twitter_image":"https:\/\/www.idol.cz\/wp-content\/uploads\/2018\/10\/idol-spas-christi-2020.jpg","twitter_misc":{"Szacowany czas czytania":"1 minuta"},"schema":{"@context":"https:\/\/schema.org","@graph":[{"@type":"WebPage","@id":"https:\/\/www.idol.cz\/pl\/produkt\/virivky\/virivky-idol\/christi\/","url":"https:\/\/www.idol.cz\/pl\/produkt\/virivky\/virivky-idol\/christi\/","name":"V\u00ed\u0159ivka Christi \u2013 luxusn\u00ed v\u00ed\u0159ivky","isPartOf":{"@id":"https:\/\/www.idol.cz\/pl\/#website"},"primaryImageOfPage":{"@id":"https:\/\/www.idol.cz\/pl\/produkt\/virivky\/virivky-idol\/christi\/#primaryimage"},"image":{"@id":"https:\/\/www.idol.cz\/pl\/produkt\/virivky\/virivky-idol\/christi\/#primaryimage"},"thumbnailUrl":"https:\/\/www.idol.cz\/wp-content\/uploads\/2018\/10\/idol-spas-christi-2020.jpg","datePublished":"2025-03-07T14:41:02+00:00","dateModified":"2025-04-21T07:22:46+00:00","description":"U\u017e v z\u00e1kladn\u00ed v\u00fdbav\u011b poskytuje ve\u0161ker\u00fd komfort a\u017e 4 relaxuj\u00edc\u00edm osob\u00e1m. Tato v\u00ed\u0159ivka je vhodn\u00e1 jak na zahradu tak do interi\u00e9ru.","breadcrumb":{"@id":"https:\/\/www.idol.cz\/pl\/produkt\/virivky\/virivky-idol\/christi\/#breadcrumb"},"inLanguage":"pl-PL","potentialAction":[{"@type":"ReadAction","target":["https:\/\/www.idol.cz\/pl\/produkt\/virivky\/virivky-idol\/christi\/"]}]},{"@type":"ImageObject","inLanguage":"pl-PL","@id":"https:\/\/www.idol.cz\/pl\/produkt\/virivky\/virivky-idol\/christi\/#primaryimage","url":"https:\/\/www.idol.cz\/wp-content\/uploads\/2018\/10\/idol-spas-christi-2020.jpg","contentUrl":"https:\/\/www.idol.cz\/wp-content\/uploads\/2018\/10\/idol-spas-christi-2020.jpg","width":1080,"height":1080,"caption":"Idol Spas v\u00ed\u0159ivky Christi"},{"@type":"BreadcrumbList","@id":"https:\/\/www.idol.cz\/pl\/produkt\/virivky\/virivky-idol\/christi\/#breadcrumb","itemListElement":[{"@type":"ListItem","position":1,"name":"Dom\u016f","item":"https:\/\/www.idol.cz\/pl\/"},{"@type":"ListItem","position":2,"name":"Sklep internetowy","item":"https:\/\/www.idol.cz\/pl\/sklep-internetowy\/"},{"@type":"ListItem","position":3,"name":"Jacuzzi","item":"https:\/\/www.idol.cz\/pl\/kategorie-produktu\/jacuzzi-pl\/"},{"@type":"ListItem","position":4,"name":"V\u00ed\u0159ivky Idol","item":"https:\/\/www.idol.cz\/kategorie-produktu\/virivky\/virivky-idol\/"},{"@type":"ListItem","position":5,"name":"Christi"}]},{"@type":"WebSite","@id":"https:\/\/www.idol.cz\/pl\/#website","url":"https:\/\/www.idol.cz\/pl\/","name":"v\u00ed\u0159ivky venkovn\u00ed, swim spa, baz\u00e9ny","description":"Luxusn\u00ed \u010desk\u00e9 v\u00ed\u0159ivky a swim spa","publisher":{"@id":"https:\/\/www.idol.cz\/pl\/#organization"},"potentialAction":[{"@type":"SearchAction","target":{"@type":"EntryPoint","urlTemplate":"https:\/\/www.idol.cz\/pl\/?s={search_term_string}"},"query-input":{"@type":"PropertyValueSpecification","valueRequired":true,"valueName":"search_term_string"}}],"inLanguage":"pl-PL"},{"@type":"Organization","@id":"https:\/\/www.idol.cz\/pl\/#organization","name":"IDOL SPAS, s.r.o.","url":"https:\/\/www.idol.cz\/pl\/","logo":{"@type":"ImageObject","inLanguage":"pl-PL","@id":"https:\/\/www.idol.cz\/pl\/#\/schema\/logo\/image\/","url":"https:\/\/www.idol.cz\/wp-content\/uploads\/2020\/02\/idol-spas-logo.png","contentUrl":"https:\/\/www.idol.cz\/wp-content\/uploads\/2020\/02\/idol-spas-logo.png","width":512,"height":206,"caption":"IDOL SPAS, s.r.o."},"image":{"@id":"https:\/\/www.idol.cz\/pl\/#\/schema\/logo\/image\/"},"sameAs":["https:\/\/www.facebook.com\/IdolSpas\/"]}]}},"_links":{"self":[{"href":"https:\/\/www.idol.cz\/pl\/wp-json\/wp\/v2\/product\/791"}],"collection":[{"href":"https:\/\/www.idol.cz\/pl\/wp-json\/wp\/v2\/product"}],"about":[{"href":"https:\/\/www.idol.cz\/pl\/wp-json\/wp\/v2\/types\/product"}],"wp:featuredmedia":[{"embeddable":true,"href":"https:\/\/www.idol.cz\/pl\/wp-json\/wp\/v2\/media\/6866"}],"wp:attachment":[{"href":"https:\/\/www.idol.cz\/pl\/wp-json\/wp\/v2\/media?parent=791"}],"wp:term":[{"taxonomy":"product_cat","embeddable":true,"href":"https:\/\/www.idol.cz\/pl\/wp-json\/wp\/v2\/product_cat?post=791"},{"taxonomy":"product_tag","embeddable":true,"href":"https:\/\/www.idol.cz\/pl\/wp-json\/wp\/v2\/product_tag?post=791"}],"curies":[{"name":"wp","href":"https:\/\/api.w.org\/{rel}","templated":true}]}}