{"id":15881,"date":"2020-07-12T09:42:58","date_gmt":"2020-07-12T07:42:58","guid":{"rendered":"https:\/\/www.idol.cz\/lite-virivka-konfigurator\/"},"modified":"2023-12-30T16:10:14","modified_gmt":"2023-12-30T15:10:14","slug":"lite-virivka-konfigurator","status":"publish","type":"page","link":"https:\/\/www.idol.cz\/sk\/lite-virivka-konfigurator\/","title":{"rendered":"Konfigur\u00e1tor v\u00edrivky LITE"},"content":{"rendered":"\t\t<div data-elementor-type=\"wp-page\" data-elementor-id=\"15881\" class=\"elementor elementor-15881 elementor-8119\" data-elementor-post-type=\"page\">\n\t\t\t\t\t\t<section class=\"ob-is-breaking-bad elementor-section elementor-top-section elementor-element elementor-element-7966005 elementor-section-height-min-height elementor-section-stretched elementor-section-boxed elementor-section-height-default elementor-section-items-middle\" data-id=\"7966005\" data-element_type=\"section\" data-settings=\"{&quot;background_background&quot;:&quot;classic&quot;,&quot;background_motion_fx_motion_fx_scrolling&quot;:&quot;yes&quot;,&quot;background_motion_fx_translateY_effect&quot;:&quot;yes&quot;,&quot;stretch_section&quot;:&quot;section-stretched&quot;,&quot;_ob_bbad_use_it&quot;:&quot;yes&quot;,&quot;_ob_bbad_sssic_use&quot;:&quot;no&quot;,&quot;background_motion_fx_translateY_speed&quot;:{&quot;unit&quot;:&quot;px&quot;,&quot;size&quot;:4,&quot;sizes&quot;:[]},&quot;background_motion_fx_translateY_affectedRange&quot;:{&quot;unit&quot;:&quot;%&quot;,&quot;size&quot;:&quot;&quot;,&quot;sizes&quot;:{&quot;start&quot;:0,&quot;end&quot;:100}},&quot;background_motion_fx_devices&quot;:[&quot;desktop&quot;,&quot;tablet&quot;,&quot;mobile&quot;]}\">\n\t\t\t\t\t\t<div class=\"elementor-container elementor-column-gap-wider\">\n\t\t\t\t\t<div class=\"elementor-column elementor-col-100 elementor-top-column elementor-element elementor-element-b5c6afe\" data-id=\"b5c6afe\" data-element_type=\"column\" data-settings=\"{&quot;_ob_bbad_is_stalker&quot;:&quot;no&quot;,&quot;_ob_teleporter_use&quot;:false}\">\n\t\t\t<div class=\"elementor-widget-wrap elementor-element-populated\">\n\t\t\t\t\t\t<div class=\"elementor-element elementor-element-5adcfb2 ob-harakiri-inherit elementor-widget elementor-widget-heading\" data-id=\"5adcfb2\" data-element_type=\"widget\" data-settings=\"{&quot;_ob_use_harakiri&quot;:&quot;yes&quot;,&quot;_ob_harakiri_writing_mode&quot;:&quot;inherit&quot;,&quot;_ob_harakiri_text_clip&quot;:&quot;none&quot;,&quot;_ob_widget_stalker_use&quot;:&quot;no&quot;}\" data-widget_type=\"heading.default\">\n\t\t\t\t\t<h1 class=\"elementor-heading-title elementor-size-default\">Konfigur\u00e1tor<\/h1>\t\t\t\t<\/div>\n\t\t\t\t<div class=\"elementor-element elementor-element-71b1a7a ob-harakiri-inherit elementor-widget elementor-widget-heading\" data-id=\"71b1a7a\" data-element_type=\"widget\" data-settings=\"{&quot;_ob_use_harakiri&quot;:&quot;yes&quot;,&quot;_ob_harakiri_writing_mode&quot;:&quot;inherit&quot;,&quot;_ob_harakiri_text_clip&quot;:&quot;none&quot;,&quot;_ob_widget_stalker_use&quot;:&quot;no&quot;}\" data-widget_type=\"heading.default\">\n\t\t\t\t\t<h2 class=\"elementor-heading-title elementor-size-default\">V\u00edrivky LITE<\/h2>\t\t\t\t<\/div>\n\t\t\t\t\t<\/div>\n\t\t<\/div>\n\t\t\t\t\t<\/div>\n\t\t<\/section>\n\t\t\t\t<section class=\"ob-is-breaking-bad elementor-section elementor-top-section elementor-element elementor-element-1267b43 elementor-section-stretched elementor-section-full_width elementor-section-height-default elementor-section-height-default\" data-id=\"1267b43\" data-element_type=\"section\" data-settings=\"{&quot;stretch_section&quot;:&quot;section-stretched&quot;,&quot;background_background&quot;:&quot;classic&quot;,&quot;_ob_bbad_use_it&quot;:&quot;yes&quot;,&quot;_ob_bbad_sssic_use&quot;:&quot;no&quot;}\">\n\t\t\t\t\t\t<div class=\"elementor-container elementor-column-gap-default\">\n\t\t\t\t\t<div class=\"elementor-column elementor-col-100 elementor-top-column elementor-element elementor-element-24153b3\" data-id=\"24153b3\" data-element_type=\"column\" data-settings=\"{&quot;_ob_bbad_is_stalker&quot;:&quot;no&quot;,&quot;_ob_teleporter_use&quot;:false}\">\n\t\t\t<div class=\"elementor-widget-wrap elementor-element-populated\">\n\t\t\t\t\t\t<section class=\"ob-is-breaking-bad ob-bb-inner elementor-section elementor-inner-section elementor-element elementor-element-1182e84 elementor-section-boxed elementor-section-height-default elementor-section-height-default\" data-id=\"1182e84\" data-element_type=\"section\" data-settings=\"{&quot;_ob_bbad_use_it&quot;:&quot;yes&quot;,&quot;_ob_bbad_sssic_use&quot;:&quot;no&quot;}\">\n\t\t\t\t\t\t<div class=\"elementor-container elementor-column-gap-wider\">\n\t\t\t\t\t<div class=\"elementor-column elementor-col-50 elementor-inner-column elementor-element elementor-element-cd2b61d\" data-id=\"cd2b61d\" data-element_type=\"column\" data-settings=\"{&quot;_ob_bbad_is_stalker&quot;:&quot;no&quot;,&quot;_ob_teleporter_use&quot;:false}\">\n\t\t\t<div class=\"elementor-widget-wrap elementor-element-populated\">\n\t\t\t\t\t\t<div class=\"elementor-element elementor-element-8b17bda elementor-hidden-tablet elementor-hidden-phone elementor-widget elementor-widget-wp-widget-woocommerce_widget_cart\" data-id=\"8b17bda\" data-element_type=\"widget\" data-settings=\"{&quot;_ob_widget_stalker_use&quot;:&quot;no&quot;}\" data-widget_type=\"wp-widget-woocommerce_widget_cart.default\">\n\t\t\t\t<div class=\"elementor-widget-container\">\n\t\t\t\t\t<div class=\"woocommerce widget_shopping_cart\"><h5>Objedna\u0165<\/h5><div class=\"hide_cart_widget_if_empty\"><div class=\"widget_shopping_cart_content\"><\/div><\/div><\/div>\t\t\t\t<\/div>\n\t\t\t\t<\/div>\n\t\t\t\t\t<\/div>\n\t\t<\/div>\n\t\t\t\t<div class=\"elementor-column elementor-col-50 elementor-inner-column elementor-element elementor-element-313f480\" data-id=\"313f480\" data-element_type=\"column\" data-settings=\"{&quot;_ob_bbad_is_stalker&quot;:&quot;no&quot;,&quot;_ob_teleporter_use&quot;:false}\">\n\t\t\t<div class=\"elementor-widget-wrap elementor-element-populated\">\n\t\t\t\t\t\t<div class=\"elementor-element elementor-element-ec9f4fd elementor-hidden-desktop elementor-widget elementor-widget-wp-widget-woocommerce_widget_cart\" data-id=\"ec9f4fd\" data-element_type=\"widget\" data-settings=\"{&quot;_ob_widget_stalker_use&quot;:&quot;no&quot;}\" data-widget_type=\"wp-widget-woocommerce_widget_cart.default\">\n\t\t\t\t<div class=\"elementor-widget-container\">\n\t\t\t\t\t<div class=\"woocommerce widget_shopping_cart\"><h5>Objedna\u0165<\/h5><div class=\"hide_cart_widget_if_empty\"><div class=\"widget_shopping_cart_content\"><\/div><\/div><\/div>\t\t\t\t<\/div>\n\t\t\t\t<\/div>\n\t\t\t\t\t<\/div>\n\t\t<\/div>\n\t\t\t\t\t<\/div>\n\t\t<\/section>\n\t\t\t\t\t<\/div>\n\t\t<\/div>\n\t\t\t\t\t<\/div>\n\t\t<\/section>\n\t\t\t\t<\/div>\n\t\t","protected":false},"excerpt":{"rendered":"<p>Konfigur\u00e1tor V\u00edrivky LITE V\u00edrivky LITE Akrylov\u00e1 farba Farba opl\u00e1\u0161tenie Izol\u00e1cia hor\u00facej vane Syst\u00e9my na \u010distenie vzduchu a o\u0161etrenia Komponenty pre komer\u010dn\u00fa prev\u00e1dzku Dezinfekcia vody \u010eal\u0161ie mo\u017enosti v\u00edrivky LITE Vyberte si z nab\u00eddky v\u00ed\u0159ivek LITE pro kterou si zvol\u00edte svoji sestavu Luxusn\u00ed v\u00ed\u0159ivky kompletn\u011b \u010desk\u00e9 v\u00fdroby. V\u00fdroba i kompletn\u011b na zak\u00e1zku.\u00a0 Na\u0161e v\u00ed\u0159ivky maj\u00ed maxim\u00e1ln\u00ed po\u010det [&hellip;]<\/p>\n","protected":false},"author":1,"featured_media":0,"parent":0,"menu_order":0,"comment_status":"closed","ping_status":"closed","template":"elementor_header_footer","meta":{"footnotes":""},"class_list":["post-15881","page","type-page","status-publish","hentry"],"yoast_head":"<!-- This site is optimized with the Yoast SEO Premium plugin v24.9 (Yoast SEO v24.9) - https:\/\/yoast.com\/wordpress\/plugins\/seo\/ -->\n<title>Konfigur\u00e1tor v\u00edrivky LITE | vonkaj\u0161ie v\u00edrivky, swim spa, baz\u00e9ny<\/title>\n<meta name=\"description\" content=\"Vyberte si z ponuky v\u00edriviek LITE, pre ktor\u00e9 si vyberiete svoj set. Luxusn\u00e9 v\u00edrivky kompletne vyroben\u00e9 v \u010ceskej republike. V\u00fdroba je tie\u017e kompletne z\u00e1kazkov\u00e1 v\u00fdroba.\" \/>\n<meta name=\"robots\" content=\"index, follow, max-snippet:-1, max-image-preview:large, max-video-preview:-1\" \/>\n<link rel=\"canonical\" href=\"https:\/\/www.idol.cz\/sk\/lite-virivka-konfigurator\/\" \/>\n<meta property=\"og:locale\" content=\"sk_SK\" \/>\n<meta property=\"og:type\" content=\"article\" \/>\n<meta property=\"og:title\" content=\"Konfigur\u00e1tor v\u00edrivky LITE\" \/>\n<meta property=\"og:description\" content=\"Vyberte si z ponuky v\u00edriviek LITE, pre ktor\u00e9 si vyberiete svoj set. Luxusn\u00e9 v\u00edrivky kompletne vyroben\u00e9 v \u010ceskej republike. V\u00fdroba je tie\u017e kompletne z\u00e1kazkov\u00e1 v\u00fdroba.\" \/>\n<meta property=\"og:url\" content=\"https:\/\/www.idol.cz\/sk\/lite-virivka-konfigurator\/\" \/>\n<meta property=\"og:site_name\" content=\"vonkaj\u0161ie v\u00edrivky, swim spa, baz\u00e9ny\" \/>\n<meta property=\"article:publisher\" content=\"https:\/\/www.facebook.com\/IdolSpas\/\" \/>\n<meta property=\"article:modified_time\" content=\"2023-12-30T15:10:14+00:00\" \/>\n<meta property=\"og:image\" content=\"https:\/\/www.idol.cz\/wp-content\/uploads\/2020\/02\/idol-spas-luxusni-virivky-nela-lite-fb.jpg\" \/>\n<meta name=\"twitter:card\" content=\"summary_large_image\" \/>\n<meta name=\"twitter:label1\" content=\"Predpokladan\u00fd \u010das \u010d\u00edtania\" \/>\n\t<meta name=\"twitter:data1\" content=\"7 min\u00fat\" \/>\n<script type=\"application\/ld+json\" class=\"yoast-schema-graph\">{\"@context\":\"https:\/\/schema.org\",\"@graph\":[{\"@type\":\"WebPage\",\"@id\":\"https:\/\/www.idol.cz\/sk\/lite-virivka-konfigurator\/\",\"url\":\"https:\/\/www.idol.cz\/sk\/lite-virivka-konfigurator\/\",\"name\":\"Konfigur\u00e1tor v\u00edrivky LITE | vonkaj\u0161ie v\u00edrivky, swim spa, baz\u00e9ny\",\"isPartOf\":{\"@id\":\"\/#website\"},\"primaryImageOfPage\":{\"@id\":\"https:\/\/www.idol.cz\/sk\/lite-virivka-konfigurator\/#primaryimage\"},\"image\":{\"@id\":\"https:\/\/www.idol.cz\/sk\/lite-virivka-konfigurator\/#primaryimage\"},\"thumbnailUrl\":\"https:\/\/www.idol.cz\/wp-content\/uploads\/2019\/08\/sofi-lite-1080-2022-w-768x768.jpg\",\"datePublished\":\"2020-07-12T07:42:58+00:00\",\"dateModified\":\"2023-12-30T15:10:14+00:00\",\"description\":\"Vyberte si z ponuky v\u00edriviek LITE, pre ktor\u00e9 si vyberiete svoj set. Luxusn\u00e9 v\u00edrivky kompletne vyroben\u00e9 v \u010ceskej republike. V\u00fdroba je tie\u017e kompletne z\u00e1kazkov\u00e1 v\u00fdroba.\",\"breadcrumb\":{\"@id\":\"https:\/\/www.idol.cz\/sk\/lite-virivka-konfigurator\/#breadcrumb\"},\"inLanguage\":\"sk-SK\",\"potentialAction\":[{\"@type\":\"ReadAction\",\"target\":[\"https:\/\/www.idol.cz\/sk\/lite-virivka-konfigurator\/\"]}]},{\"@type\":\"ImageObject\",\"inLanguage\":\"sk-SK\",\"@id\":\"https:\/\/www.idol.cz\/sk\/lite-virivka-konfigurator\/#primaryimage\",\"url\":\"https:\/\/www.idol.cz\/wp-content\/uploads\/2019\/08\/sofi-lite-1080-2022-w-768x768.jpg\",\"contentUrl\":\"https:\/\/www.idol.cz\/wp-content\/uploads\/2019\/08\/sofi-lite-1080-2022-w-768x768.jpg\"},{\"@type\":\"BreadcrumbList\",\"@id\":\"https:\/\/www.idol.cz\/sk\/lite-virivka-konfigurator\/#breadcrumb\",\"itemListElement\":[{\"@type\":\"ListItem\",\"position\":1,\"name\":\"Dom\u016f\",\"item\":\"https:\/\/www.idol.cz\/sk\/\"},{\"@type\":\"ListItem\",\"position\":2,\"name\":\"Konfigur\u00e1tor v\u00edrivky LITE\"}]},{\"@type\":\"WebSite\",\"@id\":\"\/#website\",\"url\":\"\/\",\"name\":\"v\u00ed\u0159ivky venkovn\u00ed, swim spa, baz\u00e9ny\",\"description\":\"Luxusn\u00ed \u010desk\u00e9 v\u00ed\u0159ivky a swim spa\",\"publisher\":{\"@id\":\"\/#organization\"},\"potentialAction\":[{\"@type\":\"SearchAction\",\"target\":{\"@type\":\"EntryPoint\",\"urlTemplate\":\"\/?s={search_term_string}\"},\"query-input\":{\"@type\":\"PropertyValueSpecification\",\"valueRequired\":true,\"valueName\":\"search_term_string\"}}],\"inLanguage\":\"sk-SK\"},{\"@type\":\"Organization\",\"@id\":\"\/#organization\",\"name\":\"IDOL SPAS, s.r.o.\",\"url\":\"\/\",\"logo\":{\"@type\":\"ImageObject\",\"inLanguage\":\"sk-SK\",\"@id\":\"\/#\/schema\/logo\/image\/\",\"url\":\"https:\/\/www.idol.cz\/wp-content\/uploads\/2020\/02\/idol-spas-logo.png\",\"contentUrl\":\"https:\/\/www.idol.cz\/wp-content\/uploads\/2020\/02\/idol-spas-logo.png\",\"width\":512,\"height\":206,\"caption\":\"IDOL SPAS, s.r.o.\"},\"image\":{\"@id\":\"\/#\/schema\/logo\/image\/\"},\"sameAs\":[\"https:\/\/www.facebook.com\/IdolSpas\/\"]}]}<\/script>\n<!-- \/ Yoast SEO Premium plugin. -->","yoast_head_json":{"title":"Konfigur\u00e1tor v\u00edrivky LITE | vonkaj\u0161ie v\u00edrivky, swim spa, baz\u00e9ny","description":"Vyberte si z ponuky v\u00edriviek LITE, pre ktor\u00e9 si vyberiete svoj set. Luxusn\u00e9 v\u00edrivky kompletne vyroben\u00e9 v \u010ceskej republike. V\u00fdroba je tie\u017e kompletne z\u00e1kazkov\u00e1 v\u00fdroba.","robots":{"index":"index","follow":"follow","max-snippet":"max-snippet:-1","max-image-preview":"max-image-preview:large","max-video-preview":"max-video-preview:-1"},"canonical":"https:\/\/www.idol.cz\/sk\/lite-virivka-konfigurator\/","og_locale":"sk_SK","og_type":"article","og_title":"Konfigur\u00e1tor v\u00edrivky LITE","og_description":"Vyberte si z ponuky v\u00edriviek LITE, pre ktor\u00e9 si vyberiete svoj set. Luxusn\u00e9 v\u00edrivky kompletne vyroben\u00e9 v \u010ceskej republike. V\u00fdroba je tie\u017e kompletne z\u00e1kazkov\u00e1 v\u00fdroba.","og_url":"https:\/\/www.idol.cz\/sk\/lite-virivka-konfigurator\/","og_site_name":"vonkaj\u0161ie v\u00edrivky, swim spa, baz\u00e9ny","article_publisher":"https:\/\/www.facebook.com\/IdolSpas\/","article_modified_time":"2023-12-30T15:10:14+00:00","og_image":[{"url":"https:\/\/www.idol.cz\/wp-content\/uploads\/2020\/02\/idol-spas-luxusni-virivky-nela-lite-fb.jpg","type":"","width":"","height":""}],"twitter_card":"summary_large_image","twitter_misc":{"Predpokladan\u00fd \u010das \u010d\u00edtania":"7 min\u00fat"},"schema":{"@context":"https:\/\/schema.org","@graph":[{"@type":"WebPage","@id":"https:\/\/www.idol.cz\/sk\/lite-virivka-konfigurator\/","url":"https:\/\/www.idol.cz\/sk\/lite-virivka-konfigurator\/","name":"Konfigur\u00e1tor v\u00edrivky LITE | vonkaj\u0161ie v\u00edrivky, swim spa, baz\u00e9ny","isPartOf":{"@id":"\/#website"},"primaryImageOfPage":{"@id":"https:\/\/www.idol.cz\/sk\/lite-virivka-konfigurator\/#primaryimage"},"image":{"@id":"https:\/\/www.idol.cz\/sk\/lite-virivka-konfigurator\/#primaryimage"},"thumbnailUrl":"https:\/\/www.idol.cz\/wp-content\/uploads\/2019\/08\/sofi-lite-1080-2022-w-768x768.jpg","datePublished":"2020-07-12T07:42:58+00:00","dateModified":"2023-12-30T15:10:14+00:00","description":"Vyberte si z ponuky v\u00edriviek LITE, pre ktor\u00e9 si vyberiete svoj set. Luxusn\u00e9 v\u00edrivky kompletne vyroben\u00e9 v \u010ceskej republike. V\u00fdroba je tie\u017e kompletne z\u00e1kazkov\u00e1 v\u00fdroba.","breadcrumb":{"@id":"https:\/\/www.idol.cz\/sk\/lite-virivka-konfigurator\/#breadcrumb"},"inLanguage":"sk-SK","potentialAction":[{"@type":"ReadAction","target":["https:\/\/www.idol.cz\/sk\/lite-virivka-konfigurator\/"]}]},{"@type":"ImageObject","inLanguage":"sk-SK","@id":"https:\/\/www.idol.cz\/sk\/lite-virivka-konfigurator\/#primaryimage","url":"https:\/\/www.idol.cz\/wp-content\/uploads\/2019\/08\/sofi-lite-1080-2022-w-768x768.jpg","contentUrl":"https:\/\/www.idol.cz\/wp-content\/uploads\/2019\/08\/sofi-lite-1080-2022-w-768x768.jpg"},{"@type":"BreadcrumbList","@id":"https:\/\/www.idol.cz\/sk\/lite-virivka-konfigurator\/#breadcrumb","itemListElement":[{"@type":"ListItem","position":1,"name":"Dom\u016f","item":"https:\/\/www.idol.cz\/sk\/"},{"@type":"ListItem","position":2,"name":"Konfigur\u00e1tor v\u00edrivky LITE"}]},{"@type":"WebSite","@id":"\/#website","url":"\/","name":"v\u00ed\u0159ivky venkovn\u00ed, swim spa, baz\u00e9ny","description":"Luxusn\u00ed \u010desk\u00e9 v\u00ed\u0159ivky a swim spa","publisher":{"@id":"\/#organization"},"potentialAction":[{"@type":"SearchAction","target":{"@type":"EntryPoint","urlTemplate":"\/?s={search_term_string}"},"query-input":{"@type":"PropertyValueSpecification","valueRequired":true,"valueName":"search_term_string"}}],"inLanguage":"sk-SK"},{"@type":"Organization","@id":"\/#organization","name":"IDOL SPAS, s.r.o.","url":"\/","logo":{"@type":"ImageObject","inLanguage":"sk-SK","@id":"\/#\/schema\/logo\/image\/","url":"https:\/\/www.idol.cz\/wp-content\/uploads\/2020\/02\/idol-spas-logo.png","contentUrl":"https:\/\/www.idol.cz\/wp-content\/uploads\/2020\/02\/idol-spas-logo.png","width":512,"height":206,"caption":"IDOL SPAS, s.r.o."},"image":{"@id":"\/#\/schema\/logo\/image\/"},"sameAs":["https:\/\/www.facebook.com\/IdolSpas\/"]}]}},"_links":{"self":[{"href":"https:\/\/www.idol.cz\/sk\/wp-json\/wp\/v2\/pages\/15881"}],"collection":[{"href":"https:\/\/www.idol.cz\/sk\/wp-json\/wp\/v2\/pages"}],"about":[{"href":"https:\/\/www.idol.cz\/sk\/wp-json\/wp\/v2\/types\/page"}],"author":[{"embeddable":true,"href":"https:\/\/www.idol.cz\/sk\/wp-json\/wp\/v2\/users\/1"}],"replies":[{"embeddable":true,"href":"https:\/\/www.idol.cz\/sk\/wp-json\/wp\/v2\/comments?post=15881"}],"version-history":[{"count":0,"href":"https:\/\/www.idol.cz\/sk\/wp-json\/wp\/v2\/pages\/15881\/revisions"}],"wp:attachment":[{"href":"https:\/\/www.idol.cz\/sk\/wp-json\/wp\/v2\/media?parent=15881"}],"curies":[{"name":"wp","href":"https:\/\/api.w.org\/{rel}","templated":true}]}}