{"id":13976,"date":"2025-03-07T13:15:32","date_gmt":"2020-06-06T20:08:31","guid":{"rendered":"https:\/\/idol.cz\/produkt\/nezarazene\/gabriela-2\/"},"modified":"2020-07-12T10:23:40","modified_gmt":"2020-07-12T08:23:40","slug":"gabriela","status":"publish","type":"product","link":"https:\/\/www.idol.cz\/sk\/produkt\/virivky-sk\/gabriela\/","title":{"rendered":"Gabriela"},"content":{"rendered":"<h3>Luxusn\u00e1 v\u00edrivka Gabriela<\/h3>\n<p><strong>V\u010faka prete\u010deniu \u017e\u013eabu a niviza\u010de n\u00e1dr\u017ee, m\u00e1 rovnak\u00fa hladinu vody za v\u0161etk\u00fdch okolnost\u00ed a je tie\u017e vhodn\u00fd pre komer\u010dn\u00e9 pou\u017eitie<\/strong><\/p>\n<ul>\n<li>V\u00edrivka a\u017e pre <strong>6 os\u00f4b<\/strong><\/li>\n<li>Najkvalitnej\u0161ie zariadenia od popredn\u00fdch svetov\u00fdch v\u00fdrobcov<\/li>\n<li>Nastavite\u013en\u00e9 rota\u010dn\u00e9 a rovn\u00e9 d\u00fdzy z CMP<\/li>\n<li>Farebn\u00fd ovl\u00e1dac\u00ed panel Premium Gecko in.k500 s intuit\u00edvnym ovl\u00e1dan\u00edm<\/li>\n<li>Farby akrylov\u00e9ho, termoobalu a opl\u00e1\u0161tenia pod\u013ea v\u00e1\u0161ho v\u00fdberu<\/li>\n<li><strong>Nov\u00e1 v\u00edrivka, ktor\u00e1 m\u00e1 by\u0165 doru\u010den\u00e1 v tak r\u00fdchlo, ako 15-30 dn\u00ed<\/strong><\/li>\n<\/ul>\n","protected":false},"excerpt":{"rendered":"<h2>V\u00edrivka v\u00fdnimo\u010dn\u00fd dizajn a unik\u00e1tne technol\u00f3gie st\u00e1le hladiny vody<\/h2>\n","protected":false},"featured_media":11296,"template":"","meta":[],"product_cat":[247],"product_tag":[249],"class_list":{"0":"post-13976","1":"product","2":"type-product","3":"status-publish","4":"has-post-thumbnail","6":"product_cat-virivky-sk","7":"product_tag-virivka-sk","9":"first","10":"instock","11":"taxable","12":"shipping-taxable","13":"purchasable","14":"product-type-simple"},"yoast_head":"<!-- This site is optimized with the Yoast SEO Premium plugin v24.9 (Yoast SEO v24.9) - https:\/\/yoast.com\/wordpress\/plugins\/seo\/ -->\n<title>Gabriela - luxusn\u00e9 pre komer\u010dn\u00e9 | vonkaj\u0161ie v\u00edrivky, swim spa, baz\u00e9ny<\/title>\n<meta name=\"description\" content=\"V\u010faka prete\u010deniu a vyva\u017eovacej n\u00e1dr\u017ei je v\u00edrivka vhodn\u00e1 aj na komer\u010dn\u00e9 profesion\u00e1lne pou\u017eitie. Sp\u013a\u0148a hygienick\u00e9 normy pre d\u00f4chodky a hotely.\" \/>\n<meta name=\"robots\" content=\"index, follow, max-snippet:-1, max-image-preview:large, max-video-preview:-1\" \/>\n<link rel=\"canonical\" href=\"https:\/\/www.idol.cz\/sk\/produkt\/virivky-sk\/gabriela\/\" \/>\n<meta property=\"og:locale\" content=\"sk_SK\" \/>\n<meta property=\"og:type\" content=\"article\" \/>\n<meta property=\"og:title\" content=\"Gabriela\" \/>\n<meta property=\"og:description\" content=\"V\u010faka prete\u010deniu a vyva\u017eovacej n\u00e1dr\u017ei je v\u00edrivka vhodn\u00e1 aj na komer\u010dn\u00e9 profesion\u00e1lne pou\u017eitie. Sp\u013a\u0148a hygienick\u00e9 normy pre d\u00f4chodky a hotely.\" \/>\n<meta property=\"og:url\" content=\"https:\/\/www.idol.cz\/sk\/produkt\/virivky-sk\/gabriela\/\" \/>\n<meta property=\"og:site_name\" content=\"vonkaj\u0161ie v\u00edrivky, swim spa, baz\u00e9ny\" \/>\n<meta property=\"article:publisher\" content=\"https:\/\/www.facebook.com\/IdolSpas\/\" \/>\n<meta property=\"article:modified_time\" content=\"2020-07-12T08:23:40+00:00\" \/>\n<meta property=\"og:image\" content=\"https:\/\/www.idol.cz\/wp-content\/uploads\/2018\/10\/idol-spas-luxusni-virivky-gabriela-fb.jpg\" \/>\n<meta name=\"twitter:card\" content=\"summary_large_image\" \/>\n<meta name=\"twitter:label1\" content=\"Predpokladan\u00fd \u010das \u010d\u00edtania\" \/>\n\t<meta name=\"twitter:data1\" content=\"1 min\u00fata\" \/>\n<script type=\"application\/ld+json\" class=\"yoast-schema-graph\">{\"@context\":\"https:\/\/schema.org\",\"@graph\":[{\"@type\":\"WebPage\",\"@id\":\"https:\/\/www.idol.cz\/sk\/produkt\/virivky-sk\/gabriela\/\",\"url\":\"https:\/\/www.idol.cz\/sk\/produkt\/virivky-sk\/gabriela\/\",\"name\":\"Gabriela - luxusn\u00e9 pre komer\u010dn\u00e9 | vonkaj\u0161ie v\u00edrivky, swim spa, baz\u00e9ny\",\"isPartOf\":{\"@id\":\"\/#website\"},\"primaryImageOfPage\":{\"@id\":\"https:\/\/www.idol.cz\/sk\/produkt\/virivky-sk\/gabriela\/#primaryimage\"},\"image\":{\"@id\":\"https:\/\/www.idol.cz\/sk\/produkt\/virivky-sk\/gabriela\/#primaryimage\"},\"thumbnailUrl\":\"https:\/\/www.idol.cz\/wp-content\/uploads\/2018\/10\/idol-spas-gabriela-2020.jpg\",\"datePublished\":\"2020-06-06T20:08:31+00:00\",\"dateModified\":\"2020-07-12T08:23:40+00:00\",\"description\":\"V\u010faka prete\u010deniu a vyva\u017eovacej n\u00e1dr\u017ei je v\u00edrivka vhodn\u00e1 aj na komer\u010dn\u00e9 profesion\u00e1lne pou\u017eitie. Sp\u013a\u0148a hygienick\u00e9 normy pre d\u00f4chodky a hotely.\",\"breadcrumb\":{\"@id\":\"https:\/\/www.idol.cz\/sk\/produkt\/virivky-sk\/gabriela\/#breadcrumb\"},\"inLanguage\":\"sk-SK\",\"potentialAction\":[{\"@type\":\"ReadAction\",\"target\":[\"https:\/\/www.idol.cz\/sk\/produkt\/virivky-sk\/gabriela\/\"]}]},{\"@type\":\"ImageObject\",\"inLanguage\":\"sk-SK\",\"@id\":\"https:\/\/www.idol.cz\/sk\/produkt\/virivky-sk\/gabriela\/#primaryimage\",\"url\":\"https:\/\/www.idol.cz\/wp-content\/uploads\/2018\/10\/idol-spas-gabriela-2020.jpg\",\"contentUrl\":\"https:\/\/www.idol.cz\/wp-content\/uploads\/2018\/10\/idol-spas-gabriela-2020.jpg\",\"width\":1080,\"height\":1080,\"caption\":\"Idol K\u00fapele V\u00edrivka Gabriela\"},{\"@type\":\"BreadcrumbList\",\"@id\":\"https:\/\/www.idol.cz\/sk\/produkt\/virivky-sk\/gabriela\/#breadcrumb\",\"itemListElement\":[{\"@type\":\"ListItem\",\"position\":1,\"name\":\"Dom\u016f\",\"item\":\"https:\/\/www.idol.cz\/sk\/\"},{\"@type\":\"ListItem\",\"position\":2,\"name\":\"V\u00edrivky\",\"item\":\"https:\/\/www.idol.cz\/sk\/kategorie-produktu\/virivky-sk\/\"},{\"@type\":\"ListItem\",\"position\":3,\"name\":\"Gabriela\"}]},{\"@type\":\"WebSite\",\"@id\":\"\/#website\",\"url\":\"\/\",\"name\":\"v\u00ed\u0159ivky venkovn\u00ed, swim spa, baz\u00e9ny\",\"description\":\"Luxusn\u00ed \u010desk\u00e9 v\u00ed\u0159ivky a swim spa\",\"publisher\":{\"@id\":\"\/#organization\"},\"potentialAction\":[{\"@type\":\"SearchAction\",\"target\":{\"@type\":\"EntryPoint\",\"urlTemplate\":\"\/?s={search_term_string}\"},\"query-input\":{\"@type\":\"PropertyValueSpecification\",\"valueRequired\":true,\"valueName\":\"search_term_string\"}}],\"inLanguage\":\"sk-SK\"},{\"@type\":\"Organization\",\"@id\":\"\/#organization\",\"name\":\"IDOL SPAS, s.r.o.\",\"url\":\"\/\",\"logo\":{\"@type\":\"ImageObject\",\"inLanguage\":\"sk-SK\",\"@id\":\"\/#\/schema\/logo\/image\/\",\"url\":\"https:\/\/www.idol.cz\/wp-content\/uploads\/2020\/02\/idol-spas-logo.png\",\"contentUrl\":\"https:\/\/www.idol.cz\/wp-content\/uploads\/2020\/02\/idol-spas-logo.png\",\"width\":512,\"height\":206,\"caption\":\"IDOL SPAS, s.r.o.\"},\"image\":{\"@id\":\"\/#\/schema\/logo\/image\/\"},\"sameAs\":[\"https:\/\/www.facebook.com\/IdolSpas\/\"]}]}<\/script>\n<!-- \/ Yoast SEO Premium plugin. -->","yoast_head_json":{"title":"Gabriela - luxusn\u00e9 pre komer\u010dn\u00e9 | vonkaj\u0161ie v\u00edrivky, swim spa, baz\u00e9ny","description":"V\u010faka prete\u010deniu a vyva\u017eovacej n\u00e1dr\u017ei je v\u00edrivka vhodn\u00e1 aj na komer\u010dn\u00e9 profesion\u00e1lne pou\u017eitie. Sp\u013a\u0148a hygienick\u00e9 normy pre d\u00f4chodky a hotely.","robots":{"index":"index","follow":"follow","max-snippet":"max-snippet:-1","max-image-preview":"max-image-preview:large","max-video-preview":"max-video-preview:-1"},"canonical":"https:\/\/www.idol.cz\/sk\/produkt\/virivky-sk\/gabriela\/","og_locale":"sk_SK","og_type":"article","og_title":"Gabriela","og_description":"V\u010faka prete\u010deniu a vyva\u017eovacej n\u00e1dr\u017ei je v\u00edrivka vhodn\u00e1 aj na komer\u010dn\u00e9 profesion\u00e1lne pou\u017eitie. Sp\u013a\u0148a hygienick\u00e9 normy pre d\u00f4chodky a hotely.","og_url":"https:\/\/www.idol.cz\/sk\/produkt\/virivky-sk\/gabriela\/","og_site_name":"vonkaj\u0161ie v\u00edrivky, swim spa, baz\u00e9ny","article_publisher":"https:\/\/www.facebook.com\/IdolSpas\/","article_modified_time":"2020-07-12T08:23:40+00:00","og_image":[{"url":"https:\/\/www.idol.cz\/wp-content\/uploads\/2018\/10\/idol-spas-luxusni-virivky-gabriela-fb.jpg","type":"","width":"","height":""}],"twitter_card":"summary_large_image","twitter_misc":{"Predpokladan\u00fd \u010das \u010d\u00edtania":"1 min\u00fata"},"schema":{"@context":"https:\/\/schema.org","@graph":[{"@type":"WebPage","@id":"https:\/\/www.idol.cz\/sk\/produkt\/virivky-sk\/gabriela\/","url":"https:\/\/www.idol.cz\/sk\/produkt\/virivky-sk\/gabriela\/","name":"Gabriela - luxusn\u00e9 pre komer\u010dn\u00e9 | vonkaj\u0161ie v\u00edrivky, swim spa, baz\u00e9ny","isPartOf":{"@id":"\/#website"},"primaryImageOfPage":{"@id":"https:\/\/www.idol.cz\/sk\/produkt\/virivky-sk\/gabriela\/#primaryimage"},"image":{"@id":"https:\/\/www.idol.cz\/sk\/produkt\/virivky-sk\/gabriela\/#primaryimage"},"thumbnailUrl":"https:\/\/www.idol.cz\/wp-content\/uploads\/2018\/10\/idol-spas-gabriela-2020.jpg","datePublished":"2020-06-06T20:08:31+00:00","dateModified":"2020-07-12T08:23:40+00:00","description":"V\u010faka prete\u010deniu a vyva\u017eovacej n\u00e1dr\u017ei je v\u00edrivka vhodn\u00e1 aj na komer\u010dn\u00e9 profesion\u00e1lne pou\u017eitie. Sp\u013a\u0148a hygienick\u00e9 normy pre d\u00f4chodky a hotely.","breadcrumb":{"@id":"https:\/\/www.idol.cz\/sk\/produkt\/virivky-sk\/gabriela\/#breadcrumb"},"inLanguage":"sk-SK","potentialAction":[{"@type":"ReadAction","target":["https:\/\/www.idol.cz\/sk\/produkt\/virivky-sk\/gabriela\/"]}]},{"@type":"ImageObject","inLanguage":"sk-SK","@id":"https:\/\/www.idol.cz\/sk\/produkt\/virivky-sk\/gabriela\/#primaryimage","url":"https:\/\/www.idol.cz\/wp-content\/uploads\/2018\/10\/idol-spas-gabriela-2020.jpg","contentUrl":"https:\/\/www.idol.cz\/wp-content\/uploads\/2018\/10\/idol-spas-gabriela-2020.jpg","width":1080,"height":1080,"caption":"Idol K\u00fapele V\u00edrivka Gabriela"},{"@type":"BreadcrumbList","@id":"https:\/\/www.idol.cz\/sk\/produkt\/virivky-sk\/gabriela\/#breadcrumb","itemListElement":[{"@type":"ListItem","position":1,"name":"Dom\u016f","item":"https:\/\/www.idol.cz\/sk\/"},{"@type":"ListItem","position":2,"name":"V\u00edrivky","item":"https:\/\/www.idol.cz\/sk\/kategorie-produktu\/virivky-sk\/"},{"@type":"ListItem","position":3,"name":"Gabriela"}]},{"@type":"WebSite","@id":"\/#website","url":"\/","name":"v\u00ed\u0159ivky venkovn\u00ed, swim spa, baz\u00e9ny","description":"Luxusn\u00ed \u010desk\u00e9 v\u00ed\u0159ivky a swim spa","publisher":{"@id":"\/#organization"},"potentialAction":[{"@type":"SearchAction","target":{"@type":"EntryPoint","urlTemplate":"\/?s={search_term_string}"},"query-input":{"@type":"PropertyValueSpecification","valueRequired":true,"valueName":"search_term_string"}}],"inLanguage":"sk-SK"},{"@type":"Organization","@id":"\/#organization","name":"IDOL SPAS, s.r.o.","url":"\/","logo":{"@type":"ImageObject","inLanguage":"sk-SK","@id":"\/#\/schema\/logo\/image\/","url":"https:\/\/www.idol.cz\/wp-content\/uploads\/2020\/02\/idol-spas-logo.png","contentUrl":"https:\/\/www.idol.cz\/wp-content\/uploads\/2020\/02\/idol-spas-logo.png","width":512,"height":206,"caption":"IDOL SPAS, s.r.o."},"image":{"@id":"\/#\/schema\/logo\/image\/"},"sameAs":["https:\/\/www.facebook.com\/IdolSpas\/"]}]}},"_links":{"self":[{"href":"https:\/\/www.idol.cz\/sk\/wp-json\/wp\/v2\/product\/13976"}],"collection":[{"href":"https:\/\/www.idol.cz\/sk\/wp-json\/wp\/v2\/product"}],"about":[{"href":"https:\/\/www.idol.cz\/sk\/wp-json\/wp\/v2\/types\/product"}],"wp:featuredmedia":[{"embeddable":true,"href":"https:\/\/www.idol.cz\/sk\/wp-json\/wp\/v2\/media\/11296"}],"wp:attachment":[{"href":"https:\/\/www.idol.cz\/sk\/wp-json\/wp\/v2\/media?parent=13976"}],"wp:term":[{"taxonomy":"product_cat","embeddable":true,"href":"https:\/\/www.idol.cz\/sk\/wp-json\/wp\/v2\/product_cat?post=13976"},{"taxonomy":"product_tag","embeddable":true,"href":"https:\/\/www.idol.cz\/sk\/wp-json\/wp\/v2\/product_tag?post=13976"}],"curies":[{"name":"wp","href":"https:\/\/api.w.org\/{rel}","templated":true}]}}