{"id":14015,"date":"2025-03-09T05:56:32","date_gmt":"2020-06-06T20:09:17","guid":{"rendered":"https:\/\/idol.cz\/produkt\/nezarazene\/nela-lite-2\/"},"modified":"2020-07-12T10:17:50","modified_gmt":"2020-07-12T08:17:50","slug":"nela-lite-nela-lite","status":"publish","type":"product","link":"https:\/\/www.idol.cz\/sk\/produkt\/virivky-sk\/nela-lite-nela-lite\/","title":{"rendered":"Nela Lite"},"content":{"rendered":"<h3>Luxusn\u00e1 V\u00edrivka nela Lite<\/h3>\n<ul>\n<li>V\u00edrivka a\u017e pre <strong>3 osoby<\/strong><\/li>\n<li>V\u00fdber akryl\u00e1tov\u00fdch a PVC opl\u00e1\u0161tenie farieb<\/li>\n<li>Prvotriedny riadiaci syst\u00e9m a Ovl\u00e1dac\u00ed panel Gecko u\u017e v z\u00e1kladnom vybaven\u00ed!<\/li>\n<li><strong>Dodacia lehota na nov\u00fa v\u00edrivku len 4-15 pracovn\u00fdch dn\u00ed!<\/strong><\/li>\n<\/ul>\n","protected":false},"excerpt":{"rendered":"<h2>Najnov\u0161\u00ed dizajn a n\u00e1dhern\u00e9 l\u00ednie<\/h2>\n","protected":false},"featured_media":11432,"template":"","meta":[],"product_cat":[247],"product_tag":[248],"class_list":{"0":"post-14015","1":"product","2":"type-product","3":"status-publish","4":"has-post-thumbnail","6":"product_cat-virivky-sk","7":"product_tag-virivky-lite-sk","9":"first","10":"instock","11":"sale","12":"taxable","13":"shipping-taxable","14":"purchasable","15":"product-type-simple"},"yoast_head":"<!-- This site is optimized with the Yoast SEO Premium plugin v24.9 (Yoast SEO v24.9) - https:\/\/yoast.com\/wordpress\/plugins\/seo\/ -->\n<title>Nela Lite - luxusn\u00e9 vonkaj\u0161ie v\u00edrivka | vonkaj\u0161ie v\u00edrivky, swim spa, baz\u00e9ny<\/title>\n<meta name=\"description\" content=\"Verzia vonkaj\u0161ej v\u00edrivky Nela a\u017e pre 3 osoby, vhodn\u00e1 na pripojenie na 230 V. Luxusn\u00e1 \u010desk\u00e1 vonkaj\u0161ia v\u00edrivka z\u00e1hrada lacno v pr\u00edpade predaja VPrahy.\" \/>\n<meta name=\"robots\" content=\"index, follow, max-snippet:-1, max-image-preview:large, max-video-preview:-1\" \/>\n<link rel=\"canonical\" href=\"https:\/\/www.idol.cz\/sk\/produkt\/virivky-sk\/nela-lite-nela-lite\/\" \/>\n<meta property=\"og:locale\" content=\"sk_SK\" \/>\n<meta property=\"og:type\" content=\"article\" \/>\n<meta property=\"og:title\" content=\"Nela Lite\" \/>\n<meta property=\"og:description\" content=\"Verzia vonkaj\u0161ej v\u00edrivky Nela a\u017e pre 3 osoby, vhodn\u00e1 na pripojenie na 230 V. Luxusn\u00e1 \u010desk\u00e1 vonkaj\u0161ia v\u00edrivka z\u00e1hrada lacno v pr\u00edpade predaja VPrahy.\" \/>\n<meta property=\"og:url\" content=\"https:\/\/www.idol.cz\/sk\/produkt\/virivky-sk\/nela-lite-nela-lite\/\" \/>\n<meta property=\"og:site_name\" content=\"vonkaj\u0161ie v\u00edrivky, swim spa, baz\u00e9ny\" \/>\n<meta property=\"article:publisher\" content=\"https:\/\/www.facebook.com\/IdolSpas\/\" \/>\n<meta property=\"article:modified_time\" content=\"2020-07-12T08:17:50+00:00\" \/>\n<meta property=\"og:image\" content=\"https:\/\/www.idol.cz\/wp-content\/uploads\/2018\/11\/idol-spas-luxusni-virivky-nela-lite-fb.jpg\" \/>\n<meta name=\"twitter:card\" content=\"summary_large_image\" \/>\n<script type=\"application\/ld+json\" class=\"yoast-schema-graph\">{\"@context\":\"https:\/\/schema.org\",\"@graph\":[{\"@type\":\"WebPage\",\"@id\":\"https:\/\/www.idol.cz\/sk\/produkt\/virivky-sk\/nela-lite-nela-lite\/\",\"url\":\"https:\/\/www.idol.cz\/sk\/produkt\/virivky-sk\/nela-lite-nela-lite\/\",\"name\":\"Nela Lite - luxusn\u00e9 vonkaj\u0161ie v\u00edrivka | vonkaj\u0161ie v\u00edrivky, swim spa, baz\u00e9ny\",\"isPartOf\":{\"@id\":\"\/#website\"},\"primaryImageOfPage\":{\"@id\":\"https:\/\/www.idol.cz\/sk\/produkt\/virivky-sk\/nela-lite-nela-lite\/#primaryimage\"},\"image\":{\"@id\":\"https:\/\/www.idol.cz\/sk\/produkt\/virivky-sk\/nela-lite-nela-lite\/#primaryimage\"},\"thumbnailUrl\":\"https:\/\/www.idol.cz\/wp-content\/uploads\/2018\/11\/idol-spas-nela-lite-2020.jpg\",\"datePublished\":\"2020-06-06T20:09:17+00:00\",\"dateModified\":\"2020-07-12T08:17:50+00:00\",\"description\":\"Verzia vonkaj\u0161ej v\u00edrivky Nela a\u017e pre 3 osoby, vhodn\u00e1 na pripojenie na 230 V. Luxusn\u00e1 \u010desk\u00e1 vonkaj\u0161ia v\u00edrivka z\u00e1hrada lacno v pr\u00edpade predaja VPrahy.\",\"breadcrumb\":{\"@id\":\"https:\/\/www.idol.cz\/sk\/produkt\/virivky-sk\/nela-lite-nela-lite\/#breadcrumb\"},\"inLanguage\":\"sk-SK\",\"potentialAction\":[{\"@type\":\"ReadAction\",\"target\":[\"https:\/\/www.idol.cz\/sk\/produkt\/virivky-sk\/nela-lite-nela-lite\/\"]}]},{\"@type\":\"ImageObject\",\"inLanguage\":\"sk-SK\",\"@id\":\"https:\/\/www.idol.cz\/sk\/produkt\/virivky-sk\/nela-lite-nela-lite\/#primaryimage\",\"url\":\"https:\/\/www.idol.cz\/wp-content\/uploads\/2018\/11\/idol-spas-nela-lite-2020.jpg\",\"contentUrl\":\"https:\/\/www.idol.cz\/wp-content\/uploads\/2018\/11\/idol-spas-nela-lite-2020.jpg\",\"width\":1080,\"height\":1080,\"caption\":\"Idol K\u00fapele V\u00edrivka Nela Lite\"},{\"@type\":\"BreadcrumbList\",\"@id\":\"https:\/\/www.idol.cz\/sk\/produkt\/virivky-sk\/nela-lite-nela-lite\/#breadcrumb\",\"itemListElement\":[{\"@type\":\"ListItem\",\"position\":1,\"name\":\"Dom\u016f\",\"item\":\"https:\/\/www.idol.cz\/sk\/\"},{\"@type\":\"ListItem\",\"position\":2,\"name\":\"V\u00edrivky\",\"item\":\"https:\/\/www.idol.cz\/sk\/kategorie-produktu\/virivky-sk\/\"},{\"@type\":\"ListItem\",\"position\":3,\"name\":\"Nela Lite\"}]},{\"@type\":\"WebSite\",\"@id\":\"\/#website\",\"url\":\"\/\",\"name\":\"v\u00ed\u0159ivky venkovn\u00ed, swim spa, baz\u00e9ny\",\"description\":\"Luxusn\u00ed \u010desk\u00e9 v\u00ed\u0159ivky a swim spa\",\"publisher\":{\"@id\":\"\/#organization\"},\"potentialAction\":[{\"@type\":\"SearchAction\",\"target\":{\"@type\":\"EntryPoint\",\"urlTemplate\":\"\/?s={search_term_string}\"},\"query-input\":{\"@type\":\"PropertyValueSpecification\",\"valueRequired\":true,\"valueName\":\"search_term_string\"}}],\"inLanguage\":\"sk-SK\"},{\"@type\":\"Organization\",\"@id\":\"\/#organization\",\"name\":\"IDOL SPAS, s.r.o.\",\"url\":\"\/\",\"logo\":{\"@type\":\"ImageObject\",\"inLanguage\":\"sk-SK\",\"@id\":\"\/#\/schema\/logo\/image\/\",\"url\":\"https:\/\/www.idol.cz\/wp-content\/uploads\/2020\/02\/idol-spas-logo.png\",\"contentUrl\":\"https:\/\/www.idol.cz\/wp-content\/uploads\/2020\/02\/idol-spas-logo.png\",\"width\":512,\"height\":206,\"caption\":\"IDOL SPAS, s.r.o.\"},\"image\":{\"@id\":\"\/#\/schema\/logo\/image\/\"},\"sameAs\":[\"https:\/\/www.facebook.com\/IdolSpas\/\"]}]}<\/script>\n<!-- \/ Yoast SEO Premium plugin. -->","yoast_head_json":{"title":"Nela Lite - luxusn\u00e9 vonkaj\u0161ie v\u00edrivka | vonkaj\u0161ie v\u00edrivky, swim spa, baz\u00e9ny","description":"Verzia vonkaj\u0161ej v\u00edrivky Nela a\u017e pre 3 osoby, vhodn\u00e1 na pripojenie na 230 V. Luxusn\u00e1 \u010desk\u00e1 vonkaj\u0161ia v\u00edrivka z\u00e1hrada lacno v pr\u00edpade predaja VPrahy.","robots":{"index":"index","follow":"follow","max-snippet":"max-snippet:-1","max-image-preview":"max-image-preview:large","max-video-preview":"max-video-preview:-1"},"canonical":"https:\/\/www.idol.cz\/sk\/produkt\/virivky-sk\/nela-lite-nela-lite\/","og_locale":"sk_SK","og_type":"article","og_title":"Nela Lite","og_description":"Verzia vonkaj\u0161ej v\u00edrivky Nela a\u017e pre 3 osoby, vhodn\u00e1 na pripojenie na 230 V. Luxusn\u00e1 \u010desk\u00e1 vonkaj\u0161ia v\u00edrivka z\u00e1hrada lacno v pr\u00edpade predaja VPrahy.","og_url":"https:\/\/www.idol.cz\/sk\/produkt\/virivky-sk\/nela-lite-nela-lite\/","og_site_name":"vonkaj\u0161ie v\u00edrivky, swim spa, baz\u00e9ny","article_publisher":"https:\/\/www.facebook.com\/IdolSpas\/","article_modified_time":"2020-07-12T08:17:50+00:00","og_image":[{"url":"https:\/\/www.idol.cz\/wp-content\/uploads\/2018\/11\/idol-spas-luxusni-virivky-nela-lite-fb.jpg","type":"","width":"","height":""}],"twitter_card":"summary_large_image","schema":{"@context":"https:\/\/schema.org","@graph":[{"@type":"WebPage","@id":"https:\/\/www.idol.cz\/sk\/produkt\/virivky-sk\/nela-lite-nela-lite\/","url":"https:\/\/www.idol.cz\/sk\/produkt\/virivky-sk\/nela-lite-nela-lite\/","name":"Nela Lite - luxusn\u00e9 vonkaj\u0161ie v\u00edrivka | vonkaj\u0161ie v\u00edrivky, swim spa, baz\u00e9ny","isPartOf":{"@id":"\/#website"},"primaryImageOfPage":{"@id":"https:\/\/www.idol.cz\/sk\/produkt\/virivky-sk\/nela-lite-nela-lite\/#primaryimage"},"image":{"@id":"https:\/\/www.idol.cz\/sk\/produkt\/virivky-sk\/nela-lite-nela-lite\/#primaryimage"},"thumbnailUrl":"https:\/\/www.idol.cz\/wp-content\/uploads\/2018\/11\/idol-spas-nela-lite-2020.jpg","datePublished":"2020-06-06T20:09:17+00:00","dateModified":"2020-07-12T08:17:50+00:00","description":"Verzia vonkaj\u0161ej v\u00edrivky Nela a\u017e pre 3 osoby, vhodn\u00e1 na pripojenie na 230 V. Luxusn\u00e1 \u010desk\u00e1 vonkaj\u0161ia v\u00edrivka z\u00e1hrada lacno v pr\u00edpade predaja VPrahy.","breadcrumb":{"@id":"https:\/\/www.idol.cz\/sk\/produkt\/virivky-sk\/nela-lite-nela-lite\/#breadcrumb"},"inLanguage":"sk-SK","potentialAction":[{"@type":"ReadAction","target":["https:\/\/www.idol.cz\/sk\/produkt\/virivky-sk\/nela-lite-nela-lite\/"]}]},{"@type":"ImageObject","inLanguage":"sk-SK","@id":"https:\/\/www.idol.cz\/sk\/produkt\/virivky-sk\/nela-lite-nela-lite\/#primaryimage","url":"https:\/\/www.idol.cz\/wp-content\/uploads\/2018\/11\/idol-spas-nela-lite-2020.jpg","contentUrl":"https:\/\/www.idol.cz\/wp-content\/uploads\/2018\/11\/idol-spas-nela-lite-2020.jpg","width":1080,"height":1080,"caption":"Idol K\u00fapele V\u00edrivka Nela Lite"},{"@type":"BreadcrumbList","@id":"https:\/\/www.idol.cz\/sk\/produkt\/virivky-sk\/nela-lite-nela-lite\/#breadcrumb","itemListElement":[{"@type":"ListItem","position":1,"name":"Dom\u016f","item":"https:\/\/www.idol.cz\/sk\/"},{"@type":"ListItem","position":2,"name":"V\u00edrivky","item":"https:\/\/www.idol.cz\/sk\/kategorie-produktu\/virivky-sk\/"},{"@type":"ListItem","position":3,"name":"Nela Lite"}]},{"@type":"WebSite","@id":"\/#website","url":"\/","name":"v\u00ed\u0159ivky venkovn\u00ed, swim spa, baz\u00e9ny","description":"Luxusn\u00ed \u010desk\u00e9 v\u00ed\u0159ivky a swim spa","publisher":{"@id":"\/#organization"},"potentialAction":[{"@type":"SearchAction","target":{"@type":"EntryPoint","urlTemplate":"\/?s={search_term_string}"},"query-input":{"@type":"PropertyValueSpecification","valueRequired":true,"valueName":"search_term_string"}}],"inLanguage":"sk-SK"},{"@type":"Organization","@id":"\/#organization","name":"IDOL SPAS, s.r.o.","url":"\/","logo":{"@type":"ImageObject","inLanguage":"sk-SK","@id":"\/#\/schema\/logo\/image\/","url":"https:\/\/www.idol.cz\/wp-content\/uploads\/2020\/02\/idol-spas-logo.png","contentUrl":"https:\/\/www.idol.cz\/wp-content\/uploads\/2020\/02\/idol-spas-logo.png","width":512,"height":206,"caption":"IDOL SPAS, s.r.o."},"image":{"@id":"\/#\/schema\/logo\/image\/"},"sameAs":["https:\/\/www.facebook.com\/IdolSpas\/"]}]}},"_links":{"self":[{"href":"https:\/\/www.idol.cz\/sk\/wp-json\/wp\/v2\/product\/14015"}],"collection":[{"href":"https:\/\/www.idol.cz\/sk\/wp-json\/wp\/v2\/product"}],"about":[{"href":"https:\/\/www.idol.cz\/sk\/wp-json\/wp\/v2\/types\/product"}],"wp:featuredmedia":[{"embeddable":true,"href":"https:\/\/www.idol.cz\/sk\/wp-json\/wp\/v2\/media\/11432"}],"wp:attachment":[{"href":"https:\/\/www.idol.cz\/sk\/wp-json\/wp\/v2\/media?parent=14015"}],"wp:term":[{"taxonomy":"product_cat","embeddable":true,"href":"https:\/\/www.idol.cz\/sk\/wp-json\/wp\/v2\/product_cat?post=14015"},{"taxonomy":"product_tag","embeddable":true,"href":"https:\/\/www.idol.cz\/sk\/wp-json\/wp\/v2\/product_tag?post=14015"}],"curies":[{"name":"wp","href":"https:\/\/api.w.org\/{rel}","templated":true}]}}