{"id":14029,"date":"2019-02-24T11:48:22","date_gmt":"2019-02-24T10:48:22","guid":{"rendered":"https:\/\/idol.cz\/produkt\/nezarazene\/plavecky-kupelny-bazen\/"},"modified":"2025-11-26T05:56:55","modified_gmt":"2025-11-26T04:56:55","slug":"swim-pool-sk","status":"publish","type":"product","link":"https:\/\/www.idol.cz\/sk\/produkt\/bazeny\/swim-pool-sk\/","title":{"rendered":"Swim Pool"},"content":{"rendered":"<h3>Plaveck\u00fd baz\u00e9n Baz\u00e9n s protipr\u00fadom<\/h3>\n<ul>\n<li>Vyroben\u00e9 v \u010ceskej republike<\/li>\n<li>Naj\u0161ir\u0161\u00ed akryl\u00e1tov\u00fd baz\u00e9n swim spa na trhu<\/li>\n<li>Celoro\u010dn\u00fd baz\u00e9n Swim Spa s vonkaj\u0161ou izol\u00e1ciou<\/li>\n<li>Baz\u00e9n nielen nadzemn\u00fd, ale aj na zaborenie do zeme s mo\u017enos\u0165ou zastre\u0161enia s tepeln\u00fdm krytom alebo mobilnou terasou<\/li>\n<li>Siln\u00fd protipr\u00fad alebo syst\u00e9m River Swim Spa<\/li>\n<li>Mo\u017enos\u0165 pripojenia k tepeln\u00e9mu \u010derpadlu<\/li>\n<li>Variabiln\u00e9 luxusn\u00e9 opl\u00e1\u0161tenie<\/li>\n<\/ul>\n","protected":false},"excerpt":{"rendered":"<h2>Nov\u00e1 gener\u00e1cia kondi\u010dn\u00e9ho pl\u00e1vania s protipr\u00fadom.<\/h2>\n<h2>Nielen Swim Virivky, ale teraz aj rodinn\u00fd baz\u00e9n.<\/h2>\n","protected":false},"featured_media":11288,"template":"","meta":[],"product_cat":[246],"product_tag":[309],"class_list":{"0":"post-14029","1":"product","2":"type-product","3":"status-publish","4":"has-post-thumbnail","6":"product_cat-bazeny","7":"product_tag-zdruzeny-systemom","9":"first","10":"instock","11":"taxable","12":"shipping-taxable","13":"purchasable","14":"product-type-simple"},"yoast_head":"<!-- This site is optimized with the Yoast SEO Premium plugin v24.9 (Yoast SEO v24.9) - https:\/\/yoast.com\/wordpress\/plugins\/seo\/ -->\n<title>Plaveck\u00fd baz\u00e9n s protipr\u00fadov\u00fdmi a nadzemn\u00fdmi plaveck\u00fdmi k\u00fape\u013emi XL<\/title>\n<meta name=\"description\" content=\"Pl\u00e1vajte k\u00fapele XL vonkaj\u0161\u00ed baz\u00e9n s protipr\u00fadom do z\u00e1hrady. Baz\u00e9n s protipr\u00fadom nad zemou a interi\u00e9rom. Luxusn\u00fd akrylov\u00fd baz\u00e9n \u010deskej produkcie.\" \/>\n<meta name=\"robots\" content=\"index, follow, max-snippet:-1, max-image-preview:large, max-video-preview:-1\" \/>\n<link rel=\"canonical\" href=\"https:\/\/www.idol.cz\/sk\/produkt\/bazeny\/swim-pool-sk\/\" \/>\n<meta property=\"og:locale\" content=\"sk_SK\" \/>\n<meta property=\"og:type\" content=\"article\" \/>\n<meta property=\"og:title\" content=\"Swim Pool\" \/>\n<meta property=\"og:description\" content=\"Pl\u00e1vajte k\u00fapele XL vonkaj\u0161\u00ed baz\u00e9n s protipr\u00fadom do z\u00e1hrady. Baz\u00e9n s protipr\u00fadom nad zemou a interi\u00e9rom. Luxusn\u00fd akrylov\u00fd baz\u00e9n \u010deskej produkcie.\" \/>\n<meta property=\"og:url\" content=\"https:\/\/www.idol.cz\/sk\/produkt\/bazeny\/swim-pool-sk\/\" \/>\n<meta property=\"og:site_name\" content=\"vonkaj\u0161ie v\u00edrivky, swim spa, baz\u00e9ny\" \/>\n<meta property=\"article:publisher\" content=\"https:\/\/www.facebook.com\/IdolSpas\/\" \/>\n<meta property=\"article:modified_time\" content=\"2025-11-26T04:56:55+00:00\" \/>\n<meta property=\"og:image\" content=\"https:\/\/www.idol.cz\/wp-content\/uploads\/2019\/02\/IdolSpas-bazeny-Swim-Pool-fb.jpg\" \/>\n<meta name=\"twitter:card\" content=\"summary_large_image\" \/>\n<meta name=\"twitter:label1\" content=\"Predpokladan\u00fd \u010das \u010d\u00edtania\" \/>\n\t<meta name=\"twitter:data1\" content=\"1 min\u00fata\" \/>\n<script type=\"application\/ld+json\" class=\"yoast-schema-graph\">{\"@context\":\"https:\/\/schema.org\",\"@graph\":[{\"@type\":\"WebPage\",\"@id\":\"https:\/\/www.idol.cz\/sk\/produkt\/bazeny\/swim-pool-sk\/\",\"url\":\"https:\/\/www.idol.cz\/sk\/produkt\/bazeny\/swim-pool-sk\/\",\"name\":\"Plaveck\u00fd baz\u00e9n s protipr\u00fadov\u00fdmi a nadzemn\u00fdmi plaveck\u00fdmi k\u00fape\u013emi XL\",\"isPartOf\":{\"@id\":\"https:\/\/www.idol.cz\/sk\/#website\"},\"primaryImageOfPage\":{\"@id\":\"https:\/\/www.idol.cz\/sk\/produkt\/bazeny\/swim-pool-sk\/#primaryimage\"},\"image\":{\"@id\":\"https:\/\/www.idol.cz\/sk\/produkt\/bazeny\/swim-pool-sk\/#primaryimage\"},\"thumbnailUrl\":\"https:\/\/www.idol.cz\/wp-content\/uploads\/2019\/02\/IdolSpas-bazeny-Swim-Spa-bazen-2020.jpg\",\"datePublished\":\"2019-02-24T10:48:22+00:00\",\"dateModified\":\"2025-11-26T04:56:55+00:00\",\"description\":\"Pl\u00e1vajte k\u00fapele XL vonkaj\u0161\u00ed baz\u00e9n s protipr\u00fadom do z\u00e1hrady. Baz\u00e9n s protipr\u00fadom nad zemou a interi\u00e9rom. Luxusn\u00fd akrylov\u00fd baz\u00e9n \u010deskej produkcie.\",\"breadcrumb\":{\"@id\":\"https:\/\/www.idol.cz\/sk\/produkt\/bazeny\/swim-pool-sk\/#breadcrumb\"},\"inLanguage\":\"sk-SK\",\"potentialAction\":[{\"@type\":\"ReadAction\",\"target\":[\"https:\/\/www.idol.cz\/sk\/produkt\/bazeny\/swim-pool-sk\/\"]}]},{\"@type\":\"ImageObject\",\"inLanguage\":\"sk-SK\",\"@id\":\"https:\/\/www.idol.cz\/sk\/produkt\/bazeny\/swim-pool-sk\/#primaryimage\",\"url\":\"https:\/\/www.idol.cz\/wp-content\/uploads\/2019\/02\/IdolSpas-bazeny-Swim-Spa-bazen-2020.jpg\",\"contentUrl\":\"https:\/\/www.idol.cz\/wp-content\/uploads\/2019\/02\/IdolSpas-bazeny-Swim-Spa-bazen-2020.jpg\",\"width\":1080,\"height\":810,\"caption\":\"Idol K\u00fapele Baz\u00e9ny Pl\u00e1va\u0165 K\u00fape\u013en\u00fd baz\u00e9n\"},{\"@type\":\"BreadcrumbList\",\"@id\":\"https:\/\/www.idol.cz\/sk\/produkt\/bazeny\/swim-pool-sk\/#breadcrumb\",\"itemListElement\":[{\"@type\":\"ListItem\",\"position\":1,\"name\":\"Dom\u016f\",\"item\":\"https:\/\/www.idol.cz\/sk\/\"},{\"@type\":\"ListItem\",\"position\":2,\"name\":\"E-shop\",\"item\":\"https:\/\/www.idol.cz\/sk\/shop\/\"},{\"@type\":\"ListItem\",\"position\":3,\"name\":\"Baz\u00e9ny\",\"item\":\"https:\/\/www.idol.cz\/sk\/kategorie-produktu\/bazeny\/\"},{\"@type\":\"ListItem\",\"position\":4,\"name\":\"Swim Pool\"}]},{\"@type\":\"WebSite\",\"@id\":\"https:\/\/www.idol.cz\/sk\/#website\",\"url\":\"https:\/\/www.idol.cz\/sk\/\",\"name\":\"v\u00ed\u0159ivky venkovn\u00ed, swim spa, baz\u00e9ny\",\"description\":\"Luxusn\u00ed \u010desk\u00e9 v\u00ed\u0159ivky a swim spa\",\"publisher\":{\"@id\":\"https:\/\/www.idol.cz\/sk\/#organization\"},\"potentialAction\":[{\"@type\":\"SearchAction\",\"target\":{\"@type\":\"EntryPoint\",\"urlTemplate\":\"https:\/\/www.idol.cz\/sk\/?s={search_term_string}\"},\"query-input\":{\"@type\":\"PropertyValueSpecification\",\"valueRequired\":true,\"valueName\":\"search_term_string\"}}],\"inLanguage\":\"sk-SK\"},{\"@type\":\"Organization\",\"@id\":\"https:\/\/www.idol.cz\/sk\/#organization\",\"name\":\"IDOL SPAS, s.r.o.\",\"url\":\"https:\/\/www.idol.cz\/sk\/\",\"logo\":{\"@type\":\"ImageObject\",\"inLanguage\":\"sk-SK\",\"@id\":\"https:\/\/www.idol.cz\/sk\/#\/schema\/logo\/image\/\",\"url\":\"https:\/\/www.idol.cz\/wp-content\/uploads\/2020\/02\/idol-spas-logo.png\",\"contentUrl\":\"https:\/\/www.idol.cz\/wp-content\/uploads\/2020\/02\/idol-spas-logo.png\",\"width\":512,\"height\":206,\"caption\":\"IDOL SPAS, s.r.o.\"},\"image\":{\"@id\":\"https:\/\/www.idol.cz\/sk\/#\/schema\/logo\/image\/\"},\"sameAs\":[\"https:\/\/www.facebook.com\/IdolSpas\/\"]}]}<\/script>\n<!-- \/ Yoast SEO Premium plugin. -->","yoast_head_json":{"title":"Plaveck\u00fd baz\u00e9n s protipr\u00fadov\u00fdmi a nadzemn\u00fdmi plaveck\u00fdmi k\u00fape\u013emi XL","description":"Pl\u00e1vajte k\u00fapele XL vonkaj\u0161\u00ed baz\u00e9n s protipr\u00fadom do z\u00e1hrady. Baz\u00e9n s protipr\u00fadom nad zemou a interi\u00e9rom. Luxusn\u00fd akrylov\u00fd baz\u00e9n \u010deskej produkcie.","robots":{"index":"index","follow":"follow","max-snippet":"max-snippet:-1","max-image-preview":"max-image-preview:large","max-video-preview":"max-video-preview:-1"},"canonical":"https:\/\/www.idol.cz\/sk\/produkt\/bazeny\/swim-pool-sk\/","og_locale":"sk_SK","og_type":"article","og_title":"Swim Pool","og_description":"Pl\u00e1vajte k\u00fapele XL vonkaj\u0161\u00ed baz\u00e9n s protipr\u00fadom do z\u00e1hrady. Baz\u00e9n s protipr\u00fadom nad zemou a interi\u00e9rom. Luxusn\u00fd akrylov\u00fd baz\u00e9n \u010deskej produkcie.","og_url":"https:\/\/www.idol.cz\/sk\/produkt\/bazeny\/swim-pool-sk\/","og_site_name":"vonkaj\u0161ie v\u00edrivky, swim spa, baz\u00e9ny","article_publisher":"https:\/\/www.facebook.com\/IdolSpas\/","article_modified_time":"2025-11-26T04:56:55+00:00","og_image":[{"url":"https:\/\/www.idol.cz\/wp-content\/uploads\/2019\/02\/IdolSpas-bazeny-Swim-Pool-fb.jpg","type":"","width":"","height":""}],"twitter_card":"summary_large_image","twitter_misc":{"Predpokladan\u00fd \u010das \u010d\u00edtania":"1 min\u00fata"},"schema":{"@context":"https:\/\/schema.org","@graph":[{"@type":"WebPage","@id":"https:\/\/www.idol.cz\/sk\/produkt\/bazeny\/swim-pool-sk\/","url":"https:\/\/www.idol.cz\/sk\/produkt\/bazeny\/swim-pool-sk\/","name":"Plaveck\u00fd baz\u00e9n s protipr\u00fadov\u00fdmi a nadzemn\u00fdmi plaveck\u00fdmi k\u00fape\u013emi XL","isPartOf":{"@id":"https:\/\/www.idol.cz\/sk\/#website"},"primaryImageOfPage":{"@id":"https:\/\/www.idol.cz\/sk\/produkt\/bazeny\/swim-pool-sk\/#primaryimage"},"image":{"@id":"https:\/\/www.idol.cz\/sk\/produkt\/bazeny\/swim-pool-sk\/#primaryimage"},"thumbnailUrl":"https:\/\/www.idol.cz\/wp-content\/uploads\/2019\/02\/IdolSpas-bazeny-Swim-Spa-bazen-2020.jpg","datePublished":"2019-02-24T10:48:22+00:00","dateModified":"2025-11-26T04:56:55+00:00","description":"Pl\u00e1vajte k\u00fapele XL vonkaj\u0161\u00ed baz\u00e9n s protipr\u00fadom do z\u00e1hrady. Baz\u00e9n s protipr\u00fadom nad zemou a interi\u00e9rom. Luxusn\u00fd akrylov\u00fd baz\u00e9n \u010deskej produkcie.","breadcrumb":{"@id":"https:\/\/www.idol.cz\/sk\/produkt\/bazeny\/swim-pool-sk\/#breadcrumb"},"inLanguage":"sk-SK","potentialAction":[{"@type":"ReadAction","target":["https:\/\/www.idol.cz\/sk\/produkt\/bazeny\/swim-pool-sk\/"]}]},{"@type":"ImageObject","inLanguage":"sk-SK","@id":"https:\/\/www.idol.cz\/sk\/produkt\/bazeny\/swim-pool-sk\/#primaryimage","url":"https:\/\/www.idol.cz\/wp-content\/uploads\/2019\/02\/IdolSpas-bazeny-Swim-Spa-bazen-2020.jpg","contentUrl":"https:\/\/www.idol.cz\/wp-content\/uploads\/2019\/02\/IdolSpas-bazeny-Swim-Spa-bazen-2020.jpg","width":1080,"height":810,"caption":"Idol K\u00fapele Baz\u00e9ny Pl\u00e1va\u0165 K\u00fape\u013en\u00fd baz\u00e9n"},{"@type":"BreadcrumbList","@id":"https:\/\/www.idol.cz\/sk\/produkt\/bazeny\/swim-pool-sk\/#breadcrumb","itemListElement":[{"@type":"ListItem","position":1,"name":"Dom\u016f","item":"https:\/\/www.idol.cz\/sk\/"},{"@type":"ListItem","position":2,"name":"E-shop","item":"https:\/\/www.idol.cz\/sk\/shop\/"},{"@type":"ListItem","position":3,"name":"Baz\u00e9ny","item":"https:\/\/www.idol.cz\/sk\/kategorie-produktu\/bazeny\/"},{"@type":"ListItem","position":4,"name":"Swim Pool"}]},{"@type":"WebSite","@id":"https:\/\/www.idol.cz\/sk\/#website","url":"https:\/\/www.idol.cz\/sk\/","name":"v\u00ed\u0159ivky venkovn\u00ed, swim spa, baz\u00e9ny","description":"Luxusn\u00ed \u010desk\u00e9 v\u00ed\u0159ivky a swim spa","publisher":{"@id":"https:\/\/www.idol.cz\/sk\/#organization"},"potentialAction":[{"@type":"SearchAction","target":{"@type":"EntryPoint","urlTemplate":"https:\/\/www.idol.cz\/sk\/?s={search_term_string}"},"query-input":{"@type":"PropertyValueSpecification","valueRequired":true,"valueName":"search_term_string"}}],"inLanguage":"sk-SK"},{"@type":"Organization","@id":"https:\/\/www.idol.cz\/sk\/#organization","name":"IDOL SPAS, s.r.o.","url":"https:\/\/www.idol.cz\/sk\/","logo":{"@type":"ImageObject","inLanguage":"sk-SK","@id":"https:\/\/www.idol.cz\/sk\/#\/schema\/logo\/image\/","url":"https:\/\/www.idol.cz\/wp-content\/uploads\/2020\/02\/idol-spas-logo.png","contentUrl":"https:\/\/www.idol.cz\/wp-content\/uploads\/2020\/02\/idol-spas-logo.png","width":512,"height":206,"caption":"IDOL SPAS, s.r.o."},"image":{"@id":"https:\/\/www.idol.cz\/sk\/#\/schema\/logo\/image\/"},"sameAs":["https:\/\/www.facebook.com\/IdolSpas\/"]}]}},"_links":{"self":[{"href":"https:\/\/www.idol.cz\/sk\/wp-json\/wp\/v2\/product\/14029"}],"collection":[{"href":"https:\/\/www.idol.cz\/sk\/wp-json\/wp\/v2\/product"}],"about":[{"href":"https:\/\/www.idol.cz\/sk\/wp-json\/wp\/v2\/types\/product"}],"wp:featuredmedia":[{"embeddable":true,"href":"https:\/\/www.idol.cz\/sk\/wp-json\/wp\/v2\/media\/11288"}],"wp:attachment":[{"href":"https:\/\/www.idol.cz\/sk\/wp-json\/wp\/v2\/media?parent=14029"}],"wp:term":[{"taxonomy":"product_cat","embeddable":true,"href":"https:\/\/www.idol.cz\/sk\/wp-json\/wp\/v2\/product_cat?post=14029"},{"taxonomy":"product_tag","embeddable":true,"href":"https:\/\/www.idol.cz\/sk\/wp-json\/wp\/v2\/product_tag?post=14029"}],"curies":[{"name":"wp","href":"https:\/\/api.w.org\/{rel}","templated":true}]}}