{"id":14383,"date":"2020-02-12T22:31:24","date_gmt":"2020-06-06T20:12:02","guid":{"rendered":"https:\/\/idol.cz\/produkt\/nezarazene\/v-system-pre-virivky-plavecke-kupele-a-solne-bazeny-na-dezinfekciu-sul\/"},"modified":"2020-06-06T22:12:09","modified_gmt":"2020-06-06T20:12:09","slug":"system-vpro-virivky-plavat-spa-a-bazeny-na-solny-way-dezinfekcia-na-sul","status":"publish","type":"product","link":"https:\/\/www.idol.cz\/sk\/produkt\/nezarazene-sk\/system-vpro-virivky-plavat-spa-a-bazeny-na-solny-way-dezinfekcia-na-sul\/","title":{"rendered":"V syst\u00e9m pre v\u00edrivky, plaveck\u00e9 k\u00fapele a so\u013en\u00e9 baz\u00e9ny na dezinfekciu sul"},"content":{"rendered":"<p>V\u00edrivka pre so\u013e dezinfek\u010dn\u00fd syst\u00e9m.<\/p>\n<h2><strong>ASIN Aqua SALT REDOX pre plaveck\u00e9 k\u00fapele piesky a baz\u00e9ny<\/strong><\/h2>\n<p>Najmodernej\u0161\u00ed elektrolyz\u00e9r na dezinfekciu v\u00edrivky a vody z baz\u00e9na. Exkluz\u00edvny dizajn, v ktorom sa riadenie a d\u00e1vkovanie skombinovali do dokonale spracovanej nerezovej ocele jednotky s integrovan\u00fdm meran\u00edm slanosti (aktu\u00e1lny obsah soli v baz\u00e9ne voda) a d\u00e1vkovanie algic\u00eddu pre komplexn\u00fa kvalitu vody.<\/p>\n<p>Vhodn\u00e9 pre <strong>plaveck\u00e9 k\u00fape\u013en\u00e9<\/strong> <strong>baz\u00e9ny<\/strong> a <strong>v\u00edrivky<\/strong> 1m<sup>3<\/sup> \u2013 70 m<sup>3<\/sup><br \/>\n(pre v\u00e4\u010d\u0161ie alebo extr\u00e9mne nalo\u017een\u00e9 baz\u00e9ny, ASIN So\u013e m\u00f4\u017ee by\u0165 pripojen\u00fd).<\/p>\n<ul>\n<li>Tit\u00e1nov\u00e9 elektr\u00f3dy s ruthenio-iridius povlakom sa pou\u017e\u00edvaj\u00fa na elektrol\u00fdzu, ktor\u00e1 zais\u0165uje vysok\u00fd v\u00fdkon a dlh\u00fa \u017eivotnos\u0165. Elektr\u00f3dov\u00fd materi\u00e1l tie\u017e zabezpe\u010duje, \u017ee tvrd\u00e9 kovy sa neuvo\u013e\u0148uj\u00fa do vody.<\/li>\n<li>Elektronika riadiacej jednotky poskytuje samo\u010distenie elektr\u00f3d.<\/li>\n<li>Po\u017eadovan\u00e1 koncentr\u00e1cia soli je 4 \u2013 8 kg na 1 m<sup>3<\/sup>. T\u00e1to koncentr\u00e1cia je 10-kr\u00e1t ni\u017e\u0161ia ako v morskej vode.<\/li>\n<li>Nehor\u00ed v o\u010diach a m\u00e1 profylaktick\u00fd \u00fa\u010dinok na poko\u017eku.<\/li>\n<li>Obsahuje sondu REDOX<\/li>\n<\/ul>\n<ul>\n<li>Dotykov\u00e1 obrazovka<\/li>\n<li>Jednoduch\u00e1 obsluha <\/li>\n<li>Viacjazy\u010dn\u00e9 ovl\u00e1danie <\/li>\n<li>Kompaktn\u00fd dizajn<\/li>\n<li>Peristaltick\u00e9 \u010derpadl\u00e1<\/li>\n<li>Ve\u013emi jednoduch\u00e1 in\u0161tal\u00e1cia<\/li>\n<li>Roz\u0161\u00edren\u00e9 funkcie zabezpe\u010denia<\/li>\n<li>Detekuje prietok meranej vody<\/li>\n<li>Internetov\u00fd v\u00fdstup a extern\u00fd displej<\/li>\n<li>S mo\u017enos\u0165ou pripojenia a ovl\u00e1dania teplomera, filtr\u00e1cia, monitorovanie hladiny v prepadovej n\u00e1dr\u017ei, alebo skimmer.<\/li>\n<\/ul>\n","protected":false},"excerpt":{"rendered":"<p>V\u00edrivka pre so\u013e dezinfek\u010dn\u00fd syst\u00e9m. ASIN Aqua SALT REDOX pre plaveck\u00e9 k\u00fapele piesky a baz\u00e9ny Najmodernej\u0161\u00ed elektrolyz\u00e9r na dezinfekciu v\u00edrivky a vody z baz\u00e9na. Exkluz\u00edvny dizajn, v ktorom sa riadenie a d\u00e1vkovanie skombinovali do dokonale spracovanej nerezovej ocele jednotky s integrovan\u00fdm meran\u00edm slanosti (aktu\u00e1lny obsah soli v baz\u00e9ne voda) a d\u00e1vkovanie algic\u00eddu pre komplexn\u00fa kvalitu [&hellip;]<\/p>\n","protected":false},"featured_media":0,"template":"","meta":[],"product_cat":[196],"product_tag":[],"class_list":{"0":"post-14383","1":"product","2":"type-product","3":"status-publish","5":"product_cat-nezarazene-sk","7":"first","8":"instock","9":"taxable","10":"shipping-taxable","11":"purchasable","12":"product-type-simple"},"yoast_head":"<!-- This site is optimized with the Yoast SEO Premium plugin v24.9 (Yoast SEO v24.9) - https:\/\/yoast.com\/wordpress\/plugins\/seo\/ -->\n<title>V syst\u00e9m pre v\u00edrivky, plaveck\u00e9 k\u00fapele a so\u013en\u00e9 baz\u00e9ny na dezinfekciu sul | Asin aqua so\u013e pre pl\u00e1va\u0165 k\u00fapele piesky a baz\u00e9ny<\/title>\n<meta name=\"description\" content=\"Asin aqua so\u013e pre k\u00fapanie k\u00fape\u013eov a baz\u00e9nov. so\u013en\u00fd syst\u00e9m pre lie\u010dbu soli.\" \/>\n<meta name=\"robots\" content=\"index, follow, max-snippet:-1, max-image-preview:large, max-video-preview:-1\" \/>\n<link rel=\"canonical\" href=\"https:\/\/www.idol.cz\/sk\/produkt\/nezarazene-sk\/system-vpro-virivky-plavat-spa-a-bazeny-na-solny-way-dezinfekcia-na-sul\/\" \/>\n<meta property=\"og:locale\" content=\"sk_SK\" \/>\n<meta property=\"og:type\" content=\"article\" \/>\n<meta property=\"og:title\" content=\"V syst\u00e9m pre v\u00edrivky, plaveck\u00e9 k\u00fapele a so\u013en\u00e9 baz\u00e9ny na dezinfekciu sul\" \/>\n<meta property=\"og:description\" content=\"Asin aqua so\u013e pre k\u00fapanie k\u00fape\u013eov a baz\u00e9nov. so\u013en\u00fd syst\u00e9m pre lie\u010dbu soli.\" \/>\n<meta property=\"og:url\" content=\"https:\/\/www.idol.cz\/sk\/produkt\/nezarazene-sk\/system-vpro-virivky-plavat-spa-a-bazeny-na-solny-way-dezinfekcia-na-sul\/\" \/>\n<meta property=\"og:site_name\" content=\"vonkaj\u0161ie v\u00edrivky, swim spa, baz\u00e9ny\" \/>\n<meta property=\"article:publisher\" content=\"https:\/\/www.facebook.com\/IdolSpas\/\" \/>\n<meta property=\"article:modified_time\" content=\"2020-06-06T20:12:09+00:00\" \/>\n<meta name=\"twitter:card\" content=\"summary_large_image\" \/>\n<meta name=\"twitter:label1\" content=\"Predpokladan\u00fd \u010das \u010d\u00edtania\" \/>\n\t<meta name=\"twitter:data1\" content=\"1 min\u00fata\" \/>\n<script type=\"application\/ld+json\" class=\"yoast-schema-graph\">{\"@context\":\"https:\/\/schema.org\",\"@graph\":[{\"@type\":\"WebPage\",\"@id\":\"https:\/\/www.idol.cz\/sk\/produkt\/nezarazene-sk\/system-vpro-virivky-plavat-spa-a-bazeny-na-solny-way-dezinfekcia-na-sul\/\",\"url\":\"https:\/\/www.idol.cz\/sk\/produkt\/nezarazene-sk\/system-vpro-virivky-plavat-spa-a-bazeny-na-solny-way-dezinfekcia-na-sul\/\",\"name\":\"V syst\u00e9m pre v\u00edrivky, plaveck\u00e9 k\u00fapele a so\u013en\u00e9 baz\u00e9ny na dezinfekciu sul | Asin aqua so\u013e pre pl\u00e1va\u0165 k\u00fapele piesky a baz\u00e9ny\",\"isPartOf\":{\"@id\":\"https:\/\/www.idol.cz\/sk\/#website\"},\"datePublished\":\"2020-06-06T20:12:02+00:00\",\"dateModified\":\"2020-06-06T20:12:09+00:00\",\"description\":\"Asin aqua so\u013e pre k\u00fapanie k\u00fape\u013eov a baz\u00e9nov. so\u013en\u00fd syst\u00e9m pre lie\u010dbu soli.\",\"breadcrumb\":{\"@id\":\"https:\/\/www.idol.cz\/sk\/produkt\/nezarazene-sk\/system-vpro-virivky-plavat-spa-a-bazeny-na-solny-way-dezinfekcia-na-sul\/#breadcrumb\"},\"inLanguage\":\"sk-SK\",\"potentialAction\":[{\"@type\":\"ReadAction\",\"target\":[\"https:\/\/www.idol.cz\/sk\/produkt\/nezarazene-sk\/system-vpro-virivky-plavat-spa-a-bazeny-na-solny-way-dezinfekcia-na-sul\/\"]}]},{\"@type\":\"BreadcrumbList\",\"@id\":\"https:\/\/www.idol.cz\/sk\/produkt\/nezarazene-sk\/system-vpro-virivky-plavat-spa-a-bazeny-na-solny-way-dezinfekcia-na-sul\/#breadcrumb\",\"itemListElement\":[{\"@type\":\"ListItem\",\"position\":1,\"name\":\"Dom\u016f\",\"item\":\"https:\/\/www.idol.cz\/sk\/\"},{\"@type\":\"ListItem\",\"position\":2,\"name\":\"E-shop\",\"item\":\"https:\/\/www.idol.cz\/sk\/shop\/\"},{\"@type\":\"ListItem\",\"position\":3,\"name\":\"Neza\u0159azen\u00e9\",\"item\":\"https:\/\/www.idol.cz\/sk\/kategorie-produktu\/nezarazene-sk\/\"},{\"@type\":\"ListItem\",\"position\":4,\"name\":\"V syst\u00e9m pre v\u00edrivky, plaveck\u00e9 k\u00fapele a so\u013en\u00e9 baz\u00e9ny na dezinfekciu sul\"}]},{\"@type\":\"WebSite\",\"@id\":\"https:\/\/www.idol.cz\/sk\/#website\",\"url\":\"https:\/\/www.idol.cz\/sk\/\",\"name\":\"v\u00ed\u0159ivky venkovn\u00ed, swim spa, baz\u00e9ny\",\"description\":\"Luxusn\u00ed \u010desk\u00e9 v\u00ed\u0159ivky a swim spa\",\"publisher\":{\"@id\":\"https:\/\/www.idol.cz\/sk\/#organization\"},\"potentialAction\":[{\"@type\":\"SearchAction\",\"target\":{\"@type\":\"EntryPoint\",\"urlTemplate\":\"https:\/\/www.idol.cz\/sk\/?s={search_term_string}\"},\"query-input\":{\"@type\":\"PropertyValueSpecification\",\"valueRequired\":true,\"valueName\":\"search_term_string\"}}],\"inLanguage\":\"sk-SK\"},{\"@type\":\"Organization\",\"@id\":\"https:\/\/www.idol.cz\/sk\/#organization\",\"name\":\"IDOL SPAS, s.r.o.\",\"url\":\"https:\/\/www.idol.cz\/sk\/\",\"logo\":{\"@type\":\"ImageObject\",\"inLanguage\":\"sk-SK\",\"@id\":\"https:\/\/www.idol.cz\/sk\/#\/schema\/logo\/image\/\",\"url\":\"https:\/\/www.idol.cz\/wp-content\/uploads\/2020\/02\/idol-spas-logo.png\",\"contentUrl\":\"https:\/\/www.idol.cz\/wp-content\/uploads\/2020\/02\/idol-spas-logo.png\",\"width\":512,\"height\":206,\"caption\":\"IDOL SPAS, s.r.o.\"},\"image\":{\"@id\":\"https:\/\/www.idol.cz\/sk\/#\/schema\/logo\/image\/\"},\"sameAs\":[\"https:\/\/www.facebook.com\/IdolSpas\/\"]}]}<\/script>\n<!-- \/ Yoast SEO Premium plugin. -->","yoast_head_json":{"title":"V syst\u00e9m pre v\u00edrivky, plaveck\u00e9 k\u00fapele a so\u013en\u00e9 baz\u00e9ny na dezinfekciu sul | Asin aqua so\u013e pre pl\u00e1va\u0165 k\u00fapele piesky a baz\u00e9ny","description":"Asin aqua so\u013e pre k\u00fapanie k\u00fape\u013eov a baz\u00e9nov. so\u013en\u00fd syst\u00e9m pre lie\u010dbu soli.","robots":{"index":"index","follow":"follow","max-snippet":"max-snippet:-1","max-image-preview":"max-image-preview:large","max-video-preview":"max-video-preview:-1"},"canonical":"https:\/\/www.idol.cz\/sk\/produkt\/nezarazene-sk\/system-vpro-virivky-plavat-spa-a-bazeny-na-solny-way-dezinfekcia-na-sul\/","og_locale":"sk_SK","og_type":"article","og_title":"V syst\u00e9m pre v\u00edrivky, plaveck\u00e9 k\u00fapele a so\u013en\u00e9 baz\u00e9ny na dezinfekciu sul","og_description":"Asin aqua so\u013e pre k\u00fapanie k\u00fape\u013eov a baz\u00e9nov. so\u013en\u00fd syst\u00e9m pre lie\u010dbu soli.","og_url":"https:\/\/www.idol.cz\/sk\/produkt\/nezarazene-sk\/system-vpro-virivky-plavat-spa-a-bazeny-na-solny-way-dezinfekcia-na-sul\/","og_site_name":"vonkaj\u0161ie v\u00edrivky, swim spa, baz\u00e9ny","article_publisher":"https:\/\/www.facebook.com\/IdolSpas\/","article_modified_time":"2020-06-06T20:12:09+00:00","twitter_card":"summary_large_image","twitter_misc":{"Predpokladan\u00fd \u010das \u010d\u00edtania":"1 min\u00fata"},"schema":{"@context":"https:\/\/schema.org","@graph":[{"@type":"WebPage","@id":"https:\/\/www.idol.cz\/sk\/produkt\/nezarazene-sk\/system-vpro-virivky-plavat-spa-a-bazeny-na-solny-way-dezinfekcia-na-sul\/","url":"https:\/\/www.idol.cz\/sk\/produkt\/nezarazene-sk\/system-vpro-virivky-plavat-spa-a-bazeny-na-solny-way-dezinfekcia-na-sul\/","name":"V syst\u00e9m pre v\u00edrivky, plaveck\u00e9 k\u00fapele a so\u013en\u00e9 baz\u00e9ny na dezinfekciu sul | Asin aqua so\u013e pre pl\u00e1va\u0165 k\u00fapele piesky a baz\u00e9ny","isPartOf":{"@id":"https:\/\/www.idol.cz\/sk\/#website"},"datePublished":"2020-06-06T20:12:02+00:00","dateModified":"2020-06-06T20:12:09+00:00","description":"Asin aqua so\u013e pre k\u00fapanie k\u00fape\u013eov a baz\u00e9nov. so\u013en\u00fd syst\u00e9m pre lie\u010dbu soli.","breadcrumb":{"@id":"https:\/\/www.idol.cz\/sk\/produkt\/nezarazene-sk\/system-vpro-virivky-plavat-spa-a-bazeny-na-solny-way-dezinfekcia-na-sul\/#breadcrumb"},"inLanguage":"sk-SK","potentialAction":[{"@type":"ReadAction","target":["https:\/\/www.idol.cz\/sk\/produkt\/nezarazene-sk\/system-vpro-virivky-plavat-spa-a-bazeny-na-solny-way-dezinfekcia-na-sul\/"]}]},{"@type":"BreadcrumbList","@id":"https:\/\/www.idol.cz\/sk\/produkt\/nezarazene-sk\/system-vpro-virivky-plavat-spa-a-bazeny-na-solny-way-dezinfekcia-na-sul\/#breadcrumb","itemListElement":[{"@type":"ListItem","position":1,"name":"Dom\u016f","item":"https:\/\/www.idol.cz\/sk\/"},{"@type":"ListItem","position":2,"name":"E-shop","item":"https:\/\/www.idol.cz\/sk\/shop\/"},{"@type":"ListItem","position":3,"name":"Neza\u0159azen\u00e9","item":"https:\/\/www.idol.cz\/sk\/kategorie-produktu\/nezarazene-sk\/"},{"@type":"ListItem","position":4,"name":"V syst\u00e9m pre v\u00edrivky, plaveck\u00e9 k\u00fapele a so\u013en\u00e9 baz\u00e9ny na dezinfekciu sul"}]},{"@type":"WebSite","@id":"https:\/\/www.idol.cz\/sk\/#website","url":"https:\/\/www.idol.cz\/sk\/","name":"v\u00ed\u0159ivky venkovn\u00ed, swim spa, baz\u00e9ny","description":"Luxusn\u00ed \u010desk\u00e9 v\u00ed\u0159ivky a swim spa","publisher":{"@id":"https:\/\/www.idol.cz\/sk\/#organization"},"potentialAction":[{"@type":"SearchAction","target":{"@type":"EntryPoint","urlTemplate":"https:\/\/www.idol.cz\/sk\/?s={search_term_string}"},"query-input":{"@type":"PropertyValueSpecification","valueRequired":true,"valueName":"search_term_string"}}],"inLanguage":"sk-SK"},{"@type":"Organization","@id":"https:\/\/www.idol.cz\/sk\/#organization","name":"IDOL SPAS, s.r.o.","url":"https:\/\/www.idol.cz\/sk\/","logo":{"@type":"ImageObject","inLanguage":"sk-SK","@id":"https:\/\/www.idol.cz\/sk\/#\/schema\/logo\/image\/","url":"https:\/\/www.idol.cz\/wp-content\/uploads\/2020\/02\/idol-spas-logo.png","contentUrl":"https:\/\/www.idol.cz\/wp-content\/uploads\/2020\/02\/idol-spas-logo.png","width":512,"height":206,"caption":"IDOL SPAS, s.r.o."},"image":{"@id":"https:\/\/www.idol.cz\/sk\/#\/schema\/logo\/image\/"},"sameAs":["https:\/\/www.facebook.com\/IdolSpas\/"]}]}},"_links":{"self":[{"href":"https:\/\/www.idol.cz\/sk\/wp-json\/wp\/v2\/product\/14383"}],"collection":[{"href":"https:\/\/www.idol.cz\/sk\/wp-json\/wp\/v2\/product"}],"about":[{"href":"https:\/\/www.idol.cz\/sk\/wp-json\/wp\/v2\/types\/product"}],"wp:attachment":[{"href":"https:\/\/www.idol.cz\/sk\/wp-json\/wp\/v2\/media?parent=14383"}],"wp:term":[{"taxonomy":"product_cat","embeddable":true,"href":"https:\/\/www.idol.cz\/sk\/wp-json\/wp\/v2\/product_cat?post=14383"},{"taxonomy":"product_tag","embeddable":true,"href":"https:\/\/www.idol.cz\/sk\/wp-json\/wp\/v2\/product_tag?post=14383"}],"curies":[{"name":"wp","href":"https:\/\/api.w.org\/{rel}","templated":true}]}}