{"id":14418,"date":"2025-03-08T15:22:09","date_gmt":"2025-03-08T14:22:09","guid":{"rendered":"https:\/\/idol.cz\/produkt\/nezarazene\/ema-rodina\/"},"modified":"2025-11-26T05:25:49","modified_gmt":"2025-11-26T04:25:49","slug":"ema-family","status":"publish","type":"product","link":"https:\/\/www.idol.cz\/sk\/produkt\/virivky-sk\/ema-family\/","title":{"rendered":"Ema rodina"},"content":{"rendered":"<h3>Luxusn\u00e1 v\u00edrivka Ema Family<\/h3>\n<ul>\n<li>V\u00edrivka a\u017e pre <strong>5 os\u00f4b<\/strong><\/li>\n<li>Najkvalitnej\u0161ie zariadenia od popredn\u00fdch svetov\u00fdch v\u00fdrobcov<\/li>\n<li>Nastavite\u013en\u00e9 rota\u010dn\u00e9 a rovn\u00e9 d\u00fdzy z CMP<\/li>\n<li>Prvotriedny riadiaci syst\u00e9m Gecko a ovl\u00e1dac\u00ed panel Gecko in.k500 s intuit\u00edvnym ovl\u00e1dan\u00edm<\/li>\n<li>Farby termokritu a oblo\u017eenia pod\u013ea v\u00e1\u0161ho v\u00fdberu<\/li>\n<li><strong>Dodacia lehota novej v\u00edrivky len 5-30 pracovn\u00fdch dn\u00ed!<\/strong><\/li>\n<\/ul>\n","protected":false},"excerpt":{"rendered":"<h2>Mama m\u00e1 Emmu, Emma sa ok\u00fapi. Sme \u0161\u0165astn\u00ed!<\/h2>\n","protected":false},"featured_media":16289,"template":"","meta":[],"product_cat":[247,423],"product_tag":[427],"class_list":{"0":"post-14418","1":"product","2":"type-product","3":"status-publish","4":"has-post-thumbnail","6":"product_cat-virivky-sk","7":"product_cat-virivky-family-sk","8":"product_tag-virivky-family-sk","10":"first","11":"instock","12":"sale","13":"taxable","14":"shipping-taxable","15":"purchasable","16":"product-type-simple"},"yoast_head":"<!-- This site is optimized with the Yoast SEO Premium plugin v24.9 (Yoast SEO v24.9) - https:\/\/yoast.com\/wordpress\/plugins\/seo\/ -->\n<title>V\u00edriv\u00e9 baz\u00e9ny |Ema rodina V\u00edriv\u00e9 baz\u00e9ny do z\u00e1hrady.<\/title>\n<meta name=\"description\" content=\"Za\u017eite skuto\u010dn\u00fa relax\u00e1ciu a nechajte sa rozmazn\u00e1va\u0165 dokonale terapeutick\u00fdmi pr\u00fadmi vo v\u00edrivke a\u017e pre 5 os\u00f4b. To v\u00e1m prinesie maxim\u00e1lnu funk\u010dnos\u0165 a \u00fa\u017easn\u00fd dizajn.\" \/>\n<meta name=\"robots\" content=\"index, follow, max-snippet:-1, max-image-preview:large, max-video-preview:-1\" \/>\n<link rel=\"canonical\" href=\"https:\/\/www.idol.cz\/sk\/produkt\/virivky-sk\/ema-family\/\" \/>\n<meta property=\"og:locale\" content=\"sk_SK\" \/>\n<meta property=\"og:type\" content=\"article\" \/>\n<meta property=\"og:title\" content=\"Ema rodina\" \/>\n<meta property=\"og:description\" content=\"Za\u017eite skuto\u010dn\u00fa relax\u00e1ciu a nechajte sa rozmazn\u00e1va\u0165 dokonale terapeutick\u00fdmi pr\u00fadmi vo v\u00edrivke a\u017e pre 5 os\u00f4b. To v\u00e1m prinesie maxim\u00e1lnu funk\u010dnos\u0165 a \u00fa\u017easn\u00fd dizajn.\" \/>\n<meta property=\"og:url\" content=\"https:\/\/www.idol.cz\/sk\/produkt\/virivky-sk\/ema-family\/\" \/>\n<meta property=\"og:site_name\" content=\"vonkaj\u0161ie v\u00edrivky, swim spa, baz\u00e9ny\" \/>\n<meta property=\"article:publisher\" content=\"https:\/\/www.facebook.com\/IdolSpas\/\" \/>\n<meta property=\"article:modified_time\" content=\"2025-11-26T04:25:49+00:00\" \/>\n<meta property=\"og:image\" content=\"https:\/\/www.idol.cz\/wp-content\/uploads\/2018\/10\/idol-spas-luxusni-virivky-ema-fb.jpg\" \/>\n<meta name=\"twitter:card\" content=\"summary_large_image\" \/>\n<script type=\"application\/ld+json\" class=\"yoast-schema-graph\">{\"@context\":\"https:\/\/schema.org\",\"@graph\":[{\"@type\":\"WebPage\",\"@id\":\"https:\/\/www.idol.cz\/sk\/produkt\/virivky-sk\/ema-family\/\",\"url\":\"https:\/\/www.idol.cz\/sk\/produkt\/virivky-sk\/ema-family\/\",\"name\":\"V\u00edriv\u00e9 baz\u00e9ny |Ema rodina V\u00edriv\u00e9 baz\u00e9ny do z\u00e1hrady.\",\"isPartOf\":{\"@id\":\"\/#website\"},\"primaryImageOfPage\":{\"@id\":\"https:\/\/www.idol.cz\/sk\/produkt\/virivky-sk\/ema-family\/#primaryimage\"},\"image\":{\"@id\":\"https:\/\/www.idol.cz\/sk\/produkt\/virivky-sk\/ema-family\/#primaryimage\"},\"thumbnailUrl\":\"https:\/\/www.idol.cz\/wp-content\/uploads\/2020\/04\/virivky-ema-family-idol-spas.jpg\",\"datePublished\":\"2025-03-08T14:22:09+00:00\",\"dateModified\":\"2025-11-26T04:25:49+00:00\",\"description\":\"Za\u017eite skuto\u010dn\u00fa relax\u00e1ciu a nechajte sa rozmazn\u00e1va\u0165 dokonale terapeutick\u00fdmi pr\u00fadmi vo v\u00edrivke a\u017e pre 5 os\u00f4b. To v\u00e1m prinesie maxim\u00e1lnu funk\u010dnos\u0165 a \u00fa\u017easn\u00fd dizajn.\",\"breadcrumb\":{\"@id\":\"https:\/\/www.idol.cz\/sk\/produkt\/virivky-sk\/ema-family\/#breadcrumb\"},\"inLanguage\":\"sk-SK\",\"potentialAction\":[{\"@type\":\"ReadAction\",\"target\":[\"https:\/\/www.idol.cz\/sk\/produkt\/virivky-sk\/ema-family\/\"]}]},{\"@type\":\"ImageObject\",\"inLanguage\":\"sk-SK\",\"@id\":\"https:\/\/www.idol.cz\/sk\/produkt\/virivky-sk\/ema-family\/#primaryimage\",\"url\":\"https:\/\/www.idol.cz\/wp-content\/uploads\/2020\/04\/virivky-ema-family-idol-spas.jpg\",\"contentUrl\":\"https:\/\/www.idol.cz\/wp-content\/uploads\/2020\/04\/virivky-ema-family-idol-spas.jpg\",\"width\":768,\"height\":768,\"caption\":\"Idol K\u00fapele V\u00edrivka Ema Lite\"},{\"@type\":\"BreadcrumbList\",\"@id\":\"https:\/\/www.idol.cz\/sk\/produkt\/virivky-sk\/ema-family\/#breadcrumb\",\"itemListElement\":[{\"@type\":\"ListItem\",\"position\":1,\"name\":\"Dom\u016f\",\"item\":\"https:\/\/www.idol.cz\/sk\/\"},{\"@type\":\"ListItem\",\"position\":2,\"name\":\"V\u00edrivky\",\"item\":\"https:\/\/www.idol.cz\/sk\/kategorie-produktu\/virivky-sk\/\"},{\"@type\":\"ListItem\",\"position\":3,\"name\":\"V\u00edrivky Family\",\"item\":\"https:\/\/www.idol.cz\/sk\/kategorie-produktu\/virivky-family-sk\/\"},{\"@type\":\"ListItem\",\"position\":4,\"name\":\"Ema rodina\"}]},{\"@type\":\"WebSite\",\"@id\":\"\/#website\",\"url\":\"\/\",\"name\":\"v\u00ed\u0159ivky venkovn\u00ed, swim spa, baz\u00e9ny\",\"description\":\"Luxusn\u00ed \u010desk\u00e9 v\u00ed\u0159ivky a swim spa\",\"publisher\":{\"@id\":\"\/#organization\"},\"potentialAction\":[{\"@type\":\"SearchAction\",\"target\":{\"@type\":\"EntryPoint\",\"urlTemplate\":\"\/?s={search_term_string}\"},\"query-input\":{\"@type\":\"PropertyValueSpecification\",\"valueRequired\":true,\"valueName\":\"search_term_string\"}}],\"inLanguage\":\"sk-SK\"},{\"@type\":\"Organization\",\"@id\":\"\/#organization\",\"name\":\"IDOL SPAS, s.r.o.\",\"url\":\"\/\",\"logo\":{\"@type\":\"ImageObject\",\"inLanguage\":\"sk-SK\",\"@id\":\"\/#\/schema\/logo\/image\/\",\"url\":\"https:\/\/www.idol.cz\/wp-content\/uploads\/2020\/02\/idol-spas-logo.png\",\"contentUrl\":\"https:\/\/www.idol.cz\/wp-content\/uploads\/2020\/02\/idol-spas-logo.png\",\"width\":512,\"height\":206,\"caption\":\"IDOL SPAS, s.r.o.\"},\"image\":{\"@id\":\"\/#\/schema\/logo\/image\/\"},\"sameAs\":[\"https:\/\/www.facebook.com\/IdolSpas\/\"]}]}<\/script>\n<!-- \/ Yoast SEO Premium plugin. -->","yoast_head_json":{"title":"V\u00edriv\u00e9 baz\u00e9ny |Ema rodina V\u00edriv\u00e9 baz\u00e9ny do z\u00e1hrady.","description":"Za\u017eite skuto\u010dn\u00fa relax\u00e1ciu a nechajte sa rozmazn\u00e1va\u0165 dokonale terapeutick\u00fdmi pr\u00fadmi vo v\u00edrivke a\u017e pre 5 os\u00f4b. To v\u00e1m prinesie maxim\u00e1lnu funk\u010dnos\u0165 a \u00fa\u017easn\u00fd dizajn.","robots":{"index":"index","follow":"follow","max-snippet":"max-snippet:-1","max-image-preview":"max-image-preview:large","max-video-preview":"max-video-preview:-1"},"canonical":"https:\/\/www.idol.cz\/sk\/produkt\/virivky-sk\/ema-family\/","og_locale":"sk_SK","og_type":"article","og_title":"Ema rodina","og_description":"Za\u017eite skuto\u010dn\u00fa relax\u00e1ciu a nechajte sa rozmazn\u00e1va\u0165 dokonale terapeutick\u00fdmi pr\u00fadmi vo v\u00edrivke a\u017e pre 5 os\u00f4b. To v\u00e1m prinesie maxim\u00e1lnu funk\u010dnos\u0165 a \u00fa\u017easn\u00fd dizajn.","og_url":"https:\/\/www.idol.cz\/sk\/produkt\/virivky-sk\/ema-family\/","og_site_name":"vonkaj\u0161ie v\u00edrivky, swim spa, baz\u00e9ny","article_publisher":"https:\/\/www.facebook.com\/IdolSpas\/","article_modified_time":"2025-11-26T04:25:49+00:00","og_image":[{"url":"https:\/\/www.idol.cz\/wp-content\/uploads\/2018\/10\/idol-spas-luxusni-virivky-ema-fb.jpg","type":"","width":"","height":""}],"twitter_card":"summary_large_image","schema":{"@context":"https:\/\/schema.org","@graph":[{"@type":"WebPage","@id":"https:\/\/www.idol.cz\/sk\/produkt\/virivky-sk\/ema-family\/","url":"https:\/\/www.idol.cz\/sk\/produkt\/virivky-sk\/ema-family\/","name":"V\u00edriv\u00e9 baz\u00e9ny |Ema rodina V\u00edriv\u00e9 baz\u00e9ny do z\u00e1hrady.","isPartOf":{"@id":"\/#website"},"primaryImageOfPage":{"@id":"https:\/\/www.idol.cz\/sk\/produkt\/virivky-sk\/ema-family\/#primaryimage"},"image":{"@id":"https:\/\/www.idol.cz\/sk\/produkt\/virivky-sk\/ema-family\/#primaryimage"},"thumbnailUrl":"https:\/\/www.idol.cz\/wp-content\/uploads\/2020\/04\/virivky-ema-family-idol-spas.jpg","datePublished":"2025-03-08T14:22:09+00:00","dateModified":"2025-11-26T04:25:49+00:00","description":"Za\u017eite skuto\u010dn\u00fa relax\u00e1ciu a nechajte sa rozmazn\u00e1va\u0165 dokonale terapeutick\u00fdmi pr\u00fadmi vo v\u00edrivke a\u017e pre 5 os\u00f4b. To v\u00e1m prinesie maxim\u00e1lnu funk\u010dnos\u0165 a \u00fa\u017easn\u00fd dizajn.","breadcrumb":{"@id":"https:\/\/www.idol.cz\/sk\/produkt\/virivky-sk\/ema-family\/#breadcrumb"},"inLanguage":"sk-SK","potentialAction":[{"@type":"ReadAction","target":["https:\/\/www.idol.cz\/sk\/produkt\/virivky-sk\/ema-family\/"]}]},{"@type":"ImageObject","inLanguage":"sk-SK","@id":"https:\/\/www.idol.cz\/sk\/produkt\/virivky-sk\/ema-family\/#primaryimage","url":"https:\/\/www.idol.cz\/wp-content\/uploads\/2020\/04\/virivky-ema-family-idol-spas.jpg","contentUrl":"https:\/\/www.idol.cz\/wp-content\/uploads\/2020\/04\/virivky-ema-family-idol-spas.jpg","width":768,"height":768,"caption":"Idol K\u00fapele V\u00edrivka Ema Lite"},{"@type":"BreadcrumbList","@id":"https:\/\/www.idol.cz\/sk\/produkt\/virivky-sk\/ema-family\/#breadcrumb","itemListElement":[{"@type":"ListItem","position":1,"name":"Dom\u016f","item":"https:\/\/www.idol.cz\/sk\/"},{"@type":"ListItem","position":2,"name":"V\u00edrivky","item":"https:\/\/www.idol.cz\/sk\/kategorie-produktu\/virivky-sk\/"},{"@type":"ListItem","position":3,"name":"V\u00edrivky Family","item":"https:\/\/www.idol.cz\/sk\/kategorie-produktu\/virivky-family-sk\/"},{"@type":"ListItem","position":4,"name":"Ema rodina"}]},{"@type":"WebSite","@id":"\/#website","url":"\/","name":"v\u00ed\u0159ivky venkovn\u00ed, swim spa, baz\u00e9ny","description":"Luxusn\u00ed \u010desk\u00e9 v\u00ed\u0159ivky a swim spa","publisher":{"@id":"\/#organization"},"potentialAction":[{"@type":"SearchAction","target":{"@type":"EntryPoint","urlTemplate":"\/?s={search_term_string}"},"query-input":{"@type":"PropertyValueSpecification","valueRequired":true,"valueName":"search_term_string"}}],"inLanguage":"sk-SK"},{"@type":"Organization","@id":"\/#organization","name":"IDOL SPAS, s.r.o.","url":"\/","logo":{"@type":"ImageObject","inLanguage":"sk-SK","@id":"\/#\/schema\/logo\/image\/","url":"https:\/\/www.idol.cz\/wp-content\/uploads\/2020\/02\/idol-spas-logo.png","contentUrl":"https:\/\/www.idol.cz\/wp-content\/uploads\/2020\/02\/idol-spas-logo.png","width":512,"height":206,"caption":"IDOL SPAS, s.r.o."},"image":{"@id":"\/#\/schema\/logo\/image\/"},"sameAs":["https:\/\/www.facebook.com\/IdolSpas\/"]}]}},"_links":{"self":[{"href":"https:\/\/www.idol.cz\/sk\/wp-json\/wp\/v2\/product\/14418"}],"collection":[{"href":"https:\/\/www.idol.cz\/sk\/wp-json\/wp\/v2\/product"}],"about":[{"href":"https:\/\/www.idol.cz\/sk\/wp-json\/wp\/v2\/types\/product"}],"wp:featuredmedia":[{"embeddable":true,"href":"https:\/\/www.idol.cz\/sk\/wp-json\/wp\/v2\/media\/16289"}],"wp:attachment":[{"href":"https:\/\/www.idol.cz\/sk\/wp-json\/wp\/v2\/media?parent=14418"}],"wp:term":[{"taxonomy":"product_cat","embeddable":true,"href":"https:\/\/www.idol.cz\/sk\/wp-json\/wp\/v2\/product_cat?post=14418"},{"taxonomy":"product_tag","embeddable":true,"href":"https:\/\/www.idol.cz\/sk\/wp-json\/wp\/v2\/product_tag?post=14418"}],"curies":[{"name":"wp","href":"https:\/\/api.w.org\/{rel}","templated":true}]}}