{"id":14434,"date":"2025-03-08T15:23:17","date_gmt":"2025-03-08T14:23:17","guid":{"rendered":"https:\/\/idol.cz\/produkt\/nezarazene\/rodina-nela\/"},"modified":"2025-11-26T05:25:49","modified_gmt":"2025-11-26T04:25:49","slug":"nela-family","status":"publish","type":"product","link":"https:\/\/www.idol.cz\/sk\/produkt\/virivky-sk\/nela-family\/","title":{"rendered":"Rodina Nela"},"content":{"rendered":"<h3>Luxusn\u00e1 v\u00edrivka Nela Family<\/h3>\n<ul>\n<li>V\u00edrivka a\u017e pre <strong>3 osoby<\/strong><\/li>\n<li>Najkvalitnej\u0161ie zariadenia od popredn\u00fdch svetov\u00fdch v\u00fdrobcov<\/li>\n<li>Nastavite\u013en\u00e9 rota\u010dn\u00e9 a rovn\u00e9 d\u00fdzy z CMP<\/li>\n<li>Prvotriedny riadiaci syst\u00e9m Gecko a ovl\u00e1dac\u00ed panel Gecko in.k500 s intuit\u00edvnym ovl\u00e1dan\u00edm<\/li>\n<li>Farby termokritu a oblo\u017eenia pod\u013ea v\u00e1\u0161ho v\u00fdberu<\/li>\n<li><strong>Dodacia lehota novej v\u00edrivky len 5-30 pracovn\u00fdch dn\u00ed!<\/strong><\/li>\n<\/ul>\n","protected":false},"excerpt":{"rendered":"<h2>Najnov\u0161\u00ed dizajn a n\u00e1dhern\u00e9 l\u00ednie<\/h2>\n","protected":false},"featured_media":14430,"template":"","meta":[],"product_cat":[247,423],"product_tag":[427],"class_list":{"0":"post-14434","1":"product","2":"type-product","3":"status-publish","4":"has-post-thumbnail","6":"product_cat-virivky-sk","7":"product_cat-virivky-family-sk","8":"product_tag-virivky-family-sk","10":"first","11":"instock","12":"sale","13":"taxable","14":"shipping-taxable","15":"purchasable","16":"product-type-simple"},"yoast_head":"<!-- This site is optimized with the Yoast SEO Premium plugin v24.9 (Yoast SEO v24.9) - https:\/\/yoast.com\/wordpress\/plugins\/seo\/ -->\n<title>V\u00edrivka Rodina Nela - luxusn\u00e9 vonkaj\u0161ie v\u00edrivky<\/title>\n<meta name=\"description\" content=\"V\u00edrivka Nela Family a\u017e pre dve alebo tri osoby, vhodn\u00e1 na 230 V. Luxusn\u00e1 \u010desk\u00e1 vonkaj\u0161ia z\u00e1hradn\u00e1 v\u00edrivka lacno v akcii v\u00fdpredaj Praha.\" \/>\n<meta name=\"robots\" content=\"index, follow, max-snippet:-1, max-image-preview:large, max-video-preview:-1\" \/>\n<link rel=\"canonical\" href=\"https:\/\/www.idol.cz\/sk\/produkt\/virivky-sk\/nela-family\/\" \/>\n<meta property=\"og:locale\" content=\"sk_SK\" \/>\n<meta property=\"og:type\" content=\"article\" \/>\n<meta property=\"og:title\" content=\"Rodina Nela\" \/>\n<meta property=\"og:description\" content=\"V\u00edrivka Nela Family a\u017e pre dve alebo tri osoby, vhodn\u00e1 na 230 V. Luxusn\u00e1 \u010desk\u00e1 vonkaj\u0161ia z\u00e1hradn\u00e1 v\u00edrivka lacno v akcii v\u00fdpredaj Praha.\" \/>\n<meta property=\"og:url\" content=\"https:\/\/www.idol.cz\/sk\/produkt\/virivky-sk\/nela-family\/\" \/>\n<meta property=\"og:site_name\" content=\"vonkaj\u0161ie v\u00edrivky, swim spa, baz\u00e9ny\" \/>\n<meta property=\"article:publisher\" content=\"https:\/\/www.facebook.com\/IdolSpas\/\" \/>\n<meta property=\"article:modified_time\" content=\"2025-11-26T04:25:49+00:00\" \/>\n<meta property=\"og:image\" content=\"https:\/\/www.idol.cz\/wp-content\/uploads\/2018\/11\/idol-spas-luxusni-virivky-nela-lite-fb.jpg\" \/>\n<meta name=\"twitter:card\" content=\"summary_large_image\" \/>\n<script type=\"application\/ld+json\" class=\"yoast-schema-graph\">{\"@context\":\"https:\/\/schema.org\",\"@graph\":[{\"@type\":\"WebPage\",\"@id\":\"https:\/\/www.idol.cz\/sk\/produkt\/virivky-sk\/nela-family\/\",\"url\":\"https:\/\/www.idol.cz\/sk\/produkt\/virivky-sk\/nela-family\/\",\"name\":\"V\u00edrivka Rodina Nela - luxusn\u00e9 vonkaj\u0161ie v\u00edrivky\",\"isPartOf\":{\"@id\":\"https:\/\/www.idol.cz\/sk\/#website\"},\"primaryImageOfPage\":{\"@id\":\"https:\/\/www.idol.cz\/sk\/produkt\/virivky-sk\/nela-family\/#primaryimage\"},\"image\":{\"@id\":\"https:\/\/www.idol.cz\/sk\/produkt\/virivky-sk\/nela-family\/#primaryimage\"},\"thumbnailUrl\":\"https:\/\/www.idol.cz\/wp-content\/uploads\/2020\/04\/idol-spas-nela-family-01.jpg\",\"datePublished\":\"2025-03-08T14:23:17+00:00\",\"dateModified\":\"2025-11-26T04:25:49+00:00\",\"description\":\"V\u00edrivka Nela Family a\u017e pre dve alebo tri osoby, vhodn\u00e1 na 230 V. Luxusn\u00e1 \u010desk\u00e1 vonkaj\u0161ia z\u00e1hradn\u00e1 v\u00edrivka lacno v akcii v\u00fdpredaj Praha.\",\"breadcrumb\":{\"@id\":\"https:\/\/www.idol.cz\/sk\/produkt\/virivky-sk\/nela-family\/#breadcrumb\"},\"inLanguage\":\"sk-SK\",\"potentialAction\":[{\"@type\":\"ReadAction\",\"target\":[\"https:\/\/www.idol.cz\/sk\/produkt\/virivky-sk\/nela-family\/\"]}]},{\"@type\":\"ImageObject\",\"inLanguage\":\"sk-SK\",\"@id\":\"https:\/\/www.idol.cz\/sk\/produkt\/virivky-sk\/nela-family\/#primaryimage\",\"url\":\"https:\/\/www.idol.cz\/wp-content\/uploads\/2020\/04\/idol-spas-nela-family-01.jpg\",\"contentUrl\":\"https:\/\/www.idol.cz\/wp-content\/uploads\/2020\/04\/idol-spas-nela-family-01.jpg\",\"width\":1080,\"height\":1080},{\"@type\":\"BreadcrumbList\",\"@id\":\"https:\/\/www.idol.cz\/sk\/produkt\/virivky-sk\/nela-family\/#breadcrumb\",\"itemListElement\":[{\"@type\":\"ListItem\",\"position\":1,\"name\":\"Dom\u016f\",\"item\":\"https:\/\/www.idol.cz\/sk\/\"},{\"@type\":\"ListItem\",\"position\":2,\"name\":\"E-shop\",\"item\":\"https:\/\/www.idol.cz\/sk\/shop\/\"},{\"@type\":\"ListItem\",\"position\":3,\"name\":\"V\u00edrivky\",\"item\":\"https:\/\/www.idol.cz\/sk\/kategorie-produktu\/virivky-sk\/\"},{\"@type\":\"ListItem\",\"position\":4,\"name\":\"Rodina Nela\"}]},{\"@type\":\"WebSite\",\"@id\":\"https:\/\/www.idol.cz\/sk\/#website\",\"url\":\"https:\/\/www.idol.cz\/sk\/\",\"name\":\"v\u00ed\u0159ivky venkovn\u00ed, swim spa, baz\u00e9ny\",\"description\":\"Luxusn\u00ed \u010desk\u00e9 v\u00ed\u0159ivky a swim spa\",\"publisher\":{\"@id\":\"https:\/\/www.idol.cz\/sk\/#organization\"},\"potentialAction\":[{\"@type\":\"SearchAction\",\"target\":{\"@type\":\"EntryPoint\",\"urlTemplate\":\"https:\/\/www.idol.cz\/sk\/?s={search_term_string}\"},\"query-input\":{\"@type\":\"PropertyValueSpecification\",\"valueRequired\":true,\"valueName\":\"search_term_string\"}}],\"inLanguage\":\"sk-SK\"},{\"@type\":\"Organization\",\"@id\":\"https:\/\/www.idol.cz\/sk\/#organization\",\"name\":\"IDOL SPAS, s.r.o.\",\"url\":\"https:\/\/www.idol.cz\/sk\/\",\"logo\":{\"@type\":\"ImageObject\",\"inLanguage\":\"sk-SK\",\"@id\":\"https:\/\/www.idol.cz\/sk\/#\/schema\/logo\/image\/\",\"url\":\"https:\/\/www.idol.cz\/wp-content\/uploads\/2020\/02\/idol-spas-logo.png\",\"contentUrl\":\"https:\/\/www.idol.cz\/wp-content\/uploads\/2020\/02\/idol-spas-logo.png\",\"width\":512,\"height\":206,\"caption\":\"IDOL SPAS, s.r.o.\"},\"image\":{\"@id\":\"https:\/\/www.idol.cz\/sk\/#\/schema\/logo\/image\/\"},\"sameAs\":[\"https:\/\/www.facebook.com\/IdolSpas\/\"]}]}<\/script>\n<!-- \/ Yoast SEO Premium plugin. -->","yoast_head_json":{"title":"V\u00edrivka Rodina Nela - luxusn\u00e9 vonkaj\u0161ie v\u00edrivky","description":"V\u00edrivka Nela Family a\u017e pre dve alebo tri osoby, vhodn\u00e1 na 230 V. Luxusn\u00e1 \u010desk\u00e1 vonkaj\u0161ia z\u00e1hradn\u00e1 v\u00edrivka lacno v akcii v\u00fdpredaj Praha.","robots":{"index":"index","follow":"follow","max-snippet":"max-snippet:-1","max-image-preview":"max-image-preview:large","max-video-preview":"max-video-preview:-1"},"canonical":"https:\/\/www.idol.cz\/sk\/produkt\/virivky-sk\/nela-family\/","og_locale":"sk_SK","og_type":"article","og_title":"Rodina Nela","og_description":"V\u00edrivka Nela Family a\u017e pre dve alebo tri osoby, vhodn\u00e1 na 230 V. Luxusn\u00e1 \u010desk\u00e1 vonkaj\u0161ia z\u00e1hradn\u00e1 v\u00edrivka lacno v akcii v\u00fdpredaj Praha.","og_url":"https:\/\/www.idol.cz\/sk\/produkt\/virivky-sk\/nela-family\/","og_site_name":"vonkaj\u0161ie v\u00edrivky, swim spa, baz\u00e9ny","article_publisher":"https:\/\/www.facebook.com\/IdolSpas\/","article_modified_time":"2025-11-26T04:25:49+00:00","og_image":[{"url":"https:\/\/www.idol.cz\/wp-content\/uploads\/2018\/11\/idol-spas-luxusni-virivky-nela-lite-fb.jpg","type":"","width":"","height":""}],"twitter_card":"summary_large_image","schema":{"@context":"https:\/\/schema.org","@graph":[{"@type":"WebPage","@id":"https:\/\/www.idol.cz\/sk\/produkt\/virivky-sk\/nela-family\/","url":"https:\/\/www.idol.cz\/sk\/produkt\/virivky-sk\/nela-family\/","name":"V\u00edrivka Rodina Nela - luxusn\u00e9 vonkaj\u0161ie v\u00edrivky","isPartOf":{"@id":"https:\/\/www.idol.cz\/sk\/#website"},"primaryImageOfPage":{"@id":"https:\/\/www.idol.cz\/sk\/produkt\/virivky-sk\/nela-family\/#primaryimage"},"image":{"@id":"https:\/\/www.idol.cz\/sk\/produkt\/virivky-sk\/nela-family\/#primaryimage"},"thumbnailUrl":"https:\/\/www.idol.cz\/wp-content\/uploads\/2020\/04\/idol-spas-nela-family-01.jpg","datePublished":"2025-03-08T14:23:17+00:00","dateModified":"2025-11-26T04:25:49+00:00","description":"V\u00edrivka Nela Family a\u017e pre dve alebo tri osoby, vhodn\u00e1 na 230 V. Luxusn\u00e1 \u010desk\u00e1 vonkaj\u0161ia z\u00e1hradn\u00e1 v\u00edrivka lacno v akcii v\u00fdpredaj Praha.","breadcrumb":{"@id":"https:\/\/www.idol.cz\/sk\/produkt\/virivky-sk\/nela-family\/#breadcrumb"},"inLanguage":"sk-SK","potentialAction":[{"@type":"ReadAction","target":["https:\/\/www.idol.cz\/sk\/produkt\/virivky-sk\/nela-family\/"]}]},{"@type":"ImageObject","inLanguage":"sk-SK","@id":"https:\/\/www.idol.cz\/sk\/produkt\/virivky-sk\/nela-family\/#primaryimage","url":"https:\/\/www.idol.cz\/wp-content\/uploads\/2020\/04\/idol-spas-nela-family-01.jpg","contentUrl":"https:\/\/www.idol.cz\/wp-content\/uploads\/2020\/04\/idol-spas-nela-family-01.jpg","width":1080,"height":1080},{"@type":"BreadcrumbList","@id":"https:\/\/www.idol.cz\/sk\/produkt\/virivky-sk\/nela-family\/#breadcrumb","itemListElement":[{"@type":"ListItem","position":1,"name":"Dom\u016f","item":"https:\/\/www.idol.cz\/sk\/"},{"@type":"ListItem","position":2,"name":"E-shop","item":"https:\/\/www.idol.cz\/sk\/shop\/"},{"@type":"ListItem","position":3,"name":"V\u00edrivky","item":"https:\/\/www.idol.cz\/sk\/kategorie-produktu\/virivky-sk\/"},{"@type":"ListItem","position":4,"name":"Rodina Nela"}]},{"@type":"WebSite","@id":"https:\/\/www.idol.cz\/sk\/#website","url":"https:\/\/www.idol.cz\/sk\/","name":"v\u00ed\u0159ivky venkovn\u00ed, swim spa, baz\u00e9ny","description":"Luxusn\u00ed \u010desk\u00e9 v\u00ed\u0159ivky a swim spa","publisher":{"@id":"https:\/\/www.idol.cz\/sk\/#organization"},"potentialAction":[{"@type":"SearchAction","target":{"@type":"EntryPoint","urlTemplate":"https:\/\/www.idol.cz\/sk\/?s={search_term_string}"},"query-input":{"@type":"PropertyValueSpecification","valueRequired":true,"valueName":"search_term_string"}}],"inLanguage":"sk-SK"},{"@type":"Organization","@id":"https:\/\/www.idol.cz\/sk\/#organization","name":"IDOL SPAS, s.r.o.","url":"https:\/\/www.idol.cz\/sk\/","logo":{"@type":"ImageObject","inLanguage":"sk-SK","@id":"https:\/\/www.idol.cz\/sk\/#\/schema\/logo\/image\/","url":"https:\/\/www.idol.cz\/wp-content\/uploads\/2020\/02\/idol-spas-logo.png","contentUrl":"https:\/\/www.idol.cz\/wp-content\/uploads\/2020\/02\/idol-spas-logo.png","width":512,"height":206,"caption":"IDOL SPAS, s.r.o."},"image":{"@id":"https:\/\/www.idol.cz\/sk\/#\/schema\/logo\/image\/"},"sameAs":["https:\/\/www.facebook.com\/IdolSpas\/"]}]}},"_links":{"self":[{"href":"https:\/\/www.idol.cz\/sk\/wp-json\/wp\/v2\/product\/14434"}],"collection":[{"href":"https:\/\/www.idol.cz\/sk\/wp-json\/wp\/v2\/product"}],"about":[{"href":"https:\/\/www.idol.cz\/sk\/wp-json\/wp\/v2\/types\/product"}],"wp:featuredmedia":[{"embeddable":true,"href":"https:\/\/www.idol.cz\/sk\/wp-json\/wp\/v2\/media\/14430"}],"wp:attachment":[{"href":"https:\/\/www.idol.cz\/sk\/wp-json\/wp\/v2\/media?parent=14434"}],"wp:term":[{"taxonomy":"product_cat","embeddable":true,"href":"https:\/\/www.idol.cz\/sk\/wp-json\/wp\/v2\/product_cat?post=14434"},{"taxonomy":"product_tag","embeddable":true,"href":"https:\/\/www.idol.cz\/sk\/wp-json\/wp\/v2\/product_tag?post=14434"}],"curies":[{"name":"wp","href":"https:\/\/api.w.org\/{rel}","templated":true}]}}