{"id":17276,"date":"2021-01-27T14:46:31","date_gmt":"2021-01-27T13:46:32","guid":{"rendered":"https:\/\/www.idol.cz\/?post_type=product&#038;p=17276"},"modified":"2021-01-27T18:29:14","modified_gmt":"2021-01-27T17:29:14","slug":"svetlo-dubova-farba-kopirovat-2","status":"publish","type":"product","link":"https:\/\/www.idol.cz\/sk\/produkt\/virivky-sk\/dalsie-moznosti-virivky\/termokryt-s-virivkou\/svetlo-dubova-farba-kopirovat-2\/","title":{"rendered":"Tmav\u00e1 Dubov\u00e1 Farba"},"content":{"rendered":"\t\t<div data-elementor-type=\"product-post\" data-elementor-id=\"17276\" class=\"elementor elementor-17276 elementor-17271\" data-elementor-post-type=\"product\">\n\t\t\t\t\t\t<section class=\"ob-is-breaking-bad elementor-section elementor-top-section elementor-element elementor-element-64cabfda elementor-section-boxed elementor-section-height-default elementor-section-height-default\" data-id=\"64cabfda\" data-element_type=\"section\" data-settings=\"{&quot;_ob_bbad_use_it&quot;:&quot;yes&quot;,&quot;_ob_bbad_sssic_use&quot;:&quot;no&quot;}\">\n\t\t\t\t\t\t<div class=\"elementor-container elementor-column-gap-default\">\n\t\t\t\t\t<div class=\"elementor-column elementor-col-100 elementor-top-column elementor-element elementor-element-72710326\" data-id=\"72710326\" data-element_type=\"column\" data-settings=\"{&quot;_ob_bbad_is_stalker&quot;:&quot;no&quot;,&quot;_ob_teleporter_use&quot;:false}\">\n\t\t\t<div class=\"elementor-widget-wrap elementor-element-populated\">\n\t\t\t\t\t\t<div class=\"elementor-element elementor-element-98e857d ob-harakiri-inherit elementor-widget elementor-widget-text-editor\" data-id=\"98e857d\" data-element_type=\"widget\" data-settings=\"{&quot;_ob_use_harakiri&quot;:&quot;yes&quot;,&quot;_ob_harakiri_writing_mode&quot;:&quot;inherit&quot;,&quot;_ob_widget_stalker_use&quot;:&quot;no&quot;}\" data-widget_type=\"text-editor.default\">\n\t\t\t\t\t\t\t\t\t<p><strong><span style=\"font-size: 14pt;\">Termokryt\u00a0pre v\u00edrivky.<\/span><\/strong><\/p><p><span style=\"font-size: 14pt;\">Na\u0161e vysokokvalitn\u00e9 tepeln\u00e9 kryty s\u00fa d\u00f4le\u017eitou s\u00fa\u010das\u0165ou va\u0161ich k\u00fape\u013eov a s\u00fa navrhnut\u00e9 tak, aby udr\u017eali teplo a zn\u00ed\u017eili va\u0161e n\u00e1klady na energiu.<\/span><br \/><span style=\"font-size: 14pt;\">K dispoz\u00edcii v piatich farb\u00e1ch pod\u013ea v\u00e1\u0161ho v\u00fdberu. Pre lite model je k dispoz\u00edcii len nieko\u013eko.<\/span><\/p><p><strong><span style=\"font-size: 14pt;\">Farba 2.<\/span><\/strong><\/p>\t\t\t\t\t\t\t\t<\/div>\n\t\t\t\t\t<\/div>\n\t\t<\/div>\n\t\t\t\t\t<\/div>\n\t\t<\/section>\n\t\t\t\t<\/div>\n\t\t","protected":false},"excerpt":{"rendered":"<p>Termokryt\u00a0pre v\u00edrivky. Na\u0161e vysokokvalitn\u00e9 tepeln\u00e9 kryty s\u00fa d\u00f4le\u017eitou s\u00fa\u010das\u0165ou va\u0161ich k\u00fape\u013eov a s\u00fa navrhnut\u00e9 tak, aby udr\u017eali teplo a zn\u00ed\u017eili va\u0161e n\u00e1klady na energiu. K dispoz\u00edcii v piatich farb\u00e1ch pod\u013ea v\u00e1\u0161ho v\u00fdberu. Pre lite model je k dispoz\u00edcii len nieko\u013eko. Farba 2.<\/p>\n","protected":false},"featured_media":11448,"template":"","meta":[],"product_cat":[258],"product_tag":[],"class_list":{"0":"post-17276","1":"product","2":"type-product","3":"status-publish","4":"has-post-thumbnail","6":"product_cat-termokryt-s-virivkou","8":"first","9":"instock","10":"taxable","11":"shipping-taxable","12":"purchasable","13":"product-type-simple"},"yoast_head":"<!-- This site is optimized with the Yoast SEO Premium plugin v24.9 (Yoast SEO v24.9) - https:\/\/yoast.com\/wordpress\/plugins\/seo\/ -->\n<title>Tmav\u00e1 Dubov\u00e1 Farba | vonkaj\u0161ie v\u00edrivky, swim spa, baz\u00e9ny<\/title>\n<meta name=\"robots\" content=\"index, follow, max-snippet:-1, max-image-preview:large, max-video-preview:-1\" \/>\n<link rel=\"canonical\" href=\"https:\/\/www.idol.cz\/sk\/produkt\/virivky-sk\/dalsie-moznosti-virivky\/termokryt-s-virivkou\/svetlo-dubova-farba-kopirovat-2\/\" \/>\n<meta property=\"og:locale\" content=\"sk_SK\" \/>\n<meta property=\"og:type\" content=\"article\" \/>\n<meta property=\"og:title\" content=\"Tmav\u00e1 Dubov\u00e1 Farba\" \/>\n<meta property=\"og:description\" content=\"Termokryt\u00a0pre v\u00edrivky. Na\u0161e vysokokvalitn\u00e9 tepeln\u00e9 kryty s\u00fa d\u00f4le\u017eitou s\u00fa\u010das\u0165ou va\u0161ich k\u00fape\u013eov a s\u00fa navrhnut\u00e9 tak, aby udr\u017eali teplo a zn\u00ed\u017eili va\u0161e n\u00e1klady na energiu. K dispoz\u00edcii v piatich farb\u00e1ch pod\u013ea v\u00e1\u0161ho v\u00fdberu. Pre lite model je k dispoz\u00edcii len nieko\u013eko. Farba 2.\" \/>\n<meta property=\"og:url\" content=\"https:\/\/www.idol.cz\/sk\/produkt\/virivky-sk\/dalsie-moznosti-virivky\/termokryt-s-virivkou\/svetlo-dubova-farba-kopirovat-2\/\" \/>\n<meta property=\"og:site_name\" content=\"vonkaj\u0161ie v\u00edrivky, swim spa, baz\u00e9ny\" \/>\n<meta property=\"article:publisher\" content=\"https:\/\/www.facebook.com\/IdolSpas\/\" \/>\n<meta property=\"article:modified_time\" content=\"2021-01-27T17:29:14+00:00\" \/>\n<meta property=\"og:image\" content=\"https:\/\/www.idol.cz\/wp-content\/uploads\/2020\/01\/idol-spas-barva-termokrytu-virivky-02.jpg\" \/>\n\t<meta property=\"og:image:width\" content=\"1181\" \/>\n\t<meta property=\"og:image:height\" content=\"1181\" \/>\n\t<meta property=\"og:image:type\" content=\"image\/jpeg\" \/>\n<meta name=\"twitter:card\" content=\"summary_large_image\" \/>\n<script type=\"application\/ld+json\" class=\"yoast-schema-graph\">{\"@context\":\"https:\/\/schema.org\",\"@graph\":[{\"@type\":\"WebPage\",\"@id\":\"https:\/\/www.idol.cz\/sk\/produkt\/virivky-sk\/dalsie-moznosti-virivky\/termokryt-s-virivkou\/svetlo-dubova-farba-kopirovat-2\/\",\"url\":\"https:\/\/www.idol.cz\/sk\/produkt\/virivky-sk\/dalsie-moznosti-virivky\/termokryt-s-virivkou\/svetlo-dubova-farba-kopirovat-2\/\",\"name\":\"Tmav\u00e1 Dubov\u00e1 Farba | vonkaj\u0161ie v\u00edrivky, swim spa, baz\u00e9ny\",\"isPartOf\":{\"@id\":\"https:\/\/www.idol.cz\/sk\/#website\"},\"primaryImageOfPage\":{\"@id\":\"https:\/\/www.idol.cz\/sk\/produkt\/virivky-sk\/dalsie-moznosti-virivky\/termokryt-s-virivkou\/svetlo-dubova-farba-kopirovat-2\/#primaryimage\"},\"image\":{\"@id\":\"https:\/\/www.idol.cz\/sk\/produkt\/virivky-sk\/dalsie-moznosti-virivky\/termokryt-s-virivkou\/svetlo-dubova-farba-kopirovat-2\/#primaryimage\"},\"thumbnailUrl\":\"https:\/\/www.idol.cz\/wp-content\/uploads\/2020\/01\/idol-spas-barva-termokrytu-virivky-02.jpg\",\"datePublished\":\"2021-01-27T13:46:32+00:00\",\"dateModified\":\"2021-01-27T17:29:14+00:00\",\"breadcrumb\":{\"@id\":\"https:\/\/www.idol.cz\/sk\/produkt\/virivky-sk\/dalsie-moznosti-virivky\/termokryt-s-virivkou\/svetlo-dubova-farba-kopirovat-2\/#breadcrumb\"},\"inLanguage\":\"sk-SK\",\"potentialAction\":[{\"@type\":\"ReadAction\",\"target\":[\"https:\/\/www.idol.cz\/sk\/produkt\/virivky-sk\/dalsie-moznosti-virivky\/termokryt-s-virivkou\/svetlo-dubova-farba-kopirovat-2\/\"]}]},{\"@type\":\"ImageObject\",\"inLanguage\":\"sk-SK\",\"@id\":\"https:\/\/www.idol.cz\/sk\/produkt\/virivky-sk\/dalsie-moznosti-virivky\/termokryt-s-virivkou\/svetlo-dubova-farba-kopirovat-2\/#primaryimage\",\"url\":\"https:\/\/www.idol.cz\/wp-content\/uploads\/2020\/01\/idol-spas-barva-termokrytu-virivky-02.jpg\",\"contentUrl\":\"https:\/\/www.idol.cz\/wp-content\/uploads\/2020\/01\/idol-spas-barva-termokrytu-virivky-02.jpg\",\"width\":1181,\"height\":1181,\"caption\":\"v\u00edrivky termocover\"},{\"@type\":\"BreadcrumbList\",\"@id\":\"https:\/\/www.idol.cz\/sk\/produkt\/virivky-sk\/dalsie-moznosti-virivky\/termokryt-s-virivkou\/svetlo-dubova-farba-kopirovat-2\/#breadcrumb\",\"itemListElement\":[{\"@type\":\"ListItem\",\"position\":1,\"name\":\"Dom\u016f\",\"item\":\"https:\/\/www.idol.cz\/sk\/\"},{\"@type\":\"ListItem\",\"position\":2,\"name\":\"E-shop\",\"item\":\"https:\/\/www.idol.cz\/sk\/shop\/\"},{\"@type\":\"ListItem\",\"position\":3,\"name\":\"V\u00edrivky\",\"item\":\"https:\/\/www.idol.cz\/sk\/kategorie-produktu\/virivky-sk\/\"},{\"@type\":\"ListItem\",\"position\":4,\"name\":\"\u010eal\u0161ie mo\u017enosti v\u00edrivky\",\"item\":\"https:\/\/www.idol.cz\/sk\/kategorie-produktu\/virivky-sk\/dalsie-moznosti-virivky\/\"},{\"@type\":\"ListItem\",\"position\":5,\"name\":\"Termokryt s v\u00edrivkou\",\"item\":\"https:\/\/www.idol.cz\/sk\/kategorie-produktu\/virivky-sk\/dalsie-moznosti-virivky\/termokryt-s-virivkou\/\"},{\"@type\":\"ListItem\",\"position\":6,\"name\":\"Tmav\u00e1 Dubov\u00e1 Farba\"}]},{\"@type\":\"WebSite\",\"@id\":\"https:\/\/www.idol.cz\/sk\/#website\",\"url\":\"https:\/\/www.idol.cz\/sk\/\",\"name\":\"v\u00ed\u0159ivky venkovn\u00ed, swim spa, baz\u00e9ny\",\"description\":\"Luxusn\u00ed \u010desk\u00e9 v\u00ed\u0159ivky a swim spa\",\"publisher\":{\"@id\":\"https:\/\/www.idol.cz\/sk\/#organization\"},\"potentialAction\":[{\"@type\":\"SearchAction\",\"target\":{\"@type\":\"EntryPoint\",\"urlTemplate\":\"https:\/\/www.idol.cz\/sk\/?s={search_term_string}\"},\"query-input\":{\"@type\":\"PropertyValueSpecification\",\"valueRequired\":true,\"valueName\":\"search_term_string\"}}],\"inLanguage\":\"sk-SK\"},{\"@type\":\"Organization\",\"@id\":\"https:\/\/www.idol.cz\/sk\/#organization\",\"name\":\"IDOL SPAS, s.r.o.\",\"url\":\"https:\/\/www.idol.cz\/sk\/\",\"logo\":{\"@type\":\"ImageObject\",\"inLanguage\":\"sk-SK\",\"@id\":\"https:\/\/www.idol.cz\/sk\/#\/schema\/logo\/image\/\",\"url\":\"https:\/\/www.idol.cz\/wp-content\/uploads\/2020\/02\/idol-spas-logo.png\",\"contentUrl\":\"https:\/\/www.idol.cz\/wp-content\/uploads\/2020\/02\/idol-spas-logo.png\",\"width\":512,\"height\":206,\"caption\":\"IDOL SPAS, s.r.o.\"},\"image\":{\"@id\":\"https:\/\/www.idol.cz\/sk\/#\/schema\/logo\/image\/\"},\"sameAs\":[\"https:\/\/www.facebook.com\/IdolSpas\/\"]}]}<\/script>\n<!-- \/ Yoast SEO Premium plugin. -->","yoast_head_json":{"title":"Tmav\u00e1 Dubov\u00e1 Farba | vonkaj\u0161ie v\u00edrivky, swim spa, baz\u00e9ny","robots":{"index":"index","follow":"follow","max-snippet":"max-snippet:-1","max-image-preview":"max-image-preview:large","max-video-preview":"max-video-preview:-1"},"canonical":"https:\/\/www.idol.cz\/sk\/produkt\/virivky-sk\/dalsie-moznosti-virivky\/termokryt-s-virivkou\/svetlo-dubova-farba-kopirovat-2\/","og_locale":"sk_SK","og_type":"article","og_title":"Tmav\u00e1 Dubov\u00e1 Farba","og_description":"Termokryt\u00a0pre v\u00edrivky. Na\u0161e vysokokvalitn\u00e9 tepeln\u00e9 kryty s\u00fa d\u00f4le\u017eitou s\u00fa\u010das\u0165ou va\u0161ich k\u00fape\u013eov a s\u00fa navrhnut\u00e9 tak, aby udr\u017eali teplo a zn\u00ed\u017eili va\u0161e n\u00e1klady na energiu. K dispoz\u00edcii v piatich farb\u00e1ch pod\u013ea v\u00e1\u0161ho v\u00fdberu. Pre lite model je k dispoz\u00edcii len nieko\u013eko. Farba 2.","og_url":"https:\/\/www.idol.cz\/sk\/produkt\/virivky-sk\/dalsie-moznosti-virivky\/termokryt-s-virivkou\/svetlo-dubova-farba-kopirovat-2\/","og_site_name":"vonkaj\u0161ie v\u00edrivky, swim spa, baz\u00e9ny","article_publisher":"https:\/\/www.facebook.com\/IdolSpas\/","article_modified_time":"2021-01-27T17:29:14+00:00","og_image":[{"width":1181,"height":1181,"url":"https:\/\/www.idol.cz\/wp-content\/uploads\/2020\/01\/idol-spas-barva-termokrytu-virivky-02.jpg","type":"image\/jpeg"}],"twitter_card":"summary_large_image","schema":{"@context":"https:\/\/schema.org","@graph":[{"@type":"WebPage","@id":"https:\/\/www.idol.cz\/sk\/produkt\/virivky-sk\/dalsie-moznosti-virivky\/termokryt-s-virivkou\/svetlo-dubova-farba-kopirovat-2\/","url":"https:\/\/www.idol.cz\/sk\/produkt\/virivky-sk\/dalsie-moznosti-virivky\/termokryt-s-virivkou\/svetlo-dubova-farba-kopirovat-2\/","name":"Tmav\u00e1 Dubov\u00e1 Farba | vonkaj\u0161ie v\u00edrivky, swim spa, baz\u00e9ny","isPartOf":{"@id":"https:\/\/www.idol.cz\/sk\/#website"},"primaryImageOfPage":{"@id":"https:\/\/www.idol.cz\/sk\/produkt\/virivky-sk\/dalsie-moznosti-virivky\/termokryt-s-virivkou\/svetlo-dubova-farba-kopirovat-2\/#primaryimage"},"image":{"@id":"https:\/\/www.idol.cz\/sk\/produkt\/virivky-sk\/dalsie-moznosti-virivky\/termokryt-s-virivkou\/svetlo-dubova-farba-kopirovat-2\/#primaryimage"},"thumbnailUrl":"https:\/\/www.idol.cz\/wp-content\/uploads\/2020\/01\/idol-spas-barva-termokrytu-virivky-02.jpg","datePublished":"2021-01-27T13:46:32+00:00","dateModified":"2021-01-27T17:29:14+00:00","breadcrumb":{"@id":"https:\/\/www.idol.cz\/sk\/produkt\/virivky-sk\/dalsie-moznosti-virivky\/termokryt-s-virivkou\/svetlo-dubova-farba-kopirovat-2\/#breadcrumb"},"inLanguage":"sk-SK","potentialAction":[{"@type":"ReadAction","target":["https:\/\/www.idol.cz\/sk\/produkt\/virivky-sk\/dalsie-moznosti-virivky\/termokryt-s-virivkou\/svetlo-dubova-farba-kopirovat-2\/"]}]},{"@type":"ImageObject","inLanguage":"sk-SK","@id":"https:\/\/www.idol.cz\/sk\/produkt\/virivky-sk\/dalsie-moznosti-virivky\/termokryt-s-virivkou\/svetlo-dubova-farba-kopirovat-2\/#primaryimage","url":"https:\/\/www.idol.cz\/wp-content\/uploads\/2020\/01\/idol-spas-barva-termokrytu-virivky-02.jpg","contentUrl":"https:\/\/www.idol.cz\/wp-content\/uploads\/2020\/01\/idol-spas-barva-termokrytu-virivky-02.jpg","width":1181,"height":1181,"caption":"v\u00edrivky termocover"},{"@type":"BreadcrumbList","@id":"https:\/\/www.idol.cz\/sk\/produkt\/virivky-sk\/dalsie-moznosti-virivky\/termokryt-s-virivkou\/svetlo-dubova-farba-kopirovat-2\/#breadcrumb","itemListElement":[{"@type":"ListItem","position":1,"name":"Dom\u016f","item":"https:\/\/www.idol.cz\/sk\/"},{"@type":"ListItem","position":2,"name":"E-shop","item":"https:\/\/www.idol.cz\/sk\/shop\/"},{"@type":"ListItem","position":3,"name":"V\u00edrivky","item":"https:\/\/www.idol.cz\/sk\/kategorie-produktu\/virivky-sk\/"},{"@type":"ListItem","position":4,"name":"\u010eal\u0161ie mo\u017enosti v\u00edrivky","item":"https:\/\/www.idol.cz\/sk\/kategorie-produktu\/virivky-sk\/dalsie-moznosti-virivky\/"},{"@type":"ListItem","position":5,"name":"Termokryt s v\u00edrivkou","item":"https:\/\/www.idol.cz\/sk\/kategorie-produktu\/virivky-sk\/dalsie-moznosti-virivky\/termokryt-s-virivkou\/"},{"@type":"ListItem","position":6,"name":"Tmav\u00e1 Dubov\u00e1 Farba"}]},{"@type":"WebSite","@id":"https:\/\/www.idol.cz\/sk\/#website","url":"https:\/\/www.idol.cz\/sk\/","name":"v\u00ed\u0159ivky venkovn\u00ed, swim spa, baz\u00e9ny","description":"Luxusn\u00ed \u010desk\u00e9 v\u00ed\u0159ivky a swim spa","publisher":{"@id":"https:\/\/www.idol.cz\/sk\/#organization"},"potentialAction":[{"@type":"SearchAction","target":{"@type":"EntryPoint","urlTemplate":"https:\/\/www.idol.cz\/sk\/?s={search_term_string}"},"query-input":{"@type":"PropertyValueSpecification","valueRequired":true,"valueName":"search_term_string"}}],"inLanguage":"sk-SK"},{"@type":"Organization","@id":"https:\/\/www.idol.cz\/sk\/#organization","name":"IDOL SPAS, s.r.o.","url":"https:\/\/www.idol.cz\/sk\/","logo":{"@type":"ImageObject","inLanguage":"sk-SK","@id":"https:\/\/www.idol.cz\/sk\/#\/schema\/logo\/image\/","url":"https:\/\/www.idol.cz\/wp-content\/uploads\/2020\/02\/idol-spas-logo.png","contentUrl":"https:\/\/www.idol.cz\/wp-content\/uploads\/2020\/02\/idol-spas-logo.png","width":512,"height":206,"caption":"IDOL SPAS, s.r.o."},"image":{"@id":"https:\/\/www.idol.cz\/sk\/#\/schema\/logo\/image\/"},"sameAs":["https:\/\/www.facebook.com\/IdolSpas\/"]}]}},"_links":{"self":[{"href":"https:\/\/www.idol.cz\/sk\/wp-json\/wp\/v2\/product\/17276"}],"collection":[{"href":"https:\/\/www.idol.cz\/sk\/wp-json\/wp\/v2\/product"}],"about":[{"href":"https:\/\/www.idol.cz\/sk\/wp-json\/wp\/v2\/types\/product"}],"wp:featuredmedia":[{"embeddable":true,"href":"https:\/\/www.idol.cz\/sk\/wp-json\/wp\/v2\/media\/11448"}],"wp:attachment":[{"href":"https:\/\/www.idol.cz\/sk\/wp-json\/wp\/v2\/media?parent=17276"}],"wp:term":[{"taxonomy":"product_cat","embeddable":true,"href":"https:\/\/www.idol.cz\/sk\/wp-json\/wp\/v2\/product_cat?post=17276"},{"taxonomy":"product_tag","embeddable":true,"href":"https:\/\/www.idol.cz\/sk\/wp-json\/wp\/v2\/product_tag?post=17276"}],"curies":[{"name":"wp","href":"https:\/\/api.w.org\/{rel}","templated":true}]}}