{"id":20199,"date":"2022-06-04T14:09:23","date_gmt":"2022-09-10T12:32:31","guid":{"rendered":"https:\/\/www.idol.cz\/produkt\/nezaraden\u00e9\/tepelne-cerpadlo-pre-virivky-plavecke-kupelne-bazeny-norma-mini-kocka-35-kw\/"},"modified":"2022-09-10T14:32:31","modified_gmt":"2022-09-10T12:32:31","slug":"teplelne-cerpadlo-pro-virivky-swim-spa-bazeny-norm-mini-cube-35-kw-2","status":"publish","type":"product","link":"https:\/\/www.idol.cz\/sk\/produkt\/virivky-sk\/dalsie-moznosti-virivky\/teplelne-cerpadlo-pro-virivky-swim-spa-bazeny-norm-mini-cube-35-kw-2\/","title":{"rendered":"Tepeln\u00e9 \u010derpadlo pre v\u00edrivky, plaveck\u00e9 k\u00fape\u013en\u00e9 baz\u00e9ny. Norma mini kocka 3,5 kw"},"content":{"rendered":"<p><strong>Tepeln\u00e9 \u010derpadlo pre v\u00edrivky, baz\u00e9ny na k\u00fapele NORM MINI CUBE<\/strong><\/p>\n<p>V\u010faka svojim kompaktn\u00fdm rozmerom a v\u00fdkonu je Norm MINI CUBE vhodn\u00fd na pou\u017eitie v mal\u00fdch s\u00fakromn\u00fdch baz\u00e9noch alebo v\u00edrivk\u00e1ch a plaveck\u00fdch k\u00fape\u013en\u00fdch baz\u00e9noch.<br \/>\nD\u00e1 sa dia\u013ekovo ovl\u00e1da\u0165 smartf\u00f3nom (Bluetooth) pomocou aplik\u00e1cie &#8222;AQUA TEMP&#8220;<\/p>\n<ul>\n<li>Dobierka do 4,9<\/li>\n<li>Tepeln\u00e9 \u010derpadlo je mo\u017en\u00e9 ovl\u00e1da\u0165 cez Bluetooth<\/li>\n<li>Prev\u00e1dzkov\u00e1 teplota: +10 a\u017e +43 \u00b0C<\/li>\n<li>Inoskul\u00e1cia:\n<ul>\n<li>Hadicov\u00fd t\u0155\u0148 32\/38 mm<\/li>\n<li>Kovanie 32-50 mm<\/li>\n<\/ul>\n<\/li>\n<li>Pre mal\u00e9 v\u00edrivky, plaveck\u00e9 k\u00fape\u013en\u00e9 baz\u00e9ny a v\u00edrivky<\/li>\n<\/ul>\n<p>&nbsp;<\/p>\n<h2>Technick\u00e9 parametre<\/h2>\n<table id=\"techparams\" class=\"webproduct_ltext_table\">\n<tbody>\n<tr>\n<th>Typ v\u00fdrobku:<\/th>\n<td>Tepeln\u00e9 \u010derpadlo pre v\u00edrivky a baz\u00e9ny.<\/td>\n<\/tr>\n<tr>\n<th>Farba:<\/th>\n<td>Tmavo\u0161ed\u00e1<\/td>\n<\/tr>\n<tr>\n<th>Tepeln\u00fd v\u00fdkon:<\/th>\n<td>3,5 kW<\/td>\n<\/tr>\n<tr>\n<th>Chladenie:<\/th>\n<td>Nie<\/td>\n<\/tr>\n<tr>\n<th>Odpor\u00fa\u010dan\u00fd objem baz\u00e9na:<\/th>\n<td>Max. 15 m3<\/td>\n<\/tr>\n<tr>\n<th>Pripojenie:<\/th>\n<td>32\/38 mm<\/td>\n<\/tr>\n<tr>\n<th>Pou\u017eit\u00e9 chladivo:<\/th>\n<td>R32<\/td>\n<\/tr>\n<tr>\n<th>Nap\u00e4tie:<\/th>\n<td>230 V<\/td>\n<\/tr>\n<tr>\n<th>\u00da\u010dinnos\u0165:<\/th>\n<td>4.9 C.O.P.<\/td>\n<\/tr>\n<tr>\n<th>Netto\/prepravn\u00e1 hmotnos\u0165 kg:<\/th>\n<td>23 kg<\/td>\n<\/tr>\n<tr>\n<th>\u010cist\u00e9 rozmery jednotky (w\/l\/h):<\/th>\n<td>400 x 400 x 420 mm<\/td>\n<\/tr>\n<tr>\n<th>Pr\u00edkon:<\/th>\n<td>0,72 kW<\/td>\n<\/tr>\n<tr>\n<th>Hluk:<\/th>\n<td>46 dB<\/td>\n<\/tr>\n<tr>\n<th>Prev\u00e1dzkov\u00e1 teplota:<\/th>\n<td>+10 a\u017e +43 \u00b0C<\/td>\n<\/tr>\n<tr>\n<th>V\u00fdkon:<\/th>\n<td>3,5 kW<\/td>\n<\/tr>\n<tr>\n<th>Odpor\u00fa\u010dan\u00fd prietok vody:<\/th>\n<td>1,5 m3\/h<\/td>\n<\/tr>\n<tr>\n<th>Digit\u00e1lny ovl\u00e1dac\u00ed panel:<\/th>\n<td>\u00c1no<\/td>\n<\/tr>\n<\/tbody>\n<\/table>\n<p>&nbsp;<\/p>\n<h2>Logistika<\/h2>\n<table id=\"logistika\" class=\"webproduct_ltext_table\">\n<tbody>\n<tr>\n<th>Hmotnos\u0165:<\/th>\n<td>31 kg<\/td>\n<\/tr>\n<tr>\n<th>V skup. balenie:<\/th>\n<td>1<\/td>\n<\/tr>\n<tr>\n<th>Na palete:<\/th>\n<td>0<\/td>\n<\/tr>\n<\/tbody>\n<\/table>\n","protected":false},"excerpt":{"rendered":"<p>Tepeln\u00e9 \u010derpadlo pre v\u00edrivky, baz\u00e9ny na k\u00fapele NORM MINI CUBE V\u010faka svojim kompaktn\u00fdm rozmerom a v\u00fdkonu je Norm MINI CUBE vhodn\u00fd na pou\u017eitie v mal\u00fdch s\u00fakromn\u00fdch baz\u00e9noch alebo v\u00edrivk\u00e1ch a plaveck\u00fdch k\u00fape\u013en\u00fdch baz\u00e9noch. D\u00e1 sa dia\u013ekovo ovl\u00e1da\u0165 smartf\u00f3nom (Bluetooth) pomocou aplik\u00e1cie &#8222;AQUA TEMP&#8220; Dobierka do 4,9 Tepeln\u00e9 \u010derpadlo je mo\u017en\u00e9 ovl\u00e1da\u0165 cez Bluetooth Prev\u00e1dzkov\u00e1 teplota: [&hellip;]<\/p>\n","protected":false},"featured_media":19406,"template":"","meta":[],"product_cat":[304,321],"product_tag":[],"class_list":{"0":"post-20199","1":"product","2":"type-product","3":"status-publish","4":"has-post-thumbnail","6":"product_cat-dalsie-moznosti-virivky","7":"product_cat-tepelne-cerpadla","9":"first","10":"instock","11":"taxable","12":"shipping-taxable","13":"purchasable","14":"product-type-simple"},"yoast_head":"<!-- This site is optimized with the Yoast SEO Premium plugin v24.9 (Yoast SEO v24.9) - https:\/\/yoast.com\/wordpress\/plugins\/seo\/ -->\n<title>Tepeln\u00e9 \u010derpadlo pre v\u00edrivky, plaveck\u00e9 k\u00fape\u013en\u00e9 baz\u00e9ny. Norma mini kocka 3,5 kw | vonkaj\u0161ie v\u00edrivky, swim spa, baz\u00e9ny<\/title>\n<meta name=\"robots\" content=\"index, follow, max-snippet:-1, max-image-preview:large, max-video-preview:-1\" \/>\n<link rel=\"canonical\" href=\"https:\/\/www.idol.cz\/sk\/produkt\/virivky-sk\/dalsie-moznosti-virivky\/teplelne-cerpadlo-pro-virivky-swim-spa-bazeny-norm-mini-cube-35-kw-2\/\" \/>\n<meta property=\"og:locale\" content=\"sk_SK\" \/>\n<meta property=\"og:type\" content=\"article\" \/>\n<meta property=\"og:title\" content=\"Tepeln\u00e9 \u010derpadlo pre v\u00edrivky, plaveck\u00e9 k\u00fape\u013en\u00e9 baz\u00e9ny. Norma mini kocka 3,5 kw\" \/>\n<meta property=\"og:description\" content=\"Tepeln\u00e9 \u010derpadlo pre v\u00edrivky, baz\u00e9ny na k\u00fapele NORM MINI CUBE V\u010faka svojim kompaktn\u00fdm rozmerom a v\u00fdkonu je Norm MINI CUBE vhodn\u00fd na pou\u017eitie v mal\u00fdch s\u00fakromn\u00fdch baz\u00e9noch alebo v\u00edrivk\u00e1ch a plaveck\u00fdch k\u00fape\u013en\u00fdch baz\u00e9noch. D\u00e1 sa dia\u013ekovo ovl\u00e1da\u0165 smartf\u00f3nom (Bluetooth) pomocou aplik\u00e1cie &#8222;AQUA TEMP&#8220; Dobierka do 4,9 Tepeln\u00e9 \u010derpadlo je mo\u017en\u00e9 ovl\u00e1da\u0165 cez Bluetooth Prev\u00e1dzkov\u00e1 teplota: [&hellip;]\" \/>\n<meta property=\"og:url\" content=\"https:\/\/www.idol.cz\/sk\/produkt\/virivky-sk\/dalsie-moznosti-virivky\/teplelne-cerpadlo-pro-virivky-swim-spa-bazeny-norm-mini-cube-35-kw-2\/\" \/>\n<meta property=\"og:site_name\" content=\"vonkaj\u0161ie v\u00edrivky, swim spa, baz\u00e9ny\" \/>\n<meta property=\"article:publisher\" content=\"https:\/\/www.facebook.com\/IdolSpas\/\" \/>\n<meta property=\"og:image\" content=\"https:\/\/www.idol.cz\/wp-content\/uploads\/2022\/06\/tepelne-cerpadlo-virivky-bazeny-swim-spa.jpeg\" \/>\n\t<meta property=\"og:image:width\" content=\"805\" \/>\n\t<meta property=\"og:image:height\" content=\"691\" \/>\n\t<meta property=\"og:image:type\" content=\"image\/jpeg\" \/>\n<meta name=\"twitter:card\" content=\"summary_large_image\" \/>\n<meta name=\"twitter:label1\" content=\"Predpokladan\u00fd \u010das \u010d\u00edtania\" \/>\n\t<meta name=\"twitter:data1\" content=\"1 min\u00fata\" \/>\n<script type=\"application\/ld+json\" class=\"yoast-schema-graph\">{\"@context\":\"https:\/\/schema.org\",\"@graph\":[{\"@type\":\"WebPage\",\"@id\":\"https:\/\/www.idol.cz\/sk\/produkt\/virivky-sk\/dalsie-moznosti-virivky\/teplelne-cerpadlo-pro-virivky-swim-spa-bazeny-norm-mini-cube-35-kw-2\/\",\"url\":\"https:\/\/www.idol.cz\/sk\/produkt\/virivky-sk\/dalsie-moznosti-virivky\/teplelne-cerpadlo-pro-virivky-swim-spa-bazeny-norm-mini-cube-35-kw-2\/\",\"name\":\"Tepeln\u00e9 \u010derpadlo pre v\u00edrivky, plaveck\u00e9 k\u00fape\u013en\u00e9 baz\u00e9ny. Norma mini kocka 3,5 kw | vonkaj\u0161ie v\u00edrivky, swim spa, baz\u00e9ny\",\"isPartOf\":{\"@id\":\"https:\/\/www.idol.cz\/sk\/#website\"},\"primaryImageOfPage\":{\"@id\":\"https:\/\/www.idol.cz\/sk\/produkt\/virivky-sk\/dalsie-moznosti-virivky\/teplelne-cerpadlo-pro-virivky-swim-spa-bazeny-norm-mini-cube-35-kw-2\/#primaryimage\"},\"image\":{\"@id\":\"https:\/\/www.idol.cz\/sk\/produkt\/virivky-sk\/dalsie-moznosti-virivky\/teplelne-cerpadlo-pro-virivky-swim-spa-bazeny-norm-mini-cube-35-kw-2\/#primaryimage\"},\"thumbnailUrl\":\"https:\/\/www.idol.cz\/wp-content\/uploads\/2022\/06\/tepelne-cerpadlo-virivky-bazeny-swim-spa.jpeg\",\"datePublished\":\"2022-09-10T12:32:31+00:00\",\"breadcrumb\":{\"@id\":\"https:\/\/www.idol.cz\/sk\/produkt\/virivky-sk\/dalsie-moznosti-virivky\/teplelne-cerpadlo-pro-virivky-swim-spa-bazeny-norm-mini-cube-35-kw-2\/#breadcrumb\"},\"inLanguage\":\"sk-SK\",\"potentialAction\":[{\"@type\":\"ReadAction\",\"target\":[\"https:\/\/www.idol.cz\/sk\/produkt\/virivky-sk\/dalsie-moznosti-virivky\/teplelne-cerpadlo-pro-virivky-swim-spa-bazeny-norm-mini-cube-35-kw-2\/\"]}]},{\"@type\":\"ImageObject\",\"inLanguage\":\"sk-SK\",\"@id\":\"https:\/\/www.idol.cz\/sk\/produkt\/virivky-sk\/dalsie-moznosti-virivky\/teplelne-cerpadlo-pro-virivky-swim-spa-bazeny-norm-mini-cube-35-kw-2\/#primaryimage\",\"url\":\"https:\/\/www.idol.cz\/wp-content\/uploads\/2022\/06\/tepelne-cerpadlo-virivky-bazeny-swim-spa.jpeg\",\"contentUrl\":\"https:\/\/www.idol.cz\/wp-content\/uploads\/2022\/06\/tepelne-cerpadlo-virivky-bazeny-swim-spa.jpeg\",\"width\":805,\"height\":691,\"caption\":\"v\u00edriv\u00e9 tepeln\u00e9 \u010derpadlo, plaveck\u00e9 k\u00fape\u013en\u00e9 baz\u00e9ny\"},{\"@type\":\"BreadcrumbList\",\"@id\":\"https:\/\/www.idol.cz\/sk\/produkt\/virivky-sk\/dalsie-moznosti-virivky\/teplelne-cerpadlo-pro-virivky-swim-spa-bazeny-norm-mini-cube-35-kw-2\/#breadcrumb\",\"itemListElement\":[{\"@type\":\"ListItem\",\"position\":1,\"name\":\"Dom\u016f\",\"item\":\"https:\/\/www.idol.cz\/sk\/\"},{\"@type\":\"ListItem\",\"position\":2,\"name\":\"E-shop\",\"item\":\"https:\/\/www.idol.cz\/sk\/shop\/\"},{\"@type\":\"ListItem\",\"position\":3,\"name\":\"E-shop\",\"item\":\"https:\/\/www.idol.cz\/kategorie-produktu\/e-shop\/\"},{\"@type\":\"ListItem\",\"position\":4,\"name\":\"P\u0159\u00edslu\u0161enstv\u00ed k v\u00ed\u0159ivk\u00e1m a baz\u00e9n\u016fm.\",\"item\":\"https:\/\/www.idol.cz\/kategorie-produktu\/e-shop\/prislusenstvi-k-virivkam-a-bazenum\/\"},{\"@type\":\"ListItem\",\"position\":5,\"name\":\"Tepeln\u00e9 \u010derpadl\u00e1\",\"item\":\"https:\/\/www.idol.cz\/sk\/kategorie-produktu\/tepelne-cerpadla\/\"},{\"@type\":\"ListItem\",\"position\":6,\"name\":\"Tepeln\u00e9 \u010derpadlo pre v\u00edrivky, plaveck\u00e9 k\u00fape\u013en\u00e9 baz\u00e9ny. Norma mini kocka 3,5 kw\"}]},{\"@type\":\"WebSite\",\"@id\":\"https:\/\/www.idol.cz\/sk\/#website\",\"url\":\"https:\/\/www.idol.cz\/sk\/\",\"name\":\"v\u00ed\u0159ivky venkovn\u00ed, swim spa, baz\u00e9ny\",\"description\":\"Luxusn\u00ed \u010desk\u00e9 v\u00ed\u0159ivky a swim spa\",\"publisher\":{\"@id\":\"https:\/\/www.idol.cz\/sk\/#organization\"},\"potentialAction\":[{\"@type\":\"SearchAction\",\"target\":{\"@type\":\"EntryPoint\",\"urlTemplate\":\"https:\/\/www.idol.cz\/sk\/?s={search_term_string}\"},\"query-input\":{\"@type\":\"PropertyValueSpecification\",\"valueRequired\":true,\"valueName\":\"search_term_string\"}}],\"inLanguage\":\"sk-SK\"},{\"@type\":\"Organization\",\"@id\":\"https:\/\/www.idol.cz\/sk\/#organization\",\"name\":\"IDOL SPAS, s.r.o.\",\"url\":\"https:\/\/www.idol.cz\/sk\/\",\"logo\":{\"@type\":\"ImageObject\",\"inLanguage\":\"sk-SK\",\"@id\":\"https:\/\/www.idol.cz\/sk\/#\/schema\/logo\/image\/\",\"url\":\"https:\/\/www.idol.cz\/wp-content\/uploads\/2020\/02\/idol-spas-logo.png\",\"contentUrl\":\"https:\/\/www.idol.cz\/wp-content\/uploads\/2020\/02\/idol-spas-logo.png\",\"width\":512,\"height\":206,\"caption\":\"IDOL SPAS, s.r.o.\"},\"image\":{\"@id\":\"https:\/\/www.idol.cz\/sk\/#\/schema\/logo\/image\/\"},\"sameAs\":[\"https:\/\/www.facebook.com\/IdolSpas\/\"]}]}<\/script>\n<!-- \/ Yoast SEO Premium plugin. -->","yoast_head_json":{"title":"Tepeln\u00e9 \u010derpadlo pre v\u00edrivky, plaveck\u00e9 k\u00fape\u013en\u00e9 baz\u00e9ny. Norma mini kocka 3,5 kw | vonkaj\u0161ie v\u00edrivky, swim spa, baz\u00e9ny","robots":{"index":"index","follow":"follow","max-snippet":"max-snippet:-1","max-image-preview":"max-image-preview:large","max-video-preview":"max-video-preview:-1"},"canonical":"https:\/\/www.idol.cz\/sk\/produkt\/virivky-sk\/dalsie-moznosti-virivky\/teplelne-cerpadlo-pro-virivky-swim-spa-bazeny-norm-mini-cube-35-kw-2\/","og_locale":"sk_SK","og_type":"article","og_title":"Tepeln\u00e9 \u010derpadlo pre v\u00edrivky, plaveck\u00e9 k\u00fape\u013en\u00e9 baz\u00e9ny. Norma mini kocka 3,5 kw","og_description":"Tepeln\u00e9 \u010derpadlo pre v\u00edrivky, baz\u00e9ny na k\u00fapele NORM MINI CUBE V\u010faka svojim kompaktn\u00fdm rozmerom a v\u00fdkonu je Norm MINI CUBE vhodn\u00fd na pou\u017eitie v mal\u00fdch s\u00fakromn\u00fdch baz\u00e9noch alebo v\u00edrivk\u00e1ch a plaveck\u00fdch k\u00fape\u013en\u00fdch baz\u00e9noch. D\u00e1 sa dia\u013ekovo ovl\u00e1da\u0165 smartf\u00f3nom (Bluetooth) pomocou aplik\u00e1cie &#8222;AQUA TEMP&#8220; Dobierka do 4,9 Tepeln\u00e9 \u010derpadlo je mo\u017en\u00e9 ovl\u00e1da\u0165 cez Bluetooth Prev\u00e1dzkov\u00e1 teplota: [&hellip;]","og_url":"https:\/\/www.idol.cz\/sk\/produkt\/virivky-sk\/dalsie-moznosti-virivky\/teplelne-cerpadlo-pro-virivky-swim-spa-bazeny-norm-mini-cube-35-kw-2\/","og_site_name":"vonkaj\u0161ie v\u00edrivky, swim spa, baz\u00e9ny","article_publisher":"https:\/\/www.facebook.com\/IdolSpas\/","og_image":[{"width":805,"height":691,"url":"https:\/\/www.idol.cz\/wp-content\/uploads\/2022\/06\/tepelne-cerpadlo-virivky-bazeny-swim-spa.jpeg","type":"image\/jpeg"}],"twitter_card":"summary_large_image","twitter_misc":{"Predpokladan\u00fd \u010das \u010d\u00edtania":"1 min\u00fata"},"schema":{"@context":"https:\/\/schema.org","@graph":[{"@type":"WebPage","@id":"https:\/\/www.idol.cz\/sk\/produkt\/virivky-sk\/dalsie-moznosti-virivky\/teplelne-cerpadlo-pro-virivky-swim-spa-bazeny-norm-mini-cube-35-kw-2\/","url":"https:\/\/www.idol.cz\/sk\/produkt\/virivky-sk\/dalsie-moznosti-virivky\/teplelne-cerpadlo-pro-virivky-swim-spa-bazeny-norm-mini-cube-35-kw-2\/","name":"Tepeln\u00e9 \u010derpadlo pre v\u00edrivky, plaveck\u00e9 k\u00fape\u013en\u00e9 baz\u00e9ny. Norma mini kocka 3,5 kw | vonkaj\u0161ie v\u00edrivky, swim spa, baz\u00e9ny","isPartOf":{"@id":"https:\/\/www.idol.cz\/sk\/#website"},"primaryImageOfPage":{"@id":"https:\/\/www.idol.cz\/sk\/produkt\/virivky-sk\/dalsie-moznosti-virivky\/teplelne-cerpadlo-pro-virivky-swim-spa-bazeny-norm-mini-cube-35-kw-2\/#primaryimage"},"image":{"@id":"https:\/\/www.idol.cz\/sk\/produkt\/virivky-sk\/dalsie-moznosti-virivky\/teplelne-cerpadlo-pro-virivky-swim-spa-bazeny-norm-mini-cube-35-kw-2\/#primaryimage"},"thumbnailUrl":"https:\/\/www.idol.cz\/wp-content\/uploads\/2022\/06\/tepelne-cerpadlo-virivky-bazeny-swim-spa.jpeg","datePublished":"2022-09-10T12:32:31+00:00","breadcrumb":{"@id":"https:\/\/www.idol.cz\/sk\/produkt\/virivky-sk\/dalsie-moznosti-virivky\/teplelne-cerpadlo-pro-virivky-swim-spa-bazeny-norm-mini-cube-35-kw-2\/#breadcrumb"},"inLanguage":"sk-SK","potentialAction":[{"@type":"ReadAction","target":["https:\/\/www.idol.cz\/sk\/produkt\/virivky-sk\/dalsie-moznosti-virivky\/teplelne-cerpadlo-pro-virivky-swim-spa-bazeny-norm-mini-cube-35-kw-2\/"]}]},{"@type":"ImageObject","inLanguage":"sk-SK","@id":"https:\/\/www.idol.cz\/sk\/produkt\/virivky-sk\/dalsie-moznosti-virivky\/teplelne-cerpadlo-pro-virivky-swim-spa-bazeny-norm-mini-cube-35-kw-2\/#primaryimage","url":"https:\/\/www.idol.cz\/wp-content\/uploads\/2022\/06\/tepelne-cerpadlo-virivky-bazeny-swim-spa.jpeg","contentUrl":"https:\/\/www.idol.cz\/wp-content\/uploads\/2022\/06\/tepelne-cerpadlo-virivky-bazeny-swim-spa.jpeg","width":805,"height":691,"caption":"v\u00edriv\u00e9 tepeln\u00e9 \u010derpadlo, plaveck\u00e9 k\u00fape\u013en\u00e9 baz\u00e9ny"},{"@type":"BreadcrumbList","@id":"https:\/\/www.idol.cz\/sk\/produkt\/virivky-sk\/dalsie-moznosti-virivky\/teplelne-cerpadlo-pro-virivky-swim-spa-bazeny-norm-mini-cube-35-kw-2\/#breadcrumb","itemListElement":[{"@type":"ListItem","position":1,"name":"Dom\u016f","item":"https:\/\/www.idol.cz\/sk\/"},{"@type":"ListItem","position":2,"name":"E-shop","item":"https:\/\/www.idol.cz\/sk\/shop\/"},{"@type":"ListItem","position":3,"name":"E-shop","item":"https:\/\/www.idol.cz\/kategorie-produktu\/e-shop\/"},{"@type":"ListItem","position":4,"name":"P\u0159\u00edslu\u0161enstv\u00ed k v\u00ed\u0159ivk\u00e1m a baz\u00e9n\u016fm.","item":"https:\/\/www.idol.cz\/kategorie-produktu\/e-shop\/prislusenstvi-k-virivkam-a-bazenum\/"},{"@type":"ListItem","position":5,"name":"Tepeln\u00e9 \u010derpadl\u00e1","item":"https:\/\/www.idol.cz\/sk\/kategorie-produktu\/tepelne-cerpadla\/"},{"@type":"ListItem","position":6,"name":"Tepeln\u00e9 \u010derpadlo pre v\u00edrivky, plaveck\u00e9 k\u00fape\u013en\u00e9 baz\u00e9ny. Norma mini kocka 3,5 kw"}]},{"@type":"WebSite","@id":"https:\/\/www.idol.cz\/sk\/#website","url":"https:\/\/www.idol.cz\/sk\/","name":"v\u00ed\u0159ivky venkovn\u00ed, swim spa, baz\u00e9ny","description":"Luxusn\u00ed \u010desk\u00e9 v\u00ed\u0159ivky a swim spa","publisher":{"@id":"https:\/\/www.idol.cz\/sk\/#organization"},"potentialAction":[{"@type":"SearchAction","target":{"@type":"EntryPoint","urlTemplate":"https:\/\/www.idol.cz\/sk\/?s={search_term_string}"},"query-input":{"@type":"PropertyValueSpecification","valueRequired":true,"valueName":"search_term_string"}}],"inLanguage":"sk-SK"},{"@type":"Organization","@id":"https:\/\/www.idol.cz\/sk\/#organization","name":"IDOL SPAS, s.r.o.","url":"https:\/\/www.idol.cz\/sk\/","logo":{"@type":"ImageObject","inLanguage":"sk-SK","@id":"https:\/\/www.idol.cz\/sk\/#\/schema\/logo\/image\/","url":"https:\/\/www.idol.cz\/wp-content\/uploads\/2020\/02\/idol-spas-logo.png","contentUrl":"https:\/\/www.idol.cz\/wp-content\/uploads\/2020\/02\/idol-spas-logo.png","width":512,"height":206,"caption":"IDOL SPAS, s.r.o."},"image":{"@id":"https:\/\/www.idol.cz\/sk\/#\/schema\/logo\/image\/"},"sameAs":["https:\/\/www.facebook.com\/IdolSpas\/"]}]}},"_links":{"self":[{"href":"https:\/\/www.idol.cz\/sk\/wp-json\/wp\/v2\/product\/20199"}],"collection":[{"href":"https:\/\/www.idol.cz\/sk\/wp-json\/wp\/v2\/product"}],"about":[{"href":"https:\/\/www.idol.cz\/sk\/wp-json\/wp\/v2\/types\/product"}],"wp:featuredmedia":[{"embeddable":true,"href":"https:\/\/www.idol.cz\/sk\/wp-json\/wp\/v2\/media\/19406"}],"wp:attachment":[{"href":"https:\/\/www.idol.cz\/sk\/wp-json\/wp\/v2\/media?parent=20199"}],"wp:term":[{"taxonomy":"product_cat","embeddable":true,"href":"https:\/\/www.idol.cz\/sk\/wp-json\/wp\/v2\/product_cat?post=20199"},{"taxonomy":"product_tag","embeddable":true,"href":"https:\/\/www.idol.cz\/sk\/wp-json\/wp\/v2\/product_tag?post=20199"}],"curies":[{"name":"wp","href":"https:\/\/api.w.org\/{rel}","templated":true}]}}