{"id":30587,"date":"2023-04-11T13:33:25","date_gmt":"2023-04-11T11:33:25","guid":{"rendered":"https:\/\/www.idol.cz\/?post_type=product&#038;p=30587"},"modified":"2025-04-08T20:31:41","modified_gmt":"2025-04-08T18:31:41","slug":"zdvihac-termokytu-na-virivku","status":"publish","type":"product","link":"https:\/\/www.idol.cz\/sk\/produkt\/e-shop\/nahradni-dily-na-virivky-a-swim-spa-bazeny-idol-spas\/zdvihace-termokrytu-virivky\/zdvihac-termokytu-na-virivku\/","title":{"rendered":"Zdviha\u010d termokytu na v\u00ed\u0159ivku"},"content":{"rendered":"<h3>CoverMate III, hydraulick\u00fd zdviha\u010d termokrytu na v\u00ed\u0159ivku<\/h3>\n","protected":false},"excerpt":{"rendered":"<p>CoverMate III, hydraulick\u00fd zdviha\u010d termokrytu na v\u00ed\u0159ivku<\/p>\n","protected":false},"featured_media":30605,"template":"","meta":[],"product_cat":[55,411],"product_tag":[],"class_list":{"0":"post-30587","1":"product","2":"type-product","3":"status-publish","4":"has-post-thumbnail","6":"product_cat-zdvihace-a-zakryti-termokrytu","7":"product_cat-zdvihace-termokrytu-virivky","9":"first","10":"instock","11":"taxable","12":"shipping-taxable","13":"purchasable","14":"product-type-simple"},"yoast_head":"<!-- This site is optimized with the Yoast SEO Premium plugin v24.9 (Yoast SEO v24.9) - https:\/\/yoast.com\/wordpress\/plugins\/seo\/ -->\n<title>Zdviha\u010d termokytu na v\u00ed\u0159ivku | vonkaj\u0161ie v\u00edrivky, swim spa, baz\u00e9ny<\/title>\n<meta name=\"robots\" content=\"index, follow, max-snippet:-1, max-image-preview:large, max-video-preview:-1\" \/>\n<link rel=\"canonical\" href=\"https:\/\/www.idol.cz\/sk\/produkt\/e-shop\/nahradni-dily-na-virivky-a-swim-spa-bazeny-idol-spas\/zdvihace-termokrytu-virivky\/zdvihac-termokytu-na-virivku\/\" \/>\n<meta property=\"og:locale\" content=\"sk_SK\" \/>\n<meta property=\"og:type\" content=\"article\" \/>\n<meta property=\"og:title\" content=\"Zdviha\u010d termokytu na v\u00ed\u0159ivku\" \/>\n<meta property=\"og:description\" content=\"CoverMate III, hydraulick\u00fd zdviha\u010d termokrytu na v\u00ed\u0159ivku\" \/>\n<meta property=\"og:url\" content=\"https:\/\/www.idol.cz\/sk\/produkt\/e-shop\/nahradni-dily-na-virivky-a-swim-spa-bazeny-idol-spas\/zdvihace-termokrytu-virivky\/zdvihac-termokytu-na-virivku\/\" \/>\n<meta property=\"og:site_name\" content=\"vonkaj\u0161ie v\u00edrivky, swim spa, baz\u00e9ny\" \/>\n<meta property=\"article:publisher\" content=\"https:\/\/www.facebook.com\/IdolSpas\/\" \/>\n<meta property=\"article:modified_time\" content=\"2025-04-08T18:31:41+00:00\" \/>\n<meta property=\"og:image\" content=\"https:\/\/www.idol.cz\/wp-content\/uploads\/2023\/04\/Cover-Lifter-III.jpg\" \/>\n\t<meta property=\"og:image:width\" content=\"764\" \/>\n\t<meta property=\"og:image:height\" content=\"893\" \/>\n\t<meta property=\"og:image:type\" content=\"image\/jpeg\" \/>\n<meta name=\"twitter:card\" content=\"summary_large_image\" \/>\n<meta name=\"twitter:label1\" content=\"Predpokladan\u00fd \u010das \u010d\u00edtania\" \/>\n\t<meta name=\"twitter:data1\" content=\"1 min\u00fata\" \/>\n<script type=\"application\/ld+json\" class=\"yoast-schema-graph\">{\"@context\":\"https:\/\/schema.org\",\"@graph\":[{\"@type\":\"WebPage\",\"@id\":\"https:\/\/www.idol.cz\/sk\/produkt\/e-shop\/nahradni-dily-na-virivky-a-swim-spa-bazeny-idol-spas\/zdvihace-termokrytu-virivky\/zdvihac-termokytu-na-virivku\/\",\"url\":\"https:\/\/www.idol.cz\/sk\/produkt\/e-shop\/nahradni-dily-na-virivky-a-swim-spa-bazeny-idol-spas\/zdvihace-termokrytu-virivky\/zdvihac-termokytu-na-virivku\/\",\"name\":\"Zdviha\u010d termokytu na v\u00ed\u0159ivku | vonkaj\u0161ie v\u00edrivky, swim spa, baz\u00e9ny\",\"isPartOf\":{\"@id\":\"https:\/\/www.idol.cz\/sk\/#website\"},\"primaryImageOfPage\":{\"@id\":\"https:\/\/www.idol.cz\/sk\/produkt\/e-shop\/nahradni-dily-na-virivky-a-swim-spa-bazeny-idol-spas\/zdvihace-termokrytu-virivky\/zdvihac-termokytu-na-virivku\/#primaryimage\"},\"image\":{\"@id\":\"https:\/\/www.idol.cz\/sk\/produkt\/e-shop\/nahradni-dily-na-virivky-a-swim-spa-bazeny-idol-spas\/zdvihace-termokrytu-virivky\/zdvihac-termokytu-na-virivku\/#primaryimage\"},\"thumbnailUrl\":\"https:\/\/www.idol.cz\/wp-content\/uploads\/2023\/04\/Cover-Lifter-III.jpg\",\"datePublished\":\"2023-04-11T11:33:25+00:00\",\"dateModified\":\"2025-04-08T18:31:41+00:00\",\"breadcrumb\":{\"@id\":\"https:\/\/www.idol.cz\/sk\/produkt\/e-shop\/nahradni-dily-na-virivky-a-swim-spa-bazeny-idol-spas\/zdvihace-termokrytu-virivky\/zdvihac-termokytu-na-virivku\/#breadcrumb\"},\"inLanguage\":\"sk-SK\",\"potentialAction\":[{\"@type\":\"ReadAction\",\"target\":[\"https:\/\/www.idol.cz\/sk\/produkt\/e-shop\/nahradni-dily-na-virivky-a-swim-spa-bazeny-idol-spas\/zdvihace-termokrytu-virivky\/zdvihac-termokytu-na-virivku\/\"]}]},{\"@type\":\"ImageObject\",\"inLanguage\":\"sk-SK\",\"@id\":\"https:\/\/www.idol.cz\/sk\/produkt\/e-shop\/nahradni-dily-na-virivky-a-swim-spa-bazeny-idol-spas\/zdvihace-termokrytu-virivky\/zdvihac-termokytu-na-virivku\/#primaryimage\",\"url\":\"https:\/\/www.idol.cz\/wp-content\/uploads\/2023\/04\/Cover-Lifter-III.jpg\",\"contentUrl\":\"https:\/\/www.idol.cz\/wp-content\/uploads\/2023\/04\/Cover-Lifter-III.jpg\",\"width\":764,\"height\":893,\"caption\":\"zdviha\u010d termokrytu v\u00ed\u0159ivky\"},{\"@type\":\"BreadcrumbList\",\"@id\":\"https:\/\/www.idol.cz\/sk\/produkt\/e-shop\/nahradni-dily-na-virivky-a-swim-spa-bazeny-idol-spas\/zdvihace-termokrytu-virivky\/zdvihac-termokytu-na-virivku\/#breadcrumb\",\"itemListElement\":[{\"@type\":\"ListItem\",\"position\":1,\"name\":\"Dom\u016f\",\"item\":\"https:\/\/www.idol.cz\/sk\/\"},{\"@type\":\"ListItem\",\"position\":2,\"name\":\"E-shop\",\"item\":\"https:\/\/www.idol.cz\/sk\/shop\/\"},{\"@type\":\"ListItem\",\"position\":3,\"name\":\"Neza\u0159azen\u00e9\",\"item\":\"https:\/\/www.idol.cz\/sk\/kategorie-produktu\/nezarazene-sk\/\"},{\"@type\":\"ListItem\",\"position\":4,\"name\":\"Zdviha\u010d termokytu na v\u00ed\u0159ivku\"}]},{\"@type\":\"WebSite\",\"@id\":\"https:\/\/www.idol.cz\/sk\/#website\",\"url\":\"https:\/\/www.idol.cz\/sk\/\",\"name\":\"v\u00ed\u0159ivky venkovn\u00ed, swim spa, baz\u00e9ny\",\"description\":\"Luxusn\u00ed \u010desk\u00e9 v\u00ed\u0159ivky a swim spa\",\"publisher\":{\"@id\":\"https:\/\/www.idol.cz\/sk\/#organization\"},\"potentialAction\":[{\"@type\":\"SearchAction\",\"target\":{\"@type\":\"EntryPoint\",\"urlTemplate\":\"https:\/\/www.idol.cz\/sk\/?s={search_term_string}\"},\"query-input\":{\"@type\":\"PropertyValueSpecification\",\"valueRequired\":true,\"valueName\":\"search_term_string\"}}],\"inLanguage\":\"sk-SK\"},{\"@type\":\"Organization\",\"@id\":\"https:\/\/www.idol.cz\/sk\/#organization\",\"name\":\"IDOL SPAS, s.r.o.\",\"url\":\"https:\/\/www.idol.cz\/sk\/\",\"logo\":{\"@type\":\"ImageObject\",\"inLanguage\":\"sk-SK\",\"@id\":\"https:\/\/www.idol.cz\/sk\/#\/schema\/logo\/image\/\",\"url\":\"https:\/\/www.idol.cz\/wp-content\/uploads\/2020\/02\/idol-spas-logo.png\",\"contentUrl\":\"https:\/\/www.idol.cz\/wp-content\/uploads\/2020\/02\/idol-spas-logo.png\",\"width\":512,\"height\":206,\"caption\":\"IDOL SPAS, s.r.o.\"},\"image\":{\"@id\":\"https:\/\/www.idol.cz\/sk\/#\/schema\/logo\/image\/\"},\"sameAs\":[\"https:\/\/www.facebook.com\/IdolSpas\/\"]}]}<\/script>\n<!-- \/ Yoast SEO Premium plugin. -->","yoast_head_json":{"title":"Zdviha\u010d termokytu na v\u00ed\u0159ivku | vonkaj\u0161ie v\u00edrivky, swim spa, baz\u00e9ny","robots":{"index":"index","follow":"follow","max-snippet":"max-snippet:-1","max-image-preview":"max-image-preview:large","max-video-preview":"max-video-preview:-1"},"canonical":"https:\/\/www.idol.cz\/sk\/produkt\/e-shop\/nahradni-dily-na-virivky-a-swim-spa-bazeny-idol-spas\/zdvihace-termokrytu-virivky\/zdvihac-termokytu-na-virivku\/","og_locale":"sk_SK","og_type":"article","og_title":"Zdviha\u010d termokytu na v\u00ed\u0159ivku","og_description":"CoverMate III, hydraulick\u00fd zdviha\u010d termokrytu na v\u00ed\u0159ivku","og_url":"https:\/\/www.idol.cz\/sk\/produkt\/e-shop\/nahradni-dily-na-virivky-a-swim-spa-bazeny-idol-spas\/zdvihace-termokrytu-virivky\/zdvihac-termokytu-na-virivku\/","og_site_name":"vonkaj\u0161ie v\u00edrivky, swim spa, baz\u00e9ny","article_publisher":"https:\/\/www.facebook.com\/IdolSpas\/","article_modified_time":"2025-04-08T18:31:41+00:00","og_image":[{"width":764,"height":893,"url":"https:\/\/www.idol.cz\/wp-content\/uploads\/2023\/04\/Cover-Lifter-III.jpg","type":"image\/jpeg"}],"twitter_card":"summary_large_image","twitter_misc":{"Predpokladan\u00fd \u010das \u010d\u00edtania":"1 min\u00fata"},"schema":{"@context":"https:\/\/schema.org","@graph":[{"@type":"WebPage","@id":"https:\/\/www.idol.cz\/sk\/produkt\/e-shop\/nahradni-dily-na-virivky-a-swim-spa-bazeny-idol-spas\/zdvihace-termokrytu-virivky\/zdvihac-termokytu-na-virivku\/","url":"https:\/\/www.idol.cz\/sk\/produkt\/e-shop\/nahradni-dily-na-virivky-a-swim-spa-bazeny-idol-spas\/zdvihace-termokrytu-virivky\/zdvihac-termokytu-na-virivku\/","name":"Zdviha\u010d termokytu na v\u00ed\u0159ivku | vonkaj\u0161ie v\u00edrivky, swim spa, baz\u00e9ny","isPartOf":{"@id":"https:\/\/www.idol.cz\/sk\/#website"},"primaryImageOfPage":{"@id":"https:\/\/www.idol.cz\/sk\/produkt\/e-shop\/nahradni-dily-na-virivky-a-swim-spa-bazeny-idol-spas\/zdvihace-termokrytu-virivky\/zdvihac-termokytu-na-virivku\/#primaryimage"},"image":{"@id":"https:\/\/www.idol.cz\/sk\/produkt\/e-shop\/nahradni-dily-na-virivky-a-swim-spa-bazeny-idol-spas\/zdvihace-termokrytu-virivky\/zdvihac-termokytu-na-virivku\/#primaryimage"},"thumbnailUrl":"https:\/\/www.idol.cz\/wp-content\/uploads\/2023\/04\/Cover-Lifter-III.jpg","datePublished":"2023-04-11T11:33:25+00:00","dateModified":"2025-04-08T18:31:41+00:00","breadcrumb":{"@id":"https:\/\/www.idol.cz\/sk\/produkt\/e-shop\/nahradni-dily-na-virivky-a-swim-spa-bazeny-idol-spas\/zdvihace-termokrytu-virivky\/zdvihac-termokytu-na-virivku\/#breadcrumb"},"inLanguage":"sk-SK","potentialAction":[{"@type":"ReadAction","target":["https:\/\/www.idol.cz\/sk\/produkt\/e-shop\/nahradni-dily-na-virivky-a-swim-spa-bazeny-idol-spas\/zdvihace-termokrytu-virivky\/zdvihac-termokytu-na-virivku\/"]}]},{"@type":"ImageObject","inLanguage":"sk-SK","@id":"https:\/\/www.idol.cz\/sk\/produkt\/e-shop\/nahradni-dily-na-virivky-a-swim-spa-bazeny-idol-spas\/zdvihace-termokrytu-virivky\/zdvihac-termokytu-na-virivku\/#primaryimage","url":"https:\/\/www.idol.cz\/wp-content\/uploads\/2023\/04\/Cover-Lifter-III.jpg","contentUrl":"https:\/\/www.idol.cz\/wp-content\/uploads\/2023\/04\/Cover-Lifter-III.jpg","width":764,"height":893,"caption":"zdviha\u010d termokrytu v\u00ed\u0159ivky"},{"@type":"BreadcrumbList","@id":"https:\/\/www.idol.cz\/sk\/produkt\/e-shop\/nahradni-dily-na-virivky-a-swim-spa-bazeny-idol-spas\/zdvihace-termokrytu-virivky\/zdvihac-termokytu-na-virivku\/#breadcrumb","itemListElement":[{"@type":"ListItem","position":1,"name":"Dom\u016f","item":"https:\/\/www.idol.cz\/sk\/"},{"@type":"ListItem","position":2,"name":"E-shop","item":"https:\/\/www.idol.cz\/sk\/shop\/"},{"@type":"ListItem","position":3,"name":"Neza\u0159azen\u00e9","item":"https:\/\/www.idol.cz\/sk\/kategorie-produktu\/nezarazene-sk\/"},{"@type":"ListItem","position":4,"name":"Zdviha\u010d termokytu na v\u00ed\u0159ivku"}]},{"@type":"WebSite","@id":"https:\/\/www.idol.cz\/sk\/#website","url":"https:\/\/www.idol.cz\/sk\/","name":"v\u00ed\u0159ivky venkovn\u00ed, swim spa, baz\u00e9ny","description":"Luxusn\u00ed \u010desk\u00e9 v\u00ed\u0159ivky a swim spa","publisher":{"@id":"https:\/\/www.idol.cz\/sk\/#organization"},"potentialAction":[{"@type":"SearchAction","target":{"@type":"EntryPoint","urlTemplate":"https:\/\/www.idol.cz\/sk\/?s={search_term_string}"},"query-input":{"@type":"PropertyValueSpecification","valueRequired":true,"valueName":"search_term_string"}}],"inLanguage":"sk-SK"},{"@type":"Organization","@id":"https:\/\/www.idol.cz\/sk\/#organization","name":"IDOL SPAS, s.r.o.","url":"https:\/\/www.idol.cz\/sk\/","logo":{"@type":"ImageObject","inLanguage":"sk-SK","@id":"https:\/\/www.idol.cz\/sk\/#\/schema\/logo\/image\/","url":"https:\/\/www.idol.cz\/wp-content\/uploads\/2020\/02\/idol-spas-logo.png","contentUrl":"https:\/\/www.idol.cz\/wp-content\/uploads\/2020\/02\/idol-spas-logo.png","width":512,"height":206,"caption":"IDOL SPAS, s.r.o."},"image":{"@id":"https:\/\/www.idol.cz\/sk\/#\/schema\/logo\/image\/"},"sameAs":["https:\/\/www.facebook.com\/IdolSpas\/"]}]}},"_links":{"self":[{"href":"https:\/\/www.idol.cz\/sk\/wp-json\/wp\/v2\/product\/30587"}],"collection":[{"href":"https:\/\/www.idol.cz\/sk\/wp-json\/wp\/v2\/product"}],"about":[{"href":"https:\/\/www.idol.cz\/sk\/wp-json\/wp\/v2\/types\/product"}],"wp:featuredmedia":[{"embeddable":true,"href":"https:\/\/www.idol.cz\/sk\/wp-json\/wp\/v2\/media\/30605"}],"wp:attachment":[{"href":"https:\/\/www.idol.cz\/sk\/wp-json\/wp\/v2\/media?parent=30587"}],"wp:term":[{"taxonomy":"product_cat","embeddable":true,"href":"https:\/\/www.idol.cz\/sk\/wp-json\/wp\/v2\/product_cat?post=30587"},{"taxonomy":"product_tag","embeddable":true,"href":"https:\/\/www.idol.cz\/sk\/wp-json\/wp\/v2\/product_tag?post=30587"}],"curies":[{"name":"wp","href":"https:\/\/api.w.org\/{rel}","templated":true}]}}