{"id":37031,"date":"2025-03-23T08:44:26","date_gmt":"2025-03-23T07:44:26","guid":{"rendered":"https:\/\/www.idol.cz\/produkt\/nezaraden\u00e9\/eleganza\/"},"modified":"2025-11-26T04:42:04","modified_gmt":"2025-11-26T03:42:04","slug":"eleganza","status":"publish","type":"product","link":"https:\/\/www.idol.cz\/sk\/produkt\/virivky-sk\/eleganza\/","title":{"rendered":"Eleganza"},"content":{"rendered":"<h2>\u0160tandardn\u00e9 vybavenie v\u00edrivky Elegance<\/h2>\n<ul>\n<li>Kostlivcov\u00fd materi\u00e1l Lucitech, akryl Aristech + sprejov\u00e9 dr\u00e1\u017ekovanie<\/li>\n<li>Izol\u00e1cia: Poly pena + hlin\u00edkov\u00e1 izola\u010dn\u00e1 f\u00f3lia<\/li>\n<li>Panelovanie (skrinka): PS panel<\/li>\n<li>Nerezov\u00fd r\u00e1m v\u00edrivky Elegance<\/li>\n<li>Objem vody: 1000 l<\/li>\n<li>\u010cist\u00e1 hmotnos\u0165: 340 kg<\/li>\n<li>Riadiaca jednotka: Gecko + K1001 Balboa panel<\/li>\n<li>Vykurovanie: 3 kW<\/li>\n<li>Motory: 1x 3HP 1-r\u00fdchlostn\u00fd, cirkula\u010dn\u00e9 \u010derpadlo, ventil\u00e1tor<\/li>\n<li>Music Aquatic AV 2x reproduktory + 1x subwoofer<\/li>\n<li>Vyp\u00fa\u0161\u0165anie 1\/4&#8243; hadice, 1,5&#8243; hadica<\/li>\n<li>Chr\u00e1ni\u010de: 4<\/li>\n<li>Vodop\u00e1d<\/li>\n<li>\u00daprava vody: Oz\u00f3n, 1x antibakteri\u00e1lny filter<\/li>\n<li>Hydromas\u00e1\u017ene trysky + vzduchov\u00e9 trysky<\/li>\n<li>\u00darov\u0148ov\u00e9 osvetlenie<\/li>\n<\/ul>\n<h2>Volite\u013en\u00e9 vybavenie v\u00edrivky Elegance<\/h2>\n<ul>\n<li>OZ\u00d3N + UV<\/li>\n<li>Shiatsu trysk\u00e1\u010de<\/li>\n<li>Mikrohodv\u00e1b<\/li>\n<li>Pieskov\u00e1 filtr\u00e1cia<\/li>\n<\/ul>\n","protected":false},"excerpt":{"rendered":"<div class=\"whirlpool-perex\">\n<p>Pozvite svojich priate\u013eov do tejto pohodlnej v\u00edrivky s modern\u00fdm dizajnom. Zmest\u00ed sa do nej a\u017e 4 osoby. Relax\u00e1ciu u\u013eah\u010d\u00ed hudba z integrovan\u00fdch reproduktorov ovl\u00e1dan\u00fdch smartf\u00f3nom cez Bluetooth.  <\/p>\n<\/div>\n","protected":false},"featured_media":31318,"template":"","meta":[],"product_cat":[247,424],"product_tag":[426],"class_list":{"0":"post-37031","1":"product","2":"type-product","3":"status-publish","4":"has-post-thumbnail","6":"product_cat-virivky-sk","7":"product_cat-virivky-alexa-spas-sk","8":"product_tag-alexaspas-sk","10":"first","11":"instock","12":"taxable","13":"shipping-taxable","14":"purchasable","15":"product-type-simple"},"yoast_head":"<!-- This site is optimized with the Yoast SEO Premium plugin v24.9 (Yoast SEO v24.9) - https:\/\/yoast.com\/wordpress\/plugins\/seo\/ -->\n<title>Eleganza %sitename%sep%% Idol Spas<\/title>\n<meta name=\"description\" content=\"Eleganza whirlpool. Vonkaj\u0161ia v\u00edrivkov\u00e1 p\u00e1rty pre \u0161tyroch \u013eud\u00ed. Vonku, nielen kv\u00f4li z\u00e1hrade. S\u00fa\u0165a\u017e Mountfiled Usspa.\" \/>\n<meta name=\"robots\" content=\"index, follow, max-snippet:-1, max-image-preview:large, max-video-preview:-1\" \/>\n<link rel=\"canonical\" href=\"https:\/\/www.idol.cz\/sk\/produkt\/virivky-sk\/eleganza\/\" \/>\n<meta property=\"og:locale\" content=\"sk_SK\" \/>\n<meta property=\"og:type\" content=\"article\" \/>\n<meta property=\"og:title\" content=\"Eleganza %sitename%sep%% Idol Spas\" \/>\n<meta property=\"og:description\" content=\"Eleganza whirlpool. Vonkaj\u0161ia v\u00edrivkov\u00e1 p\u00e1rty pre \u0161tyroch \u013eud\u00ed. Vonku, nielen kv\u00f4li z\u00e1hrade. S\u00fa\u0165a\u017e Mountfiled Usspa.\" \/>\n<meta property=\"og:url\" content=\"https:\/\/www.idol.cz\/sk\/produkt\/virivky-sk\/eleganza\/\" \/>\n<meta property=\"og:site_name\" content=\"vonkaj\u0161ie v\u00edrivky, swim spa, baz\u00e9ny\" \/>\n<meta property=\"article:publisher\" content=\"https:\/\/www.facebook.com\/IdolSpas\/\" \/>\n<meta property=\"article:modified_time\" content=\"2025-11-26T03:42:04+00:00\" \/>\n<meta property=\"og:image\" content=\"https:\/\/www.idol.cz\/wp-content\/uploads\/2023\/06\/idol-spas-eleganza-fb-1024x538.jpg\" \/>\n<meta name=\"twitter:card\" content=\"summary_large_image\" \/>\n<meta name=\"twitter:title\" content=\"Eleganza\" \/>\n<meta name=\"twitter:label1\" content=\"Predpokladan\u00fd \u010das \u010d\u00edtania\" \/>\n\t<meta name=\"twitter:data1\" content=\"1 min\u00fata\" \/>\n<script type=\"application\/ld+json\" class=\"yoast-schema-graph\">{\"@context\":\"https:\/\/schema.org\",\"@graph\":[{\"@type\":\"WebPage\",\"@id\":\"https:\/\/www.idol.cz\/sk\/produkt\/virivky-sk\/eleganza\/\",\"url\":\"https:\/\/www.idol.cz\/sk\/produkt\/virivky-sk\/eleganza\/\",\"name\":\"Eleganza %sitename%sep%% Idol Spas\",\"isPartOf\":{\"@id\":\"https:\/\/www.idol.cz\/sk\/#website\"},\"primaryImageOfPage\":{\"@id\":\"https:\/\/www.idol.cz\/sk\/produkt\/virivky-sk\/eleganza\/#primaryimage\"},\"image\":{\"@id\":\"https:\/\/www.idol.cz\/sk\/produkt\/virivky-sk\/eleganza\/#primaryimage\"},\"thumbnailUrl\":\"https:\/\/www.idol.cz\/wp-content\/uploads\/2023\/05\/idol-spas-eleganza-00.jpg\",\"datePublished\":\"2025-03-23T07:44:26+00:00\",\"dateModified\":\"2025-11-26T03:42:04+00:00\",\"description\":\"Eleganza whirlpool. Vonkaj\u0161ia v\u00edrivkov\u00e1 p\u00e1rty pre \u0161tyroch \u013eud\u00ed. Vonku, nielen kv\u00f4li z\u00e1hrade. S\u00fa\u0165a\u017e Mountfiled Usspa.\",\"breadcrumb\":{\"@id\":\"https:\/\/www.idol.cz\/sk\/produkt\/virivky-sk\/eleganza\/#breadcrumb\"},\"inLanguage\":\"sk-SK\",\"potentialAction\":[{\"@type\":\"ReadAction\",\"target\":[\"https:\/\/www.idol.cz\/sk\/produkt\/virivky-sk\/eleganza\/\"]}]},{\"@type\":\"ImageObject\",\"inLanguage\":\"sk-SK\",\"@id\":\"https:\/\/www.idol.cz\/sk\/produkt\/virivky-sk\/eleganza\/#primaryimage\",\"url\":\"https:\/\/www.idol.cz\/wp-content\/uploads\/2023\/05\/idol-spas-eleganza-00.jpg\",\"contentUrl\":\"https:\/\/www.idol.cz\/wp-content\/uploads\/2023\/05\/idol-spas-eleganza-00.jpg\",\"width\":1080,\"height\":1080},{\"@type\":\"BreadcrumbList\",\"@id\":\"https:\/\/www.idol.cz\/sk\/produkt\/virivky-sk\/eleganza\/#breadcrumb\",\"itemListElement\":[{\"@type\":\"ListItem\",\"position\":1,\"name\":\"Dom\u016f\",\"item\":\"https:\/\/www.idol.cz\/sk\/\"},{\"@type\":\"ListItem\",\"position\":2,\"name\":\"E-shop\",\"item\":\"https:\/\/www.idol.cz\/sk\/shop\/\"},{\"@type\":\"ListItem\",\"position\":3,\"name\":\"V\u00edrivky\",\"item\":\"https:\/\/www.idol.cz\/sk\/kategorie-produktu\/virivky-sk\/\"},{\"@type\":\"ListItem\",\"position\":4,\"name\":\"Eleganza\"}]},{\"@type\":\"WebSite\",\"@id\":\"https:\/\/www.idol.cz\/sk\/#website\",\"url\":\"https:\/\/www.idol.cz\/sk\/\",\"name\":\"v\u00ed\u0159ivky venkovn\u00ed, swim spa, baz\u00e9ny\",\"description\":\"Luxusn\u00ed \u010desk\u00e9 v\u00ed\u0159ivky a swim spa\",\"publisher\":{\"@id\":\"https:\/\/www.idol.cz\/sk\/#organization\"},\"potentialAction\":[{\"@type\":\"SearchAction\",\"target\":{\"@type\":\"EntryPoint\",\"urlTemplate\":\"https:\/\/www.idol.cz\/sk\/?s={search_term_string}\"},\"query-input\":{\"@type\":\"PropertyValueSpecification\",\"valueRequired\":true,\"valueName\":\"search_term_string\"}}],\"inLanguage\":\"sk-SK\"},{\"@type\":\"Organization\",\"@id\":\"https:\/\/www.idol.cz\/sk\/#organization\",\"name\":\"IDOL SPAS, s.r.o.\",\"url\":\"https:\/\/www.idol.cz\/sk\/\",\"logo\":{\"@type\":\"ImageObject\",\"inLanguage\":\"sk-SK\",\"@id\":\"https:\/\/www.idol.cz\/sk\/#\/schema\/logo\/image\/\",\"url\":\"https:\/\/www.idol.cz\/wp-content\/uploads\/2020\/02\/idol-spas-logo.png\",\"contentUrl\":\"https:\/\/www.idol.cz\/wp-content\/uploads\/2020\/02\/idol-spas-logo.png\",\"width\":512,\"height\":206,\"caption\":\"IDOL SPAS, s.r.o.\"},\"image\":{\"@id\":\"https:\/\/www.idol.cz\/sk\/#\/schema\/logo\/image\/\"},\"sameAs\":[\"https:\/\/www.facebook.com\/IdolSpas\/\"]}]}<\/script>\n<!-- \/ Yoast SEO Premium plugin. -->","yoast_head_json":{"title":"Eleganza %sitename%sep%% Idol Spas","description":"Eleganza whirlpool. Vonkaj\u0161ia v\u00edrivkov\u00e1 p\u00e1rty pre \u0161tyroch \u013eud\u00ed. Vonku, nielen kv\u00f4li z\u00e1hrade. S\u00fa\u0165a\u017e Mountfiled Usspa.","robots":{"index":"index","follow":"follow","max-snippet":"max-snippet:-1","max-image-preview":"max-image-preview:large","max-video-preview":"max-video-preview:-1"},"canonical":"https:\/\/www.idol.cz\/sk\/produkt\/virivky-sk\/eleganza\/","og_locale":"sk_SK","og_type":"article","og_title":"Eleganza %sitename%sep%% Idol Spas","og_description":"Eleganza whirlpool. Vonkaj\u0161ia v\u00edrivkov\u00e1 p\u00e1rty pre \u0161tyroch \u013eud\u00ed. Vonku, nielen kv\u00f4li z\u00e1hrade. S\u00fa\u0165a\u017e Mountfiled Usspa.","og_url":"https:\/\/www.idol.cz\/sk\/produkt\/virivky-sk\/eleganza\/","og_site_name":"vonkaj\u0161ie v\u00edrivky, swim spa, baz\u00e9ny","article_publisher":"https:\/\/www.facebook.com\/IdolSpas\/","article_modified_time":"2025-11-26T03:42:04+00:00","og_image":[{"url":"https:\/\/www.idol.cz\/wp-content\/uploads\/2023\/06\/idol-spas-eleganza-fb-1024x538.jpg","type":"","width":"","height":""}],"twitter_card":"summary_large_image","twitter_title":"Eleganza","twitter_misc":{"Predpokladan\u00fd \u010das \u010d\u00edtania":"1 min\u00fata"},"schema":{"@context":"https:\/\/schema.org","@graph":[{"@type":"WebPage","@id":"https:\/\/www.idol.cz\/sk\/produkt\/virivky-sk\/eleganza\/","url":"https:\/\/www.idol.cz\/sk\/produkt\/virivky-sk\/eleganza\/","name":"Eleganza %sitename%sep%% Idol Spas","isPartOf":{"@id":"https:\/\/www.idol.cz\/sk\/#website"},"primaryImageOfPage":{"@id":"https:\/\/www.idol.cz\/sk\/produkt\/virivky-sk\/eleganza\/#primaryimage"},"image":{"@id":"https:\/\/www.idol.cz\/sk\/produkt\/virivky-sk\/eleganza\/#primaryimage"},"thumbnailUrl":"https:\/\/www.idol.cz\/wp-content\/uploads\/2023\/05\/idol-spas-eleganza-00.jpg","datePublished":"2025-03-23T07:44:26+00:00","dateModified":"2025-11-26T03:42:04+00:00","description":"Eleganza whirlpool. Vonkaj\u0161ia v\u00edrivkov\u00e1 p\u00e1rty pre \u0161tyroch \u013eud\u00ed. Vonku, nielen kv\u00f4li z\u00e1hrade. S\u00fa\u0165a\u017e Mountfiled Usspa.","breadcrumb":{"@id":"https:\/\/www.idol.cz\/sk\/produkt\/virivky-sk\/eleganza\/#breadcrumb"},"inLanguage":"sk-SK","potentialAction":[{"@type":"ReadAction","target":["https:\/\/www.idol.cz\/sk\/produkt\/virivky-sk\/eleganza\/"]}]},{"@type":"ImageObject","inLanguage":"sk-SK","@id":"https:\/\/www.idol.cz\/sk\/produkt\/virivky-sk\/eleganza\/#primaryimage","url":"https:\/\/www.idol.cz\/wp-content\/uploads\/2023\/05\/idol-spas-eleganza-00.jpg","contentUrl":"https:\/\/www.idol.cz\/wp-content\/uploads\/2023\/05\/idol-spas-eleganza-00.jpg","width":1080,"height":1080},{"@type":"BreadcrumbList","@id":"https:\/\/www.idol.cz\/sk\/produkt\/virivky-sk\/eleganza\/#breadcrumb","itemListElement":[{"@type":"ListItem","position":1,"name":"Dom\u016f","item":"https:\/\/www.idol.cz\/sk\/"},{"@type":"ListItem","position":2,"name":"E-shop","item":"https:\/\/www.idol.cz\/sk\/shop\/"},{"@type":"ListItem","position":3,"name":"V\u00edrivky","item":"https:\/\/www.idol.cz\/sk\/kategorie-produktu\/virivky-sk\/"},{"@type":"ListItem","position":4,"name":"Eleganza"}]},{"@type":"WebSite","@id":"https:\/\/www.idol.cz\/sk\/#website","url":"https:\/\/www.idol.cz\/sk\/","name":"v\u00ed\u0159ivky venkovn\u00ed, swim spa, baz\u00e9ny","description":"Luxusn\u00ed \u010desk\u00e9 v\u00ed\u0159ivky a swim spa","publisher":{"@id":"https:\/\/www.idol.cz\/sk\/#organization"},"potentialAction":[{"@type":"SearchAction","target":{"@type":"EntryPoint","urlTemplate":"https:\/\/www.idol.cz\/sk\/?s={search_term_string}"},"query-input":{"@type":"PropertyValueSpecification","valueRequired":true,"valueName":"search_term_string"}}],"inLanguage":"sk-SK"},{"@type":"Organization","@id":"https:\/\/www.idol.cz\/sk\/#organization","name":"IDOL SPAS, s.r.o.","url":"https:\/\/www.idol.cz\/sk\/","logo":{"@type":"ImageObject","inLanguage":"sk-SK","@id":"https:\/\/www.idol.cz\/sk\/#\/schema\/logo\/image\/","url":"https:\/\/www.idol.cz\/wp-content\/uploads\/2020\/02\/idol-spas-logo.png","contentUrl":"https:\/\/www.idol.cz\/wp-content\/uploads\/2020\/02\/idol-spas-logo.png","width":512,"height":206,"caption":"IDOL SPAS, s.r.o."},"image":{"@id":"https:\/\/www.idol.cz\/sk\/#\/schema\/logo\/image\/"},"sameAs":["https:\/\/www.facebook.com\/IdolSpas\/"]}]}},"_links":{"self":[{"href":"https:\/\/www.idol.cz\/sk\/wp-json\/wp\/v2\/product\/37031"}],"collection":[{"href":"https:\/\/www.idol.cz\/sk\/wp-json\/wp\/v2\/product"}],"about":[{"href":"https:\/\/www.idol.cz\/sk\/wp-json\/wp\/v2\/types\/product"}],"wp:featuredmedia":[{"embeddable":true,"href":"https:\/\/www.idol.cz\/sk\/wp-json\/wp\/v2\/media\/31318"}],"wp:attachment":[{"href":"https:\/\/www.idol.cz\/sk\/wp-json\/wp\/v2\/media?parent=37031"}],"wp:term":[{"taxonomy":"product_cat","embeddable":true,"href":"https:\/\/www.idol.cz\/sk\/wp-json\/wp\/v2\/product_cat?post=37031"},{"taxonomy":"product_tag","embeddable":true,"href":"https:\/\/www.idol.cz\/sk\/wp-json\/wp\/v2\/product_tag?post=37031"}],"curies":[{"name":"wp","href":"https:\/\/api.w.org\/{rel}","templated":true}]}}