{"id":37032,"date":"2025-03-16T17:13:44","date_gmt":"2025-03-16T16:13:44","guid":{"rendered":"https:\/\/www.idol.cz\/produkt\/nezaraden\u00e9\/aphrodite\/"},"modified":"2025-11-26T04:42:05","modified_gmt":"2025-11-26T03:42:05","slug":"aphrodite","status":"publish","type":"product","link":"https:\/\/www.idol.cz\/sk\/produkt\/virivky-sk\/aphrodite\/","title":{"rendered":"Aphrodite"},"content":{"rendered":"<h3>\u0160tandardn\u00e1 v\u00fdbava v\u00edrivky Afrodita<\/h3>\n<ul>\n<li>Materi\u00e1l na kostru: Lucitech, akryl Aristech + sprejov\u00e9 dr\u00e1\u017eky<\/li>\n<li>Izol\u00e1cia: Poly pena + hlin\u00edkov\u00e1 izola\u010dn\u00e1 f\u00f3lia<\/li>\n<li>V\u00fdstelka (skrinka): PS panel<\/li>\n<li>Nerezov\u00fd r\u00e1m v\u00edrivky Afrodita<\/li>\n<li>Objem vody: 770 l<\/li>\n<li>\u010cist\u00e1 hmotnos\u0165: 330 kg<\/li>\n<li>Riadiaca jednotka: Gecko + K1001 panel<\/li>\n<li>Vykurovanie: 3 kW<\/li>\n<li>Motory: 1\u00d7 3HP 1-r\u00fdchlostn\u00fd, cirkula\u010dn\u00e9 \u010derpadlo, ventil\u00e1tor<\/li>\n<li>Music Aquatic AV 2\u00d7 Reproduktor + 1\u00d7 Subwoofer<\/li>\n<li>Vyp\u00fa\u0161\u0165anie 1\/4&#8243; hadice, 1,5&#8243; hadica<\/li>\n<li>Chr\u00e1ni\u010de: 2<\/li>\n<li>\u00daprava vody: Oz\u00f3n, 1\u00d7 Antibakteri\u00e1lny filter<\/li>\n<li>Hydromas\u00e1\u017ene trysky + vzduchov\u00e9 trysky<\/li>\n<li>\u00darov\u0148ov\u00e9 osvetlenie<\/li>\n<\/ul>\n<h3>Nad\u0161tandardn\u00e9 vybavenie v\u00edrivky Afrodita<\/h3>\n<ul>\n<li>OZ\u00d3N + UV<\/li>\n<li>Mikrohodv\u00e1b<\/li>\n<li>St\u00edha\u010dky Pulsar Shiatsu<\/li>\n<li>Pieskov\u00e1 filtr\u00e1cia<\/li>\n<\/ul>\n","protected":false},"excerpt":{"rendered":"<p>\u0160tandardn\u00e1 v\u00fdbava v\u00edrivky Afrodita Materi\u00e1l na kostru: Lucitech, akryl Aristech + sprejov\u00e9 dr\u00e1\u017eky Izol\u00e1cia: Poly pena + hlin\u00edkov\u00e1 izola\u010dn\u00e1 f\u00f3lia V\u00fdstelka (skrinka): PS panel Nerezov\u00fd r\u00e1m v\u00edrivky Afrodita Objem vody: 770 l \u010cist\u00e1 hmotnos\u0165: 330 kg Riadiaca jednotka: Gecko + K1001 panel Vykurovanie: 3 kW Motory: 1\u00d7 3HP 1-r\u00fdchlostn\u00fd, cirkula\u010dn\u00e9 \u010derpadlo, ventil\u00e1tor Music Aquatic AV [&hellip;]<\/p>\n","protected":false},"featured_media":30716,"template":"","meta":[],"product_cat":[247,424],"product_tag":[426],"class_list":{"0":"post-37032","1":"product","2":"type-product","3":"status-publish","4":"has-post-thumbnail","6":"product_cat-virivky-sk","7":"product_cat-virivky-alexa-spas-sk","8":"product_tag-alexaspas-sk","10":"first","11":"instock","12":"taxable","13":"shipping-taxable","14":"purchasable","15":"product-type-simple"},"yoast_head":"<!-- This site is optimized with the Yoast SEO Premium plugin v24.9 (Yoast SEO v24.9) - https:\/\/yoast.com\/wordpress\/plugins\/seo\/ -->\n<title>v\u00edrivka pre dvoch. Vonkaj\u0161ie v\u00edrivky Praha | Idol Spa<\/title>\n<meta name=\"description\" content=\"Vonkaj\u0161\u00ed v\u00edrivkov\u00fd baz\u00e9n nielen pre dvoch, ale aj pre troch. Nielen do z\u00e1hrady, ale aj do interi\u00e9ru. Aphrodite\" \/>\n<meta name=\"robots\" content=\"index, follow, max-snippet:-1, max-image-preview:large, max-video-preview:-1\" \/>\n<link rel=\"canonical\" href=\"https:\/\/www.idol.cz\/sk\/produkt\/virivky-sk\/aphrodite\/\" \/>\n<meta property=\"og:locale\" content=\"sk_SK\" \/>\n<meta property=\"og:type\" content=\"article\" \/>\n<meta property=\"og:title\" content=\"v\u00edrivka pre dvoch. Vonkaj\u0161ie v\u00edrivky Praha | Idol Spa\" \/>\n<meta property=\"og:description\" content=\"Vonkaj\u0161\u00ed v\u00edrivkov\u00fd baz\u00e9n nielen pre dvoch, ale aj pre troch. Nielen do z\u00e1hrady, ale aj do interi\u00e9ru. Aphrodite\" \/>\n<meta property=\"og:url\" content=\"https:\/\/www.idol.cz\/sk\/produkt\/virivky-sk\/aphrodite\/\" \/>\n<meta property=\"og:site_name\" content=\"vonkaj\u0161ie v\u00edrivky, swim spa, baz\u00e9ny\" \/>\n<meta property=\"article:publisher\" content=\"https:\/\/www.facebook.com\/IdolSpas\/\" \/>\n<meta property=\"article:modified_time\" content=\"2025-11-26T03:42:05+00:00\" \/>\n<meta property=\"og:image\" content=\"https:\/\/www.idol.cz\/wp-content\/uploads\/2023\/06\/idol-spas-afrodita-fb-1024x538.jpg\" \/>\n<meta name=\"twitter:card\" content=\"summary_large_image\" \/>\n<meta name=\"twitter:title\" content=\"Aphrodite\" \/>\n<meta name=\"twitter:label1\" content=\"Predpokladan\u00fd \u010das \u010d\u00edtania\" \/>\n\t<meta name=\"twitter:data1\" content=\"1 min\u00fata\" \/>\n<script type=\"application\/ld+json\" class=\"yoast-schema-graph\">{\"@context\":\"https:\/\/schema.org\",\"@graph\":[{\"@type\":\"WebPage\",\"@id\":\"https:\/\/www.idol.cz\/sk\/produkt\/virivky-sk\/aphrodite\/\",\"url\":\"https:\/\/www.idol.cz\/sk\/produkt\/virivky-sk\/aphrodite\/\",\"name\":\"v\u00edrivka pre dvoch. Vonkaj\u0161ie v\u00edrivky Praha | Idol Spa\",\"isPartOf\":{\"@id\":\"https:\/\/www.idol.cz\/sk\/#website\"},\"primaryImageOfPage\":{\"@id\":\"https:\/\/www.idol.cz\/sk\/produkt\/virivky-sk\/aphrodite\/#primaryimage\"},\"image\":{\"@id\":\"https:\/\/www.idol.cz\/sk\/produkt\/virivky-sk\/aphrodite\/#primaryimage\"},\"thumbnailUrl\":\"https:\/\/www.idol.cz\/wp-content\/uploads\/2023\/04\/idol-spas-afrodita.jpg\",\"datePublished\":\"2025-03-16T16:13:44+00:00\",\"dateModified\":\"2025-11-26T03:42:05+00:00\",\"description\":\"Vonkaj\u0161\u00ed v\u00edrivkov\u00fd baz\u00e9n nielen pre dvoch, ale aj pre troch. Nielen do z\u00e1hrady, ale aj do interi\u00e9ru. Aphrodite\",\"breadcrumb\":{\"@id\":\"https:\/\/www.idol.cz\/sk\/produkt\/virivky-sk\/aphrodite\/#breadcrumb\"},\"inLanguage\":\"sk-SK\",\"potentialAction\":[{\"@type\":\"ReadAction\",\"target\":[\"https:\/\/www.idol.cz\/sk\/produkt\/virivky-sk\/aphrodite\/\"]}]},{\"@type\":\"ImageObject\",\"inLanguage\":\"sk-SK\",\"@id\":\"https:\/\/www.idol.cz\/sk\/produkt\/virivky-sk\/aphrodite\/#primaryimage\",\"url\":\"https:\/\/www.idol.cz\/wp-content\/uploads\/2023\/04\/idol-spas-afrodita.jpg\",\"contentUrl\":\"https:\/\/www.idol.cz\/wp-content\/uploads\/2023\/04\/idol-spas-afrodita.jpg\",\"width\":1080,\"height\":1080},{\"@type\":\"BreadcrumbList\",\"@id\":\"https:\/\/www.idol.cz\/sk\/produkt\/virivky-sk\/aphrodite\/#breadcrumb\",\"itemListElement\":[{\"@type\":\"ListItem\",\"position\":1,\"name\":\"Dom\u016f\",\"item\":\"https:\/\/www.idol.cz\/sk\/\"},{\"@type\":\"ListItem\",\"position\":2,\"name\":\"E-shop\",\"item\":\"https:\/\/www.idol.cz\/sk\/shop\/\"},{\"@type\":\"ListItem\",\"position\":3,\"name\":\"V\u00edrivky\",\"item\":\"https:\/\/www.idol.cz\/sk\/kategorie-produktu\/virivky-sk\/\"},{\"@type\":\"ListItem\",\"position\":4,\"name\":\"Aphrodite\"}]},{\"@type\":\"WebSite\",\"@id\":\"https:\/\/www.idol.cz\/sk\/#website\",\"url\":\"https:\/\/www.idol.cz\/sk\/\",\"name\":\"v\u00ed\u0159ivky venkovn\u00ed, swim spa, baz\u00e9ny\",\"description\":\"Luxusn\u00ed \u010desk\u00e9 v\u00ed\u0159ivky a swim spa\",\"publisher\":{\"@id\":\"https:\/\/www.idol.cz\/sk\/#organization\"},\"potentialAction\":[{\"@type\":\"SearchAction\",\"target\":{\"@type\":\"EntryPoint\",\"urlTemplate\":\"https:\/\/www.idol.cz\/sk\/?s={search_term_string}\"},\"query-input\":{\"@type\":\"PropertyValueSpecification\",\"valueRequired\":true,\"valueName\":\"search_term_string\"}}],\"inLanguage\":\"sk-SK\"},{\"@type\":\"Organization\",\"@id\":\"https:\/\/www.idol.cz\/sk\/#organization\",\"name\":\"IDOL SPAS, s.r.o.\",\"url\":\"https:\/\/www.idol.cz\/sk\/\",\"logo\":{\"@type\":\"ImageObject\",\"inLanguage\":\"sk-SK\",\"@id\":\"https:\/\/www.idol.cz\/sk\/#\/schema\/logo\/image\/\",\"url\":\"https:\/\/www.idol.cz\/wp-content\/uploads\/2020\/02\/idol-spas-logo.png\",\"contentUrl\":\"https:\/\/www.idol.cz\/wp-content\/uploads\/2020\/02\/idol-spas-logo.png\",\"width\":512,\"height\":206,\"caption\":\"IDOL SPAS, s.r.o.\"},\"image\":{\"@id\":\"https:\/\/www.idol.cz\/sk\/#\/schema\/logo\/image\/\"},\"sameAs\":[\"https:\/\/www.facebook.com\/IdolSpas\/\"]}]}<\/script>\n<!-- \/ Yoast SEO Premium plugin. -->","yoast_head_json":{"title":"v\u00edrivka pre dvoch. Vonkaj\u0161ie v\u00edrivky Praha | Idol Spa","description":"Vonkaj\u0161\u00ed v\u00edrivkov\u00fd baz\u00e9n nielen pre dvoch, ale aj pre troch. Nielen do z\u00e1hrady, ale aj do interi\u00e9ru. Aphrodite","robots":{"index":"index","follow":"follow","max-snippet":"max-snippet:-1","max-image-preview":"max-image-preview:large","max-video-preview":"max-video-preview:-1"},"canonical":"https:\/\/www.idol.cz\/sk\/produkt\/virivky-sk\/aphrodite\/","og_locale":"sk_SK","og_type":"article","og_title":"v\u00edrivka pre dvoch. Vonkaj\u0161ie v\u00edrivky Praha | Idol Spa","og_description":"Vonkaj\u0161\u00ed v\u00edrivkov\u00fd baz\u00e9n nielen pre dvoch, ale aj pre troch. Nielen do z\u00e1hrady, ale aj do interi\u00e9ru. Aphrodite","og_url":"https:\/\/www.idol.cz\/sk\/produkt\/virivky-sk\/aphrodite\/","og_site_name":"vonkaj\u0161ie v\u00edrivky, swim spa, baz\u00e9ny","article_publisher":"https:\/\/www.facebook.com\/IdolSpas\/","article_modified_time":"2025-11-26T03:42:05+00:00","og_image":[{"url":"https:\/\/www.idol.cz\/wp-content\/uploads\/2023\/06\/idol-spas-afrodita-fb-1024x538.jpg","type":"","width":"","height":""}],"twitter_card":"summary_large_image","twitter_title":"Aphrodite","twitter_misc":{"Predpokladan\u00fd \u010das \u010d\u00edtania":"1 min\u00fata"},"schema":{"@context":"https:\/\/schema.org","@graph":[{"@type":"WebPage","@id":"https:\/\/www.idol.cz\/sk\/produkt\/virivky-sk\/aphrodite\/","url":"https:\/\/www.idol.cz\/sk\/produkt\/virivky-sk\/aphrodite\/","name":"v\u00edrivka pre dvoch. Vonkaj\u0161ie v\u00edrivky Praha | Idol Spa","isPartOf":{"@id":"https:\/\/www.idol.cz\/sk\/#website"},"primaryImageOfPage":{"@id":"https:\/\/www.idol.cz\/sk\/produkt\/virivky-sk\/aphrodite\/#primaryimage"},"image":{"@id":"https:\/\/www.idol.cz\/sk\/produkt\/virivky-sk\/aphrodite\/#primaryimage"},"thumbnailUrl":"https:\/\/www.idol.cz\/wp-content\/uploads\/2023\/04\/idol-spas-afrodita.jpg","datePublished":"2025-03-16T16:13:44+00:00","dateModified":"2025-11-26T03:42:05+00:00","description":"Vonkaj\u0161\u00ed v\u00edrivkov\u00fd baz\u00e9n nielen pre dvoch, ale aj pre troch. Nielen do z\u00e1hrady, ale aj do interi\u00e9ru. Aphrodite","breadcrumb":{"@id":"https:\/\/www.idol.cz\/sk\/produkt\/virivky-sk\/aphrodite\/#breadcrumb"},"inLanguage":"sk-SK","potentialAction":[{"@type":"ReadAction","target":["https:\/\/www.idol.cz\/sk\/produkt\/virivky-sk\/aphrodite\/"]}]},{"@type":"ImageObject","inLanguage":"sk-SK","@id":"https:\/\/www.idol.cz\/sk\/produkt\/virivky-sk\/aphrodite\/#primaryimage","url":"https:\/\/www.idol.cz\/wp-content\/uploads\/2023\/04\/idol-spas-afrodita.jpg","contentUrl":"https:\/\/www.idol.cz\/wp-content\/uploads\/2023\/04\/idol-spas-afrodita.jpg","width":1080,"height":1080},{"@type":"BreadcrumbList","@id":"https:\/\/www.idol.cz\/sk\/produkt\/virivky-sk\/aphrodite\/#breadcrumb","itemListElement":[{"@type":"ListItem","position":1,"name":"Dom\u016f","item":"https:\/\/www.idol.cz\/sk\/"},{"@type":"ListItem","position":2,"name":"E-shop","item":"https:\/\/www.idol.cz\/sk\/shop\/"},{"@type":"ListItem","position":3,"name":"V\u00edrivky","item":"https:\/\/www.idol.cz\/sk\/kategorie-produktu\/virivky-sk\/"},{"@type":"ListItem","position":4,"name":"Aphrodite"}]},{"@type":"WebSite","@id":"https:\/\/www.idol.cz\/sk\/#website","url":"https:\/\/www.idol.cz\/sk\/","name":"v\u00ed\u0159ivky venkovn\u00ed, swim spa, baz\u00e9ny","description":"Luxusn\u00ed \u010desk\u00e9 v\u00ed\u0159ivky a swim spa","publisher":{"@id":"https:\/\/www.idol.cz\/sk\/#organization"},"potentialAction":[{"@type":"SearchAction","target":{"@type":"EntryPoint","urlTemplate":"https:\/\/www.idol.cz\/sk\/?s={search_term_string}"},"query-input":{"@type":"PropertyValueSpecification","valueRequired":true,"valueName":"search_term_string"}}],"inLanguage":"sk-SK"},{"@type":"Organization","@id":"https:\/\/www.idol.cz\/sk\/#organization","name":"IDOL SPAS, s.r.o.","url":"https:\/\/www.idol.cz\/sk\/","logo":{"@type":"ImageObject","inLanguage":"sk-SK","@id":"https:\/\/www.idol.cz\/sk\/#\/schema\/logo\/image\/","url":"https:\/\/www.idol.cz\/wp-content\/uploads\/2020\/02\/idol-spas-logo.png","contentUrl":"https:\/\/www.idol.cz\/wp-content\/uploads\/2020\/02\/idol-spas-logo.png","width":512,"height":206,"caption":"IDOL SPAS, s.r.o."},"image":{"@id":"https:\/\/www.idol.cz\/sk\/#\/schema\/logo\/image\/"},"sameAs":["https:\/\/www.facebook.com\/IdolSpas\/"]}]}},"_links":{"self":[{"href":"https:\/\/www.idol.cz\/sk\/wp-json\/wp\/v2\/product\/37032"}],"collection":[{"href":"https:\/\/www.idol.cz\/sk\/wp-json\/wp\/v2\/product"}],"about":[{"href":"https:\/\/www.idol.cz\/sk\/wp-json\/wp\/v2\/types\/product"}],"wp:featuredmedia":[{"embeddable":true,"href":"https:\/\/www.idol.cz\/sk\/wp-json\/wp\/v2\/media\/30716"}],"wp:attachment":[{"href":"https:\/\/www.idol.cz\/sk\/wp-json\/wp\/v2\/media?parent=37032"}],"wp:term":[{"taxonomy":"product_cat","embeddable":true,"href":"https:\/\/www.idol.cz\/sk\/wp-json\/wp\/v2\/product_cat?post=37032"},{"taxonomy":"product_tag","embeddable":true,"href":"https:\/\/www.idol.cz\/sk\/wp-json\/wp\/v2\/product_tag?post=37032"}],"curies":[{"name":"wp","href":"https:\/\/api.w.org\/{rel}","templated":true}]}}