{"id":37033,"date":"2025-03-16T15:51:20","date_gmt":"2025-03-16T14:51:20","guid":{"rendered":"https:\/\/www.idol.cz\/produkt\/nezaraden\u00e9\/dolce-vita\/"},"modified":"2025-11-26T04:42:06","modified_gmt":"2025-11-26T03:42:06","slug":"dolce-vita","status":"publish","type":"product","link":"https:\/\/www.idol.cz\/sk\/produkt\/virivky-sk\/dolce-vita\/","title":{"rendered":"Dolce Vita"},"content":{"rendered":"<h2>\u0160tandardn\u00e9 vybavenie<\/h2>\n<ul>\n<li>Kostrov\u00fd materi\u00e1l Lucite, Aristech akryl + sprejov\u00e9 dr\u00e1\u017eky<\/li>\n<li>Izol\u00e1cia: \u0161tandardn\u00e1 polypenov\u00e1 akrylov\u00e1 izol\u00e1cia<\/li>\n<li>V\u00fdstelka (skrinka): Kvalitn\u00fd PS panel<\/li>\n<li>Objem vody: 900 l<\/li>\n<li>\u010cist\u00e1 hmotnos\u0165: 300 kg<\/li>\n<li>Ovl\u00e1dacia jednotka: Gecko + Gecko IN dotykov\u00fd ovl\u00e1da\u010d. K1001<\/li>\n<li>Vykurovanie: 3 kW<\/li>\n<li>Motory: 1x 3 HP (2,2 kW) Gecko 2-stup\u0148ov\u00e1 + 1x 3 HP (2,2 kW) Gecko 1-stup\u0148ov\u00e1<\/li>\n<li>Vyp\u00fa\u0161\u0165anie 1\/4&#8243; hadice, 1,5&#8243; hadica<\/li>\n<li>Chr\u00e1ni\u010de: 3<\/li>\n<li>\u00daprava vody: Oz\u00f3n, 1x cartridge antibakteri\u00e1lna filtr\u00e1cia<\/li>\n<li>CMP hydromas\u00e1\u017ene trysky<\/li>\n<li>Hlavn\u00e9 LED svetlo + RGB modul<\/li>\n<\/ul>\n<p>&nbsp;<\/p>\n<h2>Nad\u0161tandardn\u00e9 vybavenie<\/h2>\n<ul>\n<li>Termoobal<\/li>\n<li>Termokrytov\u00e9 zdv\u00edha\u010de<\/li>\n<li>Dodato\u010dn\u00e1 vonkaj\u0161ia hlin\u00edkov\u00e1 izola\u010dn\u00e1 f\u00f3lia (celoro\u010dn\u00e9 vonkaj\u0161ie pou\u017eitie v\u00edrivky)<\/li>\n<li>Dodato\u010dn\u00e9 LED osvetlenie<\/li>\n<li>CMP trysky z nehrdzavej\u00facej ocele<\/li>\n<li>UV lampa 7W alebo UV lampa 16W alebo OZON + UV Aquanova<\/li>\n<li>Automatick\u00e9 d\u00e1vkovacie stroje pre chemik\u00e1lie Aseko<\/li>\n<li>Pieskov\u00e1 filtr\u00e1cia<\/li>\n<li>Dodato\u010dn\u00e1 mas\u00e1\u017ena pumpa<\/li>\n<li>MicroSilk<\/li>\n<li>D\u00fachadlo<\/li>\n<li>Ovl\u00e1danie Wi-Fi z mobilu<\/li>\n<li>Music Aquatic AV 2x reproduktory + 1x subwoofer<\/li>\n<li>Pitn\u00e1 font\u00e1na<\/li>\n<li>Schody do v\u00edrivky<\/li>\n<li>Tepeln\u00e9 \u010derpadlo<\/li>\n<\/ul>\n","protected":false},"excerpt":{"rendered":"<p>\u0160tandardn\u00e9 vybavenie Kostrov\u00fd materi\u00e1l Lucite, Aristech akryl + sprejov\u00e9 dr\u00e1\u017eky Izol\u00e1cia: \u0161tandardn\u00e1 polypenov\u00e1 akrylov\u00e1 izol\u00e1cia V\u00fdstelka (skrinka): Kvalitn\u00fd PS panel Objem vody: 900 l \u010cist\u00e1 hmotnos\u0165: 300 kg Ovl\u00e1dacia jednotka: Gecko + Gecko IN dotykov\u00fd ovl\u00e1da\u010d. K1001 Vykurovanie: 3 kW Motory: 1x 3 HP (2,2 kW) Gecko 2-stup\u0148ov\u00e1 + 1x 3 HP (2,2 kW) Gecko [&hellip;]<\/p>\n","protected":false},"featured_media":31150,"template":"","meta":[],"product_cat":[247,424],"product_tag":[426],"class_list":{"0":"post-37033","1":"product","2":"type-product","3":"status-publish","4":"has-post-thumbnail","6":"product_cat-virivky-sk","7":"product_cat-virivky-alexa-spas-sk","8":"product_tag-alexaspas-sk","10":"first","11":"instock","12":"taxable","13":"shipping-taxable","14":"purchasable","15":"product-type-simple"},"yoast_head":"<!-- This site is optimized with the Yoast SEO Premium plugin v24.9 (Yoast SEO v24.9) - https:\/\/yoast.com\/wordpress\/plugins\/seo\/ -->\n<title>%n\u00e1zovka%% vonkaj\u0161ia v\u00edrivka<\/title>\n<meta name=\"description\" content=\"Idol Dolce Vita v\u00edry. Nielen do z\u00e1hrady, ale aj do interi\u00e9ru v\u00edrivky pre p\u00e4\u0165 \u013eud\u00ed. Luxusn\u00e9 \u010desk\u00e9 v\u00edrivky, IDOL, SPAS a Alexa.\" \/>\n<meta name=\"robots\" content=\"index, follow, max-snippet:-1, max-image-preview:large, max-video-preview:-1\" \/>\n<link rel=\"canonical\" href=\"https:\/\/www.idol.cz\/sk\/produkt\/virivky-sk\/dolce-vita\/\" \/>\n<meta property=\"og:locale\" content=\"sk_SK\" \/>\n<meta property=\"og:type\" content=\"article\" \/>\n<meta property=\"og:title\" content=\"Dolce Vita | vonkaj\u0161ie v\u00edrivky, swim spa, baz\u00e9ny Idol Spas\" \/>\n<meta property=\"og:description\" content=\"Idol Dolce Vita v\u00edry. Nielen do z\u00e1hrady, ale aj do interi\u00e9ru v\u00edrivky pre p\u00e4\u0165 \u013eud\u00ed. Luxusn\u00e9 \u010desk\u00e9 v\u00edrivky, IDOL, SPAS a Alexa.\" \/>\n<meta property=\"og:url\" content=\"https:\/\/www.idol.cz\/sk\/produkt\/virivky-sk\/dolce-vita\/\" \/>\n<meta property=\"og:site_name\" content=\"vonkaj\u0161ie v\u00edrivky, swim spa, baz\u00e9ny\" \/>\n<meta property=\"article:publisher\" content=\"https:\/\/www.facebook.com\/IdolSpas\/\" \/>\n<meta property=\"article:modified_time\" content=\"2025-11-26T03:42:06+00:00\" \/>\n<meta property=\"og:image\" content=\"https:\/\/www.idol.cz\/wp-content\/uploads\/2023\/06\/idol-spas-dolce-vita-fb-1024x538.jpg\" \/>\n<meta name=\"twitter:card\" content=\"summary_large_image\" \/>\n<meta name=\"twitter:title\" content=\"Dolce Vita\" \/>\n<meta name=\"twitter:label1\" content=\"Predpokladan\u00fd \u010das \u010d\u00edtania\" \/>\n\t<meta name=\"twitter:data1\" content=\"1 min\u00fata\" \/>\n<script type=\"application\/ld+json\" class=\"yoast-schema-graph\">{\"@context\":\"https:\/\/schema.org\",\"@graph\":[{\"@type\":\"WebPage\",\"@id\":\"https:\/\/www.idol.cz\/sk\/produkt\/virivky-sk\/dolce-vita\/\",\"url\":\"https:\/\/www.idol.cz\/sk\/produkt\/virivky-sk\/dolce-vita\/\",\"name\":\"%n\u00e1zovka%% vonkaj\u0161ia v\u00edrivka\",\"isPartOf\":{\"@id\":\"https:\/\/www.idol.cz\/sk\/#website\"},\"primaryImageOfPage\":{\"@id\":\"https:\/\/www.idol.cz\/sk\/produkt\/virivky-sk\/dolce-vita\/#primaryimage\"},\"image\":{\"@id\":\"https:\/\/www.idol.cz\/sk\/produkt\/virivky-sk\/dolce-vita\/#primaryimage\"},\"thumbnailUrl\":\"https:\/\/www.idol.cz\/wp-content\/uploads\/2023\/05\/idol-spas-dolce-vita-00.jpg\",\"datePublished\":\"2025-03-16T14:51:20+00:00\",\"dateModified\":\"2025-11-26T03:42:06+00:00\",\"description\":\"Idol Dolce Vita v\u00edry. Nielen do z\u00e1hrady, ale aj do interi\u00e9ru v\u00edrivky pre p\u00e4\u0165 \u013eud\u00ed. Luxusn\u00e9 \u010desk\u00e9 v\u00edrivky, IDOL, SPAS a Alexa.\",\"breadcrumb\":{\"@id\":\"https:\/\/www.idol.cz\/sk\/produkt\/virivky-sk\/dolce-vita\/#breadcrumb\"},\"inLanguage\":\"sk-SK\",\"potentialAction\":[{\"@type\":\"ReadAction\",\"target\":[\"https:\/\/www.idol.cz\/sk\/produkt\/virivky-sk\/dolce-vita\/\"]}]},{\"@type\":\"ImageObject\",\"inLanguage\":\"sk-SK\",\"@id\":\"https:\/\/www.idol.cz\/sk\/produkt\/virivky-sk\/dolce-vita\/#primaryimage\",\"url\":\"https:\/\/www.idol.cz\/wp-content\/uploads\/2023\/05\/idol-spas-dolce-vita-00.jpg\",\"contentUrl\":\"https:\/\/www.idol.cz\/wp-content\/uploads\/2023\/05\/idol-spas-dolce-vita-00.jpg\",\"width\":1080,\"height\":1080},{\"@type\":\"BreadcrumbList\",\"@id\":\"https:\/\/www.idol.cz\/sk\/produkt\/virivky-sk\/dolce-vita\/#breadcrumb\",\"itemListElement\":[{\"@type\":\"ListItem\",\"position\":1,\"name\":\"Dom\u016f\",\"item\":\"https:\/\/www.idol.cz\/sk\/\"},{\"@type\":\"ListItem\",\"position\":2,\"name\":\"E-shop\",\"item\":\"https:\/\/www.idol.cz\/sk\/shop\/\"},{\"@type\":\"ListItem\",\"position\":3,\"name\":\"V\u00edrivky\",\"item\":\"https:\/\/www.idol.cz\/sk\/kategorie-produktu\/virivky-sk\/\"},{\"@type\":\"ListItem\",\"position\":4,\"name\":\"Dolce Vita\"}]},{\"@type\":\"WebSite\",\"@id\":\"https:\/\/www.idol.cz\/sk\/#website\",\"url\":\"https:\/\/www.idol.cz\/sk\/\",\"name\":\"v\u00ed\u0159ivky venkovn\u00ed, swim spa, baz\u00e9ny\",\"description\":\"Luxusn\u00ed \u010desk\u00e9 v\u00ed\u0159ivky a swim spa\",\"publisher\":{\"@id\":\"https:\/\/www.idol.cz\/sk\/#organization\"},\"potentialAction\":[{\"@type\":\"SearchAction\",\"target\":{\"@type\":\"EntryPoint\",\"urlTemplate\":\"https:\/\/www.idol.cz\/sk\/?s={search_term_string}\"},\"query-input\":{\"@type\":\"PropertyValueSpecification\",\"valueRequired\":true,\"valueName\":\"search_term_string\"}}],\"inLanguage\":\"sk-SK\"},{\"@type\":\"Organization\",\"@id\":\"https:\/\/www.idol.cz\/sk\/#organization\",\"name\":\"IDOL SPAS, s.r.o.\",\"url\":\"https:\/\/www.idol.cz\/sk\/\",\"logo\":{\"@type\":\"ImageObject\",\"inLanguage\":\"sk-SK\",\"@id\":\"https:\/\/www.idol.cz\/sk\/#\/schema\/logo\/image\/\",\"url\":\"https:\/\/www.idol.cz\/wp-content\/uploads\/2020\/02\/idol-spas-logo.png\",\"contentUrl\":\"https:\/\/www.idol.cz\/wp-content\/uploads\/2020\/02\/idol-spas-logo.png\",\"width\":512,\"height\":206,\"caption\":\"IDOL SPAS, s.r.o.\"},\"image\":{\"@id\":\"https:\/\/www.idol.cz\/sk\/#\/schema\/logo\/image\/\"},\"sameAs\":[\"https:\/\/www.facebook.com\/IdolSpas\/\"]}]}<\/script>\n<!-- \/ Yoast SEO Premium plugin. -->","yoast_head_json":{"title":"%n\u00e1zovka%% vonkaj\u0161ia v\u00edrivka","description":"Idol Dolce Vita v\u00edry. Nielen do z\u00e1hrady, ale aj do interi\u00e9ru v\u00edrivky pre p\u00e4\u0165 \u013eud\u00ed. Luxusn\u00e9 \u010desk\u00e9 v\u00edrivky, IDOL, SPAS a Alexa.","robots":{"index":"index","follow":"follow","max-snippet":"max-snippet:-1","max-image-preview":"max-image-preview:large","max-video-preview":"max-video-preview:-1"},"canonical":"https:\/\/www.idol.cz\/sk\/produkt\/virivky-sk\/dolce-vita\/","og_locale":"sk_SK","og_type":"article","og_title":"Dolce Vita | vonkaj\u0161ie v\u00edrivky, swim spa, baz\u00e9ny Idol Spas","og_description":"Idol Dolce Vita v\u00edry. Nielen do z\u00e1hrady, ale aj do interi\u00e9ru v\u00edrivky pre p\u00e4\u0165 \u013eud\u00ed. Luxusn\u00e9 \u010desk\u00e9 v\u00edrivky, IDOL, SPAS a Alexa.","og_url":"https:\/\/www.idol.cz\/sk\/produkt\/virivky-sk\/dolce-vita\/","og_site_name":"vonkaj\u0161ie v\u00edrivky, swim spa, baz\u00e9ny","article_publisher":"https:\/\/www.facebook.com\/IdolSpas\/","article_modified_time":"2025-11-26T03:42:06+00:00","og_image":[{"url":"https:\/\/www.idol.cz\/wp-content\/uploads\/2023\/06\/idol-spas-dolce-vita-fb-1024x538.jpg","type":"","width":"","height":""}],"twitter_card":"summary_large_image","twitter_title":"Dolce Vita","twitter_misc":{"Predpokladan\u00fd \u010das \u010d\u00edtania":"1 min\u00fata"},"schema":{"@context":"https:\/\/schema.org","@graph":[{"@type":"WebPage","@id":"https:\/\/www.idol.cz\/sk\/produkt\/virivky-sk\/dolce-vita\/","url":"https:\/\/www.idol.cz\/sk\/produkt\/virivky-sk\/dolce-vita\/","name":"%n\u00e1zovka%% vonkaj\u0161ia v\u00edrivka","isPartOf":{"@id":"https:\/\/www.idol.cz\/sk\/#website"},"primaryImageOfPage":{"@id":"https:\/\/www.idol.cz\/sk\/produkt\/virivky-sk\/dolce-vita\/#primaryimage"},"image":{"@id":"https:\/\/www.idol.cz\/sk\/produkt\/virivky-sk\/dolce-vita\/#primaryimage"},"thumbnailUrl":"https:\/\/www.idol.cz\/wp-content\/uploads\/2023\/05\/idol-spas-dolce-vita-00.jpg","datePublished":"2025-03-16T14:51:20+00:00","dateModified":"2025-11-26T03:42:06+00:00","description":"Idol Dolce Vita v\u00edry. Nielen do z\u00e1hrady, ale aj do interi\u00e9ru v\u00edrivky pre p\u00e4\u0165 \u013eud\u00ed. Luxusn\u00e9 \u010desk\u00e9 v\u00edrivky, IDOL, SPAS a Alexa.","breadcrumb":{"@id":"https:\/\/www.idol.cz\/sk\/produkt\/virivky-sk\/dolce-vita\/#breadcrumb"},"inLanguage":"sk-SK","potentialAction":[{"@type":"ReadAction","target":["https:\/\/www.idol.cz\/sk\/produkt\/virivky-sk\/dolce-vita\/"]}]},{"@type":"ImageObject","inLanguage":"sk-SK","@id":"https:\/\/www.idol.cz\/sk\/produkt\/virivky-sk\/dolce-vita\/#primaryimage","url":"https:\/\/www.idol.cz\/wp-content\/uploads\/2023\/05\/idol-spas-dolce-vita-00.jpg","contentUrl":"https:\/\/www.idol.cz\/wp-content\/uploads\/2023\/05\/idol-spas-dolce-vita-00.jpg","width":1080,"height":1080},{"@type":"BreadcrumbList","@id":"https:\/\/www.idol.cz\/sk\/produkt\/virivky-sk\/dolce-vita\/#breadcrumb","itemListElement":[{"@type":"ListItem","position":1,"name":"Dom\u016f","item":"https:\/\/www.idol.cz\/sk\/"},{"@type":"ListItem","position":2,"name":"E-shop","item":"https:\/\/www.idol.cz\/sk\/shop\/"},{"@type":"ListItem","position":3,"name":"V\u00edrivky","item":"https:\/\/www.idol.cz\/sk\/kategorie-produktu\/virivky-sk\/"},{"@type":"ListItem","position":4,"name":"Dolce Vita"}]},{"@type":"WebSite","@id":"https:\/\/www.idol.cz\/sk\/#website","url":"https:\/\/www.idol.cz\/sk\/","name":"v\u00ed\u0159ivky venkovn\u00ed, swim spa, baz\u00e9ny","description":"Luxusn\u00ed \u010desk\u00e9 v\u00ed\u0159ivky a swim spa","publisher":{"@id":"https:\/\/www.idol.cz\/sk\/#organization"},"potentialAction":[{"@type":"SearchAction","target":{"@type":"EntryPoint","urlTemplate":"https:\/\/www.idol.cz\/sk\/?s={search_term_string}"},"query-input":{"@type":"PropertyValueSpecification","valueRequired":true,"valueName":"search_term_string"}}],"inLanguage":"sk-SK"},{"@type":"Organization","@id":"https:\/\/www.idol.cz\/sk\/#organization","name":"IDOL SPAS, s.r.o.","url":"https:\/\/www.idol.cz\/sk\/","logo":{"@type":"ImageObject","inLanguage":"sk-SK","@id":"https:\/\/www.idol.cz\/sk\/#\/schema\/logo\/image\/","url":"https:\/\/www.idol.cz\/wp-content\/uploads\/2020\/02\/idol-spas-logo.png","contentUrl":"https:\/\/www.idol.cz\/wp-content\/uploads\/2020\/02\/idol-spas-logo.png","width":512,"height":206,"caption":"IDOL SPAS, s.r.o."},"image":{"@id":"https:\/\/www.idol.cz\/sk\/#\/schema\/logo\/image\/"},"sameAs":["https:\/\/www.facebook.com\/IdolSpas\/"]}]}},"_links":{"self":[{"href":"https:\/\/www.idol.cz\/sk\/wp-json\/wp\/v2\/product\/37033"}],"collection":[{"href":"https:\/\/www.idol.cz\/sk\/wp-json\/wp\/v2\/product"}],"about":[{"href":"https:\/\/www.idol.cz\/sk\/wp-json\/wp\/v2\/types\/product"}],"wp:featuredmedia":[{"embeddable":true,"href":"https:\/\/www.idol.cz\/sk\/wp-json\/wp\/v2\/media\/31150"}],"wp:attachment":[{"href":"https:\/\/www.idol.cz\/sk\/wp-json\/wp\/v2\/media?parent=37033"}],"wp:term":[{"taxonomy":"product_cat","embeddable":true,"href":"https:\/\/www.idol.cz\/sk\/wp-json\/wp\/v2\/product_cat?post=37033"},{"taxonomy":"product_tag","embeddable":true,"href":"https:\/\/www.idol.cz\/sk\/wp-json\/wp\/v2\/product_tag?post=37033"}],"curies":[{"name":"wp","href":"https:\/\/api.w.org\/{rel}","templated":true}]}}