{"id":37036,"date":"2025-03-10T08:11:03","date_gmt":"2025-03-10T07:11:03","guid":{"rendered":"https:\/\/www.idol.cz\/produkt\/nezaraden\u00e9\/la-belleza\/"},"modified":"2025-11-26T04:50:36","modified_gmt":"2025-11-26T03:50:36","slug":"la-belleza","status":"publish","type":"product","link":"https:\/\/www.idol.cz\/sk\/produkt\/virivky-sk\/la-belleza\/","title":{"rendered":"La Belleza"},"content":{"rendered":"<h2>\u0160tandardn\u00e9 vybavenie v\u00edrivky La Bellezza<\/h2>\n<ul>\n<li>2x hydromas\u00e1\u017ene \u010derpadlo 5HPS (1x dvojr\u00fdchlostn\u00e9 + 1x jednor\u00fdchlostn\u00e9)<\/li>\n<li>Gecko Control Unit + Gecko in.k1000 Control Panel &#8211; Touch<\/li>\n<li>53 hydromas\u00e1\u017enych trysiek CMP<\/li>\n<li>\u0160tandardn\u00e1 akrylov\u00e1 izol\u00e1cia<\/li>\n<li>Farba ulity: biela perle\u0165\/strieborn\u00e1<\/li>\n<li>Kvalitn\u00e9 plechov\u00e9 obklady pod\u013ea v\u00e1\u0161ho v\u00fdberu<\/li>\n<li>1x hlavn\u00e9 LED svetlo + farebn\u00fd RGB modul<\/li>\n<li>Ozon\u00e1tor<\/li>\n<li>Filtr\u00e1cia vrtuchy cez kazety<\/li>\n<li>3kW Titanium Heater Gecko<\/li>\n<\/ul>\n<h2>Nad\u0161tandardn\u00e9 vybavenie v\u00edrivky<\/h2>\n<ul>\n<li>Termocover \u010deskej v\u00fdroby<\/li>\n<li>Dvojit\u00e1\/trojit\u00e1 vonkaj\u0161ia izol\u00e1cia<\/li>\n<li>Dodato\u010dn\u00e9 LED osvetlenie<\/li>\n<li>CMP trysky z nehrdzavej\u00facej ocele<\/li>\n<li>UV lampa 7W, UV lampa 16W, UV lampa + ozon\u00e1tor Aquanova<\/li>\n<li>pH automatick\u00e9, pH + chl\u00f3r automatick\u00e9, pH + OXY automatick\u00e9<\/li>\n<li>Kvalitn\u00e1 pieskov\u00e1 filtr\u00e1cia<\/li>\n<li>Samostatn\u00e9 \u010derpadlo na cirkul\u00e1ciu<\/li>\n<li>Termokrytov\u00e9 zdv\u00edha\u010de<\/li>\n<li>Ovl\u00e1danie Wi-Fi pomocou mobiln\u00e9ho telef\u00f3nu<\/li>\n<li>Ventil\u00e1tor bez predhriatia\/s predhrievan\u00edm<\/li>\n<li>Syst\u00e9m kysl\u00edkovej \u00fapravy z mikrohodv\u00e1bu<\/li>\n<li>Vodn\u00e1 AV hudba<\/li>\n<li>Font\u00e1na<\/li>\n<li>\u0160peci\u00e1lne vlastn\u00e9 obklady<\/li>\n<li>Schod\u00edky<\/li>\n<\/ul>\n","protected":false},"excerpt":{"rendered":"<p>\u0160tandardn\u00e9 vybavenie v\u00edrivky La Bellezza 2x hydromas\u00e1\u017ene \u010derpadlo 5HPS (1x dvojr\u00fdchlostn\u00e9 + 1x jednor\u00fdchlostn\u00e9) Gecko Control Unit + Gecko in.k1000 Control Panel &#8211; Touch 53 hydromas\u00e1\u017enych trysiek CMP \u0160tandardn\u00e1 akrylov\u00e1 izol\u00e1cia Farba ulity: biela perle\u0165\/strieborn\u00e1 Kvalitn\u00e9 plechov\u00e9 obklady pod\u013ea v\u00e1\u0161ho v\u00fdberu 1x hlavn\u00e9 LED svetlo + farebn\u00fd RGB modul Ozon\u00e1tor Filtr\u00e1cia vrtuchy cez kazety 3kW [&hellip;]<\/p>\n","protected":false},"featured_media":31636,"template":"","meta":[],"product_cat":[247,424],"product_tag":[426],"class_list":{"0":"post-37036","1":"product","2":"type-product","3":"status-publish","4":"has-post-thumbnail","6":"product_cat-virivky-sk","7":"product_cat-virivky-alexa-spas-sk","8":"product_tag-alexaspas-sk","10":"first","11":"instock","12":"taxable","13":"shipping-taxable","14":"purchasable","15":"product-type-simple"},"yoast_head":"<!-- This site is optimized with the Yoast SEO Premium plugin v24.9 (Yoast SEO v24.9) - https:\/\/yoast.com\/wordpress\/plugins\/seo\/ -->\n<title>La Belleza %sitename%sep%% Idol Spas<\/title>\n<meta name=\"description\" content=\"Bellezza v\u00edrivka pre \u0161es\u0165 \u013eud\u00ed. Vonkaj\u0161\u00ed luxusn\u00fd v\u00edrivkov\u00fd baz\u00e9n, ktor\u00fd nie je ur\u010den\u00fd len pre z\u00e1hradu. V\u00fdkonn\u00e9 a kvalitn\u00e9 komponenty od Gecko, Waterway, Koller, ..\" \/>\n<meta name=\"robots\" content=\"index, follow, max-snippet:-1, max-image-preview:large, max-video-preview:-1\" \/>\n<link rel=\"canonical\" href=\"https:\/\/www.idol.cz\/sk\/produkt\/virivky-sk\/la-belleza\/\" \/>\n<meta property=\"og:locale\" content=\"sk_SK\" \/>\n<meta property=\"og:type\" content=\"article\" \/>\n<meta property=\"og:title\" content=\"La Belleza %sitename%sep%% Idol Spas\" \/>\n<meta property=\"og:description\" content=\"Bellezza v\u00edrivka pre \u0161es\u0165 \u013eud\u00ed. Vonkaj\u0161\u00ed luxusn\u00fd v\u00edrivkov\u00fd baz\u00e9n, ktor\u00fd nie je ur\u010den\u00fd len pre z\u00e1hradu. V\u00fdkonn\u00e9 a kvalitn\u00e9 komponenty od Gecko, Waterway, Koller, ..\" \/>\n<meta property=\"og:url\" content=\"https:\/\/www.idol.cz\/sk\/produkt\/virivky-sk\/la-belleza\/\" \/>\n<meta property=\"og:site_name\" content=\"vonkaj\u0161ie v\u00edrivky, swim spa, baz\u00e9ny\" \/>\n<meta property=\"article:publisher\" content=\"https:\/\/www.facebook.com\/IdolSpas\/\" \/>\n<meta property=\"article:modified_time\" content=\"2025-11-26T03:50:36+00:00\" \/>\n<meta property=\"og:image\" content=\"https:\/\/www.idol.cz\/wp-content\/uploads\/2023\/06\/idol-spas-la-bellezza-fb-1024x538.jpg\" \/>\n<meta name=\"twitter:card\" content=\"summary_large_image\" \/>\n<meta name=\"twitter:title\" content=\"La Belleza\" \/>\n<meta name=\"twitter:label1\" content=\"Predpokladan\u00fd \u010das \u010d\u00edtania\" \/>\n\t<meta name=\"twitter:data1\" content=\"1 min\u00fata\" \/>\n<script type=\"application\/ld+json\" class=\"yoast-schema-graph\">{\"@context\":\"https:\/\/schema.org\",\"@graph\":[{\"@type\":\"WebPage\",\"@id\":\"https:\/\/www.idol.cz\/sk\/produkt\/virivky-sk\/la-belleza\/\",\"url\":\"https:\/\/www.idol.cz\/sk\/produkt\/virivky-sk\/la-belleza\/\",\"name\":\"La Belleza %sitename%sep%% Idol Spas\",\"isPartOf\":{\"@id\":\"https:\/\/www.idol.cz\/sk\/#website\"},\"primaryImageOfPage\":{\"@id\":\"https:\/\/www.idol.cz\/sk\/produkt\/virivky-sk\/la-belleza\/#primaryimage\"},\"image\":{\"@id\":\"https:\/\/www.idol.cz\/sk\/produkt\/virivky-sk\/la-belleza\/#primaryimage\"},\"thumbnailUrl\":\"https:\/\/www.idol.cz\/wp-content\/uploads\/2023\/05\/idol-spas-la-belleza-7.jpg\",\"datePublished\":\"2025-03-10T07:11:03+00:00\",\"dateModified\":\"2025-11-26T03:50:36+00:00\",\"description\":\"Bellezza v\u00edrivka pre \u0161es\u0165 \u013eud\u00ed. Vonkaj\u0161\u00ed luxusn\u00fd v\u00edrivkov\u00fd baz\u00e9n, ktor\u00fd nie je ur\u010den\u00fd len pre z\u00e1hradu. V\u00fdkonn\u00e9 a kvalitn\u00e9 komponenty od Gecko, Waterway, Koller, ..\",\"breadcrumb\":{\"@id\":\"https:\/\/www.idol.cz\/sk\/produkt\/virivky-sk\/la-belleza\/#breadcrumb\"},\"inLanguage\":\"sk-SK\",\"potentialAction\":[{\"@type\":\"ReadAction\",\"target\":[\"https:\/\/www.idol.cz\/sk\/produkt\/virivky-sk\/la-belleza\/\"]}]},{\"@type\":\"ImageObject\",\"inLanguage\":\"sk-SK\",\"@id\":\"https:\/\/www.idol.cz\/sk\/produkt\/virivky-sk\/la-belleza\/#primaryimage\",\"url\":\"https:\/\/www.idol.cz\/wp-content\/uploads\/2023\/05\/idol-spas-la-belleza-7.jpg\",\"contentUrl\":\"https:\/\/www.idol.cz\/wp-content\/uploads\/2023\/05\/idol-spas-la-belleza-7.jpg\",\"width\":1440,\"height\":1008},{\"@type\":\"BreadcrumbList\",\"@id\":\"https:\/\/www.idol.cz\/sk\/produkt\/virivky-sk\/la-belleza\/#breadcrumb\",\"itemListElement\":[{\"@type\":\"ListItem\",\"position\":1,\"name\":\"Dom\u016f\",\"item\":\"https:\/\/www.idol.cz\/sk\/\"},{\"@type\":\"ListItem\",\"position\":2,\"name\":\"E-shop\",\"item\":\"https:\/\/www.idol.cz\/sk\/shop\/\"},{\"@type\":\"ListItem\",\"position\":3,\"name\":\"V\u00edrivky\",\"item\":\"https:\/\/www.idol.cz\/sk\/kategorie-produktu\/virivky-sk\/\"},{\"@type\":\"ListItem\",\"position\":4,\"name\":\"La Belleza\"}]},{\"@type\":\"WebSite\",\"@id\":\"https:\/\/www.idol.cz\/sk\/#website\",\"url\":\"https:\/\/www.idol.cz\/sk\/\",\"name\":\"v\u00ed\u0159ivky venkovn\u00ed, swim spa, baz\u00e9ny\",\"description\":\"Luxusn\u00ed \u010desk\u00e9 v\u00ed\u0159ivky a swim spa\",\"publisher\":{\"@id\":\"https:\/\/www.idol.cz\/sk\/#organization\"},\"potentialAction\":[{\"@type\":\"SearchAction\",\"target\":{\"@type\":\"EntryPoint\",\"urlTemplate\":\"https:\/\/www.idol.cz\/sk\/?s={search_term_string}\"},\"query-input\":{\"@type\":\"PropertyValueSpecification\",\"valueRequired\":true,\"valueName\":\"search_term_string\"}}],\"inLanguage\":\"sk-SK\"},{\"@type\":\"Organization\",\"@id\":\"https:\/\/www.idol.cz\/sk\/#organization\",\"name\":\"IDOL SPAS, s.r.o.\",\"url\":\"https:\/\/www.idol.cz\/sk\/\",\"logo\":{\"@type\":\"ImageObject\",\"inLanguage\":\"sk-SK\",\"@id\":\"https:\/\/www.idol.cz\/sk\/#\/schema\/logo\/image\/\",\"url\":\"https:\/\/www.idol.cz\/wp-content\/uploads\/2020\/02\/idol-spas-logo.png\",\"contentUrl\":\"https:\/\/www.idol.cz\/wp-content\/uploads\/2020\/02\/idol-spas-logo.png\",\"width\":512,\"height\":206,\"caption\":\"IDOL SPAS, s.r.o.\"},\"image\":{\"@id\":\"https:\/\/www.idol.cz\/sk\/#\/schema\/logo\/image\/\"},\"sameAs\":[\"https:\/\/www.facebook.com\/IdolSpas\/\"]}]}<\/script>\n<!-- \/ Yoast SEO Premium plugin. -->","yoast_head_json":{"title":"La Belleza %sitename%sep%% Idol Spas","description":"Bellezza v\u00edrivka pre \u0161es\u0165 \u013eud\u00ed. Vonkaj\u0161\u00ed luxusn\u00fd v\u00edrivkov\u00fd baz\u00e9n, ktor\u00fd nie je ur\u010den\u00fd len pre z\u00e1hradu. V\u00fdkonn\u00e9 a kvalitn\u00e9 komponenty od Gecko, Waterway, Koller, ..","robots":{"index":"index","follow":"follow","max-snippet":"max-snippet:-1","max-image-preview":"max-image-preview:large","max-video-preview":"max-video-preview:-1"},"canonical":"https:\/\/www.idol.cz\/sk\/produkt\/virivky-sk\/la-belleza\/","og_locale":"sk_SK","og_type":"article","og_title":"La Belleza %sitename%sep%% Idol Spas","og_description":"Bellezza v\u00edrivka pre \u0161es\u0165 \u013eud\u00ed. Vonkaj\u0161\u00ed luxusn\u00fd v\u00edrivkov\u00fd baz\u00e9n, ktor\u00fd nie je ur\u010den\u00fd len pre z\u00e1hradu. V\u00fdkonn\u00e9 a kvalitn\u00e9 komponenty od Gecko, Waterway, Koller, ..","og_url":"https:\/\/www.idol.cz\/sk\/produkt\/virivky-sk\/la-belleza\/","og_site_name":"vonkaj\u0161ie v\u00edrivky, swim spa, baz\u00e9ny","article_publisher":"https:\/\/www.facebook.com\/IdolSpas\/","article_modified_time":"2025-11-26T03:50:36+00:00","og_image":[{"url":"https:\/\/www.idol.cz\/wp-content\/uploads\/2023\/06\/idol-spas-la-bellezza-fb-1024x538.jpg","type":"","width":"","height":""}],"twitter_card":"summary_large_image","twitter_title":"La Belleza","twitter_misc":{"Predpokladan\u00fd \u010das \u010d\u00edtania":"1 min\u00fata"},"schema":{"@context":"https:\/\/schema.org","@graph":[{"@type":"WebPage","@id":"https:\/\/www.idol.cz\/sk\/produkt\/virivky-sk\/la-belleza\/","url":"https:\/\/www.idol.cz\/sk\/produkt\/virivky-sk\/la-belleza\/","name":"La Belleza %sitename%sep%% Idol Spas","isPartOf":{"@id":"https:\/\/www.idol.cz\/sk\/#website"},"primaryImageOfPage":{"@id":"https:\/\/www.idol.cz\/sk\/produkt\/virivky-sk\/la-belleza\/#primaryimage"},"image":{"@id":"https:\/\/www.idol.cz\/sk\/produkt\/virivky-sk\/la-belleza\/#primaryimage"},"thumbnailUrl":"https:\/\/www.idol.cz\/wp-content\/uploads\/2023\/05\/idol-spas-la-belleza-7.jpg","datePublished":"2025-03-10T07:11:03+00:00","dateModified":"2025-11-26T03:50:36+00:00","description":"Bellezza v\u00edrivka pre \u0161es\u0165 \u013eud\u00ed. Vonkaj\u0161\u00ed luxusn\u00fd v\u00edrivkov\u00fd baz\u00e9n, ktor\u00fd nie je ur\u010den\u00fd len pre z\u00e1hradu. V\u00fdkonn\u00e9 a kvalitn\u00e9 komponenty od Gecko, Waterway, Koller, ..","breadcrumb":{"@id":"https:\/\/www.idol.cz\/sk\/produkt\/virivky-sk\/la-belleza\/#breadcrumb"},"inLanguage":"sk-SK","potentialAction":[{"@type":"ReadAction","target":["https:\/\/www.idol.cz\/sk\/produkt\/virivky-sk\/la-belleza\/"]}]},{"@type":"ImageObject","inLanguage":"sk-SK","@id":"https:\/\/www.idol.cz\/sk\/produkt\/virivky-sk\/la-belleza\/#primaryimage","url":"https:\/\/www.idol.cz\/wp-content\/uploads\/2023\/05\/idol-spas-la-belleza-7.jpg","contentUrl":"https:\/\/www.idol.cz\/wp-content\/uploads\/2023\/05\/idol-spas-la-belleza-7.jpg","width":1440,"height":1008},{"@type":"BreadcrumbList","@id":"https:\/\/www.idol.cz\/sk\/produkt\/virivky-sk\/la-belleza\/#breadcrumb","itemListElement":[{"@type":"ListItem","position":1,"name":"Dom\u016f","item":"https:\/\/www.idol.cz\/sk\/"},{"@type":"ListItem","position":2,"name":"E-shop","item":"https:\/\/www.idol.cz\/sk\/shop\/"},{"@type":"ListItem","position":3,"name":"V\u00edrivky","item":"https:\/\/www.idol.cz\/sk\/kategorie-produktu\/virivky-sk\/"},{"@type":"ListItem","position":4,"name":"La Belleza"}]},{"@type":"WebSite","@id":"https:\/\/www.idol.cz\/sk\/#website","url":"https:\/\/www.idol.cz\/sk\/","name":"v\u00ed\u0159ivky venkovn\u00ed, swim spa, baz\u00e9ny","description":"Luxusn\u00ed \u010desk\u00e9 v\u00ed\u0159ivky a swim spa","publisher":{"@id":"https:\/\/www.idol.cz\/sk\/#organization"},"potentialAction":[{"@type":"SearchAction","target":{"@type":"EntryPoint","urlTemplate":"https:\/\/www.idol.cz\/sk\/?s={search_term_string}"},"query-input":{"@type":"PropertyValueSpecification","valueRequired":true,"valueName":"search_term_string"}}],"inLanguage":"sk-SK"},{"@type":"Organization","@id":"https:\/\/www.idol.cz\/sk\/#organization","name":"IDOL SPAS, s.r.o.","url":"https:\/\/www.idol.cz\/sk\/","logo":{"@type":"ImageObject","inLanguage":"sk-SK","@id":"https:\/\/www.idol.cz\/sk\/#\/schema\/logo\/image\/","url":"https:\/\/www.idol.cz\/wp-content\/uploads\/2020\/02\/idol-spas-logo.png","contentUrl":"https:\/\/www.idol.cz\/wp-content\/uploads\/2020\/02\/idol-spas-logo.png","width":512,"height":206,"caption":"IDOL SPAS, s.r.o."},"image":{"@id":"https:\/\/www.idol.cz\/sk\/#\/schema\/logo\/image\/"},"sameAs":["https:\/\/www.facebook.com\/IdolSpas\/"]}]}},"_links":{"self":[{"href":"https:\/\/www.idol.cz\/sk\/wp-json\/wp\/v2\/product\/37036"}],"collection":[{"href":"https:\/\/www.idol.cz\/sk\/wp-json\/wp\/v2\/product"}],"about":[{"href":"https:\/\/www.idol.cz\/sk\/wp-json\/wp\/v2\/types\/product"}],"wp:featuredmedia":[{"embeddable":true,"href":"https:\/\/www.idol.cz\/sk\/wp-json\/wp\/v2\/media\/31636"}],"wp:attachment":[{"href":"https:\/\/www.idol.cz\/sk\/wp-json\/wp\/v2\/media?parent=37036"}],"wp:term":[{"taxonomy":"product_cat","embeddable":true,"href":"https:\/\/www.idol.cz\/sk\/wp-json\/wp\/v2\/product_cat?post=37036"},{"taxonomy":"product_tag","embeddable":true,"href":"https:\/\/www.idol.cz\/sk\/wp-json\/wp\/v2\/product_tag?post=37036"}],"curies":[{"name":"wp","href":"https:\/\/api.w.org\/{rel}","templated":true}]}}